{"id":10932,"date":"2020-07-24T16:36:12","date_gmt":"2020-07-24T14:36:12","guid":{"rendered":"https:\/\/www.reseau-mesure.com\/?page_id=10932"},"modified":"2020-08-25T13:43:46","modified_gmt":"2020-08-25T11:43:46","slug":"innovations-evomesure","status":"publish","type":"page","link":"https:\/\/www.reseau-mesure.com\/en\/innovations-evomesure\/","title":{"rendered":"EVOMESURE INNOVATIONS"},"content":{"rendered":"<img loading=\"lazy\" decoding=\"async\" src=\"https:\/\/www.reseau-mesure.com\/wp-content\/uploads\/2020\/07\/Logo-Evomesure-BL-Prometo-1-1-1024x290.png\" alt=\"Logo-Evomesure-BL-Prometo-1-1.png\" itemprop=\"image\" height=\"290\" width=\"1024\" title=\"Logo-Evomesure-BL-Prometo-1-1.png\" onerror=\"this.style.display='none'\">\n\t<p><strong>EVOMESURE&#039;S INNOVATIONS<\/strong><\/p>\n<p><strong>presented on the<\/strong><\/p>\n<p><strong> Salon Measures Solutions EXPO2020<\/strong><\/p>\n\t<ul>\n<li><a href=\"https:\/\/www.reseau-mesure.com\/wp-content\/uploads\/2020\/07\/evomesure-innovation-1-EvoScann.pdf\" target=\"_blank\" rel=\"noopener noreferrer\"><strong>EvoScann<\/strong><\/a><\/li>\n<\/ul>\n\t\t\t\t<img loading=\"lazy\" decoding=\"async\" src=\"https:\/\/www.reseau-mesure.com\/wp-content\/uploads\/2020\/07\/evomesure-evoscann-P16-150x150.png\" alt=\"evomesure evoscann P16\" itemprop=\"image\" height=\"150\" width=\"150\" title=\"evomesure evoscann P16\" onerror=\"this.style.display='none'\">\n\t<ul>\n<li><a href=\"https:\/\/www.reseau-mesure.com\/wp-content\/uploads\/2020\/07\/evomesure-innovation-2-Guildline-7520.pdf\" target=\"_blank\" rel=\"noopener noreferrer\"><strong>Guidline<\/strong><\/a><\/li>\n<\/ul>\n\t\t\t\t<img loading=\"lazy\" decoding=\"async\" src=\"https:\/\/www.reseau-mesure.com\/wp-content\/uploads\/2020\/07\/evomesure-guidline-7520-1200x848-1-150x150.jpg\" alt=\"evomesure guidline 7520-1200x848\" itemprop=\"image\" height=\"150\" width=\"150\" title=\"evomesure guidline 7520-\" onerror=\"this.style.display='none'\">\n\t<ul>\n<li><a href=\"https:\/\/www.reseau-mesure.com\/wp-content\/uploads\/2020\/07\/evomesure-innovation-3-Scanivalve-MPS4264.pdf\" target=\"_blank\" rel=\"noopener noreferrer\"><strong>Scanivalve<\/strong><\/a><\/li>\n<\/ul>\n\t\t\t\t<img loading=\"lazy\" decoding=\"async\" src=\"https:\/\/www.reseau-mesure.com\/wp-content\/uploads\/2020\/07\/Scanivalve-MPS4264-300x221.png\" alt=\"Scanivalve-MPS4264.png\" itemprop=\"image\" height=\"221\" width=\"300\" title=\"Scanivalve-MPS4264.png\" onerror=\"this.style.display='none'\">\n\t<ul>\n<li><a href=\"https:\/\/www.reseau-mesure.com\/wp-content\/uploads\/2020\/07\/evomesure-innovation-4-Vectoflow-Kiel.pdf\" target=\"_blank\" rel=\"noopener noreferrer\"><strong>Vectoflow<\/strong><\/a><\/li>\n<\/ul>\n\t\t\t\t<img loading=\"lazy\" decoding=\"async\" src=\"https:\/\/www.reseau-mesure.com\/wp-content\/uploads\/2020\/07\/evomesure-Radiator-probe-150x150.png\" alt=\"evomesure vectoflow\" itemprop=\"image\" height=\"150\" width=\"150\" title=\"evomesure vectoflow\" onerror=\"this.style.display='none'\">","protected":false},"excerpt":{"rendered":"<p>EVOMESURE&#039;S INNOVATIONS presented at the Salon Mesure Solutions EXPO2020 EvoScann Guidline Scanivalve Vectoflow<\/p>","protected":false},"author":349,"featured_media":0,"parent":0,"menu_order":0,"comment_status":"closed","ping_status":"closed","template":"","meta":{"_acf_changed":false,"footnotes":""},"class_list":["post-10932","page","type-page","status-publish","hentry"],"acf":[],"yoast_head":"<!-- This site is optimized with the Yoast SEO plugin v27.3 - https:\/\/yoast.com\/product\/yoast-seo-wordpress\/ -->\n<title>INNOVATIONS EVOMESURE - R\u00e9seau Mesure<\/title>\n<meta name=\"robots\" content=\"index, follow, max-snippet:-1, max-image-preview:large, max-video-preview:-1\" \/>\n<link rel=\"canonical\" href=\"https:\/\/www.reseau-mesure.com\/en\/innovations-evomesure\/\" \/>\n<meta property=\"og:locale\" content=\"en_US\" \/>\n<meta property=\"og:type\" content=\"article\" \/>\n<meta property=\"og:title\" content=\"INNOVATIONS EVOMESURE - R\u00e9seau Mesure\" \/>\n<meta property=\"og:description\" content=\"LES INNOVATIONS D&rsquo;EVOMESURE pr\u00e9sent\u00e9es sur le Salon Mesures Solutions EXPO2020 EvoScann Guidline Scanivalve Vectoflow\" \/>\n<meta property=\"og:url\" content=\"https:\/\/www.reseau-mesure.com\/en\/innovations-evomesure\/\" \/>\n<meta property=\"og:site_name\" content=\"R\u00e9seau Mesure\" \/>\n<meta property=\"article:publisher\" content=\"https:\/\/www.facebook.com\/reseaumesure\/\" \/>\n<meta property=\"article:modified_time\" content=\"2020-08-25T11:43:46+00:00\" \/>\n<meta property=\"og:image\" content=\"https:\/\/www.reseau-mesure.com\/wp-content\/uploads\/2020\/07\/Logo-Evomesure-BL-Prometo-1-1-1024x290.png\" \/>\n<meta name=\"twitter:card\" content=\"summary_large_image\" \/>\n<meta name=\"twitter:site\" content=\"@ReseauMesure\" \/>\n<script type=\"application\/ld+json\" class=\"yoast-schema-graph\">{\"@context\":\"https:\\\/\\\/schema.org\",\"@graph\":[{\"@type\":\"WebPage\",\"@id\":\"https:\\\/\\\/www.reseau-mesure.com\\\/de\\\/innovations-evomesure\\\/\",\"url\":\"https:\\\/\\\/www.reseau-mesure.com\\\/de\\\/innovations-evomesure\\\/\",\"name\":\"INNOVATIONS EVOMESURE - R\u00e9seau Mesure\",\"isPartOf\":{\"@id\":\"https:\\\/\\\/www.reseau-mesure.com\\\/#website\"},\"primaryImageOfPage\":{\"@id\":\"https:\\\/\\\/www.reseau-mesure.com\\\/de\\\/innovations-evomesure\\\/#primaryimage\"},\"image\":{\"@id\":\"https:\\\/\\\/www.reseau-mesure.com\\\/de\\\/innovations-evomesure\\\/#primaryimage\"},\"thumbnailUrl\":\"https:\\\/\\\/www.reseau-mesure.com\\\/wp-content\\\/uploads\\\/2020\\\/07\\\/Logo-Evomesure-BL-Prometo-1-1-1024x290.png\",\"datePublished\":\"2020-07-24T14:36:12+00:00\",\"dateModified\":\"2020-08-25T11:43:46+00:00\",\"breadcrumb\":{\"@id\":\"https:\\\/\\\/www.reseau-mesure.com\\\/de\\\/innovations-evomesure\\\/#breadcrumb\"},\"inLanguage\":\"en-US\",\"potentialAction\":[{\"@type\":\"ReadAction\",\"target\":[\"https:\\\/\\\/www.reseau-mesure.com\\\/de\\\/innovations-evomesure\\\/\"]}]},{\"@type\":\"ImageObject\",\"inLanguage\":\"en-US\",\"@id\":\"https:\\\/\\\/www.reseau-mesure.com\\\/de\\\/innovations-evomesure\\\/#primaryimage\",\"url\":\"https:\\\/\\\/www.reseau-mesure.com\\\/wp-content\\\/uploads\\\/2020\\\/07\\\/Logo-Evomesure-BL-Prometo-1-1-1024x290.png\",\"contentUrl\":\"https:\\\/\\\/www.reseau-mesure.com\\\/wp-content\\\/uploads\\\/2020\\\/07\\\/Logo-Evomesure-BL-Prometo-1-1-1024x290.png\"},{\"@type\":\"BreadcrumbList\",\"@id\":\"https:\\\/\\\/www.reseau-mesure.com\\\/de\\\/innovations-evomesure\\\/#breadcrumb\",\"itemListElement\":[{\"@type\":\"ListItem\",\"position\":1,\"name\":\"Accueil\",\"item\":\"https:\\\/\\\/www.reseau-mesure.com\\\/\"},{\"@type\":\"ListItem\",\"position\":2,\"name\":\"INNOVATIONS EVOMESURE\"}]},{\"@type\":\"WebSite\",\"@id\":\"https:\\\/\\\/www.reseau-mesure.com\\\/#website\",\"url\":\"https:\\\/\\\/www.reseau-mesure.com\\\/\",\"name\":\"R\u00e9seau-Mesure\",\"description\":\"R\u00e9seau Mesure\",\"publisher\":{\"@id\":\"https:\\\/\\\/www.reseau-mesure.com\\\/#organization\"},\"potentialAction\":[{\"@type\":\"SearchAction\",\"target\":{\"@type\":\"EntryPoint\",\"urlTemplate\":\"https:\\\/\\\/www.reseau-mesure.com\\\/?s={search_term_string}\"},\"query-input\":{\"@type\":\"PropertyValueSpecification\",\"valueRequired\":true,\"valueName\":\"search_term_string\"}}],\"inLanguage\":\"en-US\"},{\"@type\":\"Organization\",\"@id\":\"https:\\\/\\\/www.reseau-mesure.com\\\/#organization\",\"name\":\"R\u00e9seau-Mesure\",\"url\":\"https:\\\/\\\/www.reseau-mesure.com\\\/\",\"logo\":{\"@type\":\"ImageObject\",\"inLanguage\":\"en-US\",\"@id\":\"https:\\\/\\\/www.reseau-mesure.com\\\/#\\\/schema\\\/logo\\\/image\\\/\",\"url\":\"https:\\\/\\\/www.reseau-mesure.com\\\/wp-content\\\/uploads\\\/2018\\\/02\\\/logo-max.png\",\"contentUrl\":\"https:\\\/\\\/www.reseau-mesure.com\\\/wp-content\\\/uploads\\\/2018\\\/02\\\/logo-max.png\",\"width\":545,\"height\":285,\"caption\":\"R\u00e9seau-Mesure\"},\"image\":{\"@id\":\"https:\\\/\\\/www.reseau-mesure.com\\\/#\\\/schema\\\/logo\\\/image\\\/\"},\"sameAs\":[\"https:\\\/\\\/www.facebook.com\\\/reseaumesure\\\/\",\"https:\\\/\\\/x.com\\\/ReseauMesure\",\"https:\\\/\\\/www.linkedin.com\\\/company\\\/reseau-mesure\\\/\"]}]}<\/script>\n<!-- \/ Yoast SEO plugin. -->","yoast_head_json":{"title":"INNOVATIONS EVOMESURE - R\u00e9seau Mesure","robots":{"index":"index","follow":"follow","max-snippet":"max-snippet:-1","max-image-preview":"max-image-preview:large","max-video-preview":"max-video-preview:-1"},"canonical":"https:\/\/www.reseau-mesure.com\/en\/innovations-evomesure\/","og_locale":"en_US","og_type":"article","og_title":"INNOVATIONS EVOMESURE - R\u00e9seau Mesure","og_description":"LES INNOVATIONS D&rsquo;EVOMESURE pr\u00e9sent\u00e9es sur le Salon Mesures Solutions EXPO2020 EvoScann Guidline Scanivalve Vectoflow","og_url":"https:\/\/www.reseau-mesure.com\/en\/innovations-evomesure\/","og_site_name":"R\u00e9seau Mesure","article_publisher":"https:\/\/www.facebook.com\/reseaumesure\/","article_modified_time":"2020-08-25T11:43:46+00:00","og_image":[{"url":"https:\/\/www.reseau-mesure.com\/wp-content\/uploads\/2020\/07\/Logo-Evomesure-BL-Prometo-1-1-1024x290.png","type":"","width":"","height":""}],"twitter_card":"summary_large_image","twitter_site":"@ReseauMesure","schema":{"@context":"https:\/\/schema.org","@graph":[{"@type":"WebPage","@id":"https:\/\/www.reseau-mesure.com\/de\/innovations-evomesure\/","url":"https:\/\/www.reseau-mesure.com\/de\/innovations-evomesure\/","name":"INNOVATIONS EVOMESURE - R\u00e9seau Mesure","isPartOf":{"@id":"https:\/\/www.reseau-mesure.com\/#website"},"primaryImageOfPage":{"@id":"https:\/\/www.reseau-mesure.com\/de\/innovations-evomesure\/#primaryimage"},"image":{"@id":"https:\/\/www.reseau-mesure.com\/de\/innovations-evomesure\/#primaryimage"},"thumbnailUrl":"https:\/\/www.reseau-mesure.com\/wp-content\/uploads\/2020\/07\/Logo-Evomesure-BL-Prometo-1-1-1024x290.png","datePublished":"2020-07-24T14:36:12+00:00","dateModified":"2020-08-25T11:43:46+00:00","breadcrumb":{"@id":"https:\/\/www.reseau-mesure.com\/de\/innovations-evomesure\/#breadcrumb"},"inLanguage":"en-US","potentialAction":[{"@type":"ReadAction","target":["https:\/\/www.reseau-mesure.com\/de\/innovations-evomesure\/"]}]},{"@type":"ImageObject","inLanguage":"en-US","@id":"https:\/\/www.reseau-mesure.com\/de\/innovations-evomesure\/#primaryimage","url":"https:\/\/www.reseau-mesure.com\/wp-content\/uploads\/2020\/07\/Logo-Evomesure-BL-Prometo-1-1-1024x290.png","contentUrl":"https:\/\/www.reseau-mesure.com\/wp-content\/uploads\/2020\/07\/Logo-Evomesure-BL-Prometo-1-1-1024x290.png"},{"@type":"BreadcrumbList","@id":"https:\/\/www.reseau-mesure.com\/de\/innovations-evomesure\/#breadcrumb","itemListElement":[{"@type":"ListItem","position":1,"name":"Accueil","item":"https:\/\/www.reseau-mesure.com\/"},{"@type":"ListItem","position":2,"name":"INNOVATIONS EVOMESURE"}]},{"@type":"WebSite","@id":"https:\/\/www.reseau-mesure.com\/#website","url":"https:\/\/www.reseau-mesure.com\/","name":"R\u00e9seau-Mesure","description":"Network Measure","publisher":{"@id":"https:\/\/www.reseau-mesure.com\/#organization"},"potentialAction":[{"@type":"SearchAction","target":{"@type":"EntryPoint","urlTemplate":"https:\/\/www.reseau-mesure.com\/?s={search_term_string}"},"query-input":{"@type":"PropertyValueSpecification","valueRequired":true,"valueName":"search_term_string"}}],"inLanguage":"en-US"},{"@type":"Organization","@id":"https:\/\/www.reseau-mesure.com\/#organization","name":"R\u00e9seau-Mesure","url":"https:\/\/www.reseau-mesure.com\/","logo":{"@type":"ImageObject","inLanguage":"en-US","@id":"https:\/\/www.reseau-mesure.com\/#\/schema\/logo\/image\/","url":"https:\/\/www.reseau-mesure.com\/wp-content\/uploads\/2018\/02\/logo-max.png","contentUrl":"https:\/\/www.reseau-mesure.com\/wp-content\/uploads\/2018\/02\/logo-max.png","width":545,"height":285,"caption":"R\u00e9seau-Mesure"},"image":{"@id":"https:\/\/www.reseau-mesure.com\/#\/schema\/logo\/image\/"},"sameAs":["https:\/\/www.facebook.com\/reseaumesure\/","https:\/\/x.com\/ReseauMesure","https:\/\/www.linkedin.com\/company\/reseau-mesure\/"]}]}},"_links":{"self":[{"href":"https:\/\/www.reseau-mesure.com\/en\/wp-json\/wp\/v2\/pages\/10932","targetHints":{"allow":["GET"]}}],"collection":[{"href":"https:\/\/www.reseau-mesure.com\/en\/wp-json\/wp\/v2\/pages"}],"about":[{"href":"https:\/\/www.reseau-mesure.com\/en\/wp-json\/wp\/v2\/types\/page"}],"author":[{"embeddable":true,"href":"https:\/\/www.reseau-mesure.com\/en\/wp-json\/wp\/v2\/users\/349"}],"replies":[{"embeddable":true,"href":"https:\/\/www.reseau-mesure.com\/en\/wp-json\/wp\/v2\/comments?post=10932"}],"version-history":[{"count":0,"href":"https:\/\/www.reseau-mesure.com\/en\/wp-json\/wp\/v2\/pages\/10932\/revisions"}],"wp:attachment":[{"href":"https:\/\/www.reseau-mesure.com\/en\/wp-json\/wp\/v2\/media?parent=10932"}],"curies":[{"name":"wp","href":"https:\/\/api.w.org\/{rel}","templated":true}]}}