{"id":11067,"date":"2020-08-26T11:37:20","date_gmt":"2020-08-26T09:37:20","guid":{"rendered":"https:\/\/www.reseau-mesure.com\/?page_id=11067"},"modified":"2021-02-16T11:43:00","modified_gmt":"2021-02-16T10:43:00","slug":"newsletter-20200903","status":"publish","type":"page","link":"https:\/\/www.reseau-mesure.com\/en\/newsletter-20200903\/","title":{"rendered":"Newsletter-20200903"},"content":{"rendered":"<img loading=\"lazy\" decoding=\"async\" src=\"https:\/\/www.reseau-mesure.com\/wp-content\/uploads\/2020\/07\/20ku.jpeg\" alt=\"20ku\" itemprop=\"image\" height=\"300\" width=\"970\" title=\"20ku\" onerror=\"this.style.display='none'\">\n<h1>\n\t\tExpress Measurement Network\n\t<\/h1>\n<h2>\n\t\t03.09.2020\n\t<\/h2>\n<h2>\n\t\tUse Measures Solutions EXPO to communicate\n\t<\/h2>\n\t\t\t\t<img loading=\"lazy\" decoding=\"async\" src=\"https:\/\/www.reseau-mesure.com\/wp-content\/uploads\/2020\/08\/2020-1.png\" alt=\"2020\" itemprop=\"image\" height=\"590\" width=\"1200\" title=\"2020\" onerror=\"this.style.display='none'\">\n\t\t\t\t<img loading=\"lazy\" decoding=\"async\" src=\"https:\/\/www.reseau-mesure.com\/wp-content\/uploads\/2018\/01\/IMAGE-PARTENAIRES-PLAN-MEDIA.png\" alt=\"PARTENAIRES PLAN MEDIA\" itemprop=\"image\" height=\"745\" width=\"1034\" title=\"MEDIA PLAN PARTNERS\" onerror=\"this.style.display='none'\">\n\t<h3>Measurements Solutions EXPO 2020 holding: a communication window for members of the Measurement Network<\/h3>\n<p><strong>Measures Solutions<\/strong> EXPO<strong>2020<\/strong> allows the Measuring Network<strong>&lsquo;amplifier la communication sur les savoir-faire et les innovations des adh\u00e9rents<\/strong>, in particular through its 16 press and web partnerships.<\/p>\n<p>&nbsp;<\/p>\n<p><em><strong>You can benefit from this visibility by:<\/strong><\/em><\/p>\n<ul>\n<li>making sure to update your <strong>fiche de pr\u00e9sentation sur l&rsquo;annuaire <\/strong>de l&rsquo;association <a href=\"https:\/\/www.reseau-mesure.com\/en\/annuaire\/\" target=\"_blank\" rel=\"noopener noreferrer\">https:\/\/www.reseau-mesure.com\/annuaire\/<\/a><\/li>\n<li>transmitting <strong>your innovations<\/strong> via <a href=\"https:\/\/www.reseau-mesure.com\/wp-content\/uploads\/2020\/08\/emd2i-formulaire-dinnovation.pdf\" target=\"_blank\" rel=\"noopener noreferrer\">this form<\/a> if you exhibit on Measures Solutions EXPO<\/li>\n<li>broadcasting your <strong>innovations<\/strong> to the various press partners according to the themes and planning presented in the <strong><a href=\"https:\/\/www.reseau-mesure.com\/wp-content\/uploads\/2020\/03\/PLAN-MEDIA-2020-RESEAU-MESURE.pdf\" target=\"_blank\" rel=\"noopener noreferrer\">media plan 2020<\/a><\/strong><\/li>\n<li>sending us your news to relay on social networks<\/li>\n<li>you <a href=\"http:\/\/www.linkedin.com\/company\/reseau-mesure\" target=\"_blank\" rel=\"noopener noreferrer\"><strong>subscribing to the LinkedIn page<\/strong><\/a> of the Measurement Network<\/li>\n<li>participating in the first edition of <strong><a href=\"https:\/\/www.reseau-mesure.com\/en\/livre-blanc\/\" target=\"_blank\" rel=\"noopener noreferrer\">Livre Blanc des adh\u00e9rents du R\u00e9seau Mesure<\/a>&nbsp;<\/strong><\/li>\n<\/ul>\n<p>&nbsp;<\/p>\n<h2>\n\t\tPrepare for the recovery following the health crisis\n\t<\/h2>\n\t<h3>How to resume dynamic activity after the crisis?<\/h3>\n<p>In July 2020, the Measurement Network initiated a&nbsp;<strong>information and discussion process in the context of crisis management linked to COVID-19<\/strong>.<\/p>\n<p><strong>Several themes are offered:<\/strong><\/p>\n<ul>\n<li><strong>Human resources: team management, stress management, telework management, workload management, etc.<\/strong><\/li>\n<li><strong>Financing solutions: public aid, factoring, etc.<\/strong><\/li>\n<li><strong>Business stimulus, economic development<\/strong><\/li>\n<li><b>\u00c9volutions juridiques &#8211; l\u00e9gislatives \u2013 normatives \u2026<\/b><\/li>\n<\/ul>\n<h4>You have a question ?<\/h4>\n<p>Consult the information regularly updated by the dedicated working groups: <a href=\"https:\/\/www.reseau-mesure.com\/en\/apres-covid-19\/\" target=\"_blank\" rel=\"noopener noreferrer\">https:\/\/www.reseau-mesure.com\/apres-covid-19\/<\/a><\/p>\n<p><em><strong>N&rsquo;h\u00e9sitez pas \u00e0 nous contacter !<\/strong><\/em><\/p>\n\t\t\t\t<img loading=\"lazy\" decoding=\"async\" src=\"https:\/\/www.reseau-mesure.com\/wp-content\/uploads\/2020\/07\/13043-300x300.jpg\" alt=\"Ressources humaines\" itemprop=\"image\" height=\"300\" width=\"300\" title=\"Meeting Icons Flat Set\" onerror=\"this.style.display='none'\">\n\t\t\t<a href=\"https:\/\/www.reseau-mesure.com\/en\/apres-covid-19\/\" target=\"_self\" role=\"button\" rel=\"noopener noreferrer\">\n\t\t\t\t\t\t\tRelancer l&rsquo;activit\u00e9\n\t\t\t\t\t<\/a>\n<h2>\n\t\tShowcase your know-how thanks to the R\u00e9seau Mesure white paper\n\t<\/h2>\n\t\t\t\t<img loading=\"lazy\" decoding=\"async\" src=\"https:\/\/www.reseau-mesure.com\/wp-content\/uploads\/2020\/08\/Flyer-livre-blanc-R\u00e9seau-Mesure-212x300.jpg\" alt=\"Flyer livre blanc R\u00e9seau Mesure\" itemprop=\"image\" height=\"300\" width=\"212\" title=\"Flyer white paper Network Measurement\" onerror=\"this.style.display='none'\">\n\t<h2>Why produce a white paper with the Measurement Network?<\/h2>\n<ul>\n<li>To build on the strength of a Network and technical skills.<\/li>\n<li>To centralize the areas controlled by members of the Measurement Network.<\/li>\n<li>To create a technical document and a new communication opportunity for members and for the Measurement Network.<\/li>\n<li>To generate requests.<\/li>\n<li>To reduce the costs of writing a white paper.<\/li>\n<\/ul>\n<p><strong>Tariff of the Measurement Network: 250 \u20ac HT \/ Member<\/strong><\/p>\n5 printed copies<br>\n1 digital version<br>\n1 Recto-Verso per member\n<p>Additional reprints option 3 \u20ac ht \/ copy<\/p>\n<a role=\"button\" href=\"https:\/\/www.reseau-mesure.com\/en\/livre-blanc\/\" target=\"_self\" rel=\"noopener noreferrer\">DOWNLOAD THE PROTOCOL<\/a>\n\t\t\t<a href=\"https:\/\/www.reseau-mesure.com\/en\/evenements\/\" target=\"_self\" role=\"button\" rel=\"noopener noreferrer\">\n\t\t\t\t\t\t\tThe complete agenda of the Measurement Network\n\t\t\t\t\t<\/a>\n\t\t\t\t<img loading=\"lazy\" decoding=\"async\" src=\"https:\/\/www.reseau-mesure.com\/wp-content\/uploads\/2020\/08\/Plan-de-travail-3niveau-300x199.png\" alt=\"Plan de travail 3niveau\" itemprop=\"image\" height=\"199\" width=\"300\" title=\"3rd level worktop\" onerror=\"this.style.display='none'\">\n\t<p>Lorem ipsum dolor sit amet, consectetur adipiscing elit. Donec vel arcu efficitur, egestas augue non, interdum eros. Phasellus accumsan at nibh and rhoncus. Vestibulum pulvinar magna eget nulla maximus, vel accumsan mauris vulputate. Praesent a feugiat felis, id sagittis elit. Aliquam sealisque metus urna, eget pellentesque tortor consectetur a. Sed fermentum finibus mi, scelerisque rutrum orci. Phasellus id pretium odio, vitae vestibulum sem. Suspendisse sed lorem eu orci vulputate tempus ut a massa. Aliquam hendrerit tempus ante ut interdum. Morbi finibus a odio finibus ornare. Sed convallis mattis dolor sed eleifend.<\/p>\n<h3>\n\t\tThey joined us\n\t<\/h3>\n\t<p>&nbsp;<\/p>\n<p>Lorem ipsum dolor sit amet, consectetur adipiscing elit. Donec vel arcu efficitur, egestas augue non, interdum eros. us a odio finibus ornare. Sed convallis mattis dolor sed eleifend.<\/p>\n\t\t\t\t<img loading=\"lazy\" decoding=\"async\" src=\"https:\/\/www.reseau-mesure.com\/wp-content\/uploads\/2020\/07\/Logo-Evomesure-BL-Prometo-1-1-300x85.png\" alt=\"Logo-Evomesure-BL-Prometo-1-1.png\" itemprop=\"image\" height=\"85\" width=\"300\" title=\"Logo-Evomesure-BL-Prometo-1-1.png\" onerror=\"this.style.display='none'\">\n\t<p>&nbsp;<\/p>\n<p>Lorem ipsum dolor sit amet, consectetur adipiscing elit. Donec vel arcu efficitur, egestas augue non, interdum eros. us a odio finibus ornare. Sed convallis mattis dolor sed eleifend.<\/p>\n\t\t\t\t<img loading=\"lazy\" decoding=\"async\" src=\"https:\/\/www.reseau-mesure.com\/wp-content\/uploads\/2020\/08\/Creaform-Ametek_300x300px-1-300x300.jpg\" alt=\"Creaform-Ametek_300x300px\" itemprop=\"image\" height=\"300\" width=\"300\" title=\"Creaform-Ametek_300x300px\" onerror=\"this.style.display='none'\">","protected":false},"excerpt":{"rendered":"<p>R\u00e9seau Mesure Express 03.09.2020 Utilisez Mesures Solutions EXPO pour communiquer La tenue de Mesures Solutions EXPO 2020 : une fen\u00eatre de communication pour les adh\u00e9rents du R\u00e9seau Mesure Mesures Solutions EXPO2020 permet au R\u00e9seau Mesure d&lsquo;amplifier la communication sur les savoir-faire et les innovations des adh\u00e9rents, notamment \u00e0 travers ses 16 partenariats presse et web.&hellip;<\/p>","protected":false},"author":685,"featured_media":0,"parent":0,"menu_order":0,"comment_status":"closed","ping_status":"closed","template":"","meta":{"_acf_changed":false,"footnotes":""},"class_list":["post-11067","page","type-page","status-publish","hentry"],"acf":[],"yoast_head":"<!-- This site is optimized with the Yoast SEO plugin v27.4 - https:\/\/yoast.com\/product\/yoast-seo-wordpress\/ -->\n<title>Newsletter-20200903 - R\u00e9seau Mesure<\/title>\n<meta name=\"description\" content=\"Newsletter du mois de septembre 2020. Retrouvez les derni\u00e8res actualit\u00e9s du R\u00e9seau Mesures. Visitez notre site internet \u00e9galement.\" \/>\n<meta name=\"robots\" content=\"index, follow, max-snippet:-1, max-image-preview:large, max-video-preview:-1\" \/>\n<link rel=\"canonical\" href=\"https:\/\/www.reseau-mesure.com\/en\/newsletter-20200903\/\" \/>\n<meta property=\"og:locale\" content=\"en_US\" \/>\n<meta property=\"og:type\" content=\"article\" \/>\n<meta property=\"og:title\" content=\"Newsletter-20200903 - R\u00e9seau Mesure\" \/>\n<meta property=\"og:description\" content=\"Newsletter du mois de septembre 2020. Retrouvez les derni\u00e8res actualit\u00e9s du R\u00e9seau Mesures. Visitez notre site internet \u00e9galement.\" \/>\n<meta property=\"og:url\" content=\"https:\/\/www.reseau-mesure.com\/en\/newsletter-20200903\/\" \/>\n<meta property=\"og:site_name\" content=\"R\u00e9seau Mesure\" \/>\n<meta property=\"article:publisher\" content=\"https:\/\/www.facebook.com\/reseaumesure\/\" \/>\n<meta property=\"article:modified_time\" content=\"2021-02-16T10:43:00+00:00\" \/>\n<meta property=\"og:image\" content=\"https:\/\/www.reseau-mesure.com\/wp-content\/uploads\/2020\/07\/20ku.jpeg\" \/>\n<meta name=\"twitter:card\" content=\"summary_large_image\" \/>\n<meta name=\"twitter:site\" content=\"@ReseauMesure\" \/>\n<meta name=\"twitter:label1\" content=\"Est. reading time\" \/>\n\t<meta name=\"twitter:data1\" content=\"4 minutes\" \/>\n<script type=\"application\/ld+json\" class=\"yoast-schema-graph\">{\"@context\":\"https:\\\/\\\/schema.org\",\"@graph\":[{\"@type\":\"WebPage\",\"@id\":\"https:\\\/\\\/www.reseau-mesure.com\\\/de\\\/newsletter-20200903\\\/\",\"url\":\"https:\\\/\\\/www.reseau-mesure.com\\\/de\\\/newsletter-20200903\\\/\",\"name\":\"Newsletter-20200903 - R\u00e9seau Mesure\",\"isPartOf\":{\"@id\":\"https:\\\/\\\/www.reseau-mesure.com\\\/#website\"},\"primaryImageOfPage\":{\"@id\":\"https:\\\/\\\/www.reseau-mesure.com\\\/de\\\/newsletter-20200903\\\/#primaryimage\"},\"image\":{\"@id\":\"https:\\\/\\\/www.reseau-mesure.com\\\/de\\\/newsletter-20200903\\\/#primaryimage\"},\"thumbnailUrl\":\"https:\\\/\\\/www.reseau-mesure.com\\\/wp-content\\\/uploads\\\/2020\\\/07\\\/20ku.jpeg\",\"datePublished\":\"2020-08-26T09:37:20+00:00\",\"dateModified\":\"2021-02-16T10:43:00+00:00\",\"description\":\"Newsletter du mois de septembre 2020. Retrouvez les derni\u00e8res actualit\u00e9s du R\u00e9seau Mesures. Visitez notre site internet \u00e9galement.\",\"breadcrumb\":{\"@id\":\"https:\\\/\\\/www.reseau-mesure.com\\\/de\\\/newsletter-20200903\\\/#breadcrumb\"},\"inLanguage\":\"en-US\",\"potentialAction\":[{\"@type\":\"ReadAction\",\"target\":[\"https:\\\/\\\/www.reseau-mesure.com\\\/de\\\/newsletter-20200903\\\/\"]}]},{\"@type\":\"ImageObject\",\"inLanguage\":\"en-US\",\"@id\":\"https:\\\/\\\/www.reseau-mesure.com\\\/de\\\/newsletter-20200903\\\/#primaryimage\",\"url\":\"https:\\\/\\\/www.reseau-mesure.com\\\/wp-content\\\/uploads\\\/2020\\\/07\\\/20ku.jpeg\",\"contentUrl\":\"https:\\\/\\\/www.reseau-mesure.com\\\/wp-content\\\/uploads\\\/2020\\\/07\\\/20ku.jpeg\"},{\"@type\":\"BreadcrumbList\",\"@id\":\"https:\\\/\\\/www.reseau-mesure.com\\\/de\\\/newsletter-20200903\\\/#breadcrumb\",\"itemListElement\":[{\"@type\":\"ListItem\",\"position\":1,\"name\":\"Accueil\",\"item\":\"https:\\\/\\\/www.reseau-mesure.com\\\/\"},{\"@type\":\"ListItem\",\"position\":2,\"name\":\"Newsletter-20200903\"}]},{\"@type\":\"WebSite\",\"@id\":\"https:\\\/\\\/www.reseau-mesure.com\\\/#website\",\"url\":\"https:\\\/\\\/www.reseau-mesure.com\\\/\",\"name\":\"R\u00e9seau-Mesure\",\"description\":\"R\u00e9seau Mesure\",\"publisher\":{\"@id\":\"https:\\\/\\\/www.reseau-mesure.com\\\/#organization\"},\"potentialAction\":[{\"@type\":\"SearchAction\",\"target\":{\"@type\":\"EntryPoint\",\"urlTemplate\":\"https:\\\/\\\/www.reseau-mesure.com\\\/?s={search_term_string}\"},\"query-input\":{\"@type\":\"PropertyValueSpecification\",\"valueRequired\":true,\"valueName\":\"search_term_string\"}}],\"inLanguage\":\"en-US\"},{\"@type\":\"Organization\",\"@id\":\"https:\\\/\\\/www.reseau-mesure.com\\\/#organization\",\"name\":\"R\u00e9seau-Mesure\",\"url\":\"https:\\\/\\\/www.reseau-mesure.com\\\/\",\"logo\":{\"@type\":\"ImageObject\",\"inLanguage\":\"en-US\",\"@id\":\"https:\\\/\\\/www.reseau-mesure.com\\\/#\\\/schema\\\/logo\\\/image\\\/\",\"url\":\"https:\\\/\\\/www.reseau-mesure.com\\\/wp-content\\\/uploads\\\/2018\\\/02\\\/logo-max.png\",\"contentUrl\":\"https:\\\/\\\/www.reseau-mesure.com\\\/wp-content\\\/uploads\\\/2018\\\/02\\\/logo-max.png\",\"width\":545,\"height\":285,\"caption\":\"R\u00e9seau-Mesure\"},\"image\":{\"@id\":\"https:\\\/\\\/www.reseau-mesure.com\\\/#\\\/schema\\\/logo\\\/image\\\/\"},\"sameAs\":[\"https:\\\/\\\/www.facebook.com\\\/reseaumesure\\\/\",\"https:\\\/\\\/x.com\\\/ReseauMesure\",\"https:\\\/\\\/www.linkedin.com\\\/company\\\/reseau-mesure\\\/\"]}]}<\/script>\n<!-- \/ Yoast SEO plugin. -->","yoast_head_json":{"title":"Newsletter-20200903 - R\u00e9seau Mesure","description":"Newsletter du mois de septembre 2020. Retrouvez les derni\u00e8res actualit\u00e9s du R\u00e9seau Mesures. Visitez notre site internet \u00e9galement.","robots":{"index":"index","follow":"follow","max-snippet":"max-snippet:-1","max-image-preview":"max-image-preview:large","max-video-preview":"max-video-preview:-1"},"canonical":"https:\/\/www.reseau-mesure.com\/en\/newsletter-20200903\/","og_locale":"en_US","og_type":"article","og_title":"Newsletter-20200903 - R\u00e9seau Mesure","og_description":"Newsletter du mois de septembre 2020. Retrouvez les derni\u00e8res actualit\u00e9s du R\u00e9seau Mesures. Visitez notre site internet \u00e9galement.","og_url":"https:\/\/www.reseau-mesure.com\/en\/newsletter-20200903\/","og_site_name":"R\u00e9seau Mesure","article_publisher":"https:\/\/www.facebook.com\/reseaumesure\/","article_modified_time":"2021-02-16T10:43:00+00:00","og_image":[{"url":"https:\/\/www.reseau-mesure.com\/wp-content\/uploads\/2020\/07\/20ku.jpeg","type":"","width":"","height":""}],"twitter_card":"summary_large_image","twitter_site":"@ReseauMesure","twitter_misc":{"Est. reading time":"4 minutes"},"schema":{"@context":"https:\/\/schema.org","@graph":[{"@type":"WebPage","@id":"https:\/\/www.reseau-mesure.com\/de\/newsletter-20200903\/","url":"https:\/\/www.reseau-mesure.com\/de\/newsletter-20200903\/","name":"Newsletter-20200903 - R\u00e9seau Mesure","isPartOf":{"@id":"https:\/\/www.reseau-mesure.com\/#website"},"primaryImageOfPage":{"@id":"https:\/\/www.reseau-mesure.com\/de\/newsletter-20200903\/#primaryimage"},"image":{"@id":"https:\/\/www.reseau-mesure.com\/de\/newsletter-20200903\/#primaryimage"},"thumbnailUrl":"https:\/\/www.reseau-mesure.com\/wp-content\/uploads\/2020\/07\/20ku.jpeg","datePublished":"2020-08-26T09:37:20+00:00","dateModified":"2021-02-16T10:43:00+00:00","description":"Newsletter du mois de septembre 2020. Retrouvez les derni\u00e8res actualit\u00e9s du R\u00e9seau Mesures. Visitez notre site internet \u00e9galement.","breadcrumb":{"@id":"https:\/\/www.reseau-mesure.com\/de\/newsletter-20200903\/#breadcrumb"},"inLanguage":"en-US","potentialAction":[{"@type":"ReadAction","target":["https:\/\/www.reseau-mesure.com\/de\/newsletter-20200903\/"]}]},{"@type":"ImageObject","inLanguage":"en-US","@id":"https:\/\/www.reseau-mesure.com\/de\/newsletter-20200903\/#primaryimage","url":"https:\/\/www.reseau-mesure.com\/wp-content\/uploads\/2020\/07\/20ku.jpeg","contentUrl":"https:\/\/www.reseau-mesure.com\/wp-content\/uploads\/2020\/07\/20ku.jpeg"},{"@type":"BreadcrumbList","@id":"https:\/\/www.reseau-mesure.com\/de\/newsletter-20200903\/#breadcrumb","itemListElement":[{"@type":"ListItem","position":1,"name":"Accueil","item":"https:\/\/www.reseau-mesure.com\/"},{"@type":"ListItem","position":2,"name":"Newsletter-20200903"}]},{"@type":"WebSite","@id":"https:\/\/www.reseau-mesure.com\/#website","url":"https:\/\/www.reseau-mesure.com\/","name":"R\u00e9seau-Mesure","description":"Network Measure","publisher":{"@id":"https:\/\/www.reseau-mesure.com\/#organization"},"potentialAction":[{"@type":"SearchAction","target":{"@type":"EntryPoint","urlTemplate":"https:\/\/www.reseau-mesure.com\/?s={search_term_string}"},"query-input":{"@type":"PropertyValueSpecification","valueRequired":true,"valueName":"search_term_string"}}],"inLanguage":"en-US"},{"@type":"Organization","@id":"https:\/\/www.reseau-mesure.com\/#organization","name":"R\u00e9seau-Mesure","url":"https:\/\/www.reseau-mesure.com\/","logo":{"@type":"ImageObject","inLanguage":"en-US","@id":"https:\/\/www.reseau-mesure.com\/#\/schema\/logo\/image\/","url":"https:\/\/www.reseau-mesure.com\/wp-content\/uploads\/2018\/02\/logo-max.png","contentUrl":"https:\/\/www.reseau-mesure.com\/wp-content\/uploads\/2018\/02\/logo-max.png","width":545,"height":285,"caption":"R\u00e9seau-Mesure"},"image":{"@id":"https:\/\/www.reseau-mesure.com\/#\/schema\/logo\/image\/"},"sameAs":["https:\/\/www.facebook.com\/reseaumesure\/","https:\/\/x.com\/ReseauMesure","https:\/\/www.linkedin.com\/company\/reseau-mesure\/"]}]}},"_links":{"self":[{"href":"https:\/\/www.reseau-mesure.com\/en\/wp-json\/wp\/v2\/pages\/11067","targetHints":{"allow":["GET"]}}],"collection":[{"href":"https:\/\/www.reseau-mesure.com\/en\/wp-json\/wp\/v2\/pages"}],"about":[{"href":"https:\/\/www.reseau-mesure.com\/en\/wp-json\/wp\/v2\/types\/page"}],"author":[{"embeddable":true,"href":"https:\/\/www.reseau-mesure.com\/en\/wp-json\/wp\/v2\/users\/685"}],"replies":[{"embeddable":true,"href":"https:\/\/www.reseau-mesure.com\/en\/wp-json\/wp\/v2\/comments?post=11067"}],"version-history":[{"count":0,"href":"https:\/\/www.reseau-mesure.com\/en\/wp-json\/wp\/v2\/pages\/11067\/revisions"}],"wp:attachment":[{"href":"https:\/\/www.reseau-mesure.com\/en\/wp-json\/wp\/v2\/media?parent=11067"}],"curies":[{"name":"wp","href":"https:\/\/api.w.org\/{rel}","templated":true}]}}