{"id":11132,"date":"2020-09-01T09:12:21","date_gmt":"2020-09-01T07:12:21","guid":{"rendered":"https:\/\/www.reseau-mesure.com\/?page_id=11132"},"modified":"2020-12-14T13:56:37","modified_gmt":"2020-12-14T12:56:37","slug":"le-reseau-mesure-face-au-covid-port-du-masque-en-entreprise","status":"publish","type":"page","link":"https:\/\/www.reseau-mesure.com\/en\/le-reseau-mesure-face-au-covid-port-du-masque-en-entreprise\/","title":{"rendered":"Wearing a mask in business"},"content":{"rendered":"<h3>\n\t\tThe COVID 19 Measurement Network\n\t<\/h3>\n<h2>\n\t\tBy members For members\n\t<\/h2>\n\t\t\t\t<img decoding=\"async\" src=\"https:\/\/www.reseau-mesure.com\/wp-content\/plugins\/bb-plugin\/img\/pixel.png\" alt=\"\" itemprop=\"image\" onerror=\"this.style.display='none'\">\n\t<h1><strong>National protocol to ensure the health and safety of company employees in the face of the COVID-19 epidemic&nbsp;<\/strong><\/h1>\n\n\t<table width=\"100%\">\n<tbody>\n<tr>\n<td>\n<table width=\"100%\">\n<tbody>\n<tr>\n<td>This <a href=\"https:\/\/401q4.r.a.d.sendibm1.com\/mk\/cl\/f\/OVZgRYNz56kYVxnmb6Pvqj2EPJT_CfFMRAKU_j_j3AqFoH1CxinpxwXYWufxj76ZNneFVvFZUDL96fCnfrrdFDCcvre3efyd5EEzx-1SMq1mi8_tRfAr4QEfOzuxL9SS1-qfTQM6SLhTVz1wihXOS7s7eI7V32SGa5tXuZ796tdSMQ2jrIPL8BkFPQ57TP8ZlC-TxUnlLJTvRTnte4YHaefOxIdWXtP9LjAlNWoVOEMmUXV7ljr8LwVFGA4m7JE7S5b4zlDTa-XegLsJuw\">protocol update<\/a> applies from September 1 and stems from an opinion of the High Council of Public Health (HCSP), published on August 14, on the transmission of the virus by aerosols. In this opinion, the HCSP formulated the recommendation of the systematic wearing of masks in all public and collective private enclosed places.\n<p>&nbsp;<\/p>\n<p>The <a href=\"https:\/\/401q4.r.a.d.sendibm1.com\/mk\/cl\/f\/9ptHj1TayFupADumxs5FPQdnm7cgrPPtvmbZHls81cZhv0-9mzLFL4X4G6_zZKDvHD85UyuwRUotkPdxmdKAtBl7Y3SF9I7QWuclVIVrmFbmFvCIEgOoXKSwFWpsvLlsYzBSQK59Yt1srHnGMVqnep9Xa-rDWCK-ClO48l4CMDG_IEcSb7x_aTnyhBZg5jEPnTOe828rEcyyHjUZ3tS5GJyMiKlNvYPyYtmWVHNjLgfk-fPFDyYqNOurWiI1iWFDmDbByEAKnbyEnHm9Jg\">protocol <\/a>will therefore make the wearing of a mask systematic in shared and enclosed spaces from the start of the school year.<\/p>\n<p>However, in view of the diversity of organizations and working environments on the one hand and the diversity of the circulation of the virus in the territories, the Government wished to examine the exceptions and adaptations that could be made to the general principle of systematic wearing of the virus. mask in closed collective spaces. He again approached the HCSP which issued an opinion on August 28 on this subject.<\/p>\n<p>&nbsp;<\/p>\n<p>On the basis of this opinion, the new national protocol specifies two cases that may be subject to an exemption from wearing a mask:<\/p>\n<p>\u2022 When the employee works alone in his office;<\/p>\n<p>\u2022 In the workshop, because employees are often required to perform more intense physical efforts than average, as soon as the ventilation \/ functional aeration conditions comply with regulations, and the number of people present in the work area is limited. , that these people respect the greatest possible distance between them and wear a visor.<\/p>\n<p>The notice also allows a relaxation in the case of shared offices, in particular open space: an employee who is at his workstation may temporarily remove his mask if a certain number of criteria, the number of which will vary depending on the level. circulation of the virus in the department, are filled. It is excluded to remove the mask permanently throughout the day.<\/p>\n<p>&nbsp;<\/p>\n<p>For activities that would prove incompatible with wearing a mask (for example, for oral interventions or public speaking for a limited period of time, in confined spaces respecting the defined organizational measures), the ministry continues the dialogue with social partners to monitor this implementation and define solutions.<\/p>\n<p>Companies are encouraged, within the framework of social dialogue, to specify the methods of application of the protocol and to take into account specific business situations.<\/p>\n<p>&nbsp;<\/p>\nThis protocol replaces the national deconfinement protocol and will gradually be implemented in companies.<\/td>\n<\/tr>\n<\/tbody>\n<\/table>\n<\/td>\n<\/tr>\n<\/tbody>\n<\/table>\n\t\t\t<a href=\"https:\/\/travail-emploi.gouv.fr\/IMG\/pdf\/protocole-national-sante-securite-en-entreprise__31_aout_2020.pdf\" target=\"_self\" role=\"button\" rel=\"noopener noreferrer\">\n\t\t\t\t\t\t\tAccess the protocol\n\t\t\t\t\t<\/a>","protected":false},"excerpt":{"rendered":"<p>Le R\u00e9seau Mesure face au COVID 19 Par les adh\u00e9rents Pour les adh\u00e9rents Protocole national pour assurer la sant\u00e9 et la s\u00e9curit\u00e9 des salari\u00e9s en entreprise face \u00e0 l\u2019\u00e9pid\u00e9mie de COVID-19&nbsp; Cette mise \u00e0 jour du protocole s\u2019applique \u00e0 compter du 1er septembre.Elle d\u00e9coule d\u2019un avis du Haut Conseil de la sant\u00e9 publique (HCSP), publi\u00e9&hellip;<\/p>","protected":false},"author":685,"featured_media":0,"parent":0,"menu_order":0,"comment_status":"closed","ping_status":"closed","template":"","meta":{"_acf_changed":false,"footnotes":""},"class_list":["post-11132","page","type-page","status-publish","hentry"],"acf":[],"yoast_head":"<!-- This site is optimized with the Yoast SEO plugin v27.3 - https:\/\/yoast.com\/product\/yoast-seo-wordpress\/ -->\n<title>Le port du masque en entreprise - R\u00e9seau Mesure<\/title>\n<meta name=\"robots\" content=\"index, follow, max-snippet:-1, max-image-preview:large, max-video-preview:-1\" \/>\n<link rel=\"canonical\" href=\"https:\/\/www.reseau-mesure.com\/en\/le-reseau-mesure-face-au-covid-port-du-masque-en-entreprise\/\" \/>\n<meta property=\"og:locale\" content=\"en_US\" \/>\n<meta property=\"og:type\" content=\"article\" \/>\n<meta property=\"og:title\" content=\"Le port du masque en entreprise - R\u00e9seau Mesure\" \/>\n<meta property=\"og:description\" content=\"Le R\u00e9seau Mesure face au COVID 19 Par les adh\u00e9rents Pour les adh\u00e9rents Protocole national pour assurer la sant\u00e9 et la s\u00e9curit\u00e9 des salari\u00e9s en entreprise face \u00e0 l\u2019\u00e9pid\u00e9mie de COVID-19&nbsp; Cette mise \u00e0 jour du protocole s\u2019applique \u00e0 compter du 1er septembre.Elle d\u00e9coule d\u2019un avis du Haut Conseil de la sant\u00e9 publique (HCSP), publi\u00e9&hellip;\" \/>\n<meta property=\"og:url\" content=\"https:\/\/www.reseau-mesure.com\/en\/le-reseau-mesure-face-au-covid-port-du-masque-en-entreprise\/\" \/>\n<meta property=\"og:site_name\" content=\"R\u00e9seau Mesure\" \/>\n<meta property=\"article:publisher\" content=\"https:\/\/www.facebook.com\/reseaumesure\/\" \/>\n<meta property=\"article:modified_time\" content=\"2020-12-14T12:56:37+00:00\" \/>\n<meta property=\"og:image\" content=\"https:\/\/www.reseau-mesure.com\/wp-content\/plugins\/bb-plugin\/img\/pixel.png\" \/>\n<meta name=\"twitter:card\" content=\"summary_large_image\" \/>\n<meta name=\"twitter:site\" content=\"@ReseauMesure\" \/>\n<meta name=\"twitter:label1\" content=\"Est. reading time\" \/>\n\t<meta name=\"twitter:data1\" content=\"2 minutes\" \/>\n<script type=\"application\/ld+json\" class=\"yoast-schema-graph\">{\"@context\":\"https:\\\/\\\/schema.org\",\"@graph\":[{\"@type\":\"WebPage\",\"@id\":\"https:\\\/\\\/www.reseau-mesure.com\\\/de\\\/le-reseau-mesure-face-au-covid-port-du-masque-en-entreprise\\\/\",\"url\":\"https:\\\/\\\/www.reseau-mesure.com\\\/de\\\/le-reseau-mesure-face-au-covid-port-du-masque-en-entreprise\\\/\",\"name\":\"Le port du masque en entreprise - R\u00e9seau Mesure\",\"isPartOf\":{\"@id\":\"https:\\\/\\\/www.reseau-mesure.com\\\/#website\"},\"primaryImageOfPage\":{\"@id\":\"https:\\\/\\\/www.reseau-mesure.com\\\/de\\\/le-reseau-mesure-face-au-covid-port-du-masque-en-entreprise\\\/#primaryimage\"},\"image\":{\"@id\":\"https:\\\/\\\/www.reseau-mesure.com\\\/de\\\/le-reseau-mesure-face-au-covid-port-du-masque-en-entreprise\\\/#primaryimage\"},\"thumbnailUrl\":\"https:\\\/\\\/www.reseau-mesure.com\\\/wp-content\\\/plugins\\\/bb-plugin\\\/img\\\/pixel.png\",\"datePublished\":\"2020-09-01T07:12:21+00:00\",\"dateModified\":\"2020-12-14T12:56:37+00:00\",\"breadcrumb\":{\"@id\":\"https:\\\/\\\/www.reseau-mesure.com\\\/de\\\/le-reseau-mesure-face-au-covid-port-du-masque-en-entreprise\\\/#breadcrumb\"},\"inLanguage\":\"en-US\",\"potentialAction\":[{\"@type\":\"ReadAction\",\"target\":[\"https:\\\/\\\/www.reseau-mesure.com\\\/de\\\/le-reseau-mesure-face-au-covid-port-du-masque-en-entreprise\\\/\"]}]},{\"@type\":\"ImageObject\",\"inLanguage\":\"en-US\",\"@id\":\"https:\\\/\\\/www.reseau-mesure.com\\\/de\\\/le-reseau-mesure-face-au-covid-port-du-masque-en-entreprise\\\/#primaryimage\",\"url\":\"https:\\\/\\\/www.reseau-mesure.com\\\/wp-content\\\/plugins\\\/bb-plugin\\\/img\\\/pixel.png\",\"contentUrl\":\"https:\\\/\\\/www.reseau-mesure.com\\\/wp-content\\\/plugins\\\/bb-plugin\\\/img\\\/pixel.png\"},{\"@type\":\"BreadcrumbList\",\"@id\":\"https:\\\/\\\/www.reseau-mesure.com\\\/de\\\/le-reseau-mesure-face-au-covid-port-du-masque-en-entreprise\\\/#breadcrumb\",\"itemListElement\":[{\"@type\":\"ListItem\",\"position\":1,\"name\":\"Accueil\",\"item\":\"https:\\\/\\\/www.reseau-mesure.com\\\/\"},{\"@type\":\"ListItem\",\"position\":2,\"name\":\"Le port du masque en entreprise\"}]},{\"@type\":\"WebSite\",\"@id\":\"https:\\\/\\\/www.reseau-mesure.com\\\/#website\",\"url\":\"https:\\\/\\\/www.reseau-mesure.com\\\/\",\"name\":\"R\u00e9seau-Mesure\",\"description\":\"R\u00e9seau Mesure\",\"publisher\":{\"@id\":\"https:\\\/\\\/www.reseau-mesure.com\\\/#organization\"},\"potentialAction\":[{\"@type\":\"SearchAction\",\"target\":{\"@type\":\"EntryPoint\",\"urlTemplate\":\"https:\\\/\\\/www.reseau-mesure.com\\\/?s={search_term_string}\"},\"query-input\":{\"@type\":\"PropertyValueSpecification\",\"valueRequired\":true,\"valueName\":\"search_term_string\"}}],\"inLanguage\":\"en-US\"},{\"@type\":\"Organization\",\"@id\":\"https:\\\/\\\/www.reseau-mesure.com\\\/#organization\",\"name\":\"R\u00e9seau-Mesure\",\"url\":\"https:\\\/\\\/www.reseau-mesure.com\\\/\",\"logo\":{\"@type\":\"ImageObject\",\"inLanguage\":\"en-US\",\"@id\":\"https:\\\/\\\/www.reseau-mesure.com\\\/#\\\/schema\\\/logo\\\/image\\\/\",\"url\":\"https:\\\/\\\/www.reseau-mesure.com\\\/wp-content\\\/uploads\\\/2018\\\/02\\\/logo-max.png\",\"contentUrl\":\"https:\\\/\\\/www.reseau-mesure.com\\\/wp-content\\\/uploads\\\/2018\\\/02\\\/logo-max.png\",\"width\":545,\"height\":285,\"caption\":\"R\u00e9seau-Mesure\"},\"image\":{\"@id\":\"https:\\\/\\\/www.reseau-mesure.com\\\/#\\\/schema\\\/logo\\\/image\\\/\"},\"sameAs\":[\"https:\\\/\\\/www.facebook.com\\\/reseaumesure\\\/\",\"https:\\\/\\\/x.com\\\/ReseauMesure\",\"https:\\\/\\\/www.linkedin.com\\\/company\\\/reseau-mesure\\\/\"]}]}<\/script>\n<!-- \/ Yoast SEO plugin. -->","yoast_head_json":{"title":"Le port du masque en entreprise - R\u00e9seau Mesure","robots":{"index":"index","follow":"follow","max-snippet":"max-snippet:-1","max-image-preview":"max-image-preview:large","max-video-preview":"max-video-preview:-1"},"canonical":"https:\/\/www.reseau-mesure.com\/en\/le-reseau-mesure-face-au-covid-port-du-masque-en-entreprise\/","og_locale":"en_US","og_type":"article","og_title":"Le port du masque en entreprise - R\u00e9seau Mesure","og_description":"Le R\u00e9seau Mesure face au COVID 19 Par les adh\u00e9rents Pour les adh\u00e9rents Protocole national pour assurer la sant\u00e9 et la s\u00e9curit\u00e9 des salari\u00e9s en entreprise face \u00e0 l\u2019\u00e9pid\u00e9mie de COVID-19&nbsp; Cette mise \u00e0 jour du protocole s\u2019applique \u00e0 compter du 1er septembre.Elle d\u00e9coule d\u2019un avis du Haut Conseil de la sant\u00e9 publique (HCSP), publi\u00e9&hellip;","og_url":"https:\/\/www.reseau-mesure.com\/en\/le-reseau-mesure-face-au-covid-port-du-masque-en-entreprise\/","og_site_name":"R\u00e9seau Mesure","article_publisher":"https:\/\/www.facebook.com\/reseaumesure\/","article_modified_time":"2020-12-14T12:56:37+00:00","og_image":[{"url":"https:\/\/www.reseau-mesure.com\/wp-content\/plugins\/bb-plugin\/img\/pixel.png","type":"","width":"","height":""}],"twitter_card":"summary_large_image","twitter_site":"@ReseauMesure","twitter_misc":{"Est. reading time":"2 minutes"},"schema":{"@context":"https:\/\/schema.org","@graph":[{"@type":"WebPage","@id":"https:\/\/www.reseau-mesure.com\/de\/le-reseau-mesure-face-au-covid-port-du-masque-en-entreprise\/","url":"https:\/\/www.reseau-mesure.com\/de\/le-reseau-mesure-face-au-covid-port-du-masque-en-entreprise\/","name":"Le port du masque en entreprise - R\u00e9seau Mesure","isPartOf":{"@id":"https:\/\/www.reseau-mesure.com\/#website"},"primaryImageOfPage":{"@id":"https:\/\/www.reseau-mesure.com\/de\/le-reseau-mesure-face-au-covid-port-du-masque-en-entreprise\/#primaryimage"},"image":{"@id":"https:\/\/www.reseau-mesure.com\/de\/le-reseau-mesure-face-au-covid-port-du-masque-en-entreprise\/#primaryimage"},"thumbnailUrl":"https:\/\/www.reseau-mesure.com\/wp-content\/plugins\/bb-plugin\/img\/pixel.png","datePublished":"2020-09-01T07:12:21+00:00","dateModified":"2020-12-14T12:56:37+00:00","breadcrumb":{"@id":"https:\/\/www.reseau-mesure.com\/de\/le-reseau-mesure-face-au-covid-port-du-masque-en-entreprise\/#breadcrumb"},"inLanguage":"en-US","potentialAction":[{"@type":"ReadAction","target":["https:\/\/www.reseau-mesure.com\/de\/le-reseau-mesure-face-au-covid-port-du-masque-en-entreprise\/"]}]},{"@type":"ImageObject","inLanguage":"en-US","@id":"https:\/\/www.reseau-mesure.com\/de\/le-reseau-mesure-face-au-covid-port-du-masque-en-entreprise\/#primaryimage","url":"https:\/\/www.reseau-mesure.com\/wp-content\/plugins\/bb-plugin\/img\/pixel.png","contentUrl":"https:\/\/www.reseau-mesure.com\/wp-content\/plugins\/bb-plugin\/img\/pixel.png"},{"@type":"BreadcrumbList","@id":"https:\/\/www.reseau-mesure.com\/de\/le-reseau-mesure-face-au-covid-port-du-masque-en-entreprise\/#breadcrumb","itemListElement":[{"@type":"ListItem","position":1,"name":"Accueil","item":"https:\/\/www.reseau-mesure.com\/"},{"@type":"ListItem","position":2,"name":"Le port du masque en entreprise"}]},{"@type":"WebSite","@id":"https:\/\/www.reseau-mesure.com\/#website","url":"https:\/\/www.reseau-mesure.com\/","name":"R\u00e9seau-Mesure","description":"Network Measure","publisher":{"@id":"https:\/\/www.reseau-mesure.com\/#organization"},"potentialAction":[{"@type":"SearchAction","target":{"@type":"EntryPoint","urlTemplate":"https:\/\/www.reseau-mesure.com\/?s={search_term_string}"},"query-input":{"@type":"PropertyValueSpecification","valueRequired":true,"valueName":"search_term_string"}}],"inLanguage":"en-US"},{"@type":"Organization","@id":"https:\/\/www.reseau-mesure.com\/#organization","name":"R\u00e9seau-Mesure","url":"https:\/\/www.reseau-mesure.com\/","logo":{"@type":"ImageObject","inLanguage":"en-US","@id":"https:\/\/www.reseau-mesure.com\/#\/schema\/logo\/image\/","url":"https:\/\/www.reseau-mesure.com\/wp-content\/uploads\/2018\/02\/logo-max.png","contentUrl":"https:\/\/www.reseau-mesure.com\/wp-content\/uploads\/2018\/02\/logo-max.png","width":545,"height":285,"caption":"R\u00e9seau-Mesure"},"image":{"@id":"https:\/\/www.reseau-mesure.com\/#\/schema\/logo\/image\/"},"sameAs":["https:\/\/www.facebook.com\/reseaumesure\/","https:\/\/x.com\/ReseauMesure","https:\/\/www.linkedin.com\/company\/reseau-mesure\/"]}]}},"_links":{"self":[{"href":"https:\/\/www.reseau-mesure.com\/en\/wp-json\/wp\/v2\/pages\/11132","targetHints":{"allow":["GET"]}}],"collection":[{"href":"https:\/\/www.reseau-mesure.com\/en\/wp-json\/wp\/v2\/pages"}],"about":[{"href":"https:\/\/www.reseau-mesure.com\/en\/wp-json\/wp\/v2\/types\/page"}],"author":[{"embeddable":true,"href":"https:\/\/www.reseau-mesure.com\/en\/wp-json\/wp\/v2\/users\/685"}],"replies":[{"embeddable":true,"href":"https:\/\/www.reseau-mesure.com\/en\/wp-json\/wp\/v2\/comments?post=11132"}],"version-history":[{"count":0,"href":"https:\/\/www.reseau-mesure.com\/en\/wp-json\/wp\/v2\/pages\/11132\/revisions"}],"wp:attachment":[{"href":"https:\/\/www.reseau-mesure.com\/en\/wp-json\/wp\/v2\/media?parent=11132"}],"curies":[{"name":"wp","href":"https:\/\/api.w.org\/{rel}","templated":true}]}}