{"id":11172,"date":"2020-09-16T17:13:41","date_gmt":"2020-09-16T15:13:41","guid":{"rendered":"https:\/\/www.reseau-mesure.com\/?page_id=11172"},"modified":"2020-09-17T07:18:14","modified_gmt":"2020-09-17T05:18:14","slug":"newsletter-20200917","status":"publish","type":"page","link":"https:\/\/www.reseau-mesure.com\/en\/newsletter-20200917\/","title":{"rendered":"Newsletter-20200917"},"content":{"rendered":"<img loading=\"lazy\" decoding=\"async\" src=\"https:\/\/www.reseau-mesure.com\/wp-content\/uploads\/2020\/07\/20ku.jpeg\" alt=\"20ku\" itemprop=\"image\" height=\"300\" width=\"970\" title=\"20ku\" onerror=\"this.style.display='none'\"  \/>\n<h1>\n\t\tExpress Measurement Network\n\t<\/h1>\n<h2>\n\t\t17.09.2020\n\t<\/h2>\n<h2>\n\t\tBenefit from the partnership with ACAVI\n\t<\/h2>\n\t\t\t\t<img loading=\"lazy\" decoding=\"async\" src=\"https:\/\/www.reseau-mesure.com\/wp-content\/uploads\/2020\/08\/2020-1.png\" alt=\"2020\" itemprop=\"image\" height=\"590\" width=\"1200\" title=\"2020\" onerror=\"this.style.display='none'\"  \/>\n\t<p>&nbsp;<\/p>\n<p><strong>Do not hesitate to submit your offers on the space <a href=\"https:\/\/www.reseau-mesure.com\/en\/offres\/\">\u201cJob and Career\u201d <\/a>of the Measurement Network.<\/strong><\/p>\n<p><strong>They will also be relayed to the show via the form <a href=\"https:\/\/www.mesures-solutions-expo.fr\/images\/Formulaire_Offre_emploi_Mesures_Solution_EXPO2020.pdf\">attached.<\/a><\/strong><\/p>\n\t\t\t\t<img loading=\"lazy\" decoding=\"async\" src=\"https:\/\/www.reseau-mesure.com\/wp-content\/uploads\/2020\/09\/4157889-scaled.jpg\" alt=\"recrutement\" itemprop=\"image\" height=\"1707\" width=\"2560\" title=\"4157889\" onerror=\"this.style.display='none'\"  \/>\n\t\t\t\t<a href=\"\/en\/relationclient@acavi.fr\/\" target=\"_blank\" rel=\"noopener noreferrer\" itemprop=\"url\">\n\t\t\t\t<img loading=\"lazy\" decoding=\"async\" src=\"https:\/\/www.reseau-mesure.com\/wp-content\/uploads\/2020\/09\/ACAVI-Offre-partenariat-R\u00e9seau-Mesure-3.jpg\" alt=\"Offre adh\u00e9rents RM - ACAVI\" itemprop=\"image\" height=\"768\" width=\"542\" title=\"ACAVI - Measure-3 Network partnership offer\" onerror=\"this.style.display='none'\"  \/>\n\t\t\t\t<\/a>\n<h2>\n\t\tMeasurement network, member of the ASTECH cluster\n\t<\/h2>\n\t<p>&nbsp;<\/p>\n<p><strong>ASTECH MEMBER OFFER \u2013\u00a0<\/strong><strong>ASD Days \u2013 10th edition<\/strong><\/p>\n<p>&nbsp;<\/p>\nCome and meet your future industry partners<br \/>\naerospace and defense!\n<p>The <strong><a href=\"https:\/\/cloud2.eudonet.com\/app\/ut?tok=49D80CE8&amp;cs=YV5PBCIpRh98RmYvg5vRd_EY47UykNPXhL_rmGNxQC0%3d&amp;p=azUioxMA9y2Njn3o463wnln_kKTS57lhlo5GYhJWAn5zdfdMhCP5wSu6hJEnbl8WyKUC0MYXP-6OA9lhOyFhYnHgcmrmrWsF\" data-link-id=\"WPowi8GjQ_qmIDrxKx8wSg\" data-link-type=\"_blank\">10th edition of ASD Days<\/a> <\/strong>organized by the pole<strong> <a href=\"https:\/\/cloud2.eudonet.com\/app\/ut?tok=49D80CE8&amp;cs=YV5PBCIpRh98RmYvg5vRd_EY47UykNPXhL_rmGNxQC0%3d&amp;p=azUioxMA9y2Njn3o463wnln_kKTS57lhvN5BKAoj_fNbyL6ARyfNOXeCvT-TWP_l6DSjC6d-uNOZmc1g7LGVYWToluQqAFEx0Ueo8QVXFBv6H1Uon6bdIg%3d%3d\" data-link-id=\"6IZQULTETN2-rXKSpFCbVQ\" data-link-type=\"_blank\">ASTech Paris Region,<\/a><\/strong> will be held on<strong> December 11, 2020 <\/strong>in the heart of Paris in the prestigious <strong>New Cap Event Center.<\/strong><\/p>\n<p>In a completely unusual context, today more than yesterday, it is essential to continue your exchanges and increase your meetings with your industrial and institutional partners.<\/p>\n<p>Alongside these business meetings, you will attend <strong>conferences<\/strong> presented by large groups indicating the current situation with its needs.<br data-highlightable=\"1\" \/>\u00a0<br data-highlightable=\"1\" \/><strong data-highlightable=\"1\">Do you also want to speak and lead a conference? <\/strong><\/p>\n<p><strong data-highlightable=\"1\"><a href=\"https:\/\/cloud2.eudonet.com\/app\/ut?tok=49D80CE8&amp;cs=YV5PBCIpRh98RmYvg5vRd_EY47UykNPXhL_rmGNxQC0%3d&amp;p=azUioxMA9y2Njn3o463wnln_kKTS57lh2tnMZ0tPLLmbnT-QvC7OXs2YcinyVb93euDqtGdy_IVyWLH_gC8j9fU0vqP9o807eMdtUQ_O3f80MRXt2-eWwFOPLRslr-Lv5fhuugqJ7Lf8JHn7EpYW3RPudBrlfFTv\" data-link-converted=\"undefined\" data-link-id=\"iQhRVU4PTLm_nglJm-7U1A\" data-link-type=\"_blank\">Submit your topic!<\/a><\/strong><strong data-highlightable=\"1\">\u00a0 \u00a0 \u00a0 <a href=\"https:\/\/cloud2.eudonet.com\/app\/ut?tok=49D80CE8&amp;cs=YV5PBCIpRh98RmYvg5vRd_EY47UykNPXhL_rmGNxQC0%3d&amp;p=azUioxMA9y2Njn3o463wnln_kKTS57lhDPs6aCPG7atmKO4SVmPW9BaQqCEc-d8KPNexH07FPQf8elmC-UjDkuuVOuG3k4J8xOh-31uC1zM%3d\">Discover the conferences<\/a><\/strong><\/p>\n<p><strong>As a member of the cluster, take advantage of a promotional offer increasing the price of your registration to \u20ac350 excluding VAT instead of \u20ac550 excluding VAT.<\/strong><\/p>\n<p>To do this, register via the button below using the promotional code <strong>ASTECH20<\/strong> at the end of the registration process.<\/p>\n<p>Additional information : <a href=\"mailto:asddays@pole-astech.org%20\" data-link-id=\"gL_W-5u1QXefq_Hdh1U7RQ\" data-link-type=\"mailto\">asddays@pole-astech.org<\/a><\/p>\n\t\t\t<a href=\"https:\/\/asddays.vimeet.events\/fr\/\" target=\"_blank\" role=\"button\" rel=\"noopener noreferrer\">\n\t\t\t\t\t\t\tI&#039;m registering\n\t\t\t\t\t<\/a>\n\t\t\t\t<img loading=\"lazy\" decoding=\"async\" src=\"https:\/\/www.reseau-mesure.com\/wp-content\/uploads\/2020\/09\/asd-days.jpg\" alt=\"AS DAYS ASTECH\" itemprop=\"image\" height=\"250\" width=\"750\" title=\"asd days\" onerror=\"this.style.display='none'\"  \/>\n\t<table width=\"100%\">\n<tbody>\n<tr>\n<td width=\"100%\">&nbsp;\n<p>&nbsp;<\/p>\n<p>Like every year, this day will be the opportunity for you to meet in<strong> appointments scheduled in advance<\/strong> decision-makers (Technical, R&amp;D, R&amp;T, Industrialization, Methods, Engineering, Purchasing, etc.) from the civil and military aeronautical industries looking for innovation, new products and new industrial and technological partners.<\/p>\n<p><strong>Your registration includes:<\/strong><\/p>\n<ul>\n<li>1 participant,<\/li>\n<li>Your online profile,<\/li>\n<li>Access to the online catalog of participants (available in November),<\/li>\n<li>Access to BtoB meetings,<\/li>\n<li>Access to conferences (program to come),<\/li>\n<li>Access to the permanent coffee break.<\/li>\n<\/ul>\n<p><strong><em>Consult the price details <a href=\"https:\/\/cloud2.eudonet.com\/app\/ut?tok=49D80CE8&amp;cs=YV5PBCIpRh98RmYvg5vRd_EY47UykNPXhL_rmGNxQC0%3d&amp;p=azUioxMA9y2Njn3o463wnln_kKTS57lhV25_xa_LXQphpRen_a-ZkvHMYzqREwHMQs9jPUC0i-8FwMDctdC_gU0Nchk9y_Zti9KrA1xnjDzRrfOBbtAbjw%3d%3d\" data-link-id=\"86RYg-bETNCJdXyOlte3OA\" data-link-type=\"_blank\">HERE<\/a><\/em><\/strong><\/p>\n<p>&nbsp;<\/p>\n&nbsp;<\/td>\n<\/tr>\n<\/tbody>\n<\/table>\n<h2>\n\t\t<a href=\"\/en\/Pleniere\/\" title=\"ASTECH Plenary\" target=\"_self\" rel=\"noopener noreferrer\">\n\t\tASTECH Plenary\n\t\t<\/a>\n\t<\/h2>\n\t\t\t\t<img loading=\"lazy\" decoding=\"async\" src=\"https:\/\/www.reseau-mesure.com\/wp-content\/uploads\/2018\/01\/logo_astech.png\" alt=\"logo_astech\" itemprop=\"image\" height=\"250\" width=\"250\" title=\"logo_astech\" onerror=\"this.style.display='none'\"  \/>\n\t\t\t<a href=\"https:\/\/cloud2.eudonet.com\/app\/frm?tok=49D80CE8&#038;cs=q8nt35x0uGzuIOHCnGJDoj_TkdIDEWS-&#038;p=HhOmSOr282LT7wbyuJceaBSTFK5vMdTifzgklEIkIeg%3d\" target=\"_blank\" role=\"button\" rel=\"noopener noreferrer\">\n\t\t\t\t\t\t\tI&#039;m registering\n\t\t\t\t\t<\/a>\n\t<h2><strong>Plenary session of DT CCDE<\/strong><strong><br \/>\nSmart systems: Sensors, Connectivity, Data and Testing<\/strong><\/h2>\n<p><strong>The 08\/10\/2020 14:00<\/strong><\/p>\n<p>\u00a0Synchrotron Soleil L&#039;Orme des Merisiers, 91190 Saint-Aubin<\/p>\n<p>The next thematic area plenary meeting <strong>Smart systems: Sensors, Connectivity, Data and Testing <\/strong>will take place on October 08, 2020 (except contrary sanitary measures). Barrier gestures will be applied.<\/p>\n<p>A visit to the facilities of the Synchrotron Soleil \u2013 French synchrotron radiation centre, both a major multidisciplinary instrument and a research laboratory \u2013 is already planned. The complete program will be presented to you later.<\/p>\n\t\t\t<a href=\"https:\/\/www.reseau-mesure.com\/en\/evenements\/\" target=\"_self\" role=\"button\" rel=\"noopener noreferrer\">\n\t\t\t\t\t\t\tThe complete agenda of the Measurement Network\n\t\t\t\t\t<\/a>\n\t\t\t\t<img loading=\"lazy\" decoding=\"async\" src=\"https:\/\/www.reseau-mesure.com\/wp-content\/uploads\/2020\/08\/Plan-de-travail-3niveau-300x199.png\" alt=\"Plan de travail 3niveau\" itemprop=\"image\" height=\"199\" width=\"300\" title=\"3rd level worktop\" onerror=\"this.style.display='none'\"  \/>\n\t<h3>Note: the postponement of the POLLUTEC exhibition in 2021!<\/h3>\n<h3>The exact dates will be confirmed to us shortly.<\/h3>\n\t\t\t\t<img loading=\"lazy\" decoding=\"async\" src=\"https:\/\/www.reseau-mesure.com\/wp-content\/uploads\/2019\/03\/POLLUTEC-2020-339x33.png\" alt=\"salon pollutec 2020\" itemprop=\"image\" height=\"45\" width=\"350\" title=\"POLLUTEC-2020-339x33\" onerror=\"this.style.display='none'\"  \/>","protected":false},"excerpt":{"rendered":"<p>R\u00e9seau Mesure Express 09\/17\/2020 Benefit from the partnership with ACAVI Do not hesitate to post your offers on the \u201cJob and Career\u201d area of the R\u00e9seau Mesure. They will also be relayed at the show via the attached form. Measurement Network, member of the ASTECH cluster, ASTECH MEMBERSHIP OFFER - ASD Days - 10th edition Come and meet your future\u2026<\/p>","protected":false},"author":685,"featured_media":0,"parent":0,"menu_order":0,"comment_status":"closed","ping_status":"closed","template":"","meta":{"_acf_changed":false,"footnotes":""},"class_list":["post-11172","page","type-page","status-publish","hentry"],"acf":[],"yoast_head":"<!-- This site is optimized with the Yoast SEO plugin v27.3 - https:\/\/yoast.com\/product\/yoast-seo-wordpress\/ -->\n<title>Newsletter-20200917 - R\u00e9seau Mesure<\/title>\n<meta name=\"robots\" content=\"index, follow, max-snippet:-1, max-image-preview:large, max-video-preview:-1\" \/>\n<link rel=\"canonical\" href=\"https:\/\/www.reseau-mesure.com\/en\/newsletter-20200917\/\" \/>\n<meta property=\"og:locale\" content=\"en_US\" \/>\n<meta property=\"og:type\" content=\"article\" \/>\n<meta property=\"og:title\" content=\"Newsletter-20200917 - R\u00e9seau Mesure\" \/>\n<meta property=\"og:description\" content=\"R\u00e9seau Mesure Express 17.09.2020 B\u00e9n\u00e9ficiez du partenariat avec ACAVI &nbsp; N&rsquo;h\u00e9sitez pas \u00e0 d\u00e9poser vos offres sur l&rsquo;espace \u00ab\u00a0Job et Carri\u00e8re\u00a0\u00bb du R\u00e9seau Mesure. Elles seront \u00e9galement relay\u00e9es sur le salon via le formulaire ci-joint. R\u00e9seau Mesure adh\u00e9rent du p\u00f4le ASTECH &nbsp; OFFRE MEMBRES ASTECH &#8211;\u00a0ASD Days &#8211; 10\u00e8me \u00e9dition &nbsp; Venez rencontrer vos futurs&hellip;\" \/>\n<meta property=\"og:url\" content=\"https:\/\/www.reseau-mesure.com\/en\/newsletter-20200917\/\" \/>\n<meta property=\"og:site_name\" content=\"R\u00e9seau Mesure\" \/>\n<meta property=\"article:publisher\" content=\"https:\/\/www.facebook.com\/reseaumesure\/\" \/>\n<meta property=\"article:modified_time\" content=\"2020-09-17T05:18:14+00:00\" \/>\n<meta property=\"og:image\" content=\"https:\/\/www.reseau-mesure.com\/wp-content\/uploads\/2020\/07\/20ku.jpeg\" \/>\n<meta name=\"twitter:card\" content=\"summary_large_image\" \/>\n<meta name=\"twitter:site\" content=\"@ReseauMesure\" \/>\n<meta name=\"twitter:label1\" content=\"Est. reading time\" \/>\n\t<meta name=\"twitter:data1\" content=\"2 minutes\" \/>\n<script type=\"application\/ld+json\" class=\"yoast-schema-graph\">{\"@context\":\"https:\\\/\\\/schema.org\",\"@graph\":[{\"@type\":\"WebPage\",\"@id\":\"https:\\\/\\\/www.reseau-mesure.com\\\/de\\\/newsletter-20200917\\\/\",\"url\":\"https:\\\/\\\/www.reseau-mesure.com\\\/de\\\/newsletter-20200917\\\/\",\"name\":\"Newsletter-20200917 - R\u00e9seau Mesure\",\"isPartOf\":{\"@id\":\"https:\\\/\\\/www.reseau-mesure.com\\\/#website\"},\"primaryImageOfPage\":{\"@id\":\"https:\\\/\\\/www.reseau-mesure.com\\\/de\\\/newsletter-20200917\\\/#primaryimage\"},\"image\":{\"@id\":\"https:\\\/\\\/www.reseau-mesure.com\\\/de\\\/newsletter-20200917\\\/#primaryimage\"},\"thumbnailUrl\":\"https:\\\/\\\/www.reseau-mesure.com\\\/wp-content\\\/uploads\\\/2020\\\/07\\\/20ku.jpeg\",\"datePublished\":\"2020-09-16T15:13:41+00:00\",\"dateModified\":\"2020-09-17T05:18:14+00:00\",\"breadcrumb\":{\"@id\":\"https:\\\/\\\/www.reseau-mesure.com\\\/de\\\/newsletter-20200917\\\/#breadcrumb\"},\"inLanguage\":\"en-US\",\"potentialAction\":[{\"@type\":\"ReadAction\",\"target\":[\"https:\\\/\\\/www.reseau-mesure.com\\\/de\\\/newsletter-20200917\\\/\"]}]},{\"@type\":\"ImageObject\",\"inLanguage\":\"en-US\",\"@id\":\"https:\\\/\\\/www.reseau-mesure.com\\\/de\\\/newsletter-20200917\\\/#primaryimage\",\"url\":\"https:\\\/\\\/www.reseau-mesure.com\\\/wp-content\\\/uploads\\\/2020\\\/07\\\/20ku.jpeg\",\"contentUrl\":\"https:\\\/\\\/www.reseau-mesure.com\\\/wp-content\\\/uploads\\\/2020\\\/07\\\/20ku.jpeg\"},{\"@type\":\"BreadcrumbList\",\"@id\":\"https:\\\/\\\/www.reseau-mesure.com\\\/de\\\/newsletter-20200917\\\/#breadcrumb\",\"itemListElement\":[{\"@type\":\"ListItem\",\"position\":1,\"name\":\"Accueil\",\"item\":\"https:\\\/\\\/www.reseau-mesure.com\\\/\"},{\"@type\":\"ListItem\",\"position\":2,\"name\":\"Newsletter-20200917\"}]},{\"@type\":\"WebSite\",\"@id\":\"https:\\\/\\\/www.reseau-mesure.com\\\/#website\",\"url\":\"https:\\\/\\\/www.reseau-mesure.com\\\/\",\"name\":\"R\u00e9seau-Mesure\",\"description\":\"R\u00e9seau Mesure\",\"publisher\":{\"@id\":\"https:\\\/\\\/www.reseau-mesure.com\\\/#organization\"},\"potentialAction\":[{\"@type\":\"SearchAction\",\"target\":{\"@type\":\"EntryPoint\",\"urlTemplate\":\"https:\\\/\\\/www.reseau-mesure.com\\\/?s={search_term_string}\"},\"query-input\":{\"@type\":\"PropertyValueSpecification\",\"valueRequired\":true,\"valueName\":\"search_term_string\"}}],\"inLanguage\":\"en-US\"},{\"@type\":\"Organization\",\"@id\":\"https:\\\/\\\/www.reseau-mesure.com\\\/#organization\",\"name\":\"R\u00e9seau-Mesure\",\"url\":\"https:\\\/\\\/www.reseau-mesure.com\\\/\",\"logo\":{\"@type\":\"ImageObject\",\"inLanguage\":\"en-US\",\"@id\":\"https:\\\/\\\/www.reseau-mesure.com\\\/#\\\/schema\\\/logo\\\/image\\\/\",\"url\":\"https:\\\/\\\/www.reseau-mesure.com\\\/wp-content\\\/uploads\\\/2018\\\/02\\\/logo-max.png\",\"contentUrl\":\"https:\\\/\\\/www.reseau-mesure.com\\\/wp-content\\\/uploads\\\/2018\\\/02\\\/logo-max.png\",\"width\":545,\"height\":285,\"caption\":\"R\u00e9seau-Mesure\"},\"image\":{\"@id\":\"https:\\\/\\\/www.reseau-mesure.com\\\/#\\\/schema\\\/logo\\\/image\\\/\"},\"sameAs\":[\"https:\\\/\\\/www.facebook.com\\\/reseaumesure\\\/\",\"https:\\\/\\\/x.com\\\/ReseauMesure\",\"https:\\\/\\\/www.linkedin.com\\\/company\\\/reseau-mesure\\\/\"]}]}<\/script>\n<!-- \/ Yoast SEO plugin. -->","yoast_head_json":{"title":"Newsletter-20200917 - R\u00e9seau Mesure","robots":{"index":"index","follow":"follow","max-snippet":"max-snippet:-1","max-image-preview":"max-image-preview:large","max-video-preview":"max-video-preview:-1"},"canonical":"https:\/\/www.reseau-mesure.com\/en\/newsletter-20200917\/","og_locale":"en_US","og_type":"article","og_title":"Newsletter-20200917 - R\u00e9seau Mesure","og_description":"R\u00e9seau Mesure Express 17.09.2020 B\u00e9n\u00e9ficiez du partenariat avec ACAVI &nbsp; N&rsquo;h\u00e9sitez pas \u00e0 d\u00e9poser vos offres sur l&rsquo;espace \u00ab\u00a0Job et Carri\u00e8re\u00a0\u00bb du R\u00e9seau Mesure. Elles seront \u00e9galement relay\u00e9es sur le salon via le formulaire ci-joint. R\u00e9seau Mesure adh\u00e9rent du p\u00f4le ASTECH &nbsp; OFFRE MEMBRES ASTECH &#8211;\u00a0ASD Days &#8211; 10\u00e8me \u00e9dition &nbsp; Venez rencontrer vos futurs&hellip;","og_url":"https:\/\/www.reseau-mesure.com\/en\/newsletter-20200917\/","og_site_name":"R\u00e9seau Mesure","article_publisher":"https:\/\/www.facebook.com\/reseaumesure\/","article_modified_time":"2020-09-17T05:18:14+00:00","og_image":[{"url":"https:\/\/www.reseau-mesure.com\/wp-content\/uploads\/2020\/07\/20ku.jpeg","type":"","width":"","height":""}],"twitter_card":"summary_large_image","twitter_site":"@ReseauMesure","twitter_misc":{"Est. reading time":"2 minutes"},"schema":{"@context":"https:\/\/schema.org","@graph":[{"@type":"WebPage","@id":"https:\/\/www.reseau-mesure.com\/de\/newsletter-20200917\/","url":"https:\/\/www.reseau-mesure.com\/de\/newsletter-20200917\/","name":"Newsletter-20200917 - R\u00e9seau Mesure","isPartOf":{"@id":"https:\/\/www.reseau-mesure.com\/#website"},"primaryImageOfPage":{"@id":"https:\/\/www.reseau-mesure.com\/de\/newsletter-20200917\/#primaryimage"},"image":{"@id":"https:\/\/www.reseau-mesure.com\/de\/newsletter-20200917\/#primaryimage"},"thumbnailUrl":"https:\/\/www.reseau-mesure.com\/wp-content\/uploads\/2020\/07\/20ku.jpeg","datePublished":"2020-09-16T15:13:41+00:00","dateModified":"2020-09-17T05:18:14+00:00","breadcrumb":{"@id":"https:\/\/www.reseau-mesure.com\/de\/newsletter-20200917\/#breadcrumb"},"inLanguage":"en-US","potentialAction":[{"@type":"ReadAction","target":["https:\/\/www.reseau-mesure.com\/de\/newsletter-20200917\/"]}]},{"@type":"ImageObject","inLanguage":"en-US","@id":"https:\/\/www.reseau-mesure.com\/de\/newsletter-20200917\/#primaryimage","url":"https:\/\/www.reseau-mesure.com\/wp-content\/uploads\/2020\/07\/20ku.jpeg","contentUrl":"https:\/\/www.reseau-mesure.com\/wp-content\/uploads\/2020\/07\/20ku.jpeg"},{"@type":"BreadcrumbList","@id":"https:\/\/www.reseau-mesure.com\/de\/newsletter-20200917\/#breadcrumb","itemListElement":[{"@type":"ListItem","position":1,"name":"Accueil","item":"https:\/\/www.reseau-mesure.com\/"},{"@type":"ListItem","position":2,"name":"Newsletter-20200917"}]},{"@type":"WebSite","@id":"https:\/\/www.reseau-mesure.com\/#website","url":"https:\/\/www.reseau-mesure.com\/","name":"R\u00e9seau-Mesure","description":"Network Measure","publisher":{"@id":"https:\/\/www.reseau-mesure.com\/#organization"},"potentialAction":[{"@type":"SearchAction","target":{"@type":"EntryPoint","urlTemplate":"https:\/\/www.reseau-mesure.com\/?s={search_term_string}"},"query-input":{"@type":"PropertyValueSpecification","valueRequired":true,"valueName":"search_term_string"}}],"inLanguage":"en-US"},{"@type":"Organization","@id":"https:\/\/www.reseau-mesure.com\/#organization","name":"R\u00e9seau-Mesure","url":"https:\/\/www.reseau-mesure.com\/","logo":{"@type":"ImageObject","inLanguage":"en-US","@id":"https:\/\/www.reseau-mesure.com\/#\/schema\/logo\/image\/","url":"https:\/\/www.reseau-mesure.com\/wp-content\/uploads\/2018\/02\/logo-max.png","contentUrl":"https:\/\/www.reseau-mesure.com\/wp-content\/uploads\/2018\/02\/logo-max.png","width":545,"height":285,"caption":"R\u00e9seau-Mesure"},"image":{"@id":"https:\/\/www.reseau-mesure.com\/#\/schema\/logo\/image\/"},"sameAs":["https:\/\/www.facebook.com\/reseaumesure\/","https:\/\/x.com\/ReseauMesure","https:\/\/www.linkedin.com\/company\/reseau-mesure\/"]}]}},"_links":{"self":[{"href":"https:\/\/www.reseau-mesure.com\/en\/wp-json\/wp\/v2\/pages\/11172","targetHints":{"allow":["GET"]}}],"collection":[{"href":"https:\/\/www.reseau-mesure.com\/en\/wp-json\/wp\/v2\/pages"}],"about":[{"href":"https:\/\/www.reseau-mesure.com\/en\/wp-json\/wp\/v2\/types\/page"}],"author":[{"embeddable":true,"href":"https:\/\/www.reseau-mesure.com\/en\/wp-json\/wp\/v2\/users\/685"}],"replies":[{"embeddable":true,"href":"https:\/\/www.reseau-mesure.com\/en\/wp-json\/wp\/v2\/comments?post=11172"}],"version-history":[{"count":0,"href":"https:\/\/www.reseau-mesure.com\/en\/wp-json\/wp\/v2\/pages\/11172\/revisions"}],"wp:attachment":[{"href":"https:\/\/www.reseau-mesure.com\/en\/wp-json\/wp\/v2\/media?parent=11172"}],"curies":[{"name":"wp","href":"https:\/\/api.w.org\/{rel}","templated":true}]}}