{"id":11222,"date":"2020-09-30T10:51:42","date_gmt":"2020-09-30T08:51:42","guid":{"rendered":"https:\/\/www.reseau-mesure.com\/?page_id=11222"},"modified":"2020-10-13T09:34:24","modified_gmt":"2020-10-13T07:34:24","slug":"newsletter-20201001","status":"publish","type":"page","link":"https:\/\/www.reseau-mesure.com\/en\/newsletter-20201001\/","title":{"rendered":"Newsletter-20201001"},"content":{"rendered":"<img loading=\"lazy\" decoding=\"async\" src=\"https:\/\/www.reseau-mesure.com\/wp-content\/uploads\/2020\/07\/20ku.jpeg\" alt=\"20ku\" itemprop=\"image\" height=\"300\" width=\"970\" title=\"20ku\" onerror=\"this.style.display='none'\"  \/>\n<h1>\n\t\tExpress Measurement Network\n\t<\/h1>\n<h2>\n\t\t01.10.2020\n\t<\/h2>\n<h2>\n\t\tCIMAX: sponsorship proposal for Manufacturing Digital Innovation (MDI) \u2013 100% en digital \u2013 November 18, 2020\n\t<\/h2>\n\t<p><strong>Following the health crisis, which technologies have proven their worth?<\/strong><\/p>\n<p><strong>How to disseminate them, make them sustainable?<\/strong><\/p>\n<p><strong>In this unprecedented economic context, what investments are needed?<\/strong><\/p>\n<p><strong>Deciphering the technologies that will make the difference: how to organize yourself to pass the course and reinvent yourself?<\/strong><\/p>\n\t<p>Tariff offer reserved for members of the Measurement Network:<\/p>\n<ul>\n<li>GOLD network offer Measure: <strong>\u20ac 6,200 excl.<\/strong> (public price \u20ac 6,900 excluding VAT)<\/li>\n<li>SILVER network offer Measure: <strong>\u20ac 4,250 excl.<\/strong> (public price \u20ac 4,550 excluding VAT)<\/li>\n<\/ul>\n\t\t\t<a href=\"https:\/\/www.reseau-mesure.com\/wp-content\/uploads\/2020\/09\/MDI_MK_ReseauMesure-2020-09-30.pdf\" target=\"_blank\" role=\"button\" rel=\"noopener noreferrer\">\n\t\t\t\t\t\t\tI discover \n\t\t\t\t\t<\/a>\n\t\t\t\t<a href=\"https:\/\/www.reseau-mesure.com\/wp-content\/uploads\/2020\/09\/MDI_MK_ReseauMesure-2020-09-30.pdf\" target=\"_blank\" rel=\"noopener noreferrer\" itemprop=\"url\">\n\t\t\t\t<img loading=\"lazy\" decoding=\"async\" src=\"https:\/\/www.reseau-mesure.com\/wp-content\/uploads\/2020\/09\/Image1.png\" alt=\"CIMAX - MDI 2020\" itemprop=\"image\" height=\"558\" width=\"995\" title=\"CIMAX - MDI 2020\" onerror=\"this.style.display='none'\"  \/>\n\t\t\t\t<\/a>\n\t<p>&nbsp;<\/p>\n<p>New action proposed by the <strong>\u201cDigital Communication\u201d group<\/strong><\/p>\n<h2>\n\t\tPOLLUTEC\n\t<\/h2>\n\t<p>&nbsp;<\/p>\n<h2><strong>Postponement of the POLLUTEC exhibition in 2021<\/strong><br \/>\n<strong>and launch of a 100% digital event from December 1 to 4, 2020<\/strong><\/h2>\n<h2><strong>New dates: October 5 to 8, 2021 - <\/strong><strong>Lyon Eurexpo<\/strong><\/h2>\n<p>&nbsp;<\/p>\n<p>Following numerous consultations with its professional community, Reed Expositions France has decided to postpone the Pollutec trade fair to 2021.<\/p>\n<p>The COVID-19 pandemic, still relevant at the national, European and international level, having strong economic repercussions on the activity of many exhibitors in the environment market, and making the mobilization of traditional visitors to the show uncertain, the organizers of the Pollutec show have finally decided to postpone the edition initially scheduled from December 1 to 4, 2020 in October 2021.<\/p>\n\t\t\t\t<a href=\"https:\/\/www.pollutec.com\/fr\" target=\"_blank\" rel=\"noopener noreferrer\" itemprop=\"url\">\n\t\t\t\t<img loading=\"lazy\" decoding=\"async\" src=\"https:\/\/www.reseau-mesure.com\/wp-content\/uploads\/2020\/09\/logo-2021.png\" alt=\"POLLUTEC\" itemprop=\"image\" height=\"137\" width=\"315\" title=\"2021 logo\" onerror=\"this.style.display='none'\"  \/>\n\t\t\t\t<\/a>\n\t<h2>Have you registered for Pollutec 2020?<\/h2>\n<p>Your entire deposit will be transferred to the 2021 edition and you will shortly receive a new participation request containing all the elements of your registration and your 2020 pricing. This participation request can be modified if necessary.<\/p>\n<h2>\n\t\tExcellent quality surgical masks made in Seine et Marne\n\t<\/h2>\n\t\t\t\t<a href=\"mailto:info@groupefacility.com\" target=\"_blank\" rel=\"noopener noreferrer\" itemprop=\"url\">\n\t\t\t\t<img loading=\"lazy\" decoding=\"async\" src=\"https:\/\/www.reseau-mesure.com\/wp-content\/uploads\/2020\/09\/Image1-1-260x300.png\" alt=\"masque chirugical\" itemprop=\"image\" height=\"300\" width=\"260\" title=\"surgical mask\" onerror=\"this.style.display='none'\"  \/>\n\t\t\t\t<\/a>\n\t<p><b>A member of Geyvo offers surgical masks made in France<\/b><\/p>\nTechnical characteristics :<br \/>\n\u2022Materials :<br \/>\n-Three layers of polypropylene<br \/>\n-Elastic fixing: polyurethane, polyester<br \/>\n-Nose clip: polyethylene<br \/>\n\u2022 Colors: white<br \/>\n\u2022 Maintenance: maintenance free, single use device.<br \/>\n\u2022 Packaging: 50 masks<br \/>\n\u2022 Compliance: EN14683: 2019 type II<br \/>\n\u2022 EFB (Bacterial Filtration Efficiency) equal to or greater than 98%.<br \/>\n\u2022 Latex free<br \/>\n\u2022 Glass fiber free<br \/>\n\u2022 A three-layer structure ensuring the filtration of foreign bodies ranging<br \/>\nfrom 0.1 um to 3 um<br \/>\n\u2022 Microbiological cleanliness &lt;30 cfu \/ g<br \/>\n\u2022 Differential pressure: \u0394 P &lt;40 Pa<br \/>\nFiltration effective at 98% against:<br \/>\n-Pollen-Dust-Virus\n\t<p>&nbsp;<\/p>\n<strong>3 Double folds<\/strong><br \/>\nFor better comfort\n<strong>Soft edge with rounded corner<\/strong><br \/>\nReduces the risk of irritation\n<strong>A V-shaped design<\/strong><br \/>\nReduces the space between the cheek and the mask\n<strong>Comfort elastic +<\/strong><br \/>\nEnsures optimal comfort when wearing the mask avoiding any discomfort over long-term use\n<em><strong>Description<\/strong><\/em><br \/>\n\u2022 Mask made of three layers of polypropylene<br \/>\n\u2022 Each side of the mask has an elastic allowing the mask to be attached<br \/>\non the face.<br \/>\n\u2022 Extremely light and comfortable.<br \/>\n\u2022 Disposable surgical mask<br \/>\n\u2022 Surgical masks are masks which, as part of the precautions<br \/>\nstandards, must be worn by the doctor to protect the sterile field and<br \/>\nthe patient from microorganisms exhaled by the caregiver.\n<h3><\/h3>\n<h3><strong>Member rate for Measurement Network: \u20ac 0.21 excl.tax per mask (port included)<\/strong><\/h3>\n<p>Packaging in bags of 7 or 50 \u2013 1 box minimum per order<\/p>\n\t\t\t<a href=\"https:\/\/www.reseau-mesure.com\/wp-content\/uploads\/2020\/09\/GROUPE-FACILITY-Fiche-technique-masque-chirurgical-EN14683-Type-II.pdf\" target=\"_blank\" role=\"button\" rel=\"noopener noreferrer\">\n\t\t\t\t\t\t\tI consult the technical sheet\n\t\t\t\t\t<\/a>\n\t\t\t<a href=\"mailto:yves.salaun@groupefacility.com\" target=\"_blank\" role=\"button\" rel=\"noopener noreferrer\">\n\t\t\t\t\t\t\tCommercial contact\n\t\t\t\t\t<\/a>\n\t\t\t<a href=\"https:\/\/www.reseau-mesure.com\/en\/evenements\/\" target=\"_self\" role=\"button\" rel=\"noopener noreferrer\">\n\t\t\t\t\t\t\tThe complete agenda of the Measurement Network\n\t\t\t\t\t<\/a>\n\t\t\t\t<img loading=\"lazy\" decoding=\"async\" src=\"https:\/\/www.reseau-mesure.com\/wp-content\/uploads\/2020\/08\/Plan-de-travail-3niveau-300x199.png\" alt=\"Plan de travail 3niveau\" itemprop=\"image\" height=\"199\" width=\"300\" title=\"3rd level worktop\" onerror=\"this.style.display='none'\"  \/>\n\t<h3>2 members of the Measurement Network have set up training courses for remote management!<\/h3>\n<p>Why not you ?<\/p>\n<p><strong><a href=\"\/en\/eduflot@reseau-mesure.com\/\">Contact us!<\/a><\/strong><\/p>","protected":false},"excerpt":{"rendered":"<p>R\u00e9seau Mesure Express 01.10.2020 CIMAX: sponsorship proposal for Manufacturing Digital Innovation (MDI) - 100% en digital - November 18, 2020 Following the health crisis, which technologies have proven their worth? How to disseminate them, make them sustainable? In this unprecedented economic context, what investments are needed? Decipher the ...<\/p>","protected":false},"author":685,"featured_media":0,"parent":0,"menu_order":0,"comment_status":"closed","ping_status":"closed","template":"","meta":{"_acf_changed":false,"footnotes":""},"class_list":["post-11222","page","type-page","status-publish","hentry"],"acf":[],"yoast_head":"<!-- This site is optimized with the Yoast SEO plugin v27.5 - https:\/\/yoast.com\/product\/yoast-seo-wordpress\/ -->\n<title>Newsletter-20201001 - R\u00e9seau Mesure<\/title>\n<meta name=\"robots\" content=\"index, follow, max-snippet:-1, max-image-preview:large, max-video-preview:-1\" \/>\n<link rel=\"canonical\" href=\"https:\/\/www.reseau-mesure.com\/en\/newsletter-20201001\/\" \/>\n<meta property=\"og:locale\" content=\"en_US\" \/>\n<meta property=\"og:type\" content=\"article\" \/>\n<meta property=\"og:title\" content=\"Newsletter-20201001 - R\u00e9seau Mesure\" \/>\n<meta property=\"og:description\" content=\"R\u00e9seau Mesure Express 01.10.2020 CIMAX : proposition sponsoring du Manufacturing Digital Innovation (MDI) &#8211; 100% en digital &#8211; 18 novembre 2020 Suite \u00e0 la crise sanitaire quelles technologies ont fait leurs preuves ? Comment les diffuser, les inscrire dans la dur\u00e9e ? Dans ce contexte \u00e9conomique in\u00e9dit, sur quels investissements n\u00e9cessaires miser ? D\u00e9crypter les&hellip;\" \/>\n<meta property=\"og:url\" content=\"https:\/\/www.reseau-mesure.com\/en\/newsletter-20201001\/\" \/>\n<meta property=\"og:site_name\" content=\"R\u00e9seau Mesure\" \/>\n<meta property=\"article:publisher\" content=\"https:\/\/www.facebook.com\/reseaumesure\/\" \/>\n<meta property=\"article:modified_time\" content=\"2020-10-13T07:34:24+00:00\" \/>\n<meta property=\"og:image\" content=\"https:\/\/www.reseau-mesure.com\/wp-content\/uploads\/2020\/07\/20ku.jpeg\" \/>\n<meta name=\"twitter:card\" content=\"summary_large_image\" \/>\n<meta name=\"twitter:site\" content=\"@ReseauMesure\" \/>\n<meta name=\"twitter:label1\" content=\"Est. reading time\" \/>\n\t<meta name=\"twitter:data1\" content=\"3 minutes\" \/>\n<script type=\"application\/ld+json\" class=\"yoast-schema-graph\">{\"@context\":\"https:\\\/\\\/schema.org\",\"@graph\":[{\"@type\":\"WebPage\",\"@id\":\"https:\\\/\\\/www.reseau-mesure.com\\\/de\\\/newsletter-20201001\\\/\",\"url\":\"https:\\\/\\\/www.reseau-mesure.com\\\/de\\\/newsletter-20201001\\\/\",\"name\":\"Newsletter-20201001 - R\u00e9seau Mesure\",\"isPartOf\":{\"@id\":\"https:\\\/\\\/www.reseau-mesure.com\\\/#website\"},\"primaryImageOfPage\":{\"@id\":\"https:\\\/\\\/www.reseau-mesure.com\\\/de\\\/newsletter-20201001\\\/#primaryimage\"},\"image\":{\"@id\":\"https:\\\/\\\/www.reseau-mesure.com\\\/de\\\/newsletter-20201001\\\/#primaryimage\"},\"thumbnailUrl\":\"https:\\\/\\\/www.reseau-mesure.com\\\/wp-content\\\/uploads\\\/2020\\\/07\\\/20ku.jpeg\",\"datePublished\":\"2020-09-30T08:51:42+00:00\",\"dateModified\":\"2020-10-13T07:34:24+00:00\",\"breadcrumb\":{\"@id\":\"https:\\\/\\\/www.reseau-mesure.com\\\/de\\\/newsletter-20201001\\\/#breadcrumb\"},\"inLanguage\":\"en-US\",\"potentialAction\":[{\"@type\":\"ReadAction\",\"target\":[\"https:\\\/\\\/www.reseau-mesure.com\\\/de\\\/newsletter-20201001\\\/\"]}]},{\"@type\":\"ImageObject\",\"inLanguage\":\"en-US\",\"@id\":\"https:\\\/\\\/www.reseau-mesure.com\\\/de\\\/newsletter-20201001\\\/#primaryimage\",\"url\":\"https:\\\/\\\/www.reseau-mesure.com\\\/wp-content\\\/uploads\\\/2020\\\/07\\\/20ku.jpeg\",\"contentUrl\":\"https:\\\/\\\/www.reseau-mesure.com\\\/wp-content\\\/uploads\\\/2020\\\/07\\\/20ku.jpeg\"},{\"@type\":\"BreadcrumbList\",\"@id\":\"https:\\\/\\\/www.reseau-mesure.com\\\/de\\\/newsletter-20201001\\\/#breadcrumb\",\"itemListElement\":[{\"@type\":\"ListItem\",\"position\":1,\"name\":\"Accueil\",\"item\":\"https:\\\/\\\/www.reseau-mesure.com\\\/\"},{\"@type\":\"ListItem\",\"position\":2,\"name\":\"Newsletter-20201001\"}]},{\"@type\":\"WebSite\",\"@id\":\"https:\\\/\\\/www.reseau-mesure.com\\\/#website\",\"url\":\"https:\\\/\\\/www.reseau-mesure.com\\\/\",\"name\":\"R\u00e9seau-Mesure\",\"description\":\"R\u00e9seau Mesure\",\"publisher\":{\"@id\":\"https:\\\/\\\/www.reseau-mesure.com\\\/#organization\"},\"potentialAction\":[{\"@type\":\"SearchAction\",\"target\":{\"@type\":\"EntryPoint\",\"urlTemplate\":\"https:\\\/\\\/www.reseau-mesure.com\\\/?s={search_term_string}\"},\"query-input\":{\"@type\":\"PropertyValueSpecification\",\"valueRequired\":true,\"valueName\":\"search_term_string\"}}],\"inLanguage\":\"en-US\"},{\"@type\":\"Organization\",\"@id\":\"https:\\\/\\\/www.reseau-mesure.com\\\/#organization\",\"name\":\"R\u00e9seau-Mesure\",\"url\":\"https:\\\/\\\/www.reseau-mesure.com\\\/\",\"logo\":{\"@type\":\"ImageObject\",\"inLanguage\":\"en-US\",\"@id\":\"https:\\\/\\\/www.reseau-mesure.com\\\/#\\\/schema\\\/logo\\\/image\\\/\",\"url\":\"https:\\\/\\\/www.reseau-mesure.com\\\/wp-content\\\/uploads\\\/2018\\\/02\\\/logo-max.png\",\"contentUrl\":\"https:\\\/\\\/www.reseau-mesure.com\\\/wp-content\\\/uploads\\\/2018\\\/02\\\/logo-max.png\",\"width\":545,\"height\":285,\"caption\":\"R\u00e9seau-Mesure\"},\"image\":{\"@id\":\"https:\\\/\\\/www.reseau-mesure.com\\\/#\\\/schema\\\/logo\\\/image\\\/\"},\"sameAs\":[\"https:\\\/\\\/www.facebook.com\\\/reseaumesure\\\/\",\"https:\\\/\\\/x.com\\\/ReseauMesure\",\"https:\\\/\\\/www.linkedin.com\\\/company\\\/reseau-mesure\\\/\"]}]}<\/script>\n<!-- \/ Yoast SEO plugin. -->","yoast_head_json":{"title":"Newsletter-20201001 - R\u00e9seau Mesure","robots":{"index":"index","follow":"follow","max-snippet":"max-snippet:-1","max-image-preview":"max-image-preview:large","max-video-preview":"max-video-preview:-1"},"canonical":"https:\/\/www.reseau-mesure.com\/en\/newsletter-20201001\/","og_locale":"en_US","og_type":"article","og_title":"Newsletter-20201001 - R\u00e9seau Mesure","og_description":"R\u00e9seau Mesure Express 01.10.2020 CIMAX : proposition sponsoring du Manufacturing Digital Innovation (MDI) &#8211; 100% en digital &#8211; 18 novembre 2020 Suite \u00e0 la crise sanitaire quelles technologies ont fait leurs preuves ? Comment les diffuser, les inscrire dans la dur\u00e9e ? Dans ce contexte \u00e9conomique in\u00e9dit, sur quels investissements n\u00e9cessaires miser ? D\u00e9crypter les&hellip;","og_url":"https:\/\/www.reseau-mesure.com\/en\/newsletter-20201001\/","og_site_name":"R\u00e9seau Mesure","article_publisher":"https:\/\/www.facebook.com\/reseaumesure\/","article_modified_time":"2020-10-13T07:34:24+00:00","og_image":[{"url":"https:\/\/www.reseau-mesure.com\/wp-content\/uploads\/2020\/07\/20ku.jpeg","type":"","width":"","height":""}],"twitter_card":"summary_large_image","twitter_site":"@ReseauMesure","twitter_misc":{"Est. reading time":"3 minutes"},"schema":{"@context":"https:\/\/schema.org","@graph":[{"@type":"WebPage","@id":"https:\/\/www.reseau-mesure.com\/de\/newsletter-20201001\/","url":"https:\/\/www.reseau-mesure.com\/de\/newsletter-20201001\/","name":"Newsletter-20201001 - R\u00e9seau Mesure","isPartOf":{"@id":"https:\/\/www.reseau-mesure.com\/#website"},"primaryImageOfPage":{"@id":"https:\/\/www.reseau-mesure.com\/de\/newsletter-20201001\/#primaryimage"},"image":{"@id":"https:\/\/www.reseau-mesure.com\/de\/newsletter-20201001\/#primaryimage"},"thumbnailUrl":"https:\/\/www.reseau-mesure.com\/wp-content\/uploads\/2020\/07\/20ku.jpeg","datePublished":"2020-09-30T08:51:42+00:00","dateModified":"2020-10-13T07:34:24+00:00","breadcrumb":{"@id":"https:\/\/www.reseau-mesure.com\/de\/newsletter-20201001\/#breadcrumb"},"inLanguage":"en-US","potentialAction":[{"@type":"ReadAction","target":["https:\/\/www.reseau-mesure.com\/de\/newsletter-20201001\/"]}]},{"@type":"ImageObject","inLanguage":"en-US","@id":"https:\/\/www.reseau-mesure.com\/de\/newsletter-20201001\/#primaryimage","url":"https:\/\/www.reseau-mesure.com\/wp-content\/uploads\/2020\/07\/20ku.jpeg","contentUrl":"https:\/\/www.reseau-mesure.com\/wp-content\/uploads\/2020\/07\/20ku.jpeg"},{"@type":"BreadcrumbList","@id":"https:\/\/www.reseau-mesure.com\/de\/newsletter-20201001\/#breadcrumb","itemListElement":[{"@type":"ListItem","position":1,"name":"Accueil","item":"https:\/\/www.reseau-mesure.com\/"},{"@type":"ListItem","position":2,"name":"Newsletter-20201001"}]},{"@type":"WebSite","@id":"https:\/\/www.reseau-mesure.com\/#website","url":"https:\/\/www.reseau-mesure.com\/","name":"R\u00e9seau-Mesure","description":"Network Measure","publisher":{"@id":"https:\/\/www.reseau-mesure.com\/#organization"},"potentialAction":[{"@type":"SearchAction","target":{"@type":"EntryPoint","urlTemplate":"https:\/\/www.reseau-mesure.com\/?s={search_term_string}"},"query-input":{"@type":"PropertyValueSpecification","valueRequired":true,"valueName":"search_term_string"}}],"inLanguage":"en-US"},{"@type":"Organization","@id":"https:\/\/www.reseau-mesure.com\/#organization","name":"R\u00e9seau-Mesure","url":"https:\/\/www.reseau-mesure.com\/","logo":{"@type":"ImageObject","inLanguage":"en-US","@id":"https:\/\/www.reseau-mesure.com\/#\/schema\/logo\/image\/","url":"https:\/\/www.reseau-mesure.com\/wp-content\/uploads\/2018\/02\/logo-max.png","contentUrl":"https:\/\/www.reseau-mesure.com\/wp-content\/uploads\/2018\/02\/logo-max.png","width":545,"height":285,"caption":"R\u00e9seau-Mesure"},"image":{"@id":"https:\/\/www.reseau-mesure.com\/#\/schema\/logo\/image\/"},"sameAs":["https:\/\/www.facebook.com\/reseaumesure\/","https:\/\/x.com\/ReseauMesure","https:\/\/www.linkedin.com\/company\/reseau-mesure\/"]}]}},"_links":{"self":[{"href":"https:\/\/www.reseau-mesure.com\/en\/wp-json\/wp\/v2\/pages\/11222","targetHints":{"allow":["GET"]}}],"collection":[{"href":"https:\/\/www.reseau-mesure.com\/en\/wp-json\/wp\/v2\/pages"}],"about":[{"href":"https:\/\/www.reseau-mesure.com\/en\/wp-json\/wp\/v2\/types\/page"}],"author":[{"embeddable":true,"href":"https:\/\/www.reseau-mesure.com\/en\/wp-json\/wp\/v2\/users\/685"}],"replies":[{"embeddable":true,"href":"https:\/\/www.reseau-mesure.com\/en\/wp-json\/wp\/v2\/comments?post=11222"}],"version-history":[{"count":0,"href":"https:\/\/www.reseau-mesure.com\/en\/wp-json\/wp\/v2\/pages\/11222\/revisions"}],"wp:attachment":[{"href":"https:\/\/www.reseau-mesure.com\/en\/wp-json\/wp\/v2\/media?parent=11222"}],"curies":[{"name":"wp","href":"https:\/\/api.w.org\/{rel}","templated":true}]}}