{"id":11282,"date":"2020-10-07T10:10:54","date_gmt":"2020-10-07T08:10:54","guid":{"rendered":"https:\/\/www.reseau-mesure.com\/?page_id=11282"},"modified":"2020-10-13T17:30:42","modified_gmt":"2020-10-13T15:30:42","slug":"newsletter-20201014","status":"publish","type":"page","link":"https:\/\/www.reseau-mesure.com\/en\/newsletter-20201014\/","title":{"rendered":"Newsletter-20201014"},"content":{"rendered":"<img loading=\"lazy\" decoding=\"async\" src=\"https:\/\/www.reseau-mesure.com\/wp-content\/uploads\/2020\/07\/20ku.jpeg\" alt=\"20ku\" itemprop=\"image\" height=\"300\" width=\"970\" title=\"20ku\" onerror=\"this.style.display='none'\"  \/>\n<h1>\n\t\tExpress Measurement Network\n\t<\/h1>\n<h2>\n\t\t14.10.2020\n\t<\/h2>\n<h2>\n\t\tContribute to the Measurement Network roadmap for 2021 - 2022\n\t<\/h2>\n\t<p><b>The Board of Directors will meet on Wednesday, December 9 to take stock of 2020 and finalize the roadmap for 2021 and 2022.<\/b><\/p>\n<p>The <strong>Network Measure By its Members, For its Members<\/strong> : do not hesitate to contribute to this strategic document by sending us your comments, ideas, suggestions\u2026.<\/p>\n<p>A first work step will be carried out with the office on <strong>November 4, 2020.<\/strong><\/p>\n<p>&nbsp;<\/p>\n\t\t\t<a href=\"mailto:eduflot@reseau-mesure.com\" target=\"_blank\" role=\"button\" rel=\"noopener noreferrer\">\n\t\t\t\t\t\t\tI would like to make a proposal \/ remark\n\t\t\t\t\t<\/a>\n\t\t\t\t<a href=\"https:\/\/www.reseau-mesure.com\/wp-content\/uploads\/2020\/09\/MDI_MK_ReseauMesure-2020-09-30.pdf\" target=\"_blank\" rel=\"noopener noreferrer\" itemprop=\"url\">\n\t\t\t\t<img loading=\"lazy\" decoding=\"async\" src=\"https:\/\/www.reseau-mesure.com\/wp-content\/uploads\/2020\/10\/2106968-300x300.jpg\" alt=\"Construire ensemble\" itemprop=\"image\" height=\"300\" width=\"300\" title=\"Building together\" onerror=\"this.style.display='none'\"  \/>\n\t\t\t\t<\/a>\n<h2>\n\t\tNew training in collaboration with CIFL\n\t<\/h2>\n\t\t\t\t<img loading=\"lazy\" decoding=\"async\" src=\"https:\/\/www.reseau-mesure.com\/wp-content\/uploads\/2018\/09\/CIFL-150x150.jpg\" alt=\"CIFL\" itemprop=\"image\" height=\"150\" width=\"150\" title=\"CIFL\" onerror=\"this.style.display='none'\"  \/>\n\t<p>&nbsp;<\/p>\n<p><strong>Presentation of the training - Tuesday, October 20 from 11 a.m. to 12 p.m.<\/strong><\/p>\n<p>Teams, Zoom, Go to Webinar\u2026 so many words that have become common during the confinement and which have been widely used to stay in contact with customers or manage teams. A number of companies are currently wondering how to develop their managerial and commercial practices by integrating these new modes of communication in a sustainable manner. During this webinar, we will try to share with Qwantiq some ideas on remote management and we will present you the new programs designed on the\u00a0<strong><u><a href=\"http:\/\/eye.newscifl.com\/c?p=wATNAWbCxBDQwtDS-dDTeNCP0KdA0JTQ2xBvZkLpQMQQaiZ-0N9y0JD0RdC-0KLQwtC0FtC2NNCw2SNodHRwczovL2Zvcm1zLmdsZS9OQ0FISG1tWVdxdVVnZTdNNqQxMDQ5xBDQtNCcdPjQrUU4SdCgPEhX0L5-b9CwsGV5ZS5uZXdzY2lmbC5jb23EFDvm0IDQzNCu0NA26dC_HW5g0IQzeNDDVD3Qyfk\">management and distance selling<\/a><\/u><\/strong> for our members!\u00a0 <\/p>\n<p><a href=\"https:\/\/docs.google.com\/forms\/d\/e\/1FAIpQLSdbetlo-W-tWVLtEa1_Fo9JCg_HH4GUXUw19cde7h8ApfBPsw\/viewform\"><em><strong>Please register before October 16.<\/strong><\/em><\/a><\/p>\n<h2>\n\t\tThe digital communication strategy - &quot;E-Training&quot; - The basics, keys to success\n\t<\/h2>\n\t<p>&nbsp;<\/p>\n<p>Two half-days of interactive online training for\u00a0<strong>define your digital communication strategy<\/strong>\u00a0based on your expectations and needs.<\/p>\n<ul>\n<li>SEO, Content analysis \/ text optimization = Writing on the web.<\/li>\n<li>Paid SEO with AdWords: Why? when? How? &#039;Or&#039; What ? (and how much ?)<\/li>\n<li>Creation and redesign of a website (the traps to avoid and the rules).<\/li>\n<li>Presence on social networks\u2026. Or not.<\/li>\n<li>Classic enameling and automation enameling<\/li>\n<li>Inbound Marketing ...<\/li>\n<\/ul>\n<p>Leave with the keys to an effective communication strategy.<\/p>\n<p>The training will be provided by AcomService, partner of the Measurement Network and web specialist in the industrial environment and more specifically in that of instrumentation and measurement.<\/p>\n<p>Training for 3 people.<\/p>\n<p>Next session being programmed - <a href=\"mailto:confray@reseau-mesure.com\">Contact us!<\/a><\/p>\n\t\t\t\t<a href=\"mailto:info@groupefacility.com\" target=\"_blank\" rel=\"noopener noreferrer\" itemprop=\"url\">\n\t\t\t\t<img loading=\"lazy\" decoding=\"async\" src=\"https:\/\/www.reseau-mesure.com\/wp-content\/uploads\/2018\/02\/communication-digitale.png\" alt=\"communication digitale\" itemprop=\"image\" height=\"238\" width=\"320\" title=\"digital communication\" onerror=\"this.style.display='none'\"  \/>\n\t\t\t\t<\/a>\n\t\t\t<a href=\"https:\/\/www.reseau-mesure.com\/en\/formation-strategie-communication-digitale-en-ligne\/\" target=\"_blank\" role=\"button\" rel=\"noopener noreferrer\">\n\t\t\t\t\t\t\tFurther information\n\t\t\t\t\t<\/a>\n\t\t\t<a href=\"https:\/\/www.reseau-mesure.com\/en\/evenements\/\" target=\"_self\" role=\"button\" rel=\"noopener noreferrer\">\n\t\t\t\t\t\t\tThe complete agenda of the Measurement Network\n\t\t\t\t\t<\/a>\n\t\t\t\t<img loading=\"lazy\" decoding=\"async\" src=\"https:\/\/www.reseau-mesure.com\/wp-content\/uploads\/2020\/08\/Plan-de-travail-3niveau-300x199.png\" alt=\"Plan de travail 3niveau\" itemprop=\"image\" height=\"199\" width=\"300\" title=\"3rd level worktop\" onerror=\"this.style.display='none'\"  \/>\n\t<p>The CCI Val d&#039;Oise will welcome Pierre PELOUZET, Business Mediator<\/p>\n<p><strong>Wednesday October 14, 2020<\/strong><\/p>\n<p><strong><u>6 p.m. to 7:30 p.m.<\/u><\/strong><\/p>\n<p><strong>at the CCI of Cergy-Pontoise - 95<\/strong><\/p>\n<p>for an exceptional sequence devoted to business mediation<\/p>\n<p>Given the health situation, the number of people in face-to-face is limited. Also, to allow as many people as possible to follow and participate in the discussions, the CCI offers to participate live in the event through the Facebook Live organized by the CCI Val d&#039;Oise on its Facebook page.<\/p>\n<p><strong>Join the event on the CCI 95 Facebook page <\/strong>:\u00a0 <a href=\"https:\/\/www.facebook.com\/ccivaldoise\">https:\/\/www.facebook.com\/ccivaldoise<\/a>.<\/p>\n<p>Thank you everyone for kindly <a href=\"\/en\/presidence95@cci-paris-idf.fr\/\">confirm participation<\/a>, face-to-face (if possible, subject to availability) or via Facebook Live.<\/p>","protected":false},"excerpt":{"rendered":"<p>R\u00e9seau Mesure Express 14.10.2020 Contribute to the R\u00e9seau Mesure roadmap for 2021 - 2022 The Board of Directors will meet on Wednesday, December 9 to take stock of 2020 and finalize the roadmap for 2021 and 2022 The Network Measures By its Members, For its members: do not hesitate\u2026<\/p>","protected":false},"author":685,"featured_media":0,"parent":0,"menu_order":0,"comment_status":"closed","ping_status":"closed","template":"","meta":{"_acf_changed":false,"footnotes":""},"class_list":["post-11282","page","type-page","status-publish","hentry"],"acf":[],"yoast_head":"<!-- This site is optimized with the Yoast SEO plugin v27.5 - https:\/\/yoast.com\/product\/yoast-seo-wordpress\/ -->\n<title>Newsletter-20201014 - R\u00e9seau Mesure<\/title>\n<meta name=\"robots\" content=\"index, follow, max-snippet:-1, max-image-preview:large, max-video-preview:-1\" \/>\n<link rel=\"canonical\" href=\"https:\/\/www.reseau-mesure.com\/en\/newsletter-20201014\/\" \/>\n<meta property=\"og:locale\" content=\"en_US\" \/>\n<meta property=\"og:type\" content=\"article\" \/>\n<meta property=\"og:title\" content=\"Newsletter-20201014 - R\u00e9seau Mesure\" \/>\n<meta property=\"og:description\" content=\"R\u00e9seau Mesure Express 14.10.2020 Contribuez \u00e0 la feuille de route du R\u00e9seau Mesure pour 2021 &#8211; 2022 Le Conseil d&rsquo;administration se r\u00e9unira le mercredi 9 d\u00e9cembre prochain pour r\u00e9aliser le bilan de l&rsquo;ann\u00e9e 2020 et finaliser la feuille de route pour 2021 et 2022. Le R\u00e9seau Mesure Par ses Adh\u00e9rents, Pour ses adh\u00e9rents : n&rsquo;h\u00e9sitez&hellip;\" \/>\n<meta property=\"og:url\" content=\"https:\/\/www.reseau-mesure.com\/en\/newsletter-20201014\/\" \/>\n<meta property=\"og:site_name\" content=\"R\u00e9seau Mesure\" \/>\n<meta property=\"article:publisher\" content=\"https:\/\/www.facebook.com\/reseaumesure\/\" \/>\n<meta property=\"article:modified_time\" content=\"2020-10-13T15:30:42+00:00\" \/>\n<meta property=\"og:image\" content=\"https:\/\/www.reseau-mesure.com\/wp-content\/uploads\/2020\/07\/20ku.jpeg\" \/>\n<meta name=\"twitter:card\" content=\"summary_large_image\" \/>\n<meta name=\"twitter:site\" content=\"@ReseauMesure\" \/>\n<meta name=\"twitter:label1\" content=\"Est. reading time\" \/>\n\t<meta name=\"twitter:data1\" content=\"3 minutes\" \/>\n<script type=\"application\/ld+json\" class=\"yoast-schema-graph\">{\"@context\":\"https:\\\/\\\/schema.org\",\"@graph\":[{\"@type\":\"WebPage\",\"@id\":\"https:\\\/\\\/www.reseau-mesure.com\\\/de\\\/newsletter-20201014\\\/\",\"url\":\"https:\\\/\\\/www.reseau-mesure.com\\\/de\\\/newsletter-20201014\\\/\",\"name\":\"Newsletter-20201014 - R\u00e9seau Mesure\",\"isPartOf\":{\"@id\":\"https:\\\/\\\/www.reseau-mesure.com\\\/#website\"},\"primaryImageOfPage\":{\"@id\":\"https:\\\/\\\/www.reseau-mesure.com\\\/de\\\/newsletter-20201014\\\/#primaryimage\"},\"image\":{\"@id\":\"https:\\\/\\\/www.reseau-mesure.com\\\/de\\\/newsletter-20201014\\\/#primaryimage\"},\"thumbnailUrl\":\"https:\\\/\\\/www.reseau-mesure.com\\\/wp-content\\\/uploads\\\/2020\\\/07\\\/20ku.jpeg\",\"datePublished\":\"2020-10-07T08:10:54+00:00\",\"dateModified\":\"2020-10-13T15:30:42+00:00\",\"breadcrumb\":{\"@id\":\"https:\\\/\\\/www.reseau-mesure.com\\\/de\\\/newsletter-20201014\\\/#breadcrumb\"},\"inLanguage\":\"en-US\",\"potentialAction\":[{\"@type\":\"ReadAction\",\"target\":[\"https:\\\/\\\/www.reseau-mesure.com\\\/de\\\/newsletter-20201014\\\/\"]}]},{\"@type\":\"ImageObject\",\"inLanguage\":\"en-US\",\"@id\":\"https:\\\/\\\/www.reseau-mesure.com\\\/de\\\/newsletter-20201014\\\/#primaryimage\",\"url\":\"https:\\\/\\\/www.reseau-mesure.com\\\/wp-content\\\/uploads\\\/2020\\\/07\\\/20ku.jpeg\",\"contentUrl\":\"https:\\\/\\\/www.reseau-mesure.com\\\/wp-content\\\/uploads\\\/2020\\\/07\\\/20ku.jpeg\"},{\"@type\":\"BreadcrumbList\",\"@id\":\"https:\\\/\\\/www.reseau-mesure.com\\\/de\\\/newsletter-20201014\\\/#breadcrumb\",\"itemListElement\":[{\"@type\":\"ListItem\",\"position\":1,\"name\":\"Accueil\",\"item\":\"https:\\\/\\\/www.reseau-mesure.com\\\/\"},{\"@type\":\"ListItem\",\"position\":2,\"name\":\"Newsletter-20201014\"}]},{\"@type\":\"WebSite\",\"@id\":\"https:\\\/\\\/www.reseau-mesure.com\\\/#website\",\"url\":\"https:\\\/\\\/www.reseau-mesure.com\\\/\",\"name\":\"R\u00e9seau-Mesure\",\"description\":\"R\u00e9seau Mesure\",\"publisher\":{\"@id\":\"https:\\\/\\\/www.reseau-mesure.com\\\/#organization\"},\"potentialAction\":[{\"@type\":\"SearchAction\",\"target\":{\"@type\":\"EntryPoint\",\"urlTemplate\":\"https:\\\/\\\/www.reseau-mesure.com\\\/?s={search_term_string}\"},\"query-input\":{\"@type\":\"PropertyValueSpecification\",\"valueRequired\":true,\"valueName\":\"search_term_string\"}}],\"inLanguage\":\"en-US\"},{\"@type\":\"Organization\",\"@id\":\"https:\\\/\\\/www.reseau-mesure.com\\\/#organization\",\"name\":\"R\u00e9seau-Mesure\",\"url\":\"https:\\\/\\\/www.reseau-mesure.com\\\/\",\"logo\":{\"@type\":\"ImageObject\",\"inLanguage\":\"en-US\",\"@id\":\"https:\\\/\\\/www.reseau-mesure.com\\\/#\\\/schema\\\/logo\\\/image\\\/\",\"url\":\"https:\\\/\\\/www.reseau-mesure.com\\\/wp-content\\\/uploads\\\/2018\\\/02\\\/logo-max.png\",\"contentUrl\":\"https:\\\/\\\/www.reseau-mesure.com\\\/wp-content\\\/uploads\\\/2018\\\/02\\\/logo-max.png\",\"width\":545,\"height\":285,\"caption\":\"R\u00e9seau-Mesure\"},\"image\":{\"@id\":\"https:\\\/\\\/www.reseau-mesure.com\\\/#\\\/schema\\\/logo\\\/image\\\/\"},\"sameAs\":[\"https:\\\/\\\/www.facebook.com\\\/reseaumesure\\\/\",\"https:\\\/\\\/x.com\\\/ReseauMesure\",\"https:\\\/\\\/www.linkedin.com\\\/company\\\/reseau-mesure\\\/\"]}]}<\/script>\n<!-- \/ Yoast SEO plugin. -->","yoast_head_json":{"title":"Newsletter-20201014 - R\u00e9seau Mesure","robots":{"index":"index","follow":"follow","max-snippet":"max-snippet:-1","max-image-preview":"max-image-preview:large","max-video-preview":"max-video-preview:-1"},"canonical":"https:\/\/www.reseau-mesure.com\/en\/newsletter-20201014\/","og_locale":"en_US","og_type":"article","og_title":"Newsletter-20201014 - R\u00e9seau Mesure","og_description":"R\u00e9seau Mesure Express 14.10.2020 Contribuez \u00e0 la feuille de route du R\u00e9seau Mesure pour 2021 &#8211; 2022 Le Conseil d&rsquo;administration se r\u00e9unira le mercredi 9 d\u00e9cembre prochain pour r\u00e9aliser le bilan de l&rsquo;ann\u00e9e 2020 et finaliser la feuille de route pour 2021 et 2022. Le R\u00e9seau Mesure Par ses Adh\u00e9rents, Pour ses adh\u00e9rents : n&rsquo;h\u00e9sitez&hellip;","og_url":"https:\/\/www.reseau-mesure.com\/en\/newsletter-20201014\/","og_site_name":"R\u00e9seau Mesure","article_publisher":"https:\/\/www.facebook.com\/reseaumesure\/","article_modified_time":"2020-10-13T15:30:42+00:00","og_image":[{"url":"https:\/\/www.reseau-mesure.com\/wp-content\/uploads\/2020\/07\/20ku.jpeg","type":"","width":"","height":""}],"twitter_card":"summary_large_image","twitter_site":"@ReseauMesure","twitter_misc":{"Est. reading time":"3 minutes"},"schema":{"@context":"https:\/\/schema.org","@graph":[{"@type":"WebPage","@id":"https:\/\/www.reseau-mesure.com\/de\/newsletter-20201014\/","url":"https:\/\/www.reseau-mesure.com\/de\/newsletter-20201014\/","name":"Newsletter-20201014 - R\u00e9seau Mesure","isPartOf":{"@id":"https:\/\/www.reseau-mesure.com\/#website"},"primaryImageOfPage":{"@id":"https:\/\/www.reseau-mesure.com\/de\/newsletter-20201014\/#primaryimage"},"image":{"@id":"https:\/\/www.reseau-mesure.com\/de\/newsletter-20201014\/#primaryimage"},"thumbnailUrl":"https:\/\/www.reseau-mesure.com\/wp-content\/uploads\/2020\/07\/20ku.jpeg","datePublished":"2020-10-07T08:10:54+00:00","dateModified":"2020-10-13T15:30:42+00:00","breadcrumb":{"@id":"https:\/\/www.reseau-mesure.com\/de\/newsletter-20201014\/#breadcrumb"},"inLanguage":"en-US","potentialAction":[{"@type":"ReadAction","target":["https:\/\/www.reseau-mesure.com\/de\/newsletter-20201014\/"]}]},{"@type":"ImageObject","inLanguage":"en-US","@id":"https:\/\/www.reseau-mesure.com\/de\/newsletter-20201014\/#primaryimage","url":"https:\/\/www.reseau-mesure.com\/wp-content\/uploads\/2020\/07\/20ku.jpeg","contentUrl":"https:\/\/www.reseau-mesure.com\/wp-content\/uploads\/2020\/07\/20ku.jpeg"},{"@type":"BreadcrumbList","@id":"https:\/\/www.reseau-mesure.com\/de\/newsletter-20201014\/#breadcrumb","itemListElement":[{"@type":"ListItem","position":1,"name":"Accueil","item":"https:\/\/www.reseau-mesure.com\/"},{"@type":"ListItem","position":2,"name":"Newsletter-20201014"}]},{"@type":"WebSite","@id":"https:\/\/www.reseau-mesure.com\/#website","url":"https:\/\/www.reseau-mesure.com\/","name":"R\u00e9seau-Mesure","description":"Network Measure","publisher":{"@id":"https:\/\/www.reseau-mesure.com\/#organization"},"potentialAction":[{"@type":"SearchAction","target":{"@type":"EntryPoint","urlTemplate":"https:\/\/www.reseau-mesure.com\/?s={search_term_string}"},"query-input":{"@type":"PropertyValueSpecification","valueRequired":true,"valueName":"search_term_string"}}],"inLanguage":"en-US"},{"@type":"Organization","@id":"https:\/\/www.reseau-mesure.com\/#organization","name":"R\u00e9seau-Mesure","url":"https:\/\/www.reseau-mesure.com\/","logo":{"@type":"ImageObject","inLanguage":"en-US","@id":"https:\/\/www.reseau-mesure.com\/#\/schema\/logo\/image\/","url":"https:\/\/www.reseau-mesure.com\/wp-content\/uploads\/2018\/02\/logo-max.png","contentUrl":"https:\/\/www.reseau-mesure.com\/wp-content\/uploads\/2018\/02\/logo-max.png","width":545,"height":285,"caption":"R\u00e9seau-Mesure"},"image":{"@id":"https:\/\/www.reseau-mesure.com\/#\/schema\/logo\/image\/"},"sameAs":["https:\/\/www.facebook.com\/reseaumesure\/","https:\/\/x.com\/ReseauMesure","https:\/\/www.linkedin.com\/company\/reseau-mesure\/"]}]}},"_links":{"self":[{"href":"https:\/\/www.reseau-mesure.com\/en\/wp-json\/wp\/v2\/pages\/11282","targetHints":{"allow":["GET"]}}],"collection":[{"href":"https:\/\/www.reseau-mesure.com\/en\/wp-json\/wp\/v2\/pages"}],"about":[{"href":"https:\/\/www.reseau-mesure.com\/en\/wp-json\/wp\/v2\/types\/page"}],"author":[{"embeddable":true,"href":"https:\/\/www.reseau-mesure.com\/en\/wp-json\/wp\/v2\/users\/685"}],"replies":[{"embeddable":true,"href":"https:\/\/www.reseau-mesure.com\/en\/wp-json\/wp\/v2\/comments?post=11282"}],"version-history":[{"count":0,"href":"https:\/\/www.reseau-mesure.com\/en\/wp-json\/wp\/v2\/pages\/11282\/revisions"}],"wp:attachment":[{"href":"https:\/\/www.reseau-mesure.com\/en\/wp-json\/wp\/v2\/media?parent=11282"}],"curies":[{"name":"wp","href":"https:\/\/api.w.org\/{rel}","templated":true}]}}