{"id":11381,"date":"2020-10-23T09:42:13","date_gmt":"2020-10-23T07:42:13","guid":{"rendered":"https:\/\/www.reseau-mesure.com\/?page_id=11381"},"modified":"2023-05-03T12:07:45","modified_gmt":"2023-05-03T10:07:45","slug":"newsletter-20201029","status":"publish","type":"page","link":"https:\/\/www.reseau-mesure.com\/en\/newsletter-20201029\/","title":{"rendered":"Newsletter-20201029"},"content":{"rendered":"<img loading=\"lazy\" decoding=\"async\" src=\"https:\/\/www.reseau-mesure.com\/wp-content\/uploads\/2020\/07\/20ku.jpeg\" alt=\"R\u00e9seau Mesure Express\" itemprop=\"image\" height=\"300\" width=\"970\" title=\"Express Measurement Network Header\" onerror=\"this.style.display='none'\"  \/>\n<h1>\n\t\tExpress Measurement Network\n\t<\/h1>\n<h2>\n\t\t29.10.2020\n\t<\/h2>\n<h2>\n\t\tLast availabilities for the offer sponsored by the Measurement Network in PEI\n\t<\/h2>\n\t<p>&nbsp;<\/p>\n<p>The November \/ December issue of <strong>PEI <\/strong>releases November 20, 2020.<\/p>\n<p>There are still a few possibilities to take advantage of Network sponsorship and take advantage of preferential rates:<\/p>\n<p><strong>1\/2 page: 1240 \u20ac<\/strong> instead of \u20ac 4,800 <strong>, 1\/4 page 600 \u20ac<\/strong> instead of 2370 \u20ac<\/p>\n<p><strong>Reservation deadline November 6, 2020<\/strong><\/p>\n<p>Contact: Sylvie SEURIN<\/p>\n<p>Mob: 06 14 41 85 38 \u2013 s.seurin@tim-europe.com<\/p>\n<p><strong><a href=\"http:\/\/media.tim-europe.com\/\">Download the 2020 media kit<\/a><\/strong><\/p>\n\t\t\t<a href=\"mailto:eduflot@reseau-mesure.com\" target=\"_blank\" role=\"button\" rel=\"noopener\">\n\t\t\t\t\t\t\tI&#039;am interested)\n\t\t\t\t\t<\/a>\n\t\t\t\t<a href=\"https:\/\/www.reseau-mesure.com\/wp-content\/uploads\/2020\/09\/MDI_MK_ReseauMesure-2020-09-30.pdf\" target=\"_blank\" rel=\"noopener\" itemprop=\"url\">\n\t\t\t\t<img loading=\"lazy\" decoding=\"async\" src=\"https:\/\/www.reseau-mesure.com\/wp-content\/uploads\/2020\/10\/couvPEI-octobre.jpg\" alt=\"PEI Octobre\" itemprop=\"image\" height=\"361\" width=\"264\" title=\"COVER October\" onerror=\"this.style.display='none'\"  \/>\n\t\t\t\t<\/a>\n<h2>\n\t\tIndustry 4.0 and mechanics recovery plan \u2013 Agenda Export 2021 \n\t<\/h2>\n\t\t\t\t<img loading=\"lazy\" decoding=\"async\" src=\"https:\/\/www.reseau-mesure.com\/wp-content\/uploads\/2020\/10\/business-france.png\" alt=\"business france\" itemprop=\"image\" height=\"73\" width=\"231\" title=\"business france\" onerror=\"this.style.display='none'\"  \/>\n\t<p>&nbsp;<\/p>\n<p><strong>Business support system \u2013 For recovery, think export!<\/strong><\/p>\n<p><strong>#France Relaunch<\/strong>\u00a0includes a section dedicated to\u00a0<strong>exporting companies or those who want to become one<\/strong>.<\/p>\n<p>The\u00a0<strong>Export Recovery Plan<\/strong>\u00a0responds directly to the concrete needs of\u00a0<strong>SMEs and ETI wishing to strengthen their strike force internationally<\/strong>.<\/p>\n<p>The\u00a0<strong>Export Recovery Check<\/strong>\u00a0is one of the flagship measures which will make it possible to benefit from\u00a0<strong>export support services<\/strong>\u00a0by approved operators.<\/p>\n<p><strong><a href=\"https:\/\/www.teamfrance-export.fr\/actualites\/plan-relance-export\" target=\"_blank\" rel=\"noopener\">Access the entire \u201cExport Recovery Plan\u201d system<\/a><\/strong><\/p>\n<p><strong><a href=\"https:\/\/www.teamfrance-export.fr\/solutions\/cheque-relance-export\" target=\"_blank\" rel=\"noopener\">More information on the \u201cExport Recovery Check\u201d<\/a><\/strong><\/p>\n<p><strong><a href=\"https:\/\/www.teamfrance-export.fr\/infos-pays-covid-19\" target=\"_blank\" rel=\"noopener\">Access Live Market Info<\/a><\/strong><\/p>\n<h2>\n\t\tLatest information Haxoneo\n\t<\/h2>\n\t<p>Find the latest offers from our partner Haxon\u00e9o such as:<\/p>\n<p><strong>Disposable masks (China)<\/strong><\/p>\n<p><strong>Delivery in 5\/6 working days<\/strong> <strong>:<\/strong><\/p>\n<p><a href=\"http:\/\/kt9k.mjt.lu\/lnk\/EAAAASK4Y2cAAAAAAAAAALP0stUAAAABHnsAAAAAAAlIiABfkqnArBbOtA7FQyC0xZb8da365wAIzUU\/2\/QEeINxtP85T7Kw-yXqfNRg\/aHR0cHM6Ly93d3cuaGF4b25lby5jb20vbWFzcXVlcy0zLXBsaXMvNzg4MzM4LTIwLTAwMC1tYXNxdWVzLWNoaXJ1cmdpY2F1eC0zLXBsaXMtbm9ybWUtY2UtZW4tMTQ2ODMuaHRtbA\">0.12 \/ u per 20,000<\/a><\/p>\n<p><a href=\"http:\/\/kt9k.mjt.lu\/lnk\/EAAAASK4Y2cAAAAAAAAAALP0stUAAAABHnsAAAAAAAlIiABfkqnArBbOtA7FQyC0xZb8da365wAIzUU\/3\/cZVDmodc6f5vD7MRXu1CNQ\/aHR0cHM6Ly93d3cuaGF4b25lby5jb20vbWFzcXVlcy0zLXBsaXMvNzg4MzM1LTIwMDAtbWFzcXVlcy1jaGlydXJnaWNhdXgtMy1wbGlzLXR5cGUtaWktbm9ybWUtY2UtZW4tMTQ2ODMuaHRtbA\">0.14 \/ u per 2000<\/a><\/p>\n<p><a href=\"http:\/\/kt9k.mjt.lu\/lnk\/EAAAASK4Y2cAAAAAAAAAALP0stUAAAABHnsAAAAAAAlIiABfkqnArBbOtA7FQyC0xZb8da365wAIzUU\/4\/R4TvVbkudFUH5Fk9UEikbg\/aHR0cHM6Ly93d3cuaGF4b25lby5jb20vbWFzcXVlcy0zLXBsaXMvNzg4MjE5LW1hc3F1ZS1jaGlydXJnaWNhbC1jaXZpbC1qZXRhYmxlLWxvdC1kZS01MC5odG1s\">0.15 \/ u by 50<\/a><\/p>\n<p><strong>Delivery in 30 days\u00a0<\/strong><strong>:<\/strong><\/p>\n<p><a href=\"http:\/\/kt9k.mjt.lu\/lnk\/EAAAASK4Y2cAAAAAAAAAALP0stUAAAABHnsAAAAAAAlIiABfkqnArBbOtA7FQyC0xZb8da365wAIzUU\/5\/NCcKBzGjt4nuIDHyzcIW9w\/aHR0cHM6Ly93d3cuaGF4b25lby5jb20vbWFzcXVlcy0zLXBsaXMvNzkwNTQ1LTEwMC0wMDAtbWFzcXVlcy1jaGlydXJnaWNhdXgtMy1wbGlzLW5vcm1lLWNlLWVuLTE0NjgzLWxpdnJhaXNvbi0zMC1qb3Vycy5odG1s\">0.09 \/ u per 100,000<\/a><\/p>\n<p><a href=\"http:\/\/kt9k.mjt.lu\/lnk\/EAAAASK4Y2cAAAAAAAAAALP0stUAAAABHnsAAAAAAAlIiABfkqnArBbOtA7FQyC0xZb8da365wAIzUU\/6\/vKsztt20XAyzYctsXI-bXA\/aHR0cHM6Ly93d3cuaGF4b25lby5jb20vbWFzcXVlcy0zLXBsaXMvNzkwNjA0LTUwLTAwMC1tYXNxdWVzLWNoaXJ1cmdpY2F1eC0zLXBsaXMtbm9ybWUtY2UtZW4tMTQ2ODMtbGl2cmFpc29uLTMwLWpvdXJzLmh0bWw\">0.11 \/ u per 50,000<\/a><\/p>\n<p><strong>Disposable masks (France)<\/strong><\/p>\n<p><a href=\"http:\/\/kt9k.mjt.lu\/lnk\/EAAAASK4Y2cAAAAAAAAAALP0stUAAAABHnsAAAAAAAlIiABfkqnArBbOtA7FQyC0xZb8da365wAIzUU\/8\/aVOj80IYPza-bhVx08AHxg\/aHR0cHM6Ly93d3cuaGF4b25lby5jb20vbWFzcXVlcy0zLXBsaXMvNzkwNTY5LTEwMDAtbWFzcXVlcy0zLXBsaXMtbWFkZS1pbi1mcmFuY2UtbWVkaWNhdXgtdHlwZS1paXItY2VydGlmaWVzLmh0bWw\">0.28 \/ u per 1000<\/a><\/p>\n<p><strong>Delivery within 10 working days<\/strong><\/p>\n<p><strong>Masks washable 30 times<\/strong><\/p>\n<p><a href=\"http:\/\/kt9k.mjt.lu\/lnk\/EAAAASK4Y2cAAAAAAAAAALP0stUAAAABHnsAAAAAAAlIiABfkqnArBbOtA7FQyC0xZb8da365wAIzUU\/10\/1CBJFg_qo5-_5dBUYBVrOg\/aHR0cHM6Ly93d3cuaGF4b25lby5jb20vbWFzcXVlcy1sYXZhYmxlcy1ldC1yZXV0aWxpc2FibGVzLzc4NzkzNi1tYXNxdWUtbGF2YWJsZS5odG1s\">1.88 \/ u by 50<\/a><\/p>\n<p><strong>48h delivery<\/strong><\/p>\n<p><strong>Disinfectant spray<\/strong><\/p>\n<p><a href=\"http:\/\/kt9k.mjt.lu\/lnk\/EAAAASK4Y2cAAAAAAAAAALP0stUAAAABHnsAAAAAAAlIiABfkqnArBbOtA7FQyC0xZb8da365wAIzUU\/12\/i5c0SmQtvuaQxgkqjkFXZw\/aHR0cHM6Ly93d3cuaGF4b25lby5jb20vc3ByYXktZXQtZGVzaW5mZWN0YW50Lzc4NTc0MS1zcHJheS1kZXNpbmZlY3RhbnQtY2FsZ29uaXQtOC14LTc1MG1sLmh0bWw\">7.5 \/ u by 8<\/a><\/p>\n<p><strong>Delivery in 4\/5 days<\/strong><\/p>\n\t\t\t\t<a href=\"mailto:info@groupefacility.com\" target=\"_blank\" rel=\"noopener\" itemprop=\"url\">\n\t\t\t\t<img loading=\"lazy\" decoding=\"async\" src=\"https:\/\/www.reseau-mesure.com\/wp-content\/uploads\/2019\/04\/simplifier-achat-haxoneo-1.png\" alt=\"simplifier achat haxoneo\" itemprop=\"image\" height=\"450\" width=\"600\" title=\"simplify haxoneo purchase\" onerror=\"this.style.display='none'\"  \/>\n\t\t\t\t<\/a>\n\t\t\t<a href=\"mailto:eduflot@reseau-mesure.com\" target=\"_blank\" role=\"button\" rel=\"noopener\">\n\t\t\t\t\t\t\tFurther information\n\t\t\t\t\t<\/a>\n\t\t\t<a href=\"https:\/\/www.reseau-mesure.com\/en\/evenements\/\" target=\"_self\" role=\"button\" rel=\"noopener\">\n\t\t\t\t\t\t\tThe complete agenda of the Measurement Network\n\t\t\t\t\t<\/a>\n\t\t\t\t<img loading=\"lazy\" decoding=\"async\" src=\"https:\/\/www.reseau-mesure.com\/wp-content\/uploads\/2020\/08\/Plan-de-travail-3niveau-300x199.png\" alt=\"R\u00e9seau Mesure Express Actualites\" itemprop=\"image\" height=\"199\" width=\"300\" title=\"Express Measurement Network News\" onerror=\"this.style.display='none'\"  \/>\n\t<p><strong>The 54th edition of the International Aeronautics and Space Show will be held from June 21 to 27, 2021 at Paris-Le Bourget airport.<\/strong><\/p>\n<p>To help you and support the Ile-de-France aeronautical sector, the Ile-de-France Regional Council subsidizes up to \u20ac4,500 (de minimis regime) to all SMEs (European meaning of the term) in the Ile-de-France who reserve their stand.<\/p>\n<p><strong>SIAE 2021: REGISTRATION FORM<\/strong><\/p>\n<p><strong>Exhibit on the Ile-de-France collective space! <\/strong><strong>From June 21 to 27, 2021<\/strong><\/p>\n<p><strong><em>(Deadline to return your form: November 27, 2020)<\/em><\/strong><\/p>\n<table>\n<tbody>\n<tr>\n<td><strong><a href=\"http:\/\/info.seineetmarne.cci.fr\/trk\/325598\/2709\/300178884\/166187\/9171\/2c557c0e\/\">Registration form \/ Information \u25b6<\/a><\/strong><\/td>\n<\/tr>\n<\/tbody>\n<\/table>\n<p>&nbsp;<\/p>\n<table width=\"100%\">\n<tbody>\n<tr>\n<td>\n<table width=\"600\">\n<tbody>\n<tr>\n\n<\/tr>\n<\/tbody>\n<\/table>\n<\/td>\n<\/tr>\n<\/tbody>\n<\/table>","protected":false},"excerpt":{"rendered":"<p>Measure Network Express 29.10.2020 Latest availability for the offer sponsored by the Measure Network in PEI The November \/ December issue of PEI will be released on November 20, 2020. There are still some possibilities to take advantage of Network sponsorship and take advantage of preferential rates: 1\/2 page: \u20ac 1,240 instead of \u20ac 4,800, 1\/4\u2026<\/p>","protected":false},"author":685,"featured_media":0,"parent":0,"menu_order":0,"comment_status":"closed","ping_status":"closed","template":"","meta":{"_acf_changed":false,"footnotes":""},"class_list":["post-11381","page","type-page","status-publish","hentry"],"acf":[],"yoast_head":"<!-- This site is optimized with the Yoast SEO plugin v27.3 - https:\/\/yoast.com\/product\/yoast-seo-wordpress\/ -->\n<title>Newsletter-20201029 - R\u00e9seau Mesure<\/title>\n<meta name=\"robots\" content=\"index, follow, max-snippet:-1, max-image-preview:large, max-video-preview:-1\" \/>\n<link rel=\"canonical\" href=\"https:\/\/www.reseau-mesure.com\/en\/newsletter-20201029\/\" \/>\n<meta property=\"og:locale\" content=\"en_US\" \/>\n<meta property=\"og:type\" content=\"article\" \/>\n<meta property=\"og:title\" content=\"Newsletter-20201029 - R\u00e9seau Mesure\" \/>\n<meta property=\"og:description\" content=\"R\u00e9seau Mesure Express 29.10.2020 Derni\u00e8res disponibilit\u00e9s pour l&rsquo;offre sponsoris\u00e9e par le R\u00e9seau Mesure dans PEI &nbsp; Le num\u00e9ro de novembre\/d\u00e9cembre de PEI sort le 20 novembre 2020. Il reste encore quelques possibilit\u00e9s pour profiter du sponsoring du R\u00e9seau et profiter de tarifs pr\u00e9f\u00e9rentiels\u00a0: 1\/2 page\u00a0: 1240 \u20ac au lieu de 4 800 \u20ac , 1\/4&hellip;\" \/>\n<meta property=\"og:url\" content=\"https:\/\/www.reseau-mesure.com\/en\/newsletter-20201029\/\" \/>\n<meta property=\"og:site_name\" content=\"R\u00e9seau Mesure\" \/>\n<meta property=\"article:publisher\" content=\"https:\/\/www.facebook.com\/reseaumesure\/\" \/>\n<meta property=\"article:modified_time\" content=\"2023-05-03T10:07:45+00:00\" \/>\n<meta property=\"og:image\" content=\"https:\/\/www.reseau-mesure.com\/wp-content\/uploads\/2020\/07\/20ku.jpeg\" \/>\n<meta name=\"twitter:card\" content=\"summary_large_image\" \/>\n<meta name=\"twitter:site\" content=\"@ReseauMesure\" \/>\n<meta name=\"twitter:label1\" content=\"Est. reading time\" \/>\n\t<meta name=\"twitter:data1\" content=\"2 minutes\" \/>\n<script type=\"application\/ld+json\" class=\"yoast-schema-graph\">{\"@context\":\"https:\\\/\\\/schema.org\",\"@graph\":[{\"@type\":\"WebPage\",\"@id\":\"https:\\\/\\\/www.reseau-mesure.com\\\/newsletter-20201029\\\/\",\"url\":\"https:\\\/\\\/www.reseau-mesure.com\\\/newsletter-20201029\\\/\",\"name\":\"Newsletter-20201029 - R\u00e9seau Mesure\",\"isPartOf\":{\"@id\":\"https:\\\/\\\/www.reseau-mesure.com\\\/#website\"},\"primaryImageOfPage\":{\"@id\":\"https:\\\/\\\/www.reseau-mesure.com\\\/newsletter-20201029\\\/#primaryimage\"},\"image\":{\"@id\":\"https:\\\/\\\/www.reseau-mesure.com\\\/newsletter-20201029\\\/#primaryimage\"},\"thumbnailUrl\":\"https:\\\/\\\/www.reseau-mesure.com\\\/wp-content\\\/uploads\\\/2020\\\/07\\\/20ku.jpeg\",\"datePublished\":\"2020-10-23T07:42:13+00:00\",\"dateModified\":\"2023-05-03T10:07:45+00:00\",\"breadcrumb\":{\"@id\":\"https:\\\/\\\/www.reseau-mesure.com\\\/newsletter-20201029\\\/#breadcrumb\"},\"inLanguage\":\"en-US\",\"potentialAction\":[{\"@type\":\"ReadAction\",\"target\":[\"https:\\\/\\\/www.reseau-mesure.com\\\/newsletter-20201029\\\/\"]}]},{\"@type\":\"ImageObject\",\"inLanguage\":\"en-US\",\"@id\":\"https:\\\/\\\/www.reseau-mesure.com\\\/newsletter-20201029\\\/#primaryimage\",\"url\":\"https:\\\/\\\/www.reseau-mesure.com\\\/wp-content\\\/uploads\\\/2020\\\/07\\\/20ku.jpeg\",\"contentUrl\":\"https:\\\/\\\/www.reseau-mesure.com\\\/wp-content\\\/uploads\\\/2020\\\/07\\\/20ku.jpeg\"},{\"@type\":\"BreadcrumbList\",\"@id\":\"https:\\\/\\\/www.reseau-mesure.com\\\/newsletter-20201029\\\/#breadcrumb\",\"itemListElement\":[{\"@type\":\"ListItem\",\"position\":1,\"name\":\"Accueil\",\"item\":\"https:\\\/\\\/www.reseau-mesure.com\\\/\"},{\"@type\":\"ListItem\",\"position\":2,\"name\":\"Newsletter-20201029\"}]},{\"@type\":\"WebSite\",\"@id\":\"https:\\\/\\\/www.reseau-mesure.com\\\/#website\",\"url\":\"https:\\\/\\\/www.reseau-mesure.com\\\/\",\"name\":\"R\u00e9seau-Mesure\",\"description\":\"R\u00e9seau Mesure\",\"publisher\":{\"@id\":\"https:\\\/\\\/www.reseau-mesure.com\\\/#organization\"},\"potentialAction\":[{\"@type\":\"SearchAction\",\"target\":{\"@type\":\"EntryPoint\",\"urlTemplate\":\"https:\\\/\\\/www.reseau-mesure.com\\\/?s={search_term_string}\"},\"query-input\":{\"@type\":\"PropertyValueSpecification\",\"valueRequired\":true,\"valueName\":\"search_term_string\"}}],\"inLanguage\":\"en-US\"},{\"@type\":\"Organization\",\"@id\":\"https:\\\/\\\/www.reseau-mesure.com\\\/#organization\",\"name\":\"R\u00e9seau-Mesure\",\"url\":\"https:\\\/\\\/www.reseau-mesure.com\\\/\",\"logo\":{\"@type\":\"ImageObject\",\"inLanguage\":\"en-US\",\"@id\":\"https:\\\/\\\/www.reseau-mesure.com\\\/#\\\/schema\\\/logo\\\/image\\\/\",\"url\":\"https:\\\/\\\/www.reseau-mesure.com\\\/wp-content\\\/uploads\\\/2018\\\/02\\\/logo-max.png\",\"contentUrl\":\"https:\\\/\\\/www.reseau-mesure.com\\\/wp-content\\\/uploads\\\/2018\\\/02\\\/logo-max.png\",\"width\":545,\"height\":285,\"caption\":\"R\u00e9seau-Mesure\"},\"image\":{\"@id\":\"https:\\\/\\\/www.reseau-mesure.com\\\/#\\\/schema\\\/logo\\\/image\\\/\"},\"sameAs\":[\"https:\\\/\\\/www.facebook.com\\\/reseaumesure\\\/\",\"https:\\\/\\\/x.com\\\/ReseauMesure\",\"https:\\\/\\\/www.linkedin.com\\\/company\\\/reseau-mesure\\\/\"]}]}<\/script>\n<!-- \/ Yoast SEO plugin. -->","yoast_head_json":{"title":"Newsletter-20201029 - R\u00e9seau Mesure","robots":{"index":"index","follow":"follow","max-snippet":"max-snippet:-1","max-image-preview":"max-image-preview:large","max-video-preview":"max-video-preview:-1"},"canonical":"https:\/\/www.reseau-mesure.com\/en\/newsletter-20201029\/","og_locale":"en_US","og_type":"article","og_title":"Newsletter-20201029 - R\u00e9seau Mesure","og_description":"R\u00e9seau Mesure Express 29.10.2020 Derni\u00e8res disponibilit\u00e9s pour l&rsquo;offre sponsoris\u00e9e par le R\u00e9seau Mesure dans PEI &nbsp; Le num\u00e9ro de novembre\/d\u00e9cembre de PEI sort le 20 novembre 2020. Il reste encore quelques possibilit\u00e9s pour profiter du sponsoring du R\u00e9seau et profiter de tarifs pr\u00e9f\u00e9rentiels\u00a0: 1\/2 page\u00a0: 1240 \u20ac au lieu de 4 800 \u20ac , 1\/4&hellip;","og_url":"https:\/\/www.reseau-mesure.com\/en\/newsletter-20201029\/","og_site_name":"R\u00e9seau Mesure","article_publisher":"https:\/\/www.facebook.com\/reseaumesure\/","article_modified_time":"2023-05-03T10:07:45+00:00","og_image":[{"url":"https:\/\/www.reseau-mesure.com\/wp-content\/uploads\/2020\/07\/20ku.jpeg","type":"","width":"","height":""}],"twitter_card":"summary_large_image","twitter_site":"@ReseauMesure","twitter_misc":{"Est. reading time":"2 minutes"},"schema":{"@context":"https:\/\/schema.org","@graph":[{"@type":"WebPage","@id":"https:\/\/www.reseau-mesure.com\/newsletter-20201029\/","url":"https:\/\/www.reseau-mesure.com\/newsletter-20201029\/","name":"Newsletter-20201029 - R\u00e9seau Mesure","isPartOf":{"@id":"https:\/\/www.reseau-mesure.com\/#website"},"primaryImageOfPage":{"@id":"https:\/\/www.reseau-mesure.com\/newsletter-20201029\/#primaryimage"},"image":{"@id":"https:\/\/www.reseau-mesure.com\/newsletter-20201029\/#primaryimage"},"thumbnailUrl":"https:\/\/www.reseau-mesure.com\/wp-content\/uploads\/2020\/07\/20ku.jpeg","datePublished":"2020-10-23T07:42:13+00:00","dateModified":"2023-05-03T10:07:45+00:00","breadcrumb":{"@id":"https:\/\/www.reseau-mesure.com\/newsletter-20201029\/#breadcrumb"},"inLanguage":"en-US","potentialAction":[{"@type":"ReadAction","target":["https:\/\/www.reseau-mesure.com\/newsletter-20201029\/"]}]},{"@type":"ImageObject","inLanguage":"en-US","@id":"https:\/\/www.reseau-mesure.com\/newsletter-20201029\/#primaryimage","url":"https:\/\/www.reseau-mesure.com\/wp-content\/uploads\/2020\/07\/20ku.jpeg","contentUrl":"https:\/\/www.reseau-mesure.com\/wp-content\/uploads\/2020\/07\/20ku.jpeg"},{"@type":"BreadcrumbList","@id":"https:\/\/www.reseau-mesure.com\/newsletter-20201029\/#breadcrumb","itemListElement":[{"@type":"ListItem","position":1,"name":"Accueil","item":"https:\/\/www.reseau-mesure.com\/"},{"@type":"ListItem","position":2,"name":"Newsletter-20201029"}]},{"@type":"WebSite","@id":"https:\/\/www.reseau-mesure.com\/#website","url":"https:\/\/www.reseau-mesure.com\/","name":"R\u00e9seau-Mesure","description":"Network Measure","publisher":{"@id":"https:\/\/www.reseau-mesure.com\/#organization"},"potentialAction":[{"@type":"SearchAction","target":{"@type":"EntryPoint","urlTemplate":"https:\/\/www.reseau-mesure.com\/?s={search_term_string}"},"query-input":{"@type":"PropertyValueSpecification","valueRequired":true,"valueName":"search_term_string"}}],"inLanguage":"en-US"},{"@type":"Organization","@id":"https:\/\/www.reseau-mesure.com\/#organization","name":"R\u00e9seau-Mesure","url":"https:\/\/www.reseau-mesure.com\/","logo":{"@type":"ImageObject","inLanguage":"en-US","@id":"https:\/\/www.reseau-mesure.com\/#\/schema\/logo\/image\/","url":"https:\/\/www.reseau-mesure.com\/wp-content\/uploads\/2018\/02\/logo-max.png","contentUrl":"https:\/\/www.reseau-mesure.com\/wp-content\/uploads\/2018\/02\/logo-max.png","width":545,"height":285,"caption":"R\u00e9seau-Mesure"},"image":{"@id":"https:\/\/www.reseau-mesure.com\/#\/schema\/logo\/image\/"},"sameAs":["https:\/\/www.facebook.com\/reseaumesure\/","https:\/\/x.com\/ReseauMesure","https:\/\/www.linkedin.com\/company\/reseau-mesure\/"]}]}},"_links":{"self":[{"href":"https:\/\/www.reseau-mesure.com\/en\/wp-json\/wp\/v2\/pages\/11381","targetHints":{"allow":["GET"]}}],"collection":[{"href":"https:\/\/www.reseau-mesure.com\/en\/wp-json\/wp\/v2\/pages"}],"about":[{"href":"https:\/\/www.reseau-mesure.com\/en\/wp-json\/wp\/v2\/types\/page"}],"author":[{"embeddable":true,"href":"https:\/\/www.reseau-mesure.com\/en\/wp-json\/wp\/v2\/users\/685"}],"replies":[{"embeddable":true,"href":"https:\/\/www.reseau-mesure.com\/en\/wp-json\/wp\/v2\/comments?post=11381"}],"version-history":[{"count":0,"href":"https:\/\/www.reseau-mesure.com\/en\/wp-json\/wp\/v2\/pages\/11381\/revisions"}],"wp:attachment":[{"href":"https:\/\/www.reseau-mesure.com\/en\/wp-json\/wp\/v2\/media?parent=11381"}],"curies":[{"name":"wp","href":"https:\/\/api.w.org\/{rel}","templated":true}]}}