{"id":11413,"date":"2020-10-28T11:33:42","date_gmt":"2020-10-28T10:33:42","guid":{"rendered":"https:\/\/www.reseau-mesure.com\/?page_id=11413"},"modified":"2021-03-18T12:33:03","modified_gmt":"2021-03-18T11:33:03","slug":"mesures-solutions-expo-informations-visio-conferences","status":"publish","type":"page","link":"https:\/\/www.reseau-mesure.com\/en\/mesures-solutions-expo-informations-visio-conferences\/","title":{"rendered":"Measures EXPO Solutions \/\/ exhibitors&#039; information and conferences"},"content":{"rendered":"<img loading=\"lazy\" decoding=\"async\" src=\"https:\/\/www.reseau-mesure.com\/wp-content\/uploads\/2020\/11\/Logo-2-pour-email-300x157.jpg\" alt=\"logo mse rdv de 9h30 - visios\" itemprop=\"image\" height=\"157\" width=\"300\" title=\"Logo 2 for email\" onerror=\"this.style.display='none'\"  \/>\n\t<h1>Technical measurement conferences,\u00a0<em>in video<\/em><\/h1>\n<p>&nbsp;<\/p>\n<p>&nbsp;<\/p>\n\t\n\n\t\n\n\n<p>&nbsp;<\/p>\n\t\t\t<a href=\"https:\/\/mesures-solutions-expo.fr\/conferences\" target=\"_blank\" role=\"button\" rel=\"noopener\">\n\t\t\t\t\t\t\tThe subjects in detail ...\n\t\t\t\t\t<\/a>\n\t\t\t<a href=\"https:\/\/www.reseau-mesure.com\/en\/les-rediffusions-des-visio-conferences-des-rdv-de-9h30-de-la-mesure\/\" target=\"_blank\" role=\"button\" rel=\"noopener\">\n\t\t\t\t\t\t\taccess the reruns of videoconferences\n\t\t\t\t\t<\/a>\n\t\n\n\n\n\t\n\t\t\t\t<a href=\"https:\/\/www.reseau-mesure.com\/wp-content\/uploads\/2020\/12\/Fevrier-2021.pdf\" target=\"_blank\" rel=\"noopener\" itemprop=\"url\">\n\t\t\t\t<img loading=\"lazy\" decoding=\"async\" src=\"https:\/\/www.reseau-mesure.com\/wp-content\/uploads\/2020\/11\/Fevrier-2021-212x300.jpg\" alt=\"agenda fevrier visio 2021\" itemprop=\"image\" height=\"300\" width=\"212\" title=\"February 2021\" onerror=\"this.style.display='none'\"  \/>\n\t\t\t\t<\/a>\n\t\t\t\t<a href=\"https:\/\/www.reseau-mesure.com\/wp-content\/uploads\/2021\/02\/mars-2021.pdf\" target=\"_blank\" rel=\"noopener\" itemprop=\"url\">\n\t\t\t\t<img loading=\"lazy\" decoding=\"async\" src=\"https:\/\/www.reseau-mesure.com\/wp-content\/uploads\/2021\/02\/mars-2021-212x300.jpg\" alt=\"mars 2021\" itemprop=\"image\" height=\"300\" width=\"212\" title=\"March 2021\" onerror=\"this.style.display='none'\"  \/>\n\t\t\t\t<\/a>\n\t\n\n\t\t\t<a href=\"https:\/\/www.reseau-mesure.com\/en\/offres\/\" target=\"_blank\" role=\"button\" rel=\"noopener\">\n\t\t\t\t\t\t\tJobs\n\t\t\t\t\t<\/a>\n\t\t\t<a href=\"https:\/\/www.reseau-mesure.com\/en\/cv\/\" target=\"_blank\" role=\"button\" rel=\"noopener\">\n\t\t\t\t\t\t\tCV\n\t\t\t\t\t<\/a>\n\t\n\n\t\t\t<a href=\"https:\/\/mesures-solutions-expo.fr\/exposants\/liste-des-exposants-2020\" target=\"_blank\" role=\"button\" rel=\"noopener\">\n\t\t\t\t\t\t\t2020 Directory\n\t\t\t\t\t<\/a>\n\t\n\t\n<p>&nbsp;<\/p>\n\t\t\t<a href=\"https:\/\/www.reseau-mesure.com\/wp-content\/uploads\/2020\/08\/visuels-innovations-31082020.zip\" target=\"_blank\" role=\"button\" rel=\"noopener\">\n\t\t\t\t\t\t\tInnovations in photos\n\t\t\t\t\t<\/a>\n\t\n\t\n\t\n\n\tVisit the<br \/>\n<strong><a href=\"https:\/\/cf3d.io\/ubFdb\">Creaform Connect registration page<\/a><\/strong><br \/>\nfor more information.\n\t\n<p><strong>Being as close as possible to customers is the motto of Measures Solutions EXPO.<\/strong>\u00a0By offering a general offer meeting multiple potential needs, the exhibitors wished to bring together measurement professionals in the same place in order to offer them complete solutions. Visitors can thus access a diversified offer, whatever their expectations, techniques and processes used.<\/p>\n<p>Innovative products will be present along with the most cutting-edge know-how, both on the stands and during the exhibitor workshops.<\/p>\n\n<p>From advice to the realization of projects, the experts present at this show will advise visitors not only through the innovative solutions presented on their stands, but also through the organization of around twenty thematic workshops, during which they will present their know-how and their novelties.<\/p>\n\tThe French College of Metrology<br \/>\nevent partner\n<p>In this context\u00a0<strong>the French College of Metrology<\/strong>\u00a0will animate the Pavilion\u00a0<strong>&quot;Metrology Innovation&quot;<\/strong>\u00a0of the show, a space dedicated to CFM members who wish to get closer to this theme. It also organizes\u00a0<strong>a series of conferences on topics in line with industrial needs<\/strong>\u00a0and quizzes focused on quality, methods and techniques, as well as fun and pragmatic animations on metrology: Will you have the right measure?<\/p>\n\t\t\t\t<img loading=\"lazy\" decoding=\"async\" src=\"https:\/\/www.reseau-mesure.com\/wp-content\/uploads\/2019\/10\/3_CFM-logoquadri-2018_HD-150x150.jpg\" alt=\"3_CFM-logoquadri-2018\" itemprop=\"image\" height=\"150\" width=\"150\" title=\"3_CFM-logoquadri-2018\" onerror=\"this.style.display='none'\"  \/>\n\t\t\t<a href=\"https:\/\/www.mesures-solutions-expo.fr\/\" target=\"_blank\" role=\"button\" rel=\"noopener\">\n\t\t\t\t\t\tFIND ALL THE INFORMATION ABOUT THE SHOW \n\t\t\t\t\t<\/a>","protected":false},"excerpt":{"rendered":"<p>Technical conferences on measurement, in video Subjects in detail\u2026 access the reruns of video conferences Job offers CV 2020 Directory Innovations in photos Visit the Creaform Connect registration page for more information. Being as close as possible to customers is the motto of Measures Solutions EXPO. In\u2026<\/p>","protected":false},"author":349,"featured_media":0,"parent":0,"menu_order":0,"comment_status":"closed","ping_status":"closed","template":"","meta":{"_acf_changed":false,"footnotes":""},"class_list":["post-11413","page","type-page","status-publish","hentry"],"acf":[],"yoast_head":"<!-- This site is optimized with the Yoast SEO plugin v27.3 - https:\/\/yoast.com\/product\/yoast-seo-wordpress\/ -->\n<title>Mesures Solutions EXPO \/\/ les infos et conf\u00e9rences des exposants - R\u00e9seau Mesure<\/title>\n<meta name=\"description\" content=\"Le salon measurement world est le salon de la mesure pour 2019. Les adh\u00e9rents du R\u00e9seau Mesure seront pr\u00e9sents. Informations et renseignements.\" \/>\n<meta name=\"robots\" content=\"index, follow, max-snippet:-1, max-image-preview:large, max-video-preview:-1\" \/>\n<link rel=\"canonical\" href=\"http:\/\/www.reseau-mesure.com\/en\/mesures-solutions-expo-informations-visio-conferences\/\" \/>\n<meta property=\"og:locale\" content=\"en_US\" \/>\n<meta property=\"og:type\" content=\"article\" \/>\n<meta property=\"og:title\" content=\"Mesures Solutions EXPO \/\/ les infos et conf\u00e9rences des exposants - R\u00e9seau Mesure\" \/>\n<meta property=\"og:description\" content=\"Le salon measurement world est le salon de la mesure pour 2019. Les adh\u00e9rents du R\u00e9seau Mesure seront pr\u00e9sents. Informations et renseignements.\" \/>\n<meta property=\"og:url\" content=\"http:\/\/www.reseau-mesure.com\/en\/mesures-solutions-expo-informations-visio-conferences\/\" \/>\n<meta property=\"og:site_name\" content=\"R\u00e9seau Mesure\" \/>\n<meta property=\"article:publisher\" content=\"https:\/\/www.facebook.com\/reseaumesure\/\" \/>\n<meta property=\"article:modified_time\" content=\"2021-03-18T11:33:03+00:00\" \/>\n<meta property=\"og:image\" content=\"https:\/\/www.reseau-mesure.com\/wp-content\/uploads\/2020\/11\/Logo-2-pour-email-300x157.jpg\" \/>\n<meta name=\"twitter:card\" content=\"summary_large_image\" \/>\n<meta name=\"twitter:site\" content=\"@ReseauMesure\" \/>\n<meta name=\"twitter:label1\" content=\"Est. reading time\" \/>\n\t<meta name=\"twitter:data1\" content=\"1 minute\" \/>\n<script type=\"application\/ld+json\" class=\"yoast-schema-graph\">{\"@context\":\"https:\\\/\\\/schema.org\",\"@graph\":[{\"@type\":\"WebPage\",\"@id\":\"http:\\\/\\\/www.reseau-mesure.com\\\/de\\\/mesures-solutions-expo-informations-visio-conferences\\\/\",\"url\":\"http:\\\/\\\/www.reseau-mesure.com\\\/de\\\/mesures-solutions-expo-informations-visio-conferences\\\/\",\"name\":\"Mesures Solutions EXPO \\\/\\\/ les infos et conf\u00e9rences des exposants - R\u00e9seau Mesure\",\"isPartOf\":{\"@id\":\"https:\\\/\\\/www.reseau-mesure.com\\\/#website\"},\"primaryImageOfPage\":{\"@id\":\"http:\\\/\\\/www.reseau-mesure.com\\\/de\\\/mesures-solutions-expo-informations-visio-conferences\\\/#primaryimage\"},\"image\":{\"@id\":\"http:\\\/\\\/www.reseau-mesure.com\\\/de\\\/mesures-solutions-expo-informations-visio-conferences\\\/#primaryimage\"},\"thumbnailUrl\":\"https:\\\/\\\/www.reseau-mesure.com\\\/wp-content\\\/uploads\\\/2020\\\/11\\\/Logo-2-pour-email-300x157.jpg\",\"datePublished\":\"2020-10-28T10:33:42+00:00\",\"dateModified\":\"2021-03-18T11:33:03+00:00\",\"description\":\"Le salon measurement world est le salon de la mesure pour 2019. Les adh\u00e9rents du R\u00e9seau Mesure seront pr\u00e9sents. Informations et renseignements.\",\"breadcrumb\":{\"@id\":\"http:\\\/\\\/www.reseau-mesure.com\\\/de\\\/mesures-solutions-expo-informations-visio-conferences\\\/#breadcrumb\"},\"inLanguage\":\"en-US\",\"potentialAction\":[{\"@type\":\"ReadAction\",\"target\":[\"http:\\\/\\\/www.reseau-mesure.com\\\/de\\\/mesures-solutions-expo-informations-visio-conferences\\\/\"]}]},{\"@type\":\"ImageObject\",\"inLanguage\":\"en-US\",\"@id\":\"http:\\\/\\\/www.reseau-mesure.com\\\/de\\\/mesures-solutions-expo-informations-visio-conferences\\\/#primaryimage\",\"url\":\"https:\\\/\\\/www.reseau-mesure.com\\\/wp-content\\\/uploads\\\/2020\\\/11\\\/Logo-2-pour-email-300x157.jpg\",\"contentUrl\":\"https:\\\/\\\/www.reseau-mesure.com\\\/wp-content\\\/uploads\\\/2020\\\/11\\\/Logo-2-pour-email-300x157.jpg\"},{\"@type\":\"BreadcrumbList\",\"@id\":\"http:\\\/\\\/www.reseau-mesure.com\\\/de\\\/mesures-solutions-expo-informations-visio-conferences\\\/#breadcrumb\",\"itemListElement\":[{\"@type\":\"ListItem\",\"position\":1,\"name\":\"Accueil\",\"item\":\"https:\\\/\\\/www.reseau-mesure.com\\\/\"},{\"@type\":\"ListItem\",\"position\":2,\"name\":\"Mesures Solutions EXPO \\\/\\\/ les infos et conf\u00e9rences des exposants\"}]},{\"@type\":\"WebSite\",\"@id\":\"https:\\\/\\\/www.reseau-mesure.com\\\/#website\",\"url\":\"https:\\\/\\\/www.reseau-mesure.com\\\/\",\"name\":\"R\u00e9seau-Mesure\",\"description\":\"R\u00e9seau Mesure\",\"publisher\":{\"@id\":\"https:\\\/\\\/www.reseau-mesure.com\\\/#organization\"},\"potentialAction\":[{\"@type\":\"SearchAction\",\"target\":{\"@type\":\"EntryPoint\",\"urlTemplate\":\"https:\\\/\\\/www.reseau-mesure.com\\\/?s={search_term_string}\"},\"query-input\":{\"@type\":\"PropertyValueSpecification\",\"valueRequired\":true,\"valueName\":\"search_term_string\"}}],\"inLanguage\":\"en-US\"},{\"@type\":\"Organization\",\"@id\":\"https:\\\/\\\/www.reseau-mesure.com\\\/#organization\",\"name\":\"R\u00e9seau-Mesure\",\"url\":\"https:\\\/\\\/www.reseau-mesure.com\\\/\",\"logo\":{\"@type\":\"ImageObject\",\"inLanguage\":\"en-US\",\"@id\":\"https:\\\/\\\/www.reseau-mesure.com\\\/#\\\/schema\\\/logo\\\/image\\\/\",\"url\":\"https:\\\/\\\/www.reseau-mesure.com\\\/wp-content\\\/uploads\\\/2018\\\/02\\\/logo-max.png\",\"contentUrl\":\"https:\\\/\\\/www.reseau-mesure.com\\\/wp-content\\\/uploads\\\/2018\\\/02\\\/logo-max.png\",\"width\":545,\"height\":285,\"caption\":\"R\u00e9seau-Mesure\"},\"image\":{\"@id\":\"https:\\\/\\\/www.reseau-mesure.com\\\/#\\\/schema\\\/logo\\\/image\\\/\"},\"sameAs\":[\"https:\\\/\\\/www.facebook.com\\\/reseaumesure\\\/\",\"https:\\\/\\\/x.com\\\/ReseauMesure\",\"https:\\\/\\\/www.linkedin.com\\\/company\\\/reseau-mesure\\\/\"]}]}<\/script>\n<!-- \/ Yoast SEO plugin. -->","yoast_head_json":{"title":"Mesures Solutions EXPO \/\/ les infos et conf\u00e9rences des exposants - R\u00e9seau Mesure","description":"Le salon measurement world est le salon de la mesure pour 2019. Les adh\u00e9rents du R\u00e9seau Mesure seront pr\u00e9sents. Informations et renseignements.","robots":{"index":"index","follow":"follow","max-snippet":"max-snippet:-1","max-image-preview":"max-image-preview:large","max-video-preview":"max-video-preview:-1"},"canonical":"http:\/\/www.reseau-mesure.com\/en\/mesures-solutions-expo-informations-visio-conferences\/","og_locale":"en_US","og_type":"article","og_title":"Mesures Solutions EXPO \/\/ les infos et conf\u00e9rences des exposants - R\u00e9seau Mesure","og_description":"Le salon measurement world est le salon de la mesure pour 2019. Les adh\u00e9rents du R\u00e9seau Mesure seront pr\u00e9sents. Informations et renseignements.","og_url":"http:\/\/www.reseau-mesure.com\/en\/mesures-solutions-expo-informations-visio-conferences\/","og_site_name":"R\u00e9seau Mesure","article_publisher":"https:\/\/www.facebook.com\/reseaumesure\/","article_modified_time":"2021-03-18T11:33:03+00:00","og_image":[{"url":"https:\/\/www.reseau-mesure.com\/wp-content\/uploads\/2020\/11\/Logo-2-pour-email-300x157.jpg","type":"","width":"","height":""}],"twitter_card":"summary_large_image","twitter_site":"@ReseauMesure","twitter_misc":{"Est. reading time":"1 minute"},"schema":{"@context":"https:\/\/schema.org","@graph":[{"@type":"WebPage","@id":"http:\/\/www.reseau-mesure.com\/de\/mesures-solutions-expo-informations-visio-conferences\/","url":"http:\/\/www.reseau-mesure.com\/de\/mesures-solutions-expo-informations-visio-conferences\/","name":"Mesures Solutions EXPO \/\/ les infos et conf\u00e9rences des exposants - R\u00e9seau Mesure","isPartOf":{"@id":"https:\/\/www.reseau-mesure.com\/#website"},"primaryImageOfPage":{"@id":"http:\/\/www.reseau-mesure.com\/de\/mesures-solutions-expo-informations-visio-conferences\/#primaryimage"},"image":{"@id":"http:\/\/www.reseau-mesure.com\/de\/mesures-solutions-expo-informations-visio-conferences\/#primaryimage"},"thumbnailUrl":"https:\/\/www.reseau-mesure.com\/wp-content\/uploads\/2020\/11\/Logo-2-pour-email-300x157.jpg","datePublished":"2020-10-28T10:33:42+00:00","dateModified":"2021-03-18T11:33:03+00:00","description":"Le salon measurement world est le salon de la mesure pour 2019. Les adh\u00e9rents du R\u00e9seau Mesure seront pr\u00e9sents. Informations et renseignements.","breadcrumb":{"@id":"http:\/\/www.reseau-mesure.com\/de\/mesures-solutions-expo-informations-visio-conferences\/#breadcrumb"},"inLanguage":"en-US","potentialAction":[{"@type":"ReadAction","target":["http:\/\/www.reseau-mesure.com\/de\/mesures-solutions-expo-informations-visio-conferences\/"]}]},{"@type":"ImageObject","inLanguage":"en-US","@id":"http:\/\/www.reseau-mesure.com\/de\/mesures-solutions-expo-informations-visio-conferences\/#primaryimage","url":"https:\/\/www.reseau-mesure.com\/wp-content\/uploads\/2020\/11\/Logo-2-pour-email-300x157.jpg","contentUrl":"https:\/\/www.reseau-mesure.com\/wp-content\/uploads\/2020\/11\/Logo-2-pour-email-300x157.jpg"},{"@type":"BreadcrumbList","@id":"http:\/\/www.reseau-mesure.com\/de\/mesures-solutions-expo-informations-visio-conferences\/#breadcrumb","itemListElement":[{"@type":"ListItem","position":1,"name":"Accueil","item":"https:\/\/www.reseau-mesure.com\/"},{"@type":"ListItem","position":2,"name":"Mesures Solutions EXPO \/\/ les infos et conf\u00e9rences des exposants"}]},{"@type":"WebSite","@id":"https:\/\/www.reseau-mesure.com\/#website","url":"https:\/\/www.reseau-mesure.com\/","name":"R\u00e9seau-Mesure","description":"Network Measure","publisher":{"@id":"https:\/\/www.reseau-mesure.com\/#organization"},"potentialAction":[{"@type":"SearchAction","target":{"@type":"EntryPoint","urlTemplate":"https:\/\/www.reseau-mesure.com\/?s={search_term_string}"},"query-input":{"@type":"PropertyValueSpecification","valueRequired":true,"valueName":"search_term_string"}}],"inLanguage":"en-US"},{"@type":"Organization","@id":"https:\/\/www.reseau-mesure.com\/#organization","name":"R\u00e9seau-Mesure","url":"https:\/\/www.reseau-mesure.com\/","logo":{"@type":"ImageObject","inLanguage":"en-US","@id":"https:\/\/www.reseau-mesure.com\/#\/schema\/logo\/image\/","url":"https:\/\/www.reseau-mesure.com\/wp-content\/uploads\/2018\/02\/logo-max.png","contentUrl":"https:\/\/www.reseau-mesure.com\/wp-content\/uploads\/2018\/02\/logo-max.png","width":545,"height":285,"caption":"R\u00e9seau-Mesure"},"image":{"@id":"https:\/\/www.reseau-mesure.com\/#\/schema\/logo\/image\/"},"sameAs":["https:\/\/www.facebook.com\/reseaumesure\/","https:\/\/x.com\/ReseauMesure","https:\/\/www.linkedin.com\/company\/reseau-mesure\/"]}]}},"_links":{"self":[{"href":"https:\/\/www.reseau-mesure.com\/en\/wp-json\/wp\/v2\/pages\/11413","targetHints":{"allow":["GET"]}}],"collection":[{"href":"https:\/\/www.reseau-mesure.com\/en\/wp-json\/wp\/v2\/pages"}],"about":[{"href":"https:\/\/www.reseau-mesure.com\/en\/wp-json\/wp\/v2\/types\/page"}],"author":[{"embeddable":true,"href":"https:\/\/www.reseau-mesure.com\/en\/wp-json\/wp\/v2\/users\/349"}],"replies":[{"embeddable":true,"href":"https:\/\/www.reseau-mesure.com\/en\/wp-json\/wp\/v2\/comments?post=11413"}],"version-history":[{"count":0,"href":"https:\/\/www.reseau-mesure.com\/en\/wp-json\/wp\/v2\/pages\/11413\/revisions"}],"wp:attachment":[{"href":"https:\/\/www.reseau-mesure.com\/en\/wp-json\/wp\/v2\/media?parent=11413"}],"curies":[{"name":"wp","href":"https:\/\/api.w.org\/{rel}","templated":true}]}}