{"id":11432,"date":"2021-01-18T18:00:06","date_gmt":"2021-01-18T17:00:06","guid":{"rendered":"https:\/\/www.reseau-mesure.com\/?page_id=11432"},"modified":"2026-03-05T16:27:55","modified_gmt":"2026-03-05T15:27:55","slug":"haxoneo","status":"publish","type":"page","link":"https:\/\/www.reseau-mesure.com\/en\/haxoneo\/","title":{"rendered":"HAXONEO"},"content":{"rendered":"<h1><strong>MEASUREMENT NETWORK PARTNERSHIP - HAXONEO<\/strong><\/h1>\n<p><img loading=\"lazy\" decoding=\"async\" src=\"https:\/\/www.reseau-mesure.com\/wp-content\/uploads\/2018\/01\/haxoneo.png\" alt=\"HAXONEO\" width=\"296\" height=\"84\" \/><\/p>\n<p>&nbsp;<\/p>\nHAXONEO is your partner who supports you in <strong>l&rsquo;optimisation de vos<\/strong><br \/>\n<strong>indirect purchases and overheads in order to achieve lasting savings<\/strong>.\nSa mission : vous faire b\u00e9n\u00e9ficier des <strong>same advantages as large groups<\/strong>,<br \/>\nwhile keeping control of your purchases.\n<p>&nbsp;<\/p>\n\n\t<p>&nbsp;<\/p>\n<p>Thanks to your membership in the R\u00e9seau Mesure, you benefit from<strong> 35% de r\u00e9duction <\/strong>sur votre adh\u00e9sion \u00e0 la plateforme d&rsquo;achats <a href=\"https:\/\/www.haxoneo.com\/\" target=\"_blank\" rel=\"noopener\">Haxoneo<\/a>.<\/p>\n<p>Since 2011, <a href=\"http:\/\/www.haxoneo.com\" target=\"_blank\" rel=\"noopener\">Haxoneo<\/a> offers <strong>key account pricing conditions<\/strong> for all your professional purchases, negotiated with <strong>over 100 suppliers<\/strong> thanks to the <strong>mutualisation des volumes d&rsquo;achats de ses 15 000 adh\u00e9rents.<\/strong><\/p>\n<p>\u279d Save time and money (30% on average) on <strong>60 shopping categories<\/strong> dans 6 domaines d&rsquo;intervention.<\/p>\n<p>&nbsp;<\/p>\n<figure itemscope itemtype=\"https:\/\/schema.org\/ImageObject\">\n\t\t\t\t<img decoding=\"async\" src=\"https:\/\/www.reseau-mesure.com\/wp-content\/uploads\/2023\/11\/Categories-dachats-Haxoneo.jpg\" alt=\"Cate\u0301gories d&#039;achats Haxoneo\" height=\"625\" width=\"1875\" title=\"Haxoneo purchasing categories\" onerror=\"this.style.display='none'\" loading=\"lazy\" \/>\n\t<\/figure>\n\t<p>&nbsp;<\/p>\n<p>With Haxoneo, you have all the tools in hand for optimized management of <strong>your purchases<\/strong> :<\/p>\n\u25b8Des <strong>negotiated rates<\/strong>, every year and a dedicated analysis service to ensure you<br \/>\nsavings ;<br \/>\n\u25b8 A <strong>only multi-vendor ordering platform<\/strong>, to save you time;<br \/>\n\u25b8 The desired quantity: <strong>no volume commitment<\/strong> on your orders;<br \/>\n\u25b8 From <strong>many features<\/strong> : management of user profiles, rules of<br \/>\nvalidation de commandes, suivi de vos budgets, &#8230; ;<br \/>\n\u25b8 Assistance for <strong>responsible purchasing<\/strong> : mise en avant de l&rsquo;impact carbone, de<br \/>\nl&rsquo;origine produits, des d\u00e9marches RSE des fournisseurs<br \/>\n\u25b8 A<strong> expertise d&rsquo;achat<\/strong>, A <strong>purchasing department<\/strong>, from <strong>market leaders<\/strong> and one <strong>service<\/strong><br \/>\n<strong>customer<\/strong>t at your disposal to support you.\n<p>Concr\u00e8tement ? En 2024, c&rsquo;est plus de <strong>190 000\u20ac d&rsquo;\u00e9conomies r\u00e9alis\u00e9es pour 60 soci\u00e9t\u00e9s adh\u00e9rentes R\u00e9seau Mesure<\/strong>, on <strong>22 cat\u00e9gories d&rsquo;achats<\/strong>.<\/p>\n\t\t\t<a href=\"https:\/\/www.reseau-mesure.com\/wp-content\/uploads\/2025\/05\/Haxoneo_bilan2024_7_reseau-mesure_2025-04-23.pdf\"  target=\"_blank\" rel=\"noopener\">\n\t\t\t\t\t\t\tT\u00e9l\u00e9charger le bilan d&rsquo;\u00e9conomies 2024\n\t\t\t\t\t<\/a>\n\t<p>&nbsp;<\/p>\n<p>&nbsp;<\/p>\n<p><strong>Thanks to your membership in the R\u00e9seau Mesure, you benefit from <\/strong><strong>35%<\/strong><strong> de r\u00e9duction sur votre adh\u00e9sion \u00e0 la plateforme d&rsquo;achats Haxoneo.<\/strong><\/p>\n\t<p>Un accompagnement personnalis\u00e9 par un charg\u00e9 d&rsquo;affaires est assur\u00e9.<\/p>\n<figure itemscope itemtype=\"https:\/\/schema.org\/ImageObject\">\n\t\t\t\t<img decoding=\"async\" src=\"https:\/\/www.reseau-mesure.com\/wp-content\/uploads\/2026\/03\/Signature-Maxime-Haxoneo-1-300x171.jpg\" alt=\"Maxime Haxoneo\" height=\"171\" width=\"300\" title=\"Signature Maxime Haxoneo\" onerror=\"this.style.display='none'\" loading=\"lazy\" \/>\n\t<\/figure>\n\t\t\t<a href=\"https:\/\/www.reseau-mesure.com\/wp-content\/uploads\/2026\/01\/Protocole-Reseau-Mesure-2026.pdf\"  target=\"_blank\" rel=\"noopener\">\n\t\t\t\t\t\t\tDownload the protocol\n\t\t\t\t\t<\/a>\n\t\t\t<a href=\"https:\/\/www.reseau-mesure.com\/wp-content\/uploads\/2026\/01\/Presentation-HAXONEO_RM_MD.pdf\"  target=\"_blank\" rel=\"noopener\">\n\t\t\t\t\t\t\tDownload the HAXONEO presentation\n\t\t\t\t\t<\/a>\n\t<p>&nbsp;<\/p>\n<p>Haxoneo assure le suivi des contrats cadres et enrichit continuellement son groupement de nouveaux adh\u00e9rents et de nouveaux fournisseurs-partenaires pour le rendre encore plus fort.<\/p>\n<p>Meeting on : <a href=\"http:\/\/www.haxoneo.com\">www.haxoneo.com<\/a><\/p>\n\t<p><em>&quot;I got to know the HAXONEO platform thanks to Estelle Duflot, during a presentation to CIFL members as part of our partnership with the Measurement Network, who convinced me <strong>real savings<\/strong> that we could do within my company.<\/em><\/p>\n<p><em>For more than two years, I have been shopping for <a href=\"https:\/\/mailstat.us\/tr\/t\/1xdenevul2ionehh\/d\/https:\/email.haxoneo.com\/lnk\/AL4AAMRPhccAAchwZvoAALP0stYAAYCrxOgAm56cAAlIiABiaiKw1XRirvcQTfKCYEEK2zzHvgAIzUU\/8\/dfs9mqyWDebyv3IP3CIk9g\/aHR0cHM6Ly93d3cuaGF4b25lby5jb20vMzc4LWZvdXJuaXR1cmVzLWRlLWJ1cmVhdQ\">office supplies<\/a>, of <a href=\"https:\/\/mailstat.us\/tr\/t\/1xdenevul2ionehh\/e\/https:\/email.haxoneo.com\/lnk\/AL4AAMRPhccAAchwZvoAALP0stYAAYCrxOgAm56cAAlIiABiaiKw1XRirvcQTfKCYEEK2zzHvgAIzUU\/9\/sTz9PFS9nhT6DUAML0cgLg\/aHR0cHM6Ly93d3cuaGF4b25lby5jb20vbW9kdWxlL2hheGNtc2N1c3RvbS9jbXNjdXN0b20_aWRfY21zX2N1c3RvbT0xMDE\">cafeteria<\/a> and of <a href=\"https:\/\/mailstat.us\/tr\/t\/1xdenevul2ionehh\/f\/https:\/email.haxoneo.com\/lnk\/AL4AAMRPhccAAchwZvoAALP0stYAAYCrxOgAm56cAAlIiABiaiKw1XRirvcQTfKCYEEK2zzHvgAIzUU\/10\/K9vL1XTXGgkzdThQEp73Yg\/aHR0cHM6Ly93d3cuaGF4b25lby5jb20vbW9kdWxlL2hheGNtc2NhdGVnb3J5Y3VzdG9tL2Ntc2NhdGVnb3J5P2lkX2Ntc19jYXRlZ29yeV9jdXN0b209NA\">office furniture<\/a> through the purchasing group.<\/em><\/p>\n<p><em>I realized from <strong>real savings<\/strong> in all these areas.<\/em><\/p>\n<p><em><strong>The site is easy to use<\/strong> and the Haxoneo team is <strong>still<\/strong> <strong>available<\/strong> to meet my expectations. \u00bb<\/em><\/p>\n<p><em>\u2013 V\u00e9ronique HUGEL, Administrative and Financial Director, at INTEGRA Biosciences SAS<\/em><\/p>\n\t<p><img loading=\"lazy\" decoding=\"async\" src=\"https:\/\/www.reseau-mesure.com\/wp-content\/uploads\/2022\/11\/veronique-hugel.jpg\" alt=\"Veronique Hugel\" width=\"190\" height=\"265\" \/><\/p>\n<p>&nbsp;<\/p>","protected":false},"excerpt":{"rendered":"<p>PARTENARIAT R\u00c9SEAU MESURE &#8211; HAXONEO &nbsp; HAXONEO est votre partenaire qui vous accompagne dans l&rsquo;optimisation de vos achats indirects et frais g\u00e9n\u00e9raux afin de r\u00e9aliser des \u00e9conomies p\u00e9rennes. Sa mission : vous faire b\u00e9n\u00e9ficier des m\u00eames avantages que les grands groupes, en gardant la ma\u00eetrise de vos achats. &nbsp; &nbsp; Gr\u00e2ce \u00e0 votre adh\u00e9sion au&hellip;<\/p>","protected":false},"author":685,"featured_media":0,"parent":0,"menu_order":0,"comment_status":"closed","ping_status":"closed","template":"","meta":{"_acf_changed":false,"footnotes":""},"class_list":["post-11432","page","type-page","status-publish","hentry"],"acf":[],"yoast_head":"<!-- This site is optimized with the Yoast SEO plugin v27.4 - https:\/\/yoast.com\/product\/yoast-seo-wordpress\/ -->\n<title>HAXONEO - R\u00e9seau Mesure<\/title>\n<meta name=\"description\" content=\"HAXONEO : R\u00e9duisez vos co\u00fbts , simplifiez et ma\u00eetrisez vos achats. D\u00e9couvrez le partenariat Haxon\u00e9o - R\u00e9seau Mesure.\" \/>\n<meta name=\"robots\" content=\"index, follow, max-snippet:-1, max-image-preview:large, max-video-preview:-1\" \/>\n<link rel=\"canonical\" href=\"https:\/\/www.reseau-mesure.com\/en\/haxoneo\/\" \/>\n<meta property=\"og:locale\" content=\"en_US\" \/>\n<meta property=\"og:type\" content=\"article\" \/>\n<meta property=\"og:title\" content=\"HAXONEO - R\u00e9seau Mesure\" \/>\n<meta property=\"og:description\" content=\"HAXONEO : R\u00e9duisez vos co\u00fbts , simplifiez et ma\u00eetrisez vos achats. D\u00e9couvrez le partenariat Haxon\u00e9o - R\u00e9seau Mesure.\" \/>\n<meta property=\"og:url\" content=\"https:\/\/www.reseau-mesure.com\/en\/haxoneo\/\" \/>\n<meta property=\"og:site_name\" content=\"R\u00e9seau Mesure\" \/>\n<meta property=\"article:publisher\" content=\"https:\/\/www.facebook.com\/reseaumesure\/\" \/>\n<meta property=\"article:modified_time\" content=\"2026-03-05T15:27:55+00:00\" \/>\n<meta property=\"og:image\" content=\"https:\/\/www.reseau-mesure.com\/wp-content\/uploads\/2018\/01\/haxoneo.png\" \/>\n<meta name=\"twitter:card\" content=\"summary_large_image\" \/>\n<meta name=\"twitter:site\" content=\"@ReseauMesure\" \/>\n<meta name=\"twitter:label1\" content=\"Est. reading time\" \/>\n\t<meta name=\"twitter:data1\" content=\"8 minutes\" \/>\n<script type=\"application\/ld+json\" class=\"yoast-schema-graph\">{\"@context\":\"https:\\\/\\\/schema.org\",\"@graph\":[{\"@type\":\"WebPage\",\"@id\":\"https:\\\/\\\/www.reseau-mesure.com\\\/haxoneo\\\/\",\"url\":\"https:\\\/\\\/www.reseau-mesure.com\\\/haxoneo\\\/\",\"name\":\"HAXONEO - R\u00e9seau Mesure\",\"isPartOf\":{\"@id\":\"https:\\\/\\\/www.reseau-mesure.com\\\/#website\"},\"primaryImageOfPage\":{\"@id\":\"https:\\\/\\\/www.reseau-mesure.com\\\/haxoneo\\\/#primaryimage\"},\"image\":{\"@id\":\"https:\\\/\\\/www.reseau-mesure.com\\\/haxoneo\\\/#primaryimage\"},\"thumbnailUrl\":\"https:\\\/\\\/www.reseau-mesure.com\\\/wp-content\\\/uploads\\\/2018\\\/01\\\/haxoneo.png\",\"datePublished\":\"2021-01-18T17:00:06+00:00\",\"dateModified\":\"2026-03-05T15:27:55+00:00\",\"description\":\"HAXONEO : R\u00e9duisez vos co\u00fbts , simplifiez et ma\u00eetrisez vos achats. D\u00e9couvrez le partenariat Haxon\u00e9o - R\u00e9seau Mesure.\",\"breadcrumb\":{\"@id\":\"https:\\\/\\\/www.reseau-mesure.com\\\/haxoneo\\\/#breadcrumb\"},\"inLanguage\":\"en-US\",\"potentialAction\":[{\"@type\":\"ReadAction\",\"target\":[\"https:\\\/\\\/www.reseau-mesure.com\\\/haxoneo\\\/\"]}]},{\"@type\":\"ImageObject\",\"inLanguage\":\"en-US\",\"@id\":\"https:\\\/\\\/www.reseau-mesure.com\\\/haxoneo\\\/#primaryimage\",\"url\":\"https:\\\/\\\/www.reseau-mesure.com\\\/wp-content\\\/uploads\\\/2018\\\/01\\\/haxoneo.png\",\"contentUrl\":\"https:\\\/\\\/www.reseau-mesure.com\\\/wp-content\\\/uploads\\\/2018\\\/01\\\/haxoneo.png\"},{\"@type\":\"BreadcrumbList\",\"@id\":\"https:\\\/\\\/www.reseau-mesure.com\\\/haxoneo\\\/#breadcrumb\",\"itemListElement\":[{\"@type\":\"ListItem\",\"position\":1,\"name\":\"Accueil\",\"item\":\"https:\\\/\\\/www.reseau-mesure.com\\\/\"},{\"@type\":\"ListItem\",\"position\":2,\"name\":\"HAXONEO\"}]},{\"@type\":\"WebSite\",\"@id\":\"https:\\\/\\\/www.reseau-mesure.com\\\/#website\",\"url\":\"https:\\\/\\\/www.reseau-mesure.com\\\/\",\"name\":\"R\u00e9seau-Mesure\",\"description\":\"R\u00e9seau Mesure\",\"publisher\":{\"@id\":\"https:\\\/\\\/www.reseau-mesure.com\\\/#organization\"},\"potentialAction\":[{\"@type\":\"SearchAction\",\"target\":{\"@type\":\"EntryPoint\",\"urlTemplate\":\"https:\\\/\\\/www.reseau-mesure.com\\\/?s={search_term_string}\"},\"query-input\":{\"@type\":\"PropertyValueSpecification\",\"valueRequired\":true,\"valueName\":\"search_term_string\"}}],\"inLanguage\":\"en-US\"},{\"@type\":\"Organization\",\"@id\":\"https:\\\/\\\/www.reseau-mesure.com\\\/#organization\",\"name\":\"R\u00e9seau-Mesure\",\"url\":\"https:\\\/\\\/www.reseau-mesure.com\\\/\",\"logo\":{\"@type\":\"ImageObject\",\"inLanguage\":\"en-US\",\"@id\":\"https:\\\/\\\/www.reseau-mesure.com\\\/#\\\/schema\\\/logo\\\/image\\\/\",\"url\":\"https:\\\/\\\/www.reseau-mesure.com\\\/wp-content\\\/uploads\\\/2018\\\/02\\\/logo-max.png\",\"contentUrl\":\"https:\\\/\\\/www.reseau-mesure.com\\\/wp-content\\\/uploads\\\/2018\\\/02\\\/logo-max.png\",\"width\":545,\"height\":285,\"caption\":\"R\u00e9seau-Mesure\"},\"image\":{\"@id\":\"https:\\\/\\\/www.reseau-mesure.com\\\/#\\\/schema\\\/logo\\\/image\\\/\"},\"sameAs\":[\"https:\\\/\\\/www.facebook.com\\\/reseaumesure\\\/\",\"https:\\\/\\\/x.com\\\/ReseauMesure\",\"https:\\\/\\\/www.linkedin.com\\\/company\\\/reseau-mesure\\\/\"]}]}<\/script>\n<!-- \/ Yoast SEO plugin. -->","yoast_head_json":{"title":"HAXONEO - R\u00e9seau Mesure","description":"HAXONEO : R\u00e9duisez vos co\u00fbts , simplifiez et ma\u00eetrisez vos achats. D\u00e9couvrez le partenariat Haxon\u00e9o - R\u00e9seau Mesure.","robots":{"index":"index","follow":"follow","max-snippet":"max-snippet:-1","max-image-preview":"max-image-preview:large","max-video-preview":"max-video-preview:-1"},"canonical":"https:\/\/www.reseau-mesure.com\/en\/haxoneo\/","og_locale":"en_US","og_type":"article","og_title":"HAXONEO - R\u00e9seau Mesure","og_description":"HAXONEO : R\u00e9duisez vos co\u00fbts , simplifiez et ma\u00eetrisez vos achats. D\u00e9couvrez le partenariat Haxon\u00e9o - R\u00e9seau Mesure.","og_url":"https:\/\/www.reseau-mesure.com\/en\/haxoneo\/","og_site_name":"R\u00e9seau Mesure","article_publisher":"https:\/\/www.facebook.com\/reseaumesure\/","article_modified_time":"2026-03-05T15:27:55+00:00","og_image":[{"url":"https:\/\/www.reseau-mesure.com\/wp-content\/uploads\/2018\/01\/haxoneo.png","type":"","width":"","height":""}],"twitter_card":"summary_large_image","twitter_site":"@ReseauMesure","twitter_misc":{"Est. reading time":"8 minutes"},"schema":{"@context":"https:\/\/schema.org","@graph":[{"@type":"WebPage","@id":"https:\/\/www.reseau-mesure.com\/haxoneo\/","url":"https:\/\/www.reseau-mesure.com\/haxoneo\/","name":"HAXONEO - R\u00e9seau Mesure","isPartOf":{"@id":"https:\/\/www.reseau-mesure.com\/#website"},"primaryImageOfPage":{"@id":"https:\/\/www.reseau-mesure.com\/haxoneo\/#primaryimage"},"image":{"@id":"https:\/\/www.reseau-mesure.com\/haxoneo\/#primaryimage"},"thumbnailUrl":"https:\/\/www.reseau-mesure.com\/wp-content\/uploads\/2018\/01\/haxoneo.png","datePublished":"2021-01-18T17:00:06+00:00","dateModified":"2026-03-05T15:27:55+00:00","description":"HAXONEO : R\u00e9duisez vos co\u00fbts , simplifiez et ma\u00eetrisez vos achats. D\u00e9couvrez le partenariat Haxon\u00e9o - R\u00e9seau Mesure.","breadcrumb":{"@id":"https:\/\/www.reseau-mesure.com\/haxoneo\/#breadcrumb"},"inLanguage":"en-US","potentialAction":[{"@type":"ReadAction","target":["https:\/\/www.reseau-mesure.com\/haxoneo\/"]}]},{"@type":"ImageObject","inLanguage":"en-US","@id":"https:\/\/www.reseau-mesure.com\/haxoneo\/#primaryimage","url":"https:\/\/www.reseau-mesure.com\/wp-content\/uploads\/2018\/01\/haxoneo.png","contentUrl":"https:\/\/www.reseau-mesure.com\/wp-content\/uploads\/2018\/01\/haxoneo.png"},{"@type":"BreadcrumbList","@id":"https:\/\/www.reseau-mesure.com\/haxoneo\/#breadcrumb","itemListElement":[{"@type":"ListItem","position":1,"name":"Accueil","item":"https:\/\/www.reseau-mesure.com\/"},{"@type":"ListItem","position":2,"name":"HAXONEO"}]},{"@type":"WebSite","@id":"https:\/\/www.reseau-mesure.com\/#website","url":"https:\/\/www.reseau-mesure.com\/","name":"R\u00e9seau-Mesure","description":"Network Measure","publisher":{"@id":"https:\/\/www.reseau-mesure.com\/#organization"},"potentialAction":[{"@type":"SearchAction","target":{"@type":"EntryPoint","urlTemplate":"https:\/\/www.reseau-mesure.com\/?s={search_term_string}"},"query-input":{"@type":"PropertyValueSpecification","valueRequired":true,"valueName":"search_term_string"}}],"inLanguage":"en-US"},{"@type":"Organization","@id":"https:\/\/www.reseau-mesure.com\/#organization","name":"R\u00e9seau-Mesure","url":"https:\/\/www.reseau-mesure.com\/","logo":{"@type":"ImageObject","inLanguage":"en-US","@id":"https:\/\/www.reseau-mesure.com\/#\/schema\/logo\/image\/","url":"https:\/\/www.reseau-mesure.com\/wp-content\/uploads\/2018\/02\/logo-max.png","contentUrl":"https:\/\/www.reseau-mesure.com\/wp-content\/uploads\/2018\/02\/logo-max.png","width":545,"height":285,"caption":"R\u00e9seau-Mesure"},"image":{"@id":"https:\/\/www.reseau-mesure.com\/#\/schema\/logo\/image\/"},"sameAs":["https:\/\/www.facebook.com\/reseaumesure\/","https:\/\/x.com\/ReseauMesure","https:\/\/www.linkedin.com\/company\/reseau-mesure\/"]}]}},"_links":{"self":[{"href":"https:\/\/www.reseau-mesure.com\/en\/wp-json\/wp\/v2\/pages\/11432","targetHints":{"allow":["GET"]}}],"collection":[{"href":"https:\/\/www.reseau-mesure.com\/en\/wp-json\/wp\/v2\/pages"}],"about":[{"href":"https:\/\/www.reseau-mesure.com\/en\/wp-json\/wp\/v2\/types\/page"}],"author":[{"embeddable":true,"href":"https:\/\/www.reseau-mesure.com\/en\/wp-json\/wp\/v2\/users\/685"}],"replies":[{"embeddable":true,"href":"https:\/\/www.reseau-mesure.com\/en\/wp-json\/wp\/v2\/comments?post=11432"}],"version-history":[{"count":2,"href":"https:\/\/www.reseau-mesure.com\/en\/wp-json\/wp\/v2\/pages\/11432\/revisions"}],"predecessor-version":[{"id":30215,"href":"https:\/\/www.reseau-mesure.com\/en\/wp-json\/wp\/v2\/pages\/11432\/revisions\/30215"}],"wp:attachment":[{"href":"https:\/\/www.reseau-mesure.com\/en\/wp-json\/wp\/v2\/media?parent=11432"}],"curies":[{"name":"wp","href":"https:\/\/api.w.org\/{rel}","templated":true}]}}