{"id":11492,"date":"2020-11-04T09:35:19","date_gmt":"2020-11-04T08:35:19","guid":{"rendered":"https:\/\/www.reseau-mesure.com\/?page_id=11492"},"modified":"2020-11-06T09:19:14","modified_gmt":"2020-11-06T08:19:14","slug":"newsletter-20201112","status":"publish","type":"page","link":"https:\/\/www.reseau-mesure.com\/en\/newsletter-20201112\/","title":{"rendered":"Newsletter-20201112"},"content":{"rendered":"<img loading=\"lazy\" decoding=\"async\" src=\"https:\/\/www.reseau-mesure.com\/wp-content\/uploads\/2020\/07\/20ku.jpeg\" alt=\"20ku\" itemprop=\"image\" height=\"300\" width=\"970\" title=\"20ku\" onerror=\"this.style.display='none'\"  \/>\n<h1>\n\t\tExpress Measurement Network\n\t<\/h1>\n<h2>\n\t\t12.11.2020\n\t<\/h2>\n<h2>\n\t\tParticipate in meetings organized to help you consolidate your cash flow\n\t<\/h2>\n\t<table border=\"0\" width=\"350\" cellspacing=\"0\" cellpadding=\"0\" align=\"left\">\n<tbody>\n<tr>\n<td><strong>Maintain control, preserve cash flow and save time<\/strong><\/td>\n<\/tr>\n<tr>\n<td height=\"10\"><\/td>\n<\/tr>\n<tr>\n<td>\n<b>Next video meetings:<\/b>\n<ul>\n<li><b>Wednesday 18 November 2020 - 3:00 p.m. \/ 4:00 p.m.<\/b><\/li>\n<li><b>Tuesday November 24, 2020 - 10:00 am \/ 11:00 am<\/b><\/li>\n<\/ul>\nAs part of crisis management related to COVID-19, the \u201cFinancing solutions\u201d working group offers two meetings to study the establishment of a partnership for solutions:\n<ul>\n<li><strong>Information on the financial health of your clients<\/strong><\/li>\n<li><strong>Credit insurance<\/strong><\/li>\n<li><strong>Factoring<\/strong><\/li>\n<\/ul>\nThese two meetings will allow us to understand the offers of COFACE and BPCE FACTOR on 18\/11, then of BNP Paribas Factor on 24\/11.\n<\/td>\n<\/tr>\n<tr>\n<td height=\"10\"><\/td>\n<\/tr>\n<tr>\n<td valign=\"top\"><\/td>\n<\/tr>\n<\/tbody>\n<\/table>\n\t\t\t<a href=\"mailto:eduflot@reseau-mesure.com\" target=\"_blank\" role=\"button\" rel=\"noopener noreferrer\">\n\t\t\t\t\t\t\tI&#039;am interested)\n\t\t\t\t\t<\/a>\n\t\t\t\t<a href=\"https:\/\/www.reseau-mesure.com\/wp-content\/uploads\/2020\/09\/MDI_MK_ReseauMesure-2020-09-30.pdf\" target=\"_blank\" rel=\"noopener noreferrer\" itemprop=\"url\">\n\t\t\t\t<img loading=\"lazy\" decoding=\"async\" src=\"https:\/\/www.reseau-mesure.com\/wp-content\/uploads\/2020\/11\/2066-2-scaled.jpg\" alt=\"tresorerie\" itemprop=\"image\" height=\"1707\" width=\"2560\" title=\"Treasury\" onerror=\"this.style.display='none'\"  \/>\n\t\t\t\t<\/a>\n<strong>Ask your questions, discover solutions<br \/>\nefficient and profitable!<\/strong>\n<h2>\n\t\tTechnical conferences for visitors to Measures Solutions EXPO are launched\n\t<\/h2>\n\t\t\t\t<img loading=\"lazy\" decoding=\"async\" src=\"https:\/\/www.reseau-mesure.com\/wp-content\/uploads\/2018\/04\/LOGO-MSE.jpg\" alt=\"Mesures Solutions Expo\" itemprop=\"image\" height=\"624\" width=\"1276\" title=\"MSE LOGO\" onerror=\"this.style.display='none'\"  \/>\n\t<p>&nbsp;<\/p>\n<p><b>The Mesures Solutions EXPO exhibition could not be held but more than 1200 visitors had pre-registered.<\/b><\/p>\n<p>Let&#039;s keep in touch with them!<\/p>\n<p>The Measurement Network offers them a cycle of technical conferences led by exhibitors and the French College of Metrology.<\/p>\n\t\t\t<a href=\"https:\/\/www.reseau-mesure.com\/en\/mesures-solutions-expo-informations-visio-conferences\/\" target=\"_self\" role=\"button\" rel=\"noopener noreferrer\">\n\t\t\t\t\t\t\tFind out more ...\n\t\t\t\t\t<\/a>\n<h2>\n\t\tGive your opinion on the &quot;purchasing actions&quot; carried out by the Measurement Network\n\t<\/h2>\n\t<p>&nbsp;<\/p>\n<p><strong>The purchasing group offers you many actions.<\/strong><\/p>\n<p>Pooling makes it possible to create partnerships in different areas and thus give members the opportunity to benefit from preferential rates built up thanks to the strength of the network and pooled purchases.<\/p>\n<p><strong>Pooled purchases are a major source of savings.<\/strong><\/p>\n<p>You can find all the partners via the following link: <a href=\"https:\/\/www.reseau-mesure.com\/en\/achats-mutualises\/\">https:\/\/www.reseau-mesure.com\/achats-mutualises\/<\/a><\/p>\n<p><strong>The purchasing group would like to know your point of view on the existing actions and your expectations to guide the development of actions for 2021.<\/strong><\/p>\n\t\t\t<a href=\"https:\/\/webquest.fr\/?m=96584_votre-avis-sur-les-actions-du-groupe-achats\" target=\"_self\" role=\"button\" rel=\"noopener noreferrer\">\n\t\t\t\t\t\tI answer the questionnaire in 2 minutes\n\t\t\t\t\t<\/a>\n\t\t\t\t<a href=\"mailto:eduflot@reseau-mesure.com\" target=\"_blank\" rel=\"noopener noreferrer\" itemprop=\"url\">\n\t\t\t\t<img loading=\"lazy\" decoding=\"async\" src=\"https:\/\/www.reseau-mesure.com\/wp-content\/uploads\/2018\/10\/AdobeStock_65933128.jpeg\" alt=\"Achats mutualis\u00e9s du R\u00e9seau Mesure\" itemprop=\"image\" height=\"3696\" width=\"5544\" title=\"Pooled purchasing\" onerror=\"this.style.display='none'\"  \/>\n\t\t\t\t<\/a>\n\t\t\t<a href=\"https:\/\/www.reseau-mesure.com\/en\/evenements\/\" target=\"_self\" role=\"button\" rel=\"noopener noreferrer\">\n\t\t\t\t\t\t\tThe complete agenda of the Measurement Network\n\t\t\t\t\t<\/a>\n\t\t\t\t<img loading=\"lazy\" decoding=\"async\" src=\"https:\/\/www.reseau-mesure.com\/wp-content\/uploads\/2020\/08\/Plan-de-travail-3niveau-300x199.png\" alt=\"Plan de travail 3niveau\" itemprop=\"image\" height=\"199\" width=\"300\" title=\"3rd level worktop\" onerror=\"this.style.display='none'\"  \/>\n\t\t\t\t<img loading=\"lazy\" decoding=\"async\" src=\"https:\/\/www.reseau-mesure.com\/wp-content\/uploads\/2020\/11\/CIFL_2020_30.png\" alt=\"CIFL\" itemprop=\"image\" height=\"2008\" width=\"3543\" title=\"CIFL_2020_30\" onerror=\"this.style.display='none'\"  \/>\n\t<h4><strong>CIFL offers 2 new HR workshops:<\/strong><\/h4>\n<p><strong>Employers, employees, how to deal with situations of harassment in a company?<\/strong><\/p>\n<p><strong>Webinar 1: November 17 <\/strong><strong>2 p.m. \u2013 3:30 p.m. \u2013\u00a0<\/strong><strong>The contours of harassment:<\/strong><\/p>\n<ul>\n<li>Definitions: what do we mean by moral harassment, sexual harassment, sexist acts, sexual assault, sexual exhibition, sexist contempt?<\/li>\n<li>Perpetrators and Victims of Harassment<\/li>\n<li>Some statistical data<\/li>\n<li>Jurisprudential illustrations<\/li>\n<\/ul>\n<p><strong>Prevention of the risk of harassment:<\/strong><\/p>\n<ul>\n<li>The employer&#039;s obligations in terms of risk assessment and prevention<\/li>\n<li>Employees&#039; obligations in terms of safety<\/li>\n<li>Internal harassment prevention tools<\/li>\n<li>Prevention actors: Managers, CSE, Referents, Occupational doctor and occupational health service, Labor inspectorate, etc.<\/li>\n<\/ul>\n<p><em><strong><u><a href=\"http:\/\/eye.newscifl.com\/c?p=wATNAYnCxBBGBkI88HnQok_Ql3P7IXzQgtDKcMQQ0KfQgNDd0Lkm9dDdT9CP0KfQiX9r61rQ39kjaHR0cHM6Ly9mb3Jtcy5nbGUvdjJGdmN3bWtETGoyc2dHRTmkMTA0OcQQ0MfQ2nLzChYZSNCd0Jly0IvQiNDRfeqwZXllLm5ld3NjaWZsLmNvbcQUO-bQgNDM0K7Q0Dbp0L8dbmDQhDN40MNUPdDJ-Q\">I&#039;m registering<\/a><\/u><\/strong><\/em><\/p>\n<p><strong>Webinar 2: November 24 -\u00a0<\/strong><strong>2 p.m. - 3:30 p.m.<\/strong><\/p>\n<p><strong>Manage a report or complaint relating to a harassment situation:<\/strong><\/p>\n<ul>\n<li>How can the complaint manifest itself? right of withdrawal, right to alert the CSE, ...<\/li>\n<li>Protection of victims and witnesses of harassment<\/li>\n<li>The obligation to conduct an internal investigation? How? &#039;Or&#039; What ? With whom ? Outcome of the survey<\/li>\n<li>The hypothesis of mediation<\/li>\n<li>The obligation to punish the harasser<\/li>\n<li>Accompany and support the victim<\/li>\n<\/ul>\n<p><strong>\u00a0The risks inherent in a harassment situation:<\/strong><\/p>\n<ul>\n<li>Legal action in industrial tribunals and \/ or before the criminal court<\/li>\n<li>The burden of proof<\/li>\n<li>Civil and criminal penalties in the event of harassment<\/li>\n<\/ul>\n<p>\u2022 Other risks: occupational disease, industrial accident, inexcusable fault, reputation, etc.<\/p>\n<p>&nbsp;<\/p>","protected":false},"excerpt":{"rendered":"<p>R\u00e9seau Mesure Express 12.11.2020 Take part in the meetings organized to help you consolidate your cash flow Keep control, preserve cash flow and save time Next video meetings: Wednesday November 18, 2020 - 3 p.m. \/ 4 p.m. Tuesday November 24, 2020 - 10 a.m. \/ 11 a.m. In the COVID-19 crisis management framework, the group of ...<\/p>","protected":false},"author":685,"featured_media":0,"parent":0,"menu_order":0,"comment_status":"closed","ping_status":"closed","template":"","meta":{"_acf_changed":false,"footnotes":""},"class_list":["post-11492","page","type-page","status-publish","hentry"],"acf":[],"yoast_head":"<!-- This site is optimized with the Yoast SEO plugin v27.5 - https:\/\/yoast.com\/product\/yoast-seo-wordpress\/ -->\n<title>Newsletter-20201112 - R\u00e9seau Mesure<\/title>\n<meta name=\"robots\" content=\"index, follow, max-snippet:-1, max-image-preview:large, max-video-preview:-1\" \/>\n<link rel=\"canonical\" href=\"https:\/\/www.reseau-mesure.com\/en\/newsletter-20201112\/\" \/>\n<meta property=\"og:locale\" content=\"en_US\" \/>\n<meta property=\"og:type\" content=\"article\" \/>\n<meta property=\"og:title\" content=\"Newsletter-20201112 - R\u00e9seau Mesure\" \/>\n<meta property=\"og:description\" content=\"R\u00e9seau Mesure Express 12.11.2020 Participez aux r\u00e9unions organis\u00e9es pour vous aider \u00e0 consolider votre tr\u00e9sorerie Garder le contr\u00f4le, pr\u00e9server sa tr\u00e9sorerie et gagner du temps Prochaines r\u00e9unions visio : Mercredi 18 novembre 2020 &#8211; 15h00\/16h00 Mardi 24 novembre 2020 &#8211; 10h00\/11h00 Dans le cadre de la gestion de crise li\u00e9e au COVID-19, le groupe de&hellip;\" \/>\n<meta property=\"og:url\" content=\"https:\/\/www.reseau-mesure.com\/en\/newsletter-20201112\/\" \/>\n<meta property=\"og:site_name\" content=\"R\u00e9seau Mesure\" \/>\n<meta property=\"article:publisher\" content=\"https:\/\/www.facebook.com\/reseaumesure\/\" \/>\n<meta property=\"article:modified_time\" content=\"2020-11-06T08:19:14+00:00\" \/>\n<meta property=\"og:image\" content=\"https:\/\/www.reseau-mesure.com\/wp-content\/uploads\/2020\/07\/20ku.jpeg\" \/>\n<meta name=\"twitter:card\" content=\"summary_large_image\" \/>\n<meta name=\"twitter:site\" content=\"@ReseauMesure\" \/>\n<meta name=\"twitter:label1\" content=\"Est. reading time\" \/>\n\t<meta name=\"twitter:data1\" content=\"3 minutes\" \/>\n<script type=\"application\/ld+json\" class=\"yoast-schema-graph\">{\"@context\":\"https:\\\/\\\/schema.org\",\"@graph\":[{\"@type\":\"WebPage\",\"@id\":\"https:\\\/\\\/www.reseau-mesure.com\\\/de\\\/newsletter-20201112\\\/\",\"url\":\"https:\\\/\\\/www.reseau-mesure.com\\\/de\\\/newsletter-20201112\\\/\",\"name\":\"Newsletter-20201112 - R\u00e9seau Mesure\",\"isPartOf\":{\"@id\":\"https:\\\/\\\/www.reseau-mesure.com\\\/#website\"},\"primaryImageOfPage\":{\"@id\":\"https:\\\/\\\/www.reseau-mesure.com\\\/de\\\/newsletter-20201112\\\/#primaryimage\"},\"image\":{\"@id\":\"https:\\\/\\\/www.reseau-mesure.com\\\/de\\\/newsletter-20201112\\\/#primaryimage\"},\"thumbnailUrl\":\"https:\\\/\\\/www.reseau-mesure.com\\\/wp-content\\\/uploads\\\/2020\\\/07\\\/20ku.jpeg\",\"datePublished\":\"2020-11-04T08:35:19+00:00\",\"dateModified\":\"2020-11-06T08:19:14+00:00\",\"breadcrumb\":{\"@id\":\"https:\\\/\\\/www.reseau-mesure.com\\\/de\\\/newsletter-20201112\\\/#breadcrumb\"},\"inLanguage\":\"en-US\",\"potentialAction\":[{\"@type\":\"ReadAction\",\"target\":[\"https:\\\/\\\/www.reseau-mesure.com\\\/de\\\/newsletter-20201112\\\/\"]}]},{\"@type\":\"ImageObject\",\"inLanguage\":\"en-US\",\"@id\":\"https:\\\/\\\/www.reseau-mesure.com\\\/de\\\/newsletter-20201112\\\/#primaryimage\",\"url\":\"https:\\\/\\\/www.reseau-mesure.com\\\/wp-content\\\/uploads\\\/2020\\\/07\\\/20ku.jpeg\",\"contentUrl\":\"https:\\\/\\\/www.reseau-mesure.com\\\/wp-content\\\/uploads\\\/2020\\\/07\\\/20ku.jpeg\"},{\"@type\":\"BreadcrumbList\",\"@id\":\"https:\\\/\\\/www.reseau-mesure.com\\\/de\\\/newsletter-20201112\\\/#breadcrumb\",\"itemListElement\":[{\"@type\":\"ListItem\",\"position\":1,\"name\":\"Accueil\",\"item\":\"https:\\\/\\\/www.reseau-mesure.com\\\/\"},{\"@type\":\"ListItem\",\"position\":2,\"name\":\"Newsletter-20201112\"}]},{\"@type\":\"WebSite\",\"@id\":\"https:\\\/\\\/www.reseau-mesure.com\\\/#website\",\"url\":\"https:\\\/\\\/www.reseau-mesure.com\\\/\",\"name\":\"R\u00e9seau-Mesure\",\"description\":\"R\u00e9seau Mesure\",\"publisher\":{\"@id\":\"https:\\\/\\\/www.reseau-mesure.com\\\/#organization\"},\"potentialAction\":[{\"@type\":\"SearchAction\",\"target\":{\"@type\":\"EntryPoint\",\"urlTemplate\":\"https:\\\/\\\/www.reseau-mesure.com\\\/?s={search_term_string}\"},\"query-input\":{\"@type\":\"PropertyValueSpecification\",\"valueRequired\":true,\"valueName\":\"search_term_string\"}}],\"inLanguage\":\"en-US\"},{\"@type\":\"Organization\",\"@id\":\"https:\\\/\\\/www.reseau-mesure.com\\\/#organization\",\"name\":\"R\u00e9seau-Mesure\",\"url\":\"https:\\\/\\\/www.reseau-mesure.com\\\/\",\"logo\":{\"@type\":\"ImageObject\",\"inLanguage\":\"en-US\",\"@id\":\"https:\\\/\\\/www.reseau-mesure.com\\\/#\\\/schema\\\/logo\\\/image\\\/\",\"url\":\"https:\\\/\\\/www.reseau-mesure.com\\\/wp-content\\\/uploads\\\/2018\\\/02\\\/logo-max.png\",\"contentUrl\":\"https:\\\/\\\/www.reseau-mesure.com\\\/wp-content\\\/uploads\\\/2018\\\/02\\\/logo-max.png\",\"width\":545,\"height\":285,\"caption\":\"R\u00e9seau-Mesure\"},\"image\":{\"@id\":\"https:\\\/\\\/www.reseau-mesure.com\\\/#\\\/schema\\\/logo\\\/image\\\/\"},\"sameAs\":[\"https:\\\/\\\/www.facebook.com\\\/reseaumesure\\\/\",\"https:\\\/\\\/x.com\\\/ReseauMesure\",\"https:\\\/\\\/www.linkedin.com\\\/company\\\/reseau-mesure\\\/\"]}]}<\/script>\n<!-- \/ Yoast SEO plugin. -->","yoast_head_json":{"title":"Newsletter-20201112 - R\u00e9seau Mesure","robots":{"index":"index","follow":"follow","max-snippet":"max-snippet:-1","max-image-preview":"max-image-preview:large","max-video-preview":"max-video-preview:-1"},"canonical":"https:\/\/www.reseau-mesure.com\/en\/newsletter-20201112\/","og_locale":"en_US","og_type":"article","og_title":"Newsletter-20201112 - R\u00e9seau Mesure","og_description":"R\u00e9seau Mesure Express 12.11.2020 Participez aux r\u00e9unions organis\u00e9es pour vous aider \u00e0 consolider votre tr\u00e9sorerie Garder le contr\u00f4le, pr\u00e9server sa tr\u00e9sorerie et gagner du temps Prochaines r\u00e9unions visio : Mercredi 18 novembre 2020 &#8211; 15h00\/16h00 Mardi 24 novembre 2020 &#8211; 10h00\/11h00 Dans le cadre de la gestion de crise li\u00e9e au COVID-19, le groupe de&hellip;","og_url":"https:\/\/www.reseau-mesure.com\/en\/newsletter-20201112\/","og_site_name":"R\u00e9seau Mesure","article_publisher":"https:\/\/www.facebook.com\/reseaumesure\/","article_modified_time":"2020-11-06T08:19:14+00:00","og_image":[{"url":"https:\/\/www.reseau-mesure.com\/wp-content\/uploads\/2020\/07\/20ku.jpeg","type":"","width":"","height":""}],"twitter_card":"summary_large_image","twitter_site":"@ReseauMesure","twitter_misc":{"Est. reading time":"3 minutes"},"schema":{"@context":"https:\/\/schema.org","@graph":[{"@type":"WebPage","@id":"https:\/\/www.reseau-mesure.com\/de\/newsletter-20201112\/","url":"https:\/\/www.reseau-mesure.com\/de\/newsletter-20201112\/","name":"Newsletter-20201112 - R\u00e9seau Mesure","isPartOf":{"@id":"https:\/\/www.reseau-mesure.com\/#website"},"primaryImageOfPage":{"@id":"https:\/\/www.reseau-mesure.com\/de\/newsletter-20201112\/#primaryimage"},"image":{"@id":"https:\/\/www.reseau-mesure.com\/de\/newsletter-20201112\/#primaryimage"},"thumbnailUrl":"https:\/\/www.reseau-mesure.com\/wp-content\/uploads\/2020\/07\/20ku.jpeg","datePublished":"2020-11-04T08:35:19+00:00","dateModified":"2020-11-06T08:19:14+00:00","breadcrumb":{"@id":"https:\/\/www.reseau-mesure.com\/de\/newsletter-20201112\/#breadcrumb"},"inLanguage":"en-US","potentialAction":[{"@type":"ReadAction","target":["https:\/\/www.reseau-mesure.com\/de\/newsletter-20201112\/"]}]},{"@type":"ImageObject","inLanguage":"en-US","@id":"https:\/\/www.reseau-mesure.com\/de\/newsletter-20201112\/#primaryimage","url":"https:\/\/www.reseau-mesure.com\/wp-content\/uploads\/2020\/07\/20ku.jpeg","contentUrl":"https:\/\/www.reseau-mesure.com\/wp-content\/uploads\/2020\/07\/20ku.jpeg"},{"@type":"BreadcrumbList","@id":"https:\/\/www.reseau-mesure.com\/de\/newsletter-20201112\/#breadcrumb","itemListElement":[{"@type":"ListItem","position":1,"name":"Accueil","item":"https:\/\/www.reseau-mesure.com\/"},{"@type":"ListItem","position":2,"name":"Newsletter-20201112"}]},{"@type":"WebSite","@id":"https:\/\/www.reseau-mesure.com\/#website","url":"https:\/\/www.reseau-mesure.com\/","name":"R\u00e9seau-Mesure","description":"Network Measure","publisher":{"@id":"https:\/\/www.reseau-mesure.com\/#organization"},"potentialAction":[{"@type":"SearchAction","target":{"@type":"EntryPoint","urlTemplate":"https:\/\/www.reseau-mesure.com\/?s={search_term_string}"},"query-input":{"@type":"PropertyValueSpecification","valueRequired":true,"valueName":"search_term_string"}}],"inLanguage":"en-US"},{"@type":"Organization","@id":"https:\/\/www.reseau-mesure.com\/#organization","name":"R\u00e9seau-Mesure","url":"https:\/\/www.reseau-mesure.com\/","logo":{"@type":"ImageObject","inLanguage":"en-US","@id":"https:\/\/www.reseau-mesure.com\/#\/schema\/logo\/image\/","url":"https:\/\/www.reseau-mesure.com\/wp-content\/uploads\/2018\/02\/logo-max.png","contentUrl":"https:\/\/www.reseau-mesure.com\/wp-content\/uploads\/2018\/02\/logo-max.png","width":545,"height":285,"caption":"R\u00e9seau-Mesure"},"image":{"@id":"https:\/\/www.reseau-mesure.com\/#\/schema\/logo\/image\/"},"sameAs":["https:\/\/www.facebook.com\/reseaumesure\/","https:\/\/x.com\/ReseauMesure","https:\/\/www.linkedin.com\/company\/reseau-mesure\/"]}]}},"_links":{"self":[{"href":"https:\/\/www.reseau-mesure.com\/en\/wp-json\/wp\/v2\/pages\/11492","targetHints":{"allow":["GET"]}}],"collection":[{"href":"https:\/\/www.reseau-mesure.com\/en\/wp-json\/wp\/v2\/pages"}],"about":[{"href":"https:\/\/www.reseau-mesure.com\/en\/wp-json\/wp\/v2\/types\/page"}],"author":[{"embeddable":true,"href":"https:\/\/www.reseau-mesure.com\/en\/wp-json\/wp\/v2\/users\/685"}],"replies":[{"embeddable":true,"href":"https:\/\/www.reseau-mesure.com\/en\/wp-json\/wp\/v2\/comments?post=11492"}],"version-history":[{"count":0,"href":"https:\/\/www.reseau-mesure.com\/en\/wp-json\/wp\/v2\/pages\/11492\/revisions"}],"wp:attachment":[{"href":"https:\/\/www.reseau-mesure.com\/en\/wp-json\/wp\/v2\/media?parent=11492"}],"curies":[{"name":"wp","href":"https:\/\/api.w.org\/{rel}","templated":true}]}}