{"id":11580,"date":"2020-11-23T12:07:08","date_gmt":"2020-11-23T11:07:08","guid":{"rendered":"https:\/\/www.reseau-mesure.com\/?page_id=11580"},"modified":"2020-11-23T17:07:04","modified_gmt":"2020-11-23T16:07:04","slug":"newsletter-20201126","status":"publish","type":"page","link":"https:\/\/www.reseau-mesure.com\/en\/newsletter-20201126\/","title":{"rendered":"Newsletter-20201126"},"content":{"rendered":"<img loading=\"lazy\" decoding=\"async\" src=\"https:\/\/www.reseau-mesure.com\/wp-content\/uploads\/2020\/07\/20ku.jpeg\" alt=\"20ku\" itemprop=\"image\" height=\"300\" width=\"970\" title=\"20ku\" onerror=\"this.style.display='none'\"  \/>\n<h1>\n\t\tExpress Measurement Network\n\t<\/h1>\n<h2>\n\t\t26.11.2020\n\t<\/h2>\n<h2>\n\t\t<a href=\"https:\/\/www.reseau-mesure.com\/en\/evenements\/atelier-gestion-numerique-des-reseaux-deau-et-dassainissement-10-decembre-2020\/\" title=\"Workshop Digital management of water and sanitation networks December 10, 2020\" target=\"_self\" rel=\"noopener noreferrer\">\n\t\tWorkshop Digital management of water and sanitation networks December 10, 2020\n\t\t<\/a>\n\t<\/h2>\nThe Poles and Clusters work on a daily basis and all the more so in this period of health crisis, to support our territories, our companies and our educational and research establishments in setting up events or meetings conducive to exchanges and to the development of innovative projects. Always anxious to support our public and private partners, we offer <strong>an afternoon of discussions dedicated to the digitization of the water networks of the Parisian Metropolis<\/strong>. Our objective will be to respond to the main challenges: \u2022<strong> asset management of infrastructures,<\/strong>\n<strong>\u2022 implementation of management plans,<\/strong>\n<strong>\u2022 precise digital knowledge of the location of the structures.<\/strong>\n<strong>This workshop will be dematerialized and will take place by videoconference<\/strong>. The link will be communicated to registrants (all the visios of the event will be recorded for the drafting of the CRs.)\n<b>CONTEXT\u00a0<\/b>\nLocal authorities and managers of sanitation and drinking water networks want to improve knowledge, management of their infrastructure and the safety of the sanitation and drinking water networks they are responsible for. Since 2012, they have also been affected by the anti-damage reform with the obligation to register their networks on the one-stop shop and to define the areas where its structures will be located (ZIO). The digitization and systematic georeferencing of networks are becoming a necessary step for filing ZIOs on the Single Window. Its new needs and regulations will require the implementation of innovations and digital tools for digitization and digital management, also including data modeling, technical calculations and their integration into the BIM and GIS of local authorities. The implementation of these innovations and technical solutions will also have to solve problems specific to this digitization of networks: \u2022 Interoperability of data on the various tools and databases, accounting with GIS and existing databases \u2022 Digital interconnection networks (interface between 2 different network managers, pb of connections to be digitized) \u2022 Precisions of DICP geolocation and Classes of precision: objective of collecting Class A heritage data by 2026 \u2022 Implementation of a rehabilitation master plan networks (physical state) The ambition of this workshop will be to bring together the Departments and Territories expressing their feedback on their experiences and then their needs, allowing companies and researchers to present their solutions and their expertise. More generally, these exchanges between public and private actors will allow us to highlight and fully understand the problems and expectations but also the coherence of the different solutions and innovations.\n<a href=\"https:\/\/www.weezevent.com\/gestion-numerique-des-reseaux-deau-et-dassainissement\" target=\"_blank\" rel=\"noopener noreferrer\"><b>Mandatory registrations HERE<\/b><\/a>\n<p><b>Continuity of the events already organized at the EMS Cluster with the partners R\u00e9seau Mesure and Cap Digital in the digital domain for the management of urban water:<\/b><\/p>\nWorkshop with July 8, 2019 with AESN and DRIEE: management tools for making connections compliant; software sourcing for monitoring compliance diagnostics management |\u00a0<a href=\"https:\/\/clusterems.org\/outils-de-gestion-de-mises-en-conformite-des-branchements-driee-cap-digital\/\" target=\"_blank\" rel=\"noopener noreferrer\"><b>\u00a0<\/b><\/a>\nInterpole and Cluster workshop on January 22, 2020: Metrology in urban water management\n<b>Contacts:\u00a0<\/b>\n<b>EMS cluster:<\/b> milena.gimenez@clusterems.org 07 79 31 80 40\n<b>Cap Digital:\u00a0<\/b>johanna.castel@capdigital.com 06 19 16 56 86\n<b>Network Measure:<\/b>\u00a0duflot.estelle@reseau-mesure.com 06 51 05 08 80\n\n\t\t\t\t<a href=\"https:\/\/www.reseau-mesure.com\/en\/evenements\/atelier-gestion-numerique-des-reseaux-deau-et-dassainissement-10-decembre-2020\/\" target=\"_blank\" rel=\"noopener noreferrer\" itemprop=\"url\">\n\t\t\t\t<img loading=\"lazy\" decoding=\"async\" src=\"https:\/\/www.reseau-mesure.com\/wp-content\/uploads\/2020\/11\/CLUSTER-EMS21.jpg\" alt=\"gestion num\u00e9rique des r\u00e9seaux d'eau et d'assainissement\" itemprop=\"image\" height=\"518\" width=\"920\" title=\"digital management of water and sanitation networks\" onerror=\"this.style.display='none'\"  \/>\n\t\t\t\t<\/a>\n\t<p><i>This workshop is organized in partnership with<\/i><\/p>\n\t\t\t\t<img loading=\"lazy\" decoding=\"async\" src=\"https:\/\/www.reseau-mesure.com\/wp-content\/uploads\/2020\/11\/En-partenariat-avec.png\" alt=\"partenaires journ\u00e9e du 10 12 2020\" itemprop=\"image\" height=\"1080\" width=\"1920\" title=\"In partnership with\" onerror=\"this.style.display='none'\"  \/>\n\t\t\t\t<img loading=\"lazy\" decoding=\"async\" src=\"https:\/\/www.reseau-mesure.com\/wp-content\/uploads\/2020\/11\/v9i2r.png\" alt=\"intervenants journ\u00e9e du 10 12 2020\" itemprop=\"image\" height=\"328\" width=\"1172\" title=\"speakers day of 10 12 2020\" onerror=\"this.style.display='none'\"  \/>\n<b>PROGRAM\u00a0<\/b>\nThe first phase of the workshop will revolve around exchanges between experts, companies, unions and communities located in the 4 departments of the Paris Metropolis on the needs, feedback and problems encountered The second phase of exchanges will be held in small online round tables on more specific needs and on the solutions proposed by companies and research centers.\n<b>1:30 p.m. | Welcome and test your connections<\/b>\n<b>2:00 p.m. | Introduction by networks of players in the measurement, digital and environmental sectors: Cap Digital, R\u00e9seau Mesure and Cluster Eau Milieux Sols<\/b>\n<b>2:15 p.m. | Subject introduced by the DRIEE: regulatory and economic development issues<\/b>\n<b>2:30 p.m. | Presentation of the needs of the territories and departments of the metropolis of Greater Paris<\/b>\n<ul>\n<li>Mobilization of all the territories of the metropolis on different scales<\/li>\n<li>All territories can present the characteristics of their networks, current projects, feedback and \/ or need on the subject allowing all companies to understand the expected need in the upstream phase.<\/li>\n<\/ul>\n<b>5:00 p.m. | Online rooms opening <\/b>\n<b>\u00a0 \u00a0 \u00a0 \u00a0 \u00a0 \u00a0 \u00a0 (1 room per territory <\/b>\n<b>\u00a0 \u00a0 \u00a0 \u00a0 \u00a0 \u00a0 \u00a0 \u00a0 - several participants in a room)\u00a0<\/b>\n<b>6:00 p.m. | Closure of online rooms and conclusion\u00a0<\/b>\n\n<h2>\n\t\t<a href=\"https:\/\/www.reseau-mesure.com\/en\/evenements\/11609\/\" title=\"Take part in the meeting with CQM + December 14, 2020\" target=\"_self\" rel=\"noopener noreferrer\">\n\t\tTake part in the meeting with CQM + December 14, 2020\n\t\t<\/a>\n\t<\/h2>\n\t\t\t\t<a href=\"http:\/\/www.cqmplus.com\/\" target=\"_blank\" rel=\"noopener noreferrer\" itemprop=\"url\">\n\t\t\t\t<img loading=\"lazy\" decoding=\"async\" src=\"https:\/\/www.reseau-mesure.com\/wp-content\/uploads\/2020\/09\/cqm.png\" alt=\"CQM+\" itemprop=\"image\" height=\"126\" width=\"400\" title=\"cqm +\" onerror=\"this.style.display='none'\"  \/>\n\t\t\t\t<\/a>\n\t<strong>Process of the virtual meeting:<\/strong>\n<ul>\n<li>Group presentation and its functioning<\/li>\n<li>Virtual tour of CRITTM2A:\n<ul>\n<li>Laboratory and equipment presentation<br \/>\nby C\u00e9dric ZSLAPKA (metrology &amp; quality expert)<\/li>\n<\/ul>\n<\/li>\n<li>Evolution 2021 for CQM +: innovation at the service of performance?\n<ul>\n<li>Techniques<\/li>\n<li>Commercial<\/li>\n<\/ul>\n<\/li>\n<li>Potential collaborative synergies with members of the Measurement Network<\/li>\n<\/ul>\n\t<h2><\/h2>\n<p>&nbsp;<\/p>\n<h3><strong>Because measurement is an essential component of economic performance, CQM + wishes to bring together the best of knowledge.<\/strong><\/h3>\n<h3><strong>Measurement becomes an asset.<\/strong><\/h3>\n\tAs part of the Measurements Network meetings, we offer you a\u00a0<strong>virtual tour of\u00a0<a href=\"http:\/\/www.cqmplus.com\/\">CQM +<\/a>\u00a0<\/strong>and<strong>\u00a0an exchange meeting<\/strong><br \/>\nin order to develop\u00a0<strong>potential areas of collaboration <\/strong><strong>between the members of the association and CQM +<\/strong>\n\t\t\t<a href=\"mailto:eduflot@reseau-mesure.com\" target=\"_self\" role=\"button\" rel=\"noopener noreferrer\">\n\t\t\t\t\t\t\tRegistrations\n\t\t\t\t\t<\/a>\n\t\t\t\t<img loading=\"lazy\" decoding=\"async\" src=\"https:\/\/www.reseau-mesure.com\/wp-content\/uploads\/2020\/11\/BANNIERE-INVITATION-2.jpg\" alt=\"CQM+\" itemprop=\"image\" height=\"101\" width=\"640\" title=\"CQM +\" onerror=\"this.style.display='none'\"  \/>\n<h2>\n\t\t<a href=\"http:\/\/www.mesures.com\/pdf\/MES_928_zPa_20201027.pdf\" title=\"End of year offer Measures\" target=\"_self\" rel=\"noopener noreferrer\">\n\t\tEnd of year offer Measures\n\t\t<\/a>\n\t<\/h2>\n\t<h2><\/h2>\n<h2><\/h2>\n<h2>End of year offer 2020<\/h2>\n<p><strong>Membership offer<\/strong><\/p>\n\u2794 1\/2 page width<br \/>\n<strong>1000 \u20ac HT (instead of 3550 \u20ac HT)<\/strong>\n<p>Click on the image to see the last issue of Measures n \u00b0 928<\/p>\nFor more information, please contact:<br \/>\nNathalie Heurlin n.heurlin@mesures.com 02 98 27 79 99 06 87\n\t\t\t<a href=\"https:\/\/www.reseau-mesure.com\/wp-content\/uploads\/2020\/11\/Offre-de-fin-dannee-1000E.jpg\" target=\"_self\" role=\"button\" rel=\"noopener noreferrer\">\n\t\t\t\t\t\t\tI discover \n\t\t\t\t\t<\/a>\n\t\t\t\t<a href=\"http:\/\/www.mesures.com\/pdf\/MES_928_zPa_20201027.pdf\" target=\"_blank\" rel=\"noopener noreferrer\" itemprop=\"url\">\n\t\t\t\t<img loading=\"lazy\" decoding=\"async\" src=\"https:\/\/www.reseau-mesure.com\/wp-content\/uploads\/2020\/11\/Une_mesures928-212x300.png\" alt=\"couverture Mesures\" itemprop=\"image\" height=\"300\" width=\"212\" title=\"coverage Measures\" onerror=\"this.style.display='none'\"  \/>\n\t\t\t\t<\/a>\n\t\t\t<a href=\"https:\/\/www.reseau-mesure.com\/en\/evenements\/\" target=\"_self\" role=\"button\" rel=\"noopener noreferrer\">\n\t\t\t\t\t\t\tThe complete agenda of the Measurement Network\n\t\t\t\t\t<\/a>\n\t\t\t\t<img loading=\"lazy\" decoding=\"async\" src=\"https:\/\/www.reseau-mesure.com\/wp-content\/uploads\/2020\/08\/Plan-de-travail-3niveau-300x199.png\" alt=\"Plan de travail 3niveau\" itemprop=\"image\" height=\"199\" width=\"300\" title=\"3rd level worktop\" onerror=\"this.style.display='none'\"  \/>\n\t\t\t\t<a href=\"https:\/\/www.eventbrite.fr\/e\/billets-techdays-foodtech-123440940175\" target=\"_self\" itemprop=\"url\" rel=\"noopener noreferrer\">\n\t\t\t\t<img loading=\"lazy\" decoding=\"async\" src=\"https:\/\/www.reseau-mesure.com\/wp-content\/uploads\/2020\/11\/Save-the-Date-FoodTech-VF-002-202x300.jpg\" alt=\"Tech Days 01 12 2020\" itemprop=\"image\" height=\"300\" width=\"202\" title=\"Save the Date - FoodTech-VF (002)\" onerror=\"this.style.display='none'\"  \/>\n\t\t\t\t<\/a>\n\t<h1>Meeting around FoodTech<\/h1>\n<p><strong>Tuesday December 1, 2020<\/strong><\/p>\n<p><strong>8:15 am to 10:00 am:<\/strong><\/p>\n<ul>\n<li><strong>Vitagora<\/strong>, FOODTECH and its challenges\u00a0<em>Marthe JEWELL, Communication manager<\/em><\/li>\n<li><strong>EBI \/ MERIEUX<\/strong> : Establish a partnership with local schools, a solution to train and recruit for jobs in short supply<\/li>\n<li><strong>CY ERRMECE<\/strong> - How does science add value to food?<\/li>\n<\/ul>\n<ul>\n<li><\/li>\n<\/ul>\n<p><strong>10:00 am to 10:30 am<\/strong>\u00a0: Networking<\/p>\n<p>&nbsp;<\/p>\n<p>LIVE BROADCAST ON:<\/p>\n<p><a href=\"https:\/\/www.facebook.com\/techdays.rdv.innovation\/\" target=\"_blank\" rel=\"nofollow noopener noreferrer\">https:\/\/www.facebook.com\/techdays.rdv.innovation\/<\/a><\/p>\n<p><a href=\"https:\/\/www.youtube.com\/channel\/UCFZ-92kCIfO422vS0rgu4IA\" target=\"_blank\" rel=\"nofollow noopener noreferrer\">https:\/\/www.youtube.com\/channel\/UCFZ-92kCIfO422vS0rgu4IA<\/a><\/p>","protected":false},"excerpt":{"rendered":"<p>R\u00e9seau Mesure Express 26.11.2020 Workshop Digital management of water and sanitation networks December 10, 2020 The Poles and Clusters work on a daily basis and all the more so in this period of health crisis, to support our regions, our companies and our establishments teaching and research in setting up events or meetings conducive to ...<\/p>","protected":false},"author":685,"featured_media":0,"parent":0,"menu_order":0,"comment_status":"closed","ping_status":"closed","template":"","meta":{"_acf_changed":false,"footnotes":""},"class_list":["post-11580","page","type-page","status-publish","hentry"],"acf":[],"yoast_head":"<!-- This site is optimized with the Yoast SEO plugin v27.4 - https:\/\/yoast.com\/product\/yoast-seo-wordpress\/ -->\n<title>Newsletter-20201126 - R\u00e9seau Mesure<\/title>\n<meta name=\"robots\" content=\"index, follow, max-snippet:-1, max-image-preview:large, max-video-preview:-1\" \/>\n<link rel=\"canonical\" href=\"https:\/\/www.reseau-mesure.com\/en\/newsletter-20201126\/\" \/>\n<meta property=\"og:locale\" content=\"en_US\" \/>\n<meta property=\"og:type\" content=\"article\" \/>\n<meta property=\"og:title\" content=\"Newsletter-20201126 - R\u00e9seau Mesure\" \/>\n<meta property=\"og:description\" content=\"R\u00e9seau Mesure Express 26.11.2020 Atelier Gestion num\u00e9rique des r\u00e9seaux d\u2019eau et d\u2019assainissement 10 D\u00e9cembre 2020 Les P\u00f4les et Cluster \u0153uvrent au quotidien et d\u2019autant plus en cette p\u00e9riode de crise sanitaire, pour accompagner nos territoires, nos entreprises et nos \u00e9tablissements d\u2019enseignements et de recherche dans la mise en place d\u2019\u00e9v\u00e9nements ou de rencontres propices aux&hellip;\" \/>\n<meta property=\"og:url\" content=\"https:\/\/www.reseau-mesure.com\/en\/newsletter-20201126\/\" \/>\n<meta property=\"og:site_name\" content=\"R\u00e9seau Mesure\" \/>\n<meta property=\"article:publisher\" content=\"https:\/\/www.facebook.com\/reseaumesure\/\" \/>\n<meta property=\"article:modified_time\" content=\"2020-11-23T16:07:04+00:00\" \/>\n<meta property=\"og:image\" content=\"https:\/\/www.reseau-mesure.com\/wp-content\/uploads\/2020\/07\/20ku.jpeg\" \/>\n<meta name=\"twitter:card\" content=\"summary_large_image\" \/>\n<meta name=\"twitter:site\" content=\"@ReseauMesure\" \/>\n<meta name=\"twitter:label1\" content=\"Est. reading time\" \/>\n\t<meta name=\"twitter:data1\" content=\"6 minutes\" \/>\n<script type=\"application\/ld+json\" class=\"yoast-schema-graph\">{\"@context\":\"https:\\\/\\\/schema.org\",\"@graph\":[{\"@type\":\"WebPage\",\"@id\":\"https:\\\/\\\/www.reseau-mesure.com\\\/de\\\/newsletter-20201126\\\/\",\"url\":\"https:\\\/\\\/www.reseau-mesure.com\\\/de\\\/newsletter-20201126\\\/\",\"name\":\"Newsletter-20201126 - R\u00e9seau Mesure\",\"isPartOf\":{\"@id\":\"https:\\\/\\\/www.reseau-mesure.com\\\/#website\"},\"primaryImageOfPage\":{\"@id\":\"https:\\\/\\\/www.reseau-mesure.com\\\/de\\\/newsletter-20201126\\\/#primaryimage\"},\"image\":{\"@id\":\"https:\\\/\\\/www.reseau-mesure.com\\\/de\\\/newsletter-20201126\\\/#primaryimage\"},\"thumbnailUrl\":\"https:\\\/\\\/www.reseau-mesure.com\\\/wp-content\\\/uploads\\\/2020\\\/07\\\/20ku.jpeg\",\"datePublished\":\"2020-11-23T11:07:08+00:00\",\"dateModified\":\"2020-11-23T16:07:04+00:00\",\"breadcrumb\":{\"@id\":\"https:\\\/\\\/www.reseau-mesure.com\\\/de\\\/newsletter-20201126\\\/#breadcrumb\"},\"inLanguage\":\"en-US\",\"potentialAction\":[{\"@type\":\"ReadAction\",\"target\":[\"https:\\\/\\\/www.reseau-mesure.com\\\/de\\\/newsletter-20201126\\\/\"]}]},{\"@type\":\"ImageObject\",\"inLanguage\":\"en-US\",\"@id\":\"https:\\\/\\\/www.reseau-mesure.com\\\/de\\\/newsletter-20201126\\\/#primaryimage\",\"url\":\"https:\\\/\\\/www.reseau-mesure.com\\\/wp-content\\\/uploads\\\/2020\\\/07\\\/20ku.jpeg\",\"contentUrl\":\"https:\\\/\\\/www.reseau-mesure.com\\\/wp-content\\\/uploads\\\/2020\\\/07\\\/20ku.jpeg\"},{\"@type\":\"BreadcrumbList\",\"@id\":\"https:\\\/\\\/www.reseau-mesure.com\\\/de\\\/newsletter-20201126\\\/#breadcrumb\",\"itemListElement\":[{\"@type\":\"ListItem\",\"position\":1,\"name\":\"Accueil\",\"item\":\"https:\\\/\\\/www.reseau-mesure.com\\\/\"},{\"@type\":\"ListItem\",\"position\":2,\"name\":\"Newsletter-20201126\"}]},{\"@type\":\"WebSite\",\"@id\":\"https:\\\/\\\/www.reseau-mesure.com\\\/#website\",\"url\":\"https:\\\/\\\/www.reseau-mesure.com\\\/\",\"name\":\"R\u00e9seau-Mesure\",\"description\":\"R\u00e9seau Mesure\",\"publisher\":{\"@id\":\"https:\\\/\\\/www.reseau-mesure.com\\\/#organization\"},\"potentialAction\":[{\"@type\":\"SearchAction\",\"target\":{\"@type\":\"EntryPoint\",\"urlTemplate\":\"https:\\\/\\\/www.reseau-mesure.com\\\/?s={search_term_string}\"},\"query-input\":{\"@type\":\"PropertyValueSpecification\",\"valueRequired\":true,\"valueName\":\"search_term_string\"}}],\"inLanguage\":\"en-US\"},{\"@type\":\"Organization\",\"@id\":\"https:\\\/\\\/www.reseau-mesure.com\\\/#organization\",\"name\":\"R\u00e9seau-Mesure\",\"url\":\"https:\\\/\\\/www.reseau-mesure.com\\\/\",\"logo\":{\"@type\":\"ImageObject\",\"inLanguage\":\"en-US\",\"@id\":\"https:\\\/\\\/www.reseau-mesure.com\\\/#\\\/schema\\\/logo\\\/image\\\/\",\"url\":\"https:\\\/\\\/www.reseau-mesure.com\\\/wp-content\\\/uploads\\\/2018\\\/02\\\/logo-max.png\",\"contentUrl\":\"https:\\\/\\\/www.reseau-mesure.com\\\/wp-content\\\/uploads\\\/2018\\\/02\\\/logo-max.png\",\"width\":545,\"height\":285,\"caption\":\"R\u00e9seau-Mesure\"},\"image\":{\"@id\":\"https:\\\/\\\/www.reseau-mesure.com\\\/#\\\/schema\\\/logo\\\/image\\\/\"},\"sameAs\":[\"https:\\\/\\\/www.facebook.com\\\/reseaumesure\\\/\",\"https:\\\/\\\/x.com\\\/ReseauMesure\",\"https:\\\/\\\/www.linkedin.com\\\/company\\\/reseau-mesure\\\/\"]}]}<\/script>\n<!-- \/ Yoast SEO plugin. -->","yoast_head_json":{"title":"Newsletter-20201126 - R\u00e9seau Mesure","robots":{"index":"index","follow":"follow","max-snippet":"max-snippet:-1","max-image-preview":"max-image-preview:large","max-video-preview":"max-video-preview:-1"},"canonical":"https:\/\/www.reseau-mesure.com\/en\/newsletter-20201126\/","og_locale":"en_US","og_type":"article","og_title":"Newsletter-20201126 - R\u00e9seau Mesure","og_description":"R\u00e9seau Mesure Express 26.11.2020 Atelier Gestion num\u00e9rique des r\u00e9seaux d\u2019eau et d\u2019assainissement 10 D\u00e9cembre 2020 Les P\u00f4les et Cluster \u0153uvrent au quotidien et d\u2019autant plus en cette p\u00e9riode de crise sanitaire, pour accompagner nos territoires, nos entreprises et nos \u00e9tablissements d\u2019enseignements et de recherche dans la mise en place d\u2019\u00e9v\u00e9nements ou de rencontres propices aux&hellip;","og_url":"https:\/\/www.reseau-mesure.com\/en\/newsletter-20201126\/","og_site_name":"R\u00e9seau Mesure","article_publisher":"https:\/\/www.facebook.com\/reseaumesure\/","article_modified_time":"2020-11-23T16:07:04+00:00","og_image":[{"url":"https:\/\/www.reseau-mesure.com\/wp-content\/uploads\/2020\/07\/20ku.jpeg","type":"","width":"","height":""}],"twitter_card":"summary_large_image","twitter_site":"@ReseauMesure","twitter_misc":{"Est. reading time":"6 minutes"},"schema":{"@context":"https:\/\/schema.org","@graph":[{"@type":"WebPage","@id":"https:\/\/www.reseau-mesure.com\/de\/newsletter-20201126\/","url":"https:\/\/www.reseau-mesure.com\/de\/newsletter-20201126\/","name":"Newsletter-20201126 - R\u00e9seau Mesure","isPartOf":{"@id":"https:\/\/www.reseau-mesure.com\/#website"},"primaryImageOfPage":{"@id":"https:\/\/www.reseau-mesure.com\/de\/newsletter-20201126\/#primaryimage"},"image":{"@id":"https:\/\/www.reseau-mesure.com\/de\/newsletter-20201126\/#primaryimage"},"thumbnailUrl":"https:\/\/www.reseau-mesure.com\/wp-content\/uploads\/2020\/07\/20ku.jpeg","datePublished":"2020-11-23T11:07:08+00:00","dateModified":"2020-11-23T16:07:04+00:00","breadcrumb":{"@id":"https:\/\/www.reseau-mesure.com\/de\/newsletter-20201126\/#breadcrumb"},"inLanguage":"en-US","potentialAction":[{"@type":"ReadAction","target":["https:\/\/www.reseau-mesure.com\/de\/newsletter-20201126\/"]}]},{"@type":"ImageObject","inLanguage":"en-US","@id":"https:\/\/www.reseau-mesure.com\/de\/newsletter-20201126\/#primaryimage","url":"https:\/\/www.reseau-mesure.com\/wp-content\/uploads\/2020\/07\/20ku.jpeg","contentUrl":"https:\/\/www.reseau-mesure.com\/wp-content\/uploads\/2020\/07\/20ku.jpeg"},{"@type":"BreadcrumbList","@id":"https:\/\/www.reseau-mesure.com\/de\/newsletter-20201126\/#breadcrumb","itemListElement":[{"@type":"ListItem","position":1,"name":"Accueil","item":"https:\/\/www.reseau-mesure.com\/"},{"@type":"ListItem","position":2,"name":"Newsletter-20201126"}]},{"@type":"WebSite","@id":"https:\/\/www.reseau-mesure.com\/#website","url":"https:\/\/www.reseau-mesure.com\/","name":"R\u00e9seau-Mesure","description":"Network Measure","publisher":{"@id":"https:\/\/www.reseau-mesure.com\/#organization"},"potentialAction":[{"@type":"SearchAction","target":{"@type":"EntryPoint","urlTemplate":"https:\/\/www.reseau-mesure.com\/?s={search_term_string}"},"query-input":{"@type":"PropertyValueSpecification","valueRequired":true,"valueName":"search_term_string"}}],"inLanguage":"en-US"},{"@type":"Organization","@id":"https:\/\/www.reseau-mesure.com\/#organization","name":"R\u00e9seau-Mesure","url":"https:\/\/www.reseau-mesure.com\/","logo":{"@type":"ImageObject","inLanguage":"en-US","@id":"https:\/\/www.reseau-mesure.com\/#\/schema\/logo\/image\/","url":"https:\/\/www.reseau-mesure.com\/wp-content\/uploads\/2018\/02\/logo-max.png","contentUrl":"https:\/\/www.reseau-mesure.com\/wp-content\/uploads\/2018\/02\/logo-max.png","width":545,"height":285,"caption":"R\u00e9seau-Mesure"},"image":{"@id":"https:\/\/www.reseau-mesure.com\/#\/schema\/logo\/image\/"},"sameAs":["https:\/\/www.facebook.com\/reseaumesure\/","https:\/\/x.com\/ReseauMesure","https:\/\/www.linkedin.com\/company\/reseau-mesure\/"]}]}},"_links":{"self":[{"href":"https:\/\/www.reseau-mesure.com\/en\/wp-json\/wp\/v2\/pages\/11580","targetHints":{"allow":["GET"]}}],"collection":[{"href":"https:\/\/www.reseau-mesure.com\/en\/wp-json\/wp\/v2\/pages"}],"about":[{"href":"https:\/\/www.reseau-mesure.com\/en\/wp-json\/wp\/v2\/types\/page"}],"author":[{"embeddable":true,"href":"https:\/\/www.reseau-mesure.com\/en\/wp-json\/wp\/v2\/users\/685"}],"replies":[{"embeddable":true,"href":"https:\/\/www.reseau-mesure.com\/en\/wp-json\/wp\/v2\/comments?post=11580"}],"version-history":[{"count":0,"href":"https:\/\/www.reseau-mesure.com\/en\/wp-json\/wp\/v2\/pages\/11580\/revisions"}],"wp:attachment":[{"href":"https:\/\/www.reseau-mesure.com\/en\/wp-json\/wp\/v2\/media?parent=11580"}],"curies":[{"name":"wp","href":"https:\/\/api.w.org\/{rel}","templated":true}]}}