{"id":11831,"date":"2020-12-10T11:32:31","date_gmt":"2020-12-10T10:32:31","guid":{"rendered":"https:\/\/www.reseau-mesure.com\/?page_id=11831"},"modified":"2020-12-11T08:29:01","modified_gmt":"2020-12-11T07:29:01","slug":"newsletter-20201210","status":"publish","type":"page","link":"https:\/\/www.reseau-mesure.com\/en\/newsletter-20201210\/","title":{"rendered":"Newsletter-20201210"},"content":{"rendered":"<img loading=\"lazy\" decoding=\"async\" src=\"https:\/\/www.reseau-mesure.com\/wp-content\/uploads\/2020\/07\/20ku.jpeg\" alt=\"20ku\" itemprop=\"image\" height=\"300\" width=\"970\" title=\"20ku\" onerror=\"this.style.display='none'\"  \/>\n<h1>\n\t\tExpress Measurement Network\n\t<\/h1>\n<h2>\n\t\t10.12.2020\n\t<\/h2>\n<h2>\n\t\t<a href=\"https:\/\/www.reseau-mesure.com\/en\/livre-les-savoir-faire-du-reseau-mesure-volume-1\/\" title=\"Discover the first volume &quot;The know-how of the Measurement Network&quot;\" target=\"_self\" rel=\"noopener noreferrer\">\n\t\tD\u00e9couvrez le premier volume \u00ab\u00a0Les savoir faire du R\u00e9seau Mesure \u00a0\u00bb\n\t\t<\/a>\n\t<\/h2>\n\t<h3>La premi\u00e8re \u00e9dition des \u00ab\u00a0S<strong>avoir-faire du R\u00e9seau Mesure\u00a0\u00bb vient de sortir !<\/strong><\/h3>\n<h3><\/h3>\n<h3>It is edited and widely distributed to allow members who wrote this technical publication to generate sales leads.<\/h3>\n<p>&nbsp;<\/p>\nThis book is intended for all those involved in technical processes,<br \/>\nfrom engineer to technician, from quality to process, including<br \/>\npar le contr\u00f4le et la maintenance.\n\u2022 Quelle mesure pour quel objectif, \u00e0 quel co\u00fbt ?<br \/>\n\u2022 How and why to process the data?<br \/>\n\u2022 What impact on production systems?<br \/>\n\u2022 Measurement and maintenance?\n<p>&nbsp;<\/p>\n\n<ul>\n<li>S&rsquo;appuyer sur la force d&rsquo;un R\u00e9seau et de comp\u00e9tences techniques.<\/li>\n<li>To centralize the areas controlled by members of the Measurement Network.<\/li>\n<li>To create a technical document and a new communication opportunity for members and for the Measurement Network.<\/li>\n<li>To generate requests.<\/li>\n<li>To reduce the costs of writing a white paper.<\/li>\n<\/ul>\n<p>&nbsp;<\/p>\n\t\t\t<a href=\"https:\/\/www.reseau-mesure.com\/en\/protocole-reseau-mesure-livre-blanc\/\" target=\"_blank\" role=\"button\" rel=\"noopener noreferrer\">\n\t\t\t\t\t\t\tI&#039;am interested)\n\t\t\t\t\t<\/a>\n\t\t\t\t<a href=\"https:\/\/www.reseau-mesure.com\/en\/livre-les-savoir-faire-du-reseau-mesure-volume-1\/\" target=\"_blank\" rel=\"noopener noreferrer\" itemprop=\"url\">\n\t\t\t\t<img loading=\"lazy\" decoding=\"async\" src=\"https:\/\/www.reseau-mesure.com\/wp-content\/uploads\/2020\/12\/Pages-de-Les-savoir-faire-du-Reseau-Mesure-Volume-1.jpg\" alt=\"Couverture les savoir-faire du R\u00e9seau Mesure\" itemprop=\"image\" height=\"2481\" width=\"1749\" title=\"Measurement Network know-how pages - Volume 1\" onerror=\"this.style.display='none'\"  \/>\n\t\t\t\t<\/a>\n\t<p>Cliquer sur l&rsquo;image pour t\u00e9l\u00e9charger le document.<\/p>\n<h2>\n\t\t<a href=\"https:\/\/www.reseau-mesure.com\/wp-content\/uploads\/2020\/12\/Presentation-Plan-de-relance-2021.pdf\" title=\"2021 recovery plan\" target=\"_self\" rel=\"noopener noreferrer\">\n\t\t2021 recovery plan\n\t\t<\/a>\n\t<\/h2>\n\t\t\t\t<img loading=\"lazy\" decoding=\"async\" src=\"https:\/\/www.reseau-mesure.com\/wp-content\/uploads\/2020\/12\/plans-de-relance-1.png\" alt=\"plans de relance\" itemprop=\"image\" height=\"385\" width=\"693\" title=\"stimulus plans\" onerror=\"this.style.display='none'\"  \/>\n\t<p>&nbsp;<\/p>\n<p><strong>F Iniciativas<\/strong>,\u00a0 vous pr\u00e9sente les plans de relance 2021 et vous propose une m\u00e9thodologie d&rsquo;accompagnement .<\/p>\n<p>This new Recovery Plan concerns 3 components:<\/p>\n<ul>\n<li>Support from <strong>8 strategic sectors<\/strong> with 3 filing dates January 26, 2021, March 31, 2021 and 1<sup>er<\/sup> June 2021<\/li>\n<li><strong>The Territorial component<\/strong> qui concentre tous les secteurs avec des d\u00e9p\u00f4ts de dossiers possibles tout au long de l&rsquo;ann\u00e9e<\/li>\n<li>L&rsquo;Aide \u00e0 l&rsquo;investissement de <strong>transformation vers l&rsquo;industrie du futur<\/strong><\/li>\n<\/ul>\n\t\t\t<a href=\"https:\/\/www.reseau-mesure.com\/wp-content\/uploads\/2020\/12\/Presentation-Plan-de-relance-2021.pdf\" target=\"_self\" role=\"button\" rel=\"noopener noreferrer\">\n\t\t\t\t\t\t\tFind out more ...\n\t\t\t\t\t<\/a>\n<h2>\n\t\t<a href=\"https:\/\/www.reseau-mesure.com\/en\/evenements\/\" title=\"Meeting of the digital communication group January 19, 2021 - 10h00 \/ 12h00\" target=\"_self\" rel=\"noopener noreferrer\">\n\t\tR\u00e9union du groupe communication digitale 19 janvier 2021 &#8211; 10h00\/12h00\n\t\t<\/a>\n\t<\/h2>\n\t<p>&nbsp;<\/p>\n<h3><strong>Take part in the January 19 working group!<\/strong><\/h3>\n\n<p><strong>\u00a0<\/strong>What communication codes for social networks?<\/p>\n<p>Quel type de format choisir pour optimiser l&rsquo;utilisation des vid\u00e9os sur les r\u00e9seaux sociaux.<\/p>\n<ul>\n<li>How to measure communication actions?<\/li>\n<\/ul>\n<p>Notamment &#8211; strat\u00e9gies d&#8217;emailings : comment analyser et quantifier les retours ?<\/p>\n<ul>\n<li>Select a new quality prospect file for an emailing:<\/li>\n<\/ul>\n<p>How to select an interesting file?<\/p>\n<p>&nbsp;<\/p>\n\t\t\t<a href=\"mailto:eduflot@reseau-mesure.com\" target=\"_self\" role=\"button\" rel=\"noopener noreferrer\">\n\t\t\t\t\t\tI&#039;am interested)\n\t\t\t\t\t<\/a>\n\t\t\t\t<a href=\"mailto:eduflot@reseau-mesure.com\" target=\"_blank\" rel=\"noopener noreferrer\" itemprop=\"url\">\n\t\t\t\t<img loading=\"lazy\" decoding=\"async\" src=\"https:\/\/www.reseau-mesure.com\/wp-content\/uploads\/2018\/02\/communication-digitale.png\" alt=\"communication digitale\" itemprop=\"image\" height=\"238\" width=\"320\" title=\"digital communication\" onerror=\"this.style.display='none'\"  \/>\n\t\t\t\t<\/a>\n\t\t\t<a href=\"https:\/\/www.reseau-mesure.com\/en\/evenements\/\" target=\"_self\" role=\"button\" rel=\"noopener noreferrer\">\n\t\t\t\t\t\t\tThe complete agenda of the Measurement Network\n\t\t\t\t\t<\/a>\n\t\t\t\t<img loading=\"lazy\" decoding=\"async\" src=\"https:\/\/www.reseau-mesure.com\/wp-content\/uploads\/2020\/08\/Plan-de-travail-3niveau-300x199.png\" alt=\"Plan de travail 3niveau\" itemprop=\"image\" height=\"199\" width=\"300\" title=\"3rd level worktop\" onerror=\"this.style.display='none'\"  \/>\n\t<h2>The offices of the Measurement Network will be closed from December 24 to 31, 2020<\/h2>","protected":false},"excerpt":{"rendered":"<p>R\u00e9seau Mesure Express 10.12.2020 Discover the first volume \u201cThe know-how of the Measurement Network\u201d The first edition of the \u201cKnow-how of the Measurement Network\u201d has just been released! It is edited and distributed widely to allow members who wrote this technical publication to generate sales leads. This book is intended for ...<\/p>","protected":false},"author":685,"featured_media":0,"parent":0,"menu_order":0,"comment_status":"closed","ping_status":"closed","template":"","meta":{"_acf_changed":false,"footnotes":""},"class_list":["post-11831","page","type-page","status-publish","hentry"],"acf":[],"yoast_head":"<!-- This site is optimized with the Yoast SEO plugin v27.3 - https:\/\/yoast.com\/product\/yoast-seo-wordpress\/ -->\n<title>Newsletter-20201210 - R\u00e9seau Mesure<\/title>\n<meta name=\"robots\" content=\"index, follow, max-snippet:-1, max-image-preview:large, max-video-preview:-1\" \/>\n<link rel=\"canonical\" href=\"https:\/\/www.reseau-mesure.com\/en\/newsletter-20201210\/\" \/>\n<meta property=\"og:locale\" content=\"en_US\" \/>\n<meta property=\"og:type\" content=\"article\" \/>\n<meta property=\"og:title\" content=\"Newsletter-20201210 - R\u00e9seau Mesure\" \/>\n<meta property=\"og:description\" content=\"R\u00e9seau Mesure Express 10.12.2020 D\u00e9couvrez le premier volume \u00ab\u00a0Les savoir faire du R\u00e9seau Mesure \u00a0\u00bb La premi\u00e8re \u00e9dition des \u00ab\u00a0Savoir-faire du R\u00e9seau Mesure\u00a0\u00bb vient de sortir ! Elle est \u00e9dit\u00e9e et diffus\u00e9e largement afin de permettre aux adh\u00e9rents qui ont r\u00e9dig\u00e9 cette publication technique de g\u00e9n\u00e9rer des leads commerciaux. &nbsp; Ce livre est destin\u00e9 \u00e0&hellip;\" \/>\n<meta property=\"og:url\" content=\"https:\/\/www.reseau-mesure.com\/en\/newsletter-20201210\/\" \/>\n<meta property=\"og:site_name\" content=\"R\u00e9seau Mesure\" \/>\n<meta property=\"article:publisher\" content=\"https:\/\/www.facebook.com\/reseaumesure\/\" \/>\n<meta property=\"article:modified_time\" content=\"2020-12-11T07:29:01+00:00\" \/>\n<meta property=\"og:image\" content=\"https:\/\/www.reseau-mesure.com\/wp-content\/uploads\/2020\/07\/20ku.jpeg\" \/>\n<meta name=\"twitter:card\" content=\"summary_large_image\" \/>\n<meta name=\"twitter:site\" content=\"@ReseauMesure\" \/>\n<meta name=\"twitter:label1\" content=\"Est. reading time\" \/>\n\t<meta name=\"twitter:data1\" content=\"2 minutes\" \/>\n<script type=\"application\/ld+json\" class=\"yoast-schema-graph\">{\"@context\":\"https:\\\/\\\/schema.org\",\"@graph\":[{\"@type\":\"WebPage\",\"@id\":\"https:\\\/\\\/www.reseau-mesure.com\\\/de\\\/newsletter-20201210\\\/\",\"url\":\"https:\\\/\\\/www.reseau-mesure.com\\\/de\\\/newsletter-20201210\\\/\",\"name\":\"Newsletter-20201210 - R\u00e9seau Mesure\",\"isPartOf\":{\"@id\":\"https:\\\/\\\/www.reseau-mesure.com\\\/#website\"},\"primaryImageOfPage\":{\"@id\":\"https:\\\/\\\/www.reseau-mesure.com\\\/de\\\/newsletter-20201210\\\/#primaryimage\"},\"image\":{\"@id\":\"https:\\\/\\\/www.reseau-mesure.com\\\/de\\\/newsletter-20201210\\\/#primaryimage\"},\"thumbnailUrl\":\"https:\\\/\\\/www.reseau-mesure.com\\\/wp-content\\\/uploads\\\/2020\\\/07\\\/20ku.jpeg\",\"datePublished\":\"2020-12-10T10:32:31+00:00\",\"dateModified\":\"2020-12-11T07:29:01+00:00\",\"breadcrumb\":{\"@id\":\"https:\\\/\\\/www.reseau-mesure.com\\\/de\\\/newsletter-20201210\\\/#breadcrumb\"},\"inLanguage\":\"en-US\",\"potentialAction\":[{\"@type\":\"ReadAction\",\"target\":[\"https:\\\/\\\/www.reseau-mesure.com\\\/de\\\/newsletter-20201210\\\/\"]}]},{\"@type\":\"ImageObject\",\"inLanguage\":\"en-US\",\"@id\":\"https:\\\/\\\/www.reseau-mesure.com\\\/de\\\/newsletter-20201210\\\/#primaryimage\",\"url\":\"https:\\\/\\\/www.reseau-mesure.com\\\/wp-content\\\/uploads\\\/2020\\\/07\\\/20ku.jpeg\",\"contentUrl\":\"https:\\\/\\\/www.reseau-mesure.com\\\/wp-content\\\/uploads\\\/2020\\\/07\\\/20ku.jpeg\"},{\"@type\":\"BreadcrumbList\",\"@id\":\"https:\\\/\\\/www.reseau-mesure.com\\\/de\\\/newsletter-20201210\\\/#breadcrumb\",\"itemListElement\":[{\"@type\":\"ListItem\",\"position\":1,\"name\":\"Accueil\",\"item\":\"https:\\\/\\\/www.reseau-mesure.com\\\/\"},{\"@type\":\"ListItem\",\"position\":2,\"name\":\"Newsletter-20201210\"}]},{\"@type\":\"WebSite\",\"@id\":\"https:\\\/\\\/www.reseau-mesure.com\\\/#website\",\"url\":\"https:\\\/\\\/www.reseau-mesure.com\\\/\",\"name\":\"R\u00e9seau-Mesure\",\"description\":\"R\u00e9seau Mesure\",\"publisher\":{\"@id\":\"https:\\\/\\\/www.reseau-mesure.com\\\/#organization\"},\"potentialAction\":[{\"@type\":\"SearchAction\",\"target\":{\"@type\":\"EntryPoint\",\"urlTemplate\":\"https:\\\/\\\/www.reseau-mesure.com\\\/?s={search_term_string}\"},\"query-input\":{\"@type\":\"PropertyValueSpecification\",\"valueRequired\":true,\"valueName\":\"search_term_string\"}}],\"inLanguage\":\"en-US\"},{\"@type\":\"Organization\",\"@id\":\"https:\\\/\\\/www.reseau-mesure.com\\\/#organization\",\"name\":\"R\u00e9seau-Mesure\",\"url\":\"https:\\\/\\\/www.reseau-mesure.com\\\/\",\"logo\":{\"@type\":\"ImageObject\",\"inLanguage\":\"en-US\",\"@id\":\"https:\\\/\\\/www.reseau-mesure.com\\\/#\\\/schema\\\/logo\\\/image\\\/\",\"url\":\"https:\\\/\\\/www.reseau-mesure.com\\\/wp-content\\\/uploads\\\/2018\\\/02\\\/logo-max.png\",\"contentUrl\":\"https:\\\/\\\/www.reseau-mesure.com\\\/wp-content\\\/uploads\\\/2018\\\/02\\\/logo-max.png\",\"width\":545,\"height\":285,\"caption\":\"R\u00e9seau-Mesure\"},\"image\":{\"@id\":\"https:\\\/\\\/www.reseau-mesure.com\\\/#\\\/schema\\\/logo\\\/image\\\/\"},\"sameAs\":[\"https:\\\/\\\/www.facebook.com\\\/reseaumesure\\\/\",\"https:\\\/\\\/x.com\\\/ReseauMesure\",\"https:\\\/\\\/www.linkedin.com\\\/company\\\/reseau-mesure\\\/\"]}]}<\/script>\n<!-- \/ Yoast SEO plugin. -->","yoast_head_json":{"title":"Newsletter-20201210 - R\u00e9seau Mesure","robots":{"index":"index","follow":"follow","max-snippet":"max-snippet:-1","max-image-preview":"max-image-preview:large","max-video-preview":"max-video-preview:-1"},"canonical":"https:\/\/www.reseau-mesure.com\/en\/newsletter-20201210\/","og_locale":"en_US","og_type":"article","og_title":"Newsletter-20201210 - R\u00e9seau Mesure","og_description":"R\u00e9seau Mesure Express 10.12.2020 D\u00e9couvrez le premier volume \u00ab\u00a0Les savoir faire du R\u00e9seau Mesure \u00a0\u00bb La premi\u00e8re \u00e9dition des \u00ab\u00a0Savoir-faire du R\u00e9seau Mesure\u00a0\u00bb vient de sortir ! Elle est \u00e9dit\u00e9e et diffus\u00e9e largement afin de permettre aux adh\u00e9rents qui ont r\u00e9dig\u00e9 cette publication technique de g\u00e9n\u00e9rer des leads commerciaux. &nbsp; Ce livre est destin\u00e9 \u00e0&hellip;","og_url":"https:\/\/www.reseau-mesure.com\/en\/newsletter-20201210\/","og_site_name":"R\u00e9seau Mesure","article_publisher":"https:\/\/www.facebook.com\/reseaumesure\/","article_modified_time":"2020-12-11T07:29:01+00:00","og_image":[{"url":"https:\/\/www.reseau-mesure.com\/wp-content\/uploads\/2020\/07\/20ku.jpeg","type":"","width":"","height":""}],"twitter_card":"summary_large_image","twitter_site":"@ReseauMesure","twitter_misc":{"Est. reading time":"2 minutes"},"schema":{"@context":"https:\/\/schema.org","@graph":[{"@type":"WebPage","@id":"https:\/\/www.reseau-mesure.com\/de\/newsletter-20201210\/","url":"https:\/\/www.reseau-mesure.com\/de\/newsletter-20201210\/","name":"Newsletter-20201210 - R\u00e9seau Mesure","isPartOf":{"@id":"https:\/\/www.reseau-mesure.com\/#website"},"primaryImageOfPage":{"@id":"https:\/\/www.reseau-mesure.com\/de\/newsletter-20201210\/#primaryimage"},"image":{"@id":"https:\/\/www.reseau-mesure.com\/de\/newsletter-20201210\/#primaryimage"},"thumbnailUrl":"https:\/\/www.reseau-mesure.com\/wp-content\/uploads\/2020\/07\/20ku.jpeg","datePublished":"2020-12-10T10:32:31+00:00","dateModified":"2020-12-11T07:29:01+00:00","breadcrumb":{"@id":"https:\/\/www.reseau-mesure.com\/de\/newsletter-20201210\/#breadcrumb"},"inLanguage":"en-US","potentialAction":[{"@type":"ReadAction","target":["https:\/\/www.reseau-mesure.com\/de\/newsletter-20201210\/"]}]},{"@type":"ImageObject","inLanguage":"en-US","@id":"https:\/\/www.reseau-mesure.com\/de\/newsletter-20201210\/#primaryimage","url":"https:\/\/www.reseau-mesure.com\/wp-content\/uploads\/2020\/07\/20ku.jpeg","contentUrl":"https:\/\/www.reseau-mesure.com\/wp-content\/uploads\/2020\/07\/20ku.jpeg"},{"@type":"BreadcrumbList","@id":"https:\/\/www.reseau-mesure.com\/de\/newsletter-20201210\/#breadcrumb","itemListElement":[{"@type":"ListItem","position":1,"name":"Accueil","item":"https:\/\/www.reseau-mesure.com\/"},{"@type":"ListItem","position":2,"name":"Newsletter-20201210"}]},{"@type":"WebSite","@id":"https:\/\/www.reseau-mesure.com\/#website","url":"https:\/\/www.reseau-mesure.com\/","name":"R\u00e9seau-Mesure","description":"Network Measure","publisher":{"@id":"https:\/\/www.reseau-mesure.com\/#organization"},"potentialAction":[{"@type":"SearchAction","target":{"@type":"EntryPoint","urlTemplate":"https:\/\/www.reseau-mesure.com\/?s={search_term_string}"},"query-input":{"@type":"PropertyValueSpecification","valueRequired":true,"valueName":"search_term_string"}}],"inLanguage":"en-US"},{"@type":"Organization","@id":"https:\/\/www.reseau-mesure.com\/#organization","name":"R\u00e9seau-Mesure","url":"https:\/\/www.reseau-mesure.com\/","logo":{"@type":"ImageObject","inLanguage":"en-US","@id":"https:\/\/www.reseau-mesure.com\/#\/schema\/logo\/image\/","url":"https:\/\/www.reseau-mesure.com\/wp-content\/uploads\/2018\/02\/logo-max.png","contentUrl":"https:\/\/www.reseau-mesure.com\/wp-content\/uploads\/2018\/02\/logo-max.png","width":545,"height":285,"caption":"R\u00e9seau-Mesure"},"image":{"@id":"https:\/\/www.reseau-mesure.com\/#\/schema\/logo\/image\/"},"sameAs":["https:\/\/www.facebook.com\/reseaumesure\/","https:\/\/x.com\/ReseauMesure","https:\/\/www.linkedin.com\/company\/reseau-mesure\/"]}]}},"_links":{"self":[{"href":"https:\/\/www.reseau-mesure.com\/en\/wp-json\/wp\/v2\/pages\/11831","targetHints":{"allow":["GET"]}}],"collection":[{"href":"https:\/\/www.reseau-mesure.com\/en\/wp-json\/wp\/v2\/pages"}],"about":[{"href":"https:\/\/www.reseau-mesure.com\/en\/wp-json\/wp\/v2\/types\/page"}],"author":[{"embeddable":true,"href":"https:\/\/www.reseau-mesure.com\/en\/wp-json\/wp\/v2\/users\/685"}],"replies":[{"embeddable":true,"href":"https:\/\/www.reseau-mesure.com\/en\/wp-json\/wp\/v2\/comments?post=11831"}],"version-history":[{"count":0,"href":"https:\/\/www.reseau-mesure.com\/en\/wp-json\/wp\/v2\/pages\/11831\/revisions"}],"wp:attachment":[{"href":"https:\/\/www.reseau-mesure.com\/en\/wp-json\/wp\/v2\/media?parent=11831"}],"curies":[{"name":"wp","href":"https:\/\/api.w.org\/{rel}","templated":true}]}}