{"id":11878,"date":"2020-12-14T12:37:24","date_gmt":"2020-12-14T11:37:24","guid":{"rendered":"https:\/\/www.reseau-mesure.com\/?page_id=11878"},"modified":"2023-05-23T09:52:52","modified_gmt":"2023-05-23T07:52:52","slug":"la-formation","status":"publish","type":"page","link":"https:\/\/www.reseau-mesure.com\/en\/la-formation\/","title":{"rendered":"Training"},"content":{"rendered":"<img loading=\"lazy\" decoding=\"async\" src=\"https:\/\/www.reseau-mesure.com\/wp-content\/uploads\/2020\/12\/fromation.jpg\" alt=\"visuel pour formation\" itemprop=\"image\" height=\"340\" width=\"473\" title=\"cheese\" onerror=\"this.style.display='none'\">\n\t\t<h1>\n\t\t\tTraining\n\t\t<\/h1>\n\t<h2>Development is often linked to the quality of resources and the ability to adapt to a constantly changing environment.<\/h2>\n\tThe realization of the training sessions is conditioned by a minimum number of participants according to the topic.<br>\nIt takes between 1 and 3 months to open a new session following a person&#039;s request.\n\n<p>You can consult our <a href=\"https:\/\/www.reseau-mesure.com\/wp-content\/uploads\/2021\/06\/2021-CGV-formationsReseauMesure-v2.pdf\" target=\"_blank\" rel=\"noopener\">Training terms and conditions<\/a> and the <a href=\"https:\/\/www.reseau-mesure.com\/wp-content\/uploads\/2021\/04\/Reglement-Interieur-Formations-Reseau-Mesure.pdf\" target=\"_blank\" rel=\"noopener\">Internal training regulations<\/a>.<\/p>\n\tThe Measurement Network, approved training center, labeled DataDock and <a href=\"https:\/\/www.reseau-mesure.com\/wp-content\/uploads\/2021\/07\/Certificat-Qualiopi-RESEAU-MESURE-Signe.pdf\" target=\"_blank\" rel=\"noopener\">QUALIOPI certified<\/a>,&nbsp;offre aux adh\u00e9rents l&rsquo;opportunit\u00e9 de b\u00e9n\u00e9ficier de formations \u00e0 tarifs pr\u00e9f\u00e9rentiels, construites par les groupes de travail th\u00e9matiques.<br>\n<strong>Training Center number 11950510195.<\/strong>\n\n\t\t\t\t<img loading=\"lazy\" decoding=\"async\" src=\"https:\/\/www.reseau-mesure.com\/wp-content\/uploads\/2021\/07\/logo-qualiopi-avec-action-de-formation.png\" alt=\"certification qualiopi action de formation \" itemprop=\"image\" height=\"825\" width=\"980\" title=\"qualiopi logo with training action\" onerror=\"this.style.display='none'\">\n\t\t\t\t<img loading=\"lazy\" decoding=\"async\" src=\"https:\/\/www.reseau-mesure.com\/wp-content\/uploads\/2018\/07\/Picto_datadocke.jpg\" alt=\"Datadock\" itemprop=\"image\" height=\"772\" width=\"716\" title=\"Picto_datadock\" onerror=\"this.style.display='none'\">\n\t\t\t\t<img loading=\"lazy\" decoding=\"async\" src=\"https:\/\/www.reseau-mesure.com\/wp-content\/uploads\/2020\/12\/linkedin.png\" alt=\"logo linkedin pour formation\" itemprop=\"image\" height=\"168\" width=\"300\" title=\"linkedin\" onerror=\"this.style.display='none'\">\n\t<h2><b>Linkedin: communicate - prospect - develop - retain<\/b><a href=\"https:\/\/www.reseau-mesure.com\/en\/formation-strategie-communication-digitale-en-ligne\/\"><b><br>\n<\/b><\/a><\/h2>\n\n<p>&nbsp;<\/p>\n\n\t<h2><b><em>&quot;E-Training&quot;<\/em><\/b><\/h2>\n\t\t\t\t<img loading=\"lazy\" decoding=\"async\" src=\"https:\/\/www.reseau-mesure.com\/wp-content\/uploads\/2020\/12\/laptop-300x200.png\" alt=\"laptop\" itemprop=\"image\" height=\"200\" width=\"300\" title=\"laptop\" onerror=\"this.style.display='none'\">\n\t\t\t\t<img loading=\"lazy\" decoding=\"async\" src=\"https:\/\/www.reseau-mesure.com\/wp-content\/uploads\/2020\/12\/communictaion-digitale-300x200.jpg\" alt=\"communication digitale\" itemprop=\"image\" height=\"200\" width=\"300\" title=\"digital communication\" onerror=\"this.style.display='none'\">\n\t<h2><b>The digital communication strategy: <\/b><b>the basics, keys to success<\/b><\/h2>\n<p>Two half-days of interactive online training for <strong>define your digital communication strategy<\/strong> based on your expectations and needs.<\/p>\n<p>&nbsp;<\/p>\n\n\t<h2><b><em>&quot;E-Training&quot;&nbsp;<\/em><\/b><\/h2>\n\t\t\t\t<img loading=\"lazy\" decoding=\"async\" src=\"https:\/\/www.reseau-mesure.com\/wp-content\/uploads\/2020\/12\/laptop-300x200.png\" alt=\"laptop\" itemprop=\"image\" height=\"200\" width=\"300\" title=\"laptop\" onerror=\"this.style.display='none'\">\n\t\t\t\t<img loading=\"lazy\" decoding=\"async\" src=\"https:\/\/www.reseau-mesure.com\/wp-content\/uploads\/2020\/12\/LNE-2021.jpg\" alt=\"visuel formation lne\" itemprop=\"image\" height=\"342\" width=\"732\" title=\"LNE-2021\" onerror=\"this.style.display='none'\">\n\t<h2>Free e-learning training in metrology<\/h2>\n\n<p>Discover the essentials of metrology in business by means of <strong>an individualized training course,<\/strong> proposed by LNE, structured around the <strong>measurement process and metrologist tools<\/strong>, teaming up :<\/p>\n<ul>\n<li>Trainer video<\/li>\n<li>SME interview<\/li>\n<li>Laboratory report<\/li>\n<li>Summary documents to download<\/li>\n<\/ul>\n\n\t<h2><b><em>&quot;E-Training&quot;&nbsp;<\/em><\/b><\/h2>\n\t\t\t\t<img loading=\"lazy\" decoding=\"async\" src=\"https:\/\/www.reseau-mesure.com\/wp-content\/uploads\/2020\/12\/laptop-300x200.png\" alt=\"laptop\" itemprop=\"image\" height=\"200\" width=\"300\" title=\"laptop\" onerror=\"this.style.display='none'\">\n\t\t\t\t<img loading=\"lazy\" decoding=\"async\" src=\"https:\/\/www.reseau-mesure.com\/wp-content\/uploads\/2020\/12\/Google_Ads_logo.svg_.png\" alt=\"formation ggoome ads\" itemprop=\"image\" height=\"126\" width=\"401\" title=\"Google_Ads_logo.svg\" onerror=\"this.style.display='none'\">\n\t<h2><strong>The r<\/strong><strong>sponsored referencing with Google Ads for measurement professions. Level 1<\/strong><\/h2>\n<p>Cette formation est ouverte pour les d\u00e9butants et pour les personnes qui veulent confirmer les bases.&nbsp; Cette formation est compos\u00e9 d&rsquo;une partie th\u00e9orique et d&rsquo;une partie pratique avec cr\u00e9ation d&rsquo;annonces et mise en ligne avec des comptes de d\u00e9monstration.<\/p>\n\n\t<h2><b><em>&quot;E-Training&quot;&nbsp;<\/em><\/b><\/h2>\n\t\t\t\t<img loading=\"lazy\" decoding=\"async\" src=\"https:\/\/www.reseau-mesure.com\/wp-content\/uploads\/2020\/12\/laptop-300x200.png\" alt=\"laptop\" itemprop=\"image\" height=\"200\" width=\"300\" title=\"laptop\" onerror=\"this.style.display='none'\">\n\t\t\t\t<img loading=\"lazy\" decoding=\"async\" src=\"https:\/\/www.reseau-mesure.com\/wp-content\/uploads\/2020\/12\/GOOGLE-ADS-1.jpg\" alt=\"GOOGLE ADS\" itemprop=\"image\" height=\"118\" width=\"315\" title=\"GOOGLE ADS\" onerror=\"this.style.display='none'\">\n\t<h2><strong>Google Ads Level 2<\/strong><\/h2>\n<p>Have you participated in AdWords level 1 training or are you already new to AdWords and your results do not suit you?<\/p>\n<p>This training is for you.<\/p>\n\n\t\t\t\t<img loading=\"lazy\" decoding=\"async\" src=\"https:\/\/www.reseau-mesure.com\/wp-content\/uploads\/2020\/12\/seo-ecrire-sur-le-web.jpg\" alt=\"ecrire sur le web -seo\" itemprop=\"image\" height=\"252\" width=\"413\" title=\"seo -write on the web\" onerror=\"this.style.display='none'\">\n\t<h2><strong>Write on the web&nbsp;<\/strong><\/h2>\n<p>Take advantage of up-to-date training on how to write on and for the web: organize information on a site, hypertext writing, put or not accents, word orders, semantic fields\u2026.<\/p>\n<p>The training is practical and interactive, focused on the field of measurement.<\/p>\n\n\t<h2><b><em>&quot;E-Training&quot;&nbsp;<\/em><\/b><\/h2>\n\t\t\t\t<img loading=\"lazy\" decoding=\"async\" src=\"https:\/\/www.reseau-mesure.com\/wp-content\/uploads\/2020\/12\/laptop-300x200.png\" alt=\"laptop\" itemprop=\"image\" height=\"200\" width=\"300\" title=\"laptop\" onerror=\"this.style.display='none'\">\n\t\t\t\t<img loading=\"lazy\" decoding=\"async\" src=\"https:\/\/www.reseau-mesure.com\/wp-content\/uploads\/2020\/12\/Centaure-Isometrie.jpg\" alt=\"visuel centaure centre de conduite\" itemprop=\"image\" height=\"500\" width=\"1000\" title=\"Centaur-Isometry\" onerror=\"this.style.display='none'\">\n\t<h2><strong><a href=\"https:\/\/www.reseau-mesure.com\/en\/securite-routiere-et-eco-conduite-2\/\">Road safety training<\/a>&nbsp;<\/strong><\/h2>\n<p>As part of the work of the \u201cThe Road and the Company\u201d group, the R\u00e9seau Mesure and the CIFL offer their members road safety training at discounted rates.<\/p>\n\n\n\t\t\t\t<img loading=\"lazy\" decoding=\"async\" src=\"https:\/\/www.reseau-mesure.com\/wp-content\/uploads\/2020\/12\/vendre.jpg\" alt=\"formation vendre et manager en distanciel\" itemprop=\"image\" height=\"1357\" width=\"1920\" title=\"sale\" onerror=\"this.style.display='none'\">\n\t<p><strong>2 places are reserved for each training for members of the Measurement Network<\/strong>, <\/p>\n<p>So why not enjoy it?<\/p>\n\t<h2><strong>&nbsp;Training offered by Cifl&nbsp;<\/strong><\/h2>\n<p>Cifl has selected training courses adapted to your professions, at rates negotiated especially for their members. As part of our partnership with the <a href=\"https:\/\/cifl.com\/\" target=\"_blank\" rel=\"noopener\">Cifl<\/a>, we offer our members the possibility of accessing the training courses it offers under the same conditions.<\/p>\nThe different topics covered in 2021:<br>\n<strong>- Ensure and sell the service in the laboratory<\/strong><br>\nConferring the ability to provide outstanding service and sell additional services.<br>\n&#8211;<strong> Digital and Social Selling&nbsp;<\/strong><br>\nAnimate your community of customers, use social networks<br>\n&#8211; <strong>Successful telesales<\/strong><br>\n&#8211; <strong>Animation of a network of resellers or distributors<br>\n<\/strong>Transfer to sales representatives all the techniques used to sell and make-sell to resellers or distributors <strong><br>\n<\/strong>&#8211;<strong> Management and coaching of sales teams<br>\n<\/strong>Transmit to managers the methods to advance a salesperson in a sales situation<br>\n&#8211; <strong>Sell and negotiate in the laboratory (improvement module)<\/strong><br>\nProvide the ability to lead the different stages of a sales interview<br>\n&#8211; <strong>Defend its prices&nbsp;<\/strong>\n\n\t\t\t<a href=\"mailto:eduflot@reseau-mesure.com\" target=\"_blank\" role=\"button\" rel=\"noopener\">\n\t\t\t\t\t\t\tcontact and registration\n\t\t\t\t\t<\/a>\n\t\n\t\t\t\t<img loading=\"lazy\" decoding=\"async\" src=\"https:\/\/www.reseau-mesure.com\/wp-content\/uploads\/2020\/12\/poignee-de-main-digitale.jpg\" alt=\"formation vendre en distanciel\" itemprop=\"image\" height=\"1281\" width=\"1920\" title=\"digital handshake\" onerror=\"this.style.display='none'\">\n\t<h2><strong>Remote manager<\/strong><\/h2>\n<p>Training of 5 modules <strong>for all managers wishing to master operational methods to manage remotely<\/strong> and acquire the associated reflexes.<\/p>\n\n\t<h2><strong>Sell in distance<\/strong><\/h2>\n<p>This 5-module training is aimed at <strong>all salespeople wishing to carry out remote sales actions<\/strong> using existing technological solutions while giving these actions the highest level of added value. She addresses<strong> also for sales managers wishing to coach the sales representatives of their team and support them in the adoption of distance selling methods<\/strong>, by offering them benchmarks of target skills.<\/p>\n\n\t\t\t<a href=\"mailto:eduflot@reseau-mesure.com\" target=\"_blank\" role=\"button\" rel=\"noopener\">\n\t\t\t\t\t\t\tcontact and registration\n\t\t\t\t\t<\/a>\n\t\t\t\t<img loading=\"lazy\" decoding=\"async\" src=\"https:\/\/www.reseau-mesure.com\/wp-content\/uploads\/2021\/04\/roue-dentee-300x169.jpg\" alt=\"formation sur mesure\" itemprop=\"image\" height=\"169\" width=\"300\" title=\"cogwheel\" onerror=\"this.style.display='none'\">\n\t<h2><strong>Tailor-made training<\/strong><\/h2>\n<p>Find the specific training of our members specializing in measurement.<\/p>\n\n\t\t\t\t<img loading=\"lazy\" decoding=\"async\" src=\"https:\/\/www.reseau-mesure.com\/wp-content\/uploads\/2021\/03\/verrou-1024x484.jpg\" alt=\"Le R\u00e9seau Mesure\" itemprop=\"image\" height=\"484\" width=\"1024\" title=\"links between members\" onerror=\"this.style.display='none'\">\n\t<h2><strong>Qualiopi certification&nbsp;<\/strong><\/h2>\n<p>Vous dispensez des formations pour vos clients,&nbsp; \u00e0 compter du <strong>January 1, 2022, they must be Qualiopi certified to be supported by the OPCOs<\/strong>.<\/p>","protected":false},"excerpt":{"rendered":"<p>Training Development is often linked to the quality of resources and the ability to adapt to a constantly changing environment. The realization of the training sessions is conditioned by a minimum number of participants according to the topic. It takes between 1 and 3 months to open a new session following ...<\/p>","protected":false},"author":349,"featured_media":0,"parent":0,"menu_order":0,"comment_status":"closed","ping_status":"closed","template":"","meta":{"_acf_changed":false,"footnotes":""},"class_list":["post-11878","page","type-page","status-publish","hentry"],"acf":[],"yoast_head":"<!-- This site is optimized with the Yoast SEO plugin v27.4 - https:\/\/yoast.com\/product\/yoast-seo-wordpress\/ -->\n<title>La formation - R\u00e9seau Mesure<\/title>\n<meta name=\"description\" content=\"Le R\u00e9seau Mesure propose des formations mises en place par le groupe de travail, avec des formateurs sp\u00e9cialis\u00e9s dans chaque domaine %\" \/>\n<meta name=\"robots\" content=\"index, follow, max-snippet:-1, max-image-preview:large, max-video-preview:-1\" \/>\n<link rel=\"canonical\" href=\"https:\/\/www.reseau-mesure.com\/en\/la-formation\/\" \/>\n<meta property=\"og:locale\" content=\"en_US\" \/>\n<meta property=\"og:type\" content=\"article\" \/>\n<meta property=\"og:title\" content=\"Les formations du R\u00e9seau Mesure\" \/>\n<meta property=\"og:description\" content=\"Actions du groupe formation\" \/>\n<meta property=\"og:url\" content=\"https:\/\/www.reseau-mesure.com\/en\/la-formation\/\" \/>\n<meta property=\"og:site_name\" content=\"R\u00e9seau Mesure\" \/>\n<meta property=\"article:publisher\" content=\"https:\/\/www.facebook.com\/reseaumesure\/\" \/>\n<meta property=\"article:modified_time\" content=\"2023-05-23T07:52:52+00:00\" \/>\n<meta property=\"og:image\" content=\"https:\/\/www.reseau-mesure.com\/wp-content\/uploads\/2020\/12\/fromation.jpg\" \/>\n<meta name=\"twitter:card\" content=\"summary_large_image\" \/>\n<meta name=\"twitter:site\" content=\"@ReseauMesure\" \/>\n<meta name=\"twitter:label1\" content=\"Est. reading time\" \/>\n\t<meta name=\"twitter:data1\" content=\"8 minutes\" \/>\n<script type=\"application\/ld+json\" class=\"yoast-schema-graph\">{\"@context\":\"https:\\\/\\\/schema.org\",\"@graph\":[{\"@type\":\"WebPage\",\"@id\":\"https:\\\/\\\/www.reseau-mesure.com\\\/la-formation\\\/\",\"url\":\"https:\\\/\\\/www.reseau-mesure.com\\\/la-formation\\\/\",\"name\":\"La formation - R\u00e9seau Mesure\",\"isPartOf\":{\"@id\":\"https:\\\/\\\/www.reseau-mesure.com\\\/#website\"},\"primaryImageOfPage\":{\"@id\":\"https:\\\/\\\/www.reseau-mesure.com\\\/la-formation\\\/#primaryimage\"},\"image\":{\"@id\":\"https:\\\/\\\/www.reseau-mesure.com\\\/la-formation\\\/#primaryimage\"},\"thumbnailUrl\":\"https:\\\/\\\/www.reseau-mesure.com\\\/wp-content\\\/uploads\\\/2020\\\/12\\\/fromation.jpg\",\"datePublished\":\"2020-12-14T11:37:24+00:00\",\"dateModified\":\"2023-05-23T07:52:52+00:00\",\"description\":\"Le R\u00e9seau Mesure propose des formations mises en place par le groupe de travail, avec des formateurs sp\u00e9cialis\u00e9s dans chaque domaine %\",\"breadcrumb\":{\"@id\":\"https:\\\/\\\/www.reseau-mesure.com\\\/la-formation\\\/#breadcrumb\"},\"inLanguage\":\"en-US\",\"potentialAction\":[{\"@type\":\"ReadAction\",\"target\":[\"https:\\\/\\\/www.reseau-mesure.com\\\/la-formation\\\/\"]}]},{\"@type\":\"ImageObject\",\"inLanguage\":\"en-US\",\"@id\":\"https:\\\/\\\/www.reseau-mesure.com\\\/la-formation\\\/#primaryimage\",\"url\":\"https:\\\/\\\/www.reseau-mesure.com\\\/wp-content\\\/uploads\\\/2020\\\/12\\\/fromation.jpg\",\"contentUrl\":\"https:\\\/\\\/www.reseau-mesure.com\\\/wp-content\\\/uploads\\\/2020\\\/12\\\/fromation.jpg\"},{\"@type\":\"BreadcrumbList\",\"@id\":\"https:\\\/\\\/www.reseau-mesure.com\\\/la-formation\\\/#breadcrumb\",\"itemListElement\":[{\"@type\":\"ListItem\",\"position\":1,\"name\":\"Accueil\",\"item\":\"https:\\\/\\\/www.reseau-mesure.com\\\/\"},{\"@type\":\"ListItem\",\"position\":2,\"name\":\"La formation\"}]},{\"@type\":\"WebSite\",\"@id\":\"https:\\\/\\\/www.reseau-mesure.com\\\/#website\",\"url\":\"https:\\\/\\\/www.reseau-mesure.com\\\/\",\"name\":\"R\u00e9seau-Mesure\",\"description\":\"R\u00e9seau Mesure\",\"publisher\":{\"@id\":\"https:\\\/\\\/www.reseau-mesure.com\\\/#organization\"},\"potentialAction\":[{\"@type\":\"SearchAction\",\"target\":{\"@type\":\"EntryPoint\",\"urlTemplate\":\"https:\\\/\\\/www.reseau-mesure.com\\\/?s={search_term_string}\"},\"query-input\":{\"@type\":\"PropertyValueSpecification\",\"valueRequired\":true,\"valueName\":\"search_term_string\"}}],\"inLanguage\":\"en-US\"},{\"@type\":\"Organization\",\"@id\":\"https:\\\/\\\/www.reseau-mesure.com\\\/#organization\",\"name\":\"R\u00e9seau-Mesure\",\"url\":\"https:\\\/\\\/www.reseau-mesure.com\\\/\",\"logo\":{\"@type\":\"ImageObject\",\"inLanguage\":\"en-US\",\"@id\":\"https:\\\/\\\/www.reseau-mesure.com\\\/#\\\/schema\\\/logo\\\/image\\\/\",\"url\":\"https:\\\/\\\/www.reseau-mesure.com\\\/wp-content\\\/uploads\\\/2018\\\/02\\\/logo-max.png\",\"contentUrl\":\"https:\\\/\\\/www.reseau-mesure.com\\\/wp-content\\\/uploads\\\/2018\\\/02\\\/logo-max.png\",\"width\":545,\"height\":285,\"caption\":\"R\u00e9seau-Mesure\"},\"image\":{\"@id\":\"https:\\\/\\\/www.reseau-mesure.com\\\/#\\\/schema\\\/logo\\\/image\\\/\"},\"sameAs\":[\"https:\\\/\\\/www.facebook.com\\\/reseaumesure\\\/\",\"https:\\\/\\\/x.com\\\/ReseauMesure\",\"https:\\\/\\\/www.linkedin.com\\\/company\\\/reseau-mesure\\\/\"]}]}<\/script>\n<!-- \/ Yoast SEO plugin. -->","yoast_head_json":{"title":"La formation - R\u00e9seau Mesure","description":"Le R\u00e9seau Mesure propose des formations mises en place par le groupe de travail, avec des formateurs sp\u00e9cialis\u00e9s dans chaque domaine %","robots":{"index":"index","follow":"follow","max-snippet":"max-snippet:-1","max-image-preview":"max-image-preview:large","max-video-preview":"max-video-preview:-1"},"canonical":"https:\/\/www.reseau-mesure.com\/en\/la-formation\/","og_locale":"en_US","og_type":"article","og_title":"Les formations du R\u00e9seau Mesure","og_description":"Actions du groupe formation","og_url":"https:\/\/www.reseau-mesure.com\/en\/la-formation\/","og_site_name":"R\u00e9seau Mesure","article_publisher":"https:\/\/www.facebook.com\/reseaumesure\/","article_modified_time":"2023-05-23T07:52:52+00:00","og_image":[{"url":"https:\/\/www.reseau-mesure.com\/wp-content\/uploads\/2020\/12\/fromation.jpg","type":"","width":"","height":""}],"twitter_card":"summary_large_image","twitter_site":"@ReseauMesure","twitter_misc":{"Est. reading time":"8 minutes"},"schema":{"@context":"https:\/\/schema.org","@graph":[{"@type":"WebPage","@id":"https:\/\/www.reseau-mesure.com\/la-formation\/","url":"https:\/\/www.reseau-mesure.com\/la-formation\/","name":"La formation - R\u00e9seau Mesure","isPartOf":{"@id":"https:\/\/www.reseau-mesure.com\/#website"},"primaryImageOfPage":{"@id":"https:\/\/www.reseau-mesure.com\/la-formation\/#primaryimage"},"image":{"@id":"https:\/\/www.reseau-mesure.com\/la-formation\/#primaryimage"},"thumbnailUrl":"https:\/\/www.reseau-mesure.com\/wp-content\/uploads\/2020\/12\/fromation.jpg","datePublished":"2020-12-14T11:37:24+00:00","dateModified":"2023-05-23T07:52:52+00:00","description":"Le R\u00e9seau Mesure propose des formations mises en place par le groupe de travail, avec des formateurs sp\u00e9cialis\u00e9s dans chaque domaine %","breadcrumb":{"@id":"https:\/\/www.reseau-mesure.com\/la-formation\/#breadcrumb"},"inLanguage":"en-US","potentialAction":[{"@type":"ReadAction","target":["https:\/\/www.reseau-mesure.com\/la-formation\/"]}]},{"@type":"ImageObject","inLanguage":"en-US","@id":"https:\/\/www.reseau-mesure.com\/la-formation\/#primaryimage","url":"https:\/\/www.reseau-mesure.com\/wp-content\/uploads\/2020\/12\/fromation.jpg","contentUrl":"https:\/\/www.reseau-mesure.com\/wp-content\/uploads\/2020\/12\/fromation.jpg"},{"@type":"BreadcrumbList","@id":"https:\/\/www.reseau-mesure.com\/la-formation\/#breadcrumb","itemListElement":[{"@type":"ListItem","position":1,"name":"Accueil","item":"https:\/\/www.reseau-mesure.com\/"},{"@type":"ListItem","position":2,"name":"La formation"}]},{"@type":"WebSite","@id":"https:\/\/www.reseau-mesure.com\/#website","url":"https:\/\/www.reseau-mesure.com\/","name":"R\u00e9seau-Mesure","description":"Network Measure","publisher":{"@id":"https:\/\/www.reseau-mesure.com\/#organization"},"potentialAction":[{"@type":"SearchAction","target":{"@type":"EntryPoint","urlTemplate":"https:\/\/www.reseau-mesure.com\/?s={search_term_string}"},"query-input":{"@type":"PropertyValueSpecification","valueRequired":true,"valueName":"search_term_string"}}],"inLanguage":"en-US"},{"@type":"Organization","@id":"https:\/\/www.reseau-mesure.com\/#organization","name":"R\u00e9seau-Mesure","url":"https:\/\/www.reseau-mesure.com\/","logo":{"@type":"ImageObject","inLanguage":"en-US","@id":"https:\/\/www.reseau-mesure.com\/#\/schema\/logo\/image\/","url":"https:\/\/www.reseau-mesure.com\/wp-content\/uploads\/2018\/02\/logo-max.png","contentUrl":"https:\/\/www.reseau-mesure.com\/wp-content\/uploads\/2018\/02\/logo-max.png","width":545,"height":285,"caption":"R\u00e9seau-Mesure"},"image":{"@id":"https:\/\/www.reseau-mesure.com\/#\/schema\/logo\/image\/"},"sameAs":["https:\/\/www.facebook.com\/reseaumesure\/","https:\/\/x.com\/ReseauMesure","https:\/\/www.linkedin.com\/company\/reseau-mesure\/"]}]}},"_links":{"self":[{"href":"https:\/\/www.reseau-mesure.com\/en\/wp-json\/wp\/v2\/pages\/11878","targetHints":{"allow":["GET"]}}],"collection":[{"href":"https:\/\/www.reseau-mesure.com\/en\/wp-json\/wp\/v2\/pages"}],"about":[{"href":"https:\/\/www.reseau-mesure.com\/en\/wp-json\/wp\/v2\/types\/page"}],"author":[{"embeddable":true,"href":"https:\/\/www.reseau-mesure.com\/en\/wp-json\/wp\/v2\/users\/349"}],"replies":[{"embeddable":true,"href":"https:\/\/www.reseau-mesure.com\/en\/wp-json\/wp\/v2\/comments?post=11878"}],"version-history":[{"count":0,"href":"https:\/\/www.reseau-mesure.com\/en\/wp-json\/wp\/v2\/pages\/11878\/revisions"}],"wp:attachment":[{"href":"https:\/\/www.reseau-mesure.com\/en\/wp-json\/wp\/v2\/media?parent=11878"}],"curies":[{"name":"wp","href":"https:\/\/api.w.org\/{rel}","templated":true}]}}