{"id":11891,"date":"2020-12-14T14:22:59","date_gmt":"2020-12-14T13:22:59","guid":{"rendered":"https:\/\/www.reseau-mesure.com\/?page_id=11891"},"modified":"2021-11-12T17:04:57","modified_gmt":"2021-11-12T16:04:57","slug":"formation-linkedin","status":"publish","type":"page","link":"https:\/\/www.reseau-mesure.com\/en\/formation-linkedin\/","title":{"rendered":"Linkedin: communicate - prospect - develop - retain"},"content":{"rendered":"<img loading=\"lazy\" decoding=\"async\" src=\"https:\/\/www.reseau-mesure.com\/wp-content\/uploads\/2020\/12\/linkedin.png\" alt=\"logo linkedin pour formation\" itemprop=\"image\" height=\"168\" width=\"300\" title=\"linkedin\" onerror=\"this.style.display='none'\"  \/>\n\t<p>&nbsp;<\/p>\n\n\t\t\t\t<img loading=\"lazy\" decoding=\"async\" src=\"https:\/\/www.reseau-mesure.com\/wp-content\/uploads\/2020\/12\/laptop-150x150.png\" alt=\"laptop\" itemprop=\"image\" height=\"150\" width=\"150\" title=\"laptop\" onerror=\"this.style.display='none'\"  \/>\n\t<p>&nbsp;<\/p>\n\n\t<table width=\"100%\">\n<tbody>\n<tr>\n<td>\n<ul>\n<li>\n<ul>\n<li>\n<ul>\n<li>\n<ul>\n<li>Have a successful recruiter profile.<\/li>\n<li>Find talent on LinkedIn.<\/li>\n<li>Cultivate relationships with potential candidates.<\/li>\n<li>Take care of your employer brand.<\/li>\n<li>Publish job offers and create an appointment on his LinkedIn page.<\/li>\n<\/ul>\n<\/li>\n<\/ul>\n<\/li>\n<\/ul>\n<\/li>\n<\/ul>\n<p>The training will be provided by G. Mancel, partner of the Measurement Network and LinkedIn specialist.<\/p>\n\n<p><strong>Number of trainees per session:<\/strong>\u00a0 mini 4 pers. \/ max 6 pers.<\/p>\n\n<p>We plan the dates according to your requests, so do not hesitate to <a href=\"mailto:confray@reseau-mesure.com\">Contact us<\/a> !\u00a0<\/p>\n&nbsp;<\/td>\n<\/tr>\n<tr>\n<td><\/td>\n<\/tr>\n<\/tbody>\n<\/table>\n\t\t\t<a href=\"https:\/\/www.reseau-mesure.com\/wp-content\/uploads\/2021\/06\/2021-06-17-presentation-Linkedin-d.pdf\" target=\"_blank\" role=\"button\" rel=\"noopener\">\n\t\t\t\t\t\t\tpresentation\n\t\t\t\t\t<\/a>\n\t\t\t<a href=\"https:\/\/www.reseau-mesure.com\/wp-content\/uploads\/2021\/06\/2021-06-17-Linkedin-d-programme.pdf\" target=\"_blank\" role=\"button\" rel=\"noopener\">\n\t\t\t\t\t\t\tProgram\n\t\t\t\t\t<\/a>\n\t\t\t<a href=\"mailto:confray@reseau-mesure.com\" target=\"_blank\" role=\"button\" rel=\"noopener\">\n\t\t\t\t\t\t\tSubscription request\n\t\t\t\t\t<\/a>","protected":false},"excerpt":{"rendered":"<p>&nbsp; &nbsp; Have a successful recruiter profile. Find talent on LinkedIn. Cultivate relationships with potential candidates. Take care of your employer brand. Publish job offers and create an appointment on his LinkedIn page. The training will be provided by G.Mancel, partner of the Measurement Network and LinkedIn specialist. Number of trainees per session: minimum 4\u2026<\/p>","protected":false},"author":349,"featured_media":0,"parent":0,"menu_order":0,"comment_status":"closed","ping_status":"closed","template":"","meta":{"_acf_changed":false,"footnotes":""},"class_list":["post-11891","page","type-page","status-publish","hentry"],"acf":[],"yoast_head":"<!-- This site is optimized with the Yoast SEO plugin v27.4 - https:\/\/yoast.com\/product\/yoast-seo-wordpress\/ -->\n<title>Formation - Linkedin: communiquer - prospecter - d\u00e9velopper - fid\u00e9liser - R\u00e9seau Mesure<\/title>\n<meta name=\"description\" content=\"Formation LinkedIn pour les adh\u00e9rents du R\u00e9seau Mesure. Utilisez les r\u00e9seaux sociaux pour prospecter et valoriser votre entreprise.\" \/>\n<meta name=\"robots\" content=\"index, follow, max-snippet:-1, max-image-preview:large, max-video-preview:-1\" \/>\n<link rel=\"canonical\" href=\"http:\/\/www.reseau-mesure.com\/en\/formation-linkedin\/\" \/>\n<meta property=\"og:locale\" content=\"en_US\" \/>\n<meta property=\"og:type\" content=\"article\" \/>\n<meta property=\"og:title\" content=\"Formation - Linkedin: communiquer - prospecter - d\u00e9velopper - fid\u00e9liser - R\u00e9seau Mesure\" \/>\n<meta property=\"og:description\" content=\"Formation LinkedIn pour les adh\u00e9rents du R\u00e9seau Mesure. Utilisez les r\u00e9seaux sociaux pour prospecter et valoriser votre entreprise.\" \/>\n<meta property=\"og:url\" content=\"http:\/\/www.reseau-mesure.com\/en\/formation-linkedin\/\" \/>\n<meta property=\"og:site_name\" content=\"R\u00e9seau Mesure\" \/>\n<meta property=\"article:publisher\" content=\"https:\/\/www.facebook.com\/reseaumesure\/\" \/>\n<meta property=\"article:modified_time\" content=\"2021-11-12T16:04:57+00:00\" \/>\n<meta property=\"og:image\" content=\"https:\/\/www.reseau-mesure.com\/wp-content\/uploads\/2020\/12\/linkedin.png\" \/>\n<meta name=\"twitter:card\" content=\"summary_large_image\" \/>\n<meta name=\"twitter:site\" content=\"@ReseauMesure\" \/>\n<meta name=\"twitter:label1\" content=\"Est. reading time\" \/>\n\t<meta name=\"twitter:data1\" content=\"2 minutes\" \/>\n<script type=\"application\/ld+json\" class=\"yoast-schema-graph\">{\"@context\":\"https:\\\/\\\/schema.org\",\"@graph\":[{\"@type\":\"WebPage\",\"@id\":\"http:\\\/\\\/www.reseau-mesure.com\\\/de\\\/formation-linkedin\\\/\",\"url\":\"http:\\\/\\\/www.reseau-mesure.com\\\/de\\\/formation-linkedin\\\/\",\"name\":\"Formation - Linkedin: communiquer - prospecter - d\u00e9velopper - fid\u00e9liser - R\u00e9seau Mesure\",\"isPartOf\":{\"@id\":\"https:\\\/\\\/www.reseau-mesure.com\\\/#website\"},\"primaryImageOfPage\":{\"@id\":\"http:\\\/\\\/www.reseau-mesure.com\\\/de\\\/formation-linkedin\\\/#primaryimage\"},\"image\":{\"@id\":\"http:\\\/\\\/www.reseau-mesure.com\\\/de\\\/formation-linkedin\\\/#primaryimage\"},\"thumbnailUrl\":\"https:\\\/\\\/www.reseau-mesure.com\\\/wp-content\\\/uploads\\\/2020\\\/12\\\/linkedin.png\",\"datePublished\":\"2020-12-14T13:22:59+00:00\",\"dateModified\":\"2021-11-12T16:04:57+00:00\",\"description\":\"Formation LinkedIn pour les adh\u00e9rents du R\u00e9seau Mesure. Utilisez les r\u00e9seaux sociaux pour prospecter et valoriser votre entreprise.\",\"breadcrumb\":{\"@id\":\"http:\\\/\\\/www.reseau-mesure.com\\\/de\\\/formation-linkedin\\\/#breadcrumb\"},\"inLanguage\":\"en-US\",\"potentialAction\":[{\"@type\":\"ReadAction\",\"target\":[\"http:\\\/\\\/www.reseau-mesure.com\\\/de\\\/formation-linkedin\\\/\"]}]},{\"@type\":\"ImageObject\",\"inLanguage\":\"en-US\",\"@id\":\"http:\\\/\\\/www.reseau-mesure.com\\\/de\\\/formation-linkedin\\\/#primaryimage\",\"url\":\"https:\\\/\\\/www.reseau-mesure.com\\\/wp-content\\\/uploads\\\/2020\\\/12\\\/linkedin.png\",\"contentUrl\":\"https:\\\/\\\/www.reseau-mesure.com\\\/wp-content\\\/uploads\\\/2020\\\/12\\\/linkedin.png\"},{\"@type\":\"BreadcrumbList\",\"@id\":\"http:\\\/\\\/www.reseau-mesure.com\\\/de\\\/formation-linkedin\\\/#breadcrumb\",\"itemListElement\":[{\"@type\":\"ListItem\",\"position\":1,\"name\":\"Accueil\",\"item\":\"https:\\\/\\\/www.reseau-mesure.com\\\/\"},{\"@type\":\"ListItem\",\"position\":2,\"name\":\"Linkedin: communiquer &#8211; prospecter &#8211; d\u00e9velopper &#8211; fid\u00e9liser\"}]},{\"@type\":\"WebSite\",\"@id\":\"https:\\\/\\\/www.reseau-mesure.com\\\/#website\",\"url\":\"https:\\\/\\\/www.reseau-mesure.com\\\/\",\"name\":\"R\u00e9seau-Mesure\",\"description\":\"R\u00e9seau Mesure\",\"publisher\":{\"@id\":\"https:\\\/\\\/www.reseau-mesure.com\\\/#organization\"},\"potentialAction\":[{\"@type\":\"SearchAction\",\"target\":{\"@type\":\"EntryPoint\",\"urlTemplate\":\"https:\\\/\\\/www.reseau-mesure.com\\\/?s={search_term_string}\"},\"query-input\":{\"@type\":\"PropertyValueSpecification\",\"valueRequired\":true,\"valueName\":\"search_term_string\"}}],\"inLanguage\":\"en-US\"},{\"@type\":\"Organization\",\"@id\":\"https:\\\/\\\/www.reseau-mesure.com\\\/#organization\",\"name\":\"R\u00e9seau-Mesure\",\"url\":\"https:\\\/\\\/www.reseau-mesure.com\\\/\",\"logo\":{\"@type\":\"ImageObject\",\"inLanguage\":\"en-US\",\"@id\":\"https:\\\/\\\/www.reseau-mesure.com\\\/#\\\/schema\\\/logo\\\/image\\\/\",\"url\":\"https:\\\/\\\/www.reseau-mesure.com\\\/wp-content\\\/uploads\\\/2018\\\/02\\\/logo-max.png\",\"contentUrl\":\"https:\\\/\\\/www.reseau-mesure.com\\\/wp-content\\\/uploads\\\/2018\\\/02\\\/logo-max.png\",\"width\":545,\"height\":285,\"caption\":\"R\u00e9seau-Mesure\"},\"image\":{\"@id\":\"https:\\\/\\\/www.reseau-mesure.com\\\/#\\\/schema\\\/logo\\\/image\\\/\"},\"sameAs\":[\"https:\\\/\\\/www.facebook.com\\\/reseaumesure\\\/\",\"https:\\\/\\\/x.com\\\/ReseauMesure\",\"https:\\\/\\\/www.linkedin.com\\\/company\\\/reseau-mesure\\\/\"]}]}<\/script>\n<!-- \/ Yoast SEO plugin. -->","yoast_head_json":{"title":"Formation - Linkedin: communiquer - prospecter - d\u00e9velopper - fid\u00e9liser - R\u00e9seau Mesure","description":"Formation LinkedIn pour les adh\u00e9rents du R\u00e9seau Mesure. Utilisez les r\u00e9seaux sociaux pour prospecter et valoriser votre entreprise.","robots":{"index":"index","follow":"follow","max-snippet":"max-snippet:-1","max-image-preview":"max-image-preview:large","max-video-preview":"max-video-preview:-1"},"canonical":"http:\/\/www.reseau-mesure.com\/en\/formation-linkedin\/","og_locale":"en_US","og_type":"article","og_title":"Formation - Linkedin: communiquer - prospecter - d\u00e9velopper - fid\u00e9liser - R\u00e9seau Mesure","og_description":"Formation LinkedIn pour les adh\u00e9rents du R\u00e9seau Mesure. Utilisez les r\u00e9seaux sociaux pour prospecter et valoriser votre entreprise.","og_url":"http:\/\/www.reseau-mesure.com\/en\/formation-linkedin\/","og_site_name":"R\u00e9seau Mesure","article_publisher":"https:\/\/www.facebook.com\/reseaumesure\/","article_modified_time":"2021-11-12T16:04:57+00:00","og_image":[{"url":"https:\/\/www.reseau-mesure.com\/wp-content\/uploads\/2020\/12\/linkedin.png","type":"","width":"","height":""}],"twitter_card":"summary_large_image","twitter_site":"@ReseauMesure","twitter_misc":{"Est. reading time":"2 minutes"},"schema":{"@context":"https:\/\/schema.org","@graph":[{"@type":"WebPage","@id":"http:\/\/www.reseau-mesure.com\/de\/formation-linkedin\/","url":"http:\/\/www.reseau-mesure.com\/de\/formation-linkedin\/","name":"Formation - Linkedin: communiquer - prospecter - d\u00e9velopper - fid\u00e9liser - R\u00e9seau Mesure","isPartOf":{"@id":"https:\/\/www.reseau-mesure.com\/#website"},"primaryImageOfPage":{"@id":"http:\/\/www.reseau-mesure.com\/de\/formation-linkedin\/#primaryimage"},"image":{"@id":"http:\/\/www.reseau-mesure.com\/de\/formation-linkedin\/#primaryimage"},"thumbnailUrl":"https:\/\/www.reseau-mesure.com\/wp-content\/uploads\/2020\/12\/linkedin.png","datePublished":"2020-12-14T13:22:59+00:00","dateModified":"2021-11-12T16:04:57+00:00","description":"Formation LinkedIn pour les adh\u00e9rents du R\u00e9seau Mesure. Utilisez les r\u00e9seaux sociaux pour prospecter et valoriser votre entreprise.","breadcrumb":{"@id":"http:\/\/www.reseau-mesure.com\/de\/formation-linkedin\/#breadcrumb"},"inLanguage":"en-US","potentialAction":[{"@type":"ReadAction","target":["http:\/\/www.reseau-mesure.com\/de\/formation-linkedin\/"]}]},{"@type":"ImageObject","inLanguage":"en-US","@id":"http:\/\/www.reseau-mesure.com\/de\/formation-linkedin\/#primaryimage","url":"https:\/\/www.reseau-mesure.com\/wp-content\/uploads\/2020\/12\/linkedin.png","contentUrl":"https:\/\/www.reseau-mesure.com\/wp-content\/uploads\/2020\/12\/linkedin.png"},{"@type":"BreadcrumbList","@id":"http:\/\/www.reseau-mesure.com\/de\/formation-linkedin\/#breadcrumb","itemListElement":[{"@type":"ListItem","position":1,"name":"Accueil","item":"https:\/\/www.reseau-mesure.com\/"},{"@type":"ListItem","position":2,"name":"Linkedin: communiquer &#8211; prospecter &#8211; d\u00e9velopper &#8211; fid\u00e9liser"}]},{"@type":"WebSite","@id":"https:\/\/www.reseau-mesure.com\/#website","url":"https:\/\/www.reseau-mesure.com\/","name":"R\u00e9seau-Mesure","description":"Network Measure","publisher":{"@id":"https:\/\/www.reseau-mesure.com\/#organization"},"potentialAction":[{"@type":"SearchAction","target":{"@type":"EntryPoint","urlTemplate":"https:\/\/www.reseau-mesure.com\/?s={search_term_string}"},"query-input":{"@type":"PropertyValueSpecification","valueRequired":true,"valueName":"search_term_string"}}],"inLanguage":"en-US"},{"@type":"Organization","@id":"https:\/\/www.reseau-mesure.com\/#organization","name":"R\u00e9seau-Mesure","url":"https:\/\/www.reseau-mesure.com\/","logo":{"@type":"ImageObject","inLanguage":"en-US","@id":"https:\/\/www.reseau-mesure.com\/#\/schema\/logo\/image\/","url":"https:\/\/www.reseau-mesure.com\/wp-content\/uploads\/2018\/02\/logo-max.png","contentUrl":"https:\/\/www.reseau-mesure.com\/wp-content\/uploads\/2018\/02\/logo-max.png","width":545,"height":285,"caption":"R\u00e9seau-Mesure"},"image":{"@id":"https:\/\/www.reseau-mesure.com\/#\/schema\/logo\/image\/"},"sameAs":["https:\/\/www.facebook.com\/reseaumesure\/","https:\/\/x.com\/ReseauMesure","https:\/\/www.linkedin.com\/company\/reseau-mesure\/"]}]}},"_links":{"self":[{"href":"https:\/\/www.reseau-mesure.com\/en\/wp-json\/wp\/v2\/pages\/11891","targetHints":{"allow":["GET"]}}],"collection":[{"href":"https:\/\/www.reseau-mesure.com\/en\/wp-json\/wp\/v2\/pages"}],"about":[{"href":"https:\/\/www.reseau-mesure.com\/en\/wp-json\/wp\/v2\/types\/page"}],"author":[{"embeddable":true,"href":"https:\/\/www.reseau-mesure.com\/en\/wp-json\/wp\/v2\/users\/349"}],"replies":[{"embeddable":true,"href":"https:\/\/www.reseau-mesure.com\/en\/wp-json\/wp\/v2\/comments?post=11891"}],"version-history":[{"count":0,"href":"https:\/\/www.reseau-mesure.com\/en\/wp-json\/wp\/v2\/pages\/11891\/revisions"}],"wp:attachment":[{"href":"https:\/\/www.reseau-mesure.com\/en\/wp-json\/wp\/v2\/media?parent=11891"}],"curies":[{"name":"wp","href":"https:\/\/api.w.org\/{rel}","templated":true}]}}