{"id":11929,"date":"2020-12-14T16:23:24","date_gmt":"2020-12-14T15:23:24","guid":{"rendered":"https:\/\/www.reseau-mesure.com\/?page_id=11929"},"modified":"2022-03-18T11:38:52","modified_gmt":"2022-03-18T10:38:52","slug":"formation-centaure-securite-routiere","status":"publish","type":"page","link":"https:\/\/www.reseau-mesure.com\/en\/formation-centaure-securite-routiere\/","title":{"rendered":"Centaur: road safety"},"content":{"rendered":"<img loading=\"lazy\" decoding=\"async\" src=\"https:\/\/www.reseau-mesure.com\/wp-content\/uploads\/2021\/05\/centaure-logo-2021-mai-.png\" alt=\"logo ceinture s\u00e9curit\u00e9 routi\u00e8re\" itemprop=\"image\" height=\"122\" width=\"250\" title=\"centaur logo 2021 may\" onerror=\"this.style.display='none'\">\n\t<p>&nbsp;<\/p>\n\n<p>&nbsp;<\/p>\n\n<p>If you have a sales or after-sales service, road safety is an important safety measure for the employees of your company. Centaur training courses are intended primarily for all itinerant or mobile populations (salespeople, technicians, delivery people, supervisors, liberal professions, health personnel, etc.).<\/p>\n\n<p>Mastery of drivers of light vehicles or light commercial vehicles, in their&nbsp;<strong>capacity<\/strong>&nbsp;<strong>analysis<\/strong>&nbsp;risky situations,&nbsp;<strong>comprehension<\/strong>&nbsp;the genesis of an accident situation and the knowledge of the actions to be implemented in an appropriate manner.<\/p>\n<p>Through this knowledge and know-how, the driver is in&nbsp;<strong>ability to avoid risky situations&nbsp;<\/strong>related to the road.<\/p>\n\n<ul>\n<li>Professional road risk is the 1<sup>time<\/sup>&nbsp;cause of fatal accident at work.<\/li>\n<li>50% of those killed on the job are on the road.<\/li>\n<li>70 days: average duration of a work stoppage with temporary incapacity following a traffic accident.<\/li>\n<li>Work stoppages following a traffic accident are 1.5 times the average duration of a work stoppage.<\/li>\n<li>The cost of a road traffic accident on a mission is 3 times higher than the average cost of a work accident.<\/li>\n<li>90% road accidents at work are due to unsuitable human behavior.<\/li>\n<\/ul>\n\n<ul>\n<li>Human: Loss of human capital \/ loss of key man \/ loss of skills.<\/li>\n<li>Financial: Road accidents cause direct and indirect costs (often 2 to 3 times greater).<\/li>\n<li>Legal: The road risk for an employee on assignment is a professional risk. Like all occupational risks, this must be assessed and recorded in the single document (Article L4221-1 and R4121-1 of the Labor Code).<\/li>\n<\/ul>\n\n<p>&nbsp;<\/p>\n\n<p><strong>Participation 2019-2021:<\/strong> 8 member companies<\/p>\n\n<ul>\n<li><em><a href=\"https:\/\/www.centaure.com\/FCKeditor\/UserFiles\/File\/CUMUL-JanvierJuillet2020-StatistiquesPreventisCardPro.pdf\" target=\"_blank\" rel=\"noopener\"><u>2020 indicators<\/u><\/a><\/em><\/li>\n<li><em><a href=\"https:\/\/www.centaure.com\/FCKeditor\/UserFiles\/File\/CUMUL-JanvierDecembre2019-StatistiquesPreventisCardPro.pdf\" target=\"_blank\" rel=\"noopener\"><u>2019 indicators<\/u><\/a><\/em><\/li>\n<\/ul>\n<p>2021 ratings: 19.76\/20<\/p>\n\t\t\t<a href=\"https:\/\/www.reseau-mesure.com\/en\/securite-routiere-et-eco-conduite-2\/\" target=\"_blank\" role=\"button\" rel=\"noopener\">\n\t\t\t\t\t\t\tpresentation of centaur training\n\t\t\t\t\t<\/a>\n\t\t\t<a href=\"mailto:confray@reseau-mesure.com\" target=\"_blank\" role=\"button\" rel=\"noopener\">\n\t\t\t\t\t\t\tinformation request and registration\n\t\t\t\t\t<\/a>","protected":false},"excerpt":{"rendered":"<p>&nbsp; &nbsp; If you have a sales or after-sales service, road safety is an important safety measure for the employees of your company. Centaur training courses are intended primarily for all itinerant or mobile populations (salespeople, technicians, delivery people, supervisors, liberal professions, health personnel, etc.). The mastery of drivers of ...<\/p>","protected":false},"author":349,"featured_media":12058,"parent":0,"menu_order":0,"comment_status":"closed","ping_status":"closed","template":"","meta":{"_acf_changed":false,"footnotes":""},"class_list":["post-11929","page","type-page","status-publish","has-post-thumbnail","hentry"],"acf":[],"yoast_head":"<!-- This site is optimized with the Yoast SEO plugin v27.3 - https:\/\/yoast.com\/product\/yoast-seo-wordpress\/ -->\n<title>Centaure: la s\u00e9curit\u00e9 routi\u00e8re - R\u00e9seau Mesure<\/title>\n<meta name=\"robots\" content=\"index, follow, max-snippet:-1, max-image-preview:large, max-video-preview:-1\" \/>\n<link rel=\"canonical\" href=\"https:\/\/www.reseau-mesure.com\/en\/formation-centaure-securite-routiere\/\" \/>\n<meta property=\"og:locale\" content=\"en_US\" \/>\n<meta property=\"og:type\" content=\"article\" \/>\n<meta property=\"og:title\" content=\"Centaure: la s\u00e9curit\u00e9 routi\u00e8re - R\u00e9seau Mesure\" \/>\n<meta property=\"og:description\" content=\"&nbsp; &nbsp; Si vous avez un service commercial ou apr\u00e8s-vente, la pr\u00e9vention routi\u00e8re constitue une mesure de s\u00e9curit\u00e9 importante pour les salari\u00e9s de votre entreprise. Les formations Centaure sont destin\u00e9es en priorit\u00e9 \u00e0 toutes les populations d&rsquo;itin\u00e9rants ou de roulants (commerciaux, techniciens, livreurs, encadrants, professions lib\u00e9rales, personnel de sant\u00e9 etc.). La Maitrise des conducteurs de&hellip;\" \/>\n<meta property=\"og:url\" content=\"https:\/\/www.reseau-mesure.com\/en\/formation-centaure-securite-routiere\/\" \/>\n<meta property=\"og:site_name\" content=\"R\u00e9seau Mesure\" \/>\n<meta property=\"article:publisher\" content=\"https:\/\/www.facebook.com\/reseaumesure\/\" \/>\n<meta property=\"article:modified_time\" content=\"2022-03-18T10:38:52+00:00\" \/>\n<meta property=\"og:image\" content=\"https:\/\/www.reseau-mesure.com\/wp-content\/uploads\/2020\/12\/Centaure-Isometrie.jpg\" \/>\n\t<meta property=\"og:image:width\" content=\"1000\" \/>\n\t<meta property=\"og:image:height\" content=\"500\" \/>\n\t<meta property=\"og:image:type\" content=\"image\/jpeg\" \/>\n<meta name=\"twitter:card\" content=\"summary_large_image\" \/>\n<meta name=\"twitter:site\" content=\"@ReseauMesure\" \/>\n<meta name=\"twitter:label1\" content=\"Est. reading time\" \/>\n\t<meta name=\"twitter:data1\" content=\"2 minutes\" \/>\n<script type=\"application\/ld+json\" class=\"yoast-schema-graph\">{\"@context\":\"https:\\\/\\\/schema.org\",\"@graph\":[{\"@type\":\"WebPage\",\"@id\":\"https:\\\/\\\/www.reseau-mesure.com\\\/formation-centaure-securite-routiere\\\/\",\"url\":\"https:\\\/\\\/www.reseau-mesure.com\\\/formation-centaure-securite-routiere\\\/\",\"name\":\"Centaure: la s\u00e9curit\u00e9 routi\u00e8re - R\u00e9seau Mesure\",\"isPartOf\":{\"@id\":\"https:\\\/\\\/www.reseau-mesure.com\\\/#website\"},\"primaryImageOfPage\":{\"@id\":\"https:\\\/\\\/www.reseau-mesure.com\\\/formation-centaure-securite-routiere\\\/#primaryimage\"},\"image\":{\"@id\":\"https:\\\/\\\/www.reseau-mesure.com\\\/formation-centaure-securite-routiere\\\/#primaryimage\"},\"thumbnailUrl\":\"https:\\\/\\\/www.reseau-mesure.com\\\/wp-content\\\/uploads\\\/2020\\\/12\\\/Centaure-Isometrie.jpg\",\"datePublished\":\"2020-12-14T15:23:24+00:00\",\"dateModified\":\"2022-03-18T10:38:52+00:00\",\"breadcrumb\":{\"@id\":\"https:\\\/\\\/www.reseau-mesure.com\\\/formation-centaure-securite-routiere\\\/#breadcrumb\"},\"inLanguage\":\"en-US\",\"potentialAction\":[{\"@type\":\"ReadAction\",\"target\":[\"https:\\\/\\\/www.reseau-mesure.com\\\/formation-centaure-securite-routiere\\\/\"]}]},{\"@type\":\"ImageObject\",\"inLanguage\":\"en-US\",\"@id\":\"https:\\\/\\\/www.reseau-mesure.com\\\/formation-centaure-securite-routiere\\\/#primaryimage\",\"url\":\"https:\\\/\\\/www.reseau-mesure.com\\\/wp-content\\\/uploads\\\/2020\\\/12\\\/Centaure-Isometrie.jpg\",\"contentUrl\":\"https:\\\/\\\/www.reseau-mesure.com\\\/wp-content\\\/uploads\\\/2020\\\/12\\\/Centaure-Isometrie.jpg\",\"width\":1000,\"height\":500,\"caption\":\"visuel centaure centre de conduite\"},{\"@type\":\"BreadcrumbList\",\"@id\":\"https:\\\/\\\/www.reseau-mesure.com\\\/formation-centaure-securite-routiere\\\/#breadcrumb\",\"itemListElement\":[{\"@type\":\"ListItem\",\"position\":1,\"name\":\"Accueil\",\"item\":\"https:\\\/\\\/www.reseau-mesure.com\\\/\"},{\"@type\":\"ListItem\",\"position\":2,\"name\":\"Centaure: la s\u00e9curit\u00e9 routi\u00e8re\"}]},{\"@type\":\"WebSite\",\"@id\":\"https:\\\/\\\/www.reseau-mesure.com\\\/#website\",\"url\":\"https:\\\/\\\/www.reseau-mesure.com\\\/\",\"name\":\"R\u00e9seau-Mesure\",\"description\":\"R\u00e9seau Mesure\",\"publisher\":{\"@id\":\"https:\\\/\\\/www.reseau-mesure.com\\\/#organization\"},\"potentialAction\":[{\"@type\":\"SearchAction\",\"target\":{\"@type\":\"EntryPoint\",\"urlTemplate\":\"https:\\\/\\\/www.reseau-mesure.com\\\/?s={search_term_string}\"},\"query-input\":{\"@type\":\"PropertyValueSpecification\",\"valueRequired\":true,\"valueName\":\"search_term_string\"}}],\"inLanguage\":\"en-US\"},{\"@type\":\"Organization\",\"@id\":\"https:\\\/\\\/www.reseau-mesure.com\\\/#organization\",\"name\":\"R\u00e9seau-Mesure\",\"url\":\"https:\\\/\\\/www.reseau-mesure.com\\\/\",\"logo\":{\"@type\":\"ImageObject\",\"inLanguage\":\"en-US\",\"@id\":\"https:\\\/\\\/www.reseau-mesure.com\\\/#\\\/schema\\\/logo\\\/image\\\/\",\"url\":\"https:\\\/\\\/www.reseau-mesure.com\\\/wp-content\\\/uploads\\\/2018\\\/02\\\/logo-max.png\",\"contentUrl\":\"https:\\\/\\\/www.reseau-mesure.com\\\/wp-content\\\/uploads\\\/2018\\\/02\\\/logo-max.png\",\"width\":545,\"height\":285,\"caption\":\"R\u00e9seau-Mesure\"},\"image\":{\"@id\":\"https:\\\/\\\/www.reseau-mesure.com\\\/#\\\/schema\\\/logo\\\/image\\\/\"},\"sameAs\":[\"https:\\\/\\\/www.facebook.com\\\/reseaumesure\\\/\",\"https:\\\/\\\/x.com\\\/ReseauMesure\",\"https:\\\/\\\/www.linkedin.com\\\/company\\\/reseau-mesure\\\/\"]}]}<\/script>\n<!-- \/ Yoast SEO plugin. -->","yoast_head_json":{"title":"Centaure: la s\u00e9curit\u00e9 routi\u00e8re - R\u00e9seau Mesure","robots":{"index":"index","follow":"follow","max-snippet":"max-snippet:-1","max-image-preview":"max-image-preview:large","max-video-preview":"max-video-preview:-1"},"canonical":"https:\/\/www.reseau-mesure.com\/en\/formation-centaure-securite-routiere\/","og_locale":"en_US","og_type":"article","og_title":"Centaure: la s\u00e9curit\u00e9 routi\u00e8re - R\u00e9seau Mesure","og_description":"&nbsp; &nbsp; Si vous avez un service commercial ou apr\u00e8s-vente, la pr\u00e9vention routi\u00e8re constitue une mesure de s\u00e9curit\u00e9 importante pour les salari\u00e9s de votre entreprise. Les formations Centaure sont destin\u00e9es en priorit\u00e9 \u00e0 toutes les populations d&rsquo;itin\u00e9rants ou de roulants (commerciaux, techniciens, livreurs, encadrants, professions lib\u00e9rales, personnel de sant\u00e9 etc.). La Maitrise des conducteurs de&hellip;","og_url":"https:\/\/www.reseau-mesure.com\/en\/formation-centaure-securite-routiere\/","og_site_name":"R\u00e9seau Mesure","article_publisher":"https:\/\/www.facebook.com\/reseaumesure\/","article_modified_time":"2022-03-18T10:38:52+00:00","og_image":[{"width":1000,"height":500,"url":"https:\/\/www.reseau-mesure.com\/wp-content\/uploads\/2020\/12\/Centaure-Isometrie.jpg","type":"image\/jpeg"}],"twitter_card":"summary_large_image","twitter_site":"@ReseauMesure","twitter_misc":{"Est. reading time":"2 minutes"},"schema":{"@context":"https:\/\/schema.org","@graph":[{"@type":"WebPage","@id":"https:\/\/www.reseau-mesure.com\/formation-centaure-securite-routiere\/","url":"https:\/\/www.reseau-mesure.com\/formation-centaure-securite-routiere\/","name":"Centaure: la s\u00e9curit\u00e9 routi\u00e8re - R\u00e9seau Mesure","isPartOf":{"@id":"https:\/\/www.reseau-mesure.com\/#website"},"primaryImageOfPage":{"@id":"https:\/\/www.reseau-mesure.com\/formation-centaure-securite-routiere\/#primaryimage"},"image":{"@id":"https:\/\/www.reseau-mesure.com\/formation-centaure-securite-routiere\/#primaryimage"},"thumbnailUrl":"https:\/\/www.reseau-mesure.com\/wp-content\/uploads\/2020\/12\/Centaure-Isometrie.jpg","datePublished":"2020-12-14T15:23:24+00:00","dateModified":"2022-03-18T10:38:52+00:00","breadcrumb":{"@id":"https:\/\/www.reseau-mesure.com\/formation-centaure-securite-routiere\/#breadcrumb"},"inLanguage":"en-US","potentialAction":[{"@type":"ReadAction","target":["https:\/\/www.reseau-mesure.com\/formation-centaure-securite-routiere\/"]}]},{"@type":"ImageObject","inLanguage":"en-US","@id":"https:\/\/www.reseau-mesure.com\/formation-centaure-securite-routiere\/#primaryimage","url":"https:\/\/www.reseau-mesure.com\/wp-content\/uploads\/2020\/12\/Centaure-Isometrie.jpg","contentUrl":"https:\/\/www.reseau-mesure.com\/wp-content\/uploads\/2020\/12\/Centaure-Isometrie.jpg","width":1000,"height":500,"caption":"visuel centaure centre de conduite"},{"@type":"BreadcrumbList","@id":"https:\/\/www.reseau-mesure.com\/formation-centaure-securite-routiere\/#breadcrumb","itemListElement":[{"@type":"ListItem","position":1,"name":"Accueil","item":"https:\/\/www.reseau-mesure.com\/"},{"@type":"ListItem","position":2,"name":"Centaure: la s\u00e9curit\u00e9 routi\u00e8re"}]},{"@type":"WebSite","@id":"https:\/\/www.reseau-mesure.com\/#website","url":"https:\/\/www.reseau-mesure.com\/","name":"R\u00e9seau-Mesure","description":"Network Measure","publisher":{"@id":"https:\/\/www.reseau-mesure.com\/#organization"},"potentialAction":[{"@type":"SearchAction","target":{"@type":"EntryPoint","urlTemplate":"https:\/\/www.reseau-mesure.com\/?s={search_term_string}"},"query-input":{"@type":"PropertyValueSpecification","valueRequired":true,"valueName":"search_term_string"}}],"inLanguage":"en-US"},{"@type":"Organization","@id":"https:\/\/www.reseau-mesure.com\/#organization","name":"R\u00e9seau-Mesure","url":"https:\/\/www.reseau-mesure.com\/","logo":{"@type":"ImageObject","inLanguage":"en-US","@id":"https:\/\/www.reseau-mesure.com\/#\/schema\/logo\/image\/","url":"https:\/\/www.reseau-mesure.com\/wp-content\/uploads\/2018\/02\/logo-max.png","contentUrl":"https:\/\/www.reseau-mesure.com\/wp-content\/uploads\/2018\/02\/logo-max.png","width":545,"height":285,"caption":"R\u00e9seau-Mesure"},"image":{"@id":"https:\/\/www.reseau-mesure.com\/#\/schema\/logo\/image\/"},"sameAs":["https:\/\/www.facebook.com\/reseaumesure\/","https:\/\/x.com\/ReseauMesure","https:\/\/www.linkedin.com\/company\/reseau-mesure\/"]}]}},"_links":{"self":[{"href":"https:\/\/www.reseau-mesure.com\/en\/wp-json\/wp\/v2\/pages\/11929","targetHints":{"allow":["GET"]}}],"collection":[{"href":"https:\/\/www.reseau-mesure.com\/en\/wp-json\/wp\/v2\/pages"}],"about":[{"href":"https:\/\/www.reseau-mesure.com\/en\/wp-json\/wp\/v2\/types\/page"}],"author":[{"embeddable":true,"href":"https:\/\/www.reseau-mesure.com\/en\/wp-json\/wp\/v2\/users\/349"}],"replies":[{"embeddable":true,"href":"https:\/\/www.reseau-mesure.com\/en\/wp-json\/wp\/v2\/comments?post=11929"}],"version-history":[{"count":0,"href":"https:\/\/www.reseau-mesure.com\/en\/wp-json\/wp\/v2\/pages\/11929\/revisions"}],"wp:featuredmedia":[{"embeddable":true,"href":"https:\/\/www.reseau-mesure.com\/en\/wp-json\/wp\/v2\/media\/12058"}],"wp:attachment":[{"href":"https:\/\/www.reseau-mesure.com\/en\/wp-json\/wp\/v2\/media?parent=11929"}],"curies":[{"name":"wp","href":"https:\/\/api.w.org\/{rel}","templated":true}]}}