{"id":12758,"date":"2021-02-19T09:50:47","date_gmt":"2021-02-19T08:50:47","guid":{"rendered":"https:\/\/www.reseau-mesure.com\/?page_id=12758"},"modified":"2021-02-25T08:11:58","modified_gmt":"2021-02-25T07:11:58","slug":"reseau-mesure-express-20210225","status":"publish","type":"page","link":"https:\/\/www.reseau-mesure.com\/en\/reseau-mesure-express-20210225\/","title":{"rendered":"Express Measurement Network-20210225"},"content":{"rendered":"<img loading=\"lazy\" decoding=\"async\" src=\"https:\/\/www.reseau-mesure.com\/wp-content\/uploads\/2020\/07\/20ku.jpeg\" alt=\"R\u00e9seau Mesure Express\" itemprop=\"image\" height=\"300\" width=\"970\" title=\"Express Measurement Network Header\" onerror=\"this.style.display='none'\"  \/>\n<h1>\n\t\tExpress Measurement Network\n\t<\/h1>\n<h2>\n\t\t25.02.2021\n\t<\/h2>\n\t<h3><strong>A network for its members, through its members<\/strong><\/h3>\n\t<p>R\u00e9seau Mesure Express allows members to find the latest news from the association.<\/p>\n<h2>\n\t\t<a href=\"https:\/\/www.reseau-mesure.cohttps:\/\/www.reseau-mesure.com\/evenements\/atelier-recrutement-rediger-une-offre\/\" title=\"Recruitment workshop: write an offer\" target=\"_self\" rel=\"noopener\">\n\t\tRecruitment workshop: write an offer\n\t\t<\/a>\n\t<\/h2>\n\tallow you to<strong>understand the good practices of writing the job offer:<\/strong>\n<ul>\n<li>job profile \/ profile of the candidate sought \/ presentation of the company and employer assets, ... based on practical cases, supplemented by the group&#039;s questions \/ answers<\/li>\n<\/ul>\nPresentation of Apec services for assistance in drafting the offer and pre-selection of applications\n<h3><strong><em>Free workshop hosted by APEC<br \/>\nLimited to 12 participants per session<\/em><\/strong><\/h3>\n\t<strong>A workshop, in a small group, to learn how to write a successful job offer.<\/strong>\n<ul>\n<li>What are the attractiveness factors to highlight today to attract candidates?<\/li>\n<li>Practical exercise: individual and group work on the elements of attractiveness of your company<\/li>\n<li>How to describe the objectives, missions and activities of the position to be filled?<\/li>\n<li>What questions do you need to ask yourself to define the required profile?<\/li>\n<li>The latest innovations to bring out your job offers<\/li>\n<\/ul>\n<p><em><b>Friday March 5, 2021 at 11:00 a.m.<\/b><\/em>\u00a0<\/p>\n\n\t\t\t<a href=\"mailto:eduflot@reseau-mesure.com\" target=\"_self\" role=\"button\" rel=\"noopener\">\n\t\t\t\t\t\t\tRegistrations\n\t\t\t\t\t<\/a>\n\t\t\t\t<a href=\"https:\/\/www.reseau-mesure.com\/en\/agenda\/\" target=\"_blank\" rel=\"noopener\" itemprop=\"url\">\n\t\t\t\t<img loading=\"lazy\" decoding=\"async\" src=\"https:\/\/www.reseau-mesure.com\/wp-content\/uploads\/2021\/02\/26082-scaled.jpg\" alt=\"Atelier gratuit anim\u00e9 par l'APEC R\u00e9seau Mesure Express recrutement\" itemprop=\"image\" height=\"2253\" width=\"2560\" title=\"Free workshop hosted by APEC R\u00e9seau Mesure Express ActualitesEmployment Recruitment Isometric Background\" onerror=\"this.style.display='none'\"  \/>\n\t\t\t\t<\/a>\n\t\t\t\t<img loading=\"lazy\" decoding=\"async\" src=\"https:\/\/www.reseau-mesure.com\/wp-content\/uploads\/2021\/02\/apec-logo.png\" alt=\"Apec\" itemprop=\"image\" height=\"129\" width=\"389\" title=\"apec logo\" onerror=\"this.style.display='none'\"  \/>\n<h2>\n\t\t<a href=\"https:\/\/www.reseau-mesure.com\/en\/salons\/\" title=\"Measurement World 2021 - the first back-to-school show!\" target=\"_self\" rel=\"noopener\">\n\t\tMeasurement World 2021 \u2013 the first show of the new school year!\n\t\t<\/a>\n\t<\/h2>\n\t\t\t\t<a href=\"https:\/\/www.reseau-mesure.com\/en\/salons\/\" target=\"_blank\" rel=\"noopener\" itemprop=\"url\">\n\t\t\t\t<img loading=\"lazy\" decoding=\"async\" src=\"https:\/\/www.reseau-mesure.com\/wp-content\/uploads\/2021\/02\/4-jours-determinants.png\" alt=\"Measurement World 2021\" itemprop=\"image\" height=\"404\" width=\"1350\" title=\"4 decisive days\" onerror=\"this.style.display='none'\"  \/>\n\t\t\t\t<\/a>\n\t\t\t\t<a href=\"https:\/\/www.cim2021.com\/\" target=\"_self\" itemprop=\"url\" rel=\"noopener\">\n\t\t\t\t<img loading=\"lazy\" decoding=\"async\" src=\"https:\/\/www.reseau-mesure.com\/wp-content\/uploads\/2021\/02\/2440_MAF_memedate_CIM-2021_FR-300x284.jpg\" alt=\"CIM 2021\" itemprop=\"image\" height=\"284\" width=\"300\" title=\"2440_MAF_memedate_CIM 2021_FR\" onerror=\"this.style.display='none'\"  \/>\n\t\t\t\t<\/a>\n\t<h2>The international technological meeting dedicated to Measurement<\/h2>\n<h3>MEASUREMENT WORLD is THE unmissable event for an entire profession bringing together specialists in ANALYSIS, CONTROL, OPTICS, PROCESS and VISION.<\/h3>\nThe simultaneous holding of MEASUREMENT WORLD with the International Congress of Metrology (CIM) and GLOBAL INDUSTRIE offers, from September 7 to 10, 2021 in Lyon, an even more representative panorama of Industry, with an amplified technological offer, oriented towards industry of the future. An exceptional synergy which also underlines the international character of this major gathering and expands the market expertise among visitors.<br \/>\nThis situation specific to the year 2021 is an opportunity for MEASUREMENT WORLD &amp; CIM to benefit from the entire ecosystem and user markets of GLOBAL INDUSTRIE, while guaranteeing a<br \/>\nmore important media coverage of events.<br \/>\nThus, in order to facilitate the movement of visitors, the badges will allow you to pass from one event to another.\n\n<p>&nbsp;<\/p>\n<h2>\n\t\tBusiness opportunity in Algeria\n\t<\/h2>\n\t<p>As part of the development of its activity and its production capacities, an Algerian company specializing in industrial plastic manufacturing (Preforms) intended for bottlers of mineral waters and drinks (Sodas, juices, etc.), is looking for a French partner who operates in the same industry.<\/p>\n<p><strong>\u2013 Estimated cost of the project <\/strong><strong>\u2243<\/strong> 4.35 million euros.<\/p>\n<p><strong>\u2013 Location of the project:<\/strong> Blida Industrial Zone.<\/p>\n<p>The company remains open to any partnership proposal.<\/p>\n<p>Contact :<\/p>\n<p><strong>Ryan KADA-\u00a0<\/strong>Tel: +213 (0) 23 50 70 19 Ext: 134<\/p>\n<p>Mob: +213 (0) 770 747 669 E-mail: r.kada@cciaf.org<\/p>\n<p>&nbsp;<\/p>\n\t\t\t\t<a href=\"http:\/\/www.mesures.com\/pdf\/MES_928_zPa_20201027.pdf\" target=\"_blank\" rel=\"noopener\" itemprop=\"url\">\n\t\t\t\t<img loading=\"lazy\" decoding=\"async\" src=\"https:\/\/www.reseau-mesure.com\/wp-content\/uploads\/2021\/02\/VISUEL.jpg\" alt=\"R\u00e9seau Mesure Express CCI ALGER\" itemprop=\"image\" height=\"788\" width=\"940\" title=\"CCI ALGIERS\" onerror=\"this.style.display='none'\"  \/>\n\t\t\t\t<\/a>\n\t\n\t\t\t<a href=\"https:\/\/www.reseau-mesure.com\/en\/evenements\/\" target=\"_self\" role=\"button\" rel=\"noopener\">\n\t\t\t\t\t\t\tThe complete agenda of the Measurement Network\n\t\t\t\t\t<\/a>\n\t\t\t\t<img loading=\"lazy\" decoding=\"async\" src=\"https:\/\/www.reseau-mesure.com\/wp-content\/uploads\/2020\/08\/Plan-de-travail-3niveau.png\" alt=\"R\u00e9seau Mesure Express Actualites\" itemprop=\"image\" height=\"3665\" width=\"5520\" title=\"Express Measurement Network News\" onerror=\"this.style.display='none'\"  \/>\n\t<p>&nbsp;<\/p>\n<h3><strong>Tech&#039;Days | Technology at the service of sport <\/strong><\/h3>\n\n\n\n<p>&nbsp;<\/p>\n\t<h3><strong>Tech&#039;Days | Technology at the service of sport <\/strong><\/h3>\n\n<ul>\n<li><strong>The interest of technologies for a sports department, the example of the Urban Community of Cergy-Pontoise \u2013 <\/strong>Anthony FERREIRA \u2013 Manager of the sports equipment and projects sector, Agglomeration Community of Cergy-Pontoise<\/li>\n<li><strong>How to see the most clips of sporting events in the least amount of time thanks to a new virtual remote control? \u2013 <\/strong>Boris BORZIC \u2013 Doctor in Computer Science, CNRS Research Engineer at the ETIS Laboratory; CY Cergy Paris University<\/li>\n<li><strong>The Erasmus + Sport program: an opportunity to finance collaborative projects<\/strong> \u2013 Antoine KIEFFER \u2013 European funding consultant; EURONOVIA<\/li>\n<li><strong>How can sport be a vector of values and motivations for the company? the contributions of digital \u2013 <\/strong>Julien LONGHI \u2013 professor of discourse analysis, IDHN, AGORA, IUF; CY Cergy Paris University<\/li>\n<li><strong>New technologies at the service of sports performance<\/strong> <strong>&#8211; <\/strong><strong>Jean-Francois TATARD<\/strong><strong>, <\/strong><strong>ex-high level athlete (cycling and running),<\/strong> sales coach for a company in the pharmaceutical industry (IDEXX), consultant, speaker and sports coach<\/li>\n<\/ul>\n\t<h2>R\u00e9seau Mesure Express: news about the association&#039;s action plan<\/h2>","protected":false},"excerpt":{"rendered":"<p>R\u00e9seau Mesure Express 25.02.2021 A network for its members, by its members R\u00e9seau Mesure Express allows members to find the news of the association. Recruitment workshop: writing an offer To enable you to understand good practices in writing a job offer: job profile \/ profile of the candidate sought \/ presentation of the company and\u2026<\/p>","protected":false},"author":685,"featured_media":0,"parent":0,"menu_order":0,"comment_status":"closed","ping_status":"closed","template":"","meta":{"_acf_changed":false,"footnotes":""},"class_list":["post-12758","page","type-page","status-publish","hentry"],"acf":[],"yoast_head":"<!-- This site is optimized with the Yoast SEO plugin v27.3 - https:\/\/yoast.com\/product\/yoast-seo-wordpress\/ -->\n<title>R\u00e9seau Mesure Express-20210225 - R\u00e9seau Mesure<\/title>\n<meta name=\"description\" content=\"R\u00e9seau Mesure Express du 25 f\u00e9vrier 2021, d\u00e9couvrez les actions du R\u00e9seau Mesure pour les prochaines semaines, \u00e0 vos agendas !\" \/>\n<meta name=\"robots\" content=\"index, follow, max-snippet:-1, max-image-preview:large, max-video-preview:-1\" \/>\n<link rel=\"canonical\" href=\"https:\/\/www.reseau-mesure.com\/en\/reseau-mesure-express-20210225\/\" \/>\n<meta property=\"og:locale\" content=\"en_US\" \/>\n<meta property=\"og:type\" content=\"article\" \/>\n<meta property=\"og:title\" content=\"R\u00e9seau Mesure Express-20210225 - R\u00e9seau Mesure\" \/>\n<meta property=\"og:description\" content=\"R\u00e9seau Mesure Express du 25 f\u00e9vrier 2021, d\u00e9couvrez les actions du R\u00e9seau Mesure pour les prochaines semaines, \u00e0 vos agendas !\" \/>\n<meta property=\"og:url\" content=\"https:\/\/www.reseau-mesure.com\/en\/reseau-mesure-express-20210225\/\" \/>\n<meta property=\"og:site_name\" content=\"R\u00e9seau Mesure\" \/>\n<meta property=\"article:publisher\" content=\"https:\/\/www.facebook.com\/reseaumesure\/\" \/>\n<meta property=\"article:modified_time\" content=\"2021-02-25T07:11:58+00:00\" \/>\n<meta property=\"og:image\" content=\"https:\/\/www.reseau-mesure.com\/wp-content\/uploads\/2020\/07\/20ku.jpeg\" \/>\n<meta name=\"twitter:card\" content=\"summary_large_image\" \/>\n<meta name=\"twitter:site\" content=\"@ReseauMesure\" \/>\n<meta name=\"twitter:label1\" content=\"Est. reading time\" \/>\n\t<meta name=\"twitter:data1\" content=\"5 minutes\" \/>\n<script type=\"application\/ld+json\" class=\"yoast-schema-graph\">{\"@context\":\"https:\\\/\\\/schema.org\",\"@graph\":[{\"@type\":\"WebPage\",\"@id\":\"https:\\\/\\\/www.reseau-mesure.com\\\/de\\\/reseau-mesure-express-20210225\\\/\",\"url\":\"https:\\\/\\\/www.reseau-mesure.com\\\/de\\\/reseau-mesure-express-20210225\\\/\",\"name\":\"R\u00e9seau Mesure Express-20210225 - R\u00e9seau Mesure\",\"isPartOf\":{\"@id\":\"https:\\\/\\\/www.reseau-mesure.com\\\/#website\"},\"primaryImageOfPage\":{\"@id\":\"https:\\\/\\\/www.reseau-mesure.com\\\/de\\\/reseau-mesure-express-20210225\\\/#primaryimage\"},\"image\":{\"@id\":\"https:\\\/\\\/www.reseau-mesure.com\\\/de\\\/reseau-mesure-express-20210225\\\/#primaryimage\"},\"thumbnailUrl\":\"https:\\\/\\\/www.reseau-mesure.com\\\/wp-content\\\/uploads\\\/2020\\\/07\\\/20ku.jpeg\",\"datePublished\":\"2021-02-19T08:50:47+00:00\",\"dateModified\":\"2021-02-25T07:11:58+00:00\",\"description\":\"R\u00e9seau Mesure Express du 25 f\u00e9vrier 2021, d\u00e9couvrez les actions du R\u00e9seau Mesure pour les prochaines semaines, \u00e0 vos agendas !\",\"breadcrumb\":{\"@id\":\"https:\\\/\\\/www.reseau-mesure.com\\\/de\\\/reseau-mesure-express-20210225\\\/#breadcrumb\"},\"inLanguage\":\"en-US\",\"potentialAction\":[{\"@type\":\"ReadAction\",\"target\":[\"https:\\\/\\\/www.reseau-mesure.com\\\/de\\\/reseau-mesure-express-20210225\\\/\"]}]},{\"@type\":\"ImageObject\",\"inLanguage\":\"en-US\",\"@id\":\"https:\\\/\\\/www.reseau-mesure.com\\\/de\\\/reseau-mesure-express-20210225\\\/#primaryimage\",\"url\":\"https:\\\/\\\/www.reseau-mesure.com\\\/wp-content\\\/uploads\\\/2020\\\/07\\\/20ku.jpeg\",\"contentUrl\":\"https:\\\/\\\/www.reseau-mesure.com\\\/wp-content\\\/uploads\\\/2020\\\/07\\\/20ku.jpeg\"},{\"@type\":\"BreadcrumbList\",\"@id\":\"https:\\\/\\\/www.reseau-mesure.com\\\/de\\\/reseau-mesure-express-20210225\\\/#breadcrumb\",\"itemListElement\":[{\"@type\":\"ListItem\",\"position\":1,\"name\":\"Accueil\",\"item\":\"https:\\\/\\\/www.reseau-mesure.com\\\/\"},{\"@type\":\"ListItem\",\"position\":2,\"name\":\"R\u00e9seau Mesure Express-20210225\"}]},{\"@type\":\"WebSite\",\"@id\":\"https:\\\/\\\/www.reseau-mesure.com\\\/#website\",\"url\":\"https:\\\/\\\/www.reseau-mesure.com\\\/\",\"name\":\"R\u00e9seau-Mesure\",\"description\":\"R\u00e9seau Mesure\",\"publisher\":{\"@id\":\"https:\\\/\\\/www.reseau-mesure.com\\\/#organization\"},\"potentialAction\":[{\"@type\":\"SearchAction\",\"target\":{\"@type\":\"EntryPoint\",\"urlTemplate\":\"https:\\\/\\\/www.reseau-mesure.com\\\/?s={search_term_string}\"},\"query-input\":{\"@type\":\"PropertyValueSpecification\",\"valueRequired\":true,\"valueName\":\"search_term_string\"}}],\"inLanguage\":\"en-US\"},{\"@type\":\"Organization\",\"@id\":\"https:\\\/\\\/www.reseau-mesure.com\\\/#organization\",\"name\":\"R\u00e9seau-Mesure\",\"url\":\"https:\\\/\\\/www.reseau-mesure.com\\\/\",\"logo\":{\"@type\":\"ImageObject\",\"inLanguage\":\"en-US\",\"@id\":\"https:\\\/\\\/www.reseau-mesure.com\\\/#\\\/schema\\\/logo\\\/image\\\/\",\"url\":\"https:\\\/\\\/www.reseau-mesure.com\\\/wp-content\\\/uploads\\\/2018\\\/02\\\/logo-max.png\",\"contentUrl\":\"https:\\\/\\\/www.reseau-mesure.com\\\/wp-content\\\/uploads\\\/2018\\\/02\\\/logo-max.png\",\"width\":545,\"height\":285,\"caption\":\"R\u00e9seau-Mesure\"},\"image\":{\"@id\":\"https:\\\/\\\/www.reseau-mesure.com\\\/#\\\/schema\\\/logo\\\/image\\\/\"},\"sameAs\":[\"https:\\\/\\\/www.facebook.com\\\/reseaumesure\\\/\",\"https:\\\/\\\/x.com\\\/ReseauMesure\",\"https:\\\/\\\/www.linkedin.com\\\/company\\\/reseau-mesure\\\/\"]}]}<\/script>\n<!-- \/ Yoast SEO plugin. -->","yoast_head_json":{"title":"R\u00e9seau Mesure Express-20210225 - R\u00e9seau Mesure","description":"R\u00e9seau Mesure Express du 25 f\u00e9vrier 2021, d\u00e9couvrez les actions du R\u00e9seau Mesure pour les prochaines semaines, \u00e0 vos agendas !","robots":{"index":"index","follow":"follow","max-snippet":"max-snippet:-1","max-image-preview":"max-image-preview:large","max-video-preview":"max-video-preview:-1"},"canonical":"https:\/\/www.reseau-mesure.com\/en\/reseau-mesure-express-20210225\/","og_locale":"en_US","og_type":"article","og_title":"R\u00e9seau Mesure Express-20210225 - R\u00e9seau Mesure","og_description":"R\u00e9seau Mesure Express du 25 f\u00e9vrier 2021, d\u00e9couvrez les actions du R\u00e9seau Mesure pour les prochaines semaines, \u00e0 vos agendas !","og_url":"https:\/\/www.reseau-mesure.com\/en\/reseau-mesure-express-20210225\/","og_site_name":"R\u00e9seau Mesure","article_publisher":"https:\/\/www.facebook.com\/reseaumesure\/","article_modified_time":"2021-02-25T07:11:58+00:00","og_image":[{"url":"https:\/\/www.reseau-mesure.com\/wp-content\/uploads\/2020\/07\/20ku.jpeg","type":"","width":"","height":""}],"twitter_card":"summary_large_image","twitter_site":"@ReseauMesure","twitter_misc":{"Est. reading time":"5 minutes"},"schema":{"@context":"https:\/\/schema.org","@graph":[{"@type":"WebPage","@id":"https:\/\/www.reseau-mesure.com\/de\/reseau-mesure-express-20210225\/","url":"https:\/\/www.reseau-mesure.com\/de\/reseau-mesure-express-20210225\/","name":"R\u00e9seau Mesure Express-20210225 - R\u00e9seau Mesure","isPartOf":{"@id":"https:\/\/www.reseau-mesure.com\/#website"},"primaryImageOfPage":{"@id":"https:\/\/www.reseau-mesure.com\/de\/reseau-mesure-express-20210225\/#primaryimage"},"image":{"@id":"https:\/\/www.reseau-mesure.com\/de\/reseau-mesure-express-20210225\/#primaryimage"},"thumbnailUrl":"https:\/\/www.reseau-mesure.com\/wp-content\/uploads\/2020\/07\/20ku.jpeg","datePublished":"2021-02-19T08:50:47+00:00","dateModified":"2021-02-25T07:11:58+00:00","description":"R\u00e9seau Mesure Express du 25 f\u00e9vrier 2021, d\u00e9couvrez les actions du R\u00e9seau Mesure pour les prochaines semaines, \u00e0 vos agendas !","breadcrumb":{"@id":"https:\/\/www.reseau-mesure.com\/de\/reseau-mesure-express-20210225\/#breadcrumb"},"inLanguage":"en-US","potentialAction":[{"@type":"ReadAction","target":["https:\/\/www.reseau-mesure.com\/de\/reseau-mesure-express-20210225\/"]}]},{"@type":"ImageObject","inLanguage":"en-US","@id":"https:\/\/www.reseau-mesure.com\/de\/reseau-mesure-express-20210225\/#primaryimage","url":"https:\/\/www.reseau-mesure.com\/wp-content\/uploads\/2020\/07\/20ku.jpeg","contentUrl":"https:\/\/www.reseau-mesure.com\/wp-content\/uploads\/2020\/07\/20ku.jpeg"},{"@type":"BreadcrumbList","@id":"https:\/\/www.reseau-mesure.com\/de\/reseau-mesure-express-20210225\/#breadcrumb","itemListElement":[{"@type":"ListItem","position":1,"name":"Accueil","item":"https:\/\/www.reseau-mesure.com\/"},{"@type":"ListItem","position":2,"name":"R\u00e9seau Mesure Express-20210225"}]},{"@type":"WebSite","@id":"https:\/\/www.reseau-mesure.com\/#website","url":"https:\/\/www.reseau-mesure.com\/","name":"R\u00e9seau-Mesure","description":"Network Measure","publisher":{"@id":"https:\/\/www.reseau-mesure.com\/#organization"},"potentialAction":[{"@type":"SearchAction","target":{"@type":"EntryPoint","urlTemplate":"https:\/\/www.reseau-mesure.com\/?s={search_term_string}"},"query-input":{"@type":"PropertyValueSpecification","valueRequired":true,"valueName":"search_term_string"}}],"inLanguage":"en-US"},{"@type":"Organization","@id":"https:\/\/www.reseau-mesure.com\/#organization","name":"R\u00e9seau-Mesure","url":"https:\/\/www.reseau-mesure.com\/","logo":{"@type":"ImageObject","inLanguage":"en-US","@id":"https:\/\/www.reseau-mesure.com\/#\/schema\/logo\/image\/","url":"https:\/\/www.reseau-mesure.com\/wp-content\/uploads\/2018\/02\/logo-max.png","contentUrl":"https:\/\/www.reseau-mesure.com\/wp-content\/uploads\/2018\/02\/logo-max.png","width":545,"height":285,"caption":"R\u00e9seau-Mesure"},"image":{"@id":"https:\/\/www.reseau-mesure.com\/#\/schema\/logo\/image\/"},"sameAs":["https:\/\/www.facebook.com\/reseaumesure\/","https:\/\/x.com\/ReseauMesure","https:\/\/www.linkedin.com\/company\/reseau-mesure\/"]}]}},"_links":{"self":[{"href":"https:\/\/www.reseau-mesure.com\/en\/wp-json\/wp\/v2\/pages\/12758","targetHints":{"allow":["GET"]}}],"collection":[{"href":"https:\/\/www.reseau-mesure.com\/en\/wp-json\/wp\/v2\/pages"}],"about":[{"href":"https:\/\/www.reseau-mesure.com\/en\/wp-json\/wp\/v2\/types\/page"}],"author":[{"embeddable":true,"href":"https:\/\/www.reseau-mesure.com\/en\/wp-json\/wp\/v2\/users\/685"}],"replies":[{"embeddable":true,"href":"https:\/\/www.reseau-mesure.com\/en\/wp-json\/wp\/v2\/comments?post=12758"}],"version-history":[{"count":0,"href":"https:\/\/www.reseau-mesure.com\/en\/wp-json\/wp\/v2\/pages\/12758\/revisions"}],"wp:attachment":[{"href":"https:\/\/www.reseau-mesure.com\/en\/wp-json\/wp\/v2\/media?parent=12758"}],"curies":[{"name":"wp","href":"https:\/\/api.w.org\/{rel}","templated":true}]}}