{"id":12926,"date":"2021-02-25T18:04:52","date_gmt":"2021-02-25T17:04:52","guid":{"rendered":"https:\/\/www.reseau-mesure.com\/?page_id=12926"},"modified":"2026-01-09T11:32:03","modified_gmt":"2026-01-09T10:32:03","slug":"certification-qualiopi","status":"publish","type":"page","link":"https:\/\/www.reseau-mesure.com\/en\/certification-qualiopi\/","title":{"rendered":"Qualiopi certification"},"content":{"rendered":"<p>&nbsp;<\/p>\n<h1><strong>QUALIOPI CERTIFICATION<\/strong><\/h1>\n\t\t\t\t<img decoding=\"async\" src=\"https:\/\/www.reseau-mesure.com\/wp-content\/uploads\/2018\/10\/Sans-titre-1.png\" alt=\"Le R\u00e9seau Mesure\" itemprop=\"image\" height=\"932\" width=\"1774\" title=\"The Measurement Network\" onerror=\"this.style.display='none'\" loading=\"lazy\" \/>\n\t\t\t\t<img decoding=\"async\" src=\"https:\/\/www.reseau-mesure.com\/wp-content\/uploads\/2021\/07\/logo-qualiopi-avec-action-de-formation.png\" alt=\"certification qualiopi action de formation\" itemprop=\"image\" height=\"825\" width=\"980\" title=\"qualiopi logo with training action\" onerror=\"this.style.display='none'\" loading=\"lazy\" \/>\n\tThe Measurement Network is <a href=\"https:\/\/www.reseau-mesure.com\/wp-content\/uploads\/2024\/06\/Certificat-Qualiopi-RM-2024-2027.pdf\" target=\"_blank\" rel=\"noopener\">Qualiopi certified training center<\/a>, which allows the costs of trainee training to be covered by your OPCO.\n<p>You provide training for your customers and<strong> you initiate the certification process <\/strong>or you are not ready for it yet, <strong>the Measurement Network invites you to address these points together<\/strong>, by participating in the dedicated working group.<\/p>\n<p>&nbsp;<\/p>\n<p><strong>If you do not want to get involved in the Qualiopi process but prefer to benefit from the certification of the Measurement Network for the training courses you provide:\u00a0<\/strong><\/p>\n\t\t\t<a href=\"https:\/\/www.reseau-mesure.com\/wp-content\/uploads\/2026\/01\/Protocole-mutualisation-certification-Qualiopi-du-Reseau-Mesure-2026.docx\" target=\"_blank\" rel=\"noopener\">\n\t\t\t\t\t\t\tDownload the protocol\n\t\t\t\t\t<\/a>\n\t\t\t<a href=\"https:\/\/www.reseau-mesure.com\/wp-content\/uploads\/2024\/03\/Process-realisation-dune-formation-Qualiopi-avec-RESEAU-MESURE-2024.pdf\" target=\"_blank\" rel=\"noopener\">\n\t\t\t\t\t\t\tDownload the procedure\n\t\t\t\t\t<\/a>\n\tQualiopi is a Cofrac procedure, allocated for 3 years and on an activity declaration number.<br \/>\nObtaining Qualiopi requires responding to and proving compliance with 32 indicators established by the <a href=\"https:\/\/cutt.ly\/qyGwQv7\">RNQ<\/a>. Useful information :<br \/>\n\u201cBeing Datadocked\u201d before starting Qualiopi formalities is an advantage, because it allows a better understanding as well as a saving of time.<br \/>\nIn fact, being Datadocked, you need to count between 5 and 6 months between the start of your preparation and the issuance of the new certification. On the other hand, count 1 additional month without DataDock. In addition, in the event of non-compliance, a period of 3 months must be taken into account.\n<em>Any company providing training (OF) must appoint an auditor if it meets 2 of the 3 following criteria (art R6352-9 of the labor code): - 3 employees on permanent contracts - \u20ac 153,000 in turnover - 230,000 \u20ac in the balance sheet total These criteria relate to the general activity of the company and not that of the training activity and are applicable whatever its legal form.<\/em>\n\t<p><strong>Nouveau contr\u00f4le fond\u00e9 sur <a href=\"https:\/\/www.reseau-mesure.com\/wp-content\/uploads\/2025\/09\/GIE-D2OF-Referentiel-controles-qualite-mars-2025.pdf\">Le\u00a0R\u00e9f\u00e9rentiel D\u00b2OF 2025,<\/a> publi\u00e9 le 14 mars 2025, qui structure cette mission autour de\u00a06 crit\u00e8res et 19 indicateurs.<\/strong><\/p>\n\t\t\t\t<img decoding=\"async\" src=\"https:\/\/www.reseau-mesure.com\/wp-content\/uploads\/2025\/09\/Capture-decran-2025-09-01-124255.jpg\" alt=\"diff\u00e8rent mais compl\u00e9mentaire de qualiopi\" itemprop=\"image\" height=\"279\" width=\"892\" title=\"D\u00b2OF\" onerror=\"this.style.display='none'\" loading=\"lazy\" \/>\n\t\t\t<a href=\"https:\/\/www.reseau-mesure.com\/en\/cr-reunions-qualiopi\/\" target=\"_blank\" rel=\"noopener\">\n\t\t\t\t\t\t\tfind the minutes of the meetings\n\t\t\t\t\t<\/a>\n\t<h2><strong>Documentary resources<\/strong><\/h2>\n<ul>\n<li><a href=\"https:\/\/www.reseau-mesure.com\/wp-content\/uploads\/2021\/02\/Presentation-Qualiopi-Reseau-Mesure-2-2-2021.pdf\" target=\"_blank\" rel=\"noopener\">Qualiopi presentation<\/a> of the speaker the firm Dauge Fid\u00e9liance<\/li>\n<li><a href=\"https:\/\/www.reseau-mesure.com\/wp-content\/uploads\/2021\/02\/Synthese-Qualiopi.pdf\" target=\"_blank\" rel=\"noopener\">Summary of the Qualiopi certification procedure<\/a><\/li>\n<li><a href=\"https:\/\/www.reseau-mesure.com\/wp-content\/uploads\/2024\/03\/guide_de_lecture_qualiopi_v9_du_8_janvier_2024-2.pdf\" target=\"_blank\" rel=\"noopener\">R\u00e9f\u00e9rentiel National Qualit\u00e9 v9<\/a><\/li>\n<\/ul>\n\t\t\t\t<img decoding=\"async\" src=\"https:\/\/www.reseau-mesure.com\/wp-content\/uploads\/2020\/07\/30490-150x150.jpg\" alt=\"Juridique\" itemprop=\"image\" height=\"150\" width=\"150\" title=\"legal at the service of Qualiopi\" onerror=\"this.style.display='none'\" loading=\"lazy\" \/>","protected":false},"excerpt":{"rendered":"<p>&nbsp; LA CERTIFICATION QUALIOPI Le R\u00e9seau Mesure est centre de formation certifi\u00e9 Qualiopi,\u00a0 ce qui permet une prise en charge des co\u00fbts de la formation des stagiaires, par votre OPCO. Vous dispensez des formations pour vos clients et vous initiez la d\u00e9marche de certification ou vous n&rsquo;\u00eates pas encore pr\u00eat pour cela, le R\u00e9seau Mesure&hellip;<\/p>","protected":false},"author":349,"featured_media":0,"parent":0,"menu_order":0,"comment_status":"closed","ping_status":"closed","template":"","meta":{"_acf_changed":false,"footnotes":""},"class_list":["post-12926","page","type-page","status-publish","hentry"],"acf":[],"yoast_head":"<!-- This site is optimized with the Yoast SEO plugin v27.5 - https:\/\/yoast.com\/product\/yoast-seo-wordpress\/ -->\n<title>Certification Qualiopi - R\u00e9seau Mesure - Entamez vos d\u00e9marches<\/title>\n<meta name=\"description\" content=\"La Certification QUALIOPI remplace la lab\u00e9lisation Datadock \u00e0 partir du 1\/01\/2022 . Initiez cette d\u00e9marche avec le R\u00e9seau Mesure en 2021.\" \/>\n<meta name=\"robots\" content=\"index, follow, max-snippet:-1, max-image-preview:large, max-video-preview:-1\" \/>\n<link rel=\"canonical\" href=\"https:\/\/www.reseau-mesure.com\/en\/certification-qualiopi\/\" \/>\n<meta property=\"og:locale\" content=\"en_US\" \/>\n<meta property=\"og:type\" content=\"article\" \/>\n<meta property=\"og:title\" content=\"Certification Qualiopi - R\u00e9seau Mesure - Entamez vos d\u00e9marches\" \/>\n<meta property=\"og:description\" content=\"La Certification QUALIOPI remplace la lab\u00e9lisation Datadock \u00e0 partir du 1\/01\/2022 . Initiez cette d\u00e9marche avec le R\u00e9seau Mesure en 2021.\" \/>\n<meta property=\"og:url\" content=\"https:\/\/www.reseau-mesure.com\/en\/certification-qualiopi\/\" \/>\n<meta property=\"og:site_name\" content=\"R\u00e9seau Mesure\" \/>\n<meta property=\"article:publisher\" content=\"https:\/\/www.facebook.com\/reseaumesure\/\" \/>\n<meta property=\"article:modified_time\" content=\"2026-01-09T10:32:03+00:00\" \/>\n<meta property=\"og:image\" content=\"https:\/\/www.reseau-mesure.com\/wp-content\/uploads\/2018\/10\/Sans-titre-1.png\" \/>\n<meta name=\"twitter:card\" content=\"summary_large_image\" \/>\n<meta name=\"twitter:site\" content=\"@ReseauMesure\" \/>\n<meta name=\"twitter:label1\" content=\"Est. reading time\" \/>\n\t<meta name=\"twitter:data1\" content=\"2 minutes\" \/>\n<script type=\"application\/ld+json\" class=\"yoast-schema-graph\">{\"@context\":\"https:\\\/\\\/schema.org\",\"@graph\":[{\"@type\":\"WebPage\",\"@id\":\"https:\\\/\\\/www.reseau-mesure.com\\\/certification-qualiopi\\\/\",\"url\":\"https:\\\/\\\/www.reseau-mesure.com\\\/certification-qualiopi\\\/\",\"name\":\"Certification Qualiopi - R\u00e9seau Mesure - Entamez vos d\u00e9marches\",\"isPartOf\":{\"@id\":\"https:\\\/\\\/www.reseau-mesure.com\\\/#website\"},\"primaryImageOfPage\":{\"@id\":\"https:\\\/\\\/www.reseau-mesure.com\\\/certification-qualiopi\\\/#primaryimage\"},\"image\":{\"@id\":\"https:\\\/\\\/www.reseau-mesure.com\\\/certification-qualiopi\\\/#primaryimage\"},\"thumbnailUrl\":\"https:\\\/\\\/www.reseau-mesure.com\\\/wp-content\\\/uploads\\\/2018\\\/10\\\/Sans-titre-1.png\",\"datePublished\":\"2021-02-25T17:04:52+00:00\",\"dateModified\":\"2026-01-09T10:32:03+00:00\",\"description\":\"La Certification QUALIOPI remplace la lab\u00e9lisation Datadock \u00e0 partir du 1\\\/01\\\/2022 . Initiez cette d\u00e9marche avec le R\u00e9seau Mesure en 2021.\",\"breadcrumb\":{\"@id\":\"https:\\\/\\\/www.reseau-mesure.com\\\/certification-qualiopi\\\/#breadcrumb\"},\"inLanguage\":\"en-US\",\"potentialAction\":[{\"@type\":\"ReadAction\",\"target\":[\"https:\\\/\\\/www.reseau-mesure.com\\\/certification-qualiopi\\\/\"]}]},{\"@type\":\"ImageObject\",\"inLanguage\":\"en-US\",\"@id\":\"https:\\\/\\\/www.reseau-mesure.com\\\/certification-qualiopi\\\/#primaryimage\",\"url\":\"https:\\\/\\\/www.reseau-mesure.com\\\/wp-content\\\/uploads\\\/2018\\\/10\\\/Sans-titre-1.png\",\"contentUrl\":\"https:\\\/\\\/www.reseau-mesure.com\\\/wp-content\\\/uploads\\\/2018\\\/10\\\/Sans-titre-1.png\"},{\"@type\":\"BreadcrumbList\",\"@id\":\"https:\\\/\\\/www.reseau-mesure.com\\\/certification-qualiopi\\\/#breadcrumb\",\"itemListElement\":[{\"@type\":\"ListItem\",\"position\":1,\"name\":\"Accueil\",\"item\":\"https:\\\/\\\/www.reseau-mesure.com\\\/\"},{\"@type\":\"ListItem\",\"position\":2,\"name\":\"Certification Qualiopi\"}]},{\"@type\":\"WebSite\",\"@id\":\"https:\\\/\\\/www.reseau-mesure.com\\\/#website\",\"url\":\"https:\\\/\\\/www.reseau-mesure.com\\\/\",\"name\":\"R\u00e9seau-Mesure\",\"description\":\"R\u00e9seau Mesure\",\"publisher\":{\"@id\":\"https:\\\/\\\/www.reseau-mesure.com\\\/#organization\"},\"potentialAction\":[{\"@type\":\"SearchAction\",\"target\":{\"@type\":\"EntryPoint\",\"urlTemplate\":\"https:\\\/\\\/www.reseau-mesure.com\\\/?s={search_term_string}\"},\"query-input\":{\"@type\":\"PropertyValueSpecification\",\"valueRequired\":true,\"valueName\":\"search_term_string\"}}],\"inLanguage\":\"en-US\"},{\"@type\":\"Organization\",\"@id\":\"https:\\\/\\\/www.reseau-mesure.com\\\/#organization\",\"name\":\"R\u00e9seau-Mesure\",\"url\":\"https:\\\/\\\/www.reseau-mesure.com\\\/\",\"logo\":{\"@type\":\"ImageObject\",\"inLanguage\":\"en-US\",\"@id\":\"https:\\\/\\\/www.reseau-mesure.com\\\/#\\\/schema\\\/logo\\\/image\\\/\",\"url\":\"https:\\\/\\\/www.reseau-mesure.com\\\/wp-content\\\/uploads\\\/2018\\\/02\\\/logo-max.png\",\"contentUrl\":\"https:\\\/\\\/www.reseau-mesure.com\\\/wp-content\\\/uploads\\\/2018\\\/02\\\/logo-max.png\",\"width\":545,\"height\":285,\"caption\":\"R\u00e9seau-Mesure\"},\"image\":{\"@id\":\"https:\\\/\\\/www.reseau-mesure.com\\\/#\\\/schema\\\/logo\\\/image\\\/\"},\"sameAs\":[\"https:\\\/\\\/www.facebook.com\\\/reseaumesure\\\/\",\"https:\\\/\\\/x.com\\\/ReseauMesure\",\"https:\\\/\\\/www.linkedin.com\\\/company\\\/reseau-mesure\\\/\"]}]}<\/script>\n<!-- \/ Yoast SEO plugin. -->","yoast_head_json":{"title":"Certification Qualiopi - R\u00e9seau Mesure - Entamez vos d\u00e9marches","description":"La Certification QUALIOPI remplace la lab\u00e9lisation Datadock \u00e0 partir du 1\/01\/2022 . Initiez cette d\u00e9marche avec le R\u00e9seau Mesure en 2021.","robots":{"index":"index","follow":"follow","max-snippet":"max-snippet:-1","max-image-preview":"max-image-preview:large","max-video-preview":"max-video-preview:-1"},"canonical":"https:\/\/www.reseau-mesure.com\/en\/certification-qualiopi\/","og_locale":"en_US","og_type":"article","og_title":"Certification Qualiopi - R\u00e9seau Mesure - Entamez vos d\u00e9marches","og_description":"La Certification QUALIOPI remplace la lab\u00e9lisation Datadock \u00e0 partir du 1\/01\/2022 . Initiez cette d\u00e9marche avec le R\u00e9seau Mesure en 2021.","og_url":"https:\/\/www.reseau-mesure.com\/en\/certification-qualiopi\/","og_site_name":"R\u00e9seau Mesure","article_publisher":"https:\/\/www.facebook.com\/reseaumesure\/","article_modified_time":"2026-01-09T10:32:03+00:00","og_image":[{"url":"https:\/\/www.reseau-mesure.com\/wp-content\/uploads\/2018\/10\/Sans-titre-1.png","type":"","width":"","height":""}],"twitter_card":"summary_large_image","twitter_site":"@ReseauMesure","twitter_misc":{"Est. reading time":"2 minutes"},"schema":{"@context":"https:\/\/schema.org","@graph":[{"@type":"WebPage","@id":"https:\/\/www.reseau-mesure.com\/certification-qualiopi\/","url":"https:\/\/www.reseau-mesure.com\/certification-qualiopi\/","name":"Certification Qualiopi - R\u00e9seau Mesure - Entamez vos d\u00e9marches","isPartOf":{"@id":"https:\/\/www.reseau-mesure.com\/#website"},"primaryImageOfPage":{"@id":"https:\/\/www.reseau-mesure.com\/certification-qualiopi\/#primaryimage"},"image":{"@id":"https:\/\/www.reseau-mesure.com\/certification-qualiopi\/#primaryimage"},"thumbnailUrl":"https:\/\/www.reseau-mesure.com\/wp-content\/uploads\/2018\/10\/Sans-titre-1.png","datePublished":"2021-02-25T17:04:52+00:00","dateModified":"2026-01-09T10:32:03+00:00","description":"La Certification QUALIOPI remplace la lab\u00e9lisation Datadock \u00e0 partir du 1\/01\/2022 . Initiez cette d\u00e9marche avec le R\u00e9seau Mesure en 2021.","breadcrumb":{"@id":"https:\/\/www.reseau-mesure.com\/certification-qualiopi\/#breadcrumb"},"inLanguage":"en-US","potentialAction":[{"@type":"ReadAction","target":["https:\/\/www.reseau-mesure.com\/certification-qualiopi\/"]}]},{"@type":"ImageObject","inLanguage":"en-US","@id":"https:\/\/www.reseau-mesure.com\/certification-qualiopi\/#primaryimage","url":"https:\/\/www.reseau-mesure.com\/wp-content\/uploads\/2018\/10\/Sans-titre-1.png","contentUrl":"https:\/\/www.reseau-mesure.com\/wp-content\/uploads\/2018\/10\/Sans-titre-1.png"},{"@type":"BreadcrumbList","@id":"https:\/\/www.reseau-mesure.com\/certification-qualiopi\/#breadcrumb","itemListElement":[{"@type":"ListItem","position":1,"name":"Accueil","item":"https:\/\/www.reseau-mesure.com\/"},{"@type":"ListItem","position":2,"name":"Certification Qualiopi"}]},{"@type":"WebSite","@id":"https:\/\/www.reseau-mesure.com\/#website","url":"https:\/\/www.reseau-mesure.com\/","name":"R\u00e9seau-Mesure","description":"Network Measure","publisher":{"@id":"https:\/\/www.reseau-mesure.com\/#organization"},"potentialAction":[{"@type":"SearchAction","target":{"@type":"EntryPoint","urlTemplate":"https:\/\/www.reseau-mesure.com\/?s={search_term_string}"},"query-input":{"@type":"PropertyValueSpecification","valueRequired":true,"valueName":"search_term_string"}}],"inLanguage":"en-US"},{"@type":"Organization","@id":"https:\/\/www.reseau-mesure.com\/#organization","name":"R\u00e9seau-Mesure","url":"https:\/\/www.reseau-mesure.com\/","logo":{"@type":"ImageObject","inLanguage":"en-US","@id":"https:\/\/www.reseau-mesure.com\/#\/schema\/logo\/image\/","url":"https:\/\/www.reseau-mesure.com\/wp-content\/uploads\/2018\/02\/logo-max.png","contentUrl":"https:\/\/www.reseau-mesure.com\/wp-content\/uploads\/2018\/02\/logo-max.png","width":545,"height":285,"caption":"R\u00e9seau-Mesure"},"image":{"@id":"https:\/\/www.reseau-mesure.com\/#\/schema\/logo\/image\/"},"sameAs":["https:\/\/www.facebook.com\/reseaumesure\/","https:\/\/x.com\/ReseauMesure","https:\/\/www.linkedin.com\/company\/reseau-mesure\/"]}]}},"_links":{"self":[{"href":"https:\/\/www.reseau-mesure.com\/en\/wp-json\/wp\/v2\/pages\/12926","targetHints":{"allow":["GET"]}}],"collection":[{"href":"https:\/\/www.reseau-mesure.com\/en\/wp-json\/wp\/v2\/pages"}],"about":[{"href":"https:\/\/www.reseau-mesure.com\/en\/wp-json\/wp\/v2\/types\/page"}],"author":[{"embeddable":true,"href":"https:\/\/www.reseau-mesure.com\/en\/wp-json\/wp\/v2\/users\/349"}],"replies":[{"embeddable":true,"href":"https:\/\/www.reseau-mesure.com\/en\/wp-json\/wp\/v2\/comments?post=12926"}],"version-history":[{"count":0,"href":"https:\/\/www.reseau-mesure.com\/en\/wp-json\/wp\/v2\/pages\/12926\/revisions"}],"wp:attachment":[{"href":"https:\/\/www.reseau-mesure.com\/en\/wp-json\/wp\/v2\/media?parent=12926"}],"curies":[{"name":"wp","href":"https:\/\/api.w.org\/{rel}","templated":true}]}}