{"id":13168,"date":"2021-03-15T13:47:01","date_gmt":"2021-03-15T12:47:01","guid":{"rendered":"https:\/\/www.reseau-mesure.com\/?page_id=13168"},"modified":"2021-05-05T15:30:34","modified_gmt":"2021-05-05T13:30:34","slug":"numero-special-cem-mai-2021","status":"publish","type":"page","link":"https:\/\/www.reseau-mesure.com\/en\/numero-special-cem-mai-2021\/","title":{"rendered":"special number measures solutions expo"},"content":{"rendered":"<img loading=\"lazy\" decoding=\"async\" src=\"https:\/\/www.reseau-mesure.com\/wp-content\/uploads\/2020\/11\/Logo-2-pour-email-300x157.jpg\" alt=\"logo mse rdv de 9h30 - visios\" itemprop=\"image\" height=\"157\" width=\"300\" title=\"Logo 2 for email\" onerror=\"this.style.display='none'\"  \/>\n\t<strong>Special number <\/strong>Measures Solutions<strong> EXPO<br \/>\n<\/strong>with <strong>Controls Tests Measures<br \/>\n<\/strong><strong>May \/ June 2021<\/strong>\n\t\t\t\t<a href=\"https:\/\/www.controles-essais-mesures.fr\/envoi-de-larticle-numero-special-mse-cem\/\" target=\"_blank\" rel=\"noopener\" itemprop=\"url\">\n\t\t\t\t<img loading=\"lazy\" decoding=\"async\" src=\"https:\/\/www.reseau-mesure.com\/wp-content\/uploads\/2021\/03\/couvmse-212x300.jpg\" alt=\"page de couverture num\u00e9ro special cem de mai\" itemprop=\"image\" height=\"300\" width=\"212\" title=\"cover\" onerror=\"this.style.display='none'\"  \/>\n\t\t\t\t<\/a>\n\t<p>This edition will consist of:<\/p>\n<ul>\n<li><strong>technical content with the &quot;9:30 am RDV&quot; from November 2020 to April 2021 (free for speakers)\u00a0<\/strong><\/li>\n<li><strong>and a market focus and advertising spaces open to all members<\/strong><\/li>\n<\/ul>\n<p>The Special Measurements Solutions EXPO issue will be distributed in addition to the May \/ June 2021 issue of Measurements Testing with an additional offer reserved for members of the Measuring Network in the form of packs:<\/p>\n<h3><strong>1 visual page + 1 advertising-editorial page: \u20ac 1,600 excl.<\/strong><br \/>\n<strong>1 half-page of visual + 1 half-page of editorial (on the same page): \u20ac 1,200 excl.<\/strong><\/h3>\n\n\n<p>A digital flip-through and downloadable version will also be freely accessible on the Contr\u00f4le Essais Measures website in exchange for contact details.<\/p>\n<p>The special issue of Measurements Solutions EXPO in May will also be broadcast at trade fairs dedicated to measuring the start of the September 2021 school year.<\/p>\n\n\n<h3><strong>The special issue of Measures Solutions EXPO - PLANNING<\/strong><\/h3>\n\u25cf Diffusion with the number CEM 75: May \/ June 2021<br \/>\n\u25cf Editorial engagement deadline: May 5, 2021<br \/>\n\u25cf Advertising commitment deadline: May 15, 2021<br \/>\n\u25cf Submission of editorial elements: May 5, 2021<br \/>\n\u25cf Transmission of technical advertising elements: May 28, 2021\n<p>&nbsp;<\/p>\n<p>Additional options:<\/p>\n- writing assistance following an interview with our editorial team: 350 \u20ac HT<br \/>\n- sponsored content on CEM site (1 week) with 1 sending to our database: \u20ac 1,000 excl.\n\t\t\t<a href=\"https:\/\/www.reseau-mesure.com\/wp-content\/uploads\/2021\/05\/Nume\u0301ro-spe\u0301cial-MSE-2021-v3.pdf\" target=\"_blank\" role=\"button\" rel=\"noopener\">\n\t\t\t\t\t\t\tdiscover the presentation of this special edition\n\t\t\t\t\t<\/a>\n\t\t\t<a href=\"https:\/\/www.controles-essais-mesures.fr\/envoi-de-larticle-numero-special-mse-cem\/\" target=\"_blank\" role=\"button\" rel=\"noopener\">\n\t\t\t\t\t\t\tpresent your technical article following your 9:30 am meeting\n\t\t\t\t\t<\/a>\n\t\t\t<a href=\"mailto:eduflot@reseau-mesure.com\" target=\"_blank\" role=\"button\" rel=\"noopener\">\n\t\t\t\t\t\t\ta question ? contact us\n\t\t\t\t\t<\/a>\n\t<p>The Measurement and CEM Network, a long history ...<\/p>\n\u25cf Partners from the start<br \/>\n\u25cf Regular joint actions<br \/>\n\u25cf The same desire to work to put measurement and instrumentation in the spotlight ...<br \/>\n\u25cf A specific action for the transformation of MSE 2020","protected":false},"excerpt":{"rendered":"<p>Special issue of Measurements Solutions EXPO with Controls Testing Measurements May \/ June 2021 This edition will consist of: technical content with \u201c9:30 am appointments\u201d from November 2020 to April 2021 (free for speakers) and a focus on the market and spaces advertising open to all members The special issue of Measures Solutions EXPO will be ...<\/p>","protected":false},"author":349,"featured_media":0,"parent":0,"menu_order":0,"comment_status":"closed","ping_status":"closed","template":"","meta":{"_acf_changed":false,"footnotes":""},"class_list":["post-13168","page","type-page","status-publish","hentry"],"acf":[],"yoast_head":"<!-- This site is optimized with the Yoast SEO plugin v27.5 - https:\/\/yoast.com\/product\/yoast-seo-wordpress\/ -->\n<title>numero special mesures solutions expo - R\u00e9seau Mesure<\/title>\n<meta name=\"description\" content=\"numero special mesures solutions expo avec Contr\u00f4les Essais Mesures Mai 2021 qui sera diffus\u00e9 en suppl\u00e9ment du num\u00e9ro de mai 2021 de CEM.\" \/>\n<meta name=\"robots\" content=\"index, follow, max-snippet:-1, max-image-preview:large, max-video-preview:-1\" \/>\n<link rel=\"canonical\" href=\"https:\/\/www.reseau-mesure.com\/en\/numero-special-cem-mai-2021\/\" \/>\n<meta property=\"og:locale\" content=\"en_US\" \/>\n<meta property=\"og:type\" content=\"article\" \/>\n<meta property=\"og:title\" content=\"numero special mesures solutions expo - R\u00e9seau Mesure\" \/>\n<meta property=\"og:description\" content=\"numero special mesures solutions expo avec Contr\u00f4les Essais Mesures Mai 2021 qui sera diffus\u00e9 en suppl\u00e9ment du num\u00e9ro de mai 2021 de CEM.\" \/>\n<meta property=\"og:url\" content=\"https:\/\/www.reseau-mesure.com\/en\/numero-special-cem-mai-2021\/\" \/>\n<meta property=\"og:site_name\" content=\"R\u00e9seau Mesure\" \/>\n<meta property=\"article:publisher\" content=\"https:\/\/www.facebook.com\/reseaumesure\/\" \/>\n<meta property=\"article:modified_time\" content=\"2021-05-05T13:30:34+00:00\" \/>\n<meta property=\"og:image\" content=\"https:\/\/www.reseau-mesure.com\/wp-content\/uploads\/2020\/11\/Logo-2-pour-email-300x157.jpg\" \/>\n<meta name=\"twitter:card\" content=\"summary_large_image\" \/>\n<meta name=\"twitter:site\" content=\"@ReseauMesure\" \/>\n<meta name=\"twitter:label1\" content=\"Est. reading time\" \/>\n\t<meta name=\"twitter:data1\" content=\"2 minutes\" \/>\n<script type=\"application\/ld+json\" class=\"yoast-schema-graph\">{\"@context\":\"https:\\\/\\\/schema.org\",\"@graph\":[{\"@type\":\"WebPage\",\"@id\":\"https:\\\/\\\/www.reseau-mesure.com\\\/de\\\/numero-special-cem-mai-2021\\\/\",\"url\":\"https:\\\/\\\/www.reseau-mesure.com\\\/de\\\/numero-special-cem-mai-2021\\\/\",\"name\":\"numero special mesures solutions expo - R\u00e9seau Mesure\",\"isPartOf\":{\"@id\":\"https:\\\/\\\/www.reseau-mesure.com\\\/#website\"},\"primaryImageOfPage\":{\"@id\":\"https:\\\/\\\/www.reseau-mesure.com\\\/de\\\/numero-special-cem-mai-2021\\\/#primaryimage\"},\"image\":{\"@id\":\"https:\\\/\\\/www.reseau-mesure.com\\\/de\\\/numero-special-cem-mai-2021\\\/#primaryimage\"},\"thumbnailUrl\":\"https:\\\/\\\/www.reseau-mesure.com\\\/wp-content\\\/uploads\\\/2020\\\/11\\\/Logo-2-pour-email-300x157.jpg\",\"datePublished\":\"2021-03-15T12:47:01+00:00\",\"dateModified\":\"2021-05-05T13:30:34+00:00\",\"description\":\"numero special mesures solutions expo avec Contr\u00f4les Essais Mesures Mai 2021 qui sera diffus\u00e9 en suppl\u00e9ment du num\u00e9ro de mai 2021 de CEM.\",\"breadcrumb\":{\"@id\":\"https:\\\/\\\/www.reseau-mesure.com\\\/de\\\/numero-special-cem-mai-2021\\\/#breadcrumb\"},\"inLanguage\":\"en-US\",\"potentialAction\":[{\"@type\":\"ReadAction\",\"target\":[\"https:\\\/\\\/www.reseau-mesure.com\\\/de\\\/numero-special-cem-mai-2021\\\/\"]}]},{\"@type\":\"ImageObject\",\"inLanguage\":\"en-US\",\"@id\":\"https:\\\/\\\/www.reseau-mesure.com\\\/de\\\/numero-special-cem-mai-2021\\\/#primaryimage\",\"url\":\"https:\\\/\\\/www.reseau-mesure.com\\\/wp-content\\\/uploads\\\/2020\\\/11\\\/Logo-2-pour-email-300x157.jpg\",\"contentUrl\":\"https:\\\/\\\/www.reseau-mesure.com\\\/wp-content\\\/uploads\\\/2020\\\/11\\\/Logo-2-pour-email-300x157.jpg\"},{\"@type\":\"BreadcrumbList\",\"@id\":\"https:\\\/\\\/www.reseau-mesure.com\\\/de\\\/numero-special-cem-mai-2021\\\/#breadcrumb\",\"itemListElement\":[{\"@type\":\"ListItem\",\"position\":1,\"name\":\"Accueil\",\"item\":\"https:\\\/\\\/www.reseau-mesure.com\\\/\"},{\"@type\":\"ListItem\",\"position\":2,\"name\":\"numero special mesures solutions expo\"}]},{\"@type\":\"WebSite\",\"@id\":\"https:\\\/\\\/www.reseau-mesure.com\\\/#website\",\"url\":\"https:\\\/\\\/www.reseau-mesure.com\\\/\",\"name\":\"R\u00e9seau-Mesure\",\"description\":\"R\u00e9seau Mesure\",\"publisher\":{\"@id\":\"https:\\\/\\\/www.reseau-mesure.com\\\/#organization\"},\"potentialAction\":[{\"@type\":\"SearchAction\",\"target\":{\"@type\":\"EntryPoint\",\"urlTemplate\":\"https:\\\/\\\/www.reseau-mesure.com\\\/?s={search_term_string}\"},\"query-input\":{\"@type\":\"PropertyValueSpecification\",\"valueRequired\":true,\"valueName\":\"search_term_string\"}}],\"inLanguage\":\"en-US\"},{\"@type\":\"Organization\",\"@id\":\"https:\\\/\\\/www.reseau-mesure.com\\\/#organization\",\"name\":\"R\u00e9seau-Mesure\",\"url\":\"https:\\\/\\\/www.reseau-mesure.com\\\/\",\"logo\":{\"@type\":\"ImageObject\",\"inLanguage\":\"en-US\",\"@id\":\"https:\\\/\\\/www.reseau-mesure.com\\\/#\\\/schema\\\/logo\\\/image\\\/\",\"url\":\"https:\\\/\\\/www.reseau-mesure.com\\\/wp-content\\\/uploads\\\/2018\\\/02\\\/logo-max.png\",\"contentUrl\":\"https:\\\/\\\/www.reseau-mesure.com\\\/wp-content\\\/uploads\\\/2018\\\/02\\\/logo-max.png\",\"width\":545,\"height\":285,\"caption\":\"R\u00e9seau-Mesure\"},\"image\":{\"@id\":\"https:\\\/\\\/www.reseau-mesure.com\\\/#\\\/schema\\\/logo\\\/image\\\/\"},\"sameAs\":[\"https:\\\/\\\/www.facebook.com\\\/reseaumesure\\\/\",\"https:\\\/\\\/x.com\\\/ReseauMesure\",\"https:\\\/\\\/www.linkedin.com\\\/company\\\/reseau-mesure\\\/\"]}]}<\/script>\n<!-- \/ Yoast SEO plugin. -->","yoast_head_json":{"title":"numero special mesures solutions expo - R\u00e9seau Mesure","description":"numero special mesures solutions expo avec Contr\u00f4les Essais Mesures Mai 2021 qui sera diffus\u00e9 en suppl\u00e9ment du num\u00e9ro de mai 2021 de CEM.","robots":{"index":"index","follow":"follow","max-snippet":"max-snippet:-1","max-image-preview":"max-image-preview:large","max-video-preview":"max-video-preview:-1"},"canonical":"https:\/\/www.reseau-mesure.com\/en\/numero-special-cem-mai-2021\/","og_locale":"en_US","og_type":"article","og_title":"numero special mesures solutions expo - R\u00e9seau Mesure","og_description":"numero special mesures solutions expo avec Contr\u00f4les Essais Mesures Mai 2021 qui sera diffus\u00e9 en suppl\u00e9ment du num\u00e9ro de mai 2021 de CEM.","og_url":"https:\/\/www.reseau-mesure.com\/en\/numero-special-cem-mai-2021\/","og_site_name":"R\u00e9seau Mesure","article_publisher":"https:\/\/www.facebook.com\/reseaumesure\/","article_modified_time":"2021-05-05T13:30:34+00:00","og_image":[{"url":"https:\/\/www.reseau-mesure.com\/wp-content\/uploads\/2020\/11\/Logo-2-pour-email-300x157.jpg","type":"","width":"","height":""}],"twitter_card":"summary_large_image","twitter_site":"@ReseauMesure","twitter_misc":{"Est. reading time":"2 minutes"},"schema":{"@context":"https:\/\/schema.org","@graph":[{"@type":"WebPage","@id":"https:\/\/www.reseau-mesure.com\/de\/numero-special-cem-mai-2021\/","url":"https:\/\/www.reseau-mesure.com\/de\/numero-special-cem-mai-2021\/","name":"numero special mesures solutions expo - R\u00e9seau Mesure","isPartOf":{"@id":"https:\/\/www.reseau-mesure.com\/#website"},"primaryImageOfPage":{"@id":"https:\/\/www.reseau-mesure.com\/de\/numero-special-cem-mai-2021\/#primaryimage"},"image":{"@id":"https:\/\/www.reseau-mesure.com\/de\/numero-special-cem-mai-2021\/#primaryimage"},"thumbnailUrl":"https:\/\/www.reseau-mesure.com\/wp-content\/uploads\/2020\/11\/Logo-2-pour-email-300x157.jpg","datePublished":"2021-03-15T12:47:01+00:00","dateModified":"2021-05-05T13:30:34+00:00","description":"numero special mesures solutions expo avec Contr\u00f4les Essais Mesures Mai 2021 qui sera diffus\u00e9 en suppl\u00e9ment du num\u00e9ro de mai 2021 de CEM.","breadcrumb":{"@id":"https:\/\/www.reseau-mesure.com\/de\/numero-special-cem-mai-2021\/#breadcrumb"},"inLanguage":"en-US","potentialAction":[{"@type":"ReadAction","target":["https:\/\/www.reseau-mesure.com\/de\/numero-special-cem-mai-2021\/"]}]},{"@type":"ImageObject","inLanguage":"en-US","@id":"https:\/\/www.reseau-mesure.com\/de\/numero-special-cem-mai-2021\/#primaryimage","url":"https:\/\/www.reseau-mesure.com\/wp-content\/uploads\/2020\/11\/Logo-2-pour-email-300x157.jpg","contentUrl":"https:\/\/www.reseau-mesure.com\/wp-content\/uploads\/2020\/11\/Logo-2-pour-email-300x157.jpg"},{"@type":"BreadcrumbList","@id":"https:\/\/www.reseau-mesure.com\/de\/numero-special-cem-mai-2021\/#breadcrumb","itemListElement":[{"@type":"ListItem","position":1,"name":"Accueil","item":"https:\/\/www.reseau-mesure.com\/"},{"@type":"ListItem","position":2,"name":"numero special mesures solutions expo"}]},{"@type":"WebSite","@id":"https:\/\/www.reseau-mesure.com\/#website","url":"https:\/\/www.reseau-mesure.com\/","name":"R\u00e9seau-Mesure","description":"Network Measure","publisher":{"@id":"https:\/\/www.reseau-mesure.com\/#organization"},"potentialAction":[{"@type":"SearchAction","target":{"@type":"EntryPoint","urlTemplate":"https:\/\/www.reseau-mesure.com\/?s={search_term_string}"},"query-input":{"@type":"PropertyValueSpecification","valueRequired":true,"valueName":"search_term_string"}}],"inLanguage":"en-US"},{"@type":"Organization","@id":"https:\/\/www.reseau-mesure.com\/#organization","name":"R\u00e9seau-Mesure","url":"https:\/\/www.reseau-mesure.com\/","logo":{"@type":"ImageObject","inLanguage":"en-US","@id":"https:\/\/www.reseau-mesure.com\/#\/schema\/logo\/image\/","url":"https:\/\/www.reseau-mesure.com\/wp-content\/uploads\/2018\/02\/logo-max.png","contentUrl":"https:\/\/www.reseau-mesure.com\/wp-content\/uploads\/2018\/02\/logo-max.png","width":545,"height":285,"caption":"R\u00e9seau-Mesure"},"image":{"@id":"https:\/\/www.reseau-mesure.com\/#\/schema\/logo\/image\/"},"sameAs":["https:\/\/www.facebook.com\/reseaumesure\/","https:\/\/x.com\/ReseauMesure","https:\/\/www.linkedin.com\/company\/reseau-mesure\/"]}]}},"_links":{"self":[{"href":"https:\/\/www.reseau-mesure.com\/en\/wp-json\/wp\/v2\/pages\/13168","targetHints":{"allow":["GET"]}}],"collection":[{"href":"https:\/\/www.reseau-mesure.com\/en\/wp-json\/wp\/v2\/pages"}],"about":[{"href":"https:\/\/www.reseau-mesure.com\/en\/wp-json\/wp\/v2\/types\/page"}],"author":[{"embeddable":true,"href":"https:\/\/www.reseau-mesure.com\/en\/wp-json\/wp\/v2\/users\/349"}],"replies":[{"embeddable":true,"href":"https:\/\/www.reseau-mesure.com\/en\/wp-json\/wp\/v2\/comments?post=13168"}],"version-history":[{"count":0,"href":"https:\/\/www.reseau-mesure.com\/en\/wp-json\/wp\/v2\/pages\/13168\/revisions"}],"wp:attachment":[{"href":"https:\/\/www.reseau-mesure.com\/en\/wp-json\/wp\/v2\/media?parent=13168"}],"curies":[{"name":"wp","href":"https:\/\/api.w.org\/{rel}","templated":true}]}}