{"id":13292,"date":"2021-03-22T17:09:24","date_gmt":"2021-03-22T16:09:24","guid":{"rendered":"https:\/\/www.reseau-mesure.com\/?page_id=13292"},"modified":"2021-03-31T16:40:58","modified_gmt":"2021-03-31T14:40:58","slug":"reseau-mesure-express-20210325","status":"publish","type":"page","link":"https:\/\/www.reseau-mesure.com\/en\/reseau-mesure-express-20210325\/","title":{"rendered":"Express Measurement Network-20210325"},"content":{"rendered":"<img loading=\"lazy\" decoding=\"async\" src=\"https:\/\/www.reseau-mesure.com\/wp-content\/uploads\/2020\/07\/20ku.jpeg\" alt=\"R\u00e9seau Mesure Express\" itemprop=\"image\" height=\"300\" width=\"970\" title=\"Express Measurement Network Header\" onerror=\"this.style.display='none'\"  \/>\n<h1>\n\t\tExpress Measurement Network\n\t<\/h1>\n<h2>\n\t\t<a href=\"https:\/\/www.reseau-mesure.com\/en\/le-reseau-mesure-2\/\" title=\"25.03.2021\" target=\"_blank\" rel=\"noopener\">\n\t\t25.03.2021\n\t\t<\/a>\n\t<\/h2>\n\t<h3><strong>A network for its members, through its members<\/strong><\/h3>\n\t<p>R\u00e9seau Mesure Express allows members to find the latest news from the association.<\/p>\n<h2>\n\t\t<a href=\"https:\/\/www.reseau-mesure.com\/en\/evenements\/\" title=\"Confirm your participation in the 2021 General Meetings\" target=\"_blank\" rel=\"noopener\">\n\t\tConfirm your participation in the 2021 General Meetings\n\t\t<\/a>\n\t<\/h2>\n\t<h3>Two General Assemblies are organized for 2021<\/h3>\n\t<h3>Thursday April 15 at 6:00 p.m.<\/h3>\n\n<ol>\n<li>Mandatory appointment of an auditor because the Measurement Network provides training<\/li>\n<li>Divers questions<\/li>\n<\/ol>\n<h3>Tuesday June 29 at 4:00 p.m.<\/h3>\n\n<ol>\n<li>Activity report 2020\n<ol>\n<li>The 2020 moral report<\/li>\n<li>Financial report 2020<\/li>\n<li>Vote on resolutions<\/li>\n<\/ol>\n<\/li>\n<li>Renewal of the Board of Directors<\/li>\n<li>Presentation of the 2021-2022 roadmap<\/li>\n<li>2021 action plan<br \/>\nProvisional budget 2021<\/li>\n<li>Divers questions<\/li>\n<\/ol>\n\n\t\t\t\t<a href=\"https:\/\/www.reseau-mesure.com\/en\/evenements\/\" target=\"_blank\" rel=\"noopener\" itemprop=\"url\">\n\t\t\t\t<img loading=\"lazy\" decoding=\"async\" src=\"https:\/\/www.reseau-mesure.com\/wp-content\/uploads\/2021\/03\/Wavy_Bus-35_Single-02-1-scaled.jpg\" alt=\"Assembl\u00e9e G\u00e9n\u00e9rale du R\u00e9seau Mesure\" itemprop=\"image\" height=\"2560\" width=\"2560\" title=\"General Assembly of the Measurement Network\" onerror=\"this.style.display='none'\"  \/>\n\t\t\t\t<\/a>\n\t\t\t<a href=\"mailto:eduflot@reseau-mesure.com\" target=\"_blank\" role=\"button\" rel=\"noopener\">\n\t\t\t\t\t\t\tI am available\n\t\t\t\t\t<\/a>\n\t\t\t<a href=\"https:\/\/www.reseau-mesure.com\/wp-content\/uploads\/2021\/03\/POUVOIR-AGO-15-04-2021.doc\" target=\"_blank\" role=\"button\" rel=\"noopener\">\n\t\t\t\t\t\t\tI give my power for the GA of April 15\n\t\t\t\t\t<\/a>\n\t\t\t<a href=\"https:\/\/www.reseau-mesure.com\/wp-content\/uploads\/2021\/03\/POUVOIR-AGO-29-06-2021.doc\" target=\"_blank\" role=\"button\" rel=\"noopener\">\n\t\t\t\t\t\t\tI give my power for the GA of June 29\n\t\t\t\t\t<\/a>\n<h2>\n\t\t<a href=\"https:\/\/www.reseau-mesure.com\/en\/numero-special-cem-mai-2021\/\" title=\"Take advantage of exclusive offers to be present on the special CEM issue\" target=\"_blank\" rel=\"noopener\">\n\t\tTake advantage of exclusive offers to be present on the special CEM issue\n\t\t<\/a>\n\t<\/h2>\n\t\t\t\t<a href=\"https:\/\/www.reseau-mesure.com\/en\/numero-special-cem-mai-2021\/\" target=\"_blank\" rel=\"noopener\" itemprop=\"url\">\n\t\t\t\t<img loading=\"lazy\" decoding=\"async\" src=\"https:\/\/www.reseau-mesure.com\/wp-content\/uploads\/2021\/03\/couvmse-1-scaled.jpg\" alt=\"num\u00e9ro sp\u00e9cial MSE\" itemprop=\"image\" height=\"2560\" width=\"1811\" title=\"MSE special issue\" onerror=\"this.style.display='none'\"  \/>\n\t\t\t\t<\/a>\n\t\t\t<a href=\"mailto:eduflot@reseau-mesure.com\" target=\"_blank\" role=\"button\" rel=\"noopener\">\n\t\t\t\t\t\t\tA question ? Contact us!\n\t\t\t\t\t<\/a>\n\t<h2><strong>Special number\u00a0<\/strong>Measures Solutions<strong> EXPO <\/strong>with\u00a0<strong>Controls Tests Measures <\/strong><strong>May 2021<\/strong><\/h2>\n<p>This edition will consist of:<\/p>\n<ul>\n<li><strong>technical content with the &quot;9:30 am RDV&quot; from November 2020 to April 2021 (free for speakers)\u00a0<\/strong><\/li>\n<li><strong>and a market focus and advertising spaces open to all members<\/strong><\/li>\n<\/ul>\n<p>The Special Measure Solutions EXPO issue will be distributed in addition to the May 2021 issue of Controls and Measurements with an additional offer reserved for members of the Measurement Network in the form of packs:<\/p>\n<h3><strong>1 visual page + 1 advertising-editorial page: \u20ac 1,600 excl.<\/strong><br \/>\n<strong>1 half-page of visual + 1 half-page of editorial (on the same page): \u20ac 1,200 excl.<\/strong><\/h3>\n\n\n<p>A digital flip-through and downloadable version will also be freely accessible on the Contr\u00f4le Essais Measures website in exchange for contact details.<\/p>\n<p>The special issue of Measurements Solutions EXPO in May will also be broadcast at trade fairs dedicated to measuring the start of the September 2021 school year.<\/p>\n\n\n<h3><strong>The special issue of Measures Solutions EXPO - PLANNING<\/strong><\/h3>\n\u25cf Broadcast with the number CEM 75: May 2021<br \/>\n\u25cf Editorial engagement deadline: April 9, 2021<br \/>\n\u25cf Advertising commitment deadline: April 16, 2021<br \/>\n\u25cf Submission of editorial elements: April 30, 2021<br \/>\n\u25cf Transmission of technical advertising elements: May 7, 2021\n\t<p>Additional options:<\/p>\n- writing assistance following an interview with our editorial team: 350 \u20ac HT<br \/>\n- sponsored content on CEM site (1 week) with 1 sending to our database: \u20ac 1,000 excl.\n<h2>\n\t\t<a href=\"https:\/\/www.weezevent.com\/forum-eau-2\" title=\"Paris Ile-de-France Water Forum \" target=\"_blank\" rel=\"noopener\">\n\t\tParis Ile-de-France Water Forum \n\t\t<\/a>\n\t<\/h2>\n\t<h2>Forum Eau Paris \u00cele-De-France 2021 organized by the Cluster Eau Milieux et Sols<\/h2>\n\n\n1.15 p.m .: Welcome 1.30 p.m .: Introduction of the Forum and presentation of the Cluster Eau-Milieux-Sols Paris \u00cele-de-France 1.40 p.m .:\n<ul>\n<li>Feedback from experience or expressions of need by the project managers of the Greater Paris Metropolis.<\/li>\n<li>Innovative presentations by companies and research centers, members of the Cluster Eau-Milieux-Sols or partners.<\/li>\n<li><strong>6 innovative urban water management themes<\/strong>\n<ul>\n<li>Urban water production and treatment<\/li>\n<li>Optimization of water consumption<\/li>\n<li>Material and energy recovery from urban water<\/li>\n<li>Alternative stormwater management<\/li>\n<li>Dynamic interfaces between rainwater and urban soils<\/li>\n<li>Quality of urban aquatic environments<\/li>\n<\/ul>\n<\/li>\n<\/ul>\n6.30 p.m .: End of the Forum\n\n<p>&nbsp;<\/p>\n\t\t\t<a href=\"https:\/\/www.weezevent.com\/forum-eau-2\" target=\"_blank\" role=\"button\" rel=\"noopener\">\n\t\t\t\t\t\t\tI&#039;m registering\n\t\t\t\t\t<\/a>\n\t\t\t\t<a href=\"https:\/\/www.weezevent.com\/forum-eau-2\" target=\"_blank\" rel=\"noopener\" itemprop=\"url\">\n\t\t\t\t<img loading=\"lazy\" decoding=\"async\" src=\"https:\/\/www.reseau-mesure.com\/wp-content\/uploads\/2021\/03\/affiche_680381.thumb53700.1610014570.jpg\" alt=\"Forum Eau IDF 15 Avril 2021 - Apr\u00e8s-Midi\" itemprop=\"image\" height=\"464\" width=\"537\" title=\"poster_680381.thumb53700.1610014570\" onerror=\"this.style.display='none'\"  \/>\n\t\t\t\t<\/a>\n\t<p>*Conditions of participation:<\/p>\nAttend the event: it is free and open to all upon registration Intervene at the event:\n<ul>\n<li>Free for EMS Cluster members<\/li>\n<li>and <strong>50% for members<\/strong> of France Water Team CapDigital <strong>Network Measure<\/strong> and Graie<\/li>\n<\/ul>\n<p>Pricing for presenting your solution outside membership: 300 euros including tax.<\/p>\nContacts:\n\n\n\t\t\t<a href=\"https:\/\/www.reseau-mesure.com\/en\/evenements\/\" target=\"_self\" role=\"button\" rel=\"noopener\">\n\t\t\t\t\t\t\tThe complete agenda of the Measurement Network\n\t\t\t\t\t<\/a>\n\t\t\t\t<img loading=\"lazy\" decoding=\"async\" src=\"https:\/\/www.reseau-mesure.com\/wp-content\/uploads\/2020\/08\/Plan-de-travail-3niveau.png\" alt=\"R\u00e9seau Mesure Express Actualites\" itemprop=\"image\" height=\"3665\" width=\"5520\" title=\"Express Measurement Network News\" onerror=\"this.style.display='none'\"  \/>\n\t\n\t<h3><\/h3>\n<h3>Flash info CCI Algerian-French<\/h3>\n<p>An Algerian company whose project is the processing, packaging, local marketing and export of fruits and vegetables and \/ or processed products, is looking for a partner in the Agro-food sector on a technical, commercial level and with the necessary means. for this activity.<\/p>\n<ul>\n<li><strong>Project location: <\/strong>Wilaya of Ain Defla (140 km southwest of Algiers).<\/li>\n<li><strong>Available infrastructure: <\/strong>An area of 8700 m2 including 2500 m2 covered consisting of 4 hangars, 1 administrative block, 1 borehole, and 1 electrical transformer.<\/li>\n<li><strong>Financial contributions: <\/strong>The company has sufficient financial means to participate in the financing of the project selected in common agreement with the future partner.<\/li>\n<\/ul>\n\t<h2>R\u00e9seau Mesure Express: news about the association&#039;s action plan<\/h2>","protected":false},"excerpt":{"rendered":"<p>R\u00e9seau Mesure Express 25.03.2021 A network for its members, through its members R\u00e9seau Mesure Express allows members to find the latest news from the association. Confirm your participation in the 2021 General Assemblies Two General Assemblies are being organized for 2021 Thursday April 15 at 6:00 p.m. Mandatory appointment of an auditor due to the fact that the Measurement Network exempts\u2026<\/p>","protected":false},"author":685,"featured_media":0,"parent":0,"menu_order":0,"comment_status":"closed","ping_status":"closed","template":"","meta":{"_acf_changed":false,"footnotes":""},"class_list":["post-13292","page","type-page","status-publish","hentry"],"acf":[],"yoast_head":"<!-- This site is optimized with the Yoast SEO plugin v27.5 - https:\/\/yoast.com\/product\/yoast-seo-wordpress\/ -->\n<title>R\u00e9seau Mesure Express-20210325 - R\u00e9seau Mesure<\/title>\n<meta name=\"description\" content=\"R\u00e9seau Mesure Express 20210325, confirmez votre participation aux Assembl\u00e9es G\u00e9n\u00e9rales 2021, \u00e0 vos agendas !\" \/>\n<meta name=\"robots\" content=\"index, follow, max-snippet:-1, max-image-preview:large, max-video-preview:-1\" \/>\n<link rel=\"canonical\" href=\"https:\/\/www.reseau-mesure.com\/en\/reseau-mesure-express-20210325\/\" \/>\n<meta property=\"og:locale\" content=\"en_US\" \/>\n<meta property=\"og:type\" content=\"article\" \/>\n<meta property=\"og:title\" content=\"R\u00e9seau Mesure Express-20210325 - R\u00e9seau Mesure\" \/>\n<meta property=\"og:description\" content=\"R\u00e9seau Mesure Express 20210325, confirmez votre participation aux Assembl\u00e9es G\u00e9n\u00e9rales 2021, \u00e0 vos agendas !\" \/>\n<meta property=\"og:url\" content=\"https:\/\/www.reseau-mesure.com\/en\/reseau-mesure-express-20210325\/\" \/>\n<meta property=\"og:site_name\" content=\"R\u00e9seau Mesure\" \/>\n<meta property=\"article:publisher\" content=\"https:\/\/www.facebook.com\/reseaumesure\/\" \/>\n<meta property=\"article:modified_time\" content=\"2021-03-31T14:40:58+00:00\" \/>\n<meta property=\"og:image\" content=\"https:\/\/www.reseau-mesure.com\/wp-content\/uploads\/2020\/07\/20ku.jpeg\" \/>\n<meta name=\"twitter:card\" content=\"summary_large_image\" \/>\n<meta name=\"twitter:site\" content=\"@ReseauMesure\" \/>\n<meta name=\"twitter:label1\" content=\"Est. reading time\" \/>\n\t<meta name=\"twitter:data1\" content=\"4 minutes\" \/>\n<script type=\"application\/ld+json\" class=\"yoast-schema-graph\">{\"@context\":\"https:\\\/\\\/schema.org\",\"@graph\":[{\"@type\":\"WebPage\",\"@id\":\"https:\\\/\\\/www.reseau-mesure.com\\\/reseau-mesure-express-20210325\\\/\",\"url\":\"https:\\\/\\\/www.reseau-mesure.com\\\/reseau-mesure-express-20210325\\\/\",\"name\":\"R\u00e9seau Mesure Express-20210325 - R\u00e9seau Mesure\",\"isPartOf\":{\"@id\":\"https:\\\/\\\/www.reseau-mesure.com\\\/#website\"},\"primaryImageOfPage\":{\"@id\":\"https:\\\/\\\/www.reseau-mesure.com\\\/reseau-mesure-express-20210325\\\/#primaryimage\"},\"image\":{\"@id\":\"https:\\\/\\\/www.reseau-mesure.com\\\/reseau-mesure-express-20210325\\\/#primaryimage\"},\"thumbnailUrl\":\"https:\\\/\\\/www.reseau-mesure.com\\\/wp-content\\\/uploads\\\/2020\\\/07\\\/20ku.jpeg\",\"datePublished\":\"2021-03-22T16:09:24+00:00\",\"dateModified\":\"2021-03-31T14:40:58+00:00\",\"description\":\"R\u00e9seau Mesure Express 20210325, confirmez votre participation aux Assembl\u00e9es G\u00e9n\u00e9rales 2021, \u00e0 vos agendas !\",\"breadcrumb\":{\"@id\":\"https:\\\/\\\/www.reseau-mesure.com\\\/reseau-mesure-express-20210325\\\/#breadcrumb\"},\"inLanguage\":\"en-US\",\"potentialAction\":[{\"@type\":\"ReadAction\",\"target\":[\"https:\\\/\\\/www.reseau-mesure.com\\\/reseau-mesure-express-20210325\\\/\"]}]},{\"@type\":\"ImageObject\",\"inLanguage\":\"en-US\",\"@id\":\"https:\\\/\\\/www.reseau-mesure.com\\\/reseau-mesure-express-20210325\\\/#primaryimage\",\"url\":\"https:\\\/\\\/www.reseau-mesure.com\\\/wp-content\\\/uploads\\\/2020\\\/07\\\/20ku.jpeg\",\"contentUrl\":\"https:\\\/\\\/www.reseau-mesure.com\\\/wp-content\\\/uploads\\\/2020\\\/07\\\/20ku.jpeg\"},{\"@type\":\"BreadcrumbList\",\"@id\":\"https:\\\/\\\/www.reseau-mesure.com\\\/reseau-mesure-express-20210325\\\/#breadcrumb\",\"itemListElement\":[{\"@type\":\"ListItem\",\"position\":1,\"name\":\"Accueil\",\"item\":\"https:\\\/\\\/www.reseau-mesure.com\\\/\"},{\"@type\":\"ListItem\",\"position\":2,\"name\":\"R\u00e9seau Mesure Express-20210325\"}]},{\"@type\":\"WebSite\",\"@id\":\"https:\\\/\\\/www.reseau-mesure.com\\\/#website\",\"url\":\"https:\\\/\\\/www.reseau-mesure.com\\\/\",\"name\":\"R\u00e9seau-Mesure\",\"description\":\"R\u00e9seau Mesure\",\"publisher\":{\"@id\":\"https:\\\/\\\/www.reseau-mesure.com\\\/#organization\"},\"potentialAction\":[{\"@type\":\"SearchAction\",\"target\":{\"@type\":\"EntryPoint\",\"urlTemplate\":\"https:\\\/\\\/www.reseau-mesure.com\\\/?s={search_term_string}\"},\"query-input\":{\"@type\":\"PropertyValueSpecification\",\"valueRequired\":true,\"valueName\":\"search_term_string\"}}],\"inLanguage\":\"en-US\"},{\"@type\":\"Organization\",\"@id\":\"https:\\\/\\\/www.reseau-mesure.com\\\/#organization\",\"name\":\"R\u00e9seau-Mesure\",\"url\":\"https:\\\/\\\/www.reseau-mesure.com\\\/\",\"logo\":{\"@type\":\"ImageObject\",\"inLanguage\":\"en-US\",\"@id\":\"https:\\\/\\\/www.reseau-mesure.com\\\/#\\\/schema\\\/logo\\\/image\\\/\",\"url\":\"https:\\\/\\\/www.reseau-mesure.com\\\/wp-content\\\/uploads\\\/2018\\\/02\\\/logo-max.png\",\"contentUrl\":\"https:\\\/\\\/www.reseau-mesure.com\\\/wp-content\\\/uploads\\\/2018\\\/02\\\/logo-max.png\",\"width\":545,\"height\":285,\"caption\":\"R\u00e9seau-Mesure\"},\"image\":{\"@id\":\"https:\\\/\\\/www.reseau-mesure.com\\\/#\\\/schema\\\/logo\\\/image\\\/\"},\"sameAs\":[\"https:\\\/\\\/www.facebook.com\\\/reseaumesure\\\/\",\"https:\\\/\\\/x.com\\\/ReseauMesure\",\"https:\\\/\\\/www.linkedin.com\\\/company\\\/reseau-mesure\\\/\"]}]}<\/script>\n<!-- \/ Yoast SEO plugin. -->","yoast_head_json":{"title":"R\u00e9seau Mesure Express-20210325 - R\u00e9seau Mesure","description":"R\u00e9seau Mesure Express 20210325, confirmez votre participation aux Assembl\u00e9es G\u00e9n\u00e9rales 2021, \u00e0 vos agendas !","robots":{"index":"index","follow":"follow","max-snippet":"max-snippet:-1","max-image-preview":"max-image-preview:large","max-video-preview":"max-video-preview:-1"},"canonical":"https:\/\/www.reseau-mesure.com\/en\/reseau-mesure-express-20210325\/","og_locale":"en_US","og_type":"article","og_title":"R\u00e9seau Mesure Express-20210325 - R\u00e9seau Mesure","og_description":"R\u00e9seau Mesure Express 20210325, confirmez votre participation aux Assembl\u00e9es G\u00e9n\u00e9rales 2021, \u00e0 vos agendas !","og_url":"https:\/\/www.reseau-mesure.com\/en\/reseau-mesure-express-20210325\/","og_site_name":"R\u00e9seau Mesure","article_publisher":"https:\/\/www.facebook.com\/reseaumesure\/","article_modified_time":"2021-03-31T14:40:58+00:00","og_image":[{"url":"https:\/\/www.reseau-mesure.com\/wp-content\/uploads\/2020\/07\/20ku.jpeg","type":"","width":"","height":""}],"twitter_card":"summary_large_image","twitter_site":"@ReseauMesure","twitter_misc":{"Est. reading time":"4 minutes"},"schema":{"@context":"https:\/\/schema.org","@graph":[{"@type":"WebPage","@id":"https:\/\/www.reseau-mesure.com\/reseau-mesure-express-20210325\/","url":"https:\/\/www.reseau-mesure.com\/reseau-mesure-express-20210325\/","name":"R\u00e9seau Mesure Express-20210325 - R\u00e9seau Mesure","isPartOf":{"@id":"https:\/\/www.reseau-mesure.com\/#website"},"primaryImageOfPage":{"@id":"https:\/\/www.reseau-mesure.com\/reseau-mesure-express-20210325\/#primaryimage"},"image":{"@id":"https:\/\/www.reseau-mesure.com\/reseau-mesure-express-20210325\/#primaryimage"},"thumbnailUrl":"https:\/\/www.reseau-mesure.com\/wp-content\/uploads\/2020\/07\/20ku.jpeg","datePublished":"2021-03-22T16:09:24+00:00","dateModified":"2021-03-31T14:40:58+00:00","description":"R\u00e9seau Mesure Express 20210325, confirmez votre participation aux Assembl\u00e9es G\u00e9n\u00e9rales 2021, \u00e0 vos agendas !","breadcrumb":{"@id":"https:\/\/www.reseau-mesure.com\/reseau-mesure-express-20210325\/#breadcrumb"},"inLanguage":"en-US","potentialAction":[{"@type":"ReadAction","target":["https:\/\/www.reseau-mesure.com\/reseau-mesure-express-20210325\/"]}]},{"@type":"ImageObject","inLanguage":"en-US","@id":"https:\/\/www.reseau-mesure.com\/reseau-mesure-express-20210325\/#primaryimage","url":"https:\/\/www.reseau-mesure.com\/wp-content\/uploads\/2020\/07\/20ku.jpeg","contentUrl":"https:\/\/www.reseau-mesure.com\/wp-content\/uploads\/2020\/07\/20ku.jpeg"},{"@type":"BreadcrumbList","@id":"https:\/\/www.reseau-mesure.com\/reseau-mesure-express-20210325\/#breadcrumb","itemListElement":[{"@type":"ListItem","position":1,"name":"Accueil","item":"https:\/\/www.reseau-mesure.com\/"},{"@type":"ListItem","position":2,"name":"R\u00e9seau Mesure Express-20210325"}]},{"@type":"WebSite","@id":"https:\/\/www.reseau-mesure.com\/#website","url":"https:\/\/www.reseau-mesure.com\/","name":"R\u00e9seau-Mesure","description":"Network Measure","publisher":{"@id":"https:\/\/www.reseau-mesure.com\/#organization"},"potentialAction":[{"@type":"SearchAction","target":{"@type":"EntryPoint","urlTemplate":"https:\/\/www.reseau-mesure.com\/?s={search_term_string}"},"query-input":{"@type":"PropertyValueSpecification","valueRequired":true,"valueName":"search_term_string"}}],"inLanguage":"en-US"},{"@type":"Organization","@id":"https:\/\/www.reseau-mesure.com\/#organization","name":"R\u00e9seau-Mesure","url":"https:\/\/www.reseau-mesure.com\/","logo":{"@type":"ImageObject","inLanguage":"en-US","@id":"https:\/\/www.reseau-mesure.com\/#\/schema\/logo\/image\/","url":"https:\/\/www.reseau-mesure.com\/wp-content\/uploads\/2018\/02\/logo-max.png","contentUrl":"https:\/\/www.reseau-mesure.com\/wp-content\/uploads\/2018\/02\/logo-max.png","width":545,"height":285,"caption":"R\u00e9seau-Mesure"},"image":{"@id":"https:\/\/www.reseau-mesure.com\/#\/schema\/logo\/image\/"},"sameAs":["https:\/\/www.facebook.com\/reseaumesure\/","https:\/\/x.com\/ReseauMesure","https:\/\/www.linkedin.com\/company\/reseau-mesure\/"]}]}},"_links":{"self":[{"href":"https:\/\/www.reseau-mesure.com\/en\/wp-json\/wp\/v2\/pages\/13292","targetHints":{"allow":["GET"]}}],"collection":[{"href":"https:\/\/www.reseau-mesure.com\/en\/wp-json\/wp\/v2\/pages"}],"about":[{"href":"https:\/\/www.reseau-mesure.com\/en\/wp-json\/wp\/v2\/types\/page"}],"author":[{"embeddable":true,"href":"https:\/\/www.reseau-mesure.com\/en\/wp-json\/wp\/v2\/users\/685"}],"replies":[{"embeddable":true,"href":"https:\/\/www.reseau-mesure.com\/en\/wp-json\/wp\/v2\/comments?post=13292"}],"version-history":[{"count":0,"href":"https:\/\/www.reseau-mesure.com\/en\/wp-json\/wp\/v2\/pages\/13292\/revisions"}],"wp:attachment":[{"href":"https:\/\/www.reseau-mesure.com\/en\/wp-json\/wp\/v2\/media?parent=13292"}],"curies":[{"name":"wp","href":"https:\/\/api.w.org\/{rel}","templated":true}]}}