{"id":13340,"date":"2021-03-25T08:52:15","date_gmt":"2021-03-25T07:52:15","guid":{"rendered":"https:\/\/www.reseau-mesure.com\/?page_id=13340"},"modified":"2026-03-31T16:05:35","modified_gmt":"2026-03-31T14:05:35","slug":"13340-2","status":"publish","type":"page","link":"https:\/\/www.reseau-mesure.com\/en\/","title":{"rendered":"Home page"},"content":{"rendered":"<figure itemscope itemtype=\"https:\/\/schema.org\/ImageObject\">\n\t\t\t\t<img decoding=\"async\" src=\"https:\/\/www.reseau-mesure.com\/wp-content\/uploads\/2026\/03\/logo_rm_2026-300x224.png\" alt=\"logo_rm_2026\" height=\"224\" width=\"300\" title=\"logo_rm_2026\" onerror=\"this.style.display='none'\" loading=\"lazy\" \/>\n\t<\/figure>\n<h2>\n\t\t\tThe Network of <b>Specialists<\/b> of <br \/>the <b>Measured<\/b>\t<\/h2>\n\t\t\t<button type=\"button\">\n\t\t\t\t\t\t\tFind a specialist\n\t\t\t\t\t<\/button>\n\t\t\t<h3>What are you looking for ?<\/h3>\n<form method=\"get\" role=\"search\" action=\"https:\/\/www.reseau-mesure.com\/en\/\" title=\"Enter keyword (s) to search.\" data-trp-original-action=\"https:\/\/www.reseau-mesure.com\/\">\n<input type=\"search\" name=\"s\" value=\"Entreprise, sp\u00e9cialit\u00e9, mot-cl\u00e9...\" onfocus=\"if (this.value == 'Entreprise, sp\u00e9cialit\u00e9, mot-cl\u00e9...') { this.value = ''; }\" onblur=\"if (this.value == '') this.value='Entreprise, sp\u00e9cialit\u00e9, mot-cl\u00e9...';\"\/>\n<input type=\"hidden\" name=\"info\" value=\"adherent\"\/><input type=\"hidden\" name=\"trp-form-language\" value=\"en\"\/><\/form>\t\t\n\t\t\t<a href=\"https:\/\/www.reseau-mesure.com\/en\/mon-projet\/\"  target=\"_blank\" rel=\"noopener\">\n\t\t\t\t\t\t\tSubmit a project\n\t\t\t\t\t<\/a>\n\t\t\t<a href=\"https:\/\/www.reseau-mesure.com\/en\/le-reseau-mesure-2\/\"  target=\"_self\">\n\t\t\t\t\t\t\tBecome a member\n\t\t\t\t\t<\/a>\n\t\t\t<a href=\"https:\/\/www.reseau-mesure.com\/en\/connexion\/\"  target=\"_self\">\n\t\t\t\t\t\t\tTo log in\n\t\t\t\t\t<\/a>\n<h2>\n\t\t\tNouveau logo, nouvelle identit\u00e9, m\u00eame ADN !\t<\/h2>\n\t\t\t<a href=\"https:\/\/www.reseau-mesure.com\/en\/nouveau-logo\/\"  target=\"_self\">\n\t\t\t\t\t\t\tLearn more\n\t\t\t\t\t<\/a>\n\t\t<h2>\n\t\t\tEvents to come\n\t\t<\/h2>\n            <!-- pagination here -->\n            <!-- the loop -->\n                        \n                            31<br \/>\n                            March\n                        \n                    <h2><a href=\"https:\/\/www.reseau-mesure.com\/en\/evenements\/techday-aste-liebherr-aerospace-2026\/\">Tech&rsquo;Day ASTE &#8211; Liebherr-Aerospace Toulouse<\/a><\/h2>\n                        <p>Congr\u00e8s Journ\u00e9es des Essais et de la Simulation &#8211; ASTELAB 2026 &#8211; les 1 et 2 juillet 2026 &#8211; au CETIM de SENLIS (60)<\/p>\nShare on :<a aria-label=\"Facebook\" href=\"https:\/\/www.facebook.com\/sharer\/sharer.php?u=https%3A%2F%2Fwww.reseau-mesure.com%2F%3Ffl_builder\" title=\"Facebook\" rel=\"nofollow noopener\" target=\"_blank\"><\/a><a aria-label=\"Linkedin\" href=\"https:\/\/www.linkedin.com\/sharing\/share-offsite\/?url=https%3A%2F%2Fwww.reseau-mesure.com%2F%3Ffl_builder\" title=\"Linkedin\" rel=\"nofollow noopener\" target=\"_blank\"><\/a><a aria-label=\"Twitter\" href=\"https:\/\/twitter.com\/intent\/tweet?text=Tech%27Day%20ASTE%20-%20Liebherr-Aerospace%20Toulouse&#038;url=https%3A%2F%2Fwww.reseau-mesure.com%2F%3Ffl_builder\" title=\"Twitter\" rel=\"nofollow noopener\" target=\"_blank\"><\/a>                    \n                        \n                            31<br \/>\n                            March\n                        \n                    <h2><a href=\"https:\/\/www.reseau-mesure.com\/en\/evenements\/%f0%9f%91%a8%f0%9f%8f%bb%f0%9f%8e%93formation-manager-une-equipe-mars-2026\/\">\ud83d\udc68\ud83c\udffb\u200d\ud83c\udf93Formation Manager une \u00e9quipe | 31 mars et 1er avril 2026 |<\/a><\/h2>\n                        <p>\u00ab MANAGER UNE EQUIPE\u00a0 \u00bb Passage du TEST DISC 4 colors\u00a0 et\u00a0 debriefing individuel 1h30 en visio + Une formation interactive sur 2 jours Date: 31 mars et 1er avril 2026 Lieu de la formation : Cergy Pontoise 95 \ud83d\udea9Identifier son style d&rsquo;autorit\u00e9 et r\u00e9fl\u00e9chir \u00e0 ses pratiques d&rsquo;animation \u00a0dans un cadre de son pouvoir&hellip;<\/p>\nShare on :<a aria-label=\"Facebook\" href=\"https:\/\/www.facebook.com\/sharer\/sharer.php?u=https%3A%2F%2Fwww.reseau-mesure.com%2F%3Ffl_builder\" title=\"Facebook\" rel=\"nofollow noopener\" target=\"_blank\"><\/a><a aria-label=\"Linkedin\" href=\"https:\/\/www.linkedin.com\/sharing\/share-offsite\/?url=https%3A%2F%2Fwww.reseau-mesure.com%2F%3Ffl_builder\" title=\"Linkedin\" rel=\"nofollow noopener\" target=\"_blank\"><\/a><a aria-label=\"Twitter\" href=\"https:\/\/twitter.com\/intent\/tweet?text=%F0%9F%91%A8%F0%9F%8F%BB%E2%80%8D%F0%9F%8E%93Formation%20Manager%20une%20%C3%A9quipe%20%7C%2031%20mars%20et%201er%20avril%202026%20%7C&#038;url=https%3A%2F%2Fwww.reseau-mesure.com%2F%3Ffl_builder\" title=\"Twitter\" rel=\"nofollow noopener\" target=\"_blank\"><\/a>                    \n                        \n                            2<br \/>\n                            April\n                        \n                    <h2><a href=\"https:\/\/www.reseau-mesure.com\/en\/evenements\/les-petits-dejeuners-visio-du-rm-04-2026\/\">\ud83c\udf75Les Petits d\u00e9jeuners-visio du RM | 2 avril 2026<\/a><\/h2>\n                        <p>45 min pour vous pr\u00e9senter les actualit\u00e9s du R\u00e9seau Mesure des 3 prochains mois Rencontres &#8211; Formations &#8211; Ateliers &#8211; Salons et d\u00e9couvrir un a<\/p>\nShare on :<a aria-label=\"Facebook\" href=\"https:\/\/www.facebook.com\/sharer\/sharer.php?u=https%3A%2F%2Fwww.reseau-mesure.com%2F%3Ffl_builder\" title=\"Facebook\" rel=\"nofollow noopener\" target=\"_blank\"><\/a><a aria-label=\"Linkedin\" href=\"https:\/\/www.linkedin.com\/sharing\/share-offsite\/?url=https%3A%2F%2Fwww.reseau-mesure.com%2F%3Ffl_builder\" title=\"Linkedin\" rel=\"nofollow noopener\" target=\"_blank\"><\/a><a aria-label=\"Twitter\" href=\"https:\/\/twitter.com\/intent\/tweet?text=%F0%9F%8D%B5Les%20Petits%20d%C3%A9jeuners-visio%20du%20RM%20%7C%202%20avril%202026&#038;url=https%3A%2F%2Fwww.reseau-mesure.com%2F%3Ffl_builder\" title=\"Twitter\" rel=\"nofollow noopener\" target=\"_blank\"><\/a>                    \n            <!-- end of the loop -->\n\t\t\t<a href=\"https:\/\/www.reseau-mesure.com\/en\/evenements\/\"  target=\"_self\">\n\t\t\t\t\t\t\tView all events\n\t\t\t\t\t<\/a>\n\t\t<h2>\n\t\t\tThe latest news\n\t\t<\/h2>\n\t\t\t<a href=\"https:\/\/www.reseau-mesure.com\/en\/actualites\/\"  target=\"_self\">\n\t\t\t\t\t\t\tSee all the news\n\t\t\t\t\t<\/a>\n\t<h3><strong>A network for its members, through its members<\/strong><\/h3>\n<h2>\n\t\t\tGoals :\t<\/h2>\n\t\t\t <p>Promote the development of its members<\/p>\t\t\n\t\t\t <p>Implement the actions requested by our members<\/p>\t\t\n\t\t<meta itemprop=\"url\" content=\"https:\/\/www.reseau-mesure.com\/wp-content\/uploads\/2019\/02\/Reseau_Mesure.mp4\" \/><div style=\"width: 640px;\" class=\"wp-video\"><video class=\"wp-video-shortcode\" id=\"video-13340-1\" width=\"640\" height=\"360\" poster=\"https:\/\/www.reseau-mesure.com\/wp-content\/uploads\/2021\/03\/vignette-video_1-min-1024x572.png\" preload=\"none\" controls=\"controls\"><source type=\"video\/mp4\" src=\"https:\/\/www.reseau-mesure.com\/wp-content\/uploads\/2019\/02\/Reseau_Mesure.mp4?_=1\" \/><source type=\"video\/mp4\" src=\"https:\/\/www.reseau-mesure.com\/wp-content\/uploads\/2019\/02\/Reseau_Mesure.mp4?_=1\" \/><a href=\"https:\/\/www.reseau-mesure.com\/wp-content\/uploads\/2019\/02\/Reseau_Mesure.mp4\">https:\/\/www.reseau-mesure.com\/wp-content\/uploads\/2019\/02\/Reseau_Mesure.mp4<\/a><\/video><\/div>\t\n\t<p><a href=\"https:\/\/www.youtube.com\/channel\/UCxxRzjrsuqn4zMPC4aRFHjg\/videos\" target=\"_blank\" rel=\"noopener\">Follow us on youtube<\/a><\/p>\n\t\t\t<a href=\"https:\/\/www.reseau-mesure.com\/en\/le-reseau-mesure-2\/\"  target=\"_self\">\n\t\t\t\t\t\t\tLearn more\n\t\t\t\t\t<\/a>\n\t<p>Le R\u00e9seau Mesure est une association cr\u00e9\u00e9e en 2002 sous le nom RMVO par 5 chefs d&rsquo;entreprise. Laur\u00e9at de la s\u00e9lection nationale \u00ab Grappe d&rsquo;entreprises \u00bb en 2010, le R\u00e9seau Mesure compte \u00e0 ce jour plus de 240 entreprises adh\u00e9rentes dans les domaines de la mesure, du contr\u00f4le, de l&rsquo;\u00e9talonnage et de l&rsquo;instrumentation. Son objectif, aider au d\u00e9veloppement des soci\u00e9t\u00e9s adh\u00e9rentes en :<\/p>\n<ul>\n<li>Providing a pooled service offering;<\/li>\n<li>Providing collective solutions with added value;<\/li>\n<li>Promoting the know-how and skills of its members;<\/li>\n<li>Implementing value-creating synergies;<\/li>\n<li>Creating a source of additional savings for members through pooled actions managed by dedicated working groups.<\/li>\n<\/ul>\n<p>The working groups: purchasing, exhibitions, export, digital communication, physico-chemical analysis of water, market and business opportunities, road and business, general sales conditions. The Measuring Network operates based on two strong principles:<\/p>\n<ul>\n<li>Members propose actions<\/li>\n<li>The Measurement Network, if it brings added value, implements them in a collective framework.<\/li>\n<\/ul>\n<p>The action plan is built by the member companies of the network and is structured around two priority areas:<\/p>\n<ul>\n<li>An additional source of savings for members through pooled actions managed by dedicated working groups.<\/li>\n<li>The implementation of value-creating synergies.<\/li>\n<\/ul>\n\t\t<h2>\n\t\t\tUseful links\n\t\t<\/h2>\n\t\t\t <p><a href=\"https:\/\/www.reseau-mesure.com\/wp-content\/uploads\/2023\/03\/Les-metiers-de-la-mesure-2022-2.pptx\">Measurement professions<\/a><\/p>\t\t\n\t\t\t <p><a href=\"https:\/\/www.pui-cy-transfer.fr\/\">Le R\u00e9seau Mesure, partenaire du PUI CY TRANSFER<\/a><\/p>\t\t\n\t\t\t <p><a href=\"https:\/\/www.reseau-mesure.com\/en\/livre-les-savoir-faire-du-reseau-mesure-volume-1\/\" target=\"_blank\" rel=\"noopener\">Download the know-how of the Measuring Network (volume 1)<\/a><\/p>\t\t\n\t\t\t <p><a href=\"https:\/\/www.reseau-mesure.com\/en\/communication\/\" data-wplink-edit=\"true\">Discover the communication plan reserved for members of the Measurement Network<\/a><\/p>\t\t\n\t\t\t <p><a href=\"https:\/\/www.reseau-mesure.com\/en\/offres\/\">Consult the job offers of members of the Measurement Network<\/a><\/p>\t\t\n\t\t\t <p><a href=\"https:\/\/www.reseau-mesure.com\/en\/evenements\/\">To your agendas!<\/a><\/p>\t\t\n\t<p>The Measurement Network is waiting for you in order to make you benefit from its advantages, its relationships, its dynamism, its know-how, and its interpersonal skills.<\/p>\n\t\t\t <p><a href=\"https:\/\/www.reseau-mesure.com\/en\/pourquoi-adherer\/\" target=\"_blank\" rel=\"noopener\">Why join us?<\/a><\/p>\t\t\n\t\t\t <p><a href=\"https:\/\/www.reseau-mesure.com\/en\/comment-adherer\/\" target=\"_blank\" rel=\"noopener\">How to become a member<\/a><\/p>\t\t\n\t\t\t <p><a href=\"https:\/\/www.reseau-mesure.com\/en\/evolution-du-reseau\/\" target=\"_blank\" rel=\"noopener\">The evolution of the Measurement Network<\/a><\/p>\t\t\n\t<p>Being a member of the Measurement Network means participating in common actions:<\/p>\n\t\t\t <p><a href=\"https:\/\/www.reseau-mesure.com\/en\/des-groupes-de-travail\/\" target=\"_blank\" rel=\"noopener\">Workgroups<\/a><\/p>\t\t\n\t\t\t <p><a href=\"https:\/\/www.reseau-mesure.com\/en\/la-formation-rm\/\" target=\"_blank\" rel=\"noopener\">Training<\/a><\/p>\t\t\n\t\t\t <p><a href=\"https:\/\/www.reseau-mesure.com\/en\/opportunites-marches-et-entreprises\/\" target=\"_blank\" rel=\"noopener\">Development opportunities<\/a><\/p>\t\t\n\t\t\t <p><a href=\"https:\/\/www.reseau-mesure.com\/en\/salons\/\" target=\"_blank\" rel=\"noopener\">Trade fairs<\/a><\/p>\t\t\n\t\t\t <p><a href=\"https:\/\/www.reseau-mesure.com\/en\/achats-mutualises\/\" target=\"_blank\" rel=\"noopener\">Pooled purchasing<\/a><\/p>\t\t\n\t\t\t <p><a href=\"https:\/\/www.reseau-mesure.com\/en\/evenements\/\" target=\"_blank\" rel=\"noopener\">The latest information<\/a><\/p>\t\t\n\t\t\t <p><a href=\"https:\/\/www.reseau-mesure.com\/en\/#membres\" target=\"_blank\" rel=\"noopener\">A large network<\/a><\/p>\t\t\n\t<p><a href=\"https:\/\/www.reseau-mesure.com\/en\/actions\/\" target=\"_blank\" rel=\"noopener\">Discover all our actions<\/a><\/p>\n\t\t<h2>\n\t\t\tContact us\n\t\t<\/h2>\n\tc \/ o CCI VAL D&#039;OISE<br \/>\n35 Bld du Port - Cap Cergy<br \/>\nBuilding, C1 - CS 20209 95031 CERGY PONTOISE Cedex\n\t<p>09 54 64 45 56<\/p>\n\t\t<h2>\n\t\t\tOur members\n\t\t<\/h2>\n    <p>Find all the member companies of the Measurement Network<\/p>\n    <p>&#8211;  &#8211;<\/p>\n  <a href=\"https:\/\/www.reseau-mesure.com\/en\/adherent\/xl-techniques\/\"><img decoding=\"async\" src=\"https:\/\/www.reseau-mesure.com\/wp-content\/uploads\/2025\/12\/XL-TECHNIQUES.jpeg.png\" alt=\"\" \/><\/a>\n  <a href=\"https:\/\/www.reseau-mesure.com\/en\/adherent\/werth-messtechnik-france\/\"><img decoding=\"async\" src=\"https:\/\/www.reseau-mesure.com\/wp-content\/uploads\/2021\/12\/WERTH.png\" alt=\"\" \/><\/a>\n  <a href=\"https:\/\/www.reseau-mesure.com\/en\/adherent\/insidix-sas\/\"><img decoding=\"async\" src=\"https:\/\/www.reseau-mesure.com\/wp-content\/uploads\/2018\/06\/INSIDIX.png\" alt=\"\" \/><\/a>\n  <a href=\"https:\/\/www.reseau-mesure.com\/en\/adherent\/ecomesure\/\"><img decoding=\"async\" src=\"https:\/\/www.reseau-mesure.com\/wp-content\/uploads\/2018\/02\/ecomesure@2x.png\" alt=\"\" \/><\/a>\n  <a href=\"https:\/\/www.reseau-mesure.com\/en\/adherent\/trescal\/\"><img decoding=\"async\" src=\"https:\/\/www.reseau-mesure.com\/wp-content\/uploads\/2020\/01\/LOGO-TRESCAL_FR_ONE-LINE_REFERENCE.png\" alt=\"\" \/><\/a>\n  <a href=\"https:\/\/www.reseau-mesure.com\/en\/adherent\/haziel\/\"><img decoding=\"async\" src=\"https:\/\/www.reseau-mesure.com\/wp-content\/uploads\/2018\/06\/logo-haziel.png\" alt=\"\" \/><\/a>\n  <a href=\"https:\/\/www.reseau-mesure.com\/en\/adherent\/ametek-sas-division-creaform\/\"><img decoding=\"async\" src=\"https:\/\/www.reseau-mesure.com\/wp-content\/uploads\/2025\/10\/Creaform-AMETEK_logos-Vertical_RGB.jpg\" alt=\"\" \/><\/a>\n  <a href=\"https:\/\/www.reseau-mesure.com\/en\/adherent\/reseau-mesure\/\"><img decoding=\"async\" src=\"https:\/\/www.reseau-mesure.com\/wp-content\/uploads\/2023\/02\/logo-20-ans-scaled.jpg\" alt=\"\" \/><\/a>","protected":false},"excerpt":{"rendered":"<p>Le R\u00e9seau des Sp\u00e9cialistes de la Mesure Trouver un sp\u00e9cialiste Que cherchez-vous ? Soumettre un projet Devenir membre Se connecter Nouveau logo, nouvelle identit\u00e9, m\u00eame ADN ! En savoir plus \u00e9v\u00e8nements \u00e0 venir 31 mars Tech&rsquo;Day ASTE &#8211; Liebherr-Aerospace Toulouse Congr\u00e8s Journ\u00e9es des Essais et de la Simulation &#8211; ASTELAB 2026 &#8211; les 1 et&hellip;<\/p>","protected":false},"author":685,"featured_media":0,"parent":0,"menu_order":0,"comment_status":"closed","ping_status":"closed","template":"","meta":{"_acf_changed":false,"footnotes":""},"class_list":["post-13340","page","type-page","status-publish","hentry"],"acf":[],"yoast_head":"<!-- This site is optimized with the Yoast SEO plugin v27.4 - https:\/\/yoast.com\/product\/yoast-seo-wordpress\/ -->\n<title>Page d&#039;accueil - R\u00e9seau Mesure<\/title>\n<meta name=\"robots\" content=\"index, follow, max-snippet:-1, max-image-preview:large, max-video-preview:-1\" \/>\n<link rel=\"canonical\" href=\"https:\/\/www.reseau-mesure.com\/en\/\" \/>\n<meta property=\"og:locale\" content=\"en_US\" \/>\n<meta property=\"og:type\" content=\"article\" \/>\n<meta property=\"og:title\" content=\"Page d&#039;accueil - R\u00e9seau Mesure\" \/>\n<meta property=\"og:description\" content=\"Le R\u00e9seau des Sp\u00e9cialistes de la Mesure Trouver un sp\u00e9cialiste Que cherchez-vous ? Soumettre un projet Devenir membre Se connecter Nouveau logo, nouvelle identit\u00e9, m\u00eame ADN ! En savoir plus \u00e9v\u00e8nements \u00e0 venir 31 mars Tech&rsquo;Day ASTE &#8211; Liebherr-Aerospace Toulouse Congr\u00e8s Journ\u00e9es des Essais et de la Simulation &#8211; ASTELAB 2026 &#8211; les 1 et&hellip;\" \/>\n<meta property=\"og:url\" content=\"https:\/\/www.reseau-mesure.com\/en\/\" \/>\n<meta property=\"og:site_name\" content=\"R\u00e9seau Mesure\" \/>\n<meta property=\"article:publisher\" content=\"https:\/\/www.facebook.com\/reseaumesure\/\" \/>\n<meta property=\"article:modified_time\" content=\"2026-03-31T14:05:35+00:00\" \/>\n<meta property=\"og:image\" content=\"https:\/\/www.reseau-mesure.com\/wp-content\/uploads\/2026\/03\/logo_rm_2026-300x224.png\" \/>\n<meta name=\"twitter:card\" content=\"summary_large_image\" \/>\n<meta name=\"twitter:site\" content=\"@ReseauMesure\" \/>\n<meta name=\"twitter:label1\" content=\"Est. reading time\" \/>\n\t<meta name=\"twitter:data1\" content=\"8 minutes\" \/>\n<script type=\"application\/ld+json\" class=\"yoast-schema-graph\">{\"@context\":\"https:\\\/\\\/schema.org\",\"@graph\":[{\"@type\":\"WebPage\",\"@id\":\"https:\\\/\\\/www.reseau-mesure.com\\\/\",\"url\":\"https:\\\/\\\/www.reseau-mesure.com\\\/\",\"name\":\"Page d'accueil - R\u00e9seau Mesure\",\"isPartOf\":{\"@id\":\"https:\\\/\\\/www.reseau-mesure.com\\\/#website\"},\"primaryImageOfPage\":{\"@id\":\"https:\\\/\\\/www.reseau-mesure.com\\\/#primaryimage\"},\"image\":{\"@id\":\"https:\\\/\\\/www.reseau-mesure.com\\\/#primaryimage\"},\"thumbnailUrl\":\"https:\\\/\\\/www.reseau-mesure.com\\\/wp-content\\\/uploads\\\/2026\\\/03\\\/logo_rm_2026-300x224.png\",\"datePublished\":\"2021-03-25T07:52:15+00:00\",\"dateModified\":\"2026-03-31T14:05:35+00:00\",\"breadcrumb\":{\"@id\":\"https:\\\/\\\/www.reseau-mesure.com\\\/#breadcrumb\"},\"inLanguage\":\"en-US\",\"potentialAction\":[{\"@type\":\"ReadAction\",\"target\":[\"https:\\\/\\\/www.reseau-mesure.com\\\/\"]}]},{\"@type\":\"ImageObject\",\"inLanguage\":\"en-US\",\"@id\":\"https:\\\/\\\/www.reseau-mesure.com\\\/#primaryimage\",\"url\":\"https:\\\/\\\/www.reseau-mesure.com\\\/wp-content\\\/uploads\\\/2026\\\/03\\\/logo_rm_2026-300x224.png\",\"contentUrl\":\"https:\\\/\\\/www.reseau-mesure.com\\\/wp-content\\\/uploads\\\/2026\\\/03\\\/logo_rm_2026-300x224.png\"},{\"@type\":\"BreadcrumbList\",\"@id\":\"https:\\\/\\\/www.reseau-mesure.com\\\/#breadcrumb\",\"itemListElement\":[{\"@type\":\"ListItem\",\"position\":1,\"name\":\"Accueil\",\"item\":\"https:\\\/\\\/www.reseau-mesure.com\\\/\"},{\"@type\":\"ListItem\",\"position\":2,\"name\":\"Page d&rsquo;accueil\"}]},{\"@type\":\"WebSite\",\"@id\":\"https:\\\/\\\/www.reseau-mesure.com\\\/#website\",\"url\":\"https:\\\/\\\/www.reseau-mesure.com\\\/\",\"name\":\"R\u00e9seau-Mesure\",\"description\":\"R\u00e9seau Mesure\",\"publisher\":{\"@id\":\"https:\\\/\\\/www.reseau-mesure.com\\\/#organization\"},\"potentialAction\":[{\"@type\":\"SearchAction\",\"target\":{\"@type\":\"EntryPoint\",\"urlTemplate\":\"https:\\\/\\\/www.reseau-mesure.com\\\/?s={search_term_string}\"},\"query-input\":{\"@type\":\"PropertyValueSpecification\",\"valueRequired\":true,\"valueName\":\"search_term_string\"}}],\"inLanguage\":\"en-US\"},{\"@type\":\"Organization\",\"@id\":\"https:\\\/\\\/www.reseau-mesure.com\\\/#organization\",\"name\":\"R\u00e9seau-Mesure\",\"url\":\"https:\\\/\\\/www.reseau-mesure.com\\\/\",\"logo\":{\"@type\":\"ImageObject\",\"inLanguage\":\"en-US\",\"@id\":\"https:\\\/\\\/www.reseau-mesure.com\\\/#\\\/schema\\\/logo\\\/image\\\/\",\"url\":\"https:\\\/\\\/www.reseau-mesure.com\\\/wp-content\\\/uploads\\\/2018\\\/02\\\/logo-max.png\",\"contentUrl\":\"https:\\\/\\\/www.reseau-mesure.com\\\/wp-content\\\/uploads\\\/2018\\\/02\\\/logo-max.png\",\"width\":545,\"height\":285,\"caption\":\"R\u00e9seau-Mesure\"},\"image\":{\"@id\":\"https:\\\/\\\/www.reseau-mesure.com\\\/#\\\/schema\\\/logo\\\/image\\\/\"},\"sameAs\":[\"https:\\\/\\\/www.facebook.com\\\/reseaumesure\\\/\",\"https:\\\/\\\/x.com\\\/ReseauMesure\",\"https:\\\/\\\/www.linkedin.com\\\/company\\\/reseau-mesure\\\/\"]}]}<\/script>\n<!-- \/ Yoast SEO plugin. -->","yoast_head_json":{"title":"Page d'accueil - R\u00e9seau Mesure","robots":{"index":"index","follow":"follow","max-snippet":"max-snippet:-1","max-image-preview":"max-image-preview:large","max-video-preview":"max-video-preview:-1"},"canonical":"https:\/\/www.reseau-mesure.com\/en\/","og_locale":"en_US","og_type":"article","og_title":"Page d'accueil - R\u00e9seau Mesure","og_description":"Le R\u00e9seau des Sp\u00e9cialistes de la Mesure Trouver un sp\u00e9cialiste Que cherchez-vous ? Soumettre un projet Devenir membre Se connecter Nouveau logo, nouvelle identit\u00e9, m\u00eame ADN ! En savoir plus \u00e9v\u00e8nements \u00e0 venir 31 mars Tech&rsquo;Day ASTE &#8211; Liebherr-Aerospace Toulouse Congr\u00e8s Journ\u00e9es des Essais et de la Simulation &#8211; ASTELAB 2026 &#8211; les 1 et&hellip;","og_url":"https:\/\/www.reseau-mesure.com\/en\/","og_site_name":"R\u00e9seau Mesure","article_publisher":"https:\/\/www.facebook.com\/reseaumesure\/","article_modified_time":"2026-03-31T14:05:35+00:00","og_image":[{"url":"https:\/\/www.reseau-mesure.com\/wp-content\/uploads\/2026\/03\/logo_rm_2026-300x224.png","type":"","width":"","height":""}],"twitter_card":"summary_large_image","twitter_site":"@ReseauMesure","twitter_misc":{"Est. reading time":"8 minutes"},"schema":{"@context":"https:\/\/schema.org","@graph":[{"@type":"WebPage","@id":"https:\/\/www.reseau-mesure.com\/","url":"https:\/\/www.reseau-mesure.com\/","name":"Page d'accueil - R\u00e9seau Mesure","isPartOf":{"@id":"https:\/\/www.reseau-mesure.com\/#website"},"primaryImageOfPage":{"@id":"https:\/\/www.reseau-mesure.com\/#primaryimage"},"image":{"@id":"https:\/\/www.reseau-mesure.com\/#primaryimage"},"thumbnailUrl":"https:\/\/www.reseau-mesure.com\/wp-content\/uploads\/2026\/03\/logo_rm_2026-300x224.png","datePublished":"2021-03-25T07:52:15+00:00","dateModified":"2026-03-31T14:05:35+00:00","breadcrumb":{"@id":"https:\/\/www.reseau-mesure.com\/#breadcrumb"},"inLanguage":"en-US","potentialAction":[{"@type":"ReadAction","target":["https:\/\/www.reseau-mesure.com\/"]}]},{"@type":"ImageObject","inLanguage":"en-US","@id":"https:\/\/www.reseau-mesure.com\/#primaryimage","url":"https:\/\/www.reseau-mesure.com\/wp-content\/uploads\/2026\/03\/logo_rm_2026-300x224.png","contentUrl":"https:\/\/www.reseau-mesure.com\/wp-content\/uploads\/2026\/03\/logo_rm_2026-300x224.png"},{"@type":"BreadcrumbList","@id":"https:\/\/www.reseau-mesure.com\/#breadcrumb","itemListElement":[{"@type":"ListItem","position":1,"name":"Accueil","item":"https:\/\/www.reseau-mesure.com\/"},{"@type":"ListItem","position":2,"name":"Page d&rsquo;accueil"}]},{"@type":"WebSite","@id":"https:\/\/www.reseau-mesure.com\/#website","url":"https:\/\/www.reseau-mesure.com\/","name":"R\u00e9seau-Mesure","description":"Network Measure","publisher":{"@id":"https:\/\/www.reseau-mesure.com\/#organization"},"potentialAction":[{"@type":"SearchAction","target":{"@type":"EntryPoint","urlTemplate":"https:\/\/www.reseau-mesure.com\/?s={search_term_string}"},"query-input":{"@type":"PropertyValueSpecification","valueRequired":true,"valueName":"search_term_string"}}],"inLanguage":"en-US"},{"@type":"Organization","@id":"https:\/\/www.reseau-mesure.com\/#organization","name":"R\u00e9seau-Mesure","url":"https:\/\/www.reseau-mesure.com\/","logo":{"@type":"ImageObject","inLanguage":"en-US","@id":"https:\/\/www.reseau-mesure.com\/#\/schema\/logo\/image\/","url":"https:\/\/www.reseau-mesure.com\/wp-content\/uploads\/2018\/02\/logo-max.png","contentUrl":"https:\/\/www.reseau-mesure.com\/wp-content\/uploads\/2018\/02\/logo-max.png","width":545,"height":285,"caption":"R\u00e9seau-Mesure"},"image":{"@id":"https:\/\/www.reseau-mesure.com\/#\/schema\/logo\/image\/"},"sameAs":["https:\/\/www.facebook.com\/reseaumesure\/","https:\/\/x.com\/ReseauMesure","https:\/\/www.linkedin.com\/company\/reseau-mesure\/"]}]}},"_links":{"self":[{"href":"https:\/\/www.reseau-mesure.com\/en\/wp-json\/wp\/v2\/pages\/13340","targetHints":{"allow":["GET"]}}],"collection":[{"href":"https:\/\/www.reseau-mesure.com\/en\/wp-json\/wp\/v2\/pages"}],"about":[{"href":"https:\/\/www.reseau-mesure.com\/en\/wp-json\/wp\/v2\/types\/page"}],"author":[{"embeddable":true,"href":"https:\/\/www.reseau-mesure.com\/en\/wp-json\/wp\/v2\/users\/685"}],"replies":[{"embeddable":true,"href":"https:\/\/www.reseau-mesure.com\/en\/wp-json\/wp\/v2\/comments?post=13340"}],"version-history":[{"count":6,"href":"https:\/\/www.reseau-mesure.com\/en\/wp-json\/wp\/v2\/pages\/13340\/revisions"}],"predecessor-version":[{"id":30492,"href":"https:\/\/www.reseau-mesure.com\/en\/wp-json\/wp\/v2\/pages\/13340\/revisions\/30492"}],"wp:attachment":[{"href":"https:\/\/www.reseau-mesure.com\/en\/wp-json\/wp\/v2\/media?parent=13340"}],"curies":[{"name":"wp","href":"https:\/\/api.w.org\/{rel}","templated":true}]}}