{"id":13409,"date":"2021-03-26T18:18:23","date_gmt":"2021-03-26T17:18:23","guid":{"rendered":"https:\/\/www.reseau-mesure.com\/?page_id=13409"},"modified":"2026-03-10T15:48:00","modified_gmt":"2026-03-10T14:48:00","slug":"actions","status":"publish","type":"page","link":"https:\/\/www.reseau-mesure.com\/en\/actions\/","title":{"rendered":"Actions | the Measurement Network"},"content":{"rendered":"<h1>\n\t\t\tThe actions\n\t\t<\/h1>\n<h2>\n\t\t\tThe implementation of value-creating synergies. A source of additional savings for members through pooled actions managed by dedicated working groups.\t<\/h2>\n\t\t<h2>\n\t\t\tDiscover the actions of the Measurement Network\n\t\t<\/h2>\n\t\t\t\t<a href=\"https:\/\/www.reseau-mesure.com\/en\/communication\/\">\n\t\t\t\t\t\n\t\t\t        <h3>Communication<\/h3>\n\t\t\t        <p>The Measurement Network allows you to amplify your communication with controlled budgets.<\/p>\n\t\t\t        Learn more\n\t\t\t    <\/a>\n\t\t\t\t<a href=\"https:\/\/www.reseau-mesure.com\/en\/salons\/\">\n\t\t\t\t\t\n\t\t\t        <h3>Trade fairs<\/h3>\n\t\t\t        <p>Do you want to increase your visibility at trade shows at optimized costs?<\/p>\n\t\t\t        Learn more\n\t\t\t    <\/a>\n\t\t\t\t<a href=\"https:\/\/www.reseau-mesure.com\/en\/opportunites-marches-et-entreprises\/\">\n\t\t\t\t\t\n\t\t\t        <h3>Market and Business opportunities<\/h3>\n\t\t\t        <p>The Measurement Network offers its members various development opportunities.<\/p>\n\t\t\t        Learn more\n\t\t\t    <\/a>\n\t\t\t\t<a href=\"https:\/\/www.reseau-mesure.com\/en\/achats-mutualises\/\">\n\t\t\t\t\t\n\t\t\t        <h3>Pooled purchasing<\/h3>\n\t\t\t        <p>A source of additional savings for members through pooled actions managed by dedicated working groups.<\/p>\n\t\t\t        Learn more\n\t\t\t    <\/a>\n\t\t\t\t<a href=\"https:\/\/www.reseau-mesure.com\/en\/la-formation-2022\/\">\n\t\t\t\t\t\n\t\t\t        <h3>Training<\/h3>\n\t\t\t        <p>Development is often linked to the quality of resources and the ability to adapt to a constantly changing environment.<\/p>\n\t\t\t        Learn more\n\t\t\t    <\/a>\n\t\t\t\t<a href=\"https:\/\/www.reseau-mesure.com\/en\/international\/\">\n\t\t\t\t\t\n\t\t\t        <h3>International<\/h3>\n\t\t\t        <p>The Measurement Network, a lever for export!<\/p>\n\t\t\t        Learn more\n\t\t\t    <\/a>\n\t\t\t\t<a href=\"https:\/\/www.reseau-mesure.com\/en\/securite-routiere-et-eco-conduite-2\/\">\n\t\t\t\t\t\n\t\t\t        <h3>Road Safety and Eco-driving<\/h3>\n\t\t\t        <p>Road Safety and Eco-Driving: new challenges for companies!<\/p>\n\t\t\t        Learn more\n\t\t\t    <\/a>\n\t\t\t<a href=\"https:\/\/www.reseau-mesure.com\/en\/evenements\/\" target=\"_self\">\n\t\t\t\t\t\t\tSee upcoming events\n\t\t\t\t\t<\/a>\n\t\t\t<a href=\"https:\/\/www.reseau-mesure.com\/en\/comment-adherer\/\" target=\"_self\">\n\t\t\t\t\t\t\tJoin the Measurement Network\n\t\t\t\t\t<\/a>","protected":false},"excerpt":{"rendered":"<p>Actions The implementation of value-creating synergies. A source of additional savings for members through pooled actions managed by dedicated working groups. Discover the actions of the Measurement Communication Network The Measurement Network allows you to amplify your communication with controlled budgets. Find out more Exhibitions You want to\u2026<\/p>","protected":false},"author":685,"featured_media":0,"parent":0,"menu_order":0,"comment_status":"closed","ping_status":"closed","template":"","meta":{"_acf_changed":false,"footnotes":""},"class_list":["post-13409","page","type-page","status-publish","hentry"],"acf":[],"yoast_head":"<!-- This site is optimized with the Yoast SEO plugin v27.4 - https:\/\/yoast.com\/product\/yoast-seo-wordpress\/ -->\n<title>Actions | le R\u00e9seau Mesure - R\u00e9seau Mesure<\/title>\n<meta name=\"description\" content=\"D\u00e9couvrez l&#039;ensemble des actions propos\u00e9s par le R\u00e9seau Mesure : Achats, commuications, salons, aide aux chef d&#039;entreprises\" \/>\n<meta name=\"robots\" content=\"index, follow, max-snippet:-1, max-image-preview:large, max-video-preview:-1\" \/>\n<link rel=\"canonical\" href=\"https:\/\/www.reseau-mesure.com\/en\/actions\/\" \/>\n<meta property=\"og:locale\" content=\"en_US\" \/>\n<meta property=\"og:type\" content=\"article\" \/>\n<meta property=\"og:title\" content=\"Actions | le R\u00e9seau Mesure - R\u00e9seau Mesure\" \/>\n<meta property=\"og:description\" content=\"D\u00e9couvrez l&#039;ensemble des actions propos\u00e9s par le R\u00e9seau Mesure : Achats, commuications, salons, aide aux chef d&#039;entreprises\" \/>\n<meta property=\"og:url\" content=\"https:\/\/www.reseau-mesure.com\/en\/actions\/\" \/>\n<meta property=\"og:site_name\" content=\"R\u00e9seau Mesure\" \/>\n<meta property=\"article:publisher\" content=\"https:\/\/www.facebook.com\/reseaumesure\/\" \/>\n<meta property=\"article:modified_time\" content=\"2026-03-10T14:48:00+00:00\" \/>\n<meta name=\"twitter:card\" content=\"summary_large_image\" \/>\n<meta name=\"twitter:site\" content=\"@ReseauMesure\" \/>\n<meta name=\"twitter:label1\" content=\"Est. reading time\" \/>\n\t<meta name=\"twitter:data1\" content=\"1 minute\" \/>\n<script type=\"application\/ld+json\" class=\"yoast-schema-graph\">{\"@context\":\"https:\\\/\\\/schema.org\",\"@graph\":[{\"@type\":\"WebPage\",\"@id\":\"https:\\\/\\\/www.reseau-mesure.com\\\/actions\\\/\",\"url\":\"https:\\\/\\\/www.reseau-mesure.com\\\/actions\\\/\",\"name\":\"Actions | le R\u00e9seau Mesure - R\u00e9seau Mesure\",\"isPartOf\":{\"@id\":\"https:\\\/\\\/www.reseau-mesure.com\\\/#website\"},\"datePublished\":\"2021-03-26T17:18:23+00:00\",\"dateModified\":\"2026-03-10T14:48:00+00:00\",\"description\":\"D\u00e9couvrez l'ensemble des actions propos\u00e9s par le R\u00e9seau Mesure : Achats, commuications, salons, aide aux chef d'entreprises\",\"breadcrumb\":{\"@id\":\"https:\\\/\\\/www.reseau-mesure.com\\\/actions\\\/#breadcrumb\"},\"inLanguage\":\"en-US\",\"potentialAction\":[{\"@type\":\"ReadAction\",\"target\":[\"https:\\\/\\\/www.reseau-mesure.com\\\/actions\\\/\"]}]},{\"@type\":\"BreadcrumbList\",\"@id\":\"https:\\\/\\\/www.reseau-mesure.com\\\/actions\\\/#breadcrumb\",\"itemListElement\":[{\"@type\":\"ListItem\",\"position\":1,\"name\":\"Accueil\",\"item\":\"https:\\\/\\\/www.reseau-mesure.com\\\/\"},{\"@type\":\"ListItem\",\"position\":2,\"name\":\"Actions | le R\u00e9seau Mesure\"}]},{\"@type\":\"WebSite\",\"@id\":\"https:\\\/\\\/www.reseau-mesure.com\\\/#website\",\"url\":\"https:\\\/\\\/www.reseau-mesure.com\\\/\",\"name\":\"R\u00e9seau-Mesure\",\"description\":\"R\u00e9seau Mesure\",\"publisher\":{\"@id\":\"https:\\\/\\\/www.reseau-mesure.com\\\/#organization\"},\"potentialAction\":[{\"@type\":\"SearchAction\",\"target\":{\"@type\":\"EntryPoint\",\"urlTemplate\":\"https:\\\/\\\/www.reseau-mesure.com\\\/?s={search_term_string}\"},\"query-input\":{\"@type\":\"PropertyValueSpecification\",\"valueRequired\":true,\"valueName\":\"search_term_string\"}}],\"inLanguage\":\"en-US\"},{\"@type\":\"Organization\",\"@id\":\"https:\\\/\\\/www.reseau-mesure.com\\\/#organization\",\"name\":\"R\u00e9seau-Mesure\",\"url\":\"https:\\\/\\\/www.reseau-mesure.com\\\/\",\"logo\":{\"@type\":\"ImageObject\",\"inLanguage\":\"en-US\",\"@id\":\"https:\\\/\\\/www.reseau-mesure.com\\\/#\\\/schema\\\/logo\\\/image\\\/\",\"url\":\"https:\\\/\\\/www.reseau-mesure.com\\\/wp-content\\\/uploads\\\/2018\\\/02\\\/logo-max.png\",\"contentUrl\":\"https:\\\/\\\/www.reseau-mesure.com\\\/wp-content\\\/uploads\\\/2018\\\/02\\\/logo-max.png\",\"width\":545,\"height\":285,\"caption\":\"R\u00e9seau-Mesure\"},\"image\":{\"@id\":\"https:\\\/\\\/www.reseau-mesure.com\\\/#\\\/schema\\\/logo\\\/image\\\/\"},\"sameAs\":[\"https:\\\/\\\/www.facebook.com\\\/reseaumesure\\\/\",\"https:\\\/\\\/x.com\\\/ReseauMesure\",\"https:\\\/\\\/www.linkedin.com\\\/company\\\/reseau-mesure\\\/\"]}]}<\/script>\n<!-- \/ Yoast SEO plugin. -->","yoast_head_json":{"title":"Actions | le R\u00e9seau Mesure - R\u00e9seau Mesure","description":"D\u00e9couvrez l'ensemble des actions propos\u00e9s par le R\u00e9seau Mesure : Achats, commuications, salons, aide aux chef d'entreprises","robots":{"index":"index","follow":"follow","max-snippet":"max-snippet:-1","max-image-preview":"max-image-preview:large","max-video-preview":"max-video-preview:-1"},"canonical":"https:\/\/www.reseau-mesure.com\/en\/actions\/","og_locale":"en_US","og_type":"article","og_title":"Actions | le R\u00e9seau Mesure - R\u00e9seau Mesure","og_description":"D\u00e9couvrez l'ensemble des actions propos\u00e9s par le R\u00e9seau Mesure : Achats, commuications, salons, aide aux chef d'entreprises","og_url":"https:\/\/www.reseau-mesure.com\/en\/actions\/","og_site_name":"R\u00e9seau Mesure","article_publisher":"https:\/\/www.facebook.com\/reseaumesure\/","article_modified_time":"2026-03-10T14:48:00+00:00","twitter_card":"summary_large_image","twitter_site":"@ReseauMesure","twitter_misc":{"Est. reading time":"1 minute"},"schema":{"@context":"https:\/\/schema.org","@graph":[{"@type":"WebPage","@id":"https:\/\/www.reseau-mesure.com\/actions\/","url":"https:\/\/www.reseau-mesure.com\/actions\/","name":"Actions | le R\u00e9seau Mesure - R\u00e9seau Mesure","isPartOf":{"@id":"https:\/\/www.reseau-mesure.com\/#website"},"datePublished":"2021-03-26T17:18:23+00:00","dateModified":"2026-03-10T14:48:00+00:00","description":"D\u00e9couvrez l'ensemble des actions propos\u00e9s par le R\u00e9seau Mesure : Achats, commuications, salons, aide aux chef d'entreprises","breadcrumb":{"@id":"https:\/\/www.reseau-mesure.com\/actions\/#breadcrumb"},"inLanguage":"en-US","potentialAction":[{"@type":"ReadAction","target":["https:\/\/www.reseau-mesure.com\/actions\/"]}]},{"@type":"BreadcrumbList","@id":"https:\/\/www.reseau-mesure.com\/actions\/#breadcrumb","itemListElement":[{"@type":"ListItem","position":1,"name":"Accueil","item":"https:\/\/www.reseau-mesure.com\/"},{"@type":"ListItem","position":2,"name":"Actions | le R\u00e9seau Mesure"}]},{"@type":"WebSite","@id":"https:\/\/www.reseau-mesure.com\/#website","url":"https:\/\/www.reseau-mesure.com\/","name":"R\u00e9seau-Mesure","description":"Network Measure","publisher":{"@id":"https:\/\/www.reseau-mesure.com\/#organization"},"potentialAction":[{"@type":"SearchAction","target":{"@type":"EntryPoint","urlTemplate":"https:\/\/www.reseau-mesure.com\/?s={search_term_string}"},"query-input":{"@type":"PropertyValueSpecification","valueRequired":true,"valueName":"search_term_string"}}],"inLanguage":"en-US"},{"@type":"Organization","@id":"https:\/\/www.reseau-mesure.com\/#organization","name":"R\u00e9seau-Mesure","url":"https:\/\/www.reseau-mesure.com\/","logo":{"@type":"ImageObject","inLanguage":"en-US","@id":"https:\/\/www.reseau-mesure.com\/#\/schema\/logo\/image\/","url":"https:\/\/www.reseau-mesure.com\/wp-content\/uploads\/2018\/02\/logo-max.png","contentUrl":"https:\/\/www.reseau-mesure.com\/wp-content\/uploads\/2018\/02\/logo-max.png","width":545,"height":285,"caption":"R\u00e9seau-Mesure"},"image":{"@id":"https:\/\/www.reseau-mesure.com\/#\/schema\/logo\/image\/"},"sameAs":["https:\/\/www.facebook.com\/reseaumesure\/","https:\/\/x.com\/ReseauMesure","https:\/\/www.linkedin.com\/company\/reseau-mesure\/"]}]}},"_links":{"self":[{"href":"https:\/\/www.reseau-mesure.com\/en\/wp-json\/wp\/v2\/pages\/13409","targetHints":{"allow":["GET"]}}],"collection":[{"href":"https:\/\/www.reseau-mesure.com\/en\/wp-json\/wp\/v2\/pages"}],"about":[{"href":"https:\/\/www.reseau-mesure.com\/en\/wp-json\/wp\/v2\/types\/page"}],"author":[{"embeddable":true,"href":"https:\/\/www.reseau-mesure.com\/en\/wp-json\/wp\/v2\/users\/685"}],"replies":[{"embeddable":true,"href":"https:\/\/www.reseau-mesure.com\/en\/wp-json\/wp\/v2\/comments?post=13409"}],"version-history":[{"count":1,"href":"https:\/\/www.reseau-mesure.com\/en\/wp-json\/wp\/v2\/pages\/13409\/revisions"}],"predecessor-version":[{"id":30282,"href":"https:\/\/www.reseau-mesure.com\/en\/wp-json\/wp\/v2\/pages\/13409\/revisions\/30282"}],"wp:attachment":[{"href":"https:\/\/www.reseau-mesure.com\/en\/wp-json\/wp\/v2\/media?parent=13409"}],"curies":[{"name":"wp","href":"https:\/\/api.w.org\/{rel}","templated":true}]}}