{"id":13500,"date":"2021-04-01T15:33:59","date_gmt":"2021-04-01T13:33:59","guid":{"rendered":"https:\/\/www.reseau-mesure.com\/?page_id=13500"},"modified":"2021-04-14T16:07:02","modified_gmt":"2021-04-14T14:07:02","slug":"reseau-mesure-express-15-avril-2021","status":"publish","type":"page","link":"https:\/\/www.reseau-mesure.com\/en\/reseau-mesure-express-15-avril-2021\/","title":{"rendered":"Express Measurement Network-20210415"},"content":{"rendered":"<img loading=\"lazy\" decoding=\"async\" src=\"https:\/\/www.reseau-mesure.com\/wp-content\/uploads\/2020\/07\/20ku.jpeg\" alt=\"R\u00e9seau Mesure Express\" itemprop=\"image\" height=\"300\" width=\"970\" title=\"Express Measurement Network Header\" onerror=\"this.style.display='none'\">\n<h1>\n\t\tR\u00e9seau Mesure Express April 15, 2021\n\t<\/h1>\n<h2>\n\t\t<a href=\"https:\/\/www.reseau-mesure.com\/en\/le-reseau-mesure-2\/\" title=\"15.04.2021\" target=\"_blank\" rel=\"noopener\">\n\t\t15.04.2021\n\t\t<\/a>\n\t<\/h2>\n\t<h3><strong>A network for its members, through its members<\/strong><\/h3>\n\t<p>R\u00e9seau Mesure Express April 15, 2021: Members can find the association&#039;s news in R\u00e9seau Mesure Express.<\/p>\n<h2>\n\t\t<a href=\"https:\/\/www.reseau-mesure.com\/en\/la-formation\/\" title=\"Take the turn of digitalization and amplify your business development\" target=\"_blank\" rel=\"noopener\">\n\t\tTake the turn of digitalization and amplify your business development\n\t\t<\/a>\n\t<\/h2>\n\t<h3>Growth is often linked to the quality of resources and the ability to adapt to an ever-changing environment.<\/h3>\n\t<h3><\/h3>\n<p>The Measurement Network, approved training center, labeled DataDock, offers members the opportunity to benefit from training at preferential rates<\/p>\n<p>&nbsp;<\/p>\n<ul>\n<li>\n<ul>\n<li><a href=\"https:\/\/www.reseau-mesure.com\/en\/formation-strategie-communication-digitale-en-ligne\/\">Linkedin: communicate - prospect - develop - retain<\/a><\/li>\n<li><a href=\"https:\/\/www.reseau-mesure.com\/en\/formation-strategie-communication-digitale-en-ligne\/\">The digital communication strategy: The basics, the keys to success<\/a><\/li>\n<li><a href=\"https:\/\/www.reseau-mesure.com\/en\/ecrire-sur-le-web\/\">Write on the web<\/a><\/li>\n<li><a href=\"https:\/\/www.reseau-mesure.com\/en\/formation-google-adwords\/\">Sponsored referencing with Google Ads for measurement trades. Levels 1 &amp; 2<\/a><\/li>\n<li>&#8230;.<\/li>\n<\/ul>\n<\/li>\n<\/ul>\n<p>&nbsp;<\/p>\n<ul>\n<li>The health crisis forces us to develop digital solutions that will strengthen the commercial efficiency of the teams: let&#039;s be ready!<\/li>\n<\/ul>\n\t\t\t\t<a href=\"https:\/\/www.reseau-mesure.com\/en\/la-formation\/\" target=\"_blank\" rel=\"noopener\" itemprop=\"url\">\n\t\t\t\t<img loading=\"lazy\" decoding=\"async\" src=\"https:\/\/www.reseau-mesure.com\/wp-content\/uploads\/2021\/02\/Wavy_Bus-40_Single-01-3-300x300.jpg\" alt=\"opportunite commerciale mesure de poussiere\" itemprop=\"image\" height=\"300\" width=\"300\" title=\"business opportunity dust measurement\" onerror=\"this.style.display='none'\">\n\t\t\t\t<\/a>\n\t\t\t<a href=\"mailto:confray@reseau-mesure.com\" target=\"_blank\" role=\"button\" rel=\"noopener\">\n\t\t\t\t\t\t\tI&#039;am interested)\n\t\t\t\t\t<\/a>\n<h2>\n\t\t<a href=\"https:\/\/www.reseau-mesure.com\/en\/numero-special-cem-mai-2021\/\" title=\"Take advantage of exclusive offers to be present on the special CEM issue\" target=\"_blank\" rel=\"noopener\">\n\t\tTake advantage of exclusive offers to be present on the special CEM issue\n\t\t<\/a>\n\t<\/h2>\n\t\t\t\t<a href=\"https:\/\/www.reseau-mesure.com\/en\/numero-special-cem-mai-2021\/\" target=\"_blank\" rel=\"noopener\" itemprop=\"url\">\n\t\t\t\t<img loading=\"lazy\" decoding=\"async\" src=\"https:\/\/www.reseau-mesure.com\/wp-content\/uploads\/2021\/03\/couvmse-1-scaled.jpg\" alt=\"num\u00e9ro sp\u00e9cial MSE\" itemprop=\"image\" height=\"2560\" width=\"1811\" title=\"MSE special issue\" onerror=\"this.style.display='none'\">\n\t\t\t\t<\/a>\n\t<h2><strong>Special number&nbsp;<\/strong>Measures Solutions<strong> EXPO <\/strong>with&nbsp;<strong>Controls Tests Measures <\/strong><strong>May 2021<\/strong><\/h2>\n<p>This edition will consist of:<\/p>\n<ul>\n<li><strong>technical content with the \u201cRDV de 9h30\u201d from November 2020 to April 2021 (free for speakers)&nbsp;<\/strong><\/li>\n<li><strong>and a market focus and advertising spaces open to all members<\/strong><\/li>\n<\/ul>\n<p>The Special Measure Solutions EXPO issue will be distributed in addition to the May 2021 issue of Controls and Measurements with an additional offer reserved for members of the Measurement Network in the form of packs:<\/p>\n<h3><strong>1 visual page + 1 advertising-editorial page: \u20ac 1,600 excl.<\/strong><br>\n<strong>1 half-page of visual + 1 half-page of editorial (on the same page): \u20ac 1,200 excl.<\/strong><\/h3>\n\n\n<p>A digital flip-through and downloadable version will also be freely accessible on the Contr\u00f4le Essais Measures website in exchange for contact details.<\/p>\n<p>The special issue of Measurements Solutions EXPO in May will also be broadcast at trade fairs dedicated to measuring the start of the September 2021 school year.<\/p>\n\n\n<h3><strong>The special issue Measures Solutions EXPO \u2013 SCHEDULE<\/strong><\/h3>\n\u25cf Broadcast with the number CEM 75: May 2021<br>\n\u25cf Editorial engagement deadline: April 9, 2021<br>\n\u25cf Advertising commitment deadline: April 16, 2021<br>\n\u25cf Submission of editorial elements: April 30, 2021<br>\n\u25cf Transmission of technical advertising elements: May 7, 2021\n\t\t\t<a href=\"mailto:eduflot@reseau-mesure.com\" target=\"_blank\" role=\"button\" rel=\"noopener\">\n\t\t\t\t\t\t\tA question ? Contact us!\n\t\t\t\t\t<\/a>\n<h2>\n\t\t<a href=\"https:\/\/www.reseau-mesure.com\/en\/communication\/\" title=\"Use the opportunities of the Measurement Network&#039;s media plan\" target=\"_blank\" rel=\"noopener\">\n\t\tUse the opportunities of the Measurement Network&#039;s media plan\n\t\t<\/a>\n\t<\/h2>\n\t<h2>The Measurement Network allows you to benefit from preferential rates and privileged communication opportunities<br>\nwith our 18 partners.<\/h2>\n\n<p>Our partners offer you special rates and <strong>free communication opportunities<\/strong> !<\/p>\n<p>You have questions about the <strong><a href=\"https:\/\/www.reseau-mesure.com\/wp-content\/uploads\/2021\/01\/PLAN-MEDIA-2021-RESEAU-MESURE.pdf\">media plan<\/a> <\/strong>?<\/p>\n\n<p>The next deadlines for the communication of your innovations in the spaces dedicated to members of the Measurement Network (free publications):<\/p>\n<ul>\n<li>CEM \u2013 April 23, 2021<\/li>\n<li>MEASURES \u2013 How to improve the energy efficiency of a production site? 3D Laser Scanners, an infinite field of applications \u2013 April 2021<\/li>\n<li>Axes Industries \u2013 May 25, 2021<\/li>\n<li>Le Monde de l&#039;Industrie \u2013 April and May issues \u2013 special issues dedicated to the world of measurement, sensors and vision<\/li>\n<li>PEI \u2013 Sensors and transmitters \u2013 Equipment for food processing June 1, 2021<\/li>\n<li>&#8230;.<\/li>\n<\/ul>\n\t\t\t<a href=\"https:\/\/www.reseau-mesure.com\/wp-content\/uploads\/2021\/01\/PLAN-MEDIA-2021-RESEAU-MESURE.pdf\" target=\"_blank\" role=\"button\" rel=\"noopener\">\n\t\t\t\t\t\t\tI read the 2021 media plan\n\t\t\t\t\t<\/a>\n\t\t\t\t<a href=\"https:\/\/www.reseau-mesure.com\/en\/communication\/\" target=\"_blank\" rel=\"noopener\" itemprop=\"url\">\n\t\t\t\t<img loading=\"lazy\" decoding=\"async\" src=\"https:\/\/www.reseau-mesure.com\/wp-content\/uploads\/2018\/01\/IMAGE-PARTENAIRES-PLAN-MEDIA.png\" alt=\"PARTENAIRES PLAN MEDIA\" itemprop=\"image\" height=\"745\" width=\"1034\" title=\"MEDIA PLAN PARTNERS\" onerror=\"this.style.display='none'\">\n\t\t\t\t<\/a>\n\t\t\t<a href=\"https:\/\/www.reseau-mesure.com\/en\/evenements\/\" target=\"_self\" role=\"button\" rel=\"noopener\">\n\t\t\t\t\t\t\tThe complete agenda of the Measurement Network\n\t\t\t\t\t<\/a>\n\t\t\t\t<img loading=\"lazy\" decoding=\"async\" src=\"https:\/\/www.reseau-mesure.com\/wp-content\/uploads\/2020\/08\/Plan-de-travail-3niveau.png\" alt=\"R\u00e9seau Mesure Express Actualites\" itemprop=\"image\" height=\"3665\" width=\"5520\" title=\"Express Measurement Network News\" onerror=\"this.style.display='none'\">\n\t\n\t<h3><\/h3>\n\n\n\u2713 Develop a feeling of belonging around a common challenge for your employees and your<br>\npartners<br>\n\u2713 Share a vision, motivate teams<br>\n\u2713 Promote your brand<br>\n\u2713 Maintain your relationships with your customers\n<blockquote><p>&gt;&gt;<a href=\"https:\/\/www.reseau-mesure.com\/wp-content\/uploads\/2021\/04\/partenariat-transat-JV-3.pdf\">Partnership file<\/a>&lt;&lt;&lt;<\/p><\/blockquote>\nThe Jacques Vabre transatlantic has brought together the best pairs of ocean racing since 1993.<br>\nDeparture from Le Havre on November 7, 2021 to reach Martinique. Promote the values of offshore racing in your company or in your group:<br>\n\u2713 Promote tenacity, resilience<br>\n\u2713 Encourage boldness<br>\n\u2713 Promote performance, surpassing oneself<br>\n\u2713 Strengthen team spirit<br>\n\u2713 Giving meaning, mobilizing around a common project<br>\n\u2713 Highlight a technological challenge, innovation and adventure\n\t<h2>R\u00e9seau Mesure Express: news about the association&#039;s action plan<\/h2>","protected":false},"excerpt":{"rendered":"<p>R\u00e9seau Mesure Express April 15, 2021 04\/15\/2021 A network for its members, through its members R\u00e9seau Mesure Express April 15, 2021: Members can find the latest news from the association in R\u00e9seau Mesure Express. Take the turn of digitalization and amplify your commercial development Growth is often linked to the quality of resources and\u2026<\/p>","protected":false},"author":685,"featured_media":0,"parent":0,"menu_order":0,"comment_status":"closed","ping_status":"closed","template":"","meta":{"_acf_changed":false,"footnotes":""},"class_list":["post-13500","page","type-page","status-publish","hentry"],"acf":[],"yoast_head":"<!-- This site is optimized with the Yoast SEO plugin v27.5 - https:\/\/yoast.com\/product\/yoast-seo-wordpress\/ -->\n<title>R\u00e9seau Mesure Express 15 avril 2021 - R\u00e9seau Mesure<\/title>\n<meta name=\"description\" content=\"R\u00e9seau Mesure Express 15 avril 2021 Prenez le tournant de la digitalisation et amplifiez votre d\u00e9veloppement commercial\" \/>\n<meta name=\"robots\" content=\"index, follow, max-snippet:-1, max-image-preview:large, max-video-preview:-1\" \/>\n<link rel=\"canonical\" href=\"https:\/\/www.reseau-mesure.com\/en\/reseau-mesure-express-15-avril-2021\/\" \/>\n<meta property=\"og:locale\" content=\"en_US\" \/>\n<meta property=\"og:type\" content=\"article\" \/>\n<meta property=\"og:title\" content=\"R\u00e9seau Mesure Express 15 avril 2021 - R\u00e9seau Mesure\" \/>\n<meta property=\"og:description\" content=\"R\u00e9seau Mesure Express 15 avril 2021 Prenez le tournant de la digitalisation et amplifiez votre d\u00e9veloppement commercial\" \/>\n<meta property=\"og:url\" content=\"https:\/\/www.reseau-mesure.com\/en\/reseau-mesure-express-15-avril-2021\/\" \/>\n<meta property=\"og:site_name\" content=\"R\u00e9seau Mesure\" \/>\n<meta property=\"article:publisher\" content=\"https:\/\/www.facebook.com\/reseaumesure\/\" \/>\n<meta property=\"article:modified_time\" content=\"2021-04-14T14:07:02+00:00\" \/>\n<meta property=\"og:image\" content=\"https:\/\/www.reseau-mesure.com\/wp-content\/uploads\/2020\/07\/20ku.jpeg\" \/>\n<meta name=\"twitter:card\" content=\"summary_large_image\" \/>\n<meta name=\"twitter:site\" content=\"@ReseauMesure\" \/>\n<meta name=\"twitter:label1\" content=\"Est. reading time\" \/>\n\t<meta name=\"twitter:data1\" content=\"4 minutes\" \/>\n<script type=\"application\/ld+json\" class=\"yoast-schema-graph\">{\"@context\":\"https:\\\/\\\/schema.org\",\"@graph\":[{\"@type\":\"WebPage\",\"@id\":\"https:\\\/\\\/www.reseau-mesure.com\\\/de\\\/reseau-mesure-express-15-avril-2021\\\/\",\"url\":\"https:\\\/\\\/www.reseau-mesure.com\\\/de\\\/reseau-mesure-express-15-avril-2021\\\/\",\"name\":\"R\u00e9seau Mesure Express 15 avril 2021 - R\u00e9seau Mesure\",\"isPartOf\":{\"@id\":\"https:\\\/\\\/www.reseau-mesure.com\\\/#website\"},\"primaryImageOfPage\":{\"@id\":\"https:\\\/\\\/www.reseau-mesure.com\\\/de\\\/reseau-mesure-express-15-avril-2021\\\/#primaryimage\"},\"image\":{\"@id\":\"https:\\\/\\\/www.reseau-mesure.com\\\/de\\\/reseau-mesure-express-15-avril-2021\\\/#primaryimage\"},\"thumbnailUrl\":\"https:\\\/\\\/www.reseau-mesure.com\\\/wp-content\\\/uploads\\\/2020\\\/07\\\/20ku.jpeg\",\"datePublished\":\"2021-04-01T13:33:59+00:00\",\"dateModified\":\"2021-04-14T14:07:02+00:00\",\"description\":\"R\u00e9seau Mesure Express 15 avril 2021 Prenez le tournant de la digitalisation et amplifiez votre d\u00e9veloppement commercial\",\"breadcrumb\":{\"@id\":\"https:\\\/\\\/www.reseau-mesure.com\\\/de\\\/reseau-mesure-express-15-avril-2021\\\/#breadcrumb\"},\"inLanguage\":\"en-US\",\"potentialAction\":[{\"@type\":\"ReadAction\",\"target\":[\"https:\\\/\\\/www.reseau-mesure.com\\\/de\\\/reseau-mesure-express-15-avril-2021\\\/\"]}]},{\"@type\":\"ImageObject\",\"inLanguage\":\"en-US\",\"@id\":\"https:\\\/\\\/www.reseau-mesure.com\\\/de\\\/reseau-mesure-express-15-avril-2021\\\/#primaryimage\",\"url\":\"https:\\\/\\\/www.reseau-mesure.com\\\/wp-content\\\/uploads\\\/2020\\\/07\\\/20ku.jpeg\",\"contentUrl\":\"https:\\\/\\\/www.reseau-mesure.com\\\/wp-content\\\/uploads\\\/2020\\\/07\\\/20ku.jpeg\"},{\"@type\":\"BreadcrumbList\",\"@id\":\"https:\\\/\\\/www.reseau-mesure.com\\\/de\\\/reseau-mesure-express-15-avril-2021\\\/#breadcrumb\",\"itemListElement\":[{\"@type\":\"ListItem\",\"position\":1,\"name\":\"Accueil\",\"item\":\"https:\\\/\\\/www.reseau-mesure.com\\\/\"},{\"@type\":\"ListItem\",\"position\":2,\"name\":\"R\u00e9seau Mesure Express-20210415\"}]},{\"@type\":\"WebSite\",\"@id\":\"https:\\\/\\\/www.reseau-mesure.com\\\/#website\",\"url\":\"https:\\\/\\\/www.reseau-mesure.com\\\/\",\"name\":\"R\u00e9seau-Mesure\",\"description\":\"R\u00e9seau Mesure\",\"publisher\":{\"@id\":\"https:\\\/\\\/www.reseau-mesure.com\\\/#organization\"},\"potentialAction\":[{\"@type\":\"SearchAction\",\"target\":{\"@type\":\"EntryPoint\",\"urlTemplate\":\"https:\\\/\\\/www.reseau-mesure.com\\\/?s={search_term_string}\"},\"query-input\":{\"@type\":\"PropertyValueSpecification\",\"valueRequired\":true,\"valueName\":\"search_term_string\"}}],\"inLanguage\":\"en-US\"},{\"@type\":\"Organization\",\"@id\":\"https:\\\/\\\/www.reseau-mesure.com\\\/#organization\",\"name\":\"R\u00e9seau-Mesure\",\"url\":\"https:\\\/\\\/www.reseau-mesure.com\\\/\",\"logo\":{\"@type\":\"ImageObject\",\"inLanguage\":\"en-US\",\"@id\":\"https:\\\/\\\/www.reseau-mesure.com\\\/#\\\/schema\\\/logo\\\/image\\\/\",\"url\":\"https:\\\/\\\/www.reseau-mesure.com\\\/wp-content\\\/uploads\\\/2018\\\/02\\\/logo-max.png\",\"contentUrl\":\"https:\\\/\\\/www.reseau-mesure.com\\\/wp-content\\\/uploads\\\/2018\\\/02\\\/logo-max.png\",\"width\":545,\"height\":285,\"caption\":\"R\u00e9seau-Mesure\"},\"image\":{\"@id\":\"https:\\\/\\\/www.reseau-mesure.com\\\/#\\\/schema\\\/logo\\\/image\\\/\"},\"sameAs\":[\"https:\\\/\\\/www.facebook.com\\\/reseaumesure\\\/\",\"https:\\\/\\\/x.com\\\/ReseauMesure\",\"https:\\\/\\\/www.linkedin.com\\\/company\\\/reseau-mesure\\\/\"]}]}<\/script>\n<!-- \/ Yoast SEO plugin. -->","yoast_head_json":{"title":"R\u00e9seau Mesure Express 15 avril 2021 - R\u00e9seau Mesure","description":"R\u00e9seau Mesure Express 15 avril 2021 Prenez le tournant de la digitalisation et amplifiez votre d\u00e9veloppement commercial","robots":{"index":"index","follow":"follow","max-snippet":"max-snippet:-1","max-image-preview":"max-image-preview:large","max-video-preview":"max-video-preview:-1"},"canonical":"https:\/\/www.reseau-mesure.com\/en\/reseau-mesure-express-15-avril-2021\/","og_locale":"en_US","og_type":"article","og_title":"R\u00e9seau Mesure Express 15 avril 2021 - R\u00e9seau Mesure","og_description":"R\u00e9seau Mesure Express 15 avril 2021 Prenez le tournant de la digitalisation et amplifiez votre d\u00e9veloppement commercial","og_url":"https:\/\/www.reseau-mesure.com\/en\/reseau-mesure-express-15-avril-2021\/","og_site_name":"R\u00e9seau Mesure","article_publisher":"https:\/\/www.facebook.com\/reseaumesure\/","article_modified_time":"2021-04-14T14:07:02+00:00","og_image":[{"url":"https:\/\/www.reseau-mesure.com\/wp-content\/uploads\/2020\/07\/20ku.jpeg","type":"","width":"","height":""}],"twitter_card":"summary_large_image","twitter_site":"@ReseauMesure","twitter_misc":{"Est. reading time":"4 minutes"},"schema":{"@context":"https:\/\/schema.org","@graph":[{"@type":"WebPage","@id":"https:\/\/www.reseau-mesure.com\/de\/reseau-mesure-express-15-avril-2021\/","url":"https:\/\/www.reseau-mesure.com\/de\/reseau-mesure-express-15-avril-2021\/","name":"R\u00e9seau Mesure Express 15 avril 2021 - R\u00e9seau Mesure","isPartOf":{"@id":"https:\/\/www.reseau-mesure.com\/#website"},"primaryImageOfPage":{"@id":"https:\/\/www.reseau-mesure.com\/de\/reseau-mesure-express-15-avril-2021\/#primaryimage"},"image":{"@id":"https:\/\/www.reseau-mesure.com\/de\/reseau-mesure-express-15-avril-2021\/#primaryimage"},"thumbnailUrl":"https:\/\/www.reseau-mesure.com\/wp-content\/uploads\/2020\/07\/20ku.jpeg","datePublished":"2021-04-01T13:33:59+00:00","dateModified":"2021-04-14T14:07:02+00:00","description":"R\u00e9seau Mesure Express 15 avril 2021 Prenez le tournant de la digitalisation et amplifiez votre d\u00e9veloppement commercial","breadcrumb":{"@id":"https:\/\/www.reseau-mesure.com\/de\/reseau-mesure-express-15-avril-2021\/#breadcrumb"},"inLanguage":"en-US","potentialAction":[{"@type":"ReadAction","target":["https:\/\/www.reseau-mesure.com\/de\/reseau-mesure-express-15-avril-2021\/"]}]},{"@type":"ImageObject","inLanguage":"en-US","@id":"https:\/\/www.reseau-mesure.com\/de\/reseau-mesure-express-15-avril-2021\/#primaryimage","url":"https:\/\/www.reseau-mesure.com\/wp-content\/uploads\/2020\/07\/20ku.jpeg","contentUrl":"https:\/\/www.reseau-mesure.com\/wp-content\/uploads\/2020\/07\/20ku.jpeg"},{"@type":"BreadcrumbList","@id":"https:\/\/www.reseau-mesure.com\/de\/reseau-mesure-express-15-avril-2021\/#breadcrumb","itemListElement":[{"@type":"ListItem","position":1,"name":"Accueil","item":"https:\/\/www.reseau-mesure.com\/"},{"@type":"ListItem","position":2,"name":"R\u00e9seau Mesure Express-20210415"}]},{"@type":"WebSite","@id":"https:\/\/www.reseau-mesure.com\/#website","url":"https:\/\/www.reseau-mesure.com\/","name":"R\u00e9seau-Mesure","description":"Network Measure","publisher":{"@id":"https:\/\/www.reseau-mesure.com\/#organization"},"potentialAction":[{"@type":"SearchAction","target":{"@type":"EntryPoint","urlTemplate":"https:\/\/www.reseau-mesure.com\/?s={search_term_string}"},"query-input":{"@type":"PropertyValueSpecification","valueRequired":true,"valueName":"search_term_string"}}],"inLanguage":"en-US"},{"@type":"Organization","@id":"https:\/\/www.reseau-mesure.com\/#organization","name":"R\u00e9seau-Mesure","url":"https:\/\/www.reseau-mesure.com\/","logo":{"@type":"ImageObject","inLanguage":"en-US","@id":"https:\/\/www.reseau-mesure.com\/#\/schema\/logo\/image\/","url":"https:\/\/www.reseau-mesure.com\/wp-content\/uploads\/2018\/02\/logo-max.png","contentUrl":"https:\/\/www.reseau-mesure.com\/wp-content\/uploads\/2018\/02\/logo-max.png","width":545,"height":285,"caption":"R\u00e9seau-Mesure"},"image":{"@id":"https:\/\/www.reseau-mesure.com\/#\/schema\/logo\/image\/"},"sameAs":["https:\/\/www.facebook.com\/reseaumesure\/","https:\/\/x.com\/ReseauMesure","https:\/\/www.linkedin.com\/company\/reseau-mesure\/"]}]}},"_links":{"self":[{"href":"https:\/\/www.reseau-mesure.com\/en\/wp-json\/wp\/v2\/pages\/13500","targetHints":{"allow":["GET"]}}],"collection":[{"href":"https:\/\/www.reseau-mesure.com\/en\/wp-json\/wp\/v2\/pages"}],"about":[{"href":"https:\/\/www.reseau-mesure.com\/en\/wp-json\/wp\/v2\/types\/page"}],"author":[{"embeddable":true,"href":"https:\/\/www.reseau-mesure.com\/en\/wp-json\/wp\/v2\/users\/685"}],"replies":[{"embeddable":true,"href":"https:\/\/www.reseau-mesure.com\/en\/wp-json\/wp\/v2\/comments?post=13500"}],"version-history":[{"count":0,"href":"https:\/\/www.reseau-mesure.com\/en\/wp-json\/wp\/v2\/pages\/13500\/revisions"}],"wp:attachment":[{"href":"https:\/\/www.reseau-mesure.com\/en\/wp-json\/wp\/v2\/media?parent=13500"}],"curies":[{"name":"wp","href":"https:\/\/api.w.org\/{rel}","templated":true}]}}