{"id":13691,"date":"2021-04-21T16:00:19","date_gmt":"2021-04-21T14:00:19","guid":{"rendered":"https:\/\/www.reseau-mesure.com\/?page_id=13691"},"modified":"2021-04-21T16:23:57","modified_gmt":"2021-04-21T14:23:57","slug":"partenariat-avec-lalgerie","status":"publish","type":"page","link":"https:\/\/www.reseau-mesure.com\/en\/partenariat-avec-lalgerie\/","title":{"rendered":"Partnership with Algeria"},"content":{"rendered":"<img loading=\"lazy\" decoding=\"async\" src=\"https:\/\/www.reseau-mesure.com\/wp-content\/uploads\/2021\/04\/dev-commercial-1-300x300.jpg\" alt=\"Partenariat avec l'Alg\u00e9rie\" itemprop=\"image\" height=\"300\" width=\"300\" title=\"commercial dev\" onerror=\"this.style.display='none'\"  \/>\n<h1>\n\t\tPartnership with Algeria\n\t<\/h1>\n\t\n\t<p>The Measurement Network offers members of the association to benefit from qualified resources as part of their business development strategies in Algeria, in partnership with the CCIAF.<\/p>\n<h2>\n\t\t<a href=\"https:\/\/www.reseau-mesure.com\/wp-content\/uploads\/2021\/04\/Protocole-daccord-adherent-2021-CCIAF-RM.pdf\" title=\"Benefit from a full-time or part-time salesperson to launch, expand and develop your sales activity in Algeria\" target=\"_blank\" rel=\"noopener\">\n\t\tBenefit from a full-time or part-time sales representative to launch, amplify and develop your commercial activity in Algeria\n\t\t<\/a>\n\t<\/h2>\n\t<h3>Growth is often linked to the quality of resources and the ability to adapt to an ever-changing environment.<\/h3>\n\t<h3><\/h3>\n<p>This is a device offered by the Measurement Network in close collaboration with the<a href=\"https:\/\/www.cciaf.org\/\"> CCIAF<\/a> &quot;full-time salesperson or part-time salesperson&quot; in Algeria to develop the commercial activities of members so that they are closer to their customers and future partners.<\/p>\n<ul>\n<li><strong>The provision of a highly competent human resource, available full-time or part-time with a commercial profile at the rate of 5 days \/ weeks per FTE.<\/strong><\/li>\n<li><strong>The provision of essential equipment for travel (vehicle, maintenance costs and fuel within the limits of the regional presence of the CCIAF - 200 km perimeter of each regional office).<\/strong><\/li>\n<li><strong><em>Any movement outside this perimeter will be subject to an agreement between the<br \/>\nparties and will give rise to an additional deferral.<\/em><\/strong><\/li>\n<li><strong>The provision of computer equipment necessary for the accomplishment of tasks (LAPTOP, printer, connection modem).<\/strong><\/li>\n<li><strong>The provision of communication equipment (telephone chip, mobile phone, communication package and internet package).<\/strong><\/li>\n<li><strong>The provision of a workspace with the necessary furniture.<\/strong><\/li>\n<\/ul>\n\t\t\t<a href=\"https:\/\/www.reseau-mesure.com\/wp-content\/uploads\/2021\/04\/Protocole-daccord-adherent-2021-CCIAF-RM.pdf\" target=\"_blank\" role=\"button\" rel=\"noopener\">\n\t\t\t\t\t\t\tI consult the protocol\n\t\t\t\t\t<\/a>\n\t<p>Partnership with Algeria<\/p>\n<p>The <a href=\"https:\/\/www.cciaf.org\/\">CCIAF<\/a> undertakes to devote all the human and material resources necessary for the accomplishment of the tasks entrusted to it, namely:<\/p>\n<p>\u2013 Prospecting the Algerian market on behalf of the company member of the Measurement Network;<\/p>\n<p>\u2013 The provision of economic, financial, legal and tax information as well as support for the member company as much as possible in the execution of administrative and customs formalities, within the limits of the prerogatives of the <a href=\"https:\/\/www.cciaf.org\/\">CCIAF<\/a> ;<\/p>\n<p>\u2013 Monitoring and making contact with the Algerian customers\/prospects of the member company;<\/p>\n<p>\u2013 The organization and management of its participation in specialized professional fairs in Algeria;<\/p>\n<p>\u2013 Support for the member company in the implementation of a commercial strategy adapted to each client;<\/p>\n<p>\u2013 The implementation of a competitive watch on the sectors of activity and products of the member company;<\/p>\n<p>\u2013 The identification of new markets and new opportunities on behalf of the member company.<\/p>\n\t<ul>\n<li><strong>Develop its commercial potential in Algeria.<\/strong><\/li>\n<li><strong>Support its customers and prospects.<\/strong><\/li>\n<li><strong>Benefit from a qualified and specialized human resource.<\/strong><\/li>\n<li><strong>Pilot projects with a commercial and managerial relay in the field on a daily basis.<\/strong><\/li>\n<li><strong>Benefit from the strength of the Measurement Network.<\/strong><\/li>\n<li><strong>Benefit from the skills and power of the Consular Network.<\/strong><\/li>\n<\/ul>\n\t\t\t\t<a href=\"https:\/\/www.cciaf.org\/\" target=\"_blank\" rel=\"noopener\" itemprop=\"url\">\n\t\t\t\t<img loading=\"lazy\" decoding=\"async\" src=\"https:\/\/www.reseau-mesure.com\/wp-content\/uploads\/2021\/02\/VISUEL.jpg\" alt=\"R\u00e9seau Mesure Express CCI ALGER\" itemprop=\"image\" height=\"788\" width=\"940\" title=\"CCI ALGIERS\" onerror=\"this.style.display='none'\"  \/>\n\t\t\t\t<\/a>\n\t\t\t<a href=\"mailto:eduflot@reseau-mesure.com\" target=\"_blank\" role=\"button\" rel=\"noopener\">\n\t\t\t\t\t\t\tI&#039;am interested)\n\t\t\t\t\t<\/a>","protected":false},"excerpt":{"rendered":"<p>Partnership with Algeria The Measurement Network offers members of the association the benefit of qualified resources as part of their business development strategies in Algeria, in partnership with the CCIAF. Benefit from a full-time or part-time sales representative to launch, amplify and develop your commercial activity in Algeria Growth is\u2026<\/p>","protected":false},"author":685,"featured_media":0,"parent":0,"menu_order":0,"comment_status":"closed","ping_status":"closed","template":"","meta":{"_acf_changed":false,"footnotes":""},"class_list":["post-13691","page","type-page","status-publish","hentry"],"acf":[],"yoast_head":"<!-- This site is optimized with the Yoast SEO plugin v27.5 - https:\/\/yoast.com\/product\/yoast-seo-wordpress\/ -->\n<title>Partenariat avec l&#039;Alg\u00e9rie - R\u00e9seau Mesure - un potentiel<\/title>\n<meta name=\"description\" content=\"Partenariat avec l&#039;Alg\u00e9rie pour d\u00e9velopper les activit\u00e9s commerciales des adh\u00e9rents du R\u00e9seau Mesure \u00e0 l&#039;export. D\u00e9veloppez vos opportunit\u00e9s.\" \/>\n<meta name=\"robots\" content=\"index, follow, max-snippet:-1, max-image-preview:large, max-video-preview:-1\" \/>\n<link rel=\"canonical\" href=\"https:\/\/www.reseau-mesure.com\/en\/partenariat-avec-lalgerie\/\" \/>\n<meta property=\"og:locale\" content=\"en_US\" \/>\n<meta property=\"og:type\" content=\"article\" \/>\n<meta property=\"og:title\" content=\"Partenariat avec l&#039;Alg\u00e9rie - R\u00e9seau Mesure - un potentiel\" \/>\n<meta property=\"og:description\" content=\"Partenariat avec l&#039;Alg\u00e9rie pour d\u00e9velopper les activit\u00e9s commerciales des adh\u00e9rents du R\u00e9seau Mesure \u00e0 l&#039;export. D\u00e9veloppez vos opportunit\u00e9s.\" \/>\n<meta property=\"og:url\" content=\"https:\/\/www.reseau-mesure.com\/en\/partenariat-avec-lalgerie\/\" \/>\n<meta property=\"og:site_name\" content=\"R\u00e9seau Mesure\" \/>\n<meta property=\"article:publisher\" content=\"https:\/\/www.facebook.com\/reseaumesure\/\" \/>\n<meta property=\"article:modified_time\" content=\"2021-04-21T14:23:57+00:00\" \/>\n<meta property=\"og:image\" content=\"https:\/\/www.reseau-mesure.com\/wp-content\/uploads\/2021\/04\/dev-commercial-1-300x300.jpg\" \/>\n<meta name=\"twitter:card\" content=\"summary_large_image\" \/>\n<meta name=\"twitter:site\" content=\"@ReseauMesure\" \/>\n<meta name=\"twitter:label1\" content=\"Est. reading time\" \/>\n\t<meta name=\"twitter:data1\" content=\"3 minutes\" \/>\n<script type=\"application\/ld+json\" class=\"yoast-schema-graph\">{\"@context\":\"https:\\\/\\\/schema.org\",\"@graph\":[{\"@type\":\"WebPage\",\"@id\":\"https:\\\/\\\/www.reseau-mesure.com\\\/de\\\/partenariat-avec-lalgerie\\\/\",\"url\":\"https:\\\/\\\/www.reseau-mesure.com\\\/de\\\/partenariat-avec-lalgerie\\\/\",\"name\":\"Partenariat avec l'Alg\u00e9rie - R\u00e9seau Mesure - un potentiel\",\"isPartOf\":{\"@id\":\"https:\\\/\\\/www.reseau-mesure.com\\\/#website\"},\"primaryImageOfPage\":{\"@id\":\"https:\\\/\\\/www.reseau-mesure.com\\\/de\\\/partenariat-avec-lalgerie\\\/#primaryimage\"},\"image\":{\"@id\":\"https:\\\/\\\/www.reseau-mesure.com\\\/de\\\/partenariat-avec-lalgerie\\\/#primaryimage\"},\"thumbnailUrl\":\"https:\\\/\\\/www.reseau-mesure.com\\\/wp-content\\\/uploads\\\/2021\\\/04\\\/dev-commercial-1-300x300.jpg\",\"datePublished\":\"2021-04-21T14:00:19+00:00\",\"dateModified\":\"2021-04-21T14:23:57+00:00\",\"description\":\"Partenariat avec l'Alg\u00e9rie pour d\u00e9velopper les activit\u00e9s commerciales des adh\u00e9rents du R\u00e9seau Mesure \u00e0 l'export. D\u00e9veloppez vos opportunit\u00e9s.\",\"breadcrumb\":{\"@id\":\"https:\\\/\\\/www.reseau-mesure.com\\\/de\\\/partenariat-avec-lalgerie\\\/#breadcrumb\"},\"inLanguage\":\"en-US\",\"potentialAction\":[{\"@type\":\"ReadAction\",\"target\":[\"https:\\\/\\\/www.reseau-mesure.com\\\/de\\\/partenariat-avec-lalgerie\\\/\"]}]},{\"@type\":\"ImageObject\",\"inLanguage\":\"en-US\",\"@id\":\"https:\\\/\\\/www.reseau-mesure.com\\\/de\\\/partenariat-avec-lalgerie\\\/#primaryimage\",\"url\":\"https:\\\/\\\/www.reseau-mesure.com\\\/wp-content\\\/uploads\\\/2021\\\/04\\\/dev-commercial-1-300x300.jpg\",\"contentUrl\":\"https:\\\/\\\/www.reseau-mesure.com\\\/wp-content\\\/uploads\\\/2021\\\/04\\\/dev-commercial-1-300x300.jpg\"},{\"@type\":\"BreadcrumbList\",\"@id\":\"https:\\\/\\\/www.reseau-mesure.com\\\/de\\\/partenariat-avec-lalgerie\\\/#breadcrumb\",\"itemListElement\":[{\"@type\":\"ListItem\",\"position\":1,\"name\":\"Accueil\",\"item\":\"https:\\\/\\\/www.reseau-mesure.com\\\/\"},{\"@type\":\"ListItem\",\"position\":2,\"name\":\"Partenariat avec l&rsquo;Alg\u00e9rie\"}]},{\"@type\":\"WebSite\",\"@id\":\"https:\\\/\\\/www.reseau-mesure.com\\\/#website\",\"url\":\"https:\\\/\\\/www.reseau-mesure.com\\\/\",\"name\":\"R\u00e9seau-Mesure\",\"description\":\"R\u00e9seau Mesure\",\"publisher\":{\"@id\":\"https:\\\/\\\/www.reseau-mesure.com\\\/#organization\"},\"potentialAction\":[{\"@type\":\"SearchAction\",\"target\":{\"@type\":\"EntryPoint\",\"urlTemplate\":\"https:\\\/\\\/www.reseau-mesure.com\\\/?s={search_term_string}\"},\"query-input\":{\"@type\":\"PropertyValueSpecification\",\"valueRequired\":true,\"valueName\":\"search_term_string\"}}],\"inLanguage\":\"en-US\"},{\"@type\":\"Organization\",\"@id\":\"https:\\\/\\\/www.reseau-mesure.com\\\/#organization\",\"name\":\"R\u00e9seau-Mesure\",\"url\":\"https:\\\/\\\/www.reseau-mesure.com\\\/\",\"logo\":{\"@type\":\"ImageObject\",\"inLanguage\":\"en-US\",\"@id\":\"https:\\\/\\\/www.reseau-mesure.com\\\/#\\\/schema\\\/logo\\\/image\\\/\",\"url\":\"https:\\\/\\\/www.reseau-mesure.com\\\/wp-content\\\/uploads\\\/2018\\\/02\\\/logo-max.png\",\"contentUrl\":\"https:\\\/\\\/www.reseau-mesure.com\\\/wp-content\\\/uploads\\\/2018\\\/02\\\/logo-max.png\",\"width\":545,\"height\":285,\"caption\":\"R\u00e9seau-Mesure\"},\"image\":{\"@id\":\"https:\\\/\\\/www.reseau-mesure.com\\\/#\\\/schema\\\/logo\\\/image\\\/\"},\"sameAs\":[\"https:\\\/\\\/www.facebook.com\\\/reseaumesure\\\/\",\"https:\\\/\\\/x.com\\\/ReseauMesure\",\"https:\\\/\\\/www.linkedin.com\\\/company\\\/reseau-mesure\\\/\"]}]}<\/script>\n<!-- \/ Yoast SEO plugin. -->","yoast_head_json":{"title":"Partenariat avec l'Alg\u00e9rie - R\u00e9seau Mesure - un potentiel","description":"Partenariat avec l'Alg\u00e9rie pour d\u00e9velopper les activit\u00e9s commerciales des adh\u00e9rents du R\u00e9seau Mesure \u00e0 l'export. D\u00e9veloppez vos opportunit\u00e9s.","robots":{"index":"index","follow":"follow","max-snippet":"max-snippet:-1","max-image-preview":"max-image-preview:large","max-video-preview":"max-video-preview:-1"},"canonical":"https:\/\/www.reseau-mesure.com\/en\/partenariat-avec-lalgerie\/","og_locale":"en_US","og_type":"article","og_title":"Partenariat avec l'Alg\u00e9rie - R\u00e9seau Mesure - un potentiel","og_description":"Partenariat avec l'Alg\u00e9rie pour d\u00e9velopper les activit\u00e9s commerciales des adh\u00e9rents du R\u00e9seau Mesure \u00e0 l'export. D\u00e9veloppez vos opportunit\u00e9s.","og_url":"https:\/\/www.reseau-mesure.com\/en\/partenariat-avec-lalgerie\/","og_site_name":"R\u00e9seau Mesure","article_publisher":"https:\/\/www.facebook.com\/reseaumesure\/","article_modified_time":"2021-04-21T14:23:57+00:00","og_image":[{"url":"https:\/\/www.reseau-mesure.com\/wp-content\/uploads\/2021\/04\/dev-commercial-1-300x300.jpg","type":"","width":"","height":""}],"twitter_card":"summary_large_image","twitter_site":"@ReseauMesure","twitter_misc":{"Est. reading time":"3 minutes"},"schema":{"@context":"https:\/\/schema.org","@graph":[{"@type":"WebPage","@id":"https:\/\/www.reseau-mesure.com\/de\/partenariat-avec-lalgerie\/","url":"https:\/\/www.reseau-mesure.com\/de\/partenariat-avec-lalgerie\/","name":"Partenariat avec l'Alg\u00e9rie - R\u00e9seau Mesure - un potentiel","isPartOf":{"@id":"https:\/\/www.reseau-mesure.com\/#website"},"primaryImageOfPage":{"@id":"https:\/\/www.reseau-mesure.com\/de\/partenariat-avec-lalgerie\/#primaryimage"},"image":{"@id":"https:\/\/www.reseau-mesure.com\/de\/partenariat-avec-lalgerie\/#primaryimage"},"thumbnailUrl":"https:\/\/www.reseau-mesure.com\/wp-content\/uploads\/2021\/04\/dev-commercial-1-300x300.jpg","datePublished":"2021-04-21T14:00:19+00:00","dateModified":"2021-04-21T14:23:57+00:00","description":"Partenariat avec l'Alg\u00e9rie pour d\u00e9velopper les activit\u00e9s commerciales des adh\u00e9rents du R\u00e9seau Mesure \u00e0 l'export. D\u00e9veloppez vos opportunit\u00e9s.","breadcrumb":{"@id":"https:\/\/www.reseau-mesure.com\/de\/partenariat-avec-lalgerie\/#breadcrumb"},"inLanguage":"en-US","potentialAction":[{"@type":"ReadAction","target":["https:\/\/www.reseau-mesure.com\/de\/partenariat-avec-lalgerie\/"]}]},{"@type":"ImageObject","inLanguage":"en-US","@id":"https:\/\/www.reseau-mesure.com\/de\/partenariat-avec-lalgerie\/#primaryimage","url":"https:\/\/www.reseau-mesure.com\/wp-content\/uploads\/2021\/04\/dev-commercial-1-300x300.jpg","contentUrl":"https:\/\/www.reseau-mesure.com\/wp-content\/uploads\/2021\/04\/dev-commercial-1-300x300.jpg"},{"@type":"BreadcrumbList","@id":"https:\/\/www.reseau-mesure.com\/de\/partenariat-avec-lalgerie\/#breadcrumb","itemListElement":[{"@type":"ListItem","position":1,"name":"Accueil","item":"https:\/\/www.reseau-mesure.com\/"},{"@type":"ListItem","position":2,"name":"Partenariat avec l&rsquo;Alg\u00e9rie"}]},{"@type":"WebSite","@id":"https:\/\/www.reseau-mesure.com\/#website","url":"https:\/\/www.reseau-mesure.com\/","name":"R\u00e9seau-Mesure","description":"Network Measure","publisher":{"@id":"https:\/\/www.reseau-mesure.com\/#organization"},"potentialAction":[{"@type":"SearchAction","target":{"@type":"EntryPoint","urlTemplate":"https:\/\/www.reseau-mesure.com\/?s={search_term_string}"},"query-input":{"@type":"PropertyValueSpecification","valueRequired":true,"valueName":"search_term_string"}}],"inLanguage":"en-US"},{"@type":"Organization","@id":"https:\/\/www.reseau-mesure.com\/#organization","name":"R\u00e9seau-Mesure","url":"https:\/\/www.reseau-mesure.com\/","logo":{"@type":"ImageObject","inLanguage":"en-US","@id":"https:\/\/www.reseau-mesure.com\/#\/schema\/logo\/image\/","url":"https:\/\/www.reseau-mesure.com\/wp-content\/uploads\/2018\/02\/logo-max.png","contentUrl":"https:\/\/www.reseau-mesure.com\/wp-content\/uploads\/2018\/02\/logo-max.png","width":545,"height":285,"caption":"R\u00e9seau-Mesure"},"image":{"@id":"https:\/\/www.reseau-mesure.com\/#\/schema\/logo\/image\/"},"sameAs":["https:\/\/www.facebook.com\/reseaumesure\/","https:\/\/x.com\/ReseauMesure","https:\/\/www.linkedin.com\/company\/reseau-mesure\/"]}]}},"_links":{"self":[{"href":"https:\/\/www.reseau-mesure.com\/en\/wp-json\/wp\/v2\/pages\/13691","targetHints":{"allow":["GET"]}}],"collection":[{"href":"https:\/\/www.reseau-mesure.com\/en\/wp-json\/wp\/v2\/pages"}],"about":[{"href":"https:\/\/www.reseau-mesure.com\/en\/wp-json\/wp\/v2\/types\/page"}],"author":[{"embeddable":true,"href":"https:\/\/www.reseau-mesure.com\/en\/wp-json\/wp\/v2\/users\/685"}],"replies":[{"embeddable":true,"href":"https:\/\/www.reseau-mesure.com\/en\/wp-json\/wp\/v2\/comments?post=13691"}],"version-history":[{"count":0,"href":"https:\/\/www.reseau-mesure.com\/en\/wp-json\/wp\/v2\/pages\/13691\/revisions"}],"wp:attachment":[{"href":"https:\/\/www.reseau-mesure.com\/en\/wp-json\/wp\/v2\/media?parent=13691"}],"curies":[{"name":"wp","href":"https:\/\/api.w.org\/{rel}","templated":true}]}}