{"id":13762,"date":"2021-04-27T17:17:57","date_gmt":"2021-04-27T15:17:57","guid":{"rendered":"https:\/\/www.reseau-mesure.com\/?page_id=13762"},"modified":"2021-05-04T18:04:37","modified_gmt":"2021-05-04T16:04:37","slug":"cim-2021-lyon","status":"publish","type":"page","link":"https:\/\/www.reseau-mesure.com\/en\/cim-2021-lyon\/","title":{"rendered":"CIM 2021"},"content":{"rendered":"<h1>\n\t\tCIM 2021\n\t<\/h1>\n\t\t\t\t<a href=\"https:\/\/www.cim2021.com\/\" target=\"_blank\" rel=\"noopener\" itemprop=\"url\">\n\t\t\t\t<img loading=\"lazy\" decoding=\"async\" src=\"https:\/\/www.reseau-mesure.com\/wp-content\/uploads\/2021\/04\/Communique-de-presse-CIM2021-20-avril-GB.jpg\" alt=\"CIM\" itemprop=\"image\" height=\"249\" width=\"1200\" title=\"Press release CIM2021 - April 20 - GB\" onerror=\"this.style.display='none'\"  \/>\n\t\t\t\t<\/a>\n\t<h1>Trust your Measurements!<\/h1>\n<h2><strong>CIM2021 program<\/strong><\/h2>\n<p>&nbsp;<\/p>\n<p>The <strong>International Metrology Congress will take place from September 7 to 9 in Lyon <\/strong>, in partnership with the exhibition <a href=\"https:\/\/www.reseau-mesure.com\/en\/measurement-world-2021-lyon\/\"><strong>Measurement World<\/strong> <\/a>on the same dates and location as the show<a href=\"https:\/\/global-industrie.com\/fr\"> Global industry<\/a>.<\/p>\n<p>The Congress is dedicated to good industrial practices and R&amp;D applied to measurements, analyzes and tests: this unique meeting is the meeting between science, industry and institutional organizations of metrology.<\/p>\n<p>\u201cThis year marks the 20th anniversary of this great series, and it&#039;s more than ever about current trends and a taste of future innovations. The three areas of application represent the major global challenges. The metrology community is involved in developing solutions to address these challenges, including ensuring that we can trust the measurements. \u00bb<\/p>\n<p>Sascha Eichtaedt, PTB (Germany) and Daniel Jullien, Digiplant Consulting (France), co-chairs of CIM2021<\/p>\n\n\n<ul>\n<li><strong>Industry 4.0, Green Deal and Health\u00a0<\/strong>: these are the 3 axes of applications 2021<\/li>\n<li>The implementation of CIM2021 will also be an opportunity for new experiences with <strong>a part of hybridization<\/strong>, conference videos as well as live video broadcasts will be available on a dedicated platform.<\/li>\n<li>A <strong>Metrology Village <\/strong>within Measurement World, and for the first year associated with Global Industrie. The themes of the Industry of the future are common. The exhibition thus offers new possibilities for meeting professionals who will lead to \u201cgood\u201d solutions.<\/li>\n<\/ul>\n<p>&nbsp;<\/p>\n\n\n<p>This is an opportunity to learn about recent advances in different technical sectors:<\/p>\n<ul>\n<li>mechanics, electromagnetism, flow, temperature, photonics, chemistry, biology but also data, AI, statistics, quantum technologies\u2026<\/li>\n<li>and on measurement and quality processes, measurement uncertainties, accreditation, compliance and risks, cost optimization, etc.<\/li>\n<\/ul>\n<p>&nbsp;<\/p>\n<p>The 6 round tables are as follows:<\/p>\n<ul>\n<li>Metrology at <strong>the digital age<\/strong><\/li>\n<li>The role of <strong>international organizations Metrology and Quality<\/strong> in transition 4.0<\/li>\n<li>The challenges of <strong>on-site measurements<\/strong><\/li>\n<li><strong>Health and metrology<\/strong> : a common challenge<\/li>\n<li><strong>Industrial emissions<\/strong> : the contribution of metrology to compliance with new requirements<\/li>\n<li>The <strong>metrology of the future<\/strong> : what skills?<\/li>\n<\/ul>\n<p>&nbsp;<\/p>\n<p>The audience is made up of participants from 45 countries:<\/p>\n<ul>\n<li><strong>70% from industry<\/strong>, all sectors, and laboratories<\/li>\n<li>30% from reference organizations, education and research<\/li>\n<\/ul>\n\n<p>&nbsp;<\/p>\n\n<p>The CIM is organized by the French College of Metrology with the support of:<\/p>\n<p>BEA METROLOGIE, BIPM, CETIAT, CETIM, COFRAC, DIGIPLANT CONSULTING, EUROPEAN ACCREDITATION, EURAMET, EVALU8TION (GB), INERIS, PTB (DE), LNE, NPL (GB), NCSLi (US), OIML, STELLANTIS, SPF ECONOMIE ( BE), STIL Marposs, TRESCAL, UNIVERSITY of BURGUNDY.<\/p>\n<p>The CIM is financially supported by BIPM, EURAMET, LNE, TRESCAL, CETIAT and POLYWORKS Europa.<\/p>\n<p>&nbsp;<\/p>\n<h2><strong>Participating in the CIM is:<\/strong><\/h2>\n<ul>\n<li>Tie <strong>a real relationship<\/strong> professional with peers and develop your network<\/li>\n<li>Understand the decision-making contribution of metrology in industrial processes<\/li>\n<li>Discover the technologies and solutions for the daily life of tomorrow<\/li>\n<\/ul>\n<p>&nbsp;<\/p>\n<p><u>Contact <\/u>:<\/p>\n<p>04 67 06 20 36<\/p>\n\n\n\t\t\t<a href=\"https:\/\/www.reseau-mesure.com\/wp-content\/uploads\/2021\/05\/Demande-de-participation-MW-LYON-2021-FR-6-9-sept.pdf\" target=\"_blank\" role=\"button\" rel=\"noopener\">\n\t\t\t\t\t\t\tMEASUREMENT WORLD REGISTRATION FILE\n\t\t\t\t\t<\/a>\n\t\t\t<a href=\"https:\/\/www.measurement-world.com\/fr\/presentation\" target=\"_self\" role=\"button\" rel=\"noopener\">\n\t\t\t\t\t\t\tLog in to Measurement World\n\t\t\t\t\t<\/a>","protected":false},"excerpt":{"rendered":"<p>CIM 2021 Trust your Measurements! CIM2021 program The International Congress of Metrology will take place from September 7 to 9 in Lyon, in partnership with the Measurement World exhibition on the same dates and place as the Global industrie exhibition. The Congress is dedicated to good industrial practices and R&amp;D\u2026<\/p>","protected":false},"author":685,"featured_media":0,"parent":0,"menu_order":0,"comment_status":"closed","ping_status":"closed","template":"","meta":{"_acf_changed":false,"footnotes":""},"class_list":["post-13762","page","type-page","status-publish","hentry"],"acf":[],"yoast_head":"<!-- This site is optimized with the Yoast SEO plugin v27.4 - https:\/\/yoast.com\/product\/yoast-seo-wordpress\/ -->\n<title>CIM 2021 - Lyon - R\u00e9seau Mesure<\/title>\n<meta name=\"description\" content=\"Faites confiance \u00e0 vos Mesures ! Programme du CIM2021 Le Congr\u00e8s International de M\u00e9trologie aura lieu du 7 au 9 septembre \u00e0 Lyon (France), ), en partenariat avec l\u2019exposition Measurement World aux m\u00eames dates et lieu que le salon Global industrie.\" \/>\n<meta name=\"robots\" content=\"index, follow, max-snippet:-1, max-image-preview:large, max-video-preview:-1\" \/>\n<link rel=\"canonical\" href=\"https:\/\/www.reseau-mesure.com\/en\/cim-2021-lyon\/\" \/>\n<meta property=\"og:locale\" content=\"en_US\" \/>\n<meta property=\"og:type\" content=\"article\" \/>\n<meta property=\"og:title\" content=\"CIM 2021 - Lyon - R\u00e9seau Mesure\" \/>\n<meta property=\"og:description\" content=\"Faites confiance \u00e0 vos Mesures ! Programme du CIM2021 Le Congr\u00e8s International de M\u00e9trologie aura lieu du 7 au 9 septembre \u00e0 Lyon (France), ), en partenariat avec l\u2019exposition Measurement World aux m\u00eames dates et lieu que le salon Global industrie.\" \/>\n<meta property=\"og:url\" content=\"https:\/\/www.reseau-mesure.com\/en\/cim-2021-lyon\/\" \/>\n<meta property=\"og:site_name\" content=\"R\u00e9seau Mesure\" \/>\n<meta property=\"article:publisher\" content=\"https:\/\/www.facebook.com\/reseaumesure\/\" \/>\n<meta property=\"article:modified_time\" content=\"2021-05-04T16:04:37+00:00\" \/>\n<meta property=\"og:image\" content=\"https:\/\/www.reseau-mesure.com\/wp-content\/uploads\/2021\/04\/Communique-de-presse-CIM2021-20-avril-GB.jpg\" \/>\n<meta name=\"twitter:card\" content=\"summary_large_image\" \/>\n<meta name=\"twitter:site\" content=\"@ReseauMesure\" \/>\n<meta name=\"twitter:label1\" content=\"Est. reading time\" \/>\n\t<meta name=\"twitter:data1\" content=\"2 minutes\" \/>\n<script type=\"application\/ld+json\" class=\"yoast-schema-graph\">{\"@context\":\"https:\\\/\\\/schema.org\",\"@graph\":[{\"@type\":\"WebPage\",\"@id\":\"https:\\\/\\\/www.reseau-mesure.com\\\/de\\\/cim-2021-lyon\\\/\",\"url\":\"https:\\\/\\\/www.reseau-mesure.com\\\/de\\\/cim-2021-lyon\\\/\",\"name\":\"CIM 2021 - Lyon - R\u00e9seau Mesure\",\"isPartOf\":{\"@id\":\"https:\\\/\\\/www.reseau-mesure.com\\\/#website\"},\"primaryImageOfPage\":{\"@id\":\"https:\\\/\\\/www.reseau-mesure.com\\\/de\\\/cim-2021-lyon\\\/#primaryimage\"},\"image\":{\"@id\":\"https:\\\/\\\/www.reseau-mesure.com\\\/de\\\/cim-2021-lyon\\\/#primaryimage\"},\"thumbnailUrl\":\"https:\\\/\\\/www.reseau-mesure.com\\\/wp-content\\\/uploads\\\/2021\\\/04\\\/Communique-de-presse-CIM2021-20-avril-GB.jpg\",\"datePublished\":\"2021-04-27T15:17:57+00:00\",\"dateModified\":\"2021-05-04T16:04:37+00:00\",\"description\":\"Faites confiance \u00e0 vos Mesures ! Programme du CIM2021 Le Congr\u00e8s International de M\u00e9trologie aura lieu du 7 au 9 septembre \u00e0 Lyon (France), ), en partenariat avec l\u2019exposition Measurement World aux m\u00eames dates et lieu que le salon Global industrie.\",\"breadcrumb\":{\"@id\":\"https:\\\/\\\/www.reseau-mesure.com\\\/de\\\/cim-2021-lyon\\\/#breadcrumb\"},\"inLanguage\":\"en-US\",\"potentialAction\":[{\"@type\":\"ReadAction\",\"target\":[\"https:\\\/\\\/www.reseau-mesure.com\\\/de\\\/cim-2021-lyon\\\/\"]}]},{\"@type\":\"ImageObject\",\"inLanguage\":\"en-US\",\"@id\":\"https:\\\/\\\/www.reseau-mesure.com\\\/de\\\/cim-2021-lyon\\\/#primaryimage\",\"url\":\"https:\\\/\\\/www.reseau-mesure.com\\\/wp-content\\\/uploads\\\/2021\\\/04\\\/Communique-de-presse-CIM2021-20-avril-GB.jpg\",\"contentUrl\":\"https:\\\/\\\/www.reseau-mesure.com\\\/wp-content\\\/uploads\\\/2021\\\/04\\\/Communique-de-presse-CIM2021-20-avril-GB.jpg\"},{\"@type\":\"BreadcrumbList\",\"@id\":\"https:\\\/\\\/www.reseau-mesure.com\\\/de\\\/cim-2021-lyon\\\/#breadcrumb\",\"itemListElement\":[{\"@type\":\"ListItem\",\"position\":1,\"name\":\"Accueil\",\"item\":\"https:\\\/\\\/www.reseau-mesure.com\\\/\"},{\"@type\":\"ListItem\",\"position\":2,\"name\":\"CIM 2021\"}]},{\"@type\":\"WebSite\",\"@id\":\"https:\\\/\\\/www.reseau-mesure.com\\\/#website\",\"url\":\"https:\\\/\\\/www.reseau-mesure.com\\\/\",\"name\":\"R\u00e9seau-Mesure\",\"description\":\"R\u00e9seau Mesure\",\"publisher\":{\"@id\":\"https:\\\/\\\/www.reseau-mesure.com\\\/#organization\"},\"potentialAction\":[{\"@type\":\"SearchAction\",\"target\":{\"@type\":\"EntryPoint\",\"urlTemplate\":\"https:\\\/\\\/www.reseau-mesure.com\\\/?s={search_term_string}\"},\"query-input\":{\"@type\":\"PropertyValueSpecification\",\"valueRequired\":true,\"valueName\":\"search_term_string\"}}],\"inLanguage\":\"en-US\"},{\"@type\":\"Organization\",\"@id\":\"https:\\\/\\\/www.reseau-mesure.com\\\/#organization\",\"name\":\"R\u00e9seau-Mesure\",\"url\":\"https:\\\/\\\/www.reseau-mesure.com\\\/\",\"logo\":{\"@type\":\"ImageObject\",\"inLanguage\":\"en-US\",\"@id\":\"https:\\\/\\\/www.reseau-mesure.com\\\/#\\\/schema\\\/logo\\\/image\\\/\",\"url\":\"https:\\\/\\\/www.reseau-mesure.com\\\/wp-content\\\/uploads\\\/2018\\\/02\\\/logo-max.png\",\"contentUrl\":\"https:\\\/\\\/www.reseau-mesure.com\\\/wp-content\\\/uploads\\\/2018\\\/02\\\/logo-max.png\",\"width\":545,\"height\":285,\"caption\":\"R\u00e9seau-Mesure\"},\"image\":{\"@id\":\"https:\\\/\\\/www.reseau-mesure.com\\\/#\\\/schema\\\/logo\\\/image\\\/\"},\"sameAs\":[\"https:\\\/\\\/www.facebook.com\\\/reseaumesure\\\/\",\"https:\\\/\\\/x.com\\\/ReseauMesure\",\"https:\\\/\\\/www.linkedin.com\\\/company\\\/reseau-mesure\\\/\"]}]}<\/script>\n<!-- \/ Yoast SEO plugin. -->","yoast_head_json":{"title":"CIM 2021 - Lyon - R\u00e9seau Mesure","description":"Faites confiance \u00e0 vos Mesures ! Programme du CIM2021 Le Congr\u00e8s International de M\u00e9trologie aura lieu du 7 au 9 septembre \u00e0 Lyon (France), ), en partenariat avec l\u2019exposition Measurement World aux m\u00eames dates et lieu que le salon Global industrie.","robots":{"index":"index","follow":"follow","max-snippet":"max-snippet:-1","max-image-preview":"max-image-preview:large","max-video-preview":"max-video-preview:-1"},"canonical":"https:\/\/www.reseau-mesure.com\/en\/cim-2021-lyon\/","og_locale":"en_US","og_type":"article","og_title":"CIM 2021 - Lyon - R\u00e9seau Mesure","og_description":"Faites confiance \u00e0 vos Mesures ! Programme du CIM2021 Le Congr\u00e8s International de M\u00e9trologie aura lieu du 7 au 9 septembre \u00e0 Lyon (France), ), en partenariat avec l\u2019exposition Measurement World aux m\u00eames dates et lieu que le salon Global industrie.","og_url":"https:\/\/www.reseau-mesure.com\/en\/cim-2021-lyon\/","og_site_name":"R\u00e9seau Mesure","article_publisher":"https:\/\/www.facebook.com\/reseaumesure\/","article_modified_time":"2021-05-04T16:04:37+00:00","og_image":[{"url":"https:\/\/www.reseau-mesure.com\/wp-content\/uploads\/2021\/04\/Communique-de-presse-CIM2021-20-avril-GB.jpg","type":"","width":"","height":""}],"twitter_card":"summary_large_image","twitter_site":"@ReseauMesure","twitter_misc":{"Est. reading time":"2 minutes"},"schema":{"@context":"https:\/\/schema.org","@graph":[{"@type":"WebPage","@id":"https:\/\/www.reseau-mesure.com\/de\/cim-2021-lyon\/","url":"https:\/\/www.reseau-mesure.com\/de\/cim-2021-lyon\/","name":"CIM 2021 - Lyon - R\u00e9seau Mesure","isPartOf":{"@id":"https:\/\/www.reseau-mesure.com\/#website"},"primaryImageOfPage":{"@id":"https:\/\/www.reseau-mesure.com\/de\/cim-2021-lyon\/#primaryimage"},"image":{"@id":"https:\/\/www.reseau-mesure.com\/de\/cim-2021-lyon\/#primaryimage"},"thumbnailUrl":"https:\/\/www.reseau-mesure.com\/wp-content\/uploads\/2021\/04\/Communique-de-presse-CIM2021-20-avril-GB.jpg","datePublished":"2021-04-27T15:17:57+00:00","dateModified":"2021-05-04T16:04:37+00:00","description":"Faites confiance \u00e0 vos Mesures ! Programme du CIM2021 Le Congr\u00e8s International de M\u00e9trologie aura lieu du 7 au 9 septembre \u00e0 Lyon (France), ), en partenariat avec l\u2019exposition Measurement World aux m\u00eames dates et lieu que le salon Global industrie.","breadcrumb":{"@id":"https:\/\/www.reseau-mesure.com\/de\/cim-2021-lyon\/#breadcrumb"},"inLanguage":"en-US","potentialAction":[{"@type":"ReadAction","target":["https:\/\/www.reseau-mesure.com\/de\/cim-2021-lyon\/"]}]},{"@type":"ImageObject","inLanguage":"en-US","@id":"https:\/\/www.reseau-mesure.com\/de\/cim-2021-lyon\/#primaryimage","url":"https:\/\/www.reseau-mesure.com\/wp-content\/uploads\/2021\/04\/Communique-de-presse-CIM2021-20-avril-GB.jpg","contentUrl":"https:\/\/www.reseau-mesure.com\/wp-content\/uploads\/2021\/04\/Communique-de-presse-CIM2021-20-avril-GB.jpg"},{"@type":"BreadcrumbList","@id":"https:\/\/www.reseau-mesure.com\/de\/cim-2021-lyon\/#breadcrumb","itemListElement":[{"@type":"ListItem","position":1,"name":"Accueil","item":"https:\/\/www.reseau-mesure.com\/"},{"@type":"ListItem","position":2,"name":"CIM 2021"}]},{"@type":"WebSite","@id":"https:\/\/www.reseau-mesure.com\/#website","url":"https:\/\/www.reseau-mesure.com\/","name":"R\u00e9seau-Mesure","description":"Network Measure","publisher":{"@id":"https:\/\/www.reseau-mesure.com\/#organization"},"potentialAction":[{"@type":"SearchAction","target":{"@type":"EntryPoint","urlTemplate":"https:\/\/www.reseau-mesure.com\/?s={search_term_string}"},"query-input":{"@type":"PropertyValueSpecification","valueRequired":true,"valueName":"search_term_string"}}],"inLanguage":"en-US"},{"@type":"Organization","@id":"https:\/\/www.reseau-mesure.com\/#organization","name":"R\u00e9seau-Mesure","url":"https:\/\/www.reseau-mesure.com\/","logo":{"@type":"ImageObject","inLanguage":"en-US","@id":"https:\/\/www.reseau-mesure.com\/#\/schema\/logo\/image\/","url":"https:\/\/www.reseau-mesure.com\/wp-content\/uploads\/2018\/02\/logo-max.png","contentUrl":"https:\/\/www.reseau-mesure.com\/wp-content\/uploads\/2018\/02\/logo-max.png","width":545,"height":285,"caption":"R\u00e9seau-Mesure"},"image":{"@id":"https:\/\/www.reseau-mesure.com\/#\/schema\/logo\/image\/"},"sameAs":["https:\/\/www.facebook.com\/reseaumesure\/","https:\/\/x.com\/ReseauMesure","https:\/\/www.linkedin.com\/company\/reseau-mesure\/"]}]}},"_links":{"self":[{"href":"https:\/\/www.reseau-mesure.com\/en\/wp-json\/wp\/v2\/pages\/13762","targetHints":{"allow":["GET"]}}],"collection":[{"href":"https:\/\/www.reseau-mesure.com\/en\/wp-json\/wp\/v2\/pages"}],"about":[{"href":"https:\/\/www.reseau-mesure.com\/en\/wp-json\/wp\/v2\/types\/page"}],"author":[{"embeddable":true,"href":"https:\/\/www.reseau-mesure.com\/en\/wp-json\/wp\/v2\/users\/685"}],"replies":[{"embeddable":true,"href":"https:\/\/www.reseau-mesure.com\/en\/wp-json\/wp\/v2\/comments?post=13762"}],"version-history":[{"count":0,"href":"https:\/\/www.reseau-mesure.com\/en\/wp-json\/wp\/v2\/pages\/13762\/revisions"}],"wp:attachment":[{"href":"https:\/\/www.reseau-mesure.com\/en\/wp-json\/wp\/v2\/media?parent=13762"}],"curies":[{"name":"wp","href":"https:\/\/api.w.org\/{rel}","templated":true}]}}