{"id":14350,"date":"2021-06-23T09:33:48","date_gmt":"2021-06-23T07:33:48","guid":{"rendered":"https:\/\/www.reseau-mesure.com\/?page_id=14350"},"modified":"2021-06-23T15:56:01","modified_gmt":"2021-06-23T13:56:01","slug":"reseau-mesure-express-24-juin-2021","status":"publish","type":"page","link":"https:\/\/www.reseau-mesure.com\/en\/reseau-mesure-express-24-juin-2021\/","title":{"rendered":"Express Measurement Network-20210624"},"content":{"rendered":"<img loading=\"lazy\" decoding=\"async\" src=\"https:\/\/www.reseau-mesure.com\/wp-content\/uploads\/2020\/07\/20ku.jpeg\" alt=\"R\u00e9seau Mesure Express\" itemprop=\"image\" height=\"300\" width=\"970\" title=\"Express Measurement Network Header\" onerror=\"this.style.display='none'\">\n<h1>\n\t\tR\u00e9seau Mesure Express June 24, 2021\n\t<\/h1>\n<h2>\n\t\t<a href=\"https:\/\/www.reseau-mesure.com\/en\/le-reseau-mesure-2\/\" title=\"24.06.2021\" target=\"_blank\" rel=\"noopener\">\n\t\t24.06.2021\n\t\t<\/a>\n\t<\/h2>\n\t<h3><strong>A network for its members, through its members<\/strong><\/h3>\n\t<p>R\u00e9seau Mesure Express June 24, 2021: members can find news from the association in R\u00e9seau Mesure Express.<\/p>\n<p>Our press and web partners are for you.<\/p>\n<h2>\n\t\t<a href=\"https:\/\/www.reseau-mesure.com\/en\/communication\/\" title=\"2001 - 2021: Axes Industries celebrates its 20th anniversary\" target=\"_blank\" rel=\"noopener\">\n\t\t2001 - 2021: Axes Industries celebrates its 20th anniversary\n\t\t<\/a>\n\t<\/h2>\n\t<h2>AXES INDUSTRIES offers a new, richer formula for the \u201cNew Products\u201d content<\/h2>\n\t<strong>&gt;&gt; September 2021: <\/strong><strong>Launch <\/strong>of the <strong>new version of the web portal<\/strong>&nbsp;<br>\ndedicated Mechatronics, Redesigned, more intuitive and responsive.<br>\n<strong>To comfort<\/strong> your SEO on Google and <strong>capture <\/strong>the research of<br>\nyour Users\n<strong>&gt;&gt; May 2021:<\/strong> <strong>Enrichment &amp; Updating <\/strong>of his <strong>Industrial Database<\/strong><br>\nThese are now <strong>70,000 personal email contacts<\/strong> very selective:<br>\n<strong>BE, Maintenance, Production, Industrialization \/ Process, Purchasing<\/strong> that Ax Industries makes available to you for eMailing campaigns. The second half of the year can strengthen your activity.<br>\nIt is therefore opportune to be present and generate new leads in September and October.<br>\n\n\n<strong>Ask Axes Industries<\/strong>&nbsp;for a personalized action at the best price<br>\n&gt; Sending an eMailing campaign<br>\n&gt; Banner and referencing on our dedicated portal<br>\n<br>\nFind here our <strong><a href=\"http:\/\/mb-01-mail.net\/t.htm?u=\/e\/3\/54753\/250\/20436\/r16fvayevsfviymhbgjzyipjgjpauphajmo\/r.aspx\" target=\"_blank\" rel=\"noopener\">Media Kit 2021<\/a><\/strong>\n<p>&nbsp;<\/p>\n\t\t\t\t<a href=\"mailto:eduflot@reseau-mesure.com\" target=\"_blank\" rel=\"noopener\" itemprop=\"url\">\n\t\t\t\t<img loading=\"lazy\" decoding=\"async\" src=\"https:\/\/www.reseau-mesure.com\/wp-content\/uploads\/2018\/01\/Axes-Industries.png\" alt=\"Axe Industries\" itemprop=\"image\" height=\"245\" width=\"921\" title=\"Axes Industries\" onerror=\"this.style.display='none'\">\n\t\t\t\t<\/a>\n\t\n<ul>\n<li>Website referencing and visibility (banner ...) <strong>with discount on tariff of 30%<\/strong><\/li>\n<li>Solo emailing offer based on AXES INDUSTRIES emails<strong> with discount on tariff of 15% <\/strong>and the technical costs of producing the visual.<\/li>\n<\/ul>\n\nNext date for new product discounts for presentation in one of the newsletters:<br>\n04\/06\/2021 - 09\/01\/2021 - 11\/02\/2021\n\t\t\t<a href=\"https:\/\/www.reseau-mesure.com\/wp-content\/uploads\/2021\/06\/PLAN-MEDIA-2021-RESEAU-MESURE-1.pdf\" target=\"_blank\" role=\"button\" rel=\"noopener\">\n\t\t\t\t\t\t\tI rediscover the media plan reserved for members\n\t\t\t\t\t<\/a>\n<h2>\n\t\t<a href=\"mailto:eduflot@reseau-mesure.com\" title=\"MAG LIQUIDS: Preparation of the special TRANSPORT and TRANSFER OF FLUIDS issue\" target=\"_blank\" rel=\"noopener\">\n\t\tMAG LIQUIDS: Preparation of the special TRANSPORT and TRANSFER OF FLUIDS issue\n\t\t<\/a>\n\t<\/h2>\n\t\t\t\t<a href=\"https:\/\/www.reseau-mesure.com\/wp-content\/uploads\/2021\/06\/PLAN-MEDIA-2021-RESEAU-MESURE-1.pdf\" target=\"_blank\" rel=\"noopener\" itemprop=\"url\">\n\t\t\t\t<img loading=\"lazy\" decoding=\"async\" src=\"https:\/\/www.reseau-mesure.com\/wp-content\/uploads\/2020\/02\/LIQUIDES.png\" alt=\"LOGO LIQUIDES MAGAZINE\" itemprop=\"image\" height=\"142\" width=\"354\" title=\"Liquids magazine\" onerror=\"this.style.display='none'\">\n\t\t\t\t<\/a>\n\t\t\t<a href=\"mailto:audemoutarlier@hotmail.com\" target=\"_blank\" role=\"button\" rel=\"noopener\">\n\t\t\t\t\t\t\tContact Liquids Magazine\n\t\t\t\t\t<\/a>\n\t<p>And if you want to accompany your article with an advertisement, you can contact St\u00e9phanie Pinoteau:&nbsp;<a href=\"mailto:stephanie@rpi.fr\">stephanie@rpi.fr<\/a> \/ 06 09 25 39 22<\/p>\n\t<p>&nbsp;<\/p>\n<p>The dossier for the next issue of Liquides Magazine will be devoted to&nbsp;<strong>TRANSPORT&nbsp;<\/strong>and at&nbsp;<strong>FLUID TRANSFER<\/strong>.<\/p>\n<p>Do not hesitate to send <strong><u>before June 30, 2021<\/u><\/strong> your information on this subject accompanied by visuals in high definition in order to be able to insert them in the Products \/ Materials pages.<\/p>\n<p>Do not hesitate to send to <a href=\"\/en\/audemoutarlier@hotmail.com\/\">Aude Moutarlier<\/a> any other information likely to be of interest to the other sections of the magazine, namely:<\/p>\n<ul>\n<li>NEWS;<\/li>\n<li>HANDLING;<\/li>\n<li>TREATMENT ;<\/li>\n<li>STORAGE;<\/li>\n<\/ul>\n<p><strong>This request is free<\/strong>.&nbsp;<\/p>\n<p>Aude Moutarlier - Editor-in-chief Liquides Magazine Tel: +33 (0) 6 60 99 98 23<\/p>\n<p>&nbsp;<\/p>\n<h2>\n\t\t<a href=\"https:\/\/www.controles-essais-mesures.fr\/mesures\/0014598-controles-essais-mesures-numero-special-mse\/\" title=\"&nbsp;Controls Tests Measurements, special issue MSE\" target=\"_blank\" rel=\"noopener\">\n\t\t&nbsp;Controls Tests Measurements, special issue MSE\n\t\t<\/a>\n\t<\/h2>\n\t<p>The <strong>Measurement network and review Controls Tests Measures<\/strong> have joined forces to produce a special issue dedicated to the MSE (Measures Solution Expo) trade fair which could not be held last October.<\/p>\n<p>In this issue dedicated to the challenges of tomorrow&#039;s measurement: expert opinions in connection with MSE conferences and the \u201c9:30 am meetings\u201d which were initially scheduled, as well as articles highlighting the novelties of the members of the Network Measure.<\/p>\n\n\t\t\t<a href=\"https:\/\/www.reseau-mesure.com\/wp-content\/uploads\/2021\/06\/PLAN-MEDIA-2021-RESEAU-MESURE-1.pdf\" target=\"_blank\" role=\"button\" rel=\"noopener\">\n\t\t\t\t\t\t\tI rediscover the media plan reserved for members\n\t\t\t\t\t<\/a>\n\t\t\t\t<a href=\"https:\/\/www.controles-essais-mesures.fr\/mesures\/0014598-controles-essais-mesures-numero-special-mse\/\" target=\"_blank\" rel=\"noopener\" itemprop=\"url\">\n\t\t\t\t<img loading=\"lazy\" decoding=\"async\" src=\"https:\/\/www.reseau-mesure.com\/wp-content\/uploads\/2021\/06\/couvmse-212x300.jpg\" alt=\"couverture num\u00e9ro sp\u00e9cial MSE CEM\" itemprop=\"image\" height=\"300\" width=\"212\" title=\"cover special issue MSE CEM\" onerror=\"this.style.display='none'\">\n\t\t\t\t<\/a>\n\t\t\t<a href=\"https:\/\/www.reseau-mesure.com\/en\/evenements\/\" target=\"_self\" role=\"button\" rel=\"noopener\">\n\t\t\t\t\t\t\tThe complete agenda of the Measurement Network\n\t\t\t\t\t<\/a>\n\t\t\t\t<a href=\"https:\/\/www.reseau-mesure.com\/en\/evenements\/\" target=\"_blank\" rel=\"noopener\" itemprop=\"url\">\n\t\t\t\t<img loading=\"lazy\" decoding=\"async\" src=\"https:\/\/www.reseau-mesure.com\/wp-content\/uploads\/2020\/08\/Plan-de-travail-3niveau.png\" alt=\"R\u00e9seau Mesure Express Actualites\" itemprop=\"image\" height=\"3665\" width=\"5520\" title=\"Express Measurement Network News\" onerror=\"this.style.display='none'\">\n\t\t\t\t<\/a>\n\t<h1>General assembly<\/h1>\n\t<p>As a reminder, the Mixed General Meeting of the Measurement Network will be held <strong>Tuesday June 29 at 4:00 p.m.<\/strong>.<\/p>\n\n\n<ol>\n<li>Amendment of article 9 of the statutes<\/li>\n<\/ol>\n\n<ol>\n<li>Activity report 2020\n<ol>\n<li>Moral report 2020<\/li>\n<li>Financial report 2020<\/li>\n<li>Vote on resolutions<\/li>\n<\/ol>\n<\/li>\n<li>Renewal of the Board of Directors<\/li>\n<li>Presentation of the 2021-2022 roadmap<\/li>\n<li>2021 action plan<br>\nProvisional budget 2021<\/li>\n<li>Divers questions<\/li>\n<\/ol>\n<p>You can register with <a href=\"\/en\/eduflot@reseau-mesure.com\/\">Estelle DUFLOT<\/a>.<\/p>\n\t<h2>R\u00e9seau Mesure Express: news about the association&#039;s action plan<\/h2>","protected":false},"excerpt":{"rendered":"<p>R\u00e9seau Mesure Express June 24, 2021 June 24, 2021 A network for its members, through its members R\u00e9seau Mesure Express June 24, 2021: members can find news from the association in R\u00e9seau Mesure Express. Our press and web partners are for you. 2001 - 2021: Axes Industries celebrates its 20th anniversary AXES INDUSTRIES offers a\u2026<\/p>","protected":false},"author":685,"featured_media":0,"parent":0,"menu_order":0,"comment_status":"closed","ping_status":"closed","template":"","meta":{"_acf_changed":false,"footnotes":""},"class_list":["post-14350","page","type-page","status-publish","hentry"],"acf":[],"yoast_head":"<!-- This site is optimized with the Yoast SEO plugin v27.5 - https:\/\/yoast.com\/product\/yoast-seo-wordpress\/ -->\n<title>R\u00e9seau Mesure Express 24 juin 2021 - R\u00e9seau Mesure<\/title>\n<meta name=\"description\" content=\"R\u00e9seau Mesure Express 24 juin 2021. Nos partenaires presse et Web s&#039;adressent \u00e0 vous, adh\u00e9rents du R\u00e9seau Mesure.\" \/>\n<meta name=\"robots\" content=\"index, follow, max-snippet:-1, max-image-preview:large, max-video-preview:-1\" \/>\n<link rel=\"canonical\" href=\"https:\/\/www.reseau-mesure.com\/en\/reseau-mesure-express-24-juin-2021\/\" \/>\n<meta property=\"og:locale\" content=\"en_US\" \/>\n<meta property=\"og:type\" content=\"article\" \/>\n<meta property=\"og:title\" content=\"R\u00e9seau Mesure Express 24 juin 2021 - R\u00e9seau Mesure\" \/>\n<meta property=\"og:description\" content=\"R\u00e9seau Mesure Express 24 juin 2021. Nos partenaires presse et Web s&#039;adressent \u00e0 vous, adh\u00e9rents du R\u00e9seau Mesure.\" \/>\n<meta property=\"og:url\" content=\"https:\/\/www.reseau-mesure.com\/en\/reseau-mesure-express-24-juin-2021\/\" \/>\n<meta property=\"og:site_name\" content=\"R\u00e9seau Mesure\" \/>\n<meta property=\"article:publisher\" content=\"https:\/\/www.facebook.com\/reseaumesure\/\" \/>\n<meta property=\"article:modified_time\" content=\"2021-06-23T13:56:01+00:00\" \/>\n<meta property=\"og:image\" content=\"https:\/\/www.reseau-mesure.com\/wp-content\/uploads\/2020\/07\/20ku.jpeg\" \/>\n<meta name=\"twitter:card\" content=\"summary_large_image\" \/>\n<meta name=\"twitter:site\" content=\"@ReseauMesure\" \/>\n<meta name=\"twitter:label1\" content=\"Est. reading time\" \/>\n\t<meta name=\"twitter:data1\" content=\"4 minutes\" \/>\n<script type=\"application\/ld+json\" class=\"yoast-schema-graph\">{\"@context\":\"https:\\\/\\\/schema.org\",\"@graph\":[{\"@type\":\"WebPage\",\"@id\":\"https:\\\/\\\/www.reseau-mesure.com\\\/de\\\/reseau-mesure-express-24-juin-2021\\\/\",\"url\":\"https:\\\/\\\/www.reseau-mesure.com\\\/de\\\/reseau-mesure-express-24-juin-2021\\\/\",\"name\":\"R\u00e9seau Mesure Express 24 juin 2021 - R\u00e9seau Mesure\",\"isPartOf\":{\"@id\":\"https:\\\/\\\/www.reseau-mesure.com\\\/#website\"},\"primaryImageOfPage\":{\"@id\":\"https:\\\/\\\/www.reseau-mesure.com\\\/de\\\/reseau-mesure-express-24-juin-2021\\\/#primaryimage\"},\"image\":{\"@id\":\"https:\\\/\\\/www.reseau-mesure.com\\\/de\\\/reseau-mesure-express-24-juin-2021\\\/#primaryimage\"},\"thumbnailUrl\":\"https:\\\/\\\/www.reseau-mesure.com\\\/wp-content\\\/uploads\\\/2020\\\/07\\\/20ku.jpeg\",\"datePublished\":\"2021-06-23T07:33:48+00:00\",\"dateModified\":\"2021-06-23T13:56:01+00:00\",\"description\":\"R\u00e9seau Mesure Express 24 juin 2021. Nos partenaires presse et Web s'adressent \u00e0 vous, adh\u00e9rents du R\u00e9seau Mesure.\",\"breadcrumb\":{\"@id\":\"https:\\\/\\\/www.reseau-mesure.com\\\/de\\\/reseau-mesure-express-24-juin-2021\\\/#breadcrumb\"},\"inLanguage\":\"en-US\",\"potentialAction\":[{\"@type\":\"ReadAction\",\"target\":[\"https:\\\/\\\/www.reseau-mesure.com\\\/de\\\/reseau-mesure-express-24-juin-2021\\\/\"]}]},{\"@type\":\"ImageObject\",\"inLanguage\":\"en-US\",\"@id\":\"https:\\\/\\\/www.reseau-mesure.com\\\/de\\\/reseau-mesure-express-24-juin-2021\\\/#primaryimage\",\"url\":\"https:\\\/\\\/www.reseau-mesure.com\\\/wp-content\\\/uploads\\\/2020\\\/07\\\/20ku.jpeg\",\"contentUrl\":\"https:\\\/\\\/www.reseau-mesure.com\\\/wp-content\\\/uploads\\\/2020\\\/07\\\/20ku.jpeg\"},{\"@type\":\"BreadcrumbList\",\"@id\":\"https:\\\/\\\/www.reseau-mesure.com\\\/de\\\/reseau-mesure-express-24-juin-2021\\\/#breadcrumb\",\"itemListElement\":[{\"@type\":\"ListItem\",\"position\":1,\"name\":\"Accueil\",\"item\":\"https:\\\/\\\/www.reseau-mesure.com\\\/\"},{\"@type\":\"ListItem\",\"position\":2,\"name\":\"R\u00e9seau Mesure Express-20210624\"}]},{\"@type\":\"WebSite\",\"@id\":\"https:\\\/\\\/www.reseau-mesure.com\\\/#website\",\"url\":\"https:\\\/\\\/www.reseau-mesure.com\\\/\",\"name\":\"R\u00e9seau-Mesure\",\"description\":\"R\u00e9seau Mesure\",\"publisher\":{\"@id\":\"https:\\\/\\\/www.reseau-mesure.com\\\/#organization\"},\"potentialAction\":[{\"@type\":\"SearchAction\",\"target\":{\"@type\":\"EntryPoint\",\"urlTemplate\":\"https:\\\/\\\/www.reseau-mesure.com\\\/?s={search_term_string}\"},\"query-input\":{\"@type\":\"PropertyValueSpecification\",\"valueRequired\":true,\"valueName\":\"search_term_string\"}}],\"inLanguage\":\"en-US\"},{\"@type\":\"Organization\",\"@id\":\"https:\\\/\\\/www.reseau-mesure.com\\\/#organization\",\"name\":\"R\u00e9seau-Mesure\",\"url\":\"https:\\\/\\\/www.reseau-mesure.com\\\/\",\"logo\":{\"@type\":\"ImageObject\",\"inLanguage\":\"en-US\",\"@id\":\"https:\\\/\\\/www.reseau-mesure.com\\\/#\\\/schema\\\/logo\\\/image\\\/\",\"url\":\"https:\\\/\\\/www.reseau-mesure.com\\\/wp-content\\\/uploads\\\/2018\\\/02\\\/logo-max.png\",\"contentUrl\":\"https:\\\/\\\/www.reseau-mesure.com\\\/wp-content\\\/uploads\\\/2018\\\/02\\\/logo-max.png\",\"width\":545,\"height\":285,\"caption\":\"R\u00e9seau-Mesure\"},\"image\":{\"@id\":\"https:\\\/\\\/www.reseau-mesure.com\\\/#\\\/schema\\\/logo\\\/image\\\/\"},\"sameAs\":[\"https:\\\/\\\/www.facebook.com\\\/reseaumesure\\\/\",\"https:\\\/\\\/x.com\\\/ReseauMesure\",\"https:\\\/\\\/www.linkedin.com\\\/company\\\/reseau-mesure\\\/\"]}]}<\/script>\n<!-- \/ Yoast SEO plugin. -->","yoast_head_json":{"title":"R\u00e9seau Mesure Express 24 juin 2021 - R\u00e9seau Mesure","description":"R\u00e9seau Mesure Express 24 juin 2021. Nos partenaires presse et Web s'adressent \u00e0 vous, adh\u00e9rents du R\u00e9seau Mesure.","robots":{"index":"index","follow":"follow","max-snippet":"max-snippet:-1","max-image-preview":"max-image-preview:large","max-video-preview":"max-video-preview:-1"},"canonical":"https:\/\/www.reseau-mesure.com\/en\/reseau-mesure-express-24-juin-2021\/","og_locale":"en_US","og_type":"article","og_title":"R\u00e9seau Mesure Express 24 juin 2021 - R\u00e9seau Mesure","og_description":"R\u00e9seau Mesure Express 24 juin 2021. Nos partenaires presse et Web s'adressent \u00e0 vous, adh\u00e9rents du R\u00e9seau Mesure.","og_url":"https:\/\/www.reseau-mesure.com\/en\/reseau-mesure-express-24-juin-2021\/","og_site_name":"R\u00e9seau Mesure","article_publisher":"https:\/\/www.facebook.com\/reseaumesure\/","article_modified_time":"2021-06-23T13:56:01+00:00","og_image":[{"url":"https:\/\/www.reseau-mesure.com\/wp-content\/uploads\/2020\/07\/20ku.jpeg","type":"","width":"","height":""}],"twitter_card":"summary_large_image","twitter_site":"@ReseauMesure","twitter_misc":{"Est. reading time":"4 minutes"},"schema":{"@context":"https:\/\/schema.org","@graph":[{"@type":"WebPage","@id":"https:\/\/www.reseau-mesure.com\/de\/reseau-mesure-express-24-juin-2021\/","url":"https:\/\/www.reseau-mesure.com\/de\/reseau-mesure-express-24-juin-2021\/","name":"R\u00e9seau Mesure Express 24 juin 2021 - R\u00e9seau Mesure","isPartOf":{"@id":"https:\/\/www.reseau-mesure.com\/#website"},"primaryImageOfPage":{"@id":"https:\/\/www.reseau-mesure.com\/de\/reseau-mesure-express-24-juin-2021\/#primaryimage"},"image":{"@id":"https:\/\/www.reseau-mesure.com\/de\/reseau-mesure-express-24-juin-2021\/#primaryimage"},"thumbnailUrl":"https:\/\/www.reseau-mesure.com\/wp-content\/uploads\/2020\/07\/20ku.jpeg","datePublished":"2021-06-23T07:33:48+00:00","dateModified":"2021-06-23T13:56:01+00:00","description":"R\u00e9seau Mesure Express 24 juin 2021. Nos partenaires presse et Web s'adressent \u00e0 vous, adh\u00e9rents du R\u00e9seau Mesure.","breadcrumb":{"@id":"https:\/\/www.reseau-mesure.com\/de\/reseau-mesure-express-24-juin-2021\/#breadcrumb"},"inLanguage":"en-US","potentialAction":[{"@type":"ReadAction","target":["https:\/\/www.reseau-mesure.com\/de\/reseau-mesure-express-24-juin-2021\/"]}]},{"@type":"ImageObject","inLanguage":"en-US","@id":"https:\/\/www.reseau-mesure.com\/de\/reseau-mesure-express-24-juin-2021\/#primaryimage","url":"https:\/\/www.reseau-mesure.com\/wp-content\/uploads\/2020\/07\/20ku.jpeg","contentUrl":"https:\/\/www.reseau-mesure.com\/wp-content\/uploads\/2020\/07\/20ku.jpeg"},{"@type":"BreadcrumbList","@id":"https:\/\/www.reseau-mesure.com\/de\/reseau-mesure-express-24-juin-2021\/#breadcrumb","itemListElement":[{"@type":"ListItem","position":1,"name":"Accueil","item":"https:\/\/www.reseau-mesure.com\/"},{"@type":"ListItem","position":2,"name":"R\u00e9seau Mesure Express-20210624"}]},{"@type":"WebSite","@id":"https:\/\/www.reseau-mesure.com\/#website","url":"https:\/\/www.reseau-mesure.com\/","name":"R\u00e9seau-Mesure","description":"Network Measure","publisher":{"@id":"https:\/\/www.reseau-mesure.com\/#organization"},"potentialAction":[{"@type":"SearchAction","target":{"@type":"EntryPoint","urlTemplate":"https:\/\/www.reseau-mesure.com\/?s={search_term_string}"},"query-input":{"@type":"PropertyValueSpecification","valueRequired":true,"valueName":"search_term_string"}}],"inLanguage":"en-US"},{"@type":"Organization","@id":"https:\/\/www.reseau-mesure.com\/#organization","name":"R\u00e9seau-Mesure","url":"https:\/\/www.reseau-mesure.com\/","logo":{"@type":"ImageObject","inLanguage":"en-US","@id":"https:\/\/www.reseau-mesure.com\/#\/schema\/logo\/image\/","url":"https:\/\/www.reseau-mesure.com\/wp-content\/uploads\/2018\/02\/logo-max.png","contentUrl":"https:\/\/www.reseau-mesure.com\/wp-content\/uploads\/2018\/02\/logo-max.png","width":545,"height":285,"caption":"R\u00e9seau-Mesure"},"image":{"@id":"https:\/\/www.reseau-mesure.com\/#\/schema\/logo\/image\/"},"sameAs":["https:\/\/www.facebook.com\/reseaumesure\/","https:\/\/x.com\/ReseauMesure","https:\/\/www.linkedin.com\/company\/reseau-mesure\/"]}]}},"_links":{"self":[{"href":"https:\/\/www.reseau-mesure.com\/en\/wp-json\/wp\/v2\/pages\/14350","targetHints":{"allow":["GET"]}}],"collection":[{"href":"https:\/\/www.reseau-mesure.com\/en\/wp-json\/wp\/v2\/pages"}],"about":[{"href":"https:\/\/www.reseau-mesure.com\/en\/wp-json\/wp\/v2\/types\/page"}],"author":[{"embeddable":true,"href":"https:\/\/www.reseau-mesure.com\/en\/wp-json\/wp\/v2\/users\/685"}],"replies":[{"embeddable":true,"href":"https:\/\/www.reseau-mesure.com\/en\/wp-json\/wp\/v2\/comments?post=14350"}],"version-history":[{"count":0,"href":"https:\/\/www.reseau-mesure.com\/en\/wp-json\/wp\/v2\/pages\/14350\/revisions"}],"wp:attachment":[{"href":"https:\/\/www.reseau-mesure.com\/en\/wp-json\/wp\/v2\/media?parent=14350"}],"curies":[{"name":"wp","href":"https:\/\/api.w.org\/{rel}","templated":true}]}}