{"id":14478,"date":"2021-07-05T10:06:21","date_gmt":"2021-07-05T08:06:21","guid":{"rendered":"https:\/\/www.reseau-mesure.com\/?page_id=14478"},"modified":"2021-07-05T11:15:21","modified_gmt":"2021-07-05T09:15:21","slug":"fctm-esope","status":"publish","type":"page","link":"https:\/\/www.reseau-mesure.com\/en\/fctm-esope\/","title":{"rendered":"FTCM-ESOPE"},"content":{"rendered":"<a href=\"https:\/\/www.fctm-esope.com\/\" target=\"_self\" itemprop=\"url\" rel=\"noopener\">\n\t\t\t\t<img loading=\"lazy\" decoding=\"async\" src=\"https:\/\/www.reseau-mesure.com\/wp-content\/uploads\/2021\/07\/BANDEAU.jpg\" alt=\"FCTM ESOPE\" itemprop=\"image\" height=\"167\" width=\"302\" title=\"FCTM ESOPE\" onerror=\"this.style.display='none'\"  \/>\n\t\t\t\t<\/a>\n\t\n\t\n\n<p>&nbsp;<\/p>\n\t<strong>Pullman Dock<\/strong>\n<strong>Paris<\/strong>\n<p>&nbsp;<\/p>\n\t\t\t<a href=\"https:\/\/www.reseau-mesure.com\/wp-content\/uploads\/2021\/07\/FCTM-2021-DA.pdf\" target=\"_self\" role=\"button\" rel=\"noopener\">\n\t\t\t\t\t\t\tEXHIBITOR registration\n\t\t\t\t\t<\/a>\n\t<h2>THE EVENT DEDICATED TO BOILED INDUSTRIAL EQUIPMENT<\/h2>\n\t<h3>Objective: to create cross-fertilization between all the actors on all the themes through a plurality of meeting formats<\/h3>\n<b>Provide a global response to the challenges<\/b> boiler and ESP equipment and industrial piping\n<b>Offer a complete panorama of players and technologies<\/b> contributing to the life of the equipment\n<b>Mobilize all stakeholders:<\/b> manufacturers, integrators, distributors, owners, principals\n<b>Give access to all the information<\/b> dedicated to equipment and its environment\n<p>&nbsp;<\/p>\n\n<ul>\n<li><strong>Maintaining the \u201cearly bird\u201d rate, regardless of the date of registration<\/strong><\/li>\n<li><strong>50% discount on registration fees\u00a0<\/strong><\/li>\n<\/ul>\n<p>&nbsp;<\/p>\n<h4>The FCTM \/ ESOPE event deals with the entire value chain of the life of industrial boilermaking equipment and industrial piping to respond to all issues<\/h4>\n<a href=\"https:\/\/www.fctm-esope.com\/fr\/content\/le-concept\"><img decoding=\"async\" src=\"https:\/\/cdn-assets.inwink.com\/7be0daf2-d9d2-e911-a40a-501ac5066b5e-public\/assets\/pictures\/new-images\/Sch%C3%A9ma%20de%20vie.png\" \/><\/a>\n\t<p>&nbsp;<\/p>\n\n<p>&nbsp;<\/p>\n\t\t\t<a href=\"https:\/\/www.reseau-mesure.com\/wp-content\/uploads\/2021\/07\/LISTES-EXPOSANTS-DERNIERE-EDITION.xlsx\" target=\"_blank\" role=\"button\" rel=\"noopener\">\n\t\t\t\t\t\tLAST EDITION EXHIBITOR LISTS\n\t\t\t\t\t<\/a>","protected":false},"excerpt":{"rendered":"<p>&nbsp; Dock Pullman Paris Registration EXHIBITOR THE EVENT DEDICATED TO BOILER-WORK INDUSTRIAL EQUIPMENT Objective: to create cross-fertilization between all the players on all the themes through a plurality of meeting formats Provide a global response to the challenges of boiler-making and ESP equipment and industrial piping Provide a complete overview of the players\u2026<\/p>","protected":false},"author":720,"featured_media":0,"parent":0,"menu_order":0,"comment_status":"closed","ping_status":"closed","template":"","meta":{"_acf_changed":false,"footnotes":""},"class_list":["post-14478","page","type-page","status-publish","hentry"],"acf":[],"yoast_head":"<!-- This site is optimized with the Yoast SEO plugin v27.5 - https:\/\/yoast.com\/product\/yoast-seo-wordpress\/ -->\n<title>FTCM-ESOPE - R\u00e9seau Mesure<\/title>\n<meta name=\"description\" content=\"FTCM ESOPE - Une approche 360\u00b0 des \u00e9quipements chaudronn\u00e9s, tuyauterie et ESP : 2 jours pour cr\u00e9er une fertilisation crois\u00e9e entre l\u2019ensemble des acteurs et apporter une r\u00e9ponse globale aux enjeux du secteur100 exposants pour offrir un panorama complet des acteurs et technologies contribuant \u00e0 la vie des \u00e9quipements.\" \/>\n<meta name=\"robots\" content=\"index, follow, max-snippet:-1, max-image-preview:large, max-video-preview:-1\" \/>\n<link rel=\"canonical\" href=\"https:\/\/www.reseau-mesure.com\/en\/fctm-esope\/\" \/>\n<meta property=\"og:locale\" content=\"en_US\" \/>\n<meta property=\"og:type\" content=\"article\" \/>\n<meta property=\"og:title\" content=\"FTCM-ESOPE - R\u00e9seau Mesure\" \/>\n<meta property=\"og:description\" content=\"FTCM ESOPE - Une approche 360\u00b0 des \u00e9quipements chaudronn\u00e9s, tuyauterie et ESP : 2 jours pour cr\u00e9er une fertilisation crois\u00e9e entre l\u2019ensemble des acteurs et apporter une r\u00e9ponse globale aux enjeux du secteur100 exposants pour offrir un panorama complet des acteurs et technologies contribuant \u00e0 la vie des \u00e9quipements.\" \/>\n<meta property=\"og:url\" content=\"https:\/\/www.reseau-mesure.com\/en\/fctm-esope\/\" \/>\n<meta property=\"og:site_name\" content=\"R\u00e9seau Mesure\" \/>\n<meta property=\"article:publisher\" content=\"https:\/\/www.facebook.com\/reseaumesure\/\" \/>\n<meta property=\"article:modified_time\" content=\"2021-07-05T09:15:21+00:00\" \/>\n<meta property=\"og:image\" content=\"https:\/\/www.reseau-mesure.com\/wp-content\/uploads\/2021\/07\/BANDEAU.jpg\" \/>\n<meta name=\"twitter:card\" content=\"summary_large_image\" \/>\n<meta name=\"twitter:site\" content=\"@ReseauMesure\" \/>\n<meta name=\"twitter:label1\" content=\"Est. reading time\" \/>\n\t<meta name=\"twitter:data1\" content=\"1 minute\" \/>\n<script type=\"application\/ld+json\" class=\"yoast-schema-graph\">{\"@context\":\"https:\\\/\\\/schema.org\",\"@graph\":[{\"@type\":\"WebPage\",\"@id\":\"https:\\\/\\\/www.reseau-mesure.com\\\/de\\\/fctm-esope\\\/\",\"url\":\"https:\\\/\\\/www.reseau-mesure.com\\\/de\\\/fctm-esope\\\/\",\"name\":\"FTCM-ESOPE - R\u00e9seau Mesure\",\"isPartOf\":{\"@id\":\"https:\\\/\\\/www.reseau-mesure.com\\\/#website\"},\"primaryImageOfPage\":{\"@id\":\"https:\\\/\\\/www.reseau-mesure.com\\\/de\\\/fctm-esope\\\/#primaryimage\"},\"image\":{\"@id\":\"https:\\\/\\\/www.reseau-mesure.com\\\/de\\\/fctm-esope\\\/#primaryimage\"},\"thumbnailUrl\":\"https:\\\/\\\/www.reseau-mesure.com\\\/wp-content\\\/uploads\\\/2021\\\/07\\\/BANDEAU.jpg\",\"datePublished\":\"2021-07-05T08:06:21+00:00\",\"dateModified\":\"2021-07-05T09:15:21+00:00\",\"description\":\"FTCM ESOPE - Une approche 360\u00b0 des \u00e9quipements chaudronn\u00e9s, tuyauterie et ESP : 2 jours pour cr\u00e9er une fertilisation crois\u00e9e entre l\u2019ensemble des acteurs et apporter une r\u00e9ponse globale aux enjeux du secteur100 exposants pour offrir un panorama complet des acteurs et technologies contribuant \u00e0 la vie des \u00e9quipements.\",\"breadcrumb\":{\"@id\":\"https:\\\/\\\/www.reseau-mesure.com\\\/de\\\/fctm-esope\\\/#breadcrumb\"},\"inLanguage\":\"en-US\",\"potentialAction\":[{\"@type\":\"ReadAction\",\"target\":[\"https:\\\/\\\/www.reseau-mesure.com\\\/de\\\/fctm-esope\\\/\"]}]},{\"@type\":\"ImageObject\",\"inLanguage\":\"en-US\",\"@id\":\"https:\\\/\\\/www.reseau-mesure.com\\\/de\\\/fctm-esope\\\/#primaryimage\",\"url\":\"https:\\\/\\\/www.reseau-mesure.com\\\/wp-content\\\/uploads\\\/2021\\\/07\\\/BANDEAU.jpg\",\"contentUrl\":\"https:\\\/\\\/www.reseau-mesure.com\\\/wp-content\\\/uploads\\\/2021\\\/07\\\/BANDEAU.jpg\"},{\"@type\":\"BreadcrumbList\",\"@id\":\"https:\\\/\\\/www.reseau-mesure.com\\\/de\\\/fctm-esope\\\/#breadcrumb\",\"itemListElement\":[{\"@type\":\"ListItem\",\"position\":1,\"name\":\"Accueil\",\"item\":\"https:\\\/\\\/www.reseau-mesure.com\\\/\"},{\"@type\":\"ListItem\",\"position\":2,\"name\":\"FTCM-ESOPE\"}]},{\"@type\":\"WebSite\",\"@id\":\"https:\\\/\\\/www.reseau-mesure.com\\\/#website\",\"url\":\"https:\\\/\\\/www.reseau-mesure.com\\\/\",\"name\":\"R\u00e9seau-Mesure\",\"description\":\"R\u00e9seau Mesure\",\"publisher\":{\"@id\":\"https:\\\/\\\/www.reseau-mesure.com\\\/#organization\"},\"potentialAction\":[{\"@type\":\"SearchAction\",\"target\":{\"@type\":\"EntryPoint\",\"urlTemplate\":\"https:\\\/\\\/www.reseau-mesure.com\\\/?s={search_term_string}\"},\"query-input\":{\"@type\":\"PropertyValueSpecification\",\"valueRequired\":true,\"valueName\":\"search_term_string\"}}],\"inLanguage\":\"en-US\"},{\"@type\":\"Organization\",\"@id\":\"https:\\\/\\\/www.reseau-mesure.com\\\/#organization\",\"name\":\"R\u00e9seau-Mesure\",\"url\":\"https:\\\/\\\/www.reseau-mesure.com\\\/\",\"logo\":{\"@type\":\"ImageObject\",\"inLanguage\":\"en-US\",\"@id\":\"https:\\\/\\\/www.reseau-mesure.com\\\/#\\\/schema\\\/logo\\\/image\\\/\",\"url\":\"https:\\\/\\\/www.reseau-mesure.com\\\/wp-content\\\/uploads\\\/2018\\\/02\\\/logo-max.png\",\"contentUrl\":\"https:\\\/\\\/www.reseau-mesure.com\\\/wp-content\\\/uploads\\\/2018\\\/02\\\/logo-max.png\",\"width\":545,\"height\":285,\"caption\":\"R\u00e9seau-Mesure\"},\"image\":{\"@id\":\"https:\\\/\\\/www.reseau-mesure.com\\\/#\\\/schema\\\/logo\\\/image\\\/\"},\"sameAs\":[\"https:\\\/\\\/www.facebook.com\\\/reseaumesure\\\/\",\"https:\\\/\\\/x.com\\\/ReseauMesure\",\"https:\\\/\\\/www.linkedin.com\\\/company\\\/reseau-mesure\\\/\"]}]}<\/script>\n<!-- \/ Yoast SEO plugin. -->","yoast_head_json":{"title":"FTCM-ESOPE - R\u00e9seau Mesure","description":"FTCM ESOPE - Une approche 360\u00b0 des \u00e9quipements chaudronn\u00e9s, tuyauterie et ESP : 2 jours pour cr\u00e9er une fertilisation crois\u00e9e entre l\u2019ensemble des acteurs et apporter une r\u00e9ponse globale aux enjeux du secteur100 exposants pour offrir un panorama complet des acteurs et technologies contribuant \u00e0 la vie des \u00e9quipements.","robots":{"index":"index","follow":"follow","max-snippet":"max-snippet:-1","max-image-preview":"max-image-preview:large","max-video-preview":"max-video-preview:-1"},"canonical":"https:\/\/www.reseau-mesure.com\/en\/fctm-esope\/","og_locale":"en_US","og_type":"article","og_title":"FTCM-ESOPE - R\u00e9seau Mesure","og_description":"FTCM ESOPE - Une approche 360\u00b0 des \u00e9quipements chaudronn\u00e9s, tuyauterie et ESP : 2 jours pour cr\u00e9er une fertilisation crois\u00e9e entre l\u2019ensemble des acteurs et apporter une r\u00e9ponse globale aux enjeux du secteur100 exposants pour offrir un panorama complet des acteurs et technologies contribuant \u00e0 la vie des \u00e9quipements.","og_url":"https:\/\/www.reseau-mesure.com\/en\/fctm-esope\/","og_site_name":"R\u00e9seau Mesure","article_publisher":"https:\/\/www.facebook.com\/reseaumesure\/","article_modified_time":"2021-07-05T09:15:21+00:00","og_image":[{"url":"https:\/\/www.reseau-mesure.com\/wp-content\/uploads\/2021\/07\/BANDEAU.jpg","type":"","width":"","height":""}],"twitter_card":"summary_large_image","twitter_site":"@ReseauMesure","twitter_misc":{"Est. reading time":"1 minute"},"schema":{"@context":"https:\/\/schema.org","@graph":[{"@type":"WebPage","@id":"https:\/\/www.reseau-mesure.com\/de\/fctm-esope\/","url":"https:\/\/www.reseau-mesure.com\/de\/fctm-esope\/","name":"FTCM-ESOPE - R\u00e9seau Mesure","isPartOf":{"@id":"https:\/\/www.reseau-mesure.com\/#website"},"primaryImageOfPage":{"@id":"https:\/\/www.reseau-mesure.com\/de\/fctm-esope\/#primaryimage"},"image":{"@id":"https:\/\/www.reseau-mesure.com\/de\/fctm-esope\/#primaryimage"},"thumbnailUrl":"https:\/\/www.reseau-mesure.com\/wp-content\/uploads\/2021\/07\/BANDEAU.jpg","datePublished":"2021-07-05T08:06:21+00:00","dateModified":"2021-07-05T09:15:21+00:00","description":"FTCM ESOPE - Une approche 360\u00b0 des \u00e9quipements chaudronn\u00e9s, tuyauterie et ESP : 2 jours pour cr\u00e9er une fertilisation crois\u00e9e entre l\u2019ensemble des acteurs et apporter une r\u00e9ponse globale aux enjeux du secteur100 exposants pour offrir un panorama complet des acteurs et technologies contribuant \u00e0 la vie des \u00e9quipements.","breadcrumb":{"@id":"https:\/\/www.reseau-mesure.com\/de\/fctm-esope\/#breadcrumb"},"inLanguage":"en-US","potentialAction":[{"@type":"ReadAction","target":["https:\/\/www.reseau-mesure.com\/de\/fctm-esope\/"]}]},{"@type":"ImageObject","inLanguage":"en-US","@id":"https:\/\/www.reseau-mesure.com\/de\/fctm-esope\/#primaryimage","url":"https:\/\/www.reseau-mesure.com\/wp-content\/uploads\/2021\/07\/BANDEAU.jpg","contentUrl":"https:\/\/www.reseau-mesure.com\/wp-content\/uploads\/2021\/07\/BANDEAU.jpg"},{"@type":"BreadcrumbList","@id":"https:\/\/www.reseau-mesure.com\/de\/fctm-esope\/#breadcrumb","itemListElement":[{"@type":"ListItem","position":1,"name":"Accueil","item":"https:\/\/www.reseau-mesure.com\/"},{"@type":"ListItem","position":2,"name":"FTCM-ESOPE"}]},{"@type":"WebSite","@id":"https:\/\/www.reseau-mesure.com\/#website","url":"https:\/\/www.reseau-mesure.com\/","name":"R\u00e9seau-Mesure","description":"Network Measure","publisher":{"@id":"https:\/\/www.reseau-mesure.com\/#organization"},"potentialAction":[{"@type":"SearchAction","target":{"@type":"EntryPoint","urlTemplate":"https:\/\/www.reseau-mesure.com\/?s={search_term_string}"},"query-input":{"@type":"PropertyValueSpecification","valueRequired":true,"valueName":"search_term_string"}}],"inLanguage":"en-US"},{"@type":"Organization","@id":"https:\/\/www.reseau-mesure.com\/#organization","name":"R\u00e9seau-Mesure","url":"https:\/\/www.reseau-mesure.com\/","logo":{"@type":"ImageObject","inLanguage":"en-US","@id":"https:\/\/www.reseau-mesure.com\/#\/schema\/logo\/image\/","url":"https:\/\/www.reseau-mesure.com\/wp-content\/uploads\/2018\/02\/logo-max.png","contentUrl":"https:\/\/www.reseau-mesure.com\/wp-content\/uploads\/2018\/02\/logo-max.png","width":545,"height":285,"caption":"R\u00e9seau-Mesure"},"image":{"@id":"https:\/\/www.reseau-mesure.com\/#\/schema\/logo\/image\/"},"sameAs":["https:\/\/www.facebook.com\/reseaumesure\/","https:\/\/x.com\/ReseauMesure","https:\/\/www.linkedin.com\/company\/reseau-mesure\/"]}]}},"_links":{"self":[{"href":"https:\/\/www.reseau-mesure.com\/en\/wp-json\/wp\/v2\/pages\/14478","targetHints":{"allow":["GET"]}}],"collection":[{"href":"https:\/\/www.reseau-mesure.com\/en\/wp-json\/wp\/v2\/pages"}],"about":[{"href":"https:\/\/www.reseau-mesure.com\/en\/wp-json\/wp\/v2\/types\/page"}],"author":[{"embeddable":true,"href":"https:\/\/www.reseau-mesure.com\/en\/wp-json\/wp\/v2\/users\/720"}],"replies":[{"embeddable":true,"href":"https:\/\/www.reseau-mesure.com\/en\/wp-json\/wp\/v2\/comments?post=14478"}],"version-history":[{"count":0,"href":"https:\/\/www.reseau-mesure.com\/en\/wp-json\/wp\/v2\/pages\/14478\/revisions"}],"wp:attachment":[{"href":"https:\/\/www.reseau-mesure.com\/en\/wp-json\/wp\/v2\/media?parent=14478"}],"curies":[{"name":"wp","href":"https:\/\/api.w.org\/{rel}","templated":true}]}}