{"id":14497,"date":"2021-07-05T15:25:07","date_gmt":"2021-07-05T13:25:07","guid":{"rendered":"https:\/\/www.reseau-mesure.com\/?page_id=14497"},"modified":"2021-07-05T17:16:54","modified_gmt":"2021-07-05T15:16:54","slug":"reseau-mesure-express-8-juillet-2021","status":"publish","type":"page","link":"https:\/\/www.reseau-mesure.com\/en\/reseau-mesure-express-8-juillet-2021\/","title":{"rendered":"Express Measurement Network-20210708"},"content":{"rendered":"<img loading=\"lazy\" decoding=\"async\" src=\"https:\/\/www.reseau-mesure.com\/wp-content\/uploads\/2020\/07\/20ku.jpeg\" alt=\"R\u00e9seau Mesure Express\" itemprop=\"image\" height=\"300\" width=\"970\" title=\"Express Measurement Network Header\" onerror=\"this.style.display='none'\"  \/>\n<h1>\n\t\tR\u00e9seau Mesure Express July 8, 2021\n\t<\/h1>\n<h2>\n\t\t<a href=\"https:\/\/www.reseau-mesure.com\/en\/le-reseau-mesure-2\/\" title=\"08.07.2021\" target=\"_blank\" rel=\"noopener\">\n\t\t08.07.2021\n\t\t<\/a>\n\t<\/h2>\n\t<h3><strong>A network for its members, through its members<\/strong><\/h3>\n\t<p>R\u00e9seau Mesure Express July 8, 2021: members can find the news of the association in R\u00e9seau Mesure Express.<\/p>\n<p>July&#039;s schedule<\/p>\n<h2>\n\t\t<a href=\"https:\/\/www.reseau-mesure.com\/en\/\" title=\"A new President for the Measurement Network\" target=\"_blank\" rel=\"noopener\">\n\t\tA new President for the Measurement Network\n\t\t<\/a>\n\t<\/h2>\n\t<h2>Claunel Massi\u00e8s elected President<\/h2>\n\t<p>The General Assembly of the Measurement Network was held on June 29 in Cergy. 19 directors now form the Board of Directors and the new Bureau of the Association which has appointed Claunel Massi\u00e8s as President as representative of the company <a href=\"https:\/\/www.reseau-mesure.com\/en\/adherent\/wika-instruments\/\">WIKA<\/a>. He will be surrounded by three Vice-President, Martine Failly, representative of\u00a0<a href=\"https:\/\/www.blet-mesure.fr\/contact-blet\/B17\/2011\/01\/17\/demande-d-information_001487.html\">Blet Measurement Group<\/a>, Marc-Robert Henrard Chairman of\u00a0<a href=\"https:\/\/www.navimet.fr\/\">Navimet<\/a>\u00a0and Patrick Robert, President of\u00a0<a href=\"https:\/\/www.syrtem.com\/home\/\">Syrtem<\/a>, as well as Jacques Marionneau as treasurer and Christophe Bracon, secretary, who respectively represent the companies\u00a0<a href=\"https:\/\/www.kobold.com\/\">Kobold<\/a>\u00a0and\u00a0<a href=\"https:\/\/www.wimesure.fr\/cbx\/index.htm\">Wimesure<\/a>.<\/p>\n<p>Claunel Massi\u00e8s, 53 years old, from an initial training in Mechanics and Industrial Automation, graduated MG from ESSEC Business School,<\/p>\n<p>Claunel Massi\u00e8s joined the WIKA group in 2010 as Managing Director of WIKA Instruments. He was then appointed president of the group&#039;s various acquisitions in France with the same objective, to federate and optimize operational efficiency, including business development in France and in French-speaking countries in Africa.<\/p>\n<p>At the start of 2021, Claunel Massi\u00e8s took responsibility for the Distribution policy of the WIKA group as Vice-president of EMEA \/ India distribution.<\/p>\n<p>Before joining\u00a0<a href=\"https:\/\/www.wika.fr\/?utm_source=google&amp;utm_medium=cpc&amp;utm_term=wika&amp;utm_content=AD_wika_homepage&amp;utm_campaign=WIKA&amp;gclid=Cj0KCQjw24qHBhCnARIsAPbdtlLYbUhndf81ssbtgR71Yts-GLLG9IfbfFYv_Xm9NSH4vfraor28E-IaArrQEALw_wcB\">WIKA<\/a>, Claunel Massi\u00e8s was at the origin of the establishment of the SMC Pneumatique group in France where he worked for nearly 20 years and where he held various sales management positions.<\/p>\n<p>The objective of the Measuring Network is to guarantee its members a\u00a0<a href=\"https:\/\/www.reseau-mesure.com\/en\/actions\/\">targeted shared action plan<\/a>, pragmatic and effective for all and thus support them in their development.<\/p>\n<p>The Measurement Network must be an operational player with the profession, in particular through communication actions, promotion of know-how, pooled purchases, commercial development or information and awareness-raising.<\/p>\n<p>The priorities of the Measurement Network remain unchanged and Claunel Massi\u00e8s wishes to maintain a close relationship with the members in order to guarantee them the implementation of an action plan in accordance with the needs expressed.<\/p>\n<p>The quality of exchanges with the association&#039;s partners is therefore essential for the deployment of effective collaborative synergies.<\/p>\n<p>&nbsp;<\/p>\n\t\t\t\t<a href=\"mailto:eduflot@reseau-mesure.com\" target=\"_blank\" rel=\"noopener\" itemprop=\"url\">\n\t\t\t\t<img loading=\"lazy\" decoding=\"async\" src=\"https:\/\/www.reseau-mesure.com\/wp-content\/uploads\/2021\/07\/2021-portrait.jpg\" alt=\"Claunel Massies\" itemprop=\"image\" height=\"411\" width=\"371\" title=\"Claunel Massies 2021 portrait\" onerror=\"this.style.display='none'\"  \/>\n\t\t\t\t<\/a>\n\t\t\t\t<a href=\"https:\/\/www.reseau-mesure.com\/en\/adherent\/wika-instruments\/\" target=\"_blank\" rel=\"noopener\" itemprop=\"url\">\n\t\t\t\t<img loading=\"lazy\" decoding=\"async\" src=\"https:\/\/www.reseau-mesure.com\/wp-content\/uploads\/2019\/05\/2000px-WIKA_Logo.svg_-300x104.png\" alt=\"WIKA\" itemprop=\"image\" height=\"104\" width=\"300\" title=\"2000px-WIKA_Logo.svg_.png\" onerror=\"this.style.display='none'\"  \/>\n\t\t\t\t<\/a>\n<h2>\n\t\t<a href=\"https:\/\/www.reseau-mesure.com\/en\/la-formation\/\" title=\"CIFL inter-company training schedule\" target=\"_blank\" rel=\"noopener\">\n\t\tCIFL inter-company training schedule\n\t\t<\/a>\n\t<\/h2>\n\t\t\t\t<a href=\"https:\/\/www.reseau-mesure.com\/wp-content\/uploads\/2021\/06\/PLAN-MEDIA-2021-RESEAU-MESURE-1.pdf\" target=\"_blank\" rel=\"noopener\" itemprop=\"url\">\n\t\t\t\t<img loading=\"lazy\" decoding=\"async\" src=\"https:\/\/www.reseau-mesure.com\/wp-content\/uploads\/2020\/12\/vendre.jpg\" alt=\"formation vendre et manager en distanciel\" itemprop=\"image\" height=\"1357\" width=\"1920\" title=\"sale\" onerror=\"this.style.display='none'\"  \/>\n\t\t\t\t<\/a>\n\t<p><strong>2 places are reserved for each training for members of the Measurement Network<\/strong>,<\/p>\n<p>So why not enjoy it?<\/p>\n\t<p>&nbsp;<\/p>\n<h3><strong>Discover our training program for the second half of 2021\u2026<\/strong><\/h3>\n<p>The <strong><em><a href=\"https:\/\/eye.newscifl.fr\/c?p=wAbNAnnDxBA90I5-ENCW90tL0L7n0LLQyFhoRWTEEAhbE1fQq9DcSynQoffQkxVKPNC8-NlBaHR0cHM6Ly9jaWZsLmNvbS9tZWRpYS9tZWRpYS9DYWxlbmRyaWVyRm9ybWF0aW9uc0NJRkwyMDIxMjAyMi5wZGa4NWFjYjU1ZDZiODViNTMyYmNhMTQ4OWUztnpLVzlzR1FWUzU2bzY4NTRoWlFNM3fAtkJ5OElQcmw2UWRTVWFjME1GUTU3Y1GvZXllLm5ld3NjaWZsLmZyxBQfM37QmDHmQEJtMHgk4tCa0Nw2NtDX0MhJ\" data-link-id=\"CFsTV6vcSymh95MVSjy8-A\">sales training calendar<\/a><\/em><\/strong> hosted by QWANTIQ for CIFL is set for the second half of 2021 and early 2022.<\/p>\n\n<p>In the program :<\/p>\n\n<p>\u2013 Sell and Trade in the Lab<\/p>\n<p>\u2013 Provide and Sell the Service<\/p>\n\n\n<p>\u2013 Prospecting and making appointments<\/p>\n<p>\u2013 Succeed in Telesales<\/p>\n<p>\u2013 Remote Manager<\/p>\n<p>\u2013 Sell remotely<\/p>\n<p>\u2013 Defend its prices<\/p>\n<p>\u2013 Management of Commercial Actions<\/p>\n\n<h2>\n\t\t<a href=\"https:\/\/www.reseau-mesure.com\/en\/f-initiativas\/\" title=\"Recovery Plan: a new filing date has just been announced on September 7, 2021\" target=\"_blank\" rel=\"noopener\">\n\t\tRecovery Plan: a new filing date has just been announced on September 7, 2021\n\t\t<\/a>\n\t<\/h2>\n\t<p>With France Relance, the Government is committed to industry. The recovery plan mobilizes a total of nearly 35 billion euros in favor of the industry, over the period 2020-2022 around 4 axes: decarbonize, (re)localise, modernize and innovate.<\/p>\n<p>In this context, support schemes were launched in the summer of 2020, in particular calls for projects aimed at supporting strategic investments in key sectors:<\/p>\n<ul>\n<li><b><strong>Investment support and support funds aimed at accelerating the diversification, modernization and ecological transformation of the aeronautics and automotive sectors<\/strong><\/b>. To date, 588 winning projects have already been supported. They represent a productive investment of nearly 1,300 million euros nationwide and will benefit from state support of nearly 510 million euros.<\/li>\n<li><b><strong>The nuclear sector investment support fund<\/strong><\/b>. It includes in particular the call for projects to support the industrial modernization of companies in the sector and innovation aimed at developing solutions for &quot;Factories of the future&quot; as well as the call for projects to strengthen the skills of the sector. nuclear. At present, 20 winning projects have been announced, representing nearly 114 million euros of industrial investments, supported for nearly 32 million euros by the State.<\/li>\n<li><b><strong>The (Re)localization call for projects, aimed at supporting investment in five critical sectors<\/strong><\/b>\u00a0: Health, Agrifood, Electronics, Essential industry inputs (chemicals, materials, raw materials, etc.) and industrial applications of 5G. At present, 309 winners have already been selected representing more than 2.1 billion euros of industrial investments, supported for nearly 538 million euros by the State.<\/li>\n<\/ul>\n\n<p>Companies can already submit their application for the latter under these calls for projects. Projects can be submitted to the\u00a0<a href=\"https:\/\/www.bpifrance.fr\/A-la-une\/Appels-a-projets-concours\/Appel-a-projets-Plan-de-relance-pour-l-industrie-Secteurs-strategiques-volet-national-50697\">platform<\/a>\u00a0dedicated to Bpifrance, until September 7, 2021 at noon. Application procedures and specifications are available at the following address:\u00a0<\/p>\n\n\t\t\t\t<a href=\"https:\/\/www.reseau-mesure.com\/en\/f-initiativas\/\" target=\"_blank\" rel=\"noopener\" itemprop=\"url\">\n\t\t\t\t<img loading=\"lazy\" decoding=\"async\" src=\"https:\/\/www.reseau-mesure.com\/wp-content\/uploads\/2021\/07\/f.iniciativas.jpg\" alt=\"f.iniciativas\" itemprop=\"image\" height=\"105\" width=\"146\" title=\"f.iniciativas\" onerror=\"this.style.display='none'\"  \/>\n\t\t\t\t<\/a>\n\t<p>Members of the Measurement Network can be supported by our partner <a href=\"https:\/\/www.reseau-mesure.com\/en\/f-initiativas\/\">F Iniciativas<\/a> in their efforts.<\/p>\n<p>Two other devices may also interest you:<\/p>\n<ul>\n<li><strong><u>Decarbonization <\/u><\/strong><\/li>\n<\/ul>\n\n<p>Target: SME, ETI, Large Group<\/p>\n<p>Call for projects *: ASP D\u00e9carbonation<\/p>\n<p>Target budget: over 200K<\/p>\n<p>Type of expenditure: Investment<\/p>\n<p>Next shift: continuous (until 31\/12\/2022)<\/p>\n<p>Purpose: Any industrial investment project generating significant energy savings.<\/p>\n<p>&nbsp;<\/p>\n<ul>\n<li><strong><u>Innovation<\/u><\/strong><\/li>\n<\/ul>\n\n\n\n<p>Target budget: over 200K<\/p>\n<p>Type of expenditure: Innovation \/ Investment<\/p>\n<p>Next succession: continuous (until 2022)<\/p>\n<p>Purpose: Project relating to the feasibility and development of innovation<\/p>\n\t\t\t<a href=\"https:\/\/www.reseau-mesure.com\/en\/evenements\/\" target=\"_self\" role=\"button\" rel=\"noopener\">\n\t\t\t\t\t\t\tThe complete agenda of the Measurement Network\n\t\t\t\t\t<\/a>\n\t\t\t\t<a href=\"https:\/\/www.reseau-mesure.com\/en\/evenements\/\" target=\"_blank\" rel=\"noopener\" itemprop=\"url\">\n\t\t\t\t<img loading=\"lazy\" decoding=\"async\" src=\"https:\/\/www.reseau-mesure.com\/wp-content\/uploads\/2020\/08\/Plan-de-travail-3niveau.png\" alt=\"R\u00e9seau Mesure Express Actualites\" itemprop=\"image\" height=\"3665\" width=\"5520\" title=\"Express Measurement Network News\" onerror=\"this.style.display='none'\"  \/>\n\t\t\t\t<\/a>\n\t<h1>Haxoneo webinar: electric or thermal vehicles, what is the real cost for your business?<\/h1>\n\t\n<p>&nbsp;<\/p>\n\n<p>&nbsp;<\/p>\n<p>Between the price of the vehicle, the fuel, the conversion bonuses, the taxes, the autonomy of the vehicle, etc., the calculation is not so obvious. We offer you to see more clearly with this webinar.<\/p>\n\n\n<ul>\n<li>The TCO approach <strong>(total cost of ownership),<\/strong><\/li>\n<li>Examples and comparisons of <strong>electric vehicles<\/strong> (total or hybrid) or <strong>thermal<\/strong> <strong>acquired in LLD (Long Term Rental),<\/strong><\/li>\n<\/ul>\n<p>Your <strong>Questions<\/strong> on this topic<\/p>\n\t<h2>R\u00e9seau Mesure Express: news about the association&#039;s action plan<\/h2>","protected":false},"excerpt":{"rendered":"<p>R\u00e9seau Mesure Express July 8, 2021 08.07.2021 A network for its members, by its members R\u00e9seau Mesure Express July 8, 2021: members can find news about the association in R\u00e9seau Mesure Express. The agenda for July A new President for the Measurement Network Claunel Massi\u00e8s elected President The General Assembly of the Measurement Network was\u2026<\/p>","protected":false},"author":720,"featured_media":0,"parent":0,"menu_order":0,"comment_status":"closed","ping_status":"closed","template":"","meta":{"_acf_changed":false,"footnotes":""},"class_list":["post-14497","page","type-page","status-publish","hentry"],"acf":[],"yoast_head":"<!-- This site is optimized with the Yoast SEO plugin v27.4 - https:\/\/yoast.com\/product\/yoast-seo-wordpress\/ -->\n<title>R\u00e9seau Mesure Express 8 juillet 2021 - R\u00e9seau Mesure<\/title>\n<meta name=\"description\" content=\"R\u00e9seau Mesure Express 8 juillet 2021. Les rendez-vous de juillet : \u00e0 vos agendas ! Un r\u00e9seau par les adh\u00e9rents pour les adh\u00e9rents.\" \/>\n<meta name=\"robots\" content=\"index, follow, max-snippet:-1, max-image-preview:large, max-video-preview:-1\" \/>\n<link rel=\"canonical\" href=\"https:\/\/www.reseau-mesure.com\/en\/reseau-mesure-express-8-juillet-2021\/\" \/>\n<meta property=\"og:locale\" content=\"en_US\" \/>\n<meta property=\"og:type\" content=\"article\" \/>\n<meta property=\"og:title\" content=\"R\u00e9seau Mesure Express 8 juillet 2021 - R\u00e9seau Mesure\" \/>\n<meta property=\"og:description\" content=\"R\u00e9seau Mesure Express 8 juillet 2021. Les rendez-vous de juillet : \u00e0 vos agendas ! Un r\u00e9seau par les adh\u00e9rents pour les adh\u00e9rents.\" \/>\n<meta property=\"og:url\" content=\"https:\/\/www.reseau-mesure.com\/en\/reseau-mesure-express-8-juillet-2021\/\" \/>\n<meta property=\"og:site_name\" content=\"R\u00e9seau Mesure\" \/>\n<meta property=\"article:publisher\" content=\"https:\/\/www.facebook.com\/reseaumesure\/\" \/>\n<meta property=\"article:modified_time\" content=\"2021-07-05T15:16:54+00:00\" \/>\n<meta property=\"og:image\" content=\"https:\/\/www.reseau-mesure.com\/wp-content\/uploads\/2020\/07\/20ku.jpeg\" \/>\n<meta name=\"twitter:card\" content=\"summary_large_image\" \/>\n<meta name=\"twitter:site\" content=\"@ReseauMesure\" \/>\n<meta name=\"twitter:label1\" content=\"Est. reading time\" \/>\n\t<meta name=\"twitter:data1\" content=\"6 minutes\" \/>\n<script type=\"application\/ld+json\" class=\"yoast-schema-graph\">{\"@context\":\"https:\\\/\\\/schema.org\",\"@graph\":[{\"@type\":\"WebPage\",\"@id\":\"https:\\\/\\\/www.reseau-mesure.com\\\/de\\\/reseau-mesure-express-8-juillet-2021\\\/\",\"url\":\"https:\\\/\\\/www.reseau-mesure.com\\\/de\\\/reseau-mesure-express-8-juillet-2021\\\/\",\"name\":\"R\u00e9seau Mesure Express 8 juillet 2021 - R\u00e9seau Mesure\",\"isPartOf\":{\"@id\":\"https:\\\/\\\/www.reseau-mesure.com\\\/#website\"},\"primaryImageOfPage\":{\"@id\":\"https:\\\/\\\/www.reseau-mesure.com\\\/de\\\/reseau-mesure-express-8-juillet-2021\\\/#primaryimage\"},\"image\":{\"@id\":\"https:\\\/\\\/www.reseau-mesure.com\\\/de\\\/reseau-mesure-express-8-juillet-2021\\\/#primaryimage\"},\"thumbnailUrl\":\"https:\\\/\\\/www.reseau-mesure.com\\\/wp-content\\\/uploads\\\/2020\\\/07\\\/20ku.jpeg\",\"datePublished\":\"2021-07-05T13:25:07+00:00\",\"dateModified\":\"2021-07-05T15:16:54+00:00\",\"description\":\"R\u00e9seau Mesure Express 8 juillet 2021. Les rendez-vous de juillet : \u00e0 vos agendas ! Un r\u00e9seau par les adh\u00e9rents pour les adh\u00e9rents.\",\"breadcrumb\":{\"@id\":\"https:\\\/\\\/www.reseau-mesure.com\\\/de\\\/reseau-mesure-express-8-juillet-2021\\\/#breadcrumb\"},\"inLanguage\":\"en-US\",\"potentialAction\":[{\"@type\":\"ReadAction\",\"target\":[\"https:\\\/\\\/www.reseau-mesure.com\\\/de\\\/reseau-mesure-express-8-juillet-2021\\\/\"]}]},{\"@type\":\"ImageObject\",\"inLanguage\":\"en-US\",\"@id\":\"https:\\\/\\\/www.reseau-mesure.com\\\/de\\\/reseau-mesure-express-8-juillet-2021\\\/#primaryimage\",\"url\":\"https:\\\/\\\/www.reseau-mesure.com\\\/wp-content\\\/uploads\\\/2020\\\/07\\\/20ku.jpeg\",\"contentUrl\":\"https:\\\/\\\/www.reseau-mesure.com\\\/wp-content\\\/uploads\\\/2020\\\/07\\\/20ku.jpeg\"},{\"@type\":\"BreadcrumbList\",\"@id\":\"https:\\\/\\\/www.reseau-mesure.com\\\/de\\\/reseau-mesure-express-8-juillet-2021\\\/#breadcrumb\",\"itemListElement\":[{\"@type\":\"ListItem\",\"position\":1,\"name\":\"Accueil\",\"item\":\"https:\\\/\\\/www.reseau-mesure.com\\\/\"},{\"@type\":\"ListItem\",\"position\":2,\"name\":\"R\u00e9seau Mesure Express-20210708\"}]},{\"@type\":\"WebSite\",\"@id\":\"https:\\\/\\\/www.reseau-mesure.com\\\/#website\",\"url\":\"https:\\\/\\\/www.reseau-mesure.com\\\/\",\"name\":\"R\u00e9seau-Mesure\",\"description\":\"R\u00e9seau Mesure\",\"publisher\":{\"@id\":\"https:\\\/\\\/www.reseau-mesure.com\\\/#organization\"},\"potentialAction\":[{\"@type\":\"SearchAction\",\"target\":{\"@type\":\"EntryPoint\",\"urlTemplate\":\"https:\\\/\\\/www.reseau-mesure.com\\\/?s={search_term_string}\"},\"query-input\":{\"@type\":\"PropertyValueSpecification\",\"valueRequired\":true,\"valueName\":\"search_term_string\"}}],\"inLanguage\":\"en-US\"},{\"@type\":\"Organization\",\"@id\":\"https:\\\/\\\/www.reseau-mesure.com\\\/#organization\",\"name\":\"R\u00e9seau-Mesure\",\"url\":\"https:\\\/\\\/www.reseau-mesure.com\\\/\",\"logo\":{\"@type\":\"ImageObject\",\"inLanguage\":\"en-US\",\"@id\":\"https:\\\/\\\/www.reseau-mesure.com\\\/#\\\/schema\\\/logo\\\/image\\\/\",\"url\":\"https:\\\/\\\/www.reseau-mesure.com\\\/wp-content\\\/uploads\\\/2018\\\/02\\\/logo-max.png\",\"contentUrl\":\"https:\\\/\\\/www.reseau-mesure.com\\\/wp-content\\\/uploads\\\/2018\\\/02\\\/logo-max.png\",\"width\":545,\"height\":285,\"caption\":\"R\u00e9seau-Mesure\"},\"image\":{\"@id\":\"https:\\\/\\\/www.reseau-mesure.com\\\/#\\\/schema\\\/logo\\\/image\\\/\"},\"sameAs\":[\"https:\\\/\\\/www.facebook.com\\\/reseaumesure\\\/\",\"https:\\\/\\\/x.com\\\/ReseauMesure\",\"https:\\\/\\\/www.linkedin.com\\\/company\\\/reseau-mesure\\\/\"]}]}<\/script>\n<!-- \/ Yoast SEO plugin. -->","yoast_head_json":{"title":"R\u00e9seau Mesure Express 8 juillet 2021 - R\u00e9seau Mesure","description":"R\u00e9seau Mesure Express 8 juillet 2021. Les rendez-vous de juillet : \u00e0 vos agendas ! Un r\u00e9seau par les adh\u00e9rents pour les adh\u00e9rents.","robots":{"index":"index","follow":"follow","max-snippet":"max-snippet:-1","max-image-preview":"max-image-preview:large","max-video-preview":"max-video-preview:-1"},"canonical":"https:\/\/www.reseau-mesure.com\/en\/reseau-mesure-express-8-juillet-2021\/","og_locale":"en_US","og_type":"article","og_title":"R\u00e9seau Mesure Express 8 juillet 2021 - R\u00e9seau Mesure","og_description":"R\u00e9seau Mesure Express 8 juillet 2021. Les rendez-vous de juillet : \u00e0 vos agendas ! Un r\u00e9seau par les adh\u00e9rents pour les adh\u00e9rents.","og_url":"https:\/\/www.reseau-mesure.com\/en\/reseau-mesure-express-8-juillet-2021\/","og_site_name":"R\u00e9seau Mesure","article_publisher":"https:\/\/www.facebook.com\/reseaumesure\/","article_modified_time":"2021-07-05T15:16:54+00:00","og_image":[{"url":"https:\/\/www.reseau-mesure.com\/wp-content\/uploads\/2020\/07\/20ku.jpeg","type":"","width":"","height":""}],"twitter_card":"summary_large_image","twitter_site":"@ReseauMesure","twitter_misc":{"Est. reading time":"6 minutes"},"schema":{"@context":"https:\/\/schema.org","@graph":[{"@type":"WebPage","@id":"https:\/\/www.reseau-mesure.com\/de\/reseau-mesure-express-8-juillet-2021\/","url":"https:\/\/www.reseau-mesure.com\/de\/reseau-mesure-express-8-juillet-2021\/","name":"R\u00e9seau Mesure Express 8 juillet 2021 - R\u00e9seau Mesure","isPartOf":{"@id":"https:\/\/www.reseau-mesure.com\/#website"},"primaryImageOfPage":{"@id":"https:\/\/www.reseau-mesure.com\/de\/reseau-mesure-express-8-juillet-2021\/#primaryimage"},"image":{"@id":"https:\/\/www.reseau-mesure.com\/de\/reseau-mesure-express-8-juillet-2021\/#primaryimage"},"thumbnailUrl":"https:\/\/www.reseau-mesure.com\/wp-content\/uploads\/2020\/07\/20ku.jpeg","datePublished":"2021-07-05T13:25:07+00:00","dateModified":"2021-07-05T15:16:54+00:00","description":"R\u00e9seau Mesure Express 8 juillet 2021. Les rendez-vous de juillet : \u00e0 vos agendas ! Un r\u00e9seau par les adh\u00e9rents pour les adh\u00e9rents.","breadcrumb":{"@id":"https:\/\/www.reseau-mesure.com\/de\/reseau-mesure-express-8-juillet-2021\/#breadcrumb"},"inLanguage":"en-US","potentialAction":[{"@type":"ReadAction","target":["https:\/\/www.reseau-mesure.com\/de\/reseau-mesure-express-8-juillet-2021\/"]}]},{"@type":"ImageObject","inLanguage":"en-US","@id":"https:\/\/www.reseau-mesure.com\/de\/reseau-mesure-express-8-juillet-2021\/#primaryimage","url":"https:\/\/www.reseau-mesure.com\/wp-content\/uploads\/2020\/07\/20ku.jpeg","contentUrl":"https:\/\/www.reseau-mesure.com\/wp-content\/uploads\/2020\/07\/20ku.jpeg"},{"@type":"BreadcrumbList","@id":"https:\/\/www.reseau-mesure.com\/de\/reseau-mesure-express-8-juillet-2021\/#breadcrumb","itemListElement":[{"@type":"ListItem","position":1,"name":"Accueil","item":"https:\/\/www.reseau-mesure.com\/"},{"@type":"ListItem","position":2,"name":"R\u00e9seau Mesure Express-20210708"}]},{"@type":"WebSite","@id":"https:\/\/www.reseau-mesure.com\/#website","url":"https:\/\/www.reseau-mesure.com\/","name":"R\u00e9seau-Mesure","description":"Network Measure","publisher":{"@id":"https:\/\/www.reseau-mesure.com\/#organization"},"potentialAction":[{"@type":"SearchAction","target":{"@type":"EntryPoint","urlTemplate":"https:\/\/www.reseau-mesure.com\/?s={search_term_string}"},"query-input":{"@type":"PropertyValueSpecification","valueRequired":true,"valueName":"search_term_string"}}],"inLanguage":"en-US"},{"@type":"Organization","@id":"https:\/\/www.reseau-mesure.com\/#organization","name":"R\u00e9seau-Mesure","url":"https:\/\/www.reseau-mesure.com\/","logo":{"@type":"ImageObject","inLanguage":"en-US","@id":"https:\/\/www.reseau-mesure.com\/#\/schema\/logo\/image\/","url":"https:\/\/www.reseau-mesure.com\/wp-content\/uploads\/2018\/02\/logo-max.png","contentUrl":"https:\/\/www.reseau-mesure.com\/wp-content\/uploads\/2018\/02\/logo-max.png","width":545,"height":285,"caption":"R\u00e9seau-Mesure"},"image":{"@id":"https:\/\/www.reseau-mesure.com\/#\/schema\/logo\/image\/"},"sameAs":["https:\/\/www.facebook.com\/reseaumesure\/","https:\/\/x.com\/ReseauMesure","https:\/\/www.linkedin.com\/company\/reseau-mesure\/"]}]}},"_links":{"self":[{"href":"https:\/\/www.reseau-mesure.com\/en\/wp-json\/wp\/v2\/pages\/14497","targetHints":{"allow":["GET"]}}],"collection":[{"href":"https:\/\/www.reseau-mesure.com\/en\/wp-json\/wp\/v2\/pages"}],"about":[{"href":"https:\/\/www.reseau-mesure.com\/en\/wp-json\/wp\/v2\/types\/page"}],"author":[{"embeddable":true,"href":"https:\/\/www.reseau-mesure.com\/en\/wp-json\/wp\/v2\/users\/720"}],"replies":[{"embeddable":true,"href":"https:\/\/www.reseau-mesure.com\/en\/wp-json\/wp\/v2\/comments?post=14497"}],"version-history":[{"count":0,"href":"https:\/\/www.reseau-mesure.com\/en\/wp-json\/wp\/v2\/pages\/14497\/revisions"}],"wp:attachment":[{"href":"https:\/\/www.reseau-mesure.com\/en\/wp-json\/wp\/v2\/media?parent=14497"}],"curies":[{"name":"wp","href":"https:\/\/api.w.org\/{rel}","templated":true}]}}