{"id":14906,"date":"2021-09-15T21:36:38","date_gmt":"2021-09-15T19:36:38","guid":{"rendered":"https:\/\/www.reseau-mesure.com\/?page_id=14906"},"modified":"2021-09-15T21:58:57","modified_gmt":"2021-09-15T19:58:57","slug":"reseau-mesure-express-16-septembre-2021","status":"publish","type":"page","link":"https:\/\/www.reseau-mesure.com\/en\/reseau-mesure-express-16-septembre-2021\/","title":{"rendered":"Express Measurement Network-20210916"},"content":{"rendered":"<img loading=\"lazy\" decoding=\"async\" src=\"https:\/\/www.reseau-mesure.com\/wp-content\/uploads\/2020\/07\/20ku.jpeg\" alt=\"R\u00e9seau Mesure Express\" itemprop=\"image\" height=\"300\" width=\"970\" title=\"Express Measurement Network Header\" onerror=\"this.style.display='none'\">\n<h1>\n\t\tMeasure Express Network September 16, 2021\n\t<\/h1>\n<h2>\n\t\t<a href=\"https:\/\/www.reseau-mesure.com\/en\/le-reseau-mesure-2\/\" title=\"16.09.2021\" target=\"_blank\" rel=\"noopener\">\n\t\t16.09.2021\n\t\t<\/a>\n\t<\/h2>\n\t<h3><strong>A network for its members, through its members<\/strong><\/h3>\n\t<p>R\u00e9seau Mesure Express September 16, 2021: members can find the association&#039;s news in R\u00e9seau Mesure Express.<\/p>\n<p>September&#039;s schedule<\/p>\n<h2>\n\t\t<a href=\"https:\/\/www.reseau-mesure.com\/en\/\" title=\"Qualiopi: certification for members of the Measurement Network\" target=\"_blank\" rel=\"noopener\">\n\t\tQualiopi: certification for members of the Measurement Network\n\t\t<\/a>\n\t<\/h2>\n\t<h2>The Measurement Network offers you several actions<\/h2>\n\t<p>The sixth working meeting for members wishing to obtain Qualiopi certification will be held <a href=\"https:\/\/www.reseau-mesure.com\/en\/evenements\/reunion-de-travail-qualiopi-2021-septembre-24\/\">Friday September 24 at 9:30 am<\/a>.<\/p>\n\n<p>In order for your customers to be able to ask their OPCO for financial support for the training you provide them, from January 1, 2022, you must be Qualiopi certified, or that your training be provided by a Qualiopi certified training center.<\/p>\n\n\n<strong>1- Annual formula at 600 \u20ac for 4 days of training + 125 \u20ac for each additional day<\/strong><br>\nA record of the days of training carried out is completed and signed before each session. Start of the annual formula on the date of the 1st training.<br>\n\u2013 invoicing of \u20ac600 excl. tax upon signing the protocol<br>\nOnce the 4 days of the formula have been used:<br>\n\u2013 An estimate must be sent to the Measurement Network before each training, with an amount reduced by \u20ac125 excluding tax\/day of training, compared to the customer&#039;s rate.<br>\n\u2013 The Measurement Network draws up the agreement for the attention of the customer.<br>\n\u2013 Invoicing is established at the end of each training.\n<strong>2- Administrative costs in the amount of 20% of the total invoicing of the training<\/strong><br>\n\u2013 An estimate must be sent to the Measurement Network before each training, with an amount reduced by 20% compared to the customer&#039;s price.<br>\n\u2013 The Measurement Network draws up the agreement for the end customer.<br>\n\u2013 Invoicing is established at the end of each training.\n<p>&nbsp;<\/p>\n\t\t\t\t<a href=\"https:\/\/www.reseau-mesure.com\/en\/certification-qualiopi\/\" target=\"_blank\" rel=\"noopener\" itemprop=\"url\">\n\t\t\t\t<img loading=\"lazy\" decoding=\"async\" src=\"https:\/\/www.reseau-mesure.com\/wp-content\/uploads\/2021\/07\/logo-qualiopi-avec-action-de-formation.png\" alt=\"certification qualiopi action de formation\" itemprop=\"image\" height=\"825\" width=\"980\" title=\"qualiopi logo with training action\" onerror=\"this.style.display='none'\">\n\t\t\t\t<\/a>\n\t\n<h2>\n\t\t<a href=\"https:\/\/www.reseau-mesure.com\/en\/evenements\/point-juridique-sur-le-teletravail-et-le-pass-sanitaire\/\" title=\"Evolution of operating methods in companies following the health crisis\" target=\"_blank\" rel=\"noopener\">\n\t\tEvolution of operating methods in companies following the health crisis\n\t\t<\/a>\n\t<\/h2>\n\t\t\t\t<a href=\"https:\/\/www.reseau-mesure.com\/en\/apres-covid-19\/\" target=\"_blank\" rel=\"noopener\" itemprop=\"url\">\n\t\t\t\t<img loading=\"lazy\" decoding=\"async\" src=\"https:\/\/www.reseau-mesure.com\/wp-content\/uploads\/2020\/07\/13043-scaled.jpg\" alt=\"Ressources humaines\" itemprop=\"image\" height=\"2560\" width=\"2560\" title=\"Meeting Icons Flat Set\" onerror=\"this.style.display='none'\">\n\t\t\t\t<\/a>\n\t<p>&nbsp;<\/p>\n<h2><strong>The COVID crisis has led us to evolve in our operating methods within companies<\/strong><\/h2>\n<p>Several actions are available to you:<\/p>\n<ul>\n<li><a href=\"https:\/\/www.reseau-mesure.com\/en\/evenements\/reseau-mesure-groupe-rh-reunion-11\/\"><strong>An HR working group<\/strong><\/a> which gives you the opportunity to share your best practices and discuss the evolution of the health situation and its consequences within establishments. <strong><em>Next meeting on October 28 at 9:00 a.m.<\/em><\/strong><\/li>\n<\/ul>\n<p>&nbsp;<\/p>\n<ul>\n<li>A timeline of <strong><em><a href=\"https:\/\/eye.newscifl.fr\/c?p=wAbNAnnDxBA90I5-ENCW90tL0L7n0LLQyFhoRWTEEAhbE1fQq9DcSynQoffQkxVKPNC8-NlBaHR0cHM6Ly9jaWZsLmNvbS9tZWRpYS9tZWRpYS9DYWxlbmRyaWVyRm9ybWF0aW9uc0NJRkwyMDIxMjAyMi5wZGa4NWFjYjU1ZDZiODViNTMyYmNhMTQ4OWUztnpLVzlzR1FWUzU2bzY4NTRoWlFNM3fAtkJ5OElQcmw2UWRTVWFjME1GUTU3Y1GvZXllLm5ld3NjaWZsLmZyxBQfM37QmDHmQEJtMHgk4tCa0Nw2NtDX0MhJ\" data-link-id=\"CFsTV6vcSymh95MVSjy8-A\"> sales training<\/a><\/em><\/strong> animated by QWANTIQ with the CIFL. <strong>Distance training (3 or 5 modules of 90 minutes each):<\/strong><\/li>\n<\/ul>\n<p>\u2013 Prospecting and making appointments<\/p>\n<p>\u2013 Succeed in Telesales<\/p>\n<p>\u2013 Remote Manager<\/p>\n<p>\u2013 Sell remotely<\/p>\n<p>\u2013 Defend its prices<\/p>\n<p>\u2013 Management of Commercial Actions<\/p>\n\n<p>&nbsp;<\/p>\n<ul>\n<li>\n\nAs part of our cross agreement with CIFL, we offer you a workshop <em><strong>Tuesday September 28 at 4:00 p.m.<\/strong><\/em><\/li>\n<\/ul>\n<h2>\n\t\t<a href=\"https:\/\/www.reseau-mesure.com\/en\/evenements\/cleantech-business-meeting-maroc\/\" title=\"Cleantech Business Meeting Morocco: water sector\" target=\"_blank\" rel=\"noopener\">\n\t\tCleantech Business Meeting Morocco: water sector\n\t\t<\/a>\n\t<\/h2>\n\t<strong>As part of the development of new projects, the OFFICE NATIONAL DE L&#039;ELECTICITE ET DE L&#039;EAU joins forces with the French Chamber of Commerce and Industry of Morocco (CFCIM) to source new French companies interested in the markets. African countries on the drinking water production and liquid sanitation sectors.<\/strong>\n<strong>Drinking water project:<\/strong>\n<ul>\n<li>Dioxins and furans monitoring \/ control systems;<\/li>\n<li>Reinforcement of drinking water production in the Oujda-Taourirt system from the Mohamed V \u2013 Machraa Hammadi complex at a cost of 1.2 billion DH including tax;<\/li>\n<li>Reinforcement of drinking water supply in Meknes from the Ouljate Soltane dam at a cost of 1 billion DH including tax;<\/li>\n<li>Reinforcement of the drinking water supply of the cities of Laattaouia, ElKelaa des Sraghna and neighboring centers from the Rocade irrigation canal for a cost of 345 MDH including tax;<\/li>\n<li>Strengthening and securing the drinking water supply of the city of Taza and region from the Bab Louta dam at a cost of 420 MDH including tax;<\/li>\n<li>Reinforcement of the drinking water supply of the cities of rommani and Oulm\u00e8s from the future Tiddas dam for a cost of 300 MDH including tax;<\/li>\n<li>Reinforcement of the drinking water supply of the city of Es-semara by demineralization at a cost of 80 MDH including tax;<\/li>\n<li>Realization of a sea water intake for the reinforcement of the drinking water supply of the city of Laayoune by desalination for a cost of 300 MDH including tax<\/li>\n<li>Needs :<\/li>\n<li>Engineering, design and consultancy offices, equipment (reservoirs, valves, pipes, support clamps, piping, valves, etc.) Chemical products for water treatment; technical assistant, desalination systems.<\/li>\n<\/ul>\n<strong>Liquid Sanitation Project:<\/strong>\n<ul>\n<li>Realization of a treatment plant for the cities Ksar Sghir and Ksar Majaz for a cost of 46 MDH including tax;<\/li>\n<li>Realization of the drying of sludge from the treatment plant of the city of Nadore for a cost of 35 MDH including tax;<\/li>\n<li>Construction of a liquid sanitation network and a wastewater treatment plant for the city of Sidi Bouathmane at a cost of 35 MDH including tax;<\/li>\n<li>Reinforcement of the liquid sanitation network of the city of Guercif and completion of the extension of the treatment plant for a cost of 48 MDH including tax;<\/li>\n<li>Rehabilitation and extension of the liquid sanitation network of the city of Boulemane and construction of a new wastewater treatment plant at a cost of 60 MDH including tax;<\/li>\n<li>Rehabilitation and extension of the liquid sanitation network of the city of Tiznit and completion of the extension and rehabilitation of the treatment plant for a cost of 102.5 MDH including tax<\/li>\n<\/ul>\n<p>&nbsp;<\/p>\n\t\t\t\t<a href=\"https:\/\/www.reseau-mesure.com\/en\/evenements\/cleantech-business-meeting-maroc\/\" target=\"_blank\" rel=\"noopener\" itemprop=\"url\">\n\t\t\t\t<img loading=\"lazy\" decoding=\"async\" src=\"https:\/\/www.reseau-mesure.com\/wp-content\/uploads\/2021\/07\/Linkedin-webinaire-eau-2.jpg\" alt=\"Cleantech Business Meeting secteur de l'eau\" itemprop=\"image\" height=\"628\" width=\"1200\" title=\"Linkedin-webinar-water-2\" onerror=\"this.style.display='none'\">\n\t\t\t\t<\/a>\n\t<h1>Cleantech Business Meeting: water sector<\/h1>\n<strong>Needs :<\/strong>\n<ul>\n<li>Technical assistance ; low-cost domestic wastewater treatment systems, energy-efficient wastewater treatment systems; sewage sludge drying technologies.<\/li>\n<\/ul>\n<p>&nbsp;<\/p>\n<strong>On the program of this virtual meeting:<\/strong>\n<ul>\n<li>Registration and transmission of application files;<\/li>\n<li>Participation in the online meeting with representatives of Moroccan contractors;<\/li>\n<li>Organization of BtoB meetings with the companies selected by the principals, depending on the availability of each.<\/li>\n<\/ul>\n<strong>Contact :&nbsp;<\/strong>\nMeriem FARIS<br>\nCleantech Sector Manager<br>\nCFCIM Pole \u2013 Team France Export<br>\nMail: mfaris@cfcim.org Mobile: (+212) (0) 662 16 23 84<br>\nDirect: (+212) (0) 522 43 96 27\n\t\t\t<a href=\"https:\/\/www.reseau-mesure.com\/en\/evenements\/\" target=\"_self\" role=\"button\" rel=\"noopener\">\n\t\t\t\t\t\t\tThe complete agenda of the Measurement Network\n\t\t\t\t\t<\/a>\n\t\t\t\t<a href=\"https:\/\/www.reseau-mesure.com\/en\/evenements\/\" target=\"_blank\" rel=\"noopener\" itemprop=\"url\">\n\t\t\t\t<img loading=\"lazy\" decoding=\"async\" src=\"https:\/\/www.reseau-mesure.com\/wp-content\/uploads\/2020\/08\/Plan-de-travail-3niveau.png\" alt=\"R\u00e9seau Mesure Express Actualites\" itemprop=\"image\" height=\"3665\" width=\"5520\" title=\"Express Measurement Network News\" onerror=\"this.style.display='none'\">\n\t\t\t\t<\/a>\n\t<h1>Salon Effervescence<\/h1>\n\t\n\n<p>Opening of the show in the presence of<\/p>\n<p>Xavier DELARUE, Deputy Prefect for Equal Opportunities<\/p>\n<p>&amp;<\/p>\n<p>Alexandra DUBLANCHE, Vice-president of the Ile-de-France Regional Council<\/p>\n<p>&nbsp;<\/p>\n\n\t<h2>R\u00e9seau Mesure Express: news about the association&#039;s action plan<\/h2>","protected":false},"excerpt":{"rendered":"<p>R\u00e9seau Mesure Express September 16, 2021 09\/16\/2021 A network for its members, through its members R\u00e9seau Mesure Express September 16, 2021: members can find news from the association in R\u00e9seau Mesure Express. Qualiopi&#039;s September agenda: certification for members of the Measuring Network The Measuring Network offers several actions ...<\/p>","protected":false},"author":720,"featured_media":0,"parent":0,"menu_order":0,"comment_status":"closed","ping_status":"closed","template":"","meta":{"_acf_changed":false,"footnotes":""},"class_list":["post-14906","page","type-page","status-publish","hentry"],"acf":[],"yoast_head":"<!-- This site is optimized with the Yoast SEO plugin v27.3 - https:\/\/yoast.com\/product\/yoast-seo-wordpress\/ -->\n<title>R\u00e9seau Mesure Express 16 septembre 2021 - R\u00e9seau Mesure<\/title>\n<meta name=\"description\" content=\"R\u00e9seau Mesure Express 16 septembre 2021. Les rendez-vous de septembre et octobre. Un r\u00e9seau par les adh\u00e9rents pour les adh\u00e9rents.\" \/>\n<meta name=\"robots\" content=\"index, follow, max-snippet:-1, max-image-preview:large, max-video-preview:-1\" \/>\n<link rel=\"canonical\" href=\"https:\/\/www.reseau-mesure.com\/en\/reseau-mesure-express-16-septembre-2021\/\" \/>\n<meta property=\"og:locale\" content=\"en_US\" \/>\n<meta property=\"og:type\" content=\"article\" \/>\n<meta property=\"og:title\" content=\"R\u00e9seau Mesure Express 16 septembre 2021 - R\u00e9seau Mesure\" \/>\n<meta property=\"og:description\" content=\"R\u00e9seau Mesure Express 16 septembre 2021. Les rendez-vous de septembre et octobre. Un r\u00e9seau par les adh\u00e9rents pour les adh\u00e9rents.\" \/>\n<meta property=\"og:url\" content=\"https:\/\/www.reseau-mesure.com\/en\/reseau-mesure-express-16-septembre-2021\/\" \/>\n<meta property=\"og:site_name\" content=\"R\u00e9seau Mesure\" \/>\n<meta property=\"article:publisher\" content=\"https:\/\/www.facebook.com\/reseaumesure\/\" \/>\n<meta property=\"article:modified_time\" content=\"2021-09-15T19:58:57+00:00\" \/>\n<meta property=\"og:image\" content=\"https:\/\/www.reseau-mesure.com\/wp-content\/uploads\/2020\/07\/20ku.jpeg\" \/>\n<meta name=\"twitter:card\" content=\"summary_large_image\" \/>\n<meta name=\"twitter:site\" content=\"@ReseauMesure\" \/>\n<meta name=\"twitter:label1\" content=\"Est. reading time\" \/>\n\t<meta name=\"twitter:data1\" content=\"6 minutes\" \/>\n<script type=\"application\/ld+json\" class=\"yoast-schema-graph\">{\"@context\":\"https:\\\/\\\/schema.org\",\"@graph\":[{\"@type\":\"WebPage\",\"@id\":\"https:\\\/\\\/www.reseau-mesure.com\\\/de\\\/reseau-mesure-express-16-septembre-2021\\\/\",\"url\":\"https:\\\/\\\/www.reseau-mesure.com\\\/de\\\/reseau-mesure-express-16-septembre-2021\\\/\",\"name\":\"R\u00e9seau Mesure Express 16 septembre 2021 - R\u00e9seau Mesure\",\"isPartOf\":{\"@id\":\"https:\\\/\\\/www.reseau-mesure.com\\\/#website\"},\"primaryImageOfPage\":{\"@id\":\"https:\\\/\\\/www.reseau-mesure.com\\\/de\\\/reseau-mesure-express-16-septembre-2021\\\/#primaryimage\"},\"image\":{\"@id\":\"https:\\\/\\\/www.reseau-mesure.com\\\/de\\\/reseau-mesure-express-16-septembre-2021\\\/#primaryimage\"},\"thumbnailUrl\":\"https:\\\/\\\/www.reseau-mesure.com\\\/wp-content\\\/uploads\\\/2020\\\/07\\\/20ku.jpeg\",\"datePublished\":\"2021-09-15T19:36:38+00:00\",\"dateModified\":\"2021-09-15T19:58:57+00:00\",\"description\":\"R\u00e9seau Mesure Express 16 septembre 2021. Les rendez-vous de septembre et octobre. Un r\u00e9seau par les adh\u00e9rents pour les adh\u00e9rents.\",\"breadcrumb\":{\"@id\":\"https:\\\/\\\/www.reseau-mesure.com\\\/de\\\/reseau-mesure-express-16-septembre-2021\\\/#breadcrumb\"},\"inLanguage\":\"en-US\",\"potentialAction\":[{\"@type\":\"ReadAction\",\"target\":[\"https:\\\/\\\/www.reseau-mesure.com\\\/de\\\/reseau-mesure-express-16-septembre-2021\\\/\"]}]},{\"@type\":\"ImageObject\",\"inLanguage\":\"en-US\",\"@id\":\"https:\\\/\\\/www.reseau-mesure.com\\\/de\\\/reseau-mesure-express-16-septembre-2021\\\/#primaryimage\",\"url\":\"https:\\\/\\\/www.reseau-mesure.com\\\/wp-content\\\/uploads\\\/2020\\\/07\\\/20ku.jpeg\",\"contentUrl\":\"https:\\\/\\\/www.reseau-mesure.com\\\/wp-content\\\/uploads\\\/2020\\\/07\\\/20ku.jpeg\"},{\"@type\":\"BreadcrumbList\",\"@id\":\"https:\\\/\\\/www.reseau-mesure.com\\\/de\\\/reseau-mesure-express-16-septembre-2021\\\/#breadcrumb\",\"itemListElement\":[{\"@type\":\"ListItem\",\"position\":1,\"name\":\"Accueil\",\"item\":\"https:\\\/\\\/www.reseau-mesure.com\\\/\"},{\"@type\":\"ListItem\",\"position\":2,\"name\":\"R\u00e9seau Mesure Express-20210916\"}]},{\"@type\":\"WebSite\",\"@id\":\"https:\\\/\\\/www.reseau-mesure.com\\\/#website\",\"url\":\"https:\\\/\\\/www.reseau-mesure.com\\\/\",\"name\":\"R\u00e9seau-Mesure\",\"description\":\"R\u00e9seau Mesure\",\"publisher\":{\"@id\":\"https:\\\/\\\/www.reseau-mesure.com\\\/#organization\"},\"potentialAction\":[{\"@type\":\"SearchAction\",\"target\":{\"@type\":\"EntryPoint\",\"urlTemplate\":\"https:\\\/\\\/www.reseau-mesure.com\\\/?s={search_term_string}\"},\"query-input\":{\"@type\":\"PropertyValueSpecification\",\"valueRequired\":true,\"valueName\":\"search_term_string\"}}],\"inLanguage\":\"en-US\"},{\"@type\":\"Organization\",\"@id\":\"https:\\\/\\\/www.reseau-mesure.com\\\/#organization\",\"name\":\"R\u00e9seau-Mesure\",\"url\":\"https:\\\/\\\/www.reseau-mesure.com\\\/\",\"logo\":{\"@type\":\"ImageObject\",\"inLanguage\":\"en-US\",\"@id\":\"https:\\\/\\\/www.reseau-mesure.com\\\/#\\\/schema\\\/logo\\\/image\\\/\",\"url\":\"https:\\\/\\\/www.reseau-mesure.com\\\/wp-content\\\/uploads\\\/2018\\\/02\\\/logo-max.png\",\"contentUrl\":\"https:\\\/\\\/www.reseau-mesure.com\\\/wp-content\\\/uploads\\\/2018\\\/02\\\/logo-max.png\",\"width\":545,\"height\":285,\"caption\":\"R\u00e9seau-Mesure\"},\"image\":{\"@id\":\"https:\\\/\\\/www.reseau-mesure.com\\\/#\\\/schema\\\/logo\\\/image\\\/\"},\"sameAs\":[\"https:\\\/\\\/www.facebook.com\\\/reseaumesure\\\/\",\"https:\\\/\\\/x.com\\\/ReseauMesure\",\"https:\\\/\\\/www.linkedin.com\\\/company\\\/reseau-mesure\\\/\"]}]}<\/script>\n<!-- \/ Yoast SEO plugin. -->","yoast_head_json":{"title":"R\u00e9seau Mesure Express 16 septembre 2021 - R\u00e9seau Mesure","description":"R\u00e9seau Mesure Express 16 septembre 2021. Les rendez-vous de septembre et octobre. Un r\u00e9seau par les adh\u00e9rents pour les adh\u00e9rents.","robots":{"index":"index","follow":"follow","max-snippet":"max-snippet:-1","max-image-preview":"max-image-preview:large","max-video-preview":"max-video-preview:-1"},"canonical":"https:\/\/www.reseau-mesure.com\/en\/reseau-mesure-express-16-septembre-2021\/","og_locale":"en_US","og_type":"article","og_title":"R\u00e9seau Mesure Express 16 septembre 2021 - R\u00e9seau Mesure","og_description":"R\u00e9seau Mesure Express 16 septembre 2021. Les rendez-vous de septembre et octobre. Un r\u00e9seau par les adh\u00e9rents pour les adh\u00e9rents.","og_url":"https:\/\/www.reseau-mesure.com\/en\/reseau-mesure-express-16-septembre-2021\/","og_site_name":"R\u00e9seau Mesure","article_publisher":"https:\/\/www.facebook.com\/reseaumesure\/","article_modified_time":"2021-09-15T19:58:57+00:00","og_image":[{"url":"https:\/\/www.reseau-mesure.com\/wp-content\/uploads\/2020\/07\/20ku.jpeg","type":"","width":"","height":""}],"twitter_card":"summary_large_image","twitter_site":"@ReseauMesure","twitter_misc":{"Est. reading time":"6 minutes"},"schema":{"@context":"https:\/\/schema.org","@graph":[{"@type":"WebPage","@id":"https:\/\/www.reseau-mesure.com\/de\/reseau-mesure-express-16-septembre-2021\/","url":"https:\/\/www.reseau-mesure.com\/de\/reseau-mesure-express-16-septembre-2021\/","name":"R\u00e9seau Mesure Express 16 septembre 2021 - R\u00e9seau Mesure","isPartOf":{"@id":"https:\/\/www.reseau-mesure.com\/#website"},"primaryImageOfPage":{"@id":"https:\/\/www.reseau-mesure.com\/de\/reseau-mesure-express-16-septembre-2021\/#primaryimage"},"image":{"@id":"https:\/\/www.reseau-mesure.com\/de\/reseau-mesure-express-16-septembre-2021\/#primaryimage"},"thumbnailUrl":"https:\/\/www.reseau-mesure.com\/wp-content\/uploads\/2020\/07\/20ku.jpeg","datePublished":"2021-09-15T19:36:38+00:00","dateModified":"2021-09-15T19:58:57+00:00","description":"R\u00e9seau Mesure Express 16 septembre 2021. Les rendez-vous de septembre et octobre. Un r\u00e9seau par les adh\u00e9rents pour les adh\u00e9rents.","breadcrumb":{"@id":"https:\/\/www.reseau-mesure.com\/de\/reseau-mesure-express-16-septembre-2021\/#breadcrumb"},"inLanguage":"en-US","potentialAction":[{"@type":"ReadAction","target":["https:\/\/www.reseau-mesure.com\/de\/reseau-mesure-express-16-septembre-2021\/"]}]},{"@type":"ImageObject","inLanguage":"en-US","@id":"https:\/\/www.reseau-mesure.com\/de\/reseau-mesure-express-16-septembre-2021\/#primaryimage","url":"https:\/\/www.reseau-mesure.com\/wp-content\/uploads\/2020\/07\/20ku.jpeg","contentUrl":"https:\/\/www.reseau-mesure.com\/wp-content\/uploads\/2020\/07\/20ku.jpeg"},{"@type":"BreadcrumbList","@id":"https:\/\/www.reseau-mesure.com\/de\/reseau-mesure-express-16-septembre-2021\/#breadcrumb","itemListElement":[{"@type":"ListItem","position":1,"name":"Accueil","item":"https:\/\/www.reseau-mesure.com\/"},{"@type":"ListItem","position":2,"name":"R\u00e9seau Mesure Express-20210916"}]},{"@type":"WebSite","@id":"https:\/\/www.reseau-mesure.com\/#website","url":"https:\/\/www.reseau-mesure.com\/","name":"R\u00e9seau-Mesure","description":"Network Measure","publisher":{"@id":"https:\/\/www.reseau-mesure.com\/#organization"},"potentialAction":[{"@type":"SearchAction","target":{"@type":"EntryPoint","urlTemplate":"https:\/\/www.reseau-mesure.com\/?s={search_term_string}"},"query-input":{"@type":"PropertyValueSpecification","valueRequired":true,"valueName":"search_term_string"}}],"inLanguage":"en-US"},{"@type":"Organization","@id":"https:\/\/www.reseau-mesure.com\/#organization","name":"R\u00e9seau-Mesure","url":"https:\/\/www.reseau-mesure.com\/","logo":{"@type":"ImageObject","inLanguage":"en-US","@id":"https:\/\/www.reseau-mesure.com\/#\/schema\/logo\/image\/","url":"https:\/\/www.reseau-mesure.com\/wp-content\/uploads\/2018\/02\/logo-max.png","contentUrl":"https:\/\/www.reseau-mesure.com\/wp-content\/uploads\/2018\/02\/logo-max.png","width":545,"height":285,"caption":"R\u00e9seau-Mesure"},"image":{"@id":"https:\/\/www.reseau-mesure.com\/#\/schema\/logo\/image\/"},"sameAs":["https:\/\/www.facebook.com\/reseaumesure\/","https:\/\/x.com\/ReseauMesure","https:\/\/www.linkedin.com\/company\/reseau-mesure\/"]}]}},"_links":{"self":[{"href":"https:\/\/www.reseau-mesure.com\/en\/wp-json\/wp\/v2\/pages\/14906","targetHints":{"allow":["GET"]}}],"collection":[{"href":"https:\/\/www.reseau-mesure.com\/en\/wp-json\/wp\/v2\/pages"}],"about":[{"href":"https:\/\/www.reseau-mesure.com\/en\/wp-json\/wp\/v2\/types\/page"}],"author":[{"embeddable":true,"href":"https:\/\/www.reseau-mesure.com\/en\/wp-json\/wp\/v2\/users\/720"}],"replies":[{"embeddable":true,"href":"https:\/\/www.reseau-mesure.com\/en\/wp-json\/wp\/v2\/comments?post=14906"}],"version-history":[{"count":0,"href":"https:\/\/www.reseau-mesure.com\/en\/wp-json\/wp\/v2\/pages\/14906\/revisions"}],"wp:attachment":[{"href":"https:\/\/www.reseau-mesure.com\/en\/wp-json\/wp\/v2\/media?parent=14906"}],"curies":[{"name":"wp","href":"https:\/\/api.w.org\/{rel}","templated":true}]}}