{"id":15021,"date":"2021-09-29T11:46:18","date_gmt":"2021-09-29T09:46:18","guid":{"rendered":"https:\/\/www.reseau-mesure.com\/?page_id=15021"},"modified":"2021-10-12T10:47:28","modified_gmt":"2021-10-12T08:47:28","slug":"reseau-mesure-express-30-septembre-2021-2","status":"publish","type":"page","link":"https:\/\/www.reseau-mesure.com\/en\/reseau-mesure-express-30-septembre-2021-2\/","title":{"rendered":"Express Measurement Network-20210930"},"content":{"rendered":"<img loading=\"lazy\" decoding=\"async\" src=\"https:\/\/www.reseau-mesure.com\/wp-content\/uploads\/2020\/07\/20ku.jpeg\" alt=\"R\u00e9seau Mesure Express\" itemprop=\"image\" height=\"300\" width=\"970\" title=\"Express Measurement Network Header\" onerror=\"this.style.display='none'\">\n<h1>\n\t\tR\u00e9seau Mesure Express September 30, 2021\n\t<\/h1>\n<h2>\n\t\t<a href=\"https:\/\/www.reseau-mesure.com\/en\/le-reseau-mesure-2\/\" title=\"30.09.2021\" target=\"_blank\" rel=\"noopener\">\n\t\t30.09.2021\n\t\t<\/a>\n\t<\/h2>\n\t<h3><strong>A network for its members, through its members<\/strong><\/h3>\n\t<p>R\u00e9seau Mesure Express 30 septembre 2021 : les adh\u00e9rents peuvent retrouver l&rsquo;actualit\u00e9 de l&rsquo;association dans R\u00e9seau Mesure Express.<\/p>\n<p>Les actions phares de la premi\u00e8re quinzaine d&rsquo;octobre.<\/p>\n<h2>\n\t\t<a href=\"https:\/\/www.axesindustries.com\/\" title=\"2001 - 2021: Axes Industries celebrates its 20th anniversary\" target=\"_blank\" rel=\"noopener\">\n\t\t2001 &#8211; 2021 :  Axes Industries f\u00eate ses 20 ans\n\t\t<\/a>\n\t<\/h2>\n\t<h2>Discover the developments of our partner Axes Industries<\/h2>\n\t<p>A l&rsquo;occasion de ses 20 ans, Axes Industries renouvelle et am\u00e9liore son offre en mati\u00e8re de Communication digitale sur les th\u00e9matiques li\u00e9es aux Composants et solutions pour les Process Machines.<\/p>\n\n<p>Pour r\u00e9pondre aux comportements de recherche sur mobiles, le site est d\u00e9sormais en responsive, plus intuitif, plus efficace avec un maillage interne optimis\u00e9, il vise la performance et obtient un R\u00e9f\u00e9rencement naturel en 1\u00e8re page&nbsp; sur Google sur de nombreuses requ\u00eates li\u00e9es \u00e0 vos familles de produits :<\/p>\n\n\n<p>Avec d\u00e9sormais 70.000 contacts ultra qualifi\u00e9s sur les fonctions BE, Process, Industrialisation, Production, Maintenance et Achat dans toute l&rsquo;industrie fran\u00e7aise :<\/p>\n\n<p>Le second semestre est sans doute pour vous l&rsquo;occasion d&rsquo;\u00e9tudier les meilleures actions \u00e0 mener pour accompagner le d\u00e9veloppement de vos ventes et g\u00e9n\u00e9rer de nouveaux leads.<\/p>\n<p>Axes Industries at the service of your digital communication<\/p>\n<blockquote>\n<ul>\n<li><strong>Push traffic actions generating additional visits to your Website or eShop<\/strong><\/li>\n<li><strong>EMailing actions generating Leads \/ Requests identified with an enriched form<\/strong><\/li>\n<li><strong>Web Event Actions to inform Professionals about your Teleconferences \/ Webinars or Trade Shows<\/strong><\/li>\n<\/ul>\n<\/blockquote>\n<p>&nbsp;<\/p>\n<p><strong>Several Channels, several levels of Services, several Tariffs:&nbsp;<\/strong>33 (0)2 32 29 66 17 &#8211; contact@axesindustries.com<\/p>\n<p>&nbsp;<\/p>\n\t\t\t\t<a href=\"https:\/\/www.axesindustries.com\/\" target=\"_blank\" rel=\"noopener\" itemprop=\"url\">\n\t\t\t\t<img loading=\"lazy\" decoding=\"async\" src=\"https:\/\/www.reseau-mesure.com\/wp-content\/uploads\/2021\/09\/Com-Site.jpg\" alt=\"AXE INDUSTRIES\" itemprop=\"image\" height=\"720\" width=\"629\" title=\"Com-Site\" onerror=\"this.style.display='none'\">\n\t\t\t\t<\/a>\n\t\t\t<a href=\"https:\/\/www.reseau-mesure.com\/wp-content\/uploads\/2021\/09\/AXES-INDUSTRIES-KIT-MEDIA-2022-1.pdf\" target=\"_blank\" role=\"button\" rel=\"noopener\">\n\t\t\t\t\t\t\tMedia Kit 2022\n\t\t\t\t\t<\/a>\n<h2>\n\t\t<a href=\"https:\/\/www.reseau-mesure.com\/en\/simpel\/\" title=\"A new partner to develop your long-term rental and subscription offers\" target=\"_blank\" rel=\"noopener\">\n\t\tUn nouveau partenaire pour d\u00e9velopper vos offres de location longue dur\u00e9e et d&rsquo;abonnement\n\t\t<\/a>\n\t<\/h2>\n\t\t\t\t<a href=\"https:\/\/www.reseau-mesure.com\/en\/simpel\/\" target=\"_blank\" rel=\"noopener\" itemprop=\"url\">\n\t\t\t\t<img loading=\"lazy\" decoding=\"async\" src=\"https:\/\/www.reseau-mesure.com\/wp-content\/uploads\/2021\/09\/Solution-Simpel.jpg\" alt=\"Solution-Simpel.jpg\" itemprop=\"image\" height=\"688\" width=\"919\" title=\"Solution-Simpel.jpg\" onerror=\"this.style.display='none'\">\n\t\t\t\t<\/a>\n\t\t\t\t<a href=\"https:\/\/www.reseau-mesure.com\/en\/simpel\/\" target=\"_blank\" rel=\"noopener\" itemprop=\"url\">\n\t\t\t\t<img loading=\"lazy\" decoding=\"async\" src=\"https:\/\/www.reseau-mesure.com\/wp-content\/uploads\/2021\/09\/Allier-croissance-et-preference-de-marque.png\" alt=\"Allier croissance et preference de marque\" itemprop=\"image\" height=\"336\" width=\"1009\" title=\"Combine growth and brand preference\" onerror=\"this.style.display='none'\">\n\t\t\t\t<\/a>\n\t<p>The objective is to support member companies in transforming their model; to switch from transactional sales to a service economy, and thus meet new market expectations.<\/p>\n<h2>Offer new services to your customers by developing your long-term rental and subscription offers.<\/h2>\n<h2>SIMPEL ACCOMPANIES YOU: FINANCING AND MANAGEMENT OF 100% OF THE USAGE OFFER<\/h2>\n<ol>\n<li>SIMPEL works with you to design tailor-made offers tailored to your customers&#039; business.<\/li>\n<li>You cash in on the sale of products and services.<\/li>\n<li>SIMPEL manages contracts directly.<\/li>\n<li>SIMPEL bears the financial risk.<\/li>\n<\/ol>\n<p>&nbsp;<\/p>\n<h3>Rental, an axis of development of your sales<\/h3>\n\n<h2>INNOVEZ ET COMMERCIALISEZ&nbsp;VOS PRODUITS EN LOCATION !<\/h2>\n<h2>\n\t\t<a href=\"https:\/\/www.haxoneo.com\/\" title=\"Webinar - How to react to the increase in electricity prices?\" target=\"_blank\" rel=\"noopener\">\n\t\tW\u00e9binaire &#8211; Comment r\u00e9agir face \u00e0 la hausse des prix de l&rsquo;\u00e9lectricit\u00e9 ?\n\t\t<\/a>\n\t<\/h2>\n\t<h2><strong>The electricity blazes and continues to climb! <\/strong><\/h2>\n<h2><strong>Act now to limit the impact on your budget.<\/strong><\/h2>\n<p>&nbsp;<\/p>\n<p>We are offering a webinar on <strong><u>Friday 08 October at 2 p.m.<\/u><\/strong>, we will get to it :<\/p>\n<ul>\n<li>The&nbsp;<strong>good practices <\/strong>in the purchase of electricity: observation, levers, strategies<\/li>\n<li><strong>Issue 2022<\/strong>&nbsp;: market update and urgency<\/li>\n<\/ul>\n<p>&nbsp;<\/p>\n\n\t\t\t<a href=\"https:\/\/us06web.zoom.us\/webinar\/register\/WN_qQRp8jkqSCGEhzJHJ-upAw\" target=\"_blank\" role=\"button\" rel=\"noopener\">\n\t\t\t\t\t\t\tRegistrations\n\t\t\t\t\t<\/a>\n\t\t\t\t<a href=\"https:\/\/www.reseau-mesure.com\/en\/haxoneo\/\" target=\"_blank\" rel=\"noopener\" itemprop=\"url\">\n\t\t\t\t<img loading=\"lazy\" decoding=\"async\" src=\"https:\/\/www.reseau-mesure.com\/wp-content\/uploads\/2018\/01\/haxoneo.png\" alt=\"HAXONEO\" itemprop=\"image\" height=\"84\" width=\"296\" title=\"haxoneo\" onerror=\"this.style.display='none'\">\n\t\t\t\t<\/a>\n\t\t\t\t<a href=\"https:\/\/www.reseau-mesure.com\/en\/haxoneo\/\" target=\"_blank\" rel=\"noopener\" itemprop=\"url\">\n\t\t\t\t<img loading=\"lazy\" decoding=\"async\" src=\"https:\/\/www.reseau-mesure.com\/wp-content\/uploads\/2021\/09\/WEBINAIRE-8-OCTOBRE-2.jpg\" alt=\"WEBINAIRE 8 OCTOBRE\" itemprop=\"image\" height=\"129\" width=\"546\" title=\"WEBINAR 8 OCTOBER (2)\" onerror=\"this.style.display='none'\">\n\t\t\t\t<\/a>\n\t<h1>Comment r\u00e9agir face \u00e0 la hausse des prix de l&rsquo;\u00e9lectricit\u00e9 ?<\/h1>\nThe electricity blazes and continues to climb!<br>\nR\u00e9agissez maintenant pour limiter l&rsquo;impact sur votre budget.\nDans ce webinaire :<br>\n\u2022&nbsp;Les bonnes pratiques en achat d&rsquo;\u00e9lectricit\u00e9 : constat, leviers, strat\u00e9gies<br>\n\u2022&nbsp;Probl\u00e9matique 2022 : point sur le march\u00e9 et urgence\nIntervenants :<br>\n\u2022 Maxime, energy expert, Haxoneo<br>\n\u2022 Thierry, energy expert\n\t\t\t<a href=\"https:\/\/www.reseau-mesure.com\/en\/evenements\/\" target=\"_self\" role=\"button\" rel=\"noopener\">\n\t\t\t\t\t\t\tThe complete agenda of the Measurement Network\n\t\t\t\t\t<\/a>\n\t\t\t\t<a href=\"https:\/\/www.reseau-mesure.com\/en\/evenements\/\" target=\"_blank\" rel=\"noopener\" itemprop=\"url\">\n\t\t\t\t<img loading=\"lazy\" decoding=\"async\" src=\"https:\/\/www.reseau-mesure.com\/wp-content\/uploads\/2020\/08\/Plan-de-travail-3niveau.png\" alt=\"R\u00e9seau Mesure Express Actualites\" itemprop=\"image\" height=\"3665\" width=\"5520\" title=\"Express Measurement Network News\" onerror=\"this.style.display='none'\">\n\t\t\t\t<\/a>\n\t<h1>La CACP vous propose deux rendez-vous&nbsp; le 12 octobre :<\/h1>\n\t<h3><strong>Tech&rsquo;Days | Logistique &#8211; Mardi 12 octobre 2021 de 8h \u00e0 10h30<\/strong><\/h3>\n<p>Event at La Turbine with live broadcast on social networks<\/p>\n\n\n<h3><strong>&nbsp;Rencontres \u00ab\u00a0R\u00e9ussir sa transition \u00e9nerg\u00e9tique, conseils et financements\u00a0\u00bb- 12 octobre apr\u00e8s-midi de 13h30 \u00e0 18h<\/strong><\/h3>\n<blockquote>\n\n<\/blockquote>\n<p>&nbsp;<\/p>\n\n\t<h2>R\u00e9seau Mesure Express: news about the association&#039;s action plan<\/h2>","protected":false},"excerpt":{"rendered":"<p>R\u00e9seau Mesure Express September 30, 2021 September 30, 2021 A network for its members, through its members R\u00e9seau Mesure Express September 30, 2021: members can find news from the association in R\u00e9seau Mesure Express. The flagship actions of the first half of October. 2001 - 2021: Axes Industries celebrates its 20th anniversary Discover the evolutions of\u2026<\/p>","protected":false},"author":720,"featured_media":0,"parent":0,"menu_order":0,"comment_status":"closed","ping_status":"closed","template":"","meta":{"_acf_changed":false,"footnotes":""},"class_list":["post-15021","page","type-page","status-publish","hentry"],"acf":[],"yoast_head":"<!-- This site is optimized with the Yoast SEO plugin v27.5 - https:\/\/yoast.com\/product\/yoast-seo-wordpress\/ -->\n<title>R\u00e9seau Mesure Express 30 septembre 2021 - R\u00e9seau Mesure<\/title>\n<meta name=\"description\" content=\"R\u00e9seau Mesure Express 30 septembre 2021. Les rendez-vous d&#039;octobre. Un r\u00e9seau par les adh\u00e9rents pour les adh\u00e9rents.\" \/>\n<meta name=\"robots\" content=\"index, follow, max-snippet:-1, max-image-preview:large, max-video-preview:-1\" \/>\n<link rel=\"canonical\" href=\"https:\/\/www.reseau-mesure.com\/en\/reseau-mesure-express-30-septembre-2021-2\/\" \/>\n<meta property=\"og:locale\" content=\"en_US\" \/>\n<meta property=\"og:type\" content=\"article\" \/>\n<meta property=\"og:title\" content=\"R\u00e9seau Mesure Express 30 septembre 2021 - R\u00e9seau Mesure\" \/>\n<meta property=\"og:description\" content=\"R\u00e9seau Mesure Express 30 septembre 2021. Les rendez-vous d&#039;octobre. Un r\u00e9seau par les adh\u00e9rents pour les adh\u00e9rents.\" \/>\n<meta property=\"og:url\" content=\"https:\/\/www.reseau-mesure.com\/en\/reseau-mesure-express-30-septembre-2021-2\/\" \/>\n<meta property=\"og:site_name\" content=\"R\u00e9seau Mesure\" \/>\n<meta property=\"article:publisher\" content=\"https:\/\/www.facebook.com\/reseaumesure\/\" \/>\n<meta property=\"article:modified_time\" content=\"2021-10-12T08:47:28+00:00\" \/>\n<meta property=\"og:image\" content=\"https:\/\/www.reseau-mesure.com\/wp-content\/uploads\/2020\/07\/20ku.jpeg\" \/>\n<meta name=\"twitter:card\" content=\"summary_large_image\" \/>\n<meta name=\"twitter:site\" content=\"@ReseauMesure\" \/>\n<meta name=\"twitter:label1\" content=\"Est. reading time\" \/>\n\t<meta name=\"twitter:data1\" content=\"4 minutes\" \/>\n<script type=\"application\/ld+json\" class=\"yoast-schema-graph\">{\"@context\":\"https:\\\/\\\/schema.org\",\"@graph\":[{\"@type\":\"WebPage\",\"@id\":\"https:\\\/\\\/www.reseau-mesure.com\\\/de\\\/reseau-mesure-express-30-septembre-2021-2\\\/\",\"url\":\"https:\\\/\\\/www.reseau-mesure.com\\\/de\\\/reseau-mesure-express-30-septembre-2021-2\\\/\",\"name\":\"R\u00e9seau Mesure Express 30 septembre 2021 - R\u00e9seau Mesure\",\"isPartOf\":{\"@id\":\"https:\\\/\\\/www.reseau-mesure.com\\\/#website\"},\"primaryImageOfPage\":{\"@id\":\"https:\\\/\\\/www.reseau-mesure.com\\\/de\\\/reseau-mesure-express-30-septembre-2021-2\\\/#primaryimage\"},\"image\":{\"@id\":\"https:\\\/\\\/www.reseau-mesure.com\\\/de\\\/reseau-mesure-express-30-septembre-2021-2\\\/#primaryimage\"},\"thumbnailUrl\":\"https:\\\/\\\/www.reseau-mesure.com\\\/wp-content\\\/uploads\\\/2020\\\/07\\\/20ku.jpeg\",\"datePublished\":\"2021-09-29T09:46:18+00:00\",\"dateModified\":\"2021-10-12T08:47:28+00:00\",\"description\":\"R\u00e9seau Mesure Express 30 septembre 2021. Les rendez-vous d'octobre. Un r\u00e9seau par les adh\u00e9rents pour les adh\u00e9rents.\",\"breadcrumb\":{\"@id\":\"https:\\\/\\\/www.reseau-mesure.com\\\/de\\\/reseau-mesure-express-30-septembre-2021-2\\\/#breadcrumb\"},\"inLanguage\":\"en-US\",\"potentialAction\":[{\"@type\":\"ReadAction\",\"target\":[\"https:\\\/\\\/www.reseau-mesure.com\\\/de\\\/reseau-mesure-express-30-septembre-2021-2\\\/\"]}]},{\"@type\":\"ImageObject\",\"inLanguage\":\"en-US\",\"@id\":\"https:\\\/\\\/www.reseau-mesure.com\\\/de\\\/reseau-mesure-express-30-septembre-2021-2\\\/#primaryimage\",\"url\":\"https:\\\/\\\/www.reseau-mesure.com\\\/wp-content\\\/uploads\\\/2020\\\/07\\\/20ku.jpeg\",\"contentUrl\":\"https:\\\/\\\/www.reseau-mesure.com\\\/wp-content\\\/uploads\\\/2020\\\/07\\\/20ku.jpeg\"},{\"@type\":\"BreadcrumbList\",\"@id\":\"https:\\\/\\\/www.reseau-mesure.com\\\/de\\\/reseau-mesure-express-30-septembre-2021-2\\\/#breadcrumb\",\"itemListElement\":[{\"@type\":\"ListItem\",\"position\":1,\"name\":\"Accueil\",\"item\":\"https:\\\/\\\/www.reseau-mesure.com\\\/\"},{\"@type\":\"ListItem\",\"position\":2,\"name\":\"R\u00e9seau Mesure Express-20210930\"}]},{\"@type\":\"WebSite\",\"@id\":\"https:\\\/\\\/www.reseau-mesure.com\\\/#website\",\"url\":\"https:\\\/\\\/www.reseau-mesure.com\\\/\",\"name\":\"R\u00e9seau-Mesure\",\"description\":\"R\u00e9seau Mesure\",\"publisher\":{\"@id\":\"https:\\\/\\\/www.reseau-mesure.com\\\/#organization\"},\"potentialAction\":[{\"@type\":\"SearchAction\",\"target\":{\"@type\":\"EntryPoint\",\"urlTemplate\":\"https:\\\/\\\/www.reseau-mesure.com\\\/?s={search_term_string}\"},\"query-input\":{\"@type\":\"PropertyValueSpecification\",\"valueRequired\":true,\"valueName\":\"search_term_string\"}}],\"inLanguage\":\"en-US\"},{\"@type\":\"Organization\",\"@id\":\"https:\\\/\\\/www.reseau-mesure.com\\\/#organization\",\"name\":\"R\u00e9seau-Mesure\",\"url\":\"https:\\\/\\\/www.reseau-mesure.com\\\/\",\"logo\":{\"@type\":\"ImageObject\",\"inLanguage\":\"en-US\",\"@id\":\"https:\\\/\\\/www.reseau-mesure.com\\\/#\\\/schema\\\/logo\\\/image\\\/\",\"url\":\"https:\\\/\\\/www.reseau-mesure.com\\\/wp-content\\\/uploads\\\/2018\\\/02\\\/logo-max.png\",\"contentUrl\":\"https:\\\/\\\/www.reseau-mesure.com\\\/wp-content\\\/uploads\\\/2018\\\/02\\\/logo-max.png\",\"width\":545,\"height\":285,\"caption\":\"R\u00e9seau-Mesure\"},\"image\":{\"@id\":\"https:\\\/\\\/www.reseau-mesure.com\\\/#\\\/schema\\\/logo\\\/image\\\/\"},\"sameAs\":[\"https:\\\/\\\/www.facebook.com\\\/reseaumesure\\\/\",\"https:\\\/\\\/x.com\\\/ReseauMesure\",\"https:\\\/\\\/www.linkedin.com\\\/company\\\/reseau-mesure\\\/\"]}]}<\/script>\n<!-- \/ Yoast SEO plugin. -->","yoast_head_json":{"title":"R\u00e9seau Mesure Express 30 septembre 2021 - R\u00e9seau Mesure","description":"R\u00e9seau Mesure Express 30 septembre 2021. Les rendez-vous d'octobre. Un r\u00e9seau par les adh\u00e9rents pour les adh\u00e9rents.","robots":{"index":"index","follow":"follow","max-snippet":"max-snippet:-1","max-image-preview":"max-image-preview:large","max-video-preview":"max-video-preview:-1"},"canonical":"https:\/\/www.reseau-mesure.com\/en\/reseau-mesure-express-30-septembre-2021-2\/","og_locale":"en_US","og_type":"article","og_title":"R\u00e9seau Mesure Express 30 septembre 2021 - R\u00e9seau Mesure","og_description":"R\u00e9seau Mesure Express 30 septembre 2021. Les rendez-vous d'octobre. Un r\u00e9seau par les adh\u00e9rents pour les adh\u00e9rents.","og_url":"https:\/\/www.reseau-mesure.com\/en\/reseau-mesure-express-30-septembre-2021-2\/","og_site_name":"R\u00e9seau Mesure","article_publisher":"https:\/\/www.facebook.com\/reseaumesure\/","article_modified_time":"2021-10-12T08:47:28+00:00","og_image":[{"url":"https:\/\/www.reseau-mesure.com\/wp-content\/uploads\/2020\/07\/20ku.jpeg","type":"","width":"","height":""}],"twitter_card":"summary_large_image","twitter_site":"@ReseauMesure","twitter_misc":{"Est. reading time":"4 minutes"},"schema":{"@context":"https:\/\/schema.org","@graph":[{"@type":"WebPage","@id":"https:\/\/www.reseau-mesure.com\/de\/reseau-mesure-express-30-septembre-2021-2\/","url":"https:\/\/www.reseau-mesure.com\/de\/reseau-mesure-express-30-septembre-2021-2\/","name":"R\u00e9seau Mesure Express 30 septembre 2021 - R\u00e9seau Mesure","isPartOf":{"@id":"https:\/\/www.reseau-mesure.com\/#website"},"primaryImageOfPage":{"@id":"https:\/\/www.reseau-mesure.com\/de\/reseau-mesure-express-30-septembre-2021-2\/#primaryimage"},"image":{"@id":"https:\/\/www.reseau-mesure.com\/de\/reseau-mesure-express-30-septembre-2021-2\/#primaryimage"},"thumbnailUrl":"https:\/\/www.reseau-mesure.com\/wp-content\/uploads\/2020\/07\/20ku.jpeg","datePublished":"2021-09-29T09:46:18+00:00","dateModified":"2021-10-12T08:47:28+00:00","description":"R\u00e9seau Mesure Express 30 septembre 2021. Les rendez-vous d'octobre. Un r\u00e9seau par les adh\u00e9rents pour les adh\u00e9rents.","breadcrumb":{"@id":"https:\/\/www.reseau-mesure.com\/de\/reseau-mesure-express-30-septembre-2021-2\/#breadcrumb"},"inLanguage":"en-US","potentialAction":[{"@type":"ReadAction","target":["https:\/\/www.reseau-mesure.com\/de\/reseau-mesure-express-30-septembre-2021-2\/"]}]},{"@type":"ImageObject","inLanguage":"en-US","@id":"https:\/\/www.reseau-mesure.com\/de\/reseau-mesure-express-30-septembre-2021-2\/#primaryimage","url":"https:\/\/www.reseau-mesure.com\/wp-content\/uploads\/2020\/07\/20ku.jpeg","contentUrl":"https:\/\/www.reseau-mesure.com\/wp-content\/uploads\/2020\/07\/20ku.jpeg"},{"@type":"BreadcrumbList","@id":"https:\/\/www.reseau-mesure.com\/de\/reseau-mesure-express-30-septembre-2021-2\/#breadcrumb","itemListElement":[{"@type":"ListItem","position":1,"name":"Accueil","item":"https:\/\/www.reseau-mesure.com\/"},{"@type":"ListItem","position":2,"name":"R\u00e9seau Mesure Express-20210930"}]},{"@type":"WebSite","@id":"https:\/\/www.reseau-mesure.com\/#website","url":"https:\/\/www.reseau-mesure.com\/","name":"R\u00e9seau-Mesure","description":"Network Measure","publisher":{"@id":"https:\/\/www.reseau-mesure.com\/#organization"},"potentialAction":[{"@type":"SearchAction","target":{"@type":"EntryPoint","urlTemplate":"https:\/\/www.reseau-mesure.com\/?s={search_term_string}"},"query-input":{"@type":"PropertyValueSpecification","valueRequired":true,"valueName":"search_term_string"}}],"inLanguage":"en-US"},{"@type":"Organization","@id":"https:\/\/www.reseau-mesure.com\/#organization","name":"R\u00e9seau-Mesure","url":"https:\/\/www.reseau-mesure.com\/","logo":{"@type":"ImageObject","inLanguage":"en-US","@id":"https:\/\/www.reseau-mesure.com\/#\/schema\/logo\/image\/","url":"https:\/\/www.reseau-mesure.com\/wp-content\/uploads\/2018\/02\/logo-max.png","contentUrl":"https:\/\/www.reseau-mesure.com\/wp-content\/uploads\/2018\/02\/logo-max.png","width":545,"height":285,"caption":"R\u00e9seau-Mesure"},"image":{"@id":"https:\/\/www.reseau-mesure.com\/#\/schema\/logo\/image\/"},"sameAs":["https:\/\/www.facebook.com\/reseaumesure\/","https:\/\/x.com\/ReseauMesure","https:\/\/www.linkedin.com\/company\/reseau-mesure\/"]}]}},"_links":{"self":[{"href":"https:\/\/www.reseau-mesure.com\/en\/wp-json\/wp\/v2\/pages\/15021","targetHints":{"allow":["GET"]}}],"collection":[{"href":"https:\/\/www.reseau-mesure.com\/en\/wp-json\/wp\/v2\/pages"}],"about":[{"href":"https:\/\/www.reseau-mesure.com\/en\/wp-json\/wp\/v2\/types\/page"}],"author":[{"embeddable":true,"href":"https:\/\/www.reseau-mesure.com\/en\/wp-json\/wp\/v2\/users\/720"}],"replies":[{"embeddable":true,"href":"https:\/\/www.reseau-mesure.com\/en\/wp-json\/wp\/v2\/comments?post=15021"}],"version-history":[{"count":0,"href":"https:\/\/www.reseau-mesure.com\/en\/wp-json\/wp\/v2\/pages\/15021\/revisions"}],"wp:attachment":[{"href":"https:\/\/www.reseau-mesure.com\/en\/wp-json\/wp\/v2\/media?parent=15021"}],"curies":[{"name":"wp","href":"https:\/\/api.w.org\/{rel}","templated":true}]}}