{"id":15121,"date":"2021-10-12T11:54:59","date_gmt":"2021-10-12T09:54:59","guid":{"rendered":"https:\/\/www.reseau-mesure.com\/?page_id=15121"},"modified":"2021-10-13T14:46:46","modified_gmt":"2021-10-13T12:46:46","slug":"reseau-mesure-express-14-octobre-2021","status":"publish","type":"page","link":"https:\/\/www.reseau-mesure.com\/en\/reseau-mesure-express-14-octobre-2021\/","title":{"rendered":"Express Measurement Network-20211014"},"content":{"rendered":"<img loading=\"lazy\" decoding=\"async\" src=\"https:\/\/www.reseau-mesure.com\/wp-content\/uploads\/2020\/07\/20ku.jpeg\" alt=\"R\u00e9seau Mesure Express\" itemprop=\"image\" height=\"300\" width=\"970\" title=\"Express Measurement Network Header\" onerror=\"this.style.display='none'\"  \/>\n<h1>\n\t\tR\u00e9seau Mesure Express October 14, 2021\n\t<\/h1>\n<h2>\n\t\t<a href=\"https:\/\/www.reseau-mesure.com\/en\/le-reseau-mesure-2\/\" title=\"14.10.2021\" target=\"_blank\" rel=\"noopener\">\n\t\t14.10.2021\n\t\t<\/a>\n\t<\/h2>\n\t<h3><strong>A network for its members, through its members<\/strong><\/h3>\n\t<p>R\u00e9seau Mesure Express October 14, 2021: members can find the association&#039;s news in R\u00e9seau Mesure Express.<\/p>\n<p>The key actions of the second half of October.<\/p>\n\t<h1>Measurement Network: a niche sector that hunts in packs<\/h1>\n<p>Find the interview with Claunel Massies, President of the R\u00e9seau Mesure, who details the interest in coming together within an association to tackle together the challenges of the digitalization of the manufacturing industry.<\/p>\n\t\t\t\t<a href=\"https:\/\/www.manufacturing.fr\/reseau-mesure-une-filiere-de-niche-qui-chasse-en-meute\/\" target=\"_blank\" rel=\"noopener\" itemprop=\"url\">\n\t\t\t\t<img loading=\"lazy\" decoding=\"async\" src=\"https:\/\/www.reseau-mesure.com\/wp-content\/uploads\/2021\/10\/manufacturing-logo-2.png\" alt=\"Manufacturing.fr\" itemprop=\"image\" height=\"57\" width=\"262\" title=\"manufacturing-logo-2\" onerror=\"this.style.display='none'\"  \/>\n\t\t\t\t<\/a>\n<h2>\n\t\t<a href=\"https:\/\/www.reseau-mesure.com\/en\/evenements\/\" title=\"Recruitment workshop: define the assets of your company, communicate and bring your employer brand to life.\" target=\"_blank\" rel=\"noopener\">\n\t\tRecruitment workshop: define the assets of your company, communicate and bring your employer brand to life.\n\t\t<\/a>\n\t<\/h2>\n\t<h1>The employer brand<\/h1>\n\tIn a context of increased recruitment in the second half of 2021? recruiting the right people is of strategic importance regardless of the size of the company. But for TPs\/SMEs, which must face competition from large companies, attracting and convincing candidates can prove difficult.<br \/>\nHowever, small businesses have interesting competitive advantages, which must be clearly identified and exploited in your communication.\n\n\n<ul>\n<li>Why is it important to have an employer brand? Candidate expectations and recruitment methods are evolving.<\/li>\n<li>What exactly is Employer Branding?<\/li>\n<li>How to set up an employer brand to develop your visibility, the attractiveness of your sector and technical professions?<\/li>\n<li>Illustration with concrete examples.<\/li>\n<\/ul>\n<p>&nbsp;<\/p>\n<p>&nbsp;<\/p>\n\t\t\t\t<a href=\"https:\/\/www.reseau-mesure.com\/en\/evenements\/\" target=\"_blank\" rel=\"noopener\" itemprop=\"url\">\n\t\t\t\t<img loading=\"lazy\" decoding=\"async\" src=\"https:\/\/www.reseau-mesure.com\/wp-content\/uploads\/2021\/02\/apec-logo.png\" alt=\"Apec\" itemprop=\"image\" height=\"129\" width=\"389\" title=\"apec logo\" onerror=\"this.style.display='none'\"  \/>\n\t\t\t\t<\/a>\n\t<p>&nbsp;<\/p>\n\n\n\n\t\t\t<a href=\"mailto:eduflot@reseau-mesure.com\" target=\"_blank\" role=\"button\" rel=\"noopener\">\n\t\t\t\t\t\t\tRegistrations\n\t\t\t\t\t<\/a>\n<h2>\n\t\t<a href=\"https:\/\/www.reseau-mesure.com\/en\/evenements\/ibs-2021-le-salon\/\" title=\"Find the members of the Measurement Network at the IBS show\" target=\"_blank\" rel=\"noopener\">\n\t\tFind the members of the Measurement Network at the IBS show\n\t\t<\/a>\n\t<\/h2>\n\t\t\t\t<a href=\"https:\/\/www.ibs-event.com\/\" target=\"_blank\" rel=\"noopener\" itemprop=\"url\">\n\t\t\t\t<img loading=\"lazy\" decoding=\"async\" src=\"https:\/\/www.reseau-mesure.com\/wp-content\/uploads\/2019\/02\/new-logo-IBS-FR-IBS18-baseline-003.png\" alt=\"ibs logo\" itemprop=\"image\" height=\"338\" width=\"383\" title=\"new logo IBS FR IBS18 baseline (003)\" onerror=\"this.style.display='none'\"  \/>\n\t\t\t\t<\/a>\n\t<p>&nbsp;<\/p>\n\n<p>Impacted by the health crisis, the building market and its connectivity will experience a new dynamic linked, on the one hand to new regulations such as the BACS and tertiary decrees as well as RE2020, to ambitious energy performance objectives, planned for an implementation in application at the start of 2022 and, on the other hand, a French and European recovery plan which favors the energy renovation of buildings, one of the major sources of greenhouse gas emissions. In this context of ecological transition with a zero carbon objective by 2050, the regulation professions sector (GTB, GTC, HVAC, etc.) is clearly positioned as a first-rate solution. The post-Covid period also promises to be full of upheavals in building uses and occupants&#039; expectations in terms of comfort, security and services.<\/p>\n<p>The 11th Edition 2021 of IBS will be clearly focused on these promises of a decarbonized, safe building world and with a new approach to spaces linked to the well-being of occupants.<\/p>\n\t\t\t<a href=\"https:\/\/www.ibs-event.com\/visiter.php\" target=\"_blank\" role=\"button\" rel=\"noopener\">\n\t\t\t\t\t\t\tEdit your visit badge\n\t\t\t\t\t<\/a>\n<h2>\n\t\t<a href=\"https:\/\/clusterems.org\/valorisation-des-eaux-urbaines-16-septembre-2021\/\" title=\"Urban water valuation workshop, basins and swimming pools, soil infiltration and retention\" target=\"_blank\" rel=\"noopener\">\n\t\tUrban water valuation workshop, basins and swimming pools, soil infiltration and retention\n\t\t<\/a>\n\t<\/h2>\n\t\nFace-to-face event \u2013 Amphi B on the Mail des M\u00e8ches campus (IAE, Rue Po\u00ebte et Sellier, Cr\u00e9teil, 94000) In continuation of the workshops offered by the EMS IDF Cluster since 2018 on the subject of water, and the evocation of numerous needs by our members, we are offering you a new event focusing on the valorization of urban water: rainwater, drainage water, or even basin water, to build the resilient city of tomorrow. This will involve being able to discuss together innovative feedback in the field, and the needs of public and private actors. \u2022 What are the needs of the urban water sector (excluding wastewater) today? Can we quantify them? \u2022 How to integrate urban resilience objectives into the management of this water? What are the obstacles and levers encountered in the various projects? \u2022 What solutions and innovations could be proposed to meet the needs expressed? \u2022 What are the avenues for reflection that need to be explored further to create an urban plan enabling resilience and adaptation to climate change?\n<p>&nbsp;<\/p>\n\n\u2022 Cross-reference the views of scientific and operational stakeholders on innovation in urban water management and valorization projects \u2022 Identify the needs for innovation in the field of urban water valorization to respond to current challenges of climate change and urban resilience \u2022 Exchange feedback on territorial and urban development projects, constraints, levers and points of vigilance: technical, organizational, economic, health, environmental, regulatory for the integration of climate change and urban resilience. innovation and experimentation for the valorization of urban water in urban projects\n\t\t\t<a href=\"https:\/\/www.weezevent.com\/valorisation-eaux-urbaines-bassins-et-piscines-infiltration-sols-retension\" target=\"_blank\" role=\"button\" rel=\"noopener\">\n\t\t\t\t\t\t\tRegistrations\n\t\t\t\t\t<\/a>\n\t\t\t\t<a href=\"https:\/\/www.weezevent.com\/valorisation-eaux-urbaines-bassins-et-piscines-infiltration-sols-retension\" target=\"_blank\" rel=\"noopener\" itemprop=\"url\">\n\t\t\t\t<img loading=\"lazy\" decoding=\"async\" src=\"https:\/\/www.reseau-mesure.com\/wp-content\/uploads\/2021\/10\/affiche_680388.thumb53700.1631180555.jpg\" alt=\"Atelier valorisation des eaux urbaines, bassins et piscines, infiltration des sols et r\u00e9tention\" itemprop=\"image\" height=\"302\" width=\"537\" title=\"Urban water valuation workshop, basins and swimming pools, soil infiltration and retention\" onerror=\"this.style.display='none'\"  \/>\n\t\t\t\t<\/a>\n\t\n\n\n\nfor a global and metropolitan vision of flows, valorization sectors and mapping of solutions Testimonials and feedback from territories, and public and private companies concerning the integration of innovative and experimental alternatives for the valorization of urban water for contribute to the resilient city and the strengthening of nature in the city. Feedback from participants on alternative solutions for each project presented\n\n\t\t\t<a href=\"https:\/\/www.reseau-mesure.com\/en\/evenements\/\" target=\"_self\" role=\"button\" rel=\"noopener\">\n\t\t\t\t\t\t\tThe complete agenda of the Measurement Network\n\t\t\t\t\t<\/a>\n\t\t\t\t<a href=\"https:\/\/www.reseau-mesure.com\/en\/evenements\/\" target=\"_blank\" rel=\"noopener\" itemprop=\"url\">\n\t\t\t\t<img loading=\"lazy\" decoding=\"async\" src=\"https:\/\/www.reseau-mesure.com\/wp-content\/uploads\/2020\/08\/Plan-de-travail-3niveau.png\" alt=\"R\u00e9seau Mesure Express Actualites\" itemprop=\"image\" height=\"3665\" width=\"5520\" title=\"Express Measurement Network News\" onerror=\"this.style.display='none'\"  \/>\n\t\t\t\t<\/a>\n\t<h1>Participate in the HR working group<\/h1>\n\t<h3>Next meeting Thursday, October 28 at 9:00 a.m.<\/h3>\n<p>&nbsp;<\/p>\n<p>During a \u201cvideo caf\u00e9\u201d, members discuss current HR issues.<\/p>\n\n\t<h2>R\u00e9seau Mesure Express: news about the association&#039;s action plan<\/h2>\n<h1>\n\t\tR\u00e9seau Mesure Express October 14, 2021\n\t<\/h1>","protected":false},"excerpt":{"rendered":"<p>R\u00e9seau Mesure Express October 14, 2021 10\/14\/2021 A network for its members, through its members R\u00e9seau Mesure Express October 14, 2021: members can find news from the association in R\u00e9seau Mesure Express. The flagship actions of the second half of October. Measurement Network: a niche sector that hunts in packs Find the Claunel interview ...<\/p>","protected":false},"author":720,"featured_media":0,"parent":0,"menu_order":0,"comment_status":"closed","ping_status":"closed","template":"","meta":{"_acf_changed":false,"footnotes":""},"class_list":["post-15121","page","type-page","status-publish","hentry"],"acf":[],"yoast_head":"<!-- This site is optimized with the Yoast SEO plugin v27.5 - https:\/\/yoast.com\/product\/yoast-seo-wordpress\/ -->\n<title>R\u00e9seau Mesure Express 14 octobre 2021 - R\u00e9seau Mesure<\/title>\n<meta name=\"description\" content=\"R\u00e9seau Mesure Express 14 octobre septembre 2021. Les rendez-vous des adh\u00e9rents pour la seconde quinzaine d&#039;octobre.\" \/>\n<meta name=\"robots\" content=\"index, follow, max-snippet:-1, max-image-preview:large, max-video-preview:-1\" \/>\n<link rel=\"canonical\" href=\"https:\/\/www.reseau-mesure.com\/en\/reseau-mesure-express-14-octobre-2021\/\" \/>\n<meta property=\"og:locale\" content=\"en_US\" \/>\n<meta property=\"og:type\" content=\"article\" \/>\n<meta property=\"og:title\" content=\"R\u00e9seau Mesure Express 14 octobre 2021 - R\u00e9seau Mesure\" \/>\n<meta property=\"og:description\" content=\"R\u00e9seau Mesure Express 14 octobre septembre 2021. Les rendez-vous des adh\u00e9rents pour la seconde quinzaine d&#039;octobre.\" \/>\n<meta property=\"og:url\" content=\"https:\/\/www.reseau-mesure.com\/en\/reseau-mesure-express-14-octobre-2021\/\" \/>\n<meta property=\"og:site_name\" content=\"R\u00e9seau Mesure\" \/>\n<meta property=\"article:publisher\" content=\"https:\/\/www.facebook.com\/reseaumesure\/\" \/>\n<meta property=\"article:modified_time\" content=\"2021-10-13T12:46:46+00:00\" \/>\n<meta property=\"og:image\" content=\"https:\/\/www.reseau-mesure.com\/wp-content\/uploads\/2020\/07\/20ku.jpeg\" \/>\n<meta name=\"twitter:card\" content=\"summary_large_image\" \/>\n<meta name=\"twitter:site\" content=\"@ReseauMesure\" \/>\n<meta name=\"twitter:label1\" content=\"Est. reading time\" \/>\n\t<meta name=\"twitter:data1\" content=\"5 minutes\" \/>\n<script type=\"application\/ld+json\" class=\"yoast-schema-graph\">{\"@context\":\"https:\\\/\\\/schema.org\",\"@graph\":[{\"@type\":\"WebPage\",\"@id\":\"https:\\\/\\\/www.reseau-mesure.com\\\/de\\\/reseau-mesure-express-14-octobre-2021\\\/\",\"url\":\"https:\\\/\\\/www.reseau-mesure.com\\\/de\\\/reseau-mesure-express-14-octobre-2021\\\/\",\"name\":\"R\u00e9seau Mesure Express 14 octobre 2021 - R\u00e9seau Mesure\",\"isPartOf\":{\"@id\":\"https:\\\/\\\/www.reseau-mesure.com\\\/#website\"},\"primaryImageOfPage\":{\"@id\":\"https:\\\/\\\/www.reseau-mesure.com\\\/de\\\/reseau-mesure-express-14-octobre-2021\\\/#primaryimage\"},\"image\":{\"@id\":\"https:\\\/\\\/www.reseau-mesure.com\\\/de\\\/reseau-mesure-express-14-octobre-2021\\\/#primaryimage\"},\"thumbnailUrl\":\"https:\\\/\\\/www.reseau-mesure.com\\\/wp-content\\\/uploads\\\/2020\\\/07\\\/20ku.jpeg\",\"datePublished\":\"2021-10-12T09:54:59+00:00\",\"dateModified\":\"2021-10-13T12:46:46+00:00\",\"description\":\"R\u00e9seau Mesure Express 14 octobre septembre 2021. Les rendez-vous des adh\u00e9rents pour la seconde quinzaine d'octobre.\",\"breadcrumb\":{\"@id\":\"https:\\\/\\\/www.reseau-mesure.com\\\/de\\\/reseau-mesure-express-14-octobre-2021\\\/#breadcrumb\"},\"inLanguage\":\"en-US\",\"potentialAction\":[{\"@type\":\"ReadAction\",\"target\":[\"https:\\\/\\\/www.reseau-mesure.com\\\/de\\\/reseau-mesure-express-14-octobre-2021\\\/\"]}]},{\"@type\":\"ImageObject\",\"inLanguage\":\"en-US\",\"@id\":\"https:\\\/\\\/www.reseau-mesure.com\\\/de\\\/reseau-mesure-express-14-octobre-2021\\\/#primaryimage\",\"url\":\"https:\\\/\\\/www.reseau-mesure.com\\\/wp-content\\\/uploads\\\/2020\\\/07\\\/20ku.jpeg\",\"contentUrl\":\"https:\\\/\\\/www.reseau-mesure.com\\\/wp-content\\\/uploads\\\/2020\\\/07\\\/20ku.jpeg\"},{\"@type\":\"BreadcrumbList\",\"@id\":\"https:\\\/\\\/www.reseau-mesure.com\\\/de\\\/reseau-mesure-express-14-octobre-2021\\\/#breadcrumb\",\"itemListElement\":[{\"@type\":\"ListItem\",\"position\":1,\"name\":\"Accueil\",\"item\":\"https:\\\/\\\/www.reseau-mesure.com\\\/\"},{\"@type\":\"ListItem\",\"position\":2,\"name\":\"R\u00e9seau Mesure Express-20211014\"}]},{\"@type\":\"WebSite\",\"@id\":\"https:\\\/\\\/www.reseau-mesure.com\\\/#website\",\"url\":\"https:\\\/\\\/www.reseau-mesure.com\\\/\",\"name\":\"R\u00e9seau-Mesure\",\"description\":\"R\u00e9seau Mesure\",\"publisher\":{\"@id\":\"https:\\\/\\\/www.reseau-mesure.com\\\/#organization\"},\"potentialAction\":[{\"@type\":\"SearchAction\",\"target\":{\"@type\":\"EntryPoint\",\"urlTemplate\":\"https:\\\/\\\/www.reseau-mesure.com\\\/?s={search_term_string}\"},\"query-input\":{\"@type\":\"PropertyValueSpecification\",\"valueRequired\":true,\"valueName\":\"search_term_string\"}}],\"inLanguage\":\"en-US\"},{\"@type\":\"Organization\",\"@id\":\"https:\\\/\\\/www.reseau-mesure.com\\\/#organization\",\"name\":\"R\u00e9seau-Mesure\",\"url\":\"https:\\\/\\\/www.reseau-mesure.com\\\/\",\"logo\":{\"@type\":\"ImageObject\",\"inLanguage\":\"en-US\",\"@id\":\"https:\\\/\\\/www.reseau-mesure.com\\\/#\\\/schema\\\/logo\\\/image\\\/\",\"url\":\"https:\\\/\\\/www.reseau-mesure.com\\\/wp-content\\\/uploads\\\/2018\\\/02\\\/logo-max.png\",\"contentUrl\":\"https:\\\/\\\/www.reseau-mesure.com\\\/wp-content\\\/uploads\\\/2018\\\/02\\\/logo-max.png\",\"width\":545,\"height\":285,\"caption\":\"R\u00e9seau-Mesure\"},\"image\":{\"@id\":\"https:\\\/\\\/www.reseau-mesure.com\\\/#\\\/schema\\\/logo\\\/image\\\/\"},\"sameAs\":[\"https:\\\/\\\/www.facebook.com\\\/reseaumesure\\\/\",\"https:\\\/\\\/x.com\\\/ReseauMesure\",\"https:\\\/\\\/www.linkedin.com\\\/company\\\/reseau-mesure\\\/\"]}]}<\/script>\n<!-- \/ Yoast SEO plugin. -->","yoast_head_json":{"title":"R\u00e9seau Mesure Express 14 octobre 2021 - R\u00e9seau Mesure","description":"R\u00e9seau Mesure Express 14 octobre septembre 2021. Les rendez-vous des adh\u00e9rents pour la seconde quinzaine d'octobre.","robots":{"index":"index","follow":"follow","max-snippet":"max-snippet:-1","max-image-preview":"max-image-preview:large","max-video-preview":"max-video-preview:-1"},"canonical":"https:\/\/www.reseau-mesure.com\/en\/reseau-mesure-express-14-octobre-2021\/","og_locale":"en_US","og_type":"article","og_title":"R\u00e9seau Mesure Express 14 octobre 2021 - R\u00e9seau Mesure","og_description":"R\u00e9seau Mesure Express 14 octobre septembre 2021. Les rendez-vous des adh\u00e9rents pour la seconde quinzaine d'octobre.","og_url":"https:\/\/www.reseau-mesure.com\/en\/reseau-mesure-express-14-octobre-2021\/","og_site_name":"R\u00e9seau Mesure","article_publisher":"https:\/\/www.facebook.com\/reseaumesure\/","article_modified_time":"2021-10-13T12:46:46+00:00","og_image":[{"url":"https:\/\/www.reseau-mesure.com\/wp-content\/uploads\/2020\/07\/20ku.jpeg","type":"","width":"","height":""}],"twitter_card":"summary_large_image","twitter_site":"@ReseauMesure","twitter_misc":{"Est. reading time":"5 minutes"},"schema":{"@context":"https:\/\/schema.org","@graph":[{"@type":"WebPage","@id":"https:\/\/www.reseau-mesure.com\/de\/reseau-mesure-express-14-octobre-2021\/","url":"https:\/\/www.reseau-mesure.com\/de\/reseau-mesure-express-14-octobre-2021\/","name":"R\u00e9seau Mesure Express 14 octobre 2021 - R\u00e9seau Mesure","isPartOf":{"@id":"https:\/\/www.reseau-mesure.com\/#website"},"primaryImageOfPage":{"@id":"https:\/\/www.reseau-mesure.com\/de\/reseau-mesure-express-14-octobre-2021\/#primaryimage"},"image":{"@id":"https:\/\/www.reseau-mesure.com\/de\/reseau-mesure-express-14-octobre-2021\/#primaryimage"},"thumbnailUrl":"https:\/\/www.reseau-mesure.com\/wp-content\/uploads\/2020\/07\/20ku.jpeg","datePublished":"2021-10-12T09:54:59+00:00","dateModified":"2021-10-13T12:46:46+00:00","description":"R\u00e9seau Mesure Express 14 octobre septembre 2021. Les rendez-vous des adh\u00e9rents pour la seconde quinzaine d'octobre.","breadcrumb":{"@id":"https:\/\/www.reseau-mesure.com\/de\/reseau-mesure-express-14-octobre-2021\/#breadcrumb"},"inLanguage":"en-US","potentialAction":[{"@type":"ReadAction","target":["https:\/\/www.reseau-mesure.com\/de\/reseau-mesure-express-14-octobre-2021\/"]}]},{"@type":"ImageObject","inLanguage":"en-US","@id":"https:\/\/www.reseau-mesure.com\/de\/reseau-mesure-express-14-octobre-2021\/#primaryimage","url":"https:\/\/www.reseau-mesure.com\/wp-content\/uploads\/2020\/07\/20ku.jpeg","contentUrl":"https:\/\/www.reseau-mesure.com\/wp-content\/uploads\/2020\/07\/20ku.jpeg"},{"@type":"BreadcrumbList","@id":"https:\/\/www.reseau-mesure.com\/de\/reseau-mesure-express-14-octobre-2021\/#breadcrumb","itemListElement":[{"@type":"ListItem","position":1,"name":"Accueil","item":"https:\/\/www.reseau-mesure.com\/"},{"@type":"ListItem","position":2,"name":"R\u00e9seau Mesure Express-20211014"}]},{"@type":"WebSite","@id":"https:\/\/www.reseau-mesure.com\/#website","url":"https:\/\/www.reseau-mesure.com\/","name":"R\u00e9seau-Mesure","description":"Network Measure","publisher":{"@id":"https:\/\/www.reseau-mesure.com\/#organization"},"potentialAction":[{"@type":"SearchAction","target":{"@type":"EntryPoint","urlTemplate":"https:\/\/www.reseau-mesure.com\/?s={search_term_string}"},"query-input":{"@type":"PropertyValueSpecification","valueRequired":true,"valueName":"search_term_string"}}],"inLanguage":"en-US"},{"@type":"Organization","@id":"https:\/\/www.reseau-mesure.com\/#organization","name":"R\u00e9seau-Mesure","url":"https:\/\/www.reseau-mesure.com\/","logo":{"@type":"ImageObject","inLanguage":"en-US","@id":"https:\/\/www.reseau-mesure.com\/#\/schema\/logo\/image\/","url":"https:\/\/www.reseau-mesure.com\/wp-content\/uploads\/2018\/02\/logo-max.png","contentUrl":"https:\/\/www.reseau-mesure.com\/wp-content\/uploads\/2018\/02\/logo-max.png","width":545,"height":285,"caption":"R\u00e9seau-Mesure"},"image":{"@id":"https:\/\/www.reseau-mesure.com\/#\/schema\/logo\/image\/"},"sameAs":["https:\/\/www.facebook.com\/reseaumesure\/","https:\/\/x.com\/ReseauMesure","https:\/\/www.linkedin.com\/company\/reseau-mesure\/"]}]}},"_links":{"self":[{"href":"https:\/\/www.reseau-mesure.com\/en\/wp-json\/wp\/v2\/pages\/15121","targetHints":{"allow":["GET"]}}],"collection":[{"href":"https:\/\/www.reseau-mesure.com\/en\/wp-json\/wp\/v2\/pages"}],"about":[{"href":"https:\/\/www.reseau-mesure.com\/en\/wp-json\/wp\/v2\/types\/page"}],"author":[{"embeddable":true,"href":"https:\/\/www.reseau-mesure.com\/en\/wp-json\/wp\/v2\/users\/720"}],"replies":[{"embeddable":true,"href":"https:\/\/www.reseau-mesure.com\/en\/wp-json\/wp\/v2\/comments?post=15121"}],"version-history":[{"count":0,"href":"https:\/\/www.reseau-mesure.com\/en\/wp-json\/wp\/v2\/pages\/15121\/revisions"}],"wp:attachment":[{"href":"https:\/\/www.reseau-mesure.com\/en\/wp-json\/wp\/v2\/media?parent=15121"}],"curies":[{"name":"wp","href":"https:\/\/api.w.org\/{rel}","templated":true}]}}