{"id":15276,"date":"2021-11-17T12:15:43","date_gmt":"2021-11-17T11:15:43","guid":{"rendered":"https:\/\/www.reseau-mesure.com\/?page_id=15276"},"modified":"2021-11-17T17:38:49","modified_gmt":"2021-11-17T16:38:49","slug":"reseau-mesure-express-18-novembre-2021","status":"publish","type":"page","link":"https:\/\/www.reseau-mesure.com\/en\/reseau-mesure-express-18-novembre-2021\/","title":{"rendered":"Express Measurement Network-20211118"},"content":{"rendered":"<img loading=\"lazy\" decoding=\"async\" src=\"https:\/\/www.reseau-mesure.com\/wp-content\/uploads\/2020\/07\/20ku.jpeg\" alt=\"R\u00e9seau Mesure Express\" itemprop=\"image\" height=\"300\" width=\"970\" title=\"Express Measurement Network Header\" onerror=\"this.style.display='none'\">\n<h1>\n\t\tR\u00e9seau Mesure Express November 18, 2021\n\t<\/h1>\n<h2>\n\t\t<a href=\"https:\/\/www.reseau-mesure.com\/en\/le-reseau-mesure-2\/\" title=\"18.11.2021\" target=\"_blank\" rel=\"noopener\">\n\t\t18.11.2021\n\t\t<\/a>\n\t<\/h2>\n\t<h3><strong>A network for its members, through its members<\/strong><\/h3>\n\t<p>R\u00e9seau Mesure Express 18 novembre 2021 : les adh\u00e9rents peuvent retrouver l&rsquo;actualit\u00e9 de l&rsquo;association dans R\u00e9seau Mesure Express.<\/p>\n<p>Training: an opportunity to retain teams and increase their skills.<\/p>\n<h2>\n\t\tHow to develop your sales performance?\n\t<\/h2>\n\t<h1>Take part in the commercial training offered to members of the Measurement Network<\/h1>\n\t<p>&nbsp;<\/p>\n<p>Development is often linked to the quality of resources and the ability to adapt to a constantly changing environment.<\/p>\nUne journ\u00e9e de formation et d&rsquo;\u00e9changes est propos\u00e9e<br>\n<strong>Friday November 26<\/strong> face-to-face in Paris.\n\n<em>Morning :<\/em>&nbsp;<b>How to better control hybrid sales to boost your commercial development?<br>\n<\/b>Hybrid selling or how to judiciously mix face-to-face and distance selling to increase productivity.\n<em>Afternoon :<\/em> <b>How to integrate metrology into the valuation of your solution?<br>\n<\/b>Information focused on the fundamentals of metrology. Better understand and inform for a successful sale.\n<strong>Friday November 26, 2021-&nbsp;<\/strong><strong>de 9h30 \u00e0 17h00 &#8211;&nbsp;<\/strong><b>at LNE<\/b>\n<em><strong>Journ\u00e9e offerte aux adh\u00e9rents &#8211; Il reste 2 places disponibles<\/strong><\/em>\n\t\t\t\t<a href=\"https:\/\/www.reseau-mesure.com\/en\/la-formation-2022\/\" target=\"_blank\" rel=\"noopener\" itemprop=\"url\">\n\t\t\t\t<img loading=\"lazy\" decoding=\"async\" src=\"https:\/\/www.reseau-mesure.com\/wp-content\/uploads\/2020\/12\/fromation.jpg\" alt=\"visuel pour formation\" itemprop=\"image\" height=\"340\" width=\"473\" title=\"training\" onerror=\"this.style.display='none'\">\n\t\t\t\t<\/a>\n\t\t\t<a href=\"mailto:eduflot@reseau-mesure.com\" target=\"_blank\" role=\"button\" rel=\"noopener\">\n\t\t\t\t\t\t\tRegistrations\n\t\t\t\t\t<\/a>\n<h2>\n\t\t<a href=\"https:\/\/www.reseau-mesure.com\/en\/evenements\/ibs-2021-le-salon\/\" title=\"Three new modules offered to members to optimize your use of Linkedin\" target=\"_blank\" rel=\"noopener\">\n\t\tThree new modules offered to members to optimize your use of Linkedin\n\t\t<\/a>\n\t<\/h2>\n\t\t\t\t<a href=\"https:\/\/www.reseau-mesure.com\/en\/la-formation-2022\/\" target=\"_blank\" rel=\"noopener\" itemprop=\"url\">\n\t\t\t\t<img loading=\"lazy\" decoding=\"async\" src=\"https:\/\/www.reseau-mesure.com\/wp-content\/uploads\/2020\/12\/linkedin.png\" alt=\"logo linkedin pour formation\" itemprop=\"image\" height=\"168\" width=\"300\" title=\"linkedin\" onerror=\"this.style.display='none'\">\n\t\t\t\t<\/a>\n\t\n<p>The training will be provided by <a href=\"https:\/\/www.linkedin.com\/in\/gregorymancel\/?originalSubdomain=fr\">G. Mancel<\/a>, partner of the Measurement Network and LinkedIn specialist.<\/p>\n\n<p><strong>Number of trainees per session:<\/strong>&nbsp; mini 4 pers. \/ max 6 pers.<\/p>\n<p>&nbsp;<\/p>\n\n\t\t\t<a href=\"mailto:confray@reseau-mesure.com\" target=\"_blank\" role=\"button\" rel=\"noopener\">\n\t\t\t\t\t\t\tRegistrations\n\t\t\t\t\t<\/a>\n\t<p>&nbsp;<\/p>\n<h3><strong>THE<\/strong><strong>&nbsp;PROSPECTING<\/strong><\/h3>\n<p>Master your e-reputation and be active<\/p>\n<ul>\n<li><em><strong>Use advanced search, Boolean operators and filters<\/strong><\/em><br>\n<em><strong>Discover other prospecting techniques<\/strong><\/em><br>\n<em><strong>Better understand and master social selling<\/strong><\/em><\/li>\n<\/ul>\n<p>Next session: <em><strong>Thursday 3 February 2022<\/strong> <\/em>&#8211; visio<\/p>\n<h3><b>RECRUITMENT<\/b><\/h3>\n<ul>\n<li><em><strong>Find talent on LinkedIn.<\/strong><\/em><br>\n<em><strong>Cultivate relationships with potential candidates.<\/strong><\/em><br>\n<em><strong>Take care of your employer brand.<\/strong><\/em><br>\n<em><strong>Publish job offers and create an appointment on his LinkedIn page.<\/strong><\/em><\/li>\n<\/ul>\n<p>Prochaine session&nbsp;:<em><strong>&nbsp;Lundi 7&nbsp;F\u00e9vrier <\/strong><strong>2022<\/strong><\/em>&#8211; visio<\/p>\n<h3><b>PAID ADVERTISING<\/b><\/h3>\n<ul>\n<li><em><strong>Know the different types of advertising on LinkedIn<br>\n<\/strong><\/em><em><strong>Discover Campaign manager<br>\n<\/strong><\/em><em><strong>Create an account and an advertising campaign<\/strong><\/em><\/li>\n<\/ul>\n<p>&nbsp;<\/p>\n<h2>\n\t\t<a href=\"https:\/\/www.reseau-mesure.com\/en\/la-formation-2022\/\" title=\"A new working group dedicated to training\" target=\"_blank\" rel=\"noopener\">\n\t\tA new working group dedicated to training\n\t\t<\/a>\n\t<\/h2>\n\t\nA new&nbsp;<strong>working group dedicated to training<\/strong>&nbsp;will be launched, it will be structured around three axes:\n<strong>The Measurement Network as a training organization<\/strong>\n&#8211; Choix des th\u00e8mes de formation\n&#8211; Recrutement des formateurs\n<strong>The relationship with post-Bac schools<\/strong>\n- Partnerships<br>\n- Action plan\n<strong>How to find tools<\/strong>\n<strong>to guide young people before&nbsp;<\/strong><strong>Baccalaureat ?<\/strong>\n&#8211; Faire d\u00e9couvrir le monde de la mesure\n&#8211; D\u00e9velopper l&rsquo;int\u00e9r\u00eat des jeunes\n<p>&nbsp;<\/p>\n\t\t\t\t<a href=\"https:\/\/www.reseau-mesure.com\/en\/la-formation-2022\/\" target=\"_blank\" rel=\"noopener\" itemprop=\"url\">\n\t\t\t\t<img loading=\"lazy\" decoding=\"async\" src=\"https:\/\/www.reseau-mesure.com\/wp-content\/uploads\/2018\/02\/46455_bonhomme_reunion2-300x300.jpg\" alt=\"groupes de travail\" itemprop=\"image\" height=\"300\" width=\"300\" title=\"workgroups\" onerror=\"this.style.display='none'\">\n\t\t\t\t<\/a>\n\t<strong>Do you want to join this new group?<\/strong>\nThank you for contacting Estelle Duflot\n<a href=\"mailto:eduflot@reseau-mesure.com?subject=Groupe%20de%20travail%20formation\">eduflot@reseau-mesure.com <\/a>06 51 05 08 80\n<p>&nbsp;<\/p>\n\t\t\t<a href=\"https:\/\/www.reseau-mesure.com\/en\/evenements\/\" target=\"_self\" role=\"button\" rel=\"noopener\">\n\t\t\t\t\t\t\tThe complete agenda of the Measurement Network\n\t\t\t\t\t<\/a>\n\t\t\t\t<a href=\"https:\/\/www.reseau-mesure.com\/en\/evenements\/\" target=\"_blank\" rel=\"noopener\" itemprop=\"url\">\n\t\t\t\t<img loading=\"lazy\" decoding=\"async\" src=\"https:\/\/www.reseau-mesure.com\/wp-content\/uploads\/2020\/08\/Plan-de-travail-3niveau.png\" alt=\"R\u00e9seau Mesure Express Actualites\" itemprop=\"image\" height=\"3665\" width=\"5520\" title=\"Express Measurement Network News\" onerror=\"this.style.display='none'\">\n\t\t\t\t<\/a>\n\t<h1>Qualiopi certification<\/h1>\n\t<p>&nbsp;<\/p>\n<p>&nbsp;<\/p>\n<p>Vous dispensez des formations pour vos clients,&nbsp; \u00e0 compter du&nbsp;1er janvier 2022 elles devront \u00eatre <strong>Qualiopi certified<\/strong> to be supported by the OPCOs.<\/p>\n<ul>\n<li><strong>You initiate the certification process <\/strong>ou vous n&rsquo;\u00eates pas encore pr\u00eat pour cela, le R\u00e9seau Mesure vous propose d&rsquo;aborder ces points ensemble.<\/li>\n<li><strong>If you do not want to get involved in the Qualiopi process <\/strong>corn <strong>prefer to benefit from the certification of the Measurement Network <\/strong>pour les formations que vous dispensez : c&rsquo;est possible .<\/li>\n<\/ul>\n<p>Contact : Claire Onfray &#8211; confray@reseau-mesure.com 09 54 64 45 56<\/p>\n\t<h2>R\u00e9seau Mesure Express: news about the association&#039;s action plan<\/h2>\n<h1>\n\t\tR\u00e9seau Mesure Express November 18, 2021\n\t<\/h1>","protected":false},"excerpt":{"rendered":"<p>R\u00e9seau Mesure Express November 18, 2021 11\/18\/2021 A network for its members, through its members R\u00e9seau Mesure Express November 18, 2021: members can find news from the association in R\u00e9seau Mesure Express. Training: an opportunity to retain teams and increase their skills. How to develop your sales performance? Participate ...<\/p>","protected":false},"author":720,"featured_media":0,"parent":0,"menu_order":0,"comment_status":"closed","ping_status":"closed","template":"","meta":{"_acf_changed":false,"footnotes":""},"class_list":["post-15276","page","type-page","status-publish","hentry"],"acf":[],"yoast_head":"<!-- This site is optimized with the Yoast SEO plugin v27.5 - https:\/\/yoast.com\/product\/yoast-seo-wordpress\/ -->\n<title>R\u00e9seau Mesure Express 18 novembre 2021 - R\u00e9seau Mesure<\/title>\n<meta name=\"description\" content=\"R\u00e9seau Mesure Express 18 novembre 2021. La formation : une opportunit\u00e9 pour fid\u00e9liser les \u00e9quipes et les faire monter en comp\u00e9tences.\" \/>\n<meta name=\"robots\" content=\"index, follow, max-snippet:-1, max-image-preview:large, max-video-preview:-1\" \/>\n<link rel=\"canonical\" href=\"https:\/\/www.reseau-mesure.com\/en\/reseau-mesure-express-18-novembre-2021\/\" \/>\n<meta property=\"og:locale\" content=\"en_US\" \/>\n<meta property=\"og:type\" content=\"article\" \/>\n<meta property=\"og:title\" content=\"R\u00e9seau Mesure Express 18 novembre 2021 - R\u00e9seau Mesure\" \/>\n<meta property=\"og:description\" content=\"R\u00e9seau Mesure Express 18 novembre 2021. La formation : une opportunit\u00e9 pour fid\u00e9liser les \u00e9quipes et les faire monter en comp\u00e9tences.\" \/>\n<meta property=\"og:url\" content=\"https:\/\/www.reseau-mesure.com\/en\/reseau-mesure-express-18-novembre-2021\/\" \/>\n<meta property=\"og:site_name\" content=\"R\u00e9seau Mesure\" \/>\n<meta property=\"article:publisher\" content=\"https:\/\/www.facebook.com\/reseaumesure\/\" \/>\n<meta property=\"article:modified_time\" content=\"2021-11-17T16:38:49+00:00\" \/>\n<meta property=\"og:image\" content=\"https:\/\/www.reseau-mesure.com\/wp-content\/uploads\/2020\/07\/20ku.jpeg\" \/>\n<meta name=\"twitter:card\" content=\"summary_large_image\" \/>\n<meta name=\"twitter:site\" content=\"@ReseauMesure\" \/>\n<meta name=\"twitter:label1\" content=\"Est. reading time\" \/>\n\t<meta name=\"twitter:data1\" content=\"4 minutes\" \/>\n<script type=\"application\/ld+json\" class=\"yoast-schema-graph\">{\"@context\":\"https:\\\/\\\/schema.org\",\"@graph\":[{\"@type\":\"WebPage\",\"@id\":\"https:\\\/\\\/www.reseau-mesure.com\\\/de\\\/reseau-mesure-express-18-novembre-2021\\\/\",\"url\":\"https:\\\/\\\/www.reseau-mesure.com\\\/de\\\/reseau-mesure-express-18-novembre-2021\\\/\",\"name\":\"R\u00e9seau Mesure Express 18 novembre 2021 - R\u00e9seau Mesure\",\"isPartOf\":{\"@id\":\"https:\\\/\\\/www.reseau-mesure.com\\\/#website\"},\"primaryImageOfPage\":{\"@id\":\"https:\\\/\\\/www.reseau-mesure.com\\\/de\\\/reseau-mesure-express-18-novembre-2021\\\/#primaryimage\"},\"image\":{\"@id\":\"https:\\\/\\\/www.reseau-mesure.com\\\/de\\\/reseau-mesure-express-18-novembre-2021\\\/#primaryimage\"},\"thumbnailUrl\":\"https:\\\/\\\/www.reseau-mesure.com\\\/wp-content\\\/uploads\\\/2020\\\/07\\\/20ku.jpeg\",\"datePublished\":\"2021-11-17T11:15:43+00:00\",\"dateModified\":\"2021-11-17T16:38:49+00:00\",\"description\":\"R\u00e9seau Mesure Express 18 novembre 2021. La formation : une opportunit\u00e9 pour fid\u00e9liser les \u00e9quipes et les faire monter en comp\u00e9tences.\",\"breadcrumb\":{\"@id\":\"https:\\\/\\\/www.reseau-mesure.com\\\/de\\\/reseau-mesure-express-18-novembre-2021\\\/#breadcrumb\"},\"inLanguage\":\"en-US\",\"potentialAction\":[{\"@type\":\"ReadAction\",\"target\":[\"https:\\\/\\\/www.reseau-mesure.com\\\/de\\\/reseau-mesure-express-18-novembre-2021\\\/\"]}]},{\"@type\":\"ImageObject\",\"inLanguage\":\"en-US\",\"@id\":\"https:\\\/\\\/www.reseau-mesure.com\\\/de\\\/reseau-mesure-express-18-novembre-2021\\\/#primaryimage\",\"url\":\"https:\\\/\\\/www.reseau-mesure.com\\\/wp-content\\\/uploads\\\/2020\\\/07\\\/20ku.jpeg\",\"contentUrl\":\"https:\\\/\\\/www.reseau-mesure.com\\\/wp-content\\\/uploads\\\/2020\\\/07\\\/20ku.jpeg\"},{\"@type\":\"BreadcrumbList\",\"@id\":\"https:\\\/\\\/www.reseau-mesure.com\\\/de\\\/reseau-mesure-express-18-novembre-2021\\\/#breadcrumb\",\"itemListElement\":[{\"@type\":\"ListItem\",\"position\":1,\"name\":\"Accueil\",\"item\":\"https:\\\/\\\/www.reseau-mesure.com\\\/\"},{\"@type\":\"ListItem\",\"position\":2,\"name\":\"R\u00e9seau Mesure Express-20211118\"}]},{\"@type\":\"WebSite\",\"@id\":\"https:\\\/\\\/www.reseau-mesure.com\\\/#website\",\"url\":\"https:\\\/\\\/www.reseau-mesure.com\\\/\",\"name\":\"R\u00e9seau-Mesure\",\"description\":\"R\u00e9seau Mesure\",\"publisher\":{\"@id\":\"https:\\\/\\\/www.reseau-mesure.com\\\/#organization\"},\"potentialAction\":[{\"@type\":\"SearchAction\",\"target\":{\"@type\":\"EntryPoint\",\"urlTemplate\":\"https:\\\/\\\/www.reseau-mesure.com\\\/?s={search_term_string}\"},\"query-input\":{\"@type\":\"PropertyValueSpecification\",\"valueRequired\":true,\"valueName\":\"search_term_string\"}}],\"inLanguage\":\"en-US\"},{\"@type\":\"Organization\",\"@id\":\"https:\\\/\\\/www.reseau-mesure.com\\\/#organization\",\"name\":\"R\u00e9seau-Mesure\",\"url\":\"https:\\\/\\\/www.reseau-mesure.com\\\/\",\"logo\":{\"@type\":\"ImageObject\",\"inLanguage\":\"en-US\",\"@id\":\"https:\\\/\\\/www.reseau-mesure.com\\\/#\\\/schema\\\/logo\\\/image\\\/\",\"url\":\"https:\\\/\\\/www.reseau-mesure.com\\\/wp-content\\\/uploads\\\/2018\\\/02\\\/logo-max.png\",\"contentUrl\":\"https:\\\/\\\/www.reseau-mesure.com\\\/wp-content\\\/uploads\\\/2018\\\/02\\\/logo-max.png\",\"width\":545,\"height\":285,\"caption\":\"R\u00e9seau-Mesure\"},\"image\":{\"@id\":\"https:\\\/\\\/www.reseau-mesure.com\\\/#\\\/schema\\\/logo\\\/image\\\/\"},\"sameAs\":[\"https:\\\/\\\/www.facebook.com\\\/reseaumesure\\\/\",\"https:\\\/\\\/x.com\\\/ReseauMesure\",\"https:\\\/\\\/www.linkedin.com\\\/company\\\/reseau-mesure\\\/\"]}]}<\/script>\n<!-- \/ Yoast SEO plugin. -->","yoast_head_json":{"title":"R\u00e9seau Mesure Express 18 novembre 2021 - R\u00e9seau Mesure","description":"R\u00e9seau Mesure Express 18 novembre 2021. La formation : une opportunit\u00e9 pour fid\u00e9liser les \u00e9quipes et les faire monter en comp\u00e9tences.","robots":{"index":"index","follow":"follow","max-snippet":"max-snippet:-1","max-image-preview":"max-image-preview:large","max-video-preview":"max-video-preview:-1"},"canonical":"https:\/\/www.reseau-mesure.com\/en\/reseau-mesure-express-18-novembre-2021\/","og_locale":"en_US","og_type":"article","og_title":"R\u00e9seau Mesure Express 18 novembre 2021 - R\u00e9seau Mesure","og_description":"R\u00e9seau Mesure Express 18 novembre 2021. La formation : une opportunit\u00e9 pour fid\u00e9liser les \u00e9quipes et les faire monter en comp\u00e9tences.","og_url":"https:\/\/www.reseau-mesure.com\/en\/reseau-mesure-express-18-novembre-2021\/","og_site_name":"R\u00e9seau Mesure","article_publisher":"https:\/\/www.facebook.com\/reseaumesure\/","article_modified_time":"2021-11-17T16:38:49+00:00","og_image":[{"url":"https:\/\/www.reseau-mesure.com\/wp-content\/uploads\/2020\/07\/20ku.jpeg","type":"","width":"","height":""}],"twitter_card":"summary_large_image","twitter_site":"@ReseauMesure","twitter_misc":{"Est. reading time":"4 minutes"},"schema":{"@context":"https:\/\/schema.org","@graph":[{"@type":"WebPage","@id":"https:\/\/www.reseau-mesure.com\/de\/reseau-mesure-express-18-novembre-2021\/","url":"https:\/\/www.reseau-mesure.com\/de\/reseau-mesure-express-18-novembre-2021\/","name":"R\u00e9seau Mesure Express 18 novembre 2021 - R\u00e9seau Mesure","isPartOf":{"@id":"https:\/\/www.reseau-mesure.com\/#website"},"primaryImageOfPage":{"@id":"https:\/\/www.reseau-mesure.com\/de\/reseau-mesure-express-18-novembre-2021\/#primaryimage"},"image":{"@id":"https:\/\/www.reseau-mesure.com\/de\/reseau-mesure-express-18-novembre-2021\/#primaryimage"},"thumbnailUrl":"https:\/\/www.reseau-mesure.com\/wp-content\/uploads\/2020\/07\/20ku.jpeg","datePublished":"2021-11-17T11:15:43+00:00","dateModified":"2021-11-17T16:38:49+00:00","description":"R\u00e9seau Mesure Express 18 novembre 2021. La formation : une opportunit\u00e9 pour fid\u00e9liser les \u00e9quipes et les faire monter en comp\u00e9tences.","breadcrumb":{"@id":"https:\/\/www.reseau-mesure.com\/de\/reseau-mesure-express-18-novembre-2021\/#breadcrumb"},"inLanguage":"en-US","potentialAction":[{"@type":"ReadAction","target":["https:\/\/www.reseau-mesure.com\/de\/reseau-mesure-express-18-novembre-2021\/"]}]},{"@type":"ImageObject","inLanguage":"en-US","@id":"https:\/\/www.reseau-mesure.com\/de\/reseau-mesure-express-18-novembre-2021\/#primaryimage","url":"https:\/\/www.reseau-mesure.com\/wp-content\/uploads\/2020\/07\/20ku.jpeg","contentUrl":"https:\/\/www.reseau-mesure.com\/wp-content\/uploads\/2020\/07\/20ku.jpeg"},{"@type":"BreadcrumbList","@id":"https:\/\/www.reseau-mesure.com\/de\/reseau-mesure-express-18-novembre-2021\/#breadcrumb","itemListElement":[{"@type":"ListItem","position":1,"name":"Accueil","item":"https:\/\/www.reseau-mesure.com\/"},{"@type":"ListItem","position":2,"name":"R\u00e9seau Mesure Express-20211118"}]},{"@type":"WebSite","@id":"https:\/\/www.reseau-mesure.com\/#website","url":"https:\/\/www.reseau-mesure.com\/","name":"R\u00e9seau-Mesure","description":"Network Measure","publisher":{"@id":"https:\/\/www.reseau-mesure.com\/#organization"},"potentialAction":[{"@type":"SearchAction","target":{"@type":"EntryPoint","urlTemplate":"https:\/\/www.reseau-mesure.com\/?s={search_term_string}"},"query-input":{"@type":"PropertyValueSpecification","valueRequired":true,"valueName":"search_term_string"}}],"inLanguage":"en-US"},{"@type":"Organization","@id":"https:\/\/www.reseau-mesure.com\/#organization","name":"R\u00e9seau-Mesure","url":"https:\/\/www.reseau-mesure.com\/","logo":{"@type":"ImageObject","inLanguage":"en-US","@id":"https:\/\/www.reseau-mesure.com\/#\/schema\/logo\/image\/","url":"https:\/\/www.reseau-mesure.com\/wp-content\/uploads\/2018\/02\/logo-max.png","contentUrl":"https:\/\/www.reseau-mesure.com\/wp-content\/uploads\/2018\/02\/logo-max.png","width":545,"height":285,"caption":"R\u00e9seau-Mesure"},"image":{"@id":"https:\/\/www.reseau-mesure.com\/#\/schema\/logo\/image\/"},"sameAs":["https:\/\/www.facebook.com\/reseaumesure\/","https:\/\/x.com\/ReseauMesure","https:\/\/www.linkedin.com\/company\/reseau-mesure\/"]}]}},"_links":{"self":[{"href":"https:\/\/www.reseau-mesure.com\/en\/wp-json\/wp\/v2\/pages\/15276","targetHints":{"allow":["GET"]}}],"collection":[{"href":"https:\/\/www.reseau-mesure.com\/en\/wp-json\/wp\/v2\/pages"}],"about":[{"href":"https:\/\/www.reseau-mesure.com\/en\/wp-json\/wp\/v2\/types\/page"}],"author":[{"embeddable":true,"href":"https:\/\/www.reseau-mesure.com\/en\/wp-json\/wp\/v2\/users\/720"}],"replies":[{"embeddable":true,"href":"https:\/\/www.reseau-mesure.com\/en\/wp-json\/wp\/v2\/comments?post=15276"}],"version-history":[{"count":0,"href":"https:\/\/www.reseau-mesure.com\/en\/wp-json\/wp\/v2\/pages\/15276\/revisions"}],"wp:attachment":[{"href":"https:\/\/www.reseau-mesure.com\/en\/wp-json\/wp\/v2\/media?parent=15276"}],"curies":[{"name":"wp","href":"https:\/\/api.w.org\/{rel}","templated":true}]}}