{"id":15385,"date":"2021-12-01T18:35:06","date_gmt":"2021-12-01T17:35:06","guid":{"rendered":"https:\/\/www.reseau-mesure.com\/?page_id=15385"},"modified":"2021-12-01T21:50:05","modified_gmt":"2021-12-01T20:50:05","slug":"reseau-mesure-express-2-decembre-2021","status":"publish","type":"page","link":"https:\/\/www.reseau-mesure.com\/en\/reseau-mesure-express-2-decembre-2021\/","title":{"rendered":"Express Measurement Network-20211202"},"content":{"rendered":"<img loading=\"lazy\" decoding=\"async\" src=\"https:\/\/www.reseau-mesure.com\/wp-content\/uploads\/2020\/07\/20ku.jpeg\" alt=\"R\u00e9seau Mesure Express\" itemprop=\"image\" height=\"300\" width=\"970\" title=\"Express Measurement Network Header\" onerror=\"this.style.display='none'\"  \/>\n<h1>\n\t\tR\u00e9seau Mesure Express December 2, 2021\n\t<\/h1>\n<h2>\n\t\t<a href=\"https:\/\/www.reseau-mesure.com\/en\/le-reseau-mesure-2\/\" title=\"02.12.2021\" target=\"_blank\" rel=\"noopener\">\n\t\t02.12.2021\n\t\t<\/a>\n\t<\/h2>\n\t<h3><strong>A network for its members, through its members<\/strong><\/h3>\n\t<p>R\u00e9seau Mesure Express 2 d\u00e9cembre 2021 : les adh\u00e9rents peuvent retrouver l&rsquo;actualit\u00e9 de l&rsquo;association dans R\u00e9seau Mesure Express.<\/p>\n<p>What are your expectations for 2022?<\/p>\n<h2>\n\t\tWhat are your expectations for 2022?\n\t<\/h2>\n\t<h1>The Measurement Network For its members By its members<\/h1>\n\t<p>&nbsp;<\/p>\n<p>Tout au long de l&rsquo;ann\u00e9e, vous avez contribu\u00e9 \u00e0 d\u00e9velopper le plan d&rsquo;actions de l&rsquo;association, nous vous en remercions.<\/p>\n<p>It is important to offer you actions that correspond to your needs and allow you to boost your development through savings, increased administrative, logistical and commercial performance and opportunities for meetings and effective synergies.<\/p>\n<p>Que vous soyez impliqu\u00e9 dans un groupe de travail ou non, n&rsquo;h\u00e9sitez pas \u00e0 nous faire part de vos remarques, id\u00e9es, suggestions !<\/p>\n<p>Formations, salons, rencontres, communication digitale &#8230; nous sommes \u00e0 votre \u00e9coute !<\/p>\n<p>Vous pouvez retrouver l&rsquo;ensemble du plan d&rsquo;actions via le lien suivant <a href=\"https:\/\/www.reseau-mesure.com\/en\/actions\/\">https:\/\/www.reseau-mesure.com\/actions\/<\/a> and contact us on 09 54 64 45 56 for any exchange.<\/p>\n\n\t\t\t\t<a href=\"https:\/\/www.reseau-mesure.com\/en\/\" target=\"_blank\" rel=\"noopener\" itemprop=\"url\">\n\t\t\t\t<img loading=\"lazy\" decoding=\"async\" src=\"https:\/\/www.reseau-mesure.com\/wp-content\/uploads\/2019\/02\/verrou.png\" alt=\"Engrenage R\u00e9seau Mesure\" itemprop=\"image\" height=\"754\" width=\"1595\" title=\"MEASUREMENT NETWORK GEAR\" onerror=\"this.style.display='none'\"  \/>\n\t\t\t\t<\/a>\n\t\t\t<a href=\"mailto:eduflot@reseau-mesure.com\" target=\"_blank\" role=\"button\" rel=\"noopener\">\n\t\t\t\t\t\t\tContact us!\n\t\t\t\t\t<\/a>\n<h2>\n\t\t<a href=\"https:\/\/www.reseau-mesure.com\/en\/international\/\" title=\"Meeting with the Deputy Director of the CCI Alg\u00e9ro Fran\u00e7aise\" target=\"_blank\" rel=\"noopener\">\n\t\tMeeting with the Deputy Director of the CCI Alg\u00e9ro Fran\u00e7aise\n\t\t<\/a>\n\t<\/h2>\n\t\t\t\t<a href=\"https:\/\/www.reseau-mesure.com\/en\/international\/\" target=\"_blank\" rel=\"noopener\" itemprop=\"url\">\n\t\t\t\t<img loading=\"lazy\" decoding=\"async\" src=\"https:\/\/www.reseau-mesure.com\/wp-content\/uploads\/2021\/02\/VISUEL.jpg\" alt=\"R\u00e9seau Mesure Express CCI ALGER\" itemprop=\"image\" height=\"788\" width=\"940\" title=\"CCI ALGIERS\" onerror=\"this.style.display='none'\"  \/>\n\t\t\t\t<\/a>\n\t<p>&nbsp;<\/p>\nAvec le retour de l&rsquo;\u00e9quilibre financier en 2021 contrairement aux exercices pr\u00e9c\u00e9dents,<strong>\u00a0<a href=\"https:\/\/www.cciaf.org\/\">l&rsquo;Alg\u00e9rie<\/a> launched a series of legal measures and draft laws\u00a0<\/strong>in order to\u00a0<strong>revitalize the industrial sector, all sectors combined.<\/strong>\n<p><strong>Algeria\u00a0<\/strong>souhaite\u00a0encourager les investissements productifs locaux ou \u00e9trangers conjugu\u00e9s \u00e0 l&rsquo;encadrement des importations et la promotion des exportations hors hydrocarbures pr\u00e9vues dans la loi de Finances 2022.<\/p>\n\nIl vous dressera un panorama \u00e9conomique complet de la situation actuelle, et abordera le volet des \u00e9changes commerciaux sous son aspect r\u00e8glementaire ( nouvelles r\u00e8gles, paiement, d\u00e9douanement&#8230;).\n<strong>The meeting will be followed by RDV B to B (limited places) in order to be able to present your current and future projects in Algeria.<\/strong>\n<strong>Wednesday December 15, 2021 at 10:00 a.m. at CERGY and on video<\/strong>\n\t\t\t<a href=\"mailto:confray@reseau-mesure.com\" target=\"_blank\" role=\"button\" rel=\"noopener\">\n\t\t\t\t\t\t\tRegistrations\n\t\t\t\t\t<\/a>\n<h2>\n\t\t<a href=\"https:\/\/www.reseau-mesure.com\/en\/la-formation-2022\/\" title=\"Video workshop - how to better master hybrid sales?\" target=\"_blank\" rel=\"noopener\">\n\t\tAtelier visio &#8211; comment mieux maitriser la vente hybride ?\n\t\t<\/a>\n\t<\/h2>\n\t\n\nThe health crisis has forced commercial organizations to adapt and imagine solutions to monitor and develop their customers remotely.<br \/>\nNew operating methods have developed and a number of salespeople, from a wide variety of sectors, now use Visio on a regular basis.<br \/>\n&#8230;parfois pour prospecter<br \/>\n&#8230;parfois pour faire du suivi de client\u00e8le classique<br \/>\n&#8230;parfois pour r\u00e9aliser des d\u00e9monstrations produits&#8230;<br \/>\n&#8230;parfois pour pr\u00e9senter des offres commerciales&#8230;\n<p>While some are struggling, others have taken advantage of this momentum to boost their sales productivity. Learn during this intervention, through concrete examples, how to use hybrid sales.<\/p>\n<strong>Hybrid sales or how to judiciously mix face-to-face and distance selling to increase productivity.<br \/>\n<\/strong>\n<strong><em>The session will take place by videoconference<br \/>\nMonday December 13 at 11:00 a.m.<\/em><\/strong>\n<p>&nbsp;<\/p>\n\t\t\t\t<a href=\"https:\/\/www.reseau-mesure.com\/en\/la-formation-2022\/\" target=\"_blank\" rel=\"noopener\" itemprop=\"url\">\n\t\t\t\t<img loading=\"lazy\" decoding=\"async\" src=\"https:\/\/www.reseau-mesure.com\/wp-content\/uploads\/2021\/12\/6033b71513c7d775da47c0ec.jpg\" alt=\"vente hybride\" itemprop=\"image\" height=\"859\" width=\"1920\" title=\"hybrid sale\" onerror=\"this.style.display='none'\"  \/>\n\t\t\t\t<\/a>\n\t\t\t<a href=\"mailto:eduflot@reseau-mesure.com\" target=\"_blank\" role=\"button\" rel=\"noopener\">\n\t\t\t\t\t\t\tRegistrations\n\t\t\t\t\t<\/a>\n\t\t\t<a href=\"https:\/\/www.reseau-mesure.com\/en\/evenements\/\" target=\"_self\" role=\"button\" rel=\"noopener\">\n\t\t\t\t\t\t\tThe complete agenda of the Measurement Network\n\t\t\t\t\t<\/a>\n\t\t\t\t<a href=\"https:\/\/www.reseau-mesure.com\/en\/evenements\/\" target=\"_blank\" rel=\"noopener\" itemprop=\"url\">\n\t\t\t\t<img loading=\"lazy\" decoding=\"async\" src=\"https:\/\/www.reseau-mesure.com\/wp-content\/uploads\/2020\/08\/Plan-de-travail-3niveau.png\" alt=\"R\u00e9seau Mesure Express Actualites\" itemprop=\"image\" height=\"3665\" width=\"5520\" title=\"Express Measurement Network News\" onerror=\"this.style.display='none'\"  \/>\n\t\t\t\t<\/a>\n\t<h2>Les Tech&rsquo;Days 2021<\/h2>\n\t<p>&nbsp;<\/p>\n<p>&nbsp;<\/p>\n<h1>Protect your innovation - Tuesday, December 7, 2021 at 8:00 a.m.<\/h1>\n<h2>Les Tech&rsquo;Days 2021 &#8211; Vos rendez-vous avec l&rsquo;innovation les mardis de 8h \u00e0 10h30<\/h2>\n<p>An event proposed by the Cergy-Pontoise agglomeration community, CY Cergy-Paris University and the CESE95.<\/p>\n<h3>Tech &#039;Days &quot;Protecting your innovation&quot; Tuesday December 7, 2021 at 8:00 am<\/h3>\n<h4><em>Program and\u00a0 <\/em><a href=\"https:\/\/www.eventbrite.fr\/e\/billets-techdays-proteger-son-innovation-140248879173\">Registration<\/a><\/h4>\n\t<h2>R\u00e9seau Mesure Express: news about the association&#039;s action plan<\/h2>\n<h1>\n\t\tR\u00e9seau Mesure Express December 2, 2021\n\t<\/h1>","protected":false},"excerpt":{"rendered":"<p>R\u00e9seau Mesure Express December 2, 2021 12\/02\/2021 A network for its members, through its members R\u00e9seau Mesure Express December 2, 2021: members can find news from the association in R\u00e9seau Mesure Express. What are your expectations for 2022? What are your expectations for 2022? The Measurement Network For its members By its\u2026<\/p>","protected":false},"author":720,"featured_media":0,"parent":0,"menu_order":0,"comment_status":"closed","ping_status":"closed","template":"","meta":{"_acf_changed":false,"footnotes":""},"class_list":["post-15385","page","type-page","status-publish","hentry"],"acf":[],"yoast_head":"<!-- This site is optimized with the Yoast SEO plugin v27.3 - https:\/\/yoast.com\/product\/yoast-seo-wordpress\/ -->\n<title>R\u00e9seau Mesure Express 2 d\u00e9cembre 2021 - R\u00e9seau Mesure<\/title>\n<meta name=\"description\" content=\"R\u00e9seau Mesure Express 2 d\u00e9cembre novembre 2021. Quelles sont vos attentes pour 2022 : rencontres, formations, salons ....\" \/>\n<meta name=\"robots\" content=\"index, follow, max-snippet:-1, max-image-preview:large, max-video-preview:-1\" \/>\n<link rel=\"canonical\" href=\"https:\/\/www.reseau-mesure.com\/en\/reseau-mesure-express-2-decembre-2021\/\" \/>\n<meta property=\"og:locale\" content=\"en_US\" \/>\n<meta property=\"og:type\" content=\"article\" \/>\n<meta property=\"og:title\" content=\"R\u00e9seau Mesure Express 2 d\u00e9cembre 2021 - R\u00e9seau Mesure\" \/>\n<meta property=\"og:description\" content=\"R\u00e9seau Mesure Express 2 d\u00e9cembre novembre 2021. Quelles sont vos attentes pour 2022 : rencontres, formations, salons ....\" \/>\n<meta property=\"og:url\" content=\"https:\/\/www.reseau-mesure.com\/en\/reseau-mesure-express-2-decembre-2021\/\" \/>\n<meta property=\"og:site_name\" content=\"R\u00e9seau Mesure\" \/>\n<meta property=\"article:publisher\" content=\"https:\/\/www.facebook.com\/reseaumesure\/\" \/>\n<meta property=\"article:modified_time\" content=\"2021-12-01T20:50:05+00:00\" \/>\n<meta property=\"og:image\" content=\"https:\/\/www.reseau-mesure.com\/wp-content\/uploads\/2020\/07\/20ku.jpeg\" \/>\n<meta name=\"twitter:card\" content=\"summary_large_image\" \/>\n<meta name=\"twitter:site\" content=\"@ReseauMesure\" \/>\n<meta name=\"twitter:label1\" content=\"Est. reading time\" \/>\n\t<meta name=\"twitter:data1\" content=\"4 minutes\" \/>\n<script type=\"application\/ld+json\" class=\"yoast-schema-graph\">{\"@context\":\"https:\\\/\\\/schema.org\",\"@graph\":[{\"@type\":\"WebPage\",\"@id\":\"https:\\\/\\\/www.reseau-mesure.com\\\/reseau-mesure-express-2-decembre-2021\\\/\",\"url\":\"https:\\\/\\\/www.reseau-mesure.com\\\/reseau-mesure-express-2-decembre-2021\\\/\",\"name\":\"R\u00e9seau Mesure Express 2 d\u00e9cembre 2021 - R\u00e9seau Mesure\",\"isPartOf\":{\"@id\":\"https:\\\/\\\/www.reseau-mesure.com\\\/#website\"},\"primaryImageOfPage\":{\"@id\":\"https:\\\/\\\/www.reseau-mesure.com\\\/reseau-mesure-express-2-decembre-2021\\\/#primaryimage\"},\"image\":{\"@id\":\"https:\\\/\\\/www.reseau-mesure.com\\\/reseau-mesure-express-2-decembre-2021\\\/#primaryimage\"},\"thumbnailUrl\":\"https:\\\/\\\/www.reseau-mesure.com\\\/wp-content\\\/uploads\\\/2020\\\/07\\\/20ku.jpeg\",\"datePublished\":\"2021-12-01T17:35:06+00:00\",\"dateModified\":\"2021-12-01T20:50:05+00:00\",\"description\":\"R\u00e9seau Mesure Express 2 d\u00e9cembre novembre 2021. Quelles sont vos attentes pour 2022 : rencontres, formations, salons ....\",\"breadcrumb\":{\"@id\":\"https:\\\/\\\/www.reseau-mesure.com\\\/reseau-mesure-express-2-decembre-2021\\\/#breadcrumb\"},\"inLanguage\":\"en-US\",\"potentialAction\":[{\"@type\":\"ReadAction\",\"target\":[\"https:\\\/\\\/www.reseau-mesure.com\\\/reseau-mesure-express-2-decembre-2021\\\/\"]}]},{\"@type\":\"ImageObject\",\"inLanguage\":\"en-US\",\"@id\":\"https:\\\/\\\/www.reseau-mesure.com\\\/reseau-mesure-express-2-decembre-2021\\\/#primaryimage\",\"url\":\"https:\\\/\\\/www.reseau-mesure.com\\\/wp-content\\\/uploads\\\/2020\\\/07\\\/20ku.jpeg\",\"contentUrl\":\"https:\\\/\\\/www.reseau-mesure.com\\\/wp-content\\\/uploads\\\/2020\\\/07\\\/20ku.jpeg\"},{\"@type\":\"BreadcrumbList\",\"@id\":\"https:\\\/\\\/www.reseau-mesure.com\\\/reseau-mesure-express-2-decembre-2021\\\/#breadcrumb\",\"itemListElement\":[{\"@type\":\"ListItem\",\"position\":1,\"name\":\"Accueil\",\"item\":\"https:\\\/\\\/www.reseau-mesure.com\\\/\"},{\"@type\":\"ListItem\",\"position\":2,\"name\":\"R\u00e9seau Mesure Express-20211202\"}]},{\"@type\":\"WebSite\",\"@id\":\"https:\\\/\\\/www.reseau-mesure.com\\\/#website\",\"url\":\"https:\\\/\\\/www.reseau-mesure.com\\\/\",\"name\":\"R\u00e9seau-Mesure\",\"description\":\"R\u00e9seau Mesure\",\"publisher\":{\"@id\":\"https:\\\/\\\/www.reseau-mesure.com\\\/#organization\"},\"potentialAction\":[{\"@type\":\"SearchAction\",\"target\":{\"@type\":\"EntryPoint\",\"urlTemplate\":\"https:\\\/\\\/www.reseau-mesure.com\\\/?s={search_term_string}\"},\"query-input\":{\"@type\":\"PropertyValueSpecification\",\"valueRequired\":true,\"valueName\":\"search_term_string\"}}],\"inLanguage\":\"en-US\"},{\"@type\":\"Organization\",\"@id\":\"https:\\\/\\\/www.reseau-mesure.com\\\/#organization\",\"name\":\"R\u00e9seau-Mesure\",\"url\":\"https:\\\/\\\/www.reseau-mesure.com\\\/\",\"logo\":{\"@type\":\"ImageObject\",\"inLanguage\":\"en-US\",\"@id\":\"https:\\\/\\\/www.reseau-mesure.com\\\/#\\\/schema\\\/logo\\\/image\\\/\",\"url\":\"https:\\\/\\\/www.reseau-mesure.com\\\/wp-content\\\/uploads\\\/2018\\\/02\\\/logo-max.png\",\"contentUrl\":\"https:\\\/\\\/www.reseau-mesure.com\\\/wp-content\\\/uploads\\\/2018\\\/02\\\/logo-max.png\",\"width\":545,\"height\":285,\"caption\":\"R\u00e9seau-Mesure\"},\"image\":{\"@id\":\"https:\\\/\\\/www.reseau-mesure.com\\\/#\\\/schema\\\/logo\\\/image\\\/\"},\"sameAs\":[\"https:\\\/\\\/www.facebook.com\\\/reseaumesure\\\/\",\"https:\\\/\\\/x.com\\\/ReseauMesure\",\"https:\\\/\\\/www.linkedin.com\\\/company\\\/reseau-mesure\\\/\"]}]}<\/script>\n<!-- \/ Yoast SEO plugin. -->","yoast_head_json":{"title":"R\u00e9seau Mesure Express 2 d\u00e9cembre 2021 - R\u00e9seau Mesure","description":"R\u00e9seau Mesure Express 2 d\u00e9cembre novembre 2021. Quelles sont vos attentes pour 2022 : rencontres, formations, salons ....","robots":{"index":"index","follow":"follow","max-snippet":"max-snippet:-1","max-image-preview":"max-image-preview:large","max-video-preview":"max-video-preview:-1"},"canonical":"https:\/\/www.reseau-mesure.com\/en\/reseau-mesure-express-2-decembre-2021\/","og_locale":"en_US","og_type":"article","og_title":"R\u00e9seau Mesure Express 2 d\u00e9cembre 2021 - R\u00e9seau Mesure","og_description":"R\u00e9seau Mesure Express 2 d\u00e9cembre novembre 2021. Quelles sont vos attentes pour 2022 : rencontres, formations, salons ....","og_url":"https:\/\/www.reseau-mesure.com\/en\/reseau-mesure-express-2-decembre-2021\/","og_site_name":"R\u00e9seau Mesure","article_publisher":"https:\/\/www.facebook.com\/reseaumesure\/","article_modified_time":"2021-12-01T20:50:05+00:00","og_image":[{"url":"https:\/\/www.reseau-mesure.com\/wp-content\/uploads\/2020\/07\/20ku.jpeg","type":"","width":"","height":""}],"twitter_card":"summary_large_image","twitter_site":"@ReseauMesure","twitter_misc":{"Est. reading time":"4 minutes"},"schema":{"@context":"https:\/\/schema.org","@graph":[{"@type":"WebPage","@id":"https:\/\/www.reseau-mesure.com\/reseau-mesure-express-2-decembre-2021\/","url":"https:\/\/www.reseau-mesure.com\/reseau-mesure-express-2-decembre-2021\/","name":"R\u00e9seau Mesure Express 2 d\u00e9cembre 2021 - R\u00e9seau Mesure","isPartOf":{"@id":"https:\/\/www.reseau-mesure.com\/#website"},"primaryImageOfPage":{"@id":"https:\/\/www.reseau-mesure.com\/reseau-mesure-express-2-decembre-2021\/#primaryimage"},"image":{"@id":"https:\/\/www.reseau-mesure.com\/reseau-mesure-express-2-decembre-2021\/#primaryimage"},"thumbnailUrl":"https:\/\/www.reseau-mesure.com\/wp-content\/uploads\/2020\/07\/20ku.jpeg","datePublished":"2021-12-01T17:35:06+00:00","dateModified":"2021-12-01T20:50:05+00:00","description":"R\u00e9seau Mesure Express 2 d\u00e9cembre novembre 2021. Quelles sont vos attentes pour 2022 : rencontres, formations, salons ....","breadcrumb":{"@id":"https:\/\/www.reseau-mesure.com\/reseau-mesure-express-2-decembre-2021\/#breadcrumb"},"inLanguage":"en-US","potentialAction":[{"@type":"ReadAction","target":["https:\/\/www.reseau-mesure.com\/reseau-mesure-express-2-decembre-2021\/"]}]},{"@type":"ImageObject","inLanguage":"en-US","@id":"https:\/\/www.reseau-mesure.com\/reseau-mesure-express-2-decembre-2021\/#primaryimage","url":"https:\/\/www.reseau-mesure.com\/wp-content\/uploads\/2020\/07\/20ku.jpeg","contentUrl":"https:\/\/www.reseau-mesure.com\/wp-content\/uploads\/2020\/07\/20ku.jpeg"},{"@type":"BreadcrumbList","@id":"https:\/\/www.reseau-mesure.com\/reseau-mesure-express-2-decembre-2021\/#breadcrumb","itemListElement":[{"@type":"ListItem","position":1,"name":"Accueil","item":"https:\/\/www.reseau-mesure.com\/"},{"@type":"ListItem","position":2,"name":"R\u00e9seau Mesure Express-20211202"}]},{"@type":"WebSite","@id":"https:\/\/www.reseau-mesure.com\/#website","url":"https:\/\/www.reseau-mesure.com\/","name":"R\u00e9seau-Mesure","description":"Network Measure","publisher":{"@id":"https:\/\/www.reseau-mesure.com\/#organization"},"potentialAction":[{"@type":"SearchAction","target":{"@type":"EntryPoint","urlTemplate":"https:\/\/www.reseau-mesure.com\/?s={search_term_string}"},"query-input":{"@type":"PropertyValueSpecification","valueRequired":true,"valueName":"search_term_string"}}],"inLanguage":"en-US"},{"@type":"Organization","@id":"https:\/\/www.reseau-mesure.com\/#organization","name":"R\u00e9seau-Mesure","url":"https:\/\/www.reseau-mesure.com\/","logo":{"@type":"ImageObject","inLanguage":"en-US","@id":"https:\/\/www.reseau-mesure.com\/#\/schema\/logo\/image\/","url":"https:\/\/www.reseau-mesure.com\/wp-content\/uploads\/2018\/02\/logo-max.png","contentUrl":"https:\/\/www.reseau-mesure.com\/wp-content\/uploads\/2018\/02\/logo-max.png","width":545,"height":285,"caption":"R\u00e9seau-Mesure"},"image":{"@id":"https:\/\/www.reseau-mesure.com\/#\/schema\/logo\/image\/"},"sameAs":["https:\/\/www.facebook.com\/reseaumesure\/","https:\/\/x.com\/ReseauMesure","https:\/\/www.linkedin.com\/company\/reseau-mesure\/"]}]}},"_links":{"self":[{"href":"https:\/\/www.reseau-mesure.com\/en\/wp-json\/wp\/v2\/pages\/15385","targetHints":{"allow":["GET"]}}],"collection":[{"href":"https:\/\/www.reseau-mesure.com\/en\/wp-json\/wp\/v2\/pages"}],"about":[{"href":"https:\/\/www.reseau-mesure.com\/en\/wp-json\/wp\/v2\/types\/page"}],"author":[{"embeddable":true,"href":"https:\/\/www.reseau-mesure.com\/en\/wp-json\/wp\/v2\/users\/720"}],"replies":[{"embeddable":true,"href":"https:\/\/www.reseau-mesure.com\/en\/wp-json\/wp\/v2\/comments?post=15385"}],"version-history":[{"count":0,"href":"https:\/\/www.reseau-mesure.com\/en\/wp-json\/wp\/v2\/pages\/15385\/revisions"}],"wp:attachment":[{"href":"https:\/\/www.reseau-mesure.com\/en\/wp-json\/wp\/v2\/media?parent=15385"}],"curies":[{"name":"wp","href":"https:\/\/api.w.org\/{rel}","templated":true}]}}