{"id":15479,"date":"2021-12-09T16:24:24","date_gmt":"2021-12-09T15:24:24","guid":{"rendered":"https:\/\/www.reseau-mesure.com\/?page_id=15479"},"modified":"2024-04-11T07:43:36","modified_gmt":"2024-04-11T05:43:36","slug":"formation-lintelligence-artificielle","status":"publish","type":"page","link":"https:\/\/www.reseau-mesure.com\/en\/formation-lintelligence-artificielle\/","title":{"rendered":"Artificial Intelligence"},"content":{"rendered":"<img loading=\"lazy\" decoding=\"async\" src=\"https:\/\/www.reseau-mesure.com\/wp-content\/uploads\/2021\/11\/artificial-intelligence-g5c06de65c_1920-300x200.jpg\" alt=\"formation intelligence artificielle\" itemprop=\"image\" height=\"200\" width=\"300\" title=\"artificial-intelligence-g5c06de65c_1920\" onerror=\"this.style.display='none'\"  \/>\n\t<p>&nbsp;<\/p>\n<p><strong><em>E-training<\/em><\/strong><\/p>\n\t\t\t\t<img loading=\"lazy\" decoding=\"async\" src=\"https:\/\/www.reseau-mesure.com\/wp-content\/uploads\/2020\/12\/laptop-150x150.png\" alt=\"laptop\" itemprop=\"image\" height=\"150\" width=\"150\" title=\"laptop\" onerror=\"this.style.display='none'\"  \/>\n\t<p><b>The I<\/b><b>intelligence<\/b><b> Artificial \u2013 (module 1) initiation\u00a0<\/b><\/p>\n\t<table width=\"100%\">\n<tbody>\n<tr>\n<td><b>La formation sur l&rsquo;Intelligence Artificielle a pour objectifs de permettre aux acteurs de la mesure de b\u00e9n\u00e9ficier d&rsquo;un premier niveau de connaissance n\u00e9cessaire pour aborder plus en profondeur les outils et les concepts.<\/b>\n<p>The proposed program:<\/p>\n<ul>\n<li>\n<ul>\n<li>\n<ul>\n<li>\n<ul>\n<li>The history of AI and Data Science.<\/li>\n<li>AI and Data Science: differences and synergies.<\/li>\n<li>The basic concepts of AI and why they are talked about so much now.<\/li>\n<li>Possible applications in the field of business and measurement (illustration by examples).<\/li>\n<li>The advantages\/disadvantages\/limitations of using AI.<\/li>\n<li>The actors and a quick overview of the tools.<\/li>\n<\/ul>\n<\/li>\n<\/ul>\n<\/li>\n<\/ul>\n<\/li>\n<\/ul>\n<p>The training will be provided by Mr. Rosa, partner of the Measurement Network and AI expert specializing in measurement and testing.<\/p>\n<p><b>R\u00e9seau Mesure is a Qualiopi certified training center allowing support from your OPCO.<\/b><\/p>\n<p><strong>Number of trainees per session:<\/strong>\u00a0 mini 4 pers. \/ max 6 pers.<\/p>\n<strong>2022 assessments<\/strong> : 4 participants &#8211;\u00a0<em>moyenne bas\u00e9e sur l&rsquo;atteinte des objectifs, la p\u00e9dagogie et l&rsquo;organisation: <\/em><em>17\/20<\/em><br \/>\n<strong>2023 assessments<\/strong> : 4 participants &#8211; <em>moyenne bas\u00e9e sur l&rsquo;atteinte des objectifs, la p\u00e9dagogie et l&rsquo;organisation: <\/em><em>12.5\/20<\/em>\n<p><strong>Next session <\/strong>: <strong>\u00a0<\/strong>We plan the dates according to your requests, so do not hesitate to <a href=\"mailto:confray@reseau-mesure.com\">Contact us<\/a> !\u00a0<\/p>\n&nbsp;<\/td>\n<\/tr>\n<tr>\n\n<\/tr>\n<tr>\n\n<\/tr>\n<\/tbody>\n<\/table>\n\t\t\t<a href=\"https:\/\/www.reseau-mesure.com\/wp-content\/uploads\/2024\/03\/2024-IA-initiation-presentation-v1.pdf\" target=\"_blank\" rel=\"noopener\">\n\t\t\t\t\t\t\tpresentation\n\t\t\t\t\t<\/a>\n\t\t\t<a href=\"https:\/\/www.reseau-mesure.com\/wp-content\/uploads\/2024\/03\/2024-IA-initiation-programme-v1.pdf\" target=\"_blank\" rel=\"noopener\">\n\t\t\t\t\t\t\tProgram\n\t\t\t\t\t<\/a>\n\t\t\t<a href=\"mailto:confray@reseau-mesure.com\" target=\"_blank\" rel=\"noopener\">\n\t\t\t\t\t\t\tSubscription request\n\t\t\t\t\t<\/a>\n\t<p>&nbsp;<\/p>\n<p><b>The I<\/b><b>intelligence<\/b><b> Artificial \u2013 (module 2) improvement\u00a0<\/b><\/p>\n\t<table width=\"100%\">\n<tbody>\n<tr>\n<td><b>La formation sur l&rsquo;Intelligence Artificielle niveau 2 a pour objectifs de permettre aux acteurs de la mesure d&rsquo;acqu\u00e9rir la connaissance des outils disponibles et des r\u00e9sultats esp\u00e9r\u00e9s afin de pouvoir les utiliser.<\/b>\n<p>The proposed program:<\/p>\n<ul>\n<li>\n<ul>\n<li>\n<ul>\n<li>\n<ul>\n<li>Reminder of module 1<\/li>\n<li>first basic tools: Anaconda<\/li>\n<li>the mathematical principles of supervised learning<\/li>\n<li>a package of algorithms<\/li>\n<li>the different tools and creation of programs<\/li>\n<\/ul>\n<\/li>\n<\/ul>\n<\/li>\n<\/ul>\n<\/li>\n<\/ul>\n<p>The training will be provided by Mr. Rosa, partner of the Measurement Network and AI expert specializing in measurement and testing.<\/p>\n<p><b>R\u00e9seau Mesure is a Qualiopi certified training center allowing support from your OPCO.<\/b><\/p>\n<p><strong>Number of trainees per session:<\/strong>\u00a0 mini 4 pers. \/ max 6 pers.<\/p>\n<p><strong>Next session <\/strong>: <strong>\u00a0<\/strong>We plan the dates according to your requests, so do not hesitate to <a href=\"mailto:confray@reseau-mesure.com\">Contact us<\/a> !\u00a0<\/p>\n&nbsp;<\/td>\n<\/tr>\n<tr>\n\n<\/tr>\n<tr>\n\n<\/tr>\n<\/tbody>\n<\/table>\n\t\t\t<a href=\"https:\/\/www.reseau-mesure.com\/wp-content\/uploads\/2023\/04\/2023-IA-perfectionnement-presentation-v1.pdf\" target=\"_blank\" rel=\"noopener\">\n\t\t\t\t\t\t\tpresentation\n\t\t\t\t\t<\/a>\n\t\t\t<a href=\"https:\/\/www.reseau-mesure.com\/wp-content\/uploads\/2023\/04\/2023-IA-niveau-2-programme-sur-1.5-jrs.pdf\" target=\"_blank\" rel=\"noopener\">\n\t\t\t\t\t\t\tProgram\n\t\t\t\t\t<\/a>\n\t\t\t<a href=\"mailto:confray@reseau-mesure.com\" target=\"_blank\" rel=\"noopener\">\n\t\t\t\t\t\t\tSubscription request\n\t\t\t\t\t<\/a>","protected":false},"excerpt":{"rendered":"<p>&nbsp; E-formation L&rsquo;Intelligence Artificielle &#8211; (module 1) initiation\u00a0 La formation sur l&rsquo;Intelligence Artificielle a pour objectifs de permettre aux acteurs de la mesure de b\u00e9n\u00e9ficier d&rsquo;un premier niveau de connaissance n\u00e9cessaire pour aborder plus en profondeur les outils et les concepts. Le programme propos\u00e9: L&rsquo;historique de l&rsquo;IA et de la Data Science. IA et Data&hellip;<\/p>","protected":false},"author":349,"featured_media":0,"parent":0,"menu_order":0,"comment_status":"closed","ping_status":"closed","template":"","meta":{"_acf_changed":false,"footnotes":""},"class_list":["post-15479","page","type-page","status-publish","hentry"],"acf":[],"yoast_head":"<!-- This site is optimized with the Yoast SEO plugin v27.4 - https:\/\/yoast.com\/product\/yoast-seo-wordpress\/ -->\n<title>Formation - L&#039;Intelligence Artificielle - R\u00e9seau Mesure<\/title>\n<meta name=\"description\" content=\"Formation sur l&#039;intelligence artificielle, pour comprendre les concepts de base et les applications dans le domaine de la mesure.\" \/>\n<meta name=\"robots\" content=\"index, follow, max-snippet:-1, max-image-preview:large, max-video-preview:-1\" \/>\n<link rel=\"canonical\" href=\"https:\/\/www.reseau-mesure.com\/en\/formation-lintelligence-artificielle\/\" \/>\n<meta property=\"og:locale\" content=\"en_US\" \/>\n<meta property=\"og:type\" content=\"article\" \/>\n<meta property=\"og:title\" content=\"Formation - L&#039;Intelligence Artificielle - R\u00e9seau Mesure\" \/>\n<meta property=\"og:description\" content=\"Formation sur l&#039;intelligence artificielle, pour comprendre les concepts de base et les applications dans le domaine de la mesure.\" \/>\n<meta property=\"og:url\" content=\"https:\/\/www.reseau-mesure.com\/en\/formation-lintelligence-artificielle\/\" \/>\n<meta property=\"og:site_name\" content=\"R\u00e9seau Mesure\" \/>\n<meta property=\"article:publisher\" content=\"https:\/\/www.facebook.com\/reseaumesure\/\" \/>\n<meta property=\"article:modified_time\" content=\"2024-04-11T05:43:36+00:00\" \/>\n<meta property=\"og:image\" content=\"https:\/\/www.reseau-mesure.com\/wp-content\/uploads\/2021\/11\/artificial-intelligence-g5c06de65c_1920-300x200.jpg\" \/>\n<meta name=\"twitter:card\" content=\"summary_large_image\" \/>\n<meta name=\"twitter:site\" content=\"@ReseauMesure\" \/>\n<meta name=\"twitter:label1\" content=\"Est. reading time\" \/>\n\t<meta name=\"twitter:data1\" content=\"2 minutes\" \/>\n<script type=\"application\/ld+json\" class=\"yoast-schema-graph\">{\"@context\":\"https:\\\/\\\/schema.org\",\"@graph\":[{\"@type\":\"WebPage\",\"@id\":\"https:\\\/\\\/www.reseau-mesure.com\\\/formation-lintelligence-artificielle\\\/\",\"url\":\"https:\\\/\\\/www.reseau-mesure.com\\\/formation-lintelligence-artificielle\\\/\",\"name\":\"Formation - L'Intelligence Artificielle - R\u00e9seau Mesure\",\"isPartOf\":{\"@id\":\"https:\\\/\\\/www.reseau-mesure.com\\\/#website\"},\"primaryImageOfPage\":{\"@id\":\"https:\\\/\\\/www.reseau-mesure.com\\\/formation-lintelligence-artificielle\\\/#primaryimage\"},\"image\":{\"@id\":\"https:\\\/\\\/www.reseau-mesure.com\\\/formation-lintelligence-artificielle\\\/#primaryimage\"},\"thumbnailUrl\":\"https:\\\/\\\/www.reseau-mesure.com\\\/wp-content\\\/uploads\\\/2021\\\/11\\\/artificial-intelligence-g5c06de65c_1920-300x200.jpg\",\"datePublished\":\"2021-12-09T15:24:24+00:00\",\"dateModified\":\"2024-04-11T05:43:36+00:00\",\"description\":\"Formation sur l'intelligence artificielle, pour comprendre les concepts de base et les applications dans le domaine de la mesure.\",\"breadcrumb\":{\"@id\":\"https:\\\/\\\/www.reseau-mesure.com\\\/formation-lintelligence-artificielle\\\/#breadcrumb\"},\"inLanguage\":\"en-US\",\"potentialAction\":[{\"@type\":\"ReadAction\",\"target\":[\"https:\\\/\\\/www.reseau-mesure.com\\\/formation-lintelligence-artificielle\\\/\"]}]},{\"@type\":\"ImageObject\",\"inLanguage\":\"en-US\",\"@id\":\"https:\\\/\\\/www.reseau-mesure.com\\\/formation-lintelligence-artificielle\\\/#primaryimage\",\"url\":\"https:\\\/\\\/www.reseau-mesure.com\\\/wp-content\\\/uploads\\\/2021\\\/11\\\/artificial-intelligence-g5c06de65c_1920-300x200.jpg\",\"contentUrl\":\"https:\\\/\\\/www.reseau-mesure.com\\\/wp-content\\\/uploads\\\/2021\\\/11\\\/artificial-intelligence-g5c06de65c_1920-300x200.jpg\"},{\"@type\":\"BreadcrumbList\",\"@id\":\"https:\\\/\\\/www.reseau-mesure.com\\\/formation-lintelligence-artificielle\\\/#breadcrumb\",\"itemListElement\":[{\"@type\":\"ListItem\",\"position\":1,\"name\":\"Accueil\",\"item\":\"https:\\\/\\\/www.reseau-mesure.com\\\/\"},{\"@type\":\"ListItem\",\"position\":2,\"name\":\"L&rsquo;Intelligence Artificielle\"}]},{\"@type\":\"WebSite\",\"@id\":\"https:\\\/\\\/www.reseau-mesure.com\\\/#website\",\"url\":\"https:\\\/\\\/www.reseau-mesure.com\\\/\",\"name\":\"R\u00e9seau-Mesure\",\"description\":\"R\u00e9seau Mesure\",\"publisher\":{\"@id\":\"https:\\\/\\\/www.reseau-mesure.com\\\/#organization\"},\"potentialAction\":[{\"@type\":\"SearchAction\",\"target\":{\"@type\":\"EntryPoint\",\"urlTemplate\":\"https:\\\/\\\/www.reseau-mesure.com\\\/?s={search_term_string}\"},\"query-input\":{\"@type\":\"PropertyValueSpecification\",\"valueRequired\":true,\"valueName\":\"search_term_string\"}}],\"inLanguage\":\"en-US\"},{\"@type\":\"Organization\",\"@id\":\"https:\\\/\\\/www.reseau-mesure.com\\\/#organization\",\"name\":\"R\u00e9seau-Mesure\",\"url\":\"https:\\\/\\\/www.reseau-mesure.com\\\/\",\"logo\":{\"@type\":\"ImageObject\",\"inLanguage\":\"en-US\",\"@id\":\"https:\\\/\\\/www.reseau-mesure.com\\\/#\\\/schema\\\/logo\\\/image\\\/\",\"url\":\"https:\\\/\\\/www.reseau-mesure.com\\\/wp-content\\\/uploads\\\/2018\\\/02\\\/logo-max.png\",\"contentUrl\":\"https:\\\/\\\/www.reseau-mesure.com\\\/wp-content\\\/uploads\\\/2018\\\/02\\\/logo-max.png\",\"width\":545,\"height\":285,\"caption\":\"R\u00e9seau-Mesure\"},\"image\":{\"@id\":\"https:\\\/\\\/www.reseau-mesure.com\\\/#\\\/schema\\\/logo\\\/image\\\/\"},\"sameAs\":[\"https:\\\/\\\/www.facebook.com\\\/reseaumesure\\\/\",\"https:\\\/\\\/x.com\\\/ReseauMesure\",\"https:\\\/\\\/www.linkedin.com\\\/company\\\/reseau-mesure\\\/\"]}]}<\/script>\n<!-- \/ Yoast SEO plugin. -->","yoast_head_json":{"title":"Formation - L'Intelligence Artificielle - R\u00e9seau Mesure","description":"Formation sur l'intelligence artificielle, pour comprendre les concepts de base et les applications dans le domaine de la mesure.","robots":{"index":"index","follow":"follow","max-snippet":"max-snippet:-1","max-image-preview":"max-image-preview:large","max-video-preview":"max-video-preview:-1"},"canonical":"https:\/\/www.reseau-mesure.com\/en\/formation-lintelligence-artificielle\/","og_locale":"en_US","og_type":"article","og_title":"Formation - L'Intelligence Artificielle - R\u00e9seau Mesure","og_description":"Formation sur l'intelligence artificielle, pour comprendre les concepts de base et les applications dans le domaine de la mesure.","og_url":"https:\/\/www.reseau-mesure.com\/en\/formation-lintelligence-artificielle\/","og_site_name":"R\u00e9seau Mesure","article_publisher":"https:\/\/www.facebook.com\/reseaumesure\/","article_modified_time":"2024-04-11T05:43:36+00:00","og_image":[{"url":"https:\/\/www.reseau-mesure.com\/wp-content\/uploads\/2021\/11\/artificial-intelligence-g5c06de65c_1920-300x200.jpg","type":"","width":"","height":""}],"twitter_card":"summary_large_image","twitter_site":"@ReseauMesure","twitter_misc":{"Est. reading time":"2 minutes"},"schema":{"@context":"https:\/\/schema.org","@graph":[{"@type":"WebPage","@id":"https:\/\/www.reseau-mesure.com\/formation-lintelligence-artificielle\/","url":"https:\/\/www.reseau-mesure.com\/formation-lintelligence-artificielle\/","name":"Formation - L'Intelligence Artificielle - R\u00e9seau Mesure","isPartOf":{"@id":"https:\/\/www.reseau-mesure.com\/#website"},"primaryImageOfPage":{"@id":"https:\/\/www.reseau-mesure.com\/formation-lintelligence-artificielle\/#primaryimage"},"image":{"@id":"https:\/\/www.reseau-mesure.com\/formation-lintelligence-artificielle\/#primaryimage"},"thumbnailUrl":"https:\/\/www.reseau-mesure.com\/wp-content\/uploads\/2021\/11\/artificial-intelligence-g5c06de65c_1920-300x200.jpg","datePublished":"2021-12-09T15:24:24+00:00","dateModified":"2024-04-11T05:43:36+00:00","description":"Formation sur l'intelligence artificielle, pour comprendre les concepts de base et les applications dans le domaine de la mesure.","breadcrumb":{"@id":"https:\/\/www.reseau-mesure.com\/formation-lintelligence-artificielle\/#breadcrumb"},"inLanguage":"en-US","potentialAction":[{"@type":"ReadAction","target":["https:\/\/www.reseau-mesure.com\/formation-lintelligence-artificielle\/"]}]},{"@type":"ImageObject","inLanguage":"en-US","@id":"https:\/\/www.reseau-mesure.com\/formation-lintelligence-artificielle\/#primaryimage","url":"https:\/\/www.reseau-mesure.com\/wp-content\/uploads\/2021\/11\/artificial-intelligence-g5c06de65c_1920-300x200.jpg","contentUrl":"https:\/\/www.reseau-mesure.com\/wp-content\/uploads\/2021\/11\/artificial-intelligence-g5c06de65c_1920-300x200.jpg"},{"@type":"BreadcrumbList","@id":"https:\/\/www.reseau-mesure.com\/formation-lintelligence-artificielle\/#breadcrumb","itemListElement":[{"@type":"ListItem","position":1,"name":"Accueil","item":"https:\/\/www.reseau-mesure.com\/"},{"@type":"ListItem","position":2,"name":"L&rsquo;Intelligence Artificielle"}]},{"@type":"WebSite","@id":"https:\/\/www.reseau-mesure.com\/#website","url":"https:\/\/www.reseau-mesure.com\/","name":"R\u00e9seau-Mesure","description":"Network Measure","publisher":{"@id":"https:\/\/www.reseau-mesure.com\/#organization"},"potentialAction":[{"@type":"SearchAction","target":{"@type":"EntryPoint","urlTemplate":"https:\/\/www.reseau-mesure.com\/?s={search_term_string}"},"query-input":{"@type":"PropertyValueSpecification","valueRequired":true,"valueName":"search_term_string"}}],"inLanguage":"en-US"},{"@type":"Organization","@id":"https:\/\/www.reseau-mesure.com\/#organization","name":"R\u00e9seau-Mesure","url":"https:\/\/www.reseau-mesure.com\/","logo":{"@type":"ImageObject","inLanguage":"en-US","@id":"https:\/\/www.reseau-mesure.com\/#\/schema\/logo\/image\/","url":"https:\/\/www.reseau-mesure.com\/wp-content\/uploads\/2018\/02\/logo-max.png","contentUrl":"https:\/\/www.reseau-mesure.com\/wp-content\/uploads\/2018\/02\/logo-max.png","width":545,"height":285,"caption":"R\u00e9seau-Mesure"},"image":{"@id":"https:\/\/www.reseau-mesure.com\/#\/schema\/logo\/image\/"},"sameAs":["https:\/\/www.facebook.com\/reseaumesure\/","https:\/\/x.com\/ReseauMesure","https:\/\/www.linkedin.com\/company\/reseau-mesure\/"]}]}},"_links":{"self":[{"href":"https:\/\/www.reseau-mesure.com\/en\/wp-json\/wp\/v2\/pages\/15479","targetHints":{"allow":["GET"]}}],"collection":[{"href":"https:\/\/www.reseau-mesure.com\/en\/wp-json\/wp\/v2\/pages"}],"about":[{"href":"https:\/\/www.reseau-mesure.com\/en\/wp-json\/wp\/v2\/types\/page"}],"author":[{"embeddable":true,"href":"https:\/\/www.reseau-mesure.com\/en\/wp-json\/wp\/v2\/users\/349"}],"replies":[{"embeddable":true,"href":"https:\/\/www.reseau-mesure.com\/en\/wp-json\/wp\/v2\/comments?post=15479"}],"version-history":[{"count":0,"href":"https:\/\/www.reseau-mesure.com\/en\/wp-json\/wp\/v2\/pages\/15479\/revisions"}],"wp:attachment":[{"href":"https:\/\/www.reseau-mesure.com\/en\/wp-json\/wp\/v2\/media?parent=15479"}],"curies":[{"name":"wp","href":"https:\/\/api.w.org\/{rel}","templated":true}]}}