{"id":15546,"date":"2021-12-14T13:26:57","date_gmt":"2021-12-14T12:26:57","guid":{"rendered":"https:\/\/www.reseau-mesure.com\/?page_id=15546"},"modified":"2024-09-05T15:44:58","modified_gmt":"2024-09-05T13:44:58","slug":"winwerth-langage-dmis-formation","status":"publish","type":"page","link":"https:\/\/www.reseau-mesure.com\/en\/winwerth-langage-dmis-formation\/","title":{"rendered":"WinWerth DMIS Language"},"content":{"rendered":"<a href=\"https:\/\/mpihome.com\/fr\/\" target=\"_blank\" rel=\"noopener\" itemprop=\"url\">\n\t\t\t\t<img loading=\"lazy\" decoding=\"async\" src=\"https:\/\/www.reseau-mesure.com\/wp-content\/uploads\/2021\/12\/WERTH-300x203.png\" alt=\"logo werth france adh\u00e9rent du R\u00e9seau Mesure\" itemprop=\"image\" height=\"203\" width=\"300\" title=\"WERTH\" onerror=\"this.style.display='none'\"  \/>\n\t\t\t\t<\/a>\n\t<p>&nbsp;<\/p>\n<p><b>WinWerth language DMIS Specific training<\/b><\/p>\n\t<p>&nbsp;<\/p>\n<p>&nbsp;<\/p>\n<table width=\"100%\">\n<tbody>\n<tr>\n<td><strong>Cette formation s&rsquo;adresse \u00e0 tout utilisateur voulant se perfectionner \u00e0 la programmation sur machine Werth et qui souhaiter cr\u00e9er des programmes \u00e9volutifs via des variables.<\/strong>\n<p>The training will be provided by <a href=\"https:\/\/www.reseau-mesure.com\/en\/adherent\/werth-messtechnik-france\/\" target=\"_blank\" rel=\"noopener\">Werth Messtechnik France<\/a>, specialist in dimensional and three-dimensional measurements.<\/p>\n<p><b>R\u00e9seau Mesure is referenced as a QUALIOPI certified training center allowing support by your OPCO.<\/b><\/p>\n<p><strong>Number of trainees per session:<\/strong> training exclusive to a company.<\/p>\nEvaluation 2022 : 1 stagiaire &#8211; <em>moyenne bas\u00e9e sur l&rsquo;atteinte des objectifs, la p\u00e9dagogie et l&rsquo;organisation<\/em>:\u00a0 <em> 17.50\/20<br \/>\n<\/em>Evaluations 2024: 1 stagiaire &#8211; <em>moyenne bas\u00e9e sur l&rsquo;atteinte des objectifs, la p\u00e9dagogie et l&rsquo;organisation<\/em>:\u00a0 10\/10 &#8211; <em>\u00a0atteinte des objectifs:\u00a0 \u00a010\/10\u00a0<\/em>\n<p><strong>The training dates are to be defined with the trainer from the Werth company.\u00a0<\/strong><\/p>\n<strong>The program can be modified according to the needs of the company.<\/strong><\/td>\n<\/tr>\n<tr>\n\n<\/tr>\n<\/tbody>\n<\/table>\n\t\t\t<a href=\"https:\/\/www.reseau-mesure.com\/wp-content\/uploads\/2021\/06\/Formation-specifique-Langage-DMIS-Presentation.pdf\" target=\"_blank\" rel=\"noopener\">\n\t\t\t\t\t\t\tpresentation\n\t\t\t\t\t<\/a>\n\t\t\t<a href=\"https:\/\/www.reseau-mesure.com\/wp-content\/uploads\/2021\/12\/Formation-specifique-Langage-DMIS-Programme.pdf\" target=\"_blank\" rel=\"noopener\">\n\t\t\t\t\t\t\tProgram Type\n\t\t\t\t\t<\/a>\n\t\t\t<a href=\"mailto:alexandre.morvan@werthfrance.com\" target=\"_blank\" rel=\"noopener\">\n\t\t\t\t\t\t\tSubscription request\n\t\t\t\t\t<\/a>","protected":false},"excerpt":{"rendered":"<p>&nbsp; WinWerth langage DMIS Formation sp\u00e9cifique &nbsp; &nbsp; Cette formation s&rsquo;adresse \u00e0 tout utilisateur voulant se perfectionner \u00e0 la programmation sur machine Werth et qui souhaiter cr\u00e9er des programmes \u00e9volutifs via des variables. La formation sera assur\u00e9e par Werth Messtechnik France, sp\u00e9cialiste de Mesures dimensionnelles et tridimensionnelles. R\u00e9seau Mesure est r\u00e9f\u00e9renc\u00e9 centre de formation certifi\u00e9&hellip;<\/p>","protected":false},"author":349,"featured_media":0,"parent":0,"menu_order":0,"comment_status":"closed","ping_status":"closed","template":"","meta":{"_acf_changed":false,"footnotes":""},"class_list":["post-15546","page","type-page","status-publish","hentry"],"acf":[],"yoast_head":"<!-- This site is optimized with the Yoast SEO plugin v27.5 - https:\/\/yoast.com\/product\/yoast-seo-wordpress\/ -->\n<title>Formation - WinWerth Langage DMIS - R\u00e9seau Mesure<\/title>\n<meta name=\"description\" content=\"La formation WinWerth langage DMIS c&#039;est perfectionner la programmation sur machine et cr\u00e9er des programmes \u00e9volutifs via des variables.\" \/>\n<meta name=\"robots\" content=\"index, follow, max-snippet:-1, max-image-preview:large, max-video-preview:-1\" \/>\n<link rel=\"canonical\" href=\"https:\/\/www.reseau-mesure.com\/en\/winwerth-langage-dmis-formation\/\" \/>\n<meta property=\"og:locale\" content=\"en_US\" \/>\n<meta property=\"og:type\" content=\"article\" \/>\n<meta property=\"og:title\" content=\"Formation - WinWerth Langage DMIS - R\u00e9seau Mesure\" \/>\n<meta property=\"og:description\" content=\"La formation WinWerth langage DMIS c&#039;est perfectionner la programmation sur machine et cr\u00e9er des programmes \u00e9volutifs via des variables.\" \/>\n<meta property=\"og:url\" content=\"https:\/\/www.reseau-mesure.com\/en\/winwerth-langage-dmis-formation\/\" \/>\n<meta property=\"og:site_name\" content=\"R\u00e9seau Mesure\" \/>\n<meta property=\"article:publisher\" content=\"https:\/\/www.facebook.com\/reseaumesure\/\" \/>\n<meta property=\"article:modified_time\" content=\"2024-09-05T13:44:58+00:00\" \/>\n<meta property=\"og:image\" content=\"https:\/\/www.reseau-mesure.com\/wp-content\/uploads\/2021\/12\/WERTH-300x203.png\" \/>\n<meta name=\"twitter:card\" content=\"summary_large_image\" \/>\n<meta name=\"twitter:site\" content=\"@ReseauMesure\" \/>\n<meta name=\"twitter:label1\" content=\"Est. reading time\" \/>\n\t<meta name=\"twitter:data1\" content=\"1 minute\" \/>\n<script type=\"application\/ld+json\" class=\"yoast-schema-graph\">{\"@context\":\"https:\\\/\\\/schema.org\",\"@graph\":[{\"@type\":\"WebPage\",\"@id\":\"https:\\\/\\\/www.reseau-mesure.com\\\/winwerth-langage-dmis-formation\\\/\",\"url\":\"https:\\\/\\\/www.reseau-mesure.com\\\/winwerth-langage-dmis-formation\\\/\",\"name\":\"Formation - WinWerth Langage DMIS - R\u00e9seau Mesure\",\"isPartOf\":{\"@id\":\"https:\\\/\\\/www.reseau-mesure.com\\\/#website\"},\"primaryImageOfPage\":{\"@id\":\"https:\\\/\\\/www.reseau-mesure.com\\\/winwerth-langage-dmis-formation\\\/#primaryimage\"},\"image\":{\"@id\":\"https:\\\/\\\/www.reseau-mesure.com\\\/winwerth-langage-dmis-formation\\\/#primaryimage\"},\"thumbnailUrl\":\"https:\\\/\\\/www.reseau-mesure.com\\\/wp-content\\\/uploads\\\/2021\\\/12\\\/WERTH-300x203.png\",\"datePublished\":\"2021-12-14T12:26:57+00:00\",\"dateModified\":\"2024-09-05T13:44:58+00:00\",\"description\":\"La formation WinWerth langage DMIS c'est perfectionner la programmation sur machine et cr\u00e9er des programmes \u00e9volutifs via des variables.\",\"breadcrumb\":{\"@id\":\"https:\\\/\\\/www.reseau-mesure.com\\\/winwerth-langage-dmis-formation\\\/#breadcrumb\"},\"inLanguage\":\"en-US\",\"potentialAction\":[{\"@type\":\"ReadAction\",\"target\":[\"https:\\\/\\\/www.reseau-mesure.com\\\/winwerth-langage-dmis-formation\\\/\"]}]},{\"@type\":\"ImageObject\",\"inLanguage\":\"en-US\",\"@id\":\"https:\\\/\\\/www.reseau-mesure.com\\\/winwerth-langage-dmis-formation\\\/#primaryimage\",\"url\":\"https:\\\/\\\/www.reseau-mesure.com\\\/wp-content\\\/uploads\\\/2021\\\/12\\\/WERTH-300x203.png\",\"contentUrl\":\"https:\\\/\\\/www.reseau-mesure.com\\\/wp-content\\\/uploads\\\/2021\\\/12\\\/WERTH-300x203.png\"},{\"@type\":\"BreadcrumbList\",\"@id\":\"https:\\\/\\\/www.reseau-mesure.com\\\/winwerth-langage-dmis-formation\\\/#breadcrumb\",\"itemListElement\":[{\"@type\":\"ListItem\",\"position\":1,\"name\":\"Accueil\",\"item\":\"https:\\\/\\\/www.reseau-mesure.com\\\/\"},{\"@type\":\"ListItem\",\"position\":2,\"name\":\"WinWerth Langage DMIS\"}]},{\"@type\":\"WebSite\",\"@id\":\"https:\\\/\\\/www.reseau-mesure.com\\\/#website\",\"url\":\"https:\\\/\\\/www.reseau-mesure.com\\\/\",\"name\":\"R\u00e9seau-Mesure\",\"description\":\"R\u00e9seau Mesure\",\"publisher\":{\"@id\":\"https:\\\/\\\/www.reseau-mesure.com\\\/#organization\"},\"potentialAction\":[{\"@type\":\"SearchAction\",\"target\":{\"@type\":\"EntryPoint\",\"urlTemplate\":\"https:\\\/\\\/www.reseau-mesure.com\\\/?s={search_term_string}\"},\"query-input\":{\"@type\":\"PropertyValueSpecification\",\"valueRequired\":true,\"valueName\":\"search_term_string\"}}],\"inLanguage\":\"en-US\"},{\"@type\":\"Organization\",\"@id\":\"https:\\\/\\\/www.reseau-mesure.com\\\/#organization\",\"name\":\"R\u00e9seau-Mesure\",\"url\":\"https:\\\/\\\/www.reseau-mesure.com\\\/\",\"logo\":{\"@type\":\"ImageObject\",\"inLanguage\":\"en-US\",\"@id\":\"https:\\\/\\\/www.reseau-mesure.com\\\/#\\\/schema\\\/logo\\\/image\\\/\",\"url\":\"https:\\\/\\\/www.reseau-mesure.com\\\/wp-content\\\/uploads\\\/2018\\\/02\\\/logo-max.png\",\"contentUrl\":\"https:\\\/\\\/www.reseau-mesure.com\\\/wp-content\\\/uploads\\\/2018\\\/02\\\/logo-max.png\",\"width\":545,\"height\":285,\"caption\":\"R\u00e9seau-Mesure\"},\"image\":{\"@id\":\"https:\\\/\\\/www.reseau-mesure.com\\\/#\\\/schema\\\/logo\\\/image\\\/\"},\"sameAs\":[\"https:\\\/\\\/www.facebook.com\\\/reseaumesure\\\/\",\"https:\\\/\\\/x.com\\\/ReseauMesure\",\"https:\\\/\\\/www.linkedin.com\\\/company\\\/reseau-mesure\\\/\"]}]}<\/script>\n<!-- \/ Yoast SEO plugin. -->","yoast_head_json":{"title":"Formation - WinWerth Langage DMIS - R\u00e9seau Mesure","description":"La formation WinWerth langage DMIS c'est perfectionner la programmation sur machine et cr\u00e9er des programmes \u00e9volutifs via des variables.","robots":{"index":"index","follow":"follow","max-snippet":"max-snippet:-1","max-image-preview":"max-image-preview:large","max-video-preview":"max-video-preview:-1"},"canonical":"https:\/\/www.reseau-mesure.com\/en\/winwerth-langage-dmis-formation\/","og_locale":"en_US","og_type":"article","og_title":"Formation - WinWerth Langage DMIS - R\u00e9seau Mesure","og_description":"La formation WinWerth langage DMIS c'est perfectionner la programmation sur machine et cr\u00e9er des programmes \u00e9volutifs via des variables.","og_url":"https:\/\/www.reseau-mesure.com\/en\/winwerth-langage-dmis-formation\/","og_site_name":"R\u00e9seau Mesure","article_publisher":"https:\/\/www.facebook.com\/reseaumesure\/","article_modified_time":"2024-09-05T13:44:58+00:00","og_image":[{"url":"https:\/\/www.reseau-mesure.com\/wp-content\/uploads\/2021\/12\/WERTH-300x203.png","type":"","width":"","height":""}],"twitter_card":"summary_large_image","twitter_site":"@ReseauMesure","twitter_misc":{"Est. reading time":"1 minute"},"schema":{"@context":"https:\/\/schema.org","@graph":[{"@type":"WebPage","@id":"https:\/\/www.reseau-mesure.com\/winwerth-langage-dmis-formation\/","url":"https:\/\/www.reseau-mesure.com\/winwerth-langage-dmis-formation\/","name":"Formation - WinWerth Langage DMIS - R\u00e9seau Mesure","isPartOf":{"@id":"https:\/\/www.reseau-mesure.com\/#website"},"primaryImageOfPage":{"@id":"https:\/\/www.reseau-mesure.com\/winwerth-langage-dmis-formation\/#primaryimage"},"image":{"@id":"https:\/\/www.reseau-mesure.com\/winwerth-langage-dmis-formation\/#primaryimage"},"thumbnailUrl":"https:\/\/www.reseau-mesure.com\/wp-content\/uploads\/2021\/12\/WERTH-300x203.png","datePublished":"2021-12-14T12:26:57+00:00","dateModified":"2024-09-05T13:44:58+00:00","description":"La formation WinWerth langage DMIS c'est perfectionner la programmation sur machine et cr\u00e9er des programmes \u00e9volutifs via des variables.","breadcrumb":{"@id":"https:\/\/www.reseau-mesure.com\/winwerth-langage-dmis-formation\/#breadcrumb"},"inLanguage":"en-US","potentialAction":[{"@type":"ReadAction","target":["https:\/\/www.reseau-mesure.com\/winwerth-langage-dmis-formation\/"]}]},{"@type":"ImageObject","inLanguage":"en-US","@id":"https:\/\/www.reseau-mesure.com\/winwerth-langage-dmis-formation\/#primaryimage","url":"https:\/\/www.reseau-mesure.com\/wp-content\/uploads\/2021\/12\/WERTH-300x203.png","contentUrl":"https:\/\/www.reseau-mesure.com\/wp-content\/uploads\/2021\/12\/WERTH-300x203.png"},{"@type":"BreadcrumbList","@id":"https:\/\/www.reseau-mesure.com\/winwerth-langage-dmis-formation\/#breadcrumb","itemListElement":[{"@type":"ListItem","position":1,"name":"Accueil","item":"https:\/\/www.reseau-mesure.com\/"},{"@type":"ListItem","position":2,"name":"WinWerth Langage DMIS"}]},{"@type":"WebSite","@id":"https:\/\/www.reseau-mesure.com\/#website","url":"https:\/\/www.reseau-mesure.com\/","name":"R\u00e9seau-Mesure","description":"Network Measure","publisher":{"@id":"https:\/\/www.reseau-mesure.com\/#organization"},"potentialAction":[{"@type":"SearchAction","target":{"@type":"EntryPoint","urlTemplate":"https:\/\/www.reseau-mesure.com\/?s={search_term_string}"},"query-input":{"@type":"PropertyValueSpecification","valueRequired":true,"valueName":"search_term_string"}}],"inLanguage":"en-US"},{"@type":"Organization","@id":"https:\/\/www.reseau-mesure.com\/#organization","name":"R\u00e9seau-Mesure","url":"https:\/\/www.reseau-mesure.com\/","logo":{"@type":"ImageObject","inLanguage":"en-US","@id":"https:\/\/www.reseau-mesure.com\/#\/schema\/logo\/image\/","url":"https:\/\/www.reseau-mesure.com\/wp-content\/uploads\/2018\/02\/logo-max.png","contentUrl":"https:\/\/www.reseau-mesure.com\/wp-content\/uploads\/2018\/02\/logo-max.png","width":545,"height":285,"caption":"R\u00e9seau-Mesure"},"image":{"@id":"https:\/\/www.reseau-mesure.com\/#\/schema\/logo\/image\/"},"sameAs":["https:\/\/www.facebook.com\/reseaumesure\/","https:\/\/x.com\/ReseauMesure","https:\/\/www.linkedin.com\/company\/reseau-mesure\/"]}]}},"_links":{"self":[{"href":"https:\/\/www.reseau-mesure.com\/en\/wp-json\/wp\/v2\/pages\/15546","targetHints":{"allow":["GET"]}}],"collection":[{"href":"https:\/\/www.reseau-mesure.com\/en\/wp-json\/wp\/v2\/pages"}],"about":[{"href":"https:\/\/www.reseau-mesure.com\/en\/wp-json\/wp\/v2\/types\/page"}],"author":[{"embeddable":true,"href":"https:\/\/www.reseau-mesure.com\/en\/wp-json\/wp\/v2\/users\/349"}],"replies":[{"embeddable":true,"href":"https:\/\/www.reseau-mesure.com\/en\/wp-json\/wp\/v2\/comments?post=15546"}],"version-history":[{"count":0,"href":"https:\/\/www.reseau-mesure.com\/en\/wp-json\/wp\/v2\/pages\/15546\/revisions"}],"wp:attachment":[{"href":"https:\/\/www.reseau-mesure.com\/en\/wp-json\/wp\/v2\/media?parent=15546"}],"curies":[{"name":"wp","href":"https:\/\/api.w.org\/{rel}","templated":true}]}}