{"id":15848,"date":"2022-01-19T10:57:11","date_gmt":"2022-01-19T09:57:11","guid":{"rendered":"https:\/\/www.reseau-mesure.com\/?page_id=15848"},"modified":"2022-02-08T14:38:32","modified_gmt":"2022-02-08T13:38:32","slug":"reseau-mesure-express-21-janvier-2022","status":"publish","type":"page","link":"https:\/\/www.reseau-mesure.com\/en\/reseau-mesure-express-21-janvier-2022\/","title":{"rendered":"Network Measurement Express-20220121"},"content":{"rendered":"<img loading=\"lazy\" decoding=\"async\" src=\"https:\/\/www.reseau-mesure.com\/wp-content\/uploads\/2020\/07\/20ku.jpeg\" alt=\"R\u00e9seau Mesure Express\" itemprop=\"image\" height=\"300\" width=\"970\" title=\"Express Measurement Network Header\" onerror=\"this.style.display='none'\">\n<h1>\n\t\tExpress Measurement Network January 21, 2022\n\t<\/h1>\n<h2>\n\t\t<a href=\"https:\/\/www.reseau-mesure.com\/en\/le-reseau-mesure-2\/\" title=\"21.01.2022\" target=\"_blank\" rel=\"noopener\">\n\t\t21.01.2022\n\t\t<\/a>\n\t<\/h2>\n\t<h3><strong>A network for its members, through its members<\/strong><\/h3>\n\t<p>R\u00e9seau Mesure Express 21 janvier 2022 : les adh\u00e9rents peuvent retrouver l&rsquo;actualit\u00e9 de l&rsquo;association dans R\u00e9seau Mesure Express.<\/p>\n<p>Mark your calendars for 2022!<\/p>\n<h2>\n\t\t<a href=\"https:\/\/www.reseau-mesure.com\/wp-content\/uploads\/2021\/06\/PLAN-MEDIA-2022-RESEAU-MESURE.pdf\" title=\"A new media plan for 2022\" target=\"_blank\" rel=\"noopener\">\n\t\tA new media plan for 2022\n\t\t<\/a>\n\t<\/h2>\n\t<h2>The Measurement Network allows you to benefit from preferential rates and privileged communication opportunities with our 19 partners.<\/h2>\n\t<p>&nbsp;<\/p>\n<h2><b>Amplify its communication with controlled budgets.<\/b><\/h2>\n<h3><b>A dedicated working group<\/b><\/h3>\n<ul>\n<li>Development of a training plan for members<\/li>\n<li>An exchange of experiences<\/li>\n<li>Interventions with specialists to develop your digital action plan<\/li>\n<\/ul>\n<h3><b>Communication for members on the Measurement Network website and on LinkedIn<\/b><\/h3>\n<ul>\n<li>Amplify your SEO<\/li>\n<li>Develop your image<\/li>\n<\/ul>\n<h3><b>Amplified digital communication thanks to the media plan of the Measurement Network<\/b><\/h3>\n\t\t\t\t<a href=\"https:\/\/www.reseau-mesure.com\/en\/communication\/\" target=\"_blank\" rel=\"noopener\" itemprop=\"url\">\n\t\t\t\t<img loading=\"lazy\" decoding=\"async\" src=\"https:\/\/www.reseau-mesure.com\/wp-content\/uploads\/2022\/01\/2022-PARTENAIRES-PRESSE.png\" alt=\"Partenaires presse 2022\" itemprop=\"image\" height=\"563\" width=\"828\" title=\"2022 PRESS PARTNERS\" onerror=\"this.style.display='none'\">\n\t\t\t\t<\/a>\n\t\t\t<a href=\"https:\/\/www.reseau-mesure.com\/wp-content\/uploads\/2021\/06\/PLAN-MEDIA-2022-RESEAU-MESURE.pdf\" target=\"_blank\" role=\"button\" rel=\"noopener\">\n\t\t\t\t\t\t\tDownload the 2022 media plan\n\t\t\t\t\t<\/a>\n\t<p>&nbsp;<\/p>\n<p><strong>N&rsquo;h\u00e9sitez pas \u00e0 nous transmettre la communication que vous souhaitez que nous relayons sur le site du R\u00e9seau Mesure et sur LinkedIn.<\/strong><\/p>\n<h2>\n\t\t<a href=\"https:\/\/www.reseau-mesure.com\/en\/communication\/\" title=\"La Gazette du LABORATOIRE, professional media at the service of players in the world of Laboratory and Science since 1995\" target=\"_blank\" rel=\"noopener\">\n\t\tLa Gazette du LABORATOIRE, professional media at the service of players in the world of Laboratory and Science since 1995\n\t\t<\/a>\n\t<\/h2>\n\t\t\t\t<a href=\"https:\/\/www.reseau-mesure.com\/en\/communication\/\" target=\"_blank\" rel=\"noopener\" itemprop=\"url\">\n\t\t\t\t<img loading=\"lazy\" decoding=\"async\" src=\"https:\/\/www.reseau-mesure.com\/wp-content\/uploads\/2018\/01\/LOGO-la-gazette-du-labratoire.png\" alt=\"la Gazette du Laboratoire\" itemprop=\"image\" height=\"285\" width=\"871\" title=\"LOGO the laboratory gazette\" onerror=\"this.style.display='none'\">\n\t\t\t\t<\/a>\n\t<p>&nbsp;<\/p>\n<p>&nbsp;<\/p>\n<p>La Gazette du LABORATOIRE, une \u00e9quipe \u00e0 taille humaine, \u00e0 votre \u00e9coute&nbsp;&#8211; pour toute question contactez Sandra par mail sandra.bouillard@gazettelabo.fr<\/p>\n<p>or by phone at +33(0)4 77 72 09 65<\/p>\n\t\t\t<a href=\"https:\/\/www.gazettelabo.fr\/gazette\/kitmedia.php\" target=\"_blank\" role=\"button\" rel=\"noopener\">\n\t\t\t\t\t\t\tAsk for the media kit\n\t\t\t\t\t<\/a>\n\t<p>&nbsp;<\/p>\n<p>The <strong>LABORATORY Gazette<\/strong> est un point de rencontre et d&rsquo;\u00e9change, accessible \u00e0 l&rsquo;ensemble des acteurs du monde du Laboratoire et des Sciences. &nbsp;Cr\u00e9\u00e9e par un scientifique pour les scientifiques, La Gazette du LABORATOIRE accompagne&nbsp;depuis 1995, la vie des laboratoires francophones de Recherche, D\u00e9veloppement, Analyse et Contr\u00f4le.<\/p>\n<p>To discover in <a href=\"https:\/\/www.gazettelabo.fr\/titres\/index.php\"><strong>l&rsquo;\u00e9dition France<\/strong><\/a>, l&rsquo;<a href=\"https:\/\/www.gazettelabo.fr\/titresAF\/index.php\"><strong>Africa edition<\/strong><\/a>, and on the sites&nbsp; <a href=\"https:\/\/www.gazettelabo.fr\/index.php\"><strong>www.gazettelabo.fr<\/strong><\/a> and <a href=\"https:\/\/www.laboratoire.com\/\"><strong>www.LABORATORY.com<\/strong><\/a><\/p>\n&#8211; des&nbsp;articles&nbsp;et des&nbsp;contenus sp\u00e9cifiques<br>\n&#8211; des&nbsp;ressources&nbsp;pour votre travail au quotidien<br>\n&#8211; des conseils&nbsp;pratiques et techniques<br>\n&#8211; des&nbsp;t\u00e9moignages&nbsp;m\u00e9tiers, des formations, des&nbsp;annonces&nbsp;d&#8217;emploi<br>\n&#8211; des informations sur les&nbsp;\u00e9v\u00e9nements&nbsp;li\u00e9s au domaine du laboratoire et des sciences<br>\n&#8211;&nbsp;des&nbsp;outils&nbsp;pour communiquer sur votre actualit\u00e9, vos projets et augmenter votre notori\u00e9t\u00e9\n<p>&#8211; un moteur de recherche d\u00e9di\u00e9 aux services et mat\u00e9riels du domaine des laboratoires et des sciences<\/p>\n<h2>\n\t\t<a href=\"https:\/\/www.reseau-mesure.com\/wp-content\/uploads\/2022\/01\/APPEL-A-COMMUNICATIONS-ASTELAB-2022.pdf\" title=\"ASTELAB\u00ae 2022 Testing and Simulation Days\" target=\"_blank\" rel=\"noopener\">\n\t\tASTELAB\u00ae 2022 Testing and Simulation Days\n\t\t<\/a>\n\t<\/h2>\n\t<strong>\u00e0 EDF Lab (Palaiseau &#8211; 91), du 27 au 29 juin 2022<\/strong>\n<p><strong>Call for papers<\/strong><\/p>\n<p>L&rsquo;ASTE \u00ab Association pour le d\u00e9veloppement des Sciences et Techniques de l&rsquo;Environnement \u00bb organise du 27 au 29 juin 2022 en partenariat avec EDF R&amp;D et NAFEMS et sur le site d&rsquo;EDF Lab \u00e0 Palaiseau (91) un colloque sur le th\u00e8me \u00ab Essais et Simulation \u00bb.<\/p>\n<p><strong>Symposium themes: <\/strong><\/p>\n<p>Les th\u00e8mes principaux list\u00e9s ci-apr\u00e8s doivent \u00eatre en rapport avec la prise en compte de l&rsquo;environnement m\u00e9canique :<\/p>\n\u2022 Applications des nouvelles m\u00e9thodes issues de NF X 50-144-3 ; CEI 60068-2-64:2019 ; MIL STD 810 H&#8230;<br>\n\u2022 Contactless sensors, multi-physical sensors, virtual sensors,<br>\n\u2022 Pr\u00e9paration d&rsquo;essais, traitement de donn\u00e9es, stockage de r\u00e9sultats, \u00e9changes de donn\u00e9es,<br>\n\u2022 Simulations, \u201cSimulation Data Life Management\u201d, multi-physics simulations,<br>\n\u2022 Nouveaux moyens d&rsquo;essais, essais combin\u00e9s,<br>\n\u2022 Test calculation comparison, model readjustment, test\/calculation dialogue.<br>\n\u2022 Virtual testing,<br>\n\u2022 Mesures par cam\u00e9ra : st\u00e9r\u00e9o-corr\u00e9lation&#8230;<br>\n\u2022 Particularit\u00e9s des essais d&rsquo;environnement m\u00e9canique sur les batteries \u00e9lectriques (aspects \u00ab s\u00e9curit\u00e9 \u00bb sous-jacents, piles \u00e0 hydrog\u00e8ne\u2026),<br>\n\u2022 SHM (Structural health monitoring)<br>\n\u2022 Mesures 3D, analyses 3D, vibrations multi-axes (MIMO&#8230;).\n\t\t\t\t<a href=\"https:\/\/www.reseau-mesure.com\/wp-content\/uploads\/2022\/01\/APPEL-A-COMMUNICATIONS-ASTELAB-2022.pdf\" target=\"_blank\" rel=\"noopener\" itemprop=\"url\">\n\t\t\t\t<img loading=\"lazy\" decoding=\"async\" src=\"https:\/\/www.reseau-mesure.com\/wp-content\/uploads\/2022\/01\/photo-APPEL-A-COMMUNICATIONS-ASTELAB-2022.jpg\" alt=\"photo APPEL A COMMUNICATIONS ASTELAB 2022\" itemprop=\"image\" height=\"340\" width=\"654\" title=\"photo CALL FOR PAPERS ASTELAB 2022\" onerror=\"this.style.display='none'\">\n\t\t\t\t<\/a>\n\t\t\t<a href=\"https:\/\/www.reseau-mesure.com\/wp-content\/uploads\/2022\/01\/APPEL-A-COMMUNICATIONS-ASTELAB-2022.pdf\" target=\"_blank\" role=\"button\" rel=\"noopener\">\n\t\t\t\t\t\t\tSubmission and schedule\n\t\t\t\t\t<\/a>\n\t<p>&nbsp;<\/p>\n<p>&nbsp;<\/p>\n<p>Un salon \u00e0 acc\u00e8s libre, r\u00e9unissant les fabricants de capteurs et de moyens d&rsquo;essais ainsi que les d\u00e9veloppeurs de solutions, est organis\u00e9 parall\u00e8lement au colloque.<\/p>\n<p>&nbsp;<\/p>\n\t\t\t<a href=\"https:\/\/www.reseau-mesure.com\/en\/evenements\/\" target=\"_self\" role=\"button\" rel=\"noopener\">\n\t\t\t\t\t\t\tThe complete agenda of the Measurement Network\n\t\t\t\t\t<\/a>\n\t\t\t\t<a href=\"https:\/\/www.reseau-mesure.com\/en\/evenements\/\" target=\"_blank\" rel=\"noopener\" itemprop=\"url\">\n\t\t\t\t<img loading=\"lazy\" decoding=\"async\" src=\"https:\/\/www.reseau-mesure.com\/wp-content\/uploads\/2020\/08\/Plan-de-travail-3niveau.png\" alt=\"R\u00e9seau Mesure Express Actualites\" itemprop=\"image\" height=\"3665\" width=\"5520\" title=\"Express Measurement Network News\" onerror=\"this.style.display='none'\">\n\t\t\t\t<\/a>\n\t<h2><strong>Webinaire &#8211; 3 f\u00e9vrier 2022 \u00e0 11h<\/strong><\/h2>\n\t<p>&nbsp;<\/p>\n<h1>Infrastructures et r\u00e9seaux ferroviaires en Allemagne&nbsp;: vendre aux donneurs d&rsquo;ordres publics \/ priv\u00e9s<\/h1>\nDans un contexte d&rsquo;investissements massifs (86 Md\u20ac sur 10 ans) confirm\u00e9s sur 2021 et de renforcement de la politique de mobilit\u00e9 verte, l&rsquo;Allemagne confirme sa place de leader europ\u00e9en sur le march\u00e9 ferroviaire.<br>\nOpportunities for French companies, whose technical know-how is recognized.\n<p>Participez \u00e0 notre webinaire pour d\u00e9couvrir le potentiel du march\u00e9 allemand&nbsp;!<\/p>\n<h4><a href=\"http:\/\/ftp.ccfa.de\/Infra_ferro_20220203_preview1.html\">Programme et&nbsp; Inscription<\/a><\/h4>\n\t<h2>R\u00e9seau Mesure Express: news about the association&#039;s action plan<\/h2>\n<h1>\n\t\tExpress Measurement Network January 21, 2022\n\t<\/h1>","protected":false},"excerpt":{"rendered":"<p>R\u00e9seau Mesure Express 21 January 2022 21.01.2022 A network for its members, by its members R\u00e9seau Mesure Express 21 January 2022: members can find news about the association in R\u00e9seau Mesure Express. Mark your calendars for 2022! A new Media Plan for 2022 The Measurement Network allows you to benefit from preferential rates\u2026<\/p>","protected":false},"author":720,"featured_media":0,"parent":0,"menu_order":0,"comment_status":"closed","ping_status":"closed","template":"","meta":{"_acf_changed":false,"footnotes":""},"class_list":["post-15848","page","type-page","status-publish","hentry"],"acf":[],"yoast_head":"<!-- This site is optimized with the Yoast SEO plugin v27.3 - https:\/\/yoast.com\/product\/yoast-seo-wordpress\/ -->\n<title>R\u00e9seau Mesure Express 21 janvier 2022 - R\u00e9seau Mesure<\/title>\n<meta name=\"description\" content=\"R\u00e9seau Mesure Express 21 janvier 2022. A vos agendas pour 2022 ! Plan m\u00e9dia, formation, w\u00e9binaires et grille de cotisation 2022\" \/>\n<meta name=\"robots\" content=\"index, follow, max-snippet:-1, max-image-preview:large, max-video-preview:-1\" \/>\n<link rel=\"canonical\" href=\"https:\/\/www.reseau-mesure.com\/en\/reseau-mesure-express-21-janvier-2022\/\" \/>\n<meta property=\"og:locale\" content=\"en_US\" \/>\n<meta property=\"og:type\" content=\"article\" \/>\n<meta property=\"og:title\" content=\"R\u00e9seau Mesure Express 21 janvier 2022 - R\u00e9seau Mesure\" \/>\n<meta property=\"og:description\" content=\"R\u00e9seau Mesure Express 21 janvier 2022. A vos agendas pour 2022 ! Plan m\u00e9dia, formation, w\u00e9binaires et grille de cotisation 2022\" \/>\n<meta property=\"og:url\" content=\"https:\/\/www.reseau-mesure.com\/en\/reseau-mesure-express-21-janvier-2022\/\" \/>\n<meta property=\"og:site_name\" content=\"R\u00e9seau Mesure\" \/>\n<meta property=\"article:publisher\" content=\"https:\/\/www.facebook.com\/reseaumesure\/\" \/>\n<meta property=\"article:modified_time\" content=\"2022-02-08T13:38:32+00:00\" \/>\n<meta property=\"og:image\" content=\"https:\/\/www.reseau-mesure.com\/wp-content\/uploads\/2020\/07\/20ku.jpeg\" \/>\n<meta name=\"twitter:card\" content=\"summary_large_image\" \/>\n<meta name=\"twitter:site\" content=\"@ReseauMesure\" \/>\n<meta name=\"twitter:label1\" content=\"Est. reading time\" \/>\n\t<meta name=\"twitter:data1\" content=\"4 minutes\" \/>\n<script type=\"application\/ld+json\" class=\"yoast-schema-graph\">{\"@context\":\"https:\\\/\\\/schema.org\",\"@graph\":[{\"@type\":\"WebPage\",\"@id\":\"https:\\\/\\\/www.reseau-mesure.com\\\/reseau-mesure-express-21-janvier-2022\\\/\",\"url\":\"https:\\\/\\\/www.reseau-mesure.com\\\/reseau-mesure-express-21-janvier-2022\\\/\",\"name\":\"R\u00e9seau Mesure Express 21 janvier 2022 - R\u00e9seau Mesure\",\"isPartOf\":{\"@id\":\"https:\\\/\\\/www.reseau-mesure.com\\\/#website\"},\"primaryImageOfPage\":{\"@id\":\"https:\\\/\\\/www.reseau-mesure.com\\\/reseau-mesure-express-21-janvier-2022\\\/#primaryimage\"},\"image\":{\"@id\":\"https:\\\/\\\/www.reseau-mesure.com\\\/reseau-mesure-express-21-janvier-2022\\\/#primaryimage\"},\"thumbnailUrl\":\"https:\\\/\\\/www.reseau-mesure.com\\\/wp-content\\\/uploads\\\/2020\\\/07\\\/20ku.jpeg\",\"datePublished\":\"2022-01-19T09:57:11+00:00\",\"dateModified\":\"2022-02-08T13:38:32+00:00\",\"description\":\"R\u00e9seau Mesure Express 21 janvier 2022. A vos agendas pour 2022 ! Plan m\u00e9dia, formation, w\u00e9binaires et grille de cotisation 2022\",\"breadcrumb\":{\"@id\":\"https:\\\/\\\/www.reseau-mesure.com\\\/reseau-mesure-express-21-janvier-2022\\\/#breadcrumb\"},\"inLanguage\":\"en-US\",\"potentialAction\":[{\"@type\":\"ReadAction\",\"target\":[\"https:\\\/\\\/www.reseau-mesure.com\\\/reseau-mesure-express-21-janvier-2022\\\/\"]}]},{\"@type\":\"ImageObject\",\"inLanguage\":\"en-US\",\"@id\":\"https:\\\/\\\/www.reseau-mesure.com\\\/reseau-mesure-express-21-janvier-2022\\\/#primaryimage\",\"url\":\"https:\\\/\\\/www.reseau-mesure.com\\\/wp-content\\\/uploads\\\/2020\\\/07\\\/20ku.jpeg\",\"contentUrl\":\"https:\\\/\\\/www.reseau-mesure.com\\\/wp-content\\\/uploads\\\/2020\\\/07\\\/20ku.jpeg\"},{\"@type\":\"BreadcrumbList\",\"@id\":\"https:\\\/\\\/www.reseau-mesure.com\\\/reseau-mesure-express-21-janvier-2022\\\/#breadcrumb\",\"itemListElement\":[{\"@type\":\"ListItem\",\"position\":1,\"name\":\"Accueil\",\"item\":\"https:\\\/\\\/www.reseau-mesure.com\\\/\"},{\"@type\":\"ListItem\",\"position\":2,\"name\":\"R\u00e9seau Mesure Express-20220121\"}]},{\"@type\":\"WebSite\",\"@id\":\"https:\\\/\\\/www.reseau-mesure.com\\\/#website\",\"url\":\"https:\\\/\\\/www.reseau-mesure.com\\\/\",\"name\":\"R\u00e9seau-Mesure\",\"description\":\"R\u00e9seau Mesure\",\"publisher\":{\"@id\":\"https:\\\/\\\/www.reseau-mesure.com\\\/#organization\"},\"potentialAction\":[{\"@type\":\"SearchAction\",\"target\":{\"@type\":\"EntryPoint\",\"urlTemplate\":\"https:\\\/\\\/www.reseau-mesure.com\\\/?s={search_term_string}\"},\"query-input\":{\"@type\":\"PropertyValueSpecification\",\"valueRequired\":true,\"valueName\":\"search_term_string\"}}],\"inLanguage\":\"en-US\"},{\"@type\":\"Organization\",\"@id\":\"https:\\\/\\\/www.reseau-mesure.com\\\/#organization\",\"name\":\"R\u00e9seau-Mesure\",\"url\":\"https:\\\/\\\/www.reseau-mesure.com\\\/\",\"logo\":{\"@type\":\"ImageObject\",\"inLanguage\":\"en-US\",\"@id\":\"https:\\\/\\\/www.reseau-mesure.com\\\/#\\\/schema\\\/logo\\\/image\\\/\",\"url\":\"https:\\\/\\\/www.reseau-mesure.com\\\/wp-content\\\/uploads\\\/2018\\\/02\\\/logo-max.png\",\"contentUrl\":\"https:\\\/\\\/www.reseau-mesure.com\\\/wp-content\\\/uploads\\\/2018\\\/02\\\/logo-max.png\",\"width\":545,\"height\":285,\"caption\":\"R\u00e9seau-Mesure\"},\"image\":{\"@id\":\"https:\\\/\\\/www.reseau-mesure.com\\\/#\\\/schema\\\/logo\\\/image\\\/\"},\"sameAs\":[\"https:\\\/\\\/www.facebook.com\\\/reseaumesure\\\/\",\"https:\\\/\\\/x.com\\\/ReseauMesure\",\"https:\\\/\\\/www.linkedin.com\\\/company\\\/reseau-mesure\\\/\"]}]}<\/script>\n<!-- \/ Yoast SEO plugin. -->","yoast_head_json":{"title":"R\u00e9seau Mesure Express 21 janvier 2022 - R\u00e9seau Mesure","description":"R\u00e9seau Mesure Express 21 janvier 2022. A vos agendas pour 2022 ! Plan m\u00e9dia, formation, w\u00e9binaires et grille de cotisation 2022","robots":{"index":"index","follow":"follow","max-snippet":"max-snippet:-1","max-image-preview":"max-image-preview:large","max-video-preview":"max-video-preview:-1"},"canonical":"https:\/\/www.reseau-mesure.com\/en\/reseau-mesure-express-21-janvier-2022\/","og_locale":"en_US","og_type":"article","og_title":"R\u00e9seau Mesure Express 21 janvier 2022 - R\u00e9seau Mesure","og_description":"R\u00e9seau Mesure Express 21 janvier 2022. A vos agendas pour 2022 ! Plan m\u00e9dia, formation, w\u00e9binaires et grille de cotisation 2022","og_url":"https:\/\/www.reseau-mesure.com\/en\/reseau-mesure-express-21-janvier-2022\/","og_site_name":"R\u00e9seau Mesure","article_publisher":"https:\/\/www.facebook.com\/reseaumesure\/","article_modified_time":"2022-02-08T13:38:32+00:00","og_image":[{"url":"https:\/\/www.reseau-mesure.com\/wp-content\/uploads\/2020\/07\/20ku.jpeg","type":"","width":"","height":""}],"twitter_card":"summary_large_image","twitter_site":"@ReseauMesure","twitter_misc":{"Est. reading time":"4 minutes"},"schema":{"@context":"https:\/\/schema.org","@graph":[{"@type":"WebPage","@id":"https:\/\/www.reseau-mesure.com\/reseau-mesure-express-21-janvier-2022\/","url":"https:\/\/www.reseau-mesure.com\/reseau-mesure-express-21-janvier-2022\/","name":"R\u00e9seau Mesure Express 21 janvier 2022 - R\u00e9seau Mesure","isPartOf":{"@id":"https:\/\/www.reseau-mesure.com\/#website"},"primaryImageOfPage":{"@id":"https:\/\/www.reseau-mesure.com\/reseau-mesure-express-21-janvier-2022\/#primaryimage"},"image":{"@id":"https:\/\/www.reseau-mesure.com\/reseau-mesure-express-21-janvier-2022\/#primaryimage"},"thumbnailUrl":"https:\/\/www.reseau-mesure.com\/wp-content\/uploads\/2020\/07\/20ku.jpeg","datePublished":"2022-01-19T09:57:11+00:00","dateModified":"2022-02-08T13:38:32+00:00","description":"R\u00e9seau Mesure Express 21 janvier 2022. A vos agendas pour 2022 ! Plan m\u00e9dia, formation, w\u00e9binaires et grille de cotisation 2022","breadcrumb":{"@id":"https:\/\/www.reseau-mesure.com\/reseau-mesure-express-21-janvier-2022\/#breadcrumb"},"inLanguage":"en-US","potentialAction":[{"@type":"ReadAction","target":["https:\/\/www.reseau-mesure.com\/reseau-mesure-express-21-janvier-2022\/"]}]},{"@type":"ImageObject","inLanguage":"en-US","@id":"https:\/\/www.reseau-mesure.com\/reseau-mesure-express-21-janvier-2022\/#primaryimage","url":"https:\/\/www.reseau-mesure.com\/wp-content\/uploads\/2020\/07\/20ku.jpeg","contentUrl":"https:\/\/www.reseau-mesure.com\/wp-content\/uploads\/2020\/07\/20ku.jpeg"},{"@type":"BreadcrumbList","@id":"https:\/\/www.reseau-mesure.com\/reseau-mesure-express-21-janvier-2022\/#breadcrumb","itemListElement":[{"@type":"ListItem","position":1,"name":"Accueil","item":"https:\/\/www.reseau-mesure.com\/"},{"@type":"ListItem","position":2,"name":"R\u00e9seau Mesure Express-20220121"}]},{"@type":"WebSite","@id":"https:\/\/www.reseau-mesure.com\/#website","url":"https:\/\/www.reseau-mesure.com\/","name":"R\u00e9seau-Mesure","description":"Network Measure","publisher":{"@id":"https:\/\/www.reseau-mesure.com\/#organization"},"potentialAction":[{"@type":"SearchAction","target":{"@type":"EntryPoint","urlTemplate":"https:\/\/www.reseau-mesure.com\/?s={search_term_string}"},"query-input":{"@type":"PropertyValueSpecification","valueRequired":true,"valueName":"search_term_string"}}],"inLanguage":"en-US"},{"@type":"Organization","@id":"https:\/\/www.reseau-mesure.com\/#organization","name":"R\u00e9seau-Mesure","url":"https:\/\/www.reseau-mesure.com\/","logo":{"@type":"ImageObject","inLanguage":"en-US","@id":"https:\/\/www.reseau-mesure.com\/#\/schema\/logo\/image\/","url":"https:\/\/www.reseau-mesure.com\/wp-content\/uploads\/2018\/02\/logo-max.png","contentUrl":"https:\/\/www.reseau-mesure.com\/wp-content\/uploads\/2018\/02\/logo-max.png","width":545,"height":285,"caption":"R\u00e9seau-Mesure"},"image":{"@id":"https:\/\/www.reseau-mesure.com\/#\/schema\/logo\/image\/"},"sameAs":["https:\/\/www.facebook.com\/reseaumesure\/","https:\/\/x.com\/ReseauMesure","https:\/\/www.linkedin.com\/company\/reseau-mesure\/"]}]}},"_links":{"self":[{"href":"https:\/\/www.reseau-mesure.com\/en\/wp-json\/wp\/v2\/pages\/15848","targetHints":{"allow":["GET"]}}],"collection":[{"href":"https:\/\/www.reseau-mesure.com\/en\/wp-json\/wp\/v2\/pages"}],"about":[{"href":"https:\/\/www.reseau-mesure.com\/en\/wp-json\/wp\/v2\/types\/page"}],"author":[{"embeddable":true,"href":"https:\/\/www.reseau-mesure.com\/en\/wp-json\/wp\/v2\/users\/720"}],"replies":[{"embeddable":true,"href":"https:\/\/www.reseau-mesure.com\/en\/wp-json\/wp\/v2\/comments?post=15848"}],"version-history":[{"count":0,"href":"https:\/\/www.reseau-mesure.com\/en\/wp-json\/wp\/v2\/pages\/15848\/revisions"}],"wp:attachment":[{"href":"https:\/\/www.reseau-mesure.com\/en\/wp-json\/wp\/v2\/media?parent=15848"}],"curies":[{"name":"wp","href":"https:\/\/api.w.org\/{rel}","templated":true}]}}