{"id":16080,"date":"2022-02-07T14:28:16","date_gmt":"2022-02-07T13:28:16","guid":{"rendered":"https:\/\/www.reseau-mesure.com\/?page_id=16080"},"modified":"2025-12-18T14:50:08","modified_gmt":"2025-12-18T13:50:08","slug":"toutes-les-formations-d-eurotek","status":"publish","type":"page","link":"https:\/\/www.reseau-mesure.com\/en\/toutes-les-formations-d-eurotek\/","title":{"rendered":"All EUROTEK training courses"},"content":{"rendered":"<a href=\"https:\/\/eurotek-france.fr\/\"  target=\"_blank\" rel=\"noopener\"  itemprop=\"url\">\n\t\t\t\t<img decoding=\"async\" src=\"https:\/\/www.reseau-mesure.com\/wp-content\/uploads\/2018\/03\/EUROTEK-300x104.jpg\" alt=\"EUROTEK.jpg\" itemprop=\"image\" height=\"104\" width=\"300\" title=\"EUROTEK.jpg\" onerror=\"this.style.display='none'\" loading=\"lazy\" \/>\n\t\t\t\t<\/a>\n\t<p>&nbsp;<\/p>\n<p><b>Tailor-made training offered by Eurotek<\/b><\/p>\n<p>&nbsp;<\/p>\n\t<p><b>INCA 3D<\/b><\/p>\n\t\t\t<a href=\"https:\/\/www.reseau-mesure.com\/en\/inca-3d-eurotek\/\" target=\"_blank\" rel=\"noopener\">\n\t\t\t\t\t\t\tDiscover this training\n\t\t\t\t\t<\/a>\n\t<p><b>METROLOG X4<\/b><\/p>\n\t\t\t<a href=\"https:\/\/www.reseau-mesure.com\/en\/metrolog-x4-eurotek\/\" target=\"_blank\" rel=\"noopener\">\n\t\t\t\t\t\t\tDiscover this training\n\t\t\t\t\t<\/a>\n\t<p><b>TOLERANCEMENT GEOMETRIQUE<\/b><\/p>\n\t\t\t<a href=\"https:\/\/www.reseau-mesure.com\/en\/tolerancement-geometrique-eurotek\/\" target=\"_blank\" rel=\"noopener\">\n\t\t\t\t\t\t\tDiscover this training\n\t\t\t\t\t<\/a>\n\t<p><b>GEOMAGIC Design X<\/b><\/p>\n\t\t\t<a href=\"https:\/\/www.reseau-mesure.com\/en\/geomagic-design-x-eurotek\/\" target=\"_blank\" rel=\"noopener\">\n\t\t\t\t\t\t\tDiscover this training\n\t\t\t\t\t<\/a>\n\t<p><b>METROLOG XG<\/b><\/p>\n\t\t\t<a href=\"https:\/\/www.reseau-mesure.com\/en\/metrolog-xg-eurotek\/\" target=\"_blank\" rel=\"noopener\">\n\t\t\t\t\t\t\tDiscover this training\n\t\t\t\t\t<\/a>\n\t<p><b>METROLOG X4 Point Cloud Module<\/b><\/p>\n\t\t\t<a href=\"https:\/\/www.reseau-mesure.com\/en\/metrolog-x4-module\/\" target=\"_blank\" rel=\"noopener\">\n\t\t\t\t\t\t\tDiscover this training\n\t\t\t\t\t<\/a>\n\t<p><b>Calypso<\/b><\/p>\n\t\t\t<a href=\"https:\/\/www.reseau-mesure.com\/en\/calypso-eurotek\/\" target=\"_blank\" rel=\"noopener\">\n\t\t\t\t\t\t\tDiscover this training\n\t\t\t\t\t<\/a>\n\t<p><b>SILMA X4<\/b><\/p>\n\t\t\t<a href=\"https:\/\/www.reseau-mesure.com\/en\/silma-x4-eurotek\/\" target=\"_blank\" rel=\"noopener\">\n\t\t\t\t\t\t\tDiscover this training\n\t\t\t\t\t<\/a>\n\t<p><b>MODUS<\/b><\/p>\n\t\t\t<a href=\"https:\/\/www.reseau-mesure.com\/en\/modus-eurotek\/\" target=\"_blank\" rel=\"noopener\">\n\t\t\t\t\t\t\tDiscover this training\n\t\t\t\t\t<\/a>","protected":false},"excerpt":{"rendered":"<p>&nbsp; Les formations sur mesure propos\u00e9es par Eurotek &nbsp; INCA 3D D\u00e9couvrir cette formation METROLOG X4 D\u00e9couvrir cette formation TOLERANCEMENT GEOMETRIQUE D\u00e9couvrir cette formation GEOMAGIC Design X D\u00e9couvrir cette formation METROLOG XG D\u00e9couvrir cette formation METROLOG X4 Module Nuage de Points D\u00e9couvrir cette formation Calypso D\u00e9couvrir cette formation SILMA X4 D\u00e9couvrir cette formation MODUS D\u00e9couvrir&hellip;<\/p>","protected":false},"author":349,"featured_media":0,"parent":0,"menu_order":0,"comment_status":"closed","ping_status":"closed","template":"","meta":{"_acf_changed":false,"footnotes":""},"class_list":["post-16080","page","type-page","status-publish","hentry"],"acf":[],"yoast_head":"<!-- This site is optimized with the Yoast SEO plugin v27.3 - https:\/\/yoast.com\/product\/yoast-seo-wordpress\/ -->\n<title>Formation - Toutes les formations d&#039;EUROTEK - R\u00e9seau Mesure<\/title>\n<meta name=\"description\" content=\"Les formations d EUROTEK sp\u00e9cialiste dans le domaine de la m\u00e9trologie tridimensionnelle, pour les metrologues.\" \/>\n<meta name=\"robots\" content=\"index, follow, max-snippet:-1, max-image-preview:large, max-video-preview:-1\" \/>\n<link rel=\"canonical\" href=\"https:\/\/www.reseau-mesure.com\/en\/toutes-les-formations-d-eurotek\/\" \/>\n<meta property=\"og:locale\" content=\"en_US\" \/>\n<meta property=\"og:type\" content=\"article\" \/>\n<meta property=\"og:title\" content=\"Formation - Toutes les formations d&#039;EUROTEK - R\u00e9seau Mesure\" \/>\n<meta property=\"og:description\" content=\"Les formations d EUROTEK sp\u00e9cialiste dans le domaine de la m\u00e9trologie tridimensionnelle, pour les metrologues.\" \/>\n<meta property=\"og:url\" content=\"https:\/\/www.reseau-mesure.com\/en\/toutes-les-formations-d-eurotek\/\" \/>\n<meta property=\"og:site_name\" content=\"R\u00e9seau Mesure\" \/>\n<meta property=\"article:publisher\" content=\"https:\/\/www.facebook.com\/reseaumesure\/\" \/>\n<meta property=\"article:modified_time\" content=\"2025-12-18T13:50:08+00:00\" \/>\n<meta property=\"og:image\" content=\"https:\/\/www.reseau-mesure.com\/wp-content\/uploads\/2018\/03\/EUROTEK-300x104.jpg\" \/>\n<meta name=\"twitter:card\" content=\"summary_large_image\" \/>\n<meta name=\"twitter:site\" content=\"@ReseauMesure\" \/>\n<meta name=\"twitter:label1\" content=\"Est. reading time\" \/>\n\t<meta name=\"twitter:data1\" content=\"1 minute\" \/>\n<script type=\"application\/ld+json\" class=\"yoast-schema-graph\">{\"@context\":\"https:\\\/\\\/schema.org\",\"@graph\":[{\"@type\":\"WebPage\",\"@id\":\"https:\\\/\\\/www.reseau-mesure.com\\\/toutes-les-formations-d-eurotek\\\/\",\"url\":\"https:\\\/\\\/www.reseau-mesure.com\\\/toutes-les-formations-d-eurotek\\\/\",\"name\":\"Formation - Toutes les formations d'EUROTEK - R\u00e9seau Mesure\",\"isPartOf\":{\"@id\":\"https:\\\/\\\/www.reseau-mesure.com\\\/#website\"},\"primaryImageOfPage\":{\"@id\":\"https:\\\/\\\/www.reseau-mesure.com\\\/toutes-les-formations-d-eurotek\\\/#primaryimage\"},\"image\":{\"@id\":\"https:\\\/\\\/www.reseau-mesure.com\\\/toutes-les-formations-d-eurotek\\\/#primaryimage\"},\"thumbnailUrl\":\"https:\\\/\\\/www.reseau-mesure.com\\\/wp-content\\\/uploads\\\/2018\\\/03\\\/EUROTEK-300x104.jpg\",\"datePublished\":\"2022-02-07T13:28:16+00:00\",\"dateModified\":\"2025-12-18T13:50:08+00:00\",\"description\":\"Les formations d EUROTEK sp\u00e9cialiste dans le domaine de la m\u00e9trologie tridimensionnelle, pour les metrologues.\",\"breadcrumb\":{\"@id\":\"https:\\\/\\\/www.reseau-mesure.com\\\/toutes-les-formations-d-eurotek\\\/#breadcrumb\"},\"inLanguage\":\"en-US\",\"potentialAction\":[{\"@type\":\"ReadAction\",\"target\":[\"https:\\\/\\\/www.reseau-mesure.com\\\/toutes-les-formations-d-eurotek\\\/\"]}]},{\"@type\":\"ImageObject\",\"inLanguage\":\"en-US\",\"@id\":\"https:\\\/\\\/www.reseau-mesure.com\\\/toutes-les-formations-d-eurotek\\\/#primaryimage\",\"url\":\"https:\\\/\\\/www.reseau-mesure.com\\\/wp-content\\\/uploads\\\/2018\\\/03\\\/EUROTEK-300x104.jpg\",\"contentUrl\":\"https:\\\/\\\/www.reseau-mesure.com\\\/wp-content\\\/uploads\\\/2018\\\/03\\\/EUROTEK-300x104.jpg\"},{\"@type\":\"BreadcrumbList\",\"@id\":\"https:\\\/\\\/www.reseau-mesure.com\\\/toutes-les-formations-d-eurotek\\\/#breadcrumb\",\"itemListElement\":[{\"@type\":\"ListItem\",\"position\":1,\"name\":\"Accueil\",\"item\":\"https:\\\/\\\/www.reseau-mesure.com\\\/\"},{\"@type\":\"ListItem\",\"position\":2,\"name\":\"Toutes les formations d&rsquo;EUROTEK\"}]},{\"@type\":\"WebSite\",\"@id\":\"https:\\\/\\\/www.reseau-mesure.com\\\/#website\",\"url\":\"https:\\\/\\\/www.reseau-mesure.com\\\/\",\"name\":\"R\u00e9seau-Mesure\",\"description\":\"R\u00e9seau Mesure\",\"publisher\":{\"@id\":\"https:\\\/\\\/www.reseau-mesure.com\\\/#organization\"},\"potentialAction\":[{\"@type\":\"SearchAction\",\"target\":{\"@type\":\"EntryPoint\",\"urlTemplate\":\"https:\\\/\\\/www.reseau-mesure.com\\\/?s={search_term_string}\"},\"query-input\":{\"@type\":\"PropertyValueSpecification\",\"valueRequired\":true,\"valueName\":\"search_term_string\"}}],\"inLanguage\":\"en-US\"},{\"@type\":\"Organization\",\"@id\":\"https:\\\/\\\/www.reseau-mesure.com\\\/#organization\",\"name\":\"R\u00e9seau-Mesure\",\"url\":\"https:\\\/\\\/www.reseau-mesure.com\\\/\",\"logo\":{\"@type\":\"ImageObject\",\"inLanguage\":\"en-US\",\"@id\":\"https:\\\/\\\/www.reseau-mesure.com\\\/#\\\/schema\\\/logo\\\/image\\\/\",\"url\":\"https:\\\/\\\/www.reseau-mesure.com\\\/wp-content\\\/uploads\\\/2018\\\/02\\\/logo-max.png\",\"contentUrl\":\"https:\\\/\\\/www.reseau-mesure.com\\\/wp-content\\\/uploads\\\/2018\\\/02\\\/logo-max.png\",\"width\":545,\"height\":285,\"caption\":\"R\u00e9seau-Mesure\"},\"image\":{\"@id\":\"https:\\\/\\\/www.reseau-mesure.com\\\/#\\\/schema\\\/logo\\\/image\\\/\"},\"sameAs\":[\"https:\\\/\\\/www.facebook.com\\\/reseaumesure\\\/\",\"https:\\\/\\\/x.com\\\/ReseauMesure\",\"https:\\\/\\\/www.linkedin.com\\\/company\\\/reseau-mesure\\\/\"]}]}<\/script>\n<!-- \/ Yoast SEO plugin. -->","yoast_head_json":{"title":"Formation - Toutes les formations d'EUROTEK - R\u00e9seau Mesure","description":"Les formations d EUROTEK sp\u00e9cialiste dans le domaine de la m\u00e9trologie tridimensionnelle, pour les metrologues.","robots":{"index":"index","follow":"follow","max-snippet":"max-snippet:-1","max-image-preview":"max-image-preview:large","max-video-preview":"max-video-preview:-1"},"canonical":"https:\/\/www.reseau-mesure.com\/en\/toutes-les-formations-d-eurotek\/","og_locale":"en_US","og_type":"article","og_title":"Formation - Toutes les formations d'EUROTEK - R\u00e9seau Mesure","og_description":"Les formations d EUROTEK sp\u00e9cialiste dans le domaine de la m\u00e9trologie tridimensionnelle, pour les metrologues.","og_url":"https:\/\/www.reseau-mesure.com\/en\/toutes-les-formations-d-eurotek\/","og_site_name":"R\u00e9seau Mesure","article_publisher":"https:\/\/www.facebook.com\/reseaumesure\/","article_modified_time":"2025-12-18T13:50:08+00:00","og_image":[{"url":"https:\/\/www.reseau-mesure.com\/wp-content\/uploads\/2018\/03\/EUROTEK-300x104.jpg","type":"","width":"","height":""}],"twitter_card":"summary_large_image","twitter_site":"@ReseauMesure","twitter_misc":{"Est. reading time":"1 minute"},"schema":{"@context":"https:\/\/schema.org","@graph":[{"@type":"WebPage","@id":"https:\/\/www.reseau-mesure.com\/toutes-les-formations-d-eurotek\/","url":"https:\/\/www.reseau-mesure.com\/toutes-les-formations-d-eurotek\/","name":"Formation - Toutes les formations d'EUROTEK - R\u00e9seau Mesure","isPartOf":{"@id":"https:\/\/www.reseau-mesure.com\/#website"},"primaryImageOfPage":{"@id":"https:\/\/www.reseau-mesure.com\/toutes-les-formations-d-eurotek\/#primaryimage"},"image":{"@id":"https:\/\/www.reseau-mesure.com\/toutes-les-formations-d-eurotek\/#primaryimage"},"thumbnailUrl":"https:\/\/www.reseau-mesure.com\/wp-content\/uploads\/2018\/03\/EUROTEK-300x104.jpg","datePublished":"2022-02-07T13:28:16+00:00","dateModified":"2025-12-18T13:50:08+00:00","description":"Les formations d EUROTEK sp\u00e9cialiste dans le domaine de la m\u00e9trologie tridimensionnelle, pour les metrologues.","breadcrumb":{"@id":"https:\/\/www.reseau-mesure.com\/toutes-les-formations-d-eurotek\/#breadcrumb"},"inLanguage":"en-US","potentialAction":[{"@type":"ReadAction","target":["https:\/\/www.reseau-mesure.com\/toutes-les-formations-d-eurotek\/"]}]},{"@type":"ImageObject","inLanguage":"en-US","@id":"https:\/\/www.reseau-mesure.com\/toutes-les-formations-d-eurotek\/#primaryimage","url":"https:\/\/www.reseau-mesure.com\/wp-content\/uploads\/2018\/03\/EUROTEK-300x104.jpg","contentUrl":"https:\/\/www.reseau-mesure.com\/wp-content\/uploads\/2018\/03\/EUROTEK-300x104.jpg"},{"@type":"BreadcrumbList","@id":"https:\/\/www.reseau-mesure.com\/toutes-les-formations-d-eurotek\/#breadcrumb","itemListElement":[{"@type":"ListItem","position":1,"name":"Accueil","item":"https:\/\/www.reseau-mesure.com\/"},{"@type":"ListItem","position":2,"name":"Toutes les formations d&rsquo;EUROTEK"}]},{"@type":"WebSite","@id":"https:\/\/www.reseau-mesure.com\/#website","url":"https:\/\/www.reseau-mesure.com\/","name":"R\u00e9seau-Mesure","description":"Network Measure","publisher":{"@id":"https:\/\/www.reseau-mesure.com\/#organization"},"potentialAction":[{"@type":"SearchAction","target":{"@type":"EntryPoint","urlTemplate":"https:\/\/www.reseau-mesure.com\/?s={search_term_string}"},"query-input":{"@type":"PropertyValueSpecification","valueRequired":true,"valueName":"search_term_string"}}],"inLanguage":"en-US"},{"@type":"Organization","@id":"https:\/\/www.reseau-mesure.com\/#organization","name":"R\u00e9seau-Mesure","url":"https:\/\/www.reseau-mesure.com\/","logo":{"@type":"ImageObject","inLanguage":"en-US","@id":"https:\/\/www.reseau-mesure.com\/#\/schema\/logo\/image\/","url":"https:\/\/www.reseau-mesure.com\/wp-content\/uploads\/2018\/02\/logo-max.png","contentUrl":"https:\/\/www.reseau-mesure.com\/wp-content\/uploads\/2018\/02\/logo-max.png","width":545,"height":285,"caption":"R\u00e9seau-Mesure"},"image":{"@id":"https:\/\/www.reseau-mesure.com\/#\/schema\/logo\/image\/"},"sameAs":["https:\/\/www.facebook.com\/reseaumesure\/","https:\/\/x.com\/ReseauMesure","https:\/\/www.linkedin.com\/company\/reseau-mesure\/"]}]}},"_links":{"self":[{"href":"https:\/\/www.reseau-mesure.com\/en\/wp-json\/wp\/v2\/pages\/16080","targetHints":{"allow":["GET"]}}],"collection":[{"href":"https:\/\/www.reseau-mesure.com\/en\/wp-json\/wp\/v2\/pages"}],"about":[{"href":"https:\/\/www.reseau-mesure.com\/en\/wp-json\/wp\/v2\/types\/page"}],"author":[{"embeddable":true,"href":"https:\/\/www.reseau-mesure.com\/en\/wp-json\/wp\/v2\/users\/349"}],"replies":[{"embeddable":true,"href":"https:\/\/www.reseau-mesure.com\/en\/wp-json\/wp\/v2\/comments?post=16080"}],"version-history":[{"count":0,"href":"https:\/\/www.reseau-mesure.com\/en\/wp-json\/wp\/v2\/pages\/16080\/revisions"}],"wp:attachment":[{"href":"https:\/\/www.reseau-mesure.com\/en\/wp-json\/wp\/v2\/media?parent=16080"}],"curies":[{"name":"wp","href":"https:\/\/api.w.org\/{rel}","templated":true}]}}