{"id":16119,"date":"2022-02-10T16:55:47","date_gmt":"2022-02-10T15:55:47","guid":{"rendered":"https:\/\/www.reseau-mesure.com\/?page_id=16119"},"modified":"2024-04-10T13:09:57","modified_gmt":"2024-04-10T11:09:57","slug":"fischerscope-x-ray-fischer-instrumentation","status":"publish","type":"page","link":"https:\/\/www.reseau-mesure.com\/en\/fischerscope-x-ray-fischer-instrumentation\/","title":{"rendered":"Fischerscope X Ray - Fischer Instrumentation"},"content":{"rendered":"<a href=\"http:\/\/www.helmut-fischer.fr\" target=\"_blank\" rel=\"noopener\" itemprop=\"url\">\n\t\t\t\t<img loading=\"lazy\" decoding=\"async\" src=\"https:\/\/www.reseau-mesure.com\/wp-content\/uploads\/2018\/02\/FISCHER-LOGO-official-002.jpg\" alt=\"FISCHER LOGO official (002)\" itemprop=\"image\" height=\"189\" width=\"925\" title=\"FISCHER LOGO official (002)\" onerror=\"this.style.display='none'\"  \/>\n\t\t\t\t<\/a>\n\t<p>&nbsp;<\/p>\n<p><b>Fischerscope X Ray\u00a0<\/b><\/p>\n\t<p>&nbsp;<\/p>\n<table width=\"100%\">\n<tbody>\n<tr>\n<td><strong>Cette formation\u00a0s&rsquo;adresse aux utilisateurs, techniciens et ing\u00e9nieurs, qui doivent maitriser ce moyen de contr\u00f4le pour respecter un cahier des charges qualitatif.<\/strong>\n<p>The training will be provided by Fischer Instrumentation, specialist in thickness measurement and quality control of coatings by magnetic induction, eddy currents, colorimetry and X-ray fluorescence.<\/p>\n<p><b>R\u00e9seau Mesure is referenced as a QUALIOPI certified training center allowing support by your OPCO.<\/b><\/p>\n<strong>Number of trainees per session:<\/strong> training exclusive to a company.<br \/>\n<strong>Assessment 2022<\/strong> : 7 stagiaires\u00a0 &#8211; <em>moyenne bas\u00e9e sur l&rsquo;atteinte des objectifs, la p\u00e9dagogie et l&rsquo;organisation<\/em>:<em>\u00a0 <\/em><em> 19,5\/20<\/em><br \/>\n<strong>Assessment 2023<\/strong>:\u00a0 14 stagiaires &#8211; <em>moyenne bas\u00e9e sur l&rsquo;atteinte des objectifs, la p\u00e9dagogie et l&rsquo;organisation<\/em>:\u00a0 <em>19.2\/50<\/em>\n<p><strong>The training dates are to be defined with the trainer of the company <a href=\"https:\/\/www.reseau-mesure.com\/en\/adherent\/fischer-instrumentation\/\">Fischer Instruments.<\/a>\u00a0<\/strong><\/p>\n<strong>The program can be modified according to the needs of the company.<\/strong><\/td>\n<\/tr>\n<tr>\n\n<\/tr>\n<\/tbody>\n<\/table>\n\t\t\t<a href=\"https:\/\/www.reseau-mesure.com\/wp-content\/uploads\/2022\/02\/2022-Presentation-formation-Fischerscope-X-Ray-Fischer-v1.pdf\" target=\"_blank\" rel=\"noopener\">\n\t\t\t\t\t\t\tpresentation\n\t\t\t\t\t<\/a>\n\t\t\t<a href=\"https:\/\/www.reseau-mesure.com\/wp-content\/uploads\/2022\/02\/2022-programme-Fischerscope-X-Ray-Fischer-v1.pdf\" target=\"_blank\" rel=\"noopener\">\n\t\t\t\t\t\t\tProgram Type\n\t\t\t\t\t<\/a>\n\t\t\t<a href=\"mailto:Gilles.Peurois@helmut-fischer.com\" target=\"_blank\" rel=\"noopener\">\n\t\t\t\t\t\t\tSubscription request\n\t\t\t\t\t<\/a>","protected":false},"excerpt":{"rendered":"<p>&nbsp; Fischerscope X Ray\u00a0 &nbsp; Cette formation\u00a0s&rsquo;adresse aux utilisateurs, techniciens et ing\u00e9nieurs, qui doivent maitriser ce moyen de contr\u00f4le pour respecter un cahier des charges qualitatif. La formation sera assur\u00e9e par Fischer Instrumentation, sp\u00e9cialiste dans la Mesure des \u00e9paisseurs et contr\u00f4le qualitatif des rev\u00eatements par induction magn\u00e9tique, courants de Foucault, colorim\u00e9trie et fluorescence de rayons&hellip;<\/p>","protected":false},"author":349,"featured_media":0,"parent":0,"menu_order":0,"comment_status":"closed","ping_status":"closed","template":"","meta":{"_acf_changed":false,"footnotes":""},"class_list":["post-16119","page","type-page","status-publish","hentry"],"acf":[],"yoast_head":"<!-- This site is optimized with the Yoast SEO plugin v27.3 - https:\/\/yoast.com\/product\/yoast-seo-wordpress\/ -->\n<title>Formation - Fischerscope X Ray- Fischer Instrumentation - R\u00e9seau Mesure<\/title>\n<meta name=\"description\" content=\"la formation Fischerscope X Ray vous Accompagne sur l\u2019utilisation d\u2019un Fischerscope X- Ray pour devenir autonome\" \/>\n<meta name=\"robots\" content=\"index, follow, max-snippet:-1, max-image-preview:large, max-video-preview:-1\" \/>\n<link rel=\"canonical\" href=\"https:\/\/www.reseau-mesure.com\/en\/fischerscope-x-ray-fischer-instrumentation\/\" \/>\n<meta property=\"og:locale\" content=\"en_US\" \/>\n<meta property=\"og:type\" content=\"article\" \/>\n<meta property=\"og:title\" content=\"Formation - Fischerscope X Ray- Fischer Instrumentation - R\u00e9seau Mesure\" \/>\n<meta property=\"og:description\" content=\"la formation Fischerscope X Ray vous Accompagne sur l\u2019utilisation d\u2019un Fischerscope X- Ray pour devenir autonome\" \/>\n<meta property=\"og:url\" content=\"https:\/\/www.reseau-mesure.com\/en\/fischerscope-x-ray-fischer-instrumentation\/\" \/>\n<meta property=\"og:site_name\" content=\"R\u00e9seau Mesure\" \/>\n<meta property=\"article:publisher\" content=\"https:\/\/www.facebook.com\/reseaumesure\/\" \/>\n<meta property=\"article:modified_time\" content=\"2024-04-10T11:09:57+00:00\" \/>\n<meta property=\"og:image\" content=\"https:\/\/www.reseau-mesure.com\/wp-content\/uploads\/2018\/02\/FISCHER-LOGO-official-002.jpg\" \/>\n<meta name=\"twitter:card\" content=\"summary_large_image\" \/>\n<meta name=\"twitter:site\" content=\"@ReseauMesure\" \/>\n<meta name=\"twitter:label1\" content=\"Est. reading time\" \/>\n\t<meta name=\"twitter:data1\" content=\"1 minute\" \/>\n<script type=\"application\/ld+json\" class=\"yoast-schema-graph\">{\"@context\":\"https:\\\/\\\/schema.org\",\"@graph\":[{\"@type\":\"WebPage\",\"@id\":\"https:\\\/\\\/www.reseau-mesure.com\\\/fischerscope-x-ray-fischer-instrumentation\\\/\",\"url\":\"https:\\\/\\\/www.reseau-mesure.com\\\/fischerscope-x-ray-fischer-instrumentation\\\/\",\"name\":\"Formation - Fischerscope X Ray- Fischer Instrumentation - R\u00e9seau Mesure\",\"isPartOf\":{\"@id\":\"https:\\\/\\\/www.reseau-mesure.com\\\/#website\"},\"primaryImageOfPage\":{\"@id\":\"https:\\\/\\\/www.reseau-mesure.com\\\/fischerscope-x-ray-fischer-instrumentation\\\/#primaryimage\"},\"image\":{\"@id\":\"https:\\\/\\\/www.reseau-mesure.com\\\/fischerscope-x-ray-fischer-instrumentation\\\/#primaryimage\"},\"thumbnailUrl\":\"https:\\\/\\\/www.reseau-mesure.com\\\/wp-content\\\/uploads\\\/2018\\\/02\\\/FISCHER-LOGO-official-002.jpg\",\"datePublished\":\"2022-02-10T15:55:47+00:00\",\"dateModified\":\"2024-04-10T11:09:57+00:00\",\"description\":\"la formation Fischerscope X Ray vous Accompagne sur l\u2019utilisation d\u2019un Fischerscope X- Ray pour devenir autonome\",\"breadcrumb\":{\"@id\":\"https:\\\/\\\/www.reseau-mesure.com\\\/fischerscope-x-ray-fischer-instrumentation\\\/#breadcrumb\"},\"inLanguage\":\"en-US\",\"potentialAction\":[{\"@type\":\"ReadAction\",\"target\":[\"https:\\\/\\\/www.reseau-mesure.com\\\/fischerscope-x-ray-fischer-instrumentation\\\/\"]}]},{\"@type\":\"ImageObject\",\"inLanguage\":\"en-US\",\"@id\":\"https:\\\/\\\/www.reseau-mesure.com\\\/fischerscope-x-ray-fischer-instrumentation\\\/#primaryimage\",\"url\":\"https:\\\/\\\/www.reseau-mesure.com\\\/wp-content\\\/uploads\\\/2018\\\/02\\\/FISCHER-LOGO-official-002.jpg\",\"contentUrl\":\"https:\\\/\\\/www.reseau-mesure.com\\\/wp-content\\\/uploads\\\/2018\\\/02\\\/FISCHER-LOGO-official-002.jpg\"},{\"@type\":\"BreadcrumbList\",\"@id\":\"https:\\\/\\\/www.reseau-mesure.com\\\/fischerscope-x-ray-fischer-instrumentation\\\/#breadcrumb\",\"itemListElement\":[{\"@type\":\"ListItem\",\"position\":1,\"name\":\"Accueil\",\"item\":\"https:\\\/\\\/www.reseau-mesure.com\\\/\"},{\"@type\":\"ListItem\",\"position\":2,\"name\":\"Fischerscope X Ray- Fischer Instrumentation\"}]},{\"@type\":\"WebSite\",\"@id\":\"https:\\\/\\\/www.reseau-mesure.com\\\/#website\",\"url\":\"https:\\\/\\\/www.reseau-mesure.com\\\/\",\"name\":\"R\u00e9seau-Mesure\",\"description\":\"R\u00e9seau Mesure\",\"publisher\":{\"@id\":\"https:\\\/\\\/www.reseau-mesure.com\\\/#organization\"},\"potentialAction\":[{\"@type\":\"SearchAction\",\"target\":{\"@type\":\"EntryPoint\",\"urlTemplate\":\"https:\\\/\\\/www.reseau-mesure.com\\\/?s={search_term_string}\"},\"query-input\":{\"@type\":\"PropertyValueSpecification\",\"valueRequired\":true,\"valueName\":\"search_term_string\"}}],\"inLanguage\":\"en-US\"},{\"@type\":\"Organization\",\"@id\":\"https:\\\/\\\/www.reseau-mesure.com\\\/#organization\",\"name\":\"R\u00e9seau-Mesure\",\"url\":\"https:\\\/\\\/www.reseau-mesure.com\\\/\",\"logo\":{\"@type\":\"ImageObject\",\"inLanguage\":\"en-US\",\"@id\":\"https:\\\/\\\/www.reseau-mesure.com\\\/#\\\/schema\\\/logo\\\/image\\\/\",\"url\":\"https:\\\/\\\/www.reseau-mesure.com\\\/wp-content\\\/uploads\\\/2018\\\/02\\\/logo-max.png\",\"contentUrl\":\"https:\\\/\\\/www.reseau-mesure.com\\\/wp-content\\\/uploads\\\/2018\\\/02\\\/logo-max.png\",\"width\":545,\"height\":285,\"caption\":\"R\u00e9seau-Mesure\"},\"image\":{\"@id\":\"https:\\\/\\\/www.reseau-mesure.com\\\/#\\\/schema\\\/logo\\\/image\\\/\"},\"sameAs\":[\"https:\\\/\\\/www.facebook.com\\\/reseaumesure\\\/\",\"https:\\\/\\\/x.com\\\/ReseauMesure\",\"https:\\\/\\\/www.linkedin.com\\\/company\\\/reseau-mesure\\\/\"]}]}<\/script>\n<!-- \/ Yoast SEO plugin. -->","yoast_head_json":{"title":"Formation - Fischerscope X Ray- Fischer Instrumentation - R\u00e9seau Mesure","description":"la formation Fischerscope X Ray vous Accompagne sur l\u2019utilisation d\u2019un Fischerscope X- Ray pour devenir autonome","robots":{"index":"index","follow":"follow","max-snippet":"max-snippet:-1","max-image-preview":"max-image-preview:large","max-video-preview":"max-video-preview:-1"},"canonical":"https:\/\/www.reseau-mesure.com\/en\/fischerscope-x-ray-fischer-instrumentation\/","og_locale":"en_US","og_type":"article","og_title":"Formation - Fischerscope X Ray- Fischer Instrumentation - R\u00e9seau Mesure","og_description":"la formation Fischerscope X Ray vous Accompagne sur l\u2019utilisation d\u2019un Fischerscope X- Ray pour devenir autonome","og_url":"https:\/\/www.reseau-mesure.com\/en\/fischerscope-x-ray-fischer-instrumentation\/","og_site_name":"R\u00e9seau Mesure","article_publisher":"https:\/\/www.facebook.com\/reseaumesure\/","article_modified_time":"2024-04-10T11:09:57+00:00","og_image":[{"url":"https:\/\/www.reseau-mesure.com\/wp-content\/uploads\/2018\/02\/FISCHER-LOGO-official-002.jpg","type":"","width":"","height":""}],"twitter_card":"summary_large_image","twitter_site":"@ReseauMesure","twitter_misc":{"Est. reading time":"1 minute"},"schema":{"@context":"https:\/\/schema.org","@graph":[{"@type":"WebPage","@id":"https:\/\/www.reseau-mesure.com\/fischerscope-x-ray-fischer-instrumentation\/","url":"https:\/\/www.reseau-mesure.com\/fischerscope-x-ray-fischer-instrumentation\/","name":"Formation - Fischerscope X Ray- Fischer Instrumentation - R\u00e9seau Mesure","isPartOf":{"@id":"https:\/\/www.reseau-mesure.com\/#website"},"primaryImageOfPage":{"@id":"https:\/\/www.reseau-mesure.com\/fischerscope-x-ray-fischer-instrumentation\/#primaryimage"},"image":{"@id":"https:\/\/www.reseau-mesure.com\/fischerscope-x-ray-fischer-instrumentation\/#primaryimage"},"thumbnailUrl":"https:\/\/www.reseau-mesure.com\/wp-content\/uploads\/2018\/02\/FISCHER-LOGO-official-002.jpg","datePublished":"2022-02-10T15:55:47+00:00","dateModified":"2024-04-10T11:09:57+00:00","description":"la formation Fischerscope X Ray vous Accompagne sur l\u2019utilisation d\u2019un Fischerscope X- Ray pour devenir autonome","breadcrumb":{"@id":"https:\/\/www.reseau-mesure.com\/fischerscope-x-ray-fischer-instrumentation\/#breadcrumb"},"inLanguage":"en-US","potentialAction":[{"@type":"ReadAction","target":["https:\/\/www.reseau-mesure.com\/fischerscope-x-ray-fischer-instrumentation\/"]}]},{"@type":"ImageObject","inLanguage":"en-US","@id":"https:\/\/www.reseau-mesure.com\/fischerscope-x-ray-fischer-instrumentation\/#primaryimage","url":"https:\/\/www.reseau-mesure.com\/wp-content\/uploads\/2018\/02\/FISCHER-LOGO-official-002.jpg","contentUrl":"https:\/\/www.reseau-mesure.com\/wp-content\/uploads\/2018\/02\/FISCHER-LOGO-official-002.jpg"},{"@type":"BreadcrumbList","@id":"https:\/\/www.reseau-mesure.com\/fischerscope-x-ray-fischer-instrumentation\/#breadcrumb","itemListElement":[{"@type":"ListItem","position":1,"name":"Accueil","item":"https:\/\/www.reseau-mesure.com\/"},{"@type":"ListItem","position":2,"name":"Fischerscope X Ray- Fischer Instrumentation"}]},{"@type":"WebSite","@id":"https:\/\/www.reseau-mesure.com\/#website","url":"https:\/\/www.reseau-mesure.com\/","name":"R\u00e9seau-Mesure","description":"Network Measure","publisher":{"@id":"https:\/\/www.reseau-mesure.com\/#organization"},"potentialAction":[{"@type":"SearchAction","target":{"@type":"EntryPoint","urlTemplate":"https:\/\/www.reseau-mesure.com\/?s={search_term_string}"},"query-input":{"@type":"PropertyValueSpecification","valueRequired":true,"valueName":"search_term_string"}}],"inLanguage":"en-US"},{"@type":"Organization","@id":"https:\/\/www.reseau-mesure.com\/#organization","name":"R\u00e9seau-Mesure","url":"https:\/\/www.reseau-mesure.com\/","logo":{"@type":"ImageObject","inLanguage":"en-US","@id":"https:\/\/www.reseau-mesure.com\/#\/schema\/logo\/image\/","url":"https:\/\/www.reseau-mesure.com\/wp-content\/uploads\/2018\/02\/logo-max.png","contentUrl":"https:\/\/www.reseau-mesure.com\/wp-content\/uploads\/2018\/02\/logo-max.png","width":545,"height":285,"caption":"R\u00e9seau-Mesure"},"image":{"@id":"https:\/\/www.reseau-mesure.com\/#\/schema\/logo\/image\/"},"sameAs":["https:\/\/www.facebook.com\/reseaumesure\/","https:\/\/x.com\/ReseauMesure","https:\/\/www.linkedin.com\/company\/reseau-mesure\/"]}]}},"_links":{"self":[{"href":"https:\/\/www.reseau-mesure.com\/en\/wp-json\/wp\/v2\/pages\/16119","targetHints":{"allow":["GET"]}}],"collection":[{"href":"https:\/\/www.reseau-mesure.com\/en\/wp-json\/wp\/v2\/pages"}],"about":[{"href":"https:\/\/www.reseau-mesure.com\/en\/wp-json\/wp\/v2\/types\/page"}],"author":[{"embeddable":true,"href":"https:\/\/www.reseau-mesure.com\/en\/wp-json\/wp\/v2\/users\/349"}],"replies":[{"embeddable":true,"href":"https:\/\/www.reseau-mesure.com\/en\/wp-json\/wp\/v2\/comments?post=16119"}],"version-history":[{"count":0,"href":"https:\/\/www.reseau-mesure.com\/en\/wp-json\/wp\/v2\/pages\/16119\/revisions"}],"wp:attachment":[{"href":"https:\/\/www.reseau-mesure.com\/en\/wp-json\/wp\/v2\/media?parent=16119"}],"curies":[{"name":"wp","href":"https:\/\/api.w.org\/{rel}","templated":true}]}}