{"id":16157,"date":"2022-02-14T15:57:10","date_gmt":"2022-02-14T14:57:10","guid":{"rendered":"https:\/\/www.reseau-mesure.com\/?page_id=16157"},"modified":"2025-12-18T14:39:06","modified_gmt":"2025-12-18T13:39:06","slug":"metrolog-x4-eurotek","status":"publish","type":"page","link":"https:\/\/www.reseau-mesure.com\/en\/metrolog-x4-eurotek\/","title":{"rendered":"METROLOG  X4 &#8211; Eurotek"},"content":{"rendered":"<a href=\"https:\/\/eurotek-france.fr\/\"  target=\"_blank\" rel=\"noopener\"  itemprop=\"url\">\n\t\t\t\t<img decoding=\"async\" src=\"https:\/\/www.reseau-mesure.com\/wp-content\/uploads\/2018\/03\/EUROTEK.jpg\" alt=\"EUROTEK.jpg\" itemprop=\"image\" height=\"329\" width=\"952\" title=\"EUROTEK.jpg\" onerror=\"this.style.display='none'\" loading=\"lazy\" \/>\n\t\t\t\t<\/a>\n\t<p>&nbsp;<\/p>\n<p><b>METROLOG X4<\/b><\/p>\n\t<p>&nbsp;<\/p>\n<table width=\"100%\">\n<tbody>\n<tr>\n<td><strong>Cette formation s&rsquo;adresse \u00e0 toute personne de bureau d&rsquo;\u00e9tude, m\u00e9thode ou contr\u00f4le qualit\u00e9 devant savoir lire les exigences communes mentionn\u00e9es sur un plan.<\/strong>\n<p>The training will be provided by <a href=\"https:\/\/www.reseau-mesure.com\/en\/adherent\/eurotek\/\">EUROTEK<\/a>, specialist in the field of three-dimensional metrology.<\/p>\n<p><b>R\u00e9seau Mesure is referenced as a QUALIOPI certified training center allowing support by your OPCO.<\/b><\/p>\n<p><strong>Number of trainees per session:<\/strong> training exclusive to a company.<\/p>\n<p><strong>The training dates are to be defined with the trainer from Eurotek.\u00a0<\/strong><\/p>\n<p><strong>The program can be modified according to the needs of the company<\/strong><\/p>\n<em>Evaluation 2022 : 10 stagiaires\u00a0 &#8211; moyenne bas\u00e9e sur l&rsquo;atteinte des objectifs, la p\u00e9dagogie et l&rsquo;organisation:\u00a0 18\/20<\/em><br \/>\n<em>Evaluation 2023 : 8 stagiaires &#8211; moyenne bas\u00e9e sur l&rsquo;atteinte des objectifs, la p\u00e9dagogie et l&rsquo;organisation:\u00a0 19.5\/20<\/em><br \/>\n<em>Evaluation 2024 :\u00a0 5 stagiaires &#8211;\u00a0 moyenne bas\u00e9e sur l&rsquo;atteinte des objectifs, la p\u00e9dagogie et l&rsquo;organisation:\u00a0 9.4\/10 &#8211; atteinte des objectifs:\u00a0 \u00a08.7\/10<br \/>\nEvaluation 2025 :\u00a0 11 stagiaires &#8211;\u00a0 moyenne bas\u00e9e sur l&rsquo;atteinte des objectifs, la p\u00e9dagogie et l&rsquo;organisation:\u00a0 9.5\/10 &#8211; atteinte des objectifs:\u00a0 \u00a09.1\/10<br \/>\n<\/em><\/td>\n<\/tr>\n<tr>\n\n<\/tr>\n<\/tbody>\n<\/table>\n\t\t\t<a href=\"https:\/\/www.reseau-mesure.com\/wp-content\/uploads\/2022\/02\/presentation-Tolerancement-Geometrique-v1.pdf\" target=\"_blank\" rel=\"noopener\">\n\t\t\t\t\t\t\tpresentation\n\t\t\t\t\t<\/a>\n\t\t\t<a href=\"https:\/\/www.reseau-mesure.com\/wp-content\/uploads\/2022\/02\/programme-Tolerancement-Geometrique-v1.pdf\" target=\"_blank\" rel=\"noopener\">\n\t\t\t\t\t\t\tProgram Type\n\t\t\t\t\t<\/a>\n\t\t\t<a href=\"mailto:m.tregaro@eurotek-france.com\" target=\"_blank\" rel=\"noopener\">\n\t\t\t\t\t\t\tSubscription request\n\t\t\t\t\t<\/a>","protected":false},"excerpt":{"rendered":"<p>&nbsp; METROLOG X4 &nbsp; Cette formation s&rsquo;adresse \u00e0 toute personne de bureau d&rsquo;\u00e9tude, m\u00e9thode ou contr\u00f4le qualit\u00e9 devant savoir lire les exigences communes mentionn\u00e9es sur un plan. La formation sera assur\u00e9e par EUROTEK, sp\u00e9cialiste\u00a0dans le domaine de la m\u00e9trologie tridimensionnelle. R\u00e9seau Mesure est r\u00e9f\u00e9renc\u00e9 centre de formation certifi\u00e9 QUALIOPI permettant une prise en charge par&hellip;<\/p>","protected":false},"author":349,"featured_media":0,"parent":0,"menu_order":0,"comment_status":"closed","ping_status":"closed","template":"","meta":{"_acf_changed":false,"footnotes":""},"class_list":["post-16157","page","type-page","status-publish","hentry"],"acf":[],"yoast_head":"<!-- This site is optimized with the Yoast SEO plugin v27.3 - https:\/\/yoast.com\/product\/yoast-seo-wordpress\/ -->\n<title>METROLOG X4 - Eurotek - R\u00e9seau Mesure<\/title>\n<meta name=\"description\" content=\"Formation Tol\u00e9rancement g\u00e9om\u00e9trique d&#039;Eurotek permet de savoir lire les exigences communes mentionn\u00e9es sur un plan.\" \/>\n<meta name=\"robots\" content=\"index, follow, max-snippet:-1, max-image-preview:large, max-video-preview:-1\" \/>\n<link rel=\"canonical\" href=\"https:\/\/www.reseau-mesure.com\/en\/metrolog-x4-eurotek\/\" \/>\n<meta property=\"og:locale\" content=\"en_US\" \/>\n<meta property=\"og:type\" content=\"article\" \/>\n<meta property=\"og:title\" content=\"METROLOG X4 - Eurotek - R\u00e9seau Mesure\" \/>\n<meta property=\"og:description\" content=\"Formation Tol\u00e9rancement g\u00e9om\u00e9trique d&#039;Eurotek permet de savoir lire les exigences communes mentionn\u00e9es sur un plan.\" \/>\n<meta property=\"og:url\" content=\"https:\/\/www.reseau-mesure.com\/en\/metrolog-x4-eurotek\/\" \/>\n<meta property=\"og:site_name\" content=\"R\u00e9seau Mesure\" \/>\n<meta property=\"article:publisher\" content=\"https:\/\/www.facebook.com\/reseaumesure\/\" \/>\n<meta property=\"article:modified_time\" content=\"2025-12-18T13:39:06+00:00\" \/>\n<meta property=\"og:image\" content=\"https:\/\/www.reseau-mesure.com\/wp-content\/uploads\/2018\/03\/EUROTEK.jpg\" \/>\n<meta name=\"twitter:card\" content=\"summary_large_image\" \/>\n<meta name=\"twitter:site\" content=\"@ReseauMesure\" \/>\n<meta name=\"twitter:label1\" content=\"Est. reading time\" \/>\n\t<meta name=\"twitter:data1\" content=\"2 minutes\" \/>\n<script type=\"application\/ld+json\" class=\"yoast-schema-graph\">{\"@context\":\"https:\\\/\\\/schema.org\",\"@graph\":[{\"@type\":\"WebPage\",\"@id\":\"https:\\\/\\\/www.reseau-mesure.com\\\/metrolog-x4-eurotek\\\/\",\"url\":\"https:\\\/\\\/www.reseau-mesure.com\\\/metrolog-x4-eurotek\\\/\",\"name\":\"METROLOG X4 - Eurotek - R\u00e9seau Mesure\",\"isPartOf\":{\"@id\":\"https:\\\/\\\/www.reseau-mesure.com\\\/#website\"},\"primaryImageOfPage\":{\"@id\":\"https:\\\/\\\/www.reseau-mesure.com\\\/metrolog-x4-eurotek\\\/#primaryimage\"},\"image\":{\"@id\":\"https:\\\/\\\/www.reseau-mesure.com\\\/metrolog-x4-eurotek\\\/#primaryimage\"},\"thumbnailUrl\":\"https:\\\/\\\/www.reseau-mesure.com\\\/wp-content\\\/uploads\\\/2018\\\/03\\\/EUROTEK.jpg\",\"datePublished\":\"2022-02-14T14:57:10+00:00\",\"dateModified\":\"2025-12-18T13:39:06+00:00\",\"description\":\"Formation Tol\u00e9rancement g\u00e9om\u00e9trique d'Eurotek permet de savoir lire les exigences communes mentionn\u00e9es sur un plan.\",\"breadcrumb\":{\"@id\":\"https:\\\/\\\/www.reseau-mesure.com\\\/metrolog-x4-eurotek\\\/#breadcrumb\"},\"inLanguage\":\"en-US\",\"potentialAction\":[{\"@type\":\"ReadAction\",\"target\":[\"https:\\\/\\\/www.reseau-mesure.com\\\/metrolog-x4-eurotek\\\/\"]}]},{\"@type\":\"ImageObject\",\"inLanguage\":\"en-US\",\"@id\":\"https:\\\/\\\/www.reseau-mesure.com\\\/metrolog-x4-eurotek\\\/#primaryimage\",\"url\":\"https:\\\/\\\/www.reseau-mesure.com\\\/wp-content\\\/uploads\\\/2018\\\/03\\\/EUROTEK.jpg\",\"contentUrl\":\"https:\\\/\\\/www.reseau-mesure.com\\\/wp-content\\\/uploads\\\/2018\\\/03\\\/EUROTEK.jpg\"},{\"@type\":\"BreadcrumbList\",\"@id\":\"https:\\\/\\\/www.reseau-mesure.com\\\/metrolog-x4-eurotek\\\/#breadcrumb\",\"itemListElement\":[{\"@type\":\"ListItem\",\"position\":1,\"name\":\"Accueil\",\"item\":\"https:\\\/\\\/www.reseau-mesure.com\\\/\"},{\"@type\":\"ListItem\",\"position\":2,\"name\":\"METROLOG X4 &#8211; Eurotek\"}]},{\"@type\":\"WebSite\",\"@id\":\"https:\\\/\\\/www.reseau-mesure.com\\\/#website\",\"url\":\"https:\\\/\\\/www.reseau-mesure.com\\\/\",\"name\":\"R\u00e9seau-Mesure\",\"description\":\"R\u00e9seau Mesure\",\"publisher\":{\"@id\":\"https:\\\/\\\/www.reseau-mesure.com\\\/#organization\"},\"potentialAction\":[{\"@type\":\"SearchAction\",\"target\":{\"@type\":\"EntryPoint\",\"urlTemplate\":\"https:\\\/\\\/www.reseau-mesure.com\\\/?s={search_term_string}\"},\"query-input\":{\"@type\":\"PropertyValueSpecification\",\"valueRequired\":true,\"valueName\":\"search_term_string\"}}],\"inLanguage\":\"en-US\"},{\"@type\":\"Organization\",\"@id\":\"https:\\\/\\\/www.reseau-mesure.com\\\/#organization\",\"name\":\"R\u00e9seau-Mesure\",\"url\":\"https:\\\/\\\/www.reseau-mesure.com\\\/\",\"logo\":{\"@type\":\"ImageObject\",\"inLanguage\":\"en-US\",\"@id\":\"https:\\\/\\\/www.reseau-mesure.com\\\/#\\\/schema\\\/logo\\\/image\\\/\",\"url\":\"https:\\\/\\\/www.reseau-mesure.com\\\/wp-content\\\/uploads\\\/2018\\\/02\\\/logo-max.png\",\"contentUrl\":\"https:\\\/\\\/www.reseau-mesure.com\\\/wp-content\\\/uploads\\\/2018\\\/02\\\/logo-max.png\",\"width\":545,\"height\":285,\"caption\":\"R\u00e9seau-Mesure\"},\"image\":{\"@id\":\"https:\\\/\\\/www.reseau-mesure.com\\\/#\\\/schema\\\/logo\\\/image\\\/\"},\"sameAs\":[\"https:\\\/\\\/www.facebook.com\\\/reseaumesure\\\/\",\"https:\\\/\\\/x.com\\\/ReseauMesure\",\"https:\\\/\\\/www.linkedin.com\\\/company\\\/reseau-mesure\\\/\"]}]}<\/script>\n<!-- \/ Yoast SEO plugin. -->","yoast_head_json":{"title":"METROLOG X4 - Eurotek - R\u00e9seau Mesure","description":"Formation Tol\u00e9rancement g\u00e9om\u00e9trique d'Eurotek permet de savoir lire les exigences communes mentionn\u00e9es sur un plan.","robots":{"index":"index","follow":"follow","max-snippet":"max-snippet:-1","max-image-preview":"max-image-preview:large","max-video-preview":"max-video-preview:-1"},"canonical":"https:\/\/www.reseau-mesure.com\/en\/metrolog-x4-eurotek\/","og_locale":"en_US","og_type":"article","og_title":"METROLOG X4 - Eurotek - R\u00e9seau Mesure","og_description":"Formation Tol\u00e9rancement g\u00e9om\u00e9trique d'Eurotek permet de savoir lire les exigences communes mentionn\u00e9es sur un plan.","og_url":"https:\/\/www.reseau-mesure.com\/en\/metrolog-x4-eurotek\/","og_site_name":"R\u00e9seau Mesure","article_publisher":"https:\/\/www.facebook.com\/reseaumesure\/","article_modified_time":"2025-12-18T13:39:06+00:00","og_image":[{"url":"https:\/\/www.reseau-mesure.com\/wp-content\/uploads\/2018\/03\/EUROTEK.jpg","type":"","width":"","height":""}],"twitter_card":"summary_large_image","twitter_site":"@ReseauMesure","twitter_misc":{"Est. reading time":"2 minutes"},"schema":{"@context":"https:\/\/schema.org","@graph":[{"@type":"WebPage","@id":"https:\/\/www.reseau-mesure.com\/metrolog-x4-eurotek\/","url":"https:\/\/www.reseau-mesure.com\/metrolog-x4-eurotek\/","name":"METROLOG X4 - Eurotek - R\u00e9seau Mesure","isPartOf":{"@id":"https:\/\/www.reseau-mesure.com\/#website"},"primaryImageOfPage":{"@id":"https:\/\/www.reseau-mesure.com\/metrolog-x4-eurotek\/#primaryimage"},"image":{"@id":"https:\/\/www.reseau-mesure.com\/metrolog-x4-eurotek\/#primaryimage"},"thumbnailUrl":"https:\/\/www.reseau-mesure.com\/wp-content\/uploads\/2018\/03\/EUROTEK.jpg","datePublished":"2022-02-14T14:57:10+00:00","dateModified":"2025-12-18T13:39:06+00:00","description":"Formation Tol\u00e9rancement g\u00e9om\u00e9trique d'Eurotek permet de savoir lire les exigences communes mentionn\u00e9es sur un plan.","breadcrumb":{"@id":"https:\/\/www.reseau-mesure.com\/metrolog-x4-eurotek\/#breadcrumb"},"inLanguage":"en-US","potentialAction":[{"@type":"ReadAction","target":["https:\/\/www.reseau-mesure.com\/metrolog-x4-eurotek\/"]}]},{"@type":"ImageObject","inLanguage":"en-US","@id":"https:\/\/www.reseau-mesure.com\/metrolog-x4-eurotek\/#primaryimage","url":"https:\/\/www.reseau-mesure.com\/wp-content\/uploads\/2018\/03\/EUROTEK.jpg","contentUrl":"https:\/\/www.reseau-mesure.com\/wp-content\/uploads\/2018\/03\/EUROTEK.jpg"},{"@type":"BreadcrumbList","@id":"https:\/\/www.reseau-mesure.com\/metrolog-x4-eurotek\/#breadcrumb","itemListElement":[{"@type":"ListItem","position":1,"name":"Accueil","item":"https:\/\/www.reseau-mesure.com\/"},{"@type":"ListItem","position":2,"name":"METROLOG X4 &#8211; Eurotek"}]},{"@type":"WebSite","@id":"https:\/\/www.reseau-mesure.com\/#website","url":"https:\/\/www.reseau-mesure.com\/","name":"R\u00e9seau-Mesure","description":"Network Measure","publisher":{"@id":"https:\/\/www.reseau-mesure.com\/#organization"},"potentialAction":[{"@type":"SearchAction","target":{"@type":"EntryPoint","urlTemplate":"https:\/\/www.reseau-mesure.com\/?s={search_term_string}"},"query-input":{"@type":"PropertyValueSpecification","valueRequired":true,"valueName":"search_term_string"}}],"inLanguage":"en-US"},{"@type":"Organization","@id":"https:\/\/www.reseau-mesure.com\/#organization","name":"R\u00e9seau-Mesure","url":"https:\/\/www.reseau-mesure.com\/","logo":{"@type":"ImageObject","inLanguage":"en-US","@id":"https:\/\/www.reseau-mesure.com\/#\/schema\/logo\/image\/","url":"https:\/\/www.reseau-mesure.com\/wp-content\/uploads\/2018\/02\/logo-max.png","contentUrl":"https:\/\/www.reseau-mesure.com\/wp-content\/uploads\/2018\/02\/logo-max.png","width":545,"height":285,"caption":"R\u00e9seau-Mesure"},"image":{"@id":"https:\/\/www.reseau-mesure.com\/#\/schema\/logo\/image\/"},"sameAs":["https:\/\/www.facebook.com\/reseaumesure\/","https:\/\/x.com\/ReseauMesure","https:\/\/www.linkedin.com\/company\/reseau-mesure\/"]}]}},"_links":{"self":[{"href":"https:\/\/www.reseau-mesure.com\/en\/wp-json\/wp\/v2\/pages\/16157","targetHints":{"allow":["GET"]}}],"collection":[{"href":"https:\/\/www.reseau-mesure.com\/en\/wp-json\/wp\/v2\/pages"}],"about":[{"href":"https:\/\/www.reseau-mesure.com\/en\/wp-json\/wp\/v2\/types\/page"}],"author":[{"embeddable":true,"href":"https:\/\/www.reseau-mesure.com\/en\/wp-json\/wp\/v2\/users\/349"}],"replies":[{"embeddable":true,"href":"https:\/\/www.reseau-mesure.com\/en\/wp-json\/wp\/v2\/comments?post=16157"}],"version-history":[{"count":0,"href":"https:\/\/www.reseau-mesure.com\/en\/wp-json\/wp\/v2\/pages\/16157\/revisions"}],"wp:attachment":[{"href":"https:\/\/www.reseau-mesure.com\/en\/wp-json\/wp\/v2\/media?parent=16157"}],"curies":[{"name":"wp","href":"https:\/\/api.w.org\/{rel}","templated":true}]}}