{"id":16206,"date":"2022-02-23T10:22:07","date_gmt":"2022-02-23T09:22:07","guid":{"rendered":"https:\/\/www.reseau-mesure.com\/?page_id=16206"},"modified":"2022-02-23T11:12:31","modified_gmt":"2022-02-23T10:12:31","slug":"reseau-mesure-express-24-fevrier-2022","status":"publish","type":"page","link":"https:\/\/www.reseau-mesure.com\/en\/reseau-mesure-express-24-fevrier-2022\/","title":{"rendered":"Network Measurement Express-20220224"},"content":{"rendered":"<img loading=\"lazy\" decoding=\"async\" src=\"https:\/\/www.reseau-mesure.com\/wp-content\/uploads\/2020\/07\/20ku.jpeg\" alt=\"R\u00e9seau Mesure Express\" itemprop=\"image\" height=\"300\" width=\"970\" title=\"Express Measurement Network Header\" onerror=\"this.style.display='none'\"  \/>\n<h1>\n\t\tExpress Measurement Network February 24, 2022\n\t<\/h1>\n<h2>\n\t\t<a href=\"https:\/\/www.reseau-mesure.com\/en\/le-reseau-mesure-2\/\" title=\"24.02.2022\" target=\"_blank\" rel=\"noopener\">\n\t\t24.02.2022\n\t\t<\/a>\n\t<\/h2>\n\t<h3><strong>A network for its members, through its members<\/strong><\/h3>\n\t<p>R\u00e9seau Mesure Express 24 f\u00e9vrier 2022 : les adh\u00e9rents peuvent retrouver l&rsquo;actualit\u00e9 de l&rsquo;association dans R\u00e9seau Mesure Express.<\/p>\n<p>Communicate to develop better.<\/p>\n<h2>\n\t\t<a href=\"https:\/\/www.lmdindustrie.com\/\" title=\"Le Monde de l&#039;Industrie, vous permet de suivre l'actualit\u00e9 en temps r\u00e9el\" target=\"_blank\" rel=\"noopener\">\n\t\tLe Monde de l&rsquo;Industrie, vous permet de suivre l&rsquo;actualit\u00e9 en temps r\u00e9el\n\t\t<\/a>\n\t<\/h2>\n\t<h2>Communicate to grow<\/h2>\n\t<p>&nbsp;<\/p>\n<p><strong>Le Monde de l&rsquo;Industrie<\/strong>, vous permet de suivre l&rsquo;actualit\u00e9 en temps r\u00e9el gr\u00e2ce \u00e0 son<a href=\"https:\/\/www.lmdindustrie.com\/\"><strong><em> website.<\/em><\/strong><\/a>\u00a0News, upcoming technologies, exclusive offers, market developments, company movements and the main meetings of the profession. One <a href=\"https:\/\/www.lmdindustrie.com\/fr\/rubriques_produits.php\"><strong><em>Phone book<\/em><\/strong><em><strong> products<\/strong><\/em>\u00a0<\/a> and one <em><strong><a href=\"http:\/\/www.lmdindustrie.com\/fr\/nouveautes.php\">catalog space<\/a><\/strong><\/em> give you the opportunity to reference your products and get in touch with buyers and specifiers of industrial products and equipment.<\/p>\n<p><strong>Le Monde de l&rsquo;Industrie<\/strong> also releases a <strong><em>newsletter<\/em><\/strong><strong><em> \u00a0monthly <\/em><\/strong>distributed to 30,000 qualified subscribers with always the new products produced but also thematic files, and trade show reports.<\/p>\n<p>Thematic newsletters allow you to exclusively reach engineers and technicians concerned by these sectors and who have shown a certain interest in these products:<\/p>\n<ul>\n<li><a href=\"https:\/\/www.lmdindustrie.com\/newsletter\/HS\/Industrie4.0\/181\/newsletter-202102-HS-Industrie4.0-181.html\">Industry 4.0<\/a><\/li>\n<li><a href=\"http:\/\/www.lmdindustrie.com\/newsletter\/HS\/Moteurs\/2\/newsletter-201810-HS-Moteurs-0002.html\">Engines and mechanical components<\/a><\/li>\n<li><a href=\"https:\/\/www.lmdindustrie.com\/newsletter\/HS\/Mesure\/185\/newsletter-202104-HS-Mesure-Controle-Vision-185.html\">Measurement, sensors and industrial vision<\/a><\/li>\n<li><a href=\"http:\/\/www.lmdindustrie.com\/newsletter\/HS\/Securite\/2\/newsletter-201811-HS-Securite-0002.html\">Safety and industrial environment<\/a><\/li>\n<li><a href=\"https:\/\/www.lmdindustrie.com\/newsletter\/HS\/Connectique\/187\/newsletter-202107-HS-Connecteurs-187.html\">Electrical connectors and equipment<\/a><\/li>\n<\/ul>\n<p>&nbsp;<\/p>\n\t\t\t\t<a href=\"https:\/\/www.lmdindustrie.com\/\" target=\"_blank\" rel=\"noopener\" itemprop=\"url\">\n\t\t\t\t<img loading=\"lazy\" decoding=\"async\" src=\"https:\/\/www.reseau-mesure.com\/wp-content\/uploads\/2022\/02\/le-monde-de-l-industrie.jpg\" alt=\"le monde de l industrie\" itemprop=\"image\" height=\"82\" width=\"207\" title=\"the world of industry\" onerror=\"this.style.display='none'\"  \/>\n\t\t\t\t<\/a>\n\t<p>&nbsp;<\/p>\n<p>Vous avez enfin la possibilit\u00e9 de louer notre fichier d&rsquo;abonn\u00e9s de 30 000 abonn\u00e9s pour faire des <strong><em>solo-mailing actions <\/em><\/strong>to promote your products.<\/p>\n<p><em><strong>Pour plus d&rsquo;informations n&rsquo;h\u00e9sitez pas \u00e0 contacter : \u00a0Richard Hoang r.hoang@lmdindustrie.com<\/strong><\/em><\/p>\n<h2>\n\t\t<a href=\"https:\/\/www.reseau-mesure.com\/en\/la-formation-2022\/\" title=\"Develop your visibility on social networks \" target=\"_blank\" rel=\"noopener\">\n\t\tDevelop your visibility on social networks \n\t\t<\/a>\n\t<\/h2>\n\t\t\t\t<a href=\"https:\/\/www.reseau-mesure.com\/en\/la-formation-2022\/\" target=\"_blank\" rel=\"noopener\" itemprop=\"url\">\n\t\t\t\t<img loading=\"lazy\" decoding=\"async\" src=\"https:\/\/www.reseau-mesure.com\/wp-content\/uploads\/2020\/12\/linkedin.png\" alt=\"logo linkedin pour formation\" itemprop=\"image\" height=\"168\" width=\"300\" title=\"linkedin\" onerror=\"this.style.display='none'\"  \/>\n\t\t\t\t<\/a>\n\t\n<p>&nbsp;<\/p>\n<p><b>Prospection &#8211; Recrutement &#8211; Publicit\u00e9<\/b><\/p>\n\t\t\t<a href=\"mailto:confray@reseau-mesure.com\" target=\"_blank\" role=\"button\" rel=\"noopener\">\n\t\t\t\t\t\t\tRegistrations\n\t\t\t\t\t<\/a>\n\t\t\t\t<a href=\"https:\/\/www.reseau-mesure.com\/en\/la-formation-2022\/\" target=\"_blank\" rel=\"noopener\" itemprop=\"url\">\n\t\t\t\t<img loading=\"lazy\" decoding=\"async\" src=\"https:\/\/www.reseau-mesure.com\/wp-content\/uploads\/2018\/01\/reseau.jpg\" alt=\"Adh\u00e9rer au R\u00e9seau Mesure\" itemprop=\"image\" height=\"266\" width=\"400\" title=\"Join the Measurement Network\" onerror=\"this.style.display='none'\"  \/>\n\t\t\t\t<\/a>\n\t<p>&nbsp;<\/p>\n<p>&nbsp;<\/p>\n<p><strong>LinkedIn training: PROSPECTION is learning to master your e-reputation and being active and knowing the features of Linkedin.<\/strong><\/p>\n<p>Prospecting on LinkedIn may seem, at first glance, easier than canvassing over the phone ...<\/p>\n<p>But behind this &quot;simplistic&quot; appearance hides all the subtleties of &quot;first human contact&quot;, which is no easier on LinkedIn than elsewhere ...<\/p>\n<ul>\n<li>Master your e-reputation and be active<\/li>\n<li>Use advanced search, Boolean operators and filters<\/li>\n<li>Discover other prospecting techniques<\/li>\n<li>Better understand and master social selling<\/li>\n<li>\n<ul>\n<li>\n<ul>\n\n<\/ul>\n<\/li>\n<\/ul>\n<\/li>\n<\/ul>\n<p><strong>La formation LinkedIn : LE RECRUTEMENT c&rsquo;est trouver des talents plus facilement avec le moteur de recherche, publier des offres d&#8217;emploi attractives et valoriser son entreprise.<\/strong><\/p>\n<ul>\n<li>Have a successful recruiter profile.<\/li>\n<li>Find talent on LinkedIn.<\/li>\n<li>Cultivate relationships with potential candidates.<\/li>\n<li>Take care of your employer brand.<\/li>\n<li>Publish job offers and create an appointment on his LinkedIn page.<\/li>\n<li>\n<ul>\n<li>\n<ul>\n\n<\/ul>\n<\/li>\n<\/ul>\n<\/li>\n<\/ul>\n<p><strong>La formation LinkedIn : LA PUBLICITE PAYANTE c&rsquo;est comprendre l&rsquo;int\u00e9r\u00eat ou non de la publicit\u00e9 payante sur LinkedIn et comment optimiser sa visibilit\u00e9.<\/strong><\/p>\n<ul>\n<li>Know the different types of advertising on LinkedIn<\/li>\n<li>Discover Campaign manager<\/li>\n<li>Create an account and an advertising campaign<\/li>\n<\/ul>\n<p>&nbsp;<\/p>\n<p>Training is provided by <a href=\"https:\/\/www.linkedin.com\/in\/gregorymancel\/\">G. Mancel<\/a>, partner of the Measurement Network and LinkedIn specialist.<\/p>\n<p><b>R\u00e9seau Mesure is a Qualiopi certified training center allowing support from your OPCO.<\/b><\/p>\n<p>&nbsp;<\/p>\n<h2>\n\t\t<a href=\"https:\/\/www.reseau-mesure.com\/en\/communication\/\" title=\"Benefit from the 2022 Media plan of the Measurement Network\" target=\"_blank\" rel=\"noopener\">\n\t\tBenefit from the 2022 Media plan of the Measurement Network\n\t\t<\/a>\n\t<\/h2>\n<h2><b>Amplify its communication with controlled budgets.<\/b><\/h2>\n<em>\u201cThanks to the Measurement Network I was able to benefit from\u00a0<b>very competitive rates\u00a0<\/b>to develop the\u00a0<b>visibility<\/b>\u00a0of my company and my products on industrial web portals. Moreover, I can\u00a0<b>broadcast for free\u00a0<\/b>information relayed in the specialized press within the framework of the partnerships of the R\u00e9seau Mesure Media Plan, I\u00a0<b>so reduce my costs\u00a0<\/b>of advertising publications. &quot;<\/em><br \/>\n<strong><em>Christophe Bracon - WIMESURE<\/em><\/strong>\n<h2><b>A dedicated working group<\/b><\/h2>\n<ul>\n<li>Development of a training plan for members<\/li>\n<li>An exchange of experiences<\/li>\n<li>Interventions with specialists to develop your digital action plan<\/li>\n<\/ul>\n<p><strong>Next meeting: Tuesday, April 5, 2022 - 10 a.m.\/12 p.m.<\/strong><\/p>\n<h2><b>Communication for members on the Measurement Network website and on LinkedIn<\/b><\/h2>\n<ul>\n<li>Amplify your SEO<\/li>\n<li>Develop your image<\/li>\n<\/ul>\n<h2><b>Amplified digital communication thanks to the media plan of the Measurement Network<\/b><\/h2>\n<p>&nbsp;<\/p>\n\t\t\t\t<a href=\"https:\/\/www.reseau-mesure.com\/en\/communication\/\" target=\"_blank\" rel=\"noopener\" itemprop=\"url\">\n\t\t\t\t<img loading=\"lazy\" decoding=\"async\" src=\"https:\/\/www.reseau-mesure.com\/wp-content\/uploads\/2022\/02\/2022-PARTENAIRES-PRESSE.png\" alt=\"2022 PARTENAIRES PRESSE\" itemprop=\"image\" height=\"563\" width=\"828\" title=\"2022 PRESS PARTNERS\" onerror=\"this.style.display='none'\"  \/>\n\t\t\t\t<\/a>\n\t\t\t<a href=\"https:\/\/www.reseau-mesure.com\/wp-content\/uploads\/2021\/06\/PLAN-MEDIA-2022-RESEAU-MESURE.pdf\" target=\"_blank\" role=\"button\" rel=\"noopener\">\n\t\t\t\t\t\t\tConsult the media plan\n\t\t\t\t\t<\/a>\n\t<p>&nbsp;<\/p>\n<p>The Measurement Network allows you to benefit from free communication or at negotiated rates with 19 press and web partners<\/p>\n\t\t\t<a href=\"https:\/\/www.reseau-mesure.com\/en\/evenements\/\" target=\"_self\" role=\"button\" rel=\"noopener\">\n\t\t\t\t\t\t\tThe complete agenda of the Measurement Network\n\t\t\t\t\t<\/a>\n\t\t\t\t<a href=\"https:\/\/www.reseau-mesure.com\/en\/evenements\/\" target=\"_blank\" rel=\"noopener\" itemprop=\"url\">\n\t\t\t\t<img loading=\"lazy\" decoding=\"async\" src=\"https:\/\/www.reseau-mesure.com\/wp-content\/uploads\/2020\/08\/Plan-de-travail-3niveau.png\" alt=\"R\u00e9seau Mesure Express Actualites\" itemprop=\"image\" height=\"3665\" width=\"5520\" title=\"Express Measurement Network News\" onerror=\"this.style.display='none'\"  \/>\n\t\t\t\t<\/a>\n\t<h2><strong>Communication for members<\/strong><\/h2>\n\t<p>&nbsp;<\/p>\n<h1>Use the Measurement Network site to boost your SEO<\/h1>\n<ul>\n<li>N&rsquo;h\u00e9sitez pas \u00e0 nous transmettre <strong>your news<\/strong>, we will relay it <strong>on the <a href=\"https:\/\/www.reseau-mesure.com\/en\/\">first page of the Measurement Network website<\/a> and on L<a href=\"https:\/\/www.linkedin.com\/company\/reseau-mesure\/\">inkedIn<\/a>.<\/strong><\/li>\n<li>Remember to put your<strong> <a href=\"https:\/\/www.reseau-mesure.com\/en\/annuaire\/\">directory sheet<\/a><\/strong> \u00e0 jour, l&rsquo;annuaire est l&rsquo;espace le plus consult\u00e9 sur le site du R\u00e9seau Mesure.<\/li>\n<li>Would you like to know that you are a member of the Measurement Network? Use the<strong><a href=\"https:\/\/www.reseau-mesure.com\/wp-content\/uploads\/2022\/02\/LOGIadherents2.jpg\"> dedicated logo<\/a> in your communication or on your site<\/strong> !<\/li>\n<\/ul>\n\t<h2>R\u00e9seau Mesure Express: news about the association&#039;s action plan<\/h2>\n<h1>\n\t\t<a href=\"https:\/\/www.reseau-mesure.com\/en\/\" title=\"Express Measurement Network February 24, 2022\" target=\"_blank\" rel=\"noopener\">\n\t\tExpress Measurement Network February 24, 2022\n\t\t<\/a>\n\t<\/h1>","protected":false},"excerpt":{"rendered":"<p>R\u00e9seau Mesure Express 24 f\u00e9vrier 2022 24.02.2022 Un r\u00e9seau pour ses adh\u00e9rents, par ses adh\u00e9rents R\u00e9seau Mesure Express 24 f\u00e9vrier 2022 : les adh\u00e9rents peuvent retrouver l&rsquo;actualit\u00e9 de l&rsquo;association dans R\u00e9seau Mesure Express. Communiquer pour mieux se d\u00e9velopper. Le Monde de l&rsquo;Industrie, vous permet de suivre l&rsquo;actualit\u00e9 en temps r\u00e9el Communiquer pour se d\u00e9velopper &nbsp;&hellip;<\/p>","protected":false},"author":720,"featured_media":0,"parent":0,"menu_order":0,"comment_status":"closed","ping_status":"closed","template":"","meta":{"_acf_changed":false,"footnotes":""},"class_list":["post-16206","page","type-page","status-publish","hentry"],"acf":[],"yoast_head":"<!-- This site is optimized with the Yoast SEO plugin v27.5 - https:\/\/yoast.com\/product\/yoast-seo-wordpress\/ -->\n<title>R\u00e9seau Mesure Express 24 f\u00e9vrier 2022 - R\u00e9seau Mesure<\/title>\n<meta name=\"description\" content=\"R\u00e9seau Mesure Express 24 f\u00e9vrier 2022. Le Monde de l&#039;Industrie, vous permet de suivre l\u2019actualit\u00e9 en temps r\u00e9el.\" \/>\n<meta name=\"robots\" content=\"index, follow, max-snippet:-1, max-image-preview:large, max-video-preview:-1\" \/>\n<link rel=\"canonical\" href=\"https:\/\/www.reseau-mesure.com\/en\/reseau-mesure-express-24-fevrier-2022\/\" \/>\n<meta property=\"og:locale\" content=\"en_US\" \/>\n<meta property=\"og:type\" content=\"article\" \/>\n<meta property=\"og:title\" content=\"R\u00e9seau Mesure Express 24 f\u00e9vrier 2022 - R\u00e9seau Mesure\" \/>\n<meta property=\"og:description\" content=\"R\u00e9seau Mesure Express 24 f\u00e9vrier 2022. Le Monde de l&#039;Industrie, vous permet de suivre l\u2019actualit\u00e9 en temps r\u00e9el.\" \/>\n<meta property=\"og:url\" content=\"https:\/\/www.reseau-mesure.com\/en\/reseau-mesure-express-24-fevrier-2022\/\" \/>\n<meta property=\"og:site_name\" content=\"R\u00e9seau Mesure\" \/>\n<meta property=\"article:publisher\" content=\"https:\/\/www.facebook.com\/reseaumesure\/\" \/>\n<meta property=\"article:modified_time\" content=\"2022-02-23T10:12:31+00:00\" \/>\n<meta property=\"og:image\" content=\"https:\/\/www.reseau-mesure.com\/wp-content\/uploads\/2020\/07\/20ku.jpeg\" \/>\n<meta name=\"twitter:card\" content=\"summary_large_image\" \/>\n<meta name=\"twitter:site\" content=\"@ReseauMesure\" \/>\n<meta name=\"twitter:label1\" content=\"Est. reading time\" \/>\n\t<meta name=\"twitter:data1\" content=\"5 minutes\" \/>\n<script type=\"application\/ld+json\" class=\"yoast-schema-graph\">{\"@context\":\"https:\\\/\\\/schema.org\",\"@graph\":[{\"@type\":\"WebPage\",\"@id\":\"https:\\\/\\\/www.reseau-mesure.com\\\/reseau-mesure-express-24-fevrier-2022\\\/\",\"url\":\"https:\\\/\\\/www.reseau-mesure.com\\\/reseau-mesure-express-24-fevrier-2022\\\/\",\"name\":\"R\u00e9seau Mesure Express 24 f\u00e9vrier 2022 - R\u00e9seau Mesure\",\"isPartOf\":{\"@id\":\"https:\\\/\\\/www.reseau-mesure.com\\\/#website\"},\"primaryImageOfPage\":{\"@id\":\"https:\\\/\\\/www.reseau-mesure.com\\\/reseau-mesure-express-24-fevrier-2022\\\/#primaryimage\"},\"image\":{\"@id\":\"https:\\\/\\\/www.reseau-mesure.com\\\/reseau-mesure-express-24-fevrier-2022\\\/#primaryimage\"},\"thumbnailUrl\":\"https:\\\/\\\/www.reseau-mesure.com\\\/wp-content\\\/uploads\\\/2020\\\/07\\\/20ku.jpeg\",\"datePublished\":\"2022-02-23T09:22:07+00:00\",\"dateModified\":\"2022-02-23T10:12:31+00:00\",\"description\":\"R\u00e9seau Mesure Express 24 f\u00e9vrier 2022. Le Monde de l'Industrie, vous permet de suivre l\u2019actualit\u00e9 en temps r\u00e9el.\",\"breadcrumb\":{\"@id\":\"https:\\\/\\\/www.reseau-mesure.com\\\/reseau-mesure-express-24-fevrier-2022\\\/#breadcrumb\"},\"inLanguage\":\"en-US\",\"potentialAction\":[{\"@type\":\"ReadAction\",\"target\":[\"https:\\\/\\\/www.reseau-mesure.com\\\/reseau-mesure-express-24-fevrier-2022\\\/\"]}]},{\"@type\":\"ImageObject\",\"inLanguage\":\"en-US\",\"@id\":\"https:\\\/\\\/www.reseau-mesure.com\\\/reseau-mesure-express-24-fevrier-2022\\\/#primaryimage\",\"url\":\"https:\\\/\\\/www.reseau-mesure.com\\\/wp-content\\\/uploads\\\/2020\\\/07\\\/20ku.jpeg\",\"contentUrl\":\"https:\\\/\\\/www.reseau-mesure.com\\\/wp-content\\\/uploads\\\/2020\\\/07\\\/20ku.jpeg\"},{\"@type\":\"BreadcrumbList\",\"@id\":\"https:\\\/\\\/www.reseau-mesure.com\\\/reseau-mesure-express-24-fevrier-2022\\\/#breadcrumb\",\"itemListElement\":[{\"@type\":\"ListItem\",\"position\":1,\"name\":\"Accueil\",\"item\":\"https:\\\/\\\/www.reseau-mesure.com\\\/\"},{\"@type\":\"ListItem\",\"position\":2,\"name\":\"R\u00e9seau Mesure Express-20220224\"}]},{\"@type\":\"WebSite\",\"@id\":\"https:\\\/\\\/www.reseau-mesure.com\\\/#website\",\"url\":\"https:\\\/\\\/www.reseau-mesure.com\\\/\",\"name\":\"R\u00e9seau-Mesure\",\"description\":\"R\u00e9seau Mesure\",\"publisher\":{\"@id\":\"https:\\\/\\\/www.reseau-mesure.com\\\/#organization\"},\"potentialAction\":[{\"@type\":\"SearchAction\",\"target\":{\"@type\":\"EntryPoint\",\"urlTemplate\":\"https:\\\/\\\/www.reseau-mesure.com\\\/?s={search_term_string}\"},\"query-input\":{\"@type\":\"PropertyValueSpecification\",\"valueRequired\":true,\"valueName\":\"search_term_string\"}}],\"inLanguage\":\"en-US\"},{\"@type\":\"Organization\",\"@id\":\"https:\\\/\\\/www.reseau-mesure.com\\\/#organization\",\"name\":\"R\u00e9seau-Mesure\",\"url\":\"https:\\\/\\\/www.reseau-mesure.com\\\/\",\"logo\":{\"@type\":\"ImageObject\",\"inLanguage\":\"en-US\",\"@id\":\"https:\\\/\\\/www.reseau-mesure.com\\\/#\\\/schema\\\/logo\\\/image\\\/\",\"url\":\"https:\\\/\\\/www.reseau-mesure.com\\\/wp-content\\\/uploads\\\/2018\\\/02\\\/logo-max.png\",\"contentUrl\":\"https:\\\/\\\/www.reseau-mesure.com\\\/wp-content\\\/uploads\\\/2018\\\/02\\\/logo-max.png\",\"width\":545,\"height\":285,\"caption\":\"R\u00e9seau-Mesure\"},\"image\":{\"@id\":\"https:\\\/\\\/www.reseau-mesure.com\\\/#\\\/schema\\\/logo\\\/image\\\/\"},\"sameAs\":[\"https:\\\/\\\/www.facebook.com\\\/reseaumesure\\\/\",\"https:\\\/\\\/x.com\\\/ReseauMesure\",\"https:\\\/\\\/www.linkedin.com\\\/company\\\/reseau-mesure\\\/\"]}]}<\/script>\n<!-- \/ Yoast SEO plugin. -->","yoast_head_json":{"title":"R\u00e9seau Mesure Express 24 f\u00e9vrier 2022 - R\u00e9seau Mesure","description":"R\u00e9seau Mesure Express 24 f\u00e9vrier 2022. Le Monde de l'Industrie, vous permet de suivre l\u2019actualit\u00e9 en temps r\u00e9el.","robots":{"index":"index","follow":"follow","max-snippet":"max-snippet:-1","max-image-preview":"max-image-preview:large","max-video-preview":"max-video-preview:-1"},"canonical":"https:\/\/www.reseau-mesure.com\/en\/reseau-mesure-express-24-fevrier-2022\/","og_locale":"en_US","og_type":"article","og_title":"R\u00e9seau Mesure Express 24 f\u00e9vrier 2022 - R\u00e9seau Mesure","og_description":"R\u00e9seau Mesure Express 24 f\u00e9vrier 2022. Le Monde de l'Industrie, vous permet de suivre l\u2019actualit\u00e9 en temps r\u00e9el.","og_url":"https:\/\/www.reseau-mesure.com\/en\/reseau-mesure-express-24-fevrier-2022\/","og_site_name":"R\u00e9seau Mesure","article_publisher":"https:\/\/www.facebook.com\/reseaumesure\/","article_modified_time":"2022-02-23T10:12:31+00:00","og_image":[{"url":"https:\/\/www.reseau-mesure.com\/wp-content\/uploads\/2020\/07\/20ku.jpeg","type":"","width":"","height":""}],"twitter_card":"summary_large_image","twitter_site":"@ReseauMesure","twitter_misc":{"Est. reading time":"5 minutes"},"schema":{"@context":"https:\/\/schema.org","@graph":[{"@type":"WebPage","@id":"https:\/\/www.reseau-mesure.com\/reseau-mesure-express-24-fevrier-2022\/","url":"https:\/\/www.reseau-mesure.com\/reseau-mesure-express-24-fevrier-2022\/","name":"R\u00e9seau Mesure Express 24 f\u00e9vrier 2022 - R\u00e9seau Mesure","isPartOf":{"@id":"https:\/\/www.reseau-mesure.com\/#website"},"primaryImageOfPage":{"@id":"https:\/\/www.reseau-mesure.com\/reseau-mesure-express-24-fevrier-2022\/#primaryimage"},"image":{"@id":"https:\/\/www.reseau-mesure.com\/reseau-mesure-express-24-fevrier-2022\/#primaryimage"},"thumbnailUrl":"https:\/\/www.reseau-mesure.com\/wp-content\/uploads\/2020\/07\/20ku.jpeg","datePublished":"2022-02-23T09:22:07+00:00","dateModified":"2022-02-23T10:12:31+00:00","description":"R\u00e9seau Mesure Express 24 f\u00e9vrier 2022. Le Monde de l'Industrie, vous permet de suivre l\u2019actualit\u00e9 en temps r\u00e9el.","breadcrumb":{"@id":"https:\/\/www.reseau-mesure.com\/reseau-mesure-express-24-fevrier-2022\/#breadcrumb"},"inLanguage":"en-US","potentialAction":[{"@type":"ReadAction","target":["https:\/\/www.reseau-mesure.com\/reseau-mesure-express-24-fevrier-2022\/"]}]},{"@type":"ImageObject","inLanguage":"en-US","@id":"https:\/\/www.reseau-mesure.com\/reseau-mesure-express-24-fevrier-2022\/#primaryimage","url":"https:\/\/www.reseau-mesure.com\/wp-content\/uploads\/2020\/07\/20ku.jpeg","contentUrl":"https:\/\/www.reseau-mesure.com\/wp-content\/uploads\/2020\/07\/20ku.jpeg"},{"@type":"BreadcrumbList","@id":"https:\/\/www.reseau-mesure.com\/reseau-mesure-express-24-fevrier-2022\/#breadcrumb","itemListElement":[{"@type":"ListItem","position":1,"name":"Accueil","item":"https:\/\/www.reseau-mesure.com\/"},{"@type":"ListItem","position":2,"name":"R\u00e9seau Mesure Express-20220224"}]},{"@type":"WebSite","@id":"https:\/\/www.reseau-mesure.com\/#website","url":"https:\/\/www.reseau-mesure.com\/","name":"R\u00e9seau-Mesure","description":"Network Measure","publisher":{"@id":"https:\/\/www.reseau-mesure.com\/#organization"},"potentialAction":[{"@type":"SearchAction","target":{"@type":"EntryPoint","urlTemplate":"https:\/\/www.reseau-mesure.com\/?s={search_term_string}"},"query-input":{"@type":"PropertyValueSpecification","valueRequired":true,"valueName":"search_term_string"}}],"inLanguage":"en-US"},{"@type":"Organization","@id":"https:\/\/www.reseau-mesure.com\/#organization","name":"R\u00e9seau-Mesure","url":"https:\/\/www.reseau-mesure.com\/","logo":{"@type":"ImageObject","inLanguage":"en-US","@id":"https:\/\/www.reseau-mesure.com\/#\/schema\/logo\/image\/","url":"https:\/\/www.reseau-mesure.com\/wp-content\/uploads\/2018\/02\/logo-max.png","contentUrl":"https:\/\/www.reseau-mesure.com\/wp-content\/uploads\/2018\/02\/logo-max.png","width":545,"height":285,"caption":"R\u00e9seau-Mesure"},"image":{"@id":"https:\/\/www.reseau-mesure.com\/#\/schema\/logo\/image\/"},"sameAs":["https:\/\/www.facebook.com\/reseaumesure\/","https:\/\/x.com\/ReseauMesure","https:\/\/www.linkedin.com\/company\/reseau-mesure\/"]}]}},"_links":{"self":[{"href":"https:\/\/www.reseau-mesure.com\/en\/wp-json\/wp\/v2\/pages\/16206","targetHints":{"allow":["GET"]}}],"collection":[{"href":"https:\/\/www.reseau-mesure.com\/en\/wp-json\/wp\/v2\/pages"}],"about":[{"href":"https:\/\/www.reseau-mesure.com\/en\/wp-json\/wp\/v2\/types\/page"}],"author":[{"embeddable":true,"href":"https:\/\/www.reseau-mesure.com\/en\/wp-json\/wp\/v2\/users\/720"}],"replies":[{"embeddable":true,"href":"https:\/\/www.reseau-mesure.com\/en\/wp-json\/wp\/v2\/comments?post=16206"}],"version-history":[{"count":0,"href":"https:\/\/www.reseau-mesure.com\/en\/wp-json\/wp\/v2\/pages\/16206\/revisions"}],"wp:attachment":[{"href":"https:\/\/www.reseau-mesure.com\/en\/wp-json\/wp\/v2\/media?parent=16206"}],"curies":[{"name":"wp","href":"https:\/\/api.w.org\/{rel}","templated":true}]}}