{"id":16246,"date":"2022-02-24T18:42:03","date_gmt":"2022-02-24T17:42:03","guid":{"rendered":"https:\/\/www.reseau-mesure.com\/?page_id=16246"},"modified":"2022-03-14T14:18:01","modified_gmt":"2022-03-14T13:18:01","slug":"metrolog-xg-eurotek","status":"publish","type":"page","link":"https:\/\/www.reseau-mesure.com\/en\/metrolog-xg-eurotek\/","title":{"rendered":"Metrolog XG \u2013 Eurotek"},"content":{"rendered":"<a href=\"https:\/\/eurotek-france.fr\/\" target=\"_blank\" rel=\"noopener\" itemprop=\"url\">\n\t\t\t\t<img loading=\"lazy\" decoding=\"async\" src=\"https:\/\/www.reseau-mesure.com\/wp-content\/uploads\/2018\/03\/EUROTEK.jpg\" alt=\"EUROTEK.jpg\" itemprop=\"image\" height=\"329\" width=\"952\" title=\"EUROTEK.jpg\" onerror=\"this.style.display='none'\">\n\t\t\t\t<\/a>\n\t<p>&nbsp;<\/p>\n<p><b>METROLOG XG<\/b><\/p>\n\t<p>&nbsp;<\/p>\n<table width=\"100%\">\n<tbody>\n<tr>\n<td><strong>This training is intended for any metrologist who wishes to be autonomous to carry out a dimensional control and to exploit the measurements carried out on a Three-Dimensional Measuring Machine.<\/strong>\n<p>The training will be provided by <a href=\"https:\/\/www.reseau-mesure.com\/en\/adherent\/eurotek\/\">EUROTEK<\/a>, sp\u00e9cialiste&nbsp;dans le domaine de la m\u00e9trologie tridimensionnelle.<\/p>\n<p><b>R\u00e9seau Mesure is referenced as a QUALIOPI certified training center allowing support by your OPCO.<\/b><\/p>\n<p><strong>Number of trainees per session:<\/strong> training exclusive to a company.<\/p>\n<p><strong>The training dates are to be defined with the trainer from Eurotek.&nbsp;<\/strong><\/p>\n<strong>The program can be modified according to the needs of the company.<\/strong><\/td>\n<\/tr>\n<tr>\n\n<\/tr>\n<\/tbody>\n<\/table>\n\t\t\t<a href=\"https:\/\/www.reseau-mesure.com\/wp-content\/uploads\/2022\/02\/presentation-Metrolog-XG-v1.pdf\" target=\"_blank\" role=\"button\" rel=\"noopener\">\n\t\t\t\t\t\t\tpresentation\n\t\t\t\t\t<\/a>\n\t\t\t<a href=\"https:\/\/www.reseau-mesure.com\/wp-content\/uploads\/2022\/02\/programme-Metrolog-XG-v1.pdf\" target=\"_blank\" role=\"button\" rel=\"noopener\">\n\t\t\t\t\t\t\tProgram Type\n\t\t\t\t\t<\/a>\n\t\t\t<a href=\"mailto:m.tregaro@eurotek-france.com\" target=\"_blank\" role=\"button\" rel=\"noopener\">\n\t\t\t\t\t\t\tSubscription request\n\t\t\t\t\t<\/a>","protected":false},"excerpt":{"rendered":"<p>&nbsp; METROLOG XG &nbsp; Cette formation s&rsquo;adresse \u00e0 tout m\u00e9trologue qui souhaite \u00eatre autonome pour r\u00e9aliser un contr\u00f4le dimensionnel et exploiter les mesures r\u00e9alis\u00e9es sur Machine \u00e0 Mesurer Tridimensionnelle. La formation sera assur\u00e9e par EUROTEK, sp\u00e9cialiste&nbsp;dans le domaine de la m\u00e9trologie tridimensionnelle. R\u00e9seau Mesure est r\u00e9f\u00e9renc\u00e9 centre de formation certifi\u00e9 QUALIOPI permettant une prise en&hellip;<\/p>","protected":false},"author":349,"featured_media":0,"parent":0,"menu_order":0,"comment_status":"closed","ping_status":"closed","template":"","meta":{"_acf_changed":false,"footnotes":""},"class_list":["post-16246","page","type-page","status-publish","hentry"],"acf":[],"yoast_head":"<!-- This site is optimized with the Yoast SEO plugin v27.3 - https:\/\/yoast.com\/product\/yoast-seo-wordpress\/ -->\n<title>Formation - Metrolog XG - Eurotek - R\u00e9seau Mesure<\/title>\n<meta name=\"description\" content=\"Formation Metrolog XG pour r\u00e9aliser un contr\u00f4le dimensionnel et exploiter les mesures r\u00e9alis\u00e9es sur Machine \u00e0 Mesurer Tridimensionnelle.\" \/>\n<meta name=\"robots\" content=\"index, follow, max-snippet:-1, max-image-preview:large, max-video-preview:-1\" \/>\n<link rel=\"canonical\" href=\"https:\/\/www.reseau-mesure.com\/en\/metrolog-xg-eurotek\/\" \/>\n<meta property=\"og:locale\" content=\"en_US\" \/>\n<meta property=\"og:type\" content=\"article\" \/>\n<meta property=\"og:title\" content=\"Formation - Metrolog XG - Eurotek - R\u00e9seau Mesure\" \/>\n<meta property=\"og:description\" content=\"Formation Metrolog XG pour r\u00e9aliser un contr\u00f4le dimensionnel et exploiter les mesures r\u00e9alis\u00e9es sur Machine \u00e0 Mesurer Tridimensionnelle.\" \/>\n<meta property=\"og:url\" content=\"https:\/\/www.reseau-mesure.com\/en\/metrolog-xg-eurotek\/\" \/>\n<meta property=\"og:site_name\" content=\"R\u00e9seau Mesure\" \/>\n<meta property=\"article:publisher\" content=\"https:\/\/www.facebook.com\/reseaumesure\/\" \/>\n<meta property=\"article:modified_time\" content=\"2022-03-14T13:18:01+00:00\" \/>\n<meta property=\"og:image\" content=\"https:\/\/www.reseau-mesure.com\/wp-content\/uploads\/2018\/03\/EUROTEK.jpg\" \/>\n<meta name=\"twitter:card\" content=\"summary_large_image\" \/>\n<meta name=\"twitter:site\" content=\"@ReseauMesure\" \/>\n<meta name=\"twitter:label1\" content=\"Est. reading time\" \/>\n\t<meta name=\"twitter:data1\" content=\"1 minute\" \/>\n<script type=\"application\/ld+json\" class=\"yoast-schema-graph\">{\"@context\":\"https:\\\/\\\/schema.org\",\"@graph\":[{\"@type\":\"WebPage\",\"@id\":\"https:\\\/\\\/www.reseau-mesure.com\\\/metrolog-xg-eurotek\\\/\",\"url\":\"https:\\\/\\\/www.reseau-mesure.com\\\/metrolog-xg-eurotek\\\/\",\"name\":\"Formation - Metrolog XG - Eurotek - R\u00e9seau Mesure\",\"isPartOf\":{\"@id\":\"https:\\\/\\\/www.reseau-mesure.com\\\/#website\"},\"primaryImageOfPage\":{\"@id\":\"https:\\\/\\\/www.reseau-mesure.com\\\/metrolog-xg-eurotek\\\/#primaryimage\"},\"image\":{\"@id\":\"https:\\\/\\\/www.reseau-mesure.com\\\/metrolog-xg-eurotek\\\/#primaryimage\"},\"thumbnailUrl\":\"https:\\\/\\\/www.reseau-mesure.com\\\/wp-content\\\/uploads\\\/2018\\\/03\\\/EUROTEK.jpg\",\"datePublished\":\"2022-02-24T17:42:03+00:00\",\"dateModified\":\"2022-03-14T13:18:01+00:00\",\"description\":\"Formation Metrolog XG pour r\u00e9aliser un contr\u00f4le dimensionnel et exploiter les mesures r\u00e9alis\u00e9es sur Machine \u00e0 Mesurer Tridimensionnelle.\",\"breadcrumb\":{\"@id\":\"https:\\\/\\\/www.reseau-mesure.com\\\/metrolog-xg-eurotek\\\/#breadcrumb\"},\"inLanguage\":\"en-US\",\"potentialAction\":[{\"@type\":\"ReadAction\",\"target\":[\"https:\\\/\\\/www.reseau-mesure.com\\\/metrolog-xg-eurotek\\\/\"]}]},{\"@type\":\"ImageObject\",\"inLanguage\":\"en-US\",\"@id\":\"https:\\\/\\\/www.reseau-mesure.com\\\/metrolog-xg-eurotek\\\/#primaryimage\",\"url\":\"https:\\\/\\\/www.reseau-mesure.com\\\/wp-content\\\/uploads\\\/2018\\\/03\\\/EUROTEK.jpg\",\"contentUrl\":\"https:\\\/\\\/www.reseau-mesure.com\\\/wp-content\\\/uploads\\\/2018\\\/03\\\/EUROTEK.jpg\"},{\"@type\":\"BreadcrumbList\",\"@id\":\"https:\\\/\\\/www.reseau-mesure.com\\\/metrolog-xg-eurotek\\\/#breadcrumb\",\"itemListElement\":[{\"@type\":\"ListItem\",\"position\":1,\"name\":\"Accueil\",\"item\":\"https:\\\/\\\/www.reseau-mesure.com\\\/\"},{\"@type\":\"ListItem\",\"position\":2,\"name\":\"Metrolog XG &#8211; Eurotek\"}]},{\"@type\":\"WebSite\",\"@id\":\"https:\\\/\\\/www.reseau-mesure.com\\\/#website\",\"url\":\"https:\\\/\\\/www.reseau-mesure.com\\\/\",\"name\":\"R\u00e9seau-Mesure\",\"description\":\"R\u00e9seau Mesure\",\"publisher\":{\"@id\":\"https:\\\/\\\/www.reseau-mesure.com\\\/#organization\"},\"potentialAction\":[{\"@type\":\"SearchAction\",\"target\":{\"@type\":\"EntryPoint\",\"urlTemplate\":\"https:\\\/\\\/www.reseau-mesure.com\\\/?s={search_term_string}\"},\"query-input\":{\"@type\":\"PropertyValueSpecification\",\"valueRequired\":true,\"valueName\":\"search_term_string\"}}],\"inLanguage\":\"en-US\"},{\"@type\":\"Organization\",\"@id\":\"https:\\\/\\\/www.reseau-mesure.com\\\/#organization\",\"name\":\"R\u00e9seau-Mesure\",\"url\":\"https:\\\/\\\/www.reseau-mesure.com\\\/\",\"logo\":{\"@type\":\"ImageObject\",\"inLanguage\":\"en-US\",\"@id\":\"https:\\\/\\\/www.reseau-mesure.com\\\/#\\\/schema\\\/logo\\\/image\\\/\",\"url\":\"https:\\\/\\\/www.reseau-mesure.com\\\/wp-content\\\/uploads\\\/2018\\\/02\\\/logo-max.png\",\"contentUrl\":\"https:\\\/\\\/www.reseau-mesure.com\\\/wp-content\\\/uploads\\\/2018\\\/02\\\/logo-max.png\",\"width\":545,\"height\":285,\"caption\":\"R\u00e9seau-Mesure\"},\"image\":{\"@id\":\"https:\\\/\\\/www.reseau-mesure.com\\\/#\\\/schema\\\/logo\\\/image\\\/\"},\"sameAs\":[\"https:\\\/\\\/www.facebook.com\\\/reseaumesure\\\/\",\"https:\\\/\\\/x.com\\\/ReseauMesure\",\"https:\\\/\\\/www.linkedin.com\\\/company\\\/reseau-mesure\\\/\"]}]}<\/script>\n<!-- \/ Yoast SEO plugin. -->","yoast_head_json":{"title":"Formation - Metrolog XG - Eurotek - R\u00e9seau Mesure","description":"Formation Metrolog XG pour r\u00e9aliser un contr\u00f4le dimensionnel et exploiter les mesures r\u00e9alis\u00e9es sur Machine \u00e0 Mesurer Tridimensionnelle.","robots":{"index":"index","follow":"follow","max-snippet":"max-snippet:-1","max-image-preview":"max-image-preview:large","max-video-preview":"max-video-preview:-1"},"canonical":"https:\/\/www.reseau-mesure.com\/en\/metrolog-xg-eurotek\/","og_locale":"en_US","og_type":"article","og_title":"Formation - Metrolog XG - Eurotek - R\u00e9seau Mesure","og_description":"Formation Metrolog XG pour r\u00e9aliser un contr\u00f4le dimensionnel et exploiter les mesures r\u00e9alis\u00e9es sur Machine \u00e0 Mesurer Tridimensionnelle.","og_url":"https:\/\/www.reseau-mesure.com\/en\/metrolog-xg-eurotek\/","og_site_name":"R\u00e9seau Mesure","article_publisher":"https:\/\/www.facebook.com\/reseaumesure\/","article_modified_time":"2022-03-14T13:18:01+00:00","og_image":[{"url":"https:\/\/www.reseau-mesure.com\/wp-content\/uploads\/2018\/03\/EUROTEK.jpg","type":"","width":"","height":""}],"twitter_card":"summary_large_image","twitter_site":"@ReseauMesure","twitter_misc":{"Est. reading time":"1 minute"},"schema":{"@context":"https:\/\/schema.org","@graph":[{"@type":"WebPage","@id":"https:\/\/www.reseau-mesure.com\/metrolog-xg-eurotek\/","url":"https:\/\/www.reseau-mesure.com\/metrolog-xg-eurotek\/","name":"Formation - Metrolog XG - Eurotek - R\u00e9seau Mesure","isPartOf":{"@id":"https:\/\/www.reseau-mesure.com\/#website"},"primaryImageOfPage":{"@id":"https:\/\/www.reseau-mesure.com\/metrolog-xg-eurotek\/#primaryimage"},"image":{"@id":"https:\/\/www.reseau-mesure.com\/metrolog-xg-eurotek\/#primaryimage"},"thumbnailUrl":"https:\/\/www.reseau-mesure.com\/wp-content\/uploads\/2018\/03\/EUROTEK.jpg","datePublished":"2022-02-24T17:42:03+00:00","dateModified":"2022-03-14T13:18:01+00:00","description":"Formation Metrolog XG pour r\u00e9aliser un contr\u00f4le dimensionnel et exploiter les mesures r\u00e9alis\u00e9es sur Machine \u00e0 Mesurer Tridimensionnelle.","breadcrumb":{"@id":"https:\/\/www.reseau-mesure.com\/metrolog-xg-eurotek\/#breadcrumb"},"inLanguage":"en-US","potentialAction":[{"@type":"ReadAction","target":["https:\/\/www.reseau-mesure.com\/metrolog-xg-eurotek\/"]}]},{"@type":"ImageObject","inLanguage":"en-US","@id":"https:\/\/www.reseau-mesure.com\/metrolog-xg-eurotek\/#primaryimage","url":"https:\/\/www.reseau-mesure.com\/wp-content\/uploads\/2018\/03\/EUROTEK.jpg","contentUrl":"https:\/\/www.reseau-mesure.com\/wp-content\/uploads\/2018\/03\/EUROTEK.jpg"},{"@type":"BreadcrumbList","@id":"https:\/\/www.reseau-mesure.com\/metrolog-xg-eurotek\/#breadcrumb","itemListElement":[{"@type":"ListItem","position":1,"name":"Accueil","item":"https:\/\/www.reseau-mesure.com\/"},{"@type":"ListItem","position":2,"name":"Metrolog XG &#8211; Eurotek"}]},{"@type":"WebSite","@id":"https:\/\/www.reseau-mesure.com\/#website","url":"https:\/\/www.reseau-mesure.com\/","name":"R\u00e9seau-Mesure","description":"Network Measure","publisher":{"@id":"https:\/\/www.reseau-mesure.com\/#organization"},"potentialAction":[{"@type":"SearchAction","target":{"@type":"EntryPoint","urlTemplate":"https:\/\/www.reseau-mesure.com\/?s={search_term_string}"},"query-input":{"@type":"PropertyValueSpecification","valueRequired":true,"valueName":"search_term_string"}}],"inLanguage":"en-US"},{"@type":"Organization","@id":"https:\/\/www.reseau-mesure.com\/#organization","name":"R\u00e9seau-Mesure","url":"https:\/\/www.reseau-mesure.com\/","logo":{"@type":"ImageObject","inLanguage":"en-US","@id":"https:\/\/www.reseau-mesure.com\/#\/schema\/logo\/image\/","url":"https:\/\/www.reseau-mesure.com\/wp-content\/uploads\/2018\/02\/logo-max.png","contentUrl":"https:\/\/www.reseau-mesure.com\/wp-content\/uploads\/2018\/02\/logo-max.png","width":545,"height":285,"caption":"R\u00e9seau-Mesure"},"image":{"@id":"https:\/\/www.reseau-mesure.com\/#\/schema\/logo\/image\/"},"sameAs":["https:\/\/www.facebook.com\/reseaumesure\/","https:\/\/x.com\/ReseauMesure","https:\/\/www.linkedin.com\/company\/reseau-mesure\/"]}]}},"_links":{"self":[{"href":"https:\/\/www.reseau-mesure.com\/en\/wp-json\/wp\/v2\/pages\/16246","targetHints":{"allow":["GET"]}}],"collection":[{"href":"https:\/\/www.reseau-mesure.com\/en\/wp-json\/wp\/v2\/pages"}],"about":[{"href":"https:\/\/www.reseau-mesure.com\/en\/wp-json\/wp\/v2\/types\/page"}],"author":[{"embeddable":true,"href":"https:\/\/www.reseau-mesure.com\/en\/wp-json\/wp\/v2\/users\/349"}],"replies":[{"embeddable":true,"href":"https:\/\/www.reseau-mesure.com\/en\/wp-json\/wp\/v2\/comments?post=16246"}],"version-history":[{"count":0,"href":"https:\/\/www.reseau-mesure.com\/en\/wp-json\/wp\/v2\/pages\/16246\/revisions"}],"wp:attachment":[{"href":"https:\/\/www.reseau-mesure.com\/en\/wp-json\/wp\/v2\/media?parent=16246"}],"curies":[{"name":"wp","href":"https:\/\/api.w.org\/{rel}","templated":true}]}}