{"id":16337,"date":"2022-03-08T14:21:50","date_gmt":"2022-03-08T13:21:50","guid":{"rendered":"https:\/\/www.reseau-mesure.com\/?page_id=16337"},"modified":"2022-03-08T14:52:35","modified_gmt":"2022-03-08T13:52:35","slug":"analyse-de-donnees-multivariees","status":"publish","type":"page","link":"https:\/\/www.reseau-mesure.com\/en\/analyse-de-donnees-multivariees\/","title":{"rendered":"Multivariate data analysis"},"content":{"rendered":"<a href=\"https:\/\/www.reseau-mesure.com\/en\/adherent\/nir-industry\/\" target=\"_blank\" rel=\"noopener\" itemprop=\"url\">\n\t\t\t\t<img loading=\"lazy\" decoding=\"async\" src=\"https:\/\/www.reseau-mesure.com\/wp-content\/uploads\/2019\/05\/logo-NIR-l.png\" alt=\"logo-NIR-l\" itemprop=\"image\" height=\"168\" width=\"680\" title=\"logo-NIR-l\" onerror=\"this.style.display='none'\"  \/>\n\t\t\t\t<\/a>\n\t<p>&nbsp;<\/p>\n<p><b>Multivariate Data Analysis \u2013 Level 1<\/b><\/p>\n\t<p><strong>The \u201cMultivariate Data Analysis \u2013 Level 1\u201d training session is a general introductory course in chemometrics, with many concrete cases and applications, intended for people who wish to:<\/strong><\/p>\n<ul>\n<li><strong>Learn the basic methods &amp; tools of multivariate data analysis.<\/strong><\/li>\n<li><strong>Become quickly autonomous in the processing of their data.<\/strong><\/li>\n<li><strong>Understand &amp; master the key steps of the data processing methodology.<\/strong><\/li>\n<\/ul>\n<table width=\"100%\">\n<tbody>\n<tr>\n<td>The training will be provided by <a href=\"https:\/\/www.nir-industry.com\/\" target=\"_blank\" rel=\"noopener\">NIR INDUSTRY<\/a>, which is involved in field, laboratory or process analytical projects, from the consulting phase to supply, installation, training, technical monitoring and maintenance.\n<p><b>R\u00e9seau Mesure is referenced as a QUALIOPI certified training center allowing support by your OPCO.<\/b><\/p>\n<p><strong>Number of trainees per session:<\/strong> 2 to 6 trainees \u2013 inter-company and intra-company training.<\/p>\n<p><strong>The training dates are to be defined with the trainer of the company NIR INDUSTRY.\u00a0<\/strong><\/p>\n<strong>The program can be modified according to the needs of the company.<\/strong><\/td>\n<\/tr>\n<tr>\n\n<\/tr>\n<\/tbody>\n<\/table>\n\t\t\t<a href=\"https:\/\/www.reseau-mesure.com\/wp-content\/uploads\/2022\/03\/Presentation-Formation-Analyse-de-donnees-multivariees-Niveau-1-v1.pdf\" target=\"_blank\" role=\"button\" rel=\"noopener\">\n\t\t\t\t\t\t\tpresentation\n\t\t\t\t\t<\/a>\n\t\t\t<a href=\"https:\/\/www.reseau-mesure.com\/wp-content\/uploads\/2022\/03\/Programme-Formation-Analyse-de-donnees-multivariees-Niveau1.v1.pdf\" target=\"_blank\" role=\"button\" rel=\"noopener\">\n\t\t\t\t\t\t\tProgram Type\n\t\t\t\t\t<\/a>\n\t\t\t<a href=\"mailto:ricour@nir-industry.com\" target=\"_blank\" role=\"button\" rel=\"noopener\">\n\t\t\t\t\t\t\tSubscription request\n\t\t\t\t\t<\/a>","protected":false},"excerpt":{"rendered":"<p>&nbsp; Multivariate data analysis \u2013 Level 1 The \u201cMultivariate data analysis \u2013 Level 1\u201d training session is a general introductory course in chemometrics, with many concrete cases and applications, intended for people who wish to: Learn the methods &amp; tools basics of multivariate data analysis. Be quickly...<\/p>","protected":false},"author":349,"featured_media":0,"parent":0,"menu_order":0,"comment_status":"closed","ping_status":"closed","template":"","meta":{"_acf_changed":false,"footnotes":""},"class_list":["post-16337","page","type-page","status-publish","hentry"],"acf":[],"yoast_head":"<!-- This site is optimized with the Yoast SEO plugin v27.4 - https:\/\/yoast.com\/product\/yoast-seo-wordpress\/ -->\n<title>Formation - Analyse de donn\u00e9es multivari\u00e9es - R\u00e9seau Mesure<\/title>\n<meta name=\"description\" content=\"La session de formation \u00ab Analyse de donn\u00e9es multivari\u00e9es - Niveau 1 \u00bb est un cours d\u2019introduction g\u00e9n\u00e9rale \u00e0 la chimiom\u00e9trie,\" \/>\n<meta name=\"robots\" content=\"index, follow, max-snippet:-1, max-image-preview:large, max-video-preview:-1\" \/>\n<link rel=\"canonical\" href=\"https:\/\/www.reseau-mesure.com\/en\/analyse-de-donnees-multivariees\/\" \/>\n<meta property=\"og:locale\" content=\"en_US\" \/>\n<meta property=\"og:type\" content=\"article\" \/>\n<meta property=\"og:title\" content=\"Formation - Analyse de donn\u00e9es multivari\u00e9es - R\u00e9seau Mesure\" \/>\n<meta property=\"og:description\" content=\"La session de formation \u00ab Analyse de donn\u00e9es multivari\u00e9es - Niveau 1 \u00bb est un cours d\u2019introduction g\u00e9n\u00e9rale \u00e0 la chimiom\u00e9trie,\" \/>\n<meta property=\"og:url\" content=\"https:\/\/www.reseau-mesure.com\/en\/analyse-de-donnees-multivariees\/\" \/>\n<meta property=\"og:site_name\" content=\"R\u00e9seau Mesure\" \/>\n<meta property=\"article:publisher\" content=\"https:\/\/www.facebook.com\/reseaumesure\/\" \/>\n<meta property=\"article:modified_time\" content=\"2022-03-08T13:52:35+00:00\" \/>\n<meta property=\"og:image\" content=\"https:\/\/www.reseau-mesure.com\/wp-content\/uploads\/2019\/05\/logo-NIR-l.png\" \/>\n<meta name=\"twitter:card\" content=\"summary_large_image\" \/>\n<meta name=\"twitter:site\" content=\"@ReseauMesure\" \/>\n<meta name=\"twitter:label1\" content=\"Est. reading time\" \/>\n\t<meta name=\"twitter:data1\" content=\"1 minute\" \/>\n<script type=\"application\/ld+json\" class=\"yoast-schema-graph\">{\"@context\":\"https:\\\/\\\/schema.org\",\"@graph\":[{\"@type\":\"WebPage\",\"@id\":\"https:\\\/\\\/www.reseau-mesure.com\\\/analyse-de-donnees-multivariees\\\/\",\"url\":\"https:\\\/\\\/www.reseau-mesure.com\\\/analyse-de-donnees-multivariees\\\/\",\"name\":\"Formation - Analyse de donn\u00e9es multivari\u00e9es - R\u00e9seau Mesure\",\"isPartOf\":{\"@id\":\"https:\\\/\\\/www.reseau-mesure.com\\\/#website\"},\"primaryImageOfPage\":{\"@id\":\"https:\\\/\\\/www.reseau-mesure.com\\\/analyse-de-donnees-multivariees\\\/#primaryimage\"},\"image\":{\"@id\":\"https:\\\/\\\/www.reseau-mesure.com\\\/analyse-de-donnees-multivariees\\\/#primaryimage\"},\"thumbnailUrl\":\"https:\\\/\\\/www.reseau-mesure.com\\\/wp-content\\\/uploads\\\/2019\\\/05\\\/logo-NIR-l.png\",\"datePublished\":\"2022-03-08T13:21:50+00:00\",\"dateModified\":\"2022-03-08T13:52:35+00:00\",\"description\":\"La session de formation \u00ab Analyse de donn\u00e9es multivari\u00e9es - Niveau 1 \u00bb est un cours d\u2019introduction g\u00e9n\u00e9rale \u00e0 la chimiom\u00e9trie,\",\"breadcrumb\":{\"@id\":\"https:\\\/\\\/www.reseau-mesure.com\\\/analyse-de-donnees-multivariees\\\/#breadcrumb\"},\"inLanguage\":\"en-US\",\"potentialAction\":[{\"@type\":\"ReadAction\",\"target\":[\"https:\\\/\\\/www.reseau-mesure.com\\\/analyse-de-donnees-multivariees\\\/\"]}]},{\"@type\":\"ImageObject\",\"inLanguage\":\"en-US\",\"@id\":\"https:\\\/\\\/www.reseau-mesure.com\\\/analyse-de-donnees-multivariees\\\/#primaryimage\",\"url\":\"https:\\\/\\\/www.reseau-mesure.com\\\/wp-content\\\/uploads\\\/2019\\\/05\\\/logo-NIR-l.png\",\"contentUrl\":\"https:\\\/\\\/www.reseau-mesure.com\\\/wp-content\\\/uploads\\\/2019\\\/05\\\/logo-NIR-l.png\"},{\"@type\":\"BreadcrumbList\",\"@id\":\"https:\\\/\\\/www.reseau-mesure.com\\\/analyse-de-donnees-multivariees\\\/#breadcrumb\",\"itemListElement\":[{\"@type\":\"ListItem\",\"position\":1,\"name\":\"Accueil\",\"item\":\"https:\\\/\\\/www.reseau-mesure.com\\\/\"},{\"@type\":\"ListItem\",\"position\":2,\"name\":\"Analyse de donn\u00e9es multivari\u00e9es\"}]},{\"@type\":\"WebSite\",\"@id\":\"https:\\\/\\\/www.reseau-mesure.com\\\/#website\",\"url\":\"https:\\\/\\\/www.reseau-mesure.com\\\/\",\"name\":\"R\u00e9seau-Mesure\",\"description\":\"R\u00e9seau Mesure\",\"publisher\":{\"@id\":\"https:\\\/\\\/www.reseau-mesure.com\\\/#organization\"},\"potentialAction\":[{\"@type\":\"SearchAction\",\"target\":{\"@type\":\"EntryPoint\",\"urlTemplate\":\"https:\\\/\\\/www.reseau-mesure.com\\\/?s={search_term_string}\"},\"query-input\":{\"@type\":\"PropertyValueSpecification\",\"valueRequired\":true,\"valueName\":\"search_term_string\"}}],\"inLanguage\":\"en-US\"},{\"@type\":\"Organization\",\"@id\":\"https:\\\/\\\/www.reseau-mesure.com\\\/#organization\",\"name\":\"R\u00e9seau-Mesure\",\"url\":\"https:\\\/\\\/www.reseau-mesure.com\\\/\",\"logo\":{\"@type\":\"ImageObject\",\"inLanguage\":\"en-US\",\"@id\":\"https:\\\/\\\/www.reseau-mesure.com\\\/#\\\/schema\\\/logo\\\/image\\\/\",\"url\":\"https:\\\/\\\/www.reseau-mesure.com\\\/wp-content\\\/uploads\\\/2018\\\/02\\\/logo-max.png\",\"contentUrl\":\"https:\\\/\\\/www.reseau-mesure.com\\\/wp-content\\\/uploads\\\/2018\\\/02\\\/logo-max.png\",\"width\":545,\"height\":285,\"caption\":\"R\u00e9seau-Mesure\"},\"image\":{\"@id\":\"https:\\\/\\\/www.reseau-mesure.com\\\/#\\\/schema\\\/logo\\\/image\\\/\"},\"sameAs\":[\"https:\\\/\\\/www.facebook.com\\\/reseaumesure\\\/\",\"https:\\\/\\\/x.com\\\/ReseauMesure\",\"https:\\\/\\\/www.linkedin.com\\\/company\\\/reseau-mesure\\\/\"]}]}<\/script>\n<!-- \/ Yoast SEO plugin. -->","yoast_head_json":{"title":"Formation - Analyse de donn\u00e9es multivari\u00e9es - R\u00e9seau Mesure","description":"La session de formation \u00ab Analyse de donn\u00e9es multivari\u00e9es - Niveau 1 \u00bb est un cours d\u2019introduction g\u00e9n\u00e9rale \u00e0 la chimiom\u00e9trie,","robots":{"index":"index","follow":"follow","max-snippet":"max-snippet:-1","max-image-preview":"max-image-preview:large","max-video-preview":"max-video-preview:-1"},"canonical":"https:\/\/www.reseau-mesure.com\/en\/analyse-de-donnees-multivariees\/","og_locale":"en_US","og_type":"article","og_title":"Formation - Analyse de donn\u00e9es multivari\u00e9es - R\u00e9seau Mesure","og_description":"La session de formation \u00ab Analyse de donn\u00e9es multivari\u00e9es - Niveau 1 \u00bb est un cours d\u2019introduction g\u00e9n\u00e9rale \u00e0 la chimiom\u00e9trie,","og_url":"https:\/\/www.reseau-mesure.com\/en\/analyse-de-donnees-multivariees\/","og_site_name":"R\u00e9seau Mesure","article_publisher":"https:\/\/www.facebook.com\/reseaumesure\/","article_modified_time":"2022-03-08T13:52:35+00:00","og_image":[{"url":"https:\/\/www.reseau-mesure.com\/wp-content\/uploads\/2019\/05\/logo-NIR-l.png","type":"","width":"","height":""}],"twitter_card":"summary_large_image","twitter_site":"@ReseauMesure","twitter_misc":{"Est. reading time":"1 minute"},"schema":{"@context":"https:\/\/schema.org","@graph":[{"@type":"WebPage","@id":"https:\/\/www.reseau-mesure.com\/analyse-de-donnees-multivariees\/","url":"https:\/\/www.reseau-mesure.com\/analyse-de-donnees-multivariees\/","name":"Formation - Analyse de donn\u00e9es multivari\u00e9es - R\u00e9seau Mesure","isPartOf":{"@id":"https:\/\/www.reseau-mesure.com\/#website"},"primaryImageOfPage":{"@id":"https:\/\/www.reseau-mesure.com\/analyse-de-donnees-multivariees\/#primaryimage"},"image":{"@id":"https:\/\/www.reseau-mesure.com\/analyse-de-donnees-multivariees\/#primaryimage"},"thumbnailUrl":"https:\/\/www.reseau-mesure.com\/wp-content\/uploads\/2019\/05\/logo-NIR-l.png","datePublished":"2022-03-08T13:21:50+00:00","dateModified":"2022-03-08T13:52:35+00:00","description":"La session de formation \u00ab Analyse de donn\u00e9es multivari\u00e9es - Niveau 1 \u00bb est un cours d\u2019introduction g\u00e9n\u00e9rale \u00e0 la chimiom\u00e9trie,","breadcrumb":{"@id":"https:\/\/www.reseau-mesure.com\/analyse-de-donnees-multivariees\/#breadcrumb"},"inLanguage":"en-US","potentialAction":[{"@type":"ReadAction","target":["https:\/\/www.reseau-mesure.com\/analyse-de-donnees-multivariees\/"]}]},{"@type":"ImageObject","inLanguage":"en-US","@id":"https:\/\/www.reseau-mesure.com\/analyse-de-donnees-multivariees\/#primaryimage","url":"https:\/\/www.reseau-mesure.com\/wp-content\/uploads\/2019\/05\/logo-NIR-l.png","contentUrl":"https:\/\/www.reseau-mesure.com\/wp-content\/uploads\/2019\/05\/logo-NIR-l.png"},{"@type":"BreadcrumbList","@id":"https:\/\/www.reseau-mesure.com\/analyse-de-donnees-multivariees\/#breadcrumb","itemListElement":[{"@type":"ListItem","position":1,"name":"Accueil","item":"https:\/\/www.reseau-mesure.com\/"},{"@type":"ListItem","position":2,"name":"Analyse de donn\u00e9es multivari\u00e9es"}]},{"@type":"WebSite","@id":"https:\/\/www.reseau-mesure.com\/#website","url":"https:\/\/www.reseau-mesure.com\/","name":"R\u00e9seau-Mesure","description":"Network Measure","publisher":{"@id":"https:\/\/www.reseau-mesure.com\/#organization"},"potentialAction":[{"@type":"SearchAction","target":{"@type":"EntryPoint","urlTemplate":"https:\/\/www.reseau-mesure.com\/?s={search_term_string}"},"query-input":{"@type":"PropertyValueSpecification","valueRequired":true,"valueName":"search_term_string"}}],"inLanguage":"en-US"},{"@type":"Organization","@id":"https:\/\/www.reseau-mesure.com\/#organization","name":"R\u00e9seau-Mesure","url":"https:\/\/www.reseau-mesure.com\/","logo":{"@type":"ImageObject","inLanguage":"en-US","@id":"https:\/\/www.reseau-mesure.com\/#\/schema\/logo\/image\/","url":"https:\/\/www.reseau-mesure.com\/wp-content\/uploads\/2018\/02\/logo-max.png","contentUrl":"https:\/\/www.reseau-mesure.com\/wp-content\/uploads\/2018\/02\/logo-max.png","width":545,"height":285,"caption":"R\u00e9seau-Mesure"},"image":{"@id":"https:\/\/www.reseau-mesure.com\/#\/schema\/logo\/image\/"},"sameAs":["https:\/\/www.facebook.com\/reseaumesure\/","https:\/\/x.com\/ReseauMesure","https:\/\/www.linkedin.com\/company\/reseau-mesure\/"]}]}},"_links":{"self":[{"href":"https:\/\/www.reseau-mesure.com\/en\/wp-json\/wp\/v2\/pages\/16337","targetHints":{"allow":["GET"]}}],"collection":[{"href":"https:\/\/www.reseau-mesure.com\/en\/wp-json\/wp\/v2\/pages"}],"about":[{"href":"https:\/\/www.reseau-mesure.com\/en\/wp-json\/wp\/v2\/types\/page"}],"author":[{"embeddable":true,"href":"https:\/\/www.reseau-mesure.com\/en\/wp-json\/wp\/v2\/users\/349"}],"replies":[{"embeddable":true,"href":"https:\/\/www.reseau-mesure.com\/en\/wp-json\/wp\/v2\/comments?post=16337"}],"version-history":[{"count":0,"href":"https:\/\/www.reseau-mesure.com\/en\/wp-json\/wp\/v2\/pages\/16337\/revisions"}],"wp:attachment":[{"href":"https:\/\/www.reseau-mesure.com\/en\/wp-json\/wp\/v2\/media?parent=16337"}],"curies":[{"name":"wp","href":"https:\/\/api.w.org\/{rel}","templated":true}]}}