{"id":16370,"date":"2022-03-09T17:38:49","date_gmt":"2022-03-09T16:38:49","guid":{"rendered":"https:\/\/www.reseau-mesure.com\/?page_id=16370"},"modified":"2022-05-10T11:28:56","modified_gmt":"2022-05-10T09:28:56","slug":"reseau-mesure-express-10-mars-2022","status":"publish","type":"page","link":"https:\/\/www.reseau-mesure.com\/en\/reseau-mesure-express-10-mars-2022\/","title":{"rendered":"Network Measurement Express-20220310"},"content":{"rendered":"<img loading=\"lazy\" decoding=\"async\" src=\"https:\/\/www.reseau-mesure.com\/wp-content\/uploads\/2020\/07\/20ku.jpeg\" alt=\"R\u00e9seau Mesure Express\" itemprop=\"image\" height=\"300\" width=\"970\" title=\"Express Measurement Network Header\" onerror=\"this.style.display='none'\">\n<h1>\n\t\tExpress Measurement Network March 10, 2022\n\t<\/h1>\n<h2>\n\t\t<a href=\"https:\/\/www.reseau-mesure.com\/en\/le-reseau-mesure-2\/\" title=\"10.03.2022\" target=\"_blank\" rel=\"noopener\">\n\t\t10.03.2022\n\t\t<\/a>\n\t<\/h2>\n\t<h3><strong>A network for its members, through its members<\/strong><\/h3>\n\t<p>R\u00e9seau Mesure Express 10 mars 2022 : les adh\u00e9rents peuvent retrouver l&rsquo;actualit\u00e9 de l&rsquo;association dans R\u00e9seau Mesure Express.<\/p>\n<p>The next dates not to be missed.<\/p>\n<h2>\n\t\t<a href=\"https:\/\/www.lmdindustrie.com\/\" title=\"Be a player in training and facilitate recruitment\" target=\"_blank\" rel=\"noopener\">\n\t\tBe a player in training and facilitate recruitment\n\t\t<\/a>\n\t<\/h2>\n\t<h2>The next meetings of the training groups<\/h2>\n\t<p>&nbsp;<\/p>\n<strong>Development is often linked to the quality of resources and the ability to adapt to a constantly changing environment.<br>\n<\/strong>\nUn groupe de travail d\u00e9di\u00e9 \u00e0 la formation s&rsquo;est constitu\u00e9 et a donn\u00e9 lieu \u00e0 la cr\u00e9ation de 3 sous-groupes :\n<ul>\n<li><b>L&rsquo;enregistrement des formations au Registre Sp\u00e9cifique<\/b>, in order to work together with the members who so wish on the necessary steps.\n<ul>\n<li>Next meeting on <strong>Thursday, March 31 from 10:00 a.m. to 12:00 p.m. by video<\/strong> &#8211; contact : Claire Onfray &#8211; confray@reseau-mesure.com<\/li>\n<\/ul>\n<\/li>\n<li><strong>Training for members of the Measurement Network<\/strong> &#8211; th\u00e8mes et choix des prestataires.\n<ul>\n<li>Next meeting on <strong>Wednesday, April 6 from 10:00 a.m. to 11:30 a.m. by video<\/strong> &#8211; contact : Estelle Duflot &#8211; eduflot@reseau-mesure.com<\/li>\n<\/ul>\n<\/li>\n<li>Work group<strong>&nbsp; \u201cRelations with schools\u201d training <\/strong>\n<ul>\n<li>La sensibilisation d&rsquo;un jeune public aux opportunit\u00e9s des m\u00e9tiers de la mesure.<\/li>\n<li>Facilitate recruitment for members of the Measurement Network.<\/li>\n<li>Next meeting on <strong>Tuesday, April 19 from 11 a.m. to 12:30 p.m. by video<\/strong> &#8211; contact : Estelle Duflot &#8211; eduflot@reseau-mesure.com<\/li>\n<\/ul>\n<\/li>\n<\/ul>\n\t\t\t\t<a href=\"https:\/\/www.lmdindustrie.com\/\" target=\"_blank\" rel=\"noopener\" itemprop=\"url\">\n\t\t\t\t<img loading=\"lazy\" decoding=\"async\" src=\"https:\/\/www.reseau-mesure.com\/wp-content\/uploads\/2019\/10\/formation-web.jpeg\" alt=\"Formation\" itemprop=\"image\" height=\"4036\" width=\"7952\" title=\"training\" onerror=\"this.style.display='none'\">\n\t\t\t\t<\/a>\n\t<p>&nbsp;<\/p>\n<p><strong>Recruter, accompagner, fid\u00e9liser &#8230;<\/strong><\/p>\n<p><strong>Benefits for better performance<\/strong><\/p>\n<h2>\n\t\t<a href=\"https:\/\/www.reseau-mesure.com\/en\/communication\/\" title=\"Communication\" target=\"_blank\" rel=\"noopener\">\n\t\tCommunication\n\t\t<\/a>\n\t<\/h2>\n\t\t\t\t<a href=\"https:\/\/www.reseau-mesure.com\/en\/la-formation-2022\/\" target=\"_blank\" rel=\"noopener\" itemprop=\"url\">\n\t\t\t\t<img loading=\"lazy\" decoding=\"async\" src=\"https:\/\/www.reseau-mesure.com\/wp-content\/uploads\/2018\/01\/reseau.jpg\" alt=\"Adh\u00e9rer au R\u00e9seau Mesure\" itemprop=\"image\" height=\"266\" width=\"400\" title=\"Join the Measurement Network\" onerror=\"this.style.display='none'\">\n\t\t\t\t<\/a>\n\t<p>&nbsp;<\/p>\n<p><strong>The next deadlines for your free communications:<\/strong><\/p>\n<ul>\n<li><strong>CEM<\/strong> 79 (mai) &#8211; Remise des \u00e9l\u00e9ments r\u00e9dactionnels le : <strong>March 25, 2022<\/strong><\/li>\n<li>Diffusez vos nouveaut\u00e9s aupr\u00e8s des contacts d&rsquo;<strong>&quot;&nbsp;<u>INDUSTRIES AREAS<\/u><\/strong><em><u>&nbsp;<\/u><\/em><strong>\u00bb&nbsp; : 4 avril 2022<\/strong>\n<ul>\n<li>contact : Claire Onfray &#8211; confray@reseau-mesure.com<\/li>\n<\/ul>\n<\/li>\n<\/ul>\n<p>A <b>Visio workshop dedicated to Measurement World<\/b><\/p>\n<ul>\n<li>The <strong>Thursday, March 17 from 11 a.m. to 12:30 p.m. by video<\/strong> &#8211; contact : Estelle Duflot &#8211; eduflot@reseau-mesure.com<\/li>\n<\/ul>\n<ul>\n<li>\n<ul>\n<li>Presentation of the show<\/li>\n<li>Highlights<\/li>\n<li>Les Actions propres \u00e0 l&rsquo;univers de la Mesure<\/li>\n<li>Exhibitor services (including MyGI)<\/li>\n<\/ul>\n<\/li>\n<\/ul>\n<p><b>La prochaine r\u00e9union du groupe \u00ab\u00a0Communication Digitale\u00a0\u00bb<\/b><\/p>\n<ul>\n<li>The <strong>Tuesday, April 5 from 10:00 a.m. to 12:00 p.m. by video<\/strong> &#8211; contact : Estelle Duflot &#8211; eduflot@reseau-mesure.com\n<ul>\n<li>Retour d&rsquo;exp\u00e9rience relatif \u00e0 des \u00e9v\u00e8nements pr\u00e9sentiel\/distanciel<\/li>\n<li>Lettres d&rsquo;information digitales &#8211; format \/ r\u00e9gularit\u00e9 \/ cibles<\/li>\n<li>Magazines institutionnels &#8211; Positionnement Print\/Digital &#8211; Digitalisation des communications presse\n<ul>\n<li>Tout digital&nbsp;?<\/li>\n<li>Tout papier&nbsp;?<\/li>\n<li>Mixte&nbsp;?<\/li>\n<\/ul>\n<\/li>\n<\/ul>\n<\/li>\n<\/ul>\n<h2>\n\t\t<a href=\"https:\/\/www.reseau-mesure.com\/en\/achats-mutualises\/\" title=\"Discovery workshop Haxon\u00e9o and Place of employees\" target=\"_blank\" rel=\"noopener\">\n\t\tDiscovery workshop Haxon\u00e9o and Place of employees\n\t\t<\/a>\n\t<\/h2>\n<p><strong>Reduce your costs, and simplify your purchases with Haxon\u00e9o\u2026<\/strong><\/p>\n<p>Environnement de bureau &#8211; emballages &#8211; maintenance et entretient des locaux &#8211; v\u00e9hicules et transports \u2026<\/p>\n<strong>Time saving<\/strong><br>\nA single multi-supplier ordering platform for all your purchases\n<strong>Purchasing control<\/strong><br>\nmonitoring of purchases made, management of favorites lists and of your various users\n<strong>Multiplied choice<\/strong><br>\nover 200,000 products and services from over 70 categories and 100 suppliers\n<p><strong>Place of employees<\/strong><\/p>\n<p>Grace au partenariat avec le R\u00e9seau Mesure, vous pouvez acc\u00e9der&nbsp;aux services de \u00ab&nbsp;Place des salari\u00e9s&nbsp;\u00bb.<\/p>\n<p><b>Offer your employees the same advantages as the works councils of large groups.&nbsp;<\/b><\/p>\n<ul>\n<li>more purchasing power<\/li>\n<li>more motivation<\/li>\n<li>more simplicity<\/li>\n<\/ul>\n<p><strong>Discounts on: hotels, leisure, holiday clubs, major sports brands, ready to wear\u2026.<\/strong><\/p>\n<a href=\"https:\/\/www.reseau-mesure.com\/en\/haxoneo\/\">Find all the actions offered by our partner HAXONEO.<\/a>\n\t<p>&nbsp;<\/p>\n<p>&nbsp;<\/p>\n<p>&nbsp;<\/p>\n<p>&nbsp;<\/p>\n<ul>\n<li>Discovery workshop on <strong>Thursday, April 7 at 2:30 p.m. in video.<\/strong>\n<ul>\n<li>Contact : Estelle Duflot &#8211; eduflot@reseau-mesure.com<\/li>\n<\/ul>\n<\/li>\n<\/ul>\n\t\t\t\t<a href=\"https:\/\/www.reseau-mesure.com\/en\/communication\/\" target=\"_blank\" rel=\"noopener\" itemprop=\"url\">\n\t\t\t\t<img loading=\"lazy\" decoding=\"async\" src=\"https:\/\/www.reseau-mesure.com\/wp-content\/uploads\/2019\/04\/HAXONEO-taille-web.jpg\" alt=\"HAXONEO taille web\" itemprop=\"image\" height=\"91\" width=\"320\" title=\"HAXONEO web size\" onerror=\"this.style.display='none'\">\n\t\t\t\t<\/a>\n\t\t\t\t<a href=\"https:\/\/www.reseau-mesure.com\/en\/communication\/\" target=\"_blank\" rel=\"noopener\" itemprop=\"url\">\n\t\t\t\t<img loading=\"lazy\" decoding=\"async\" src=\"https:\/\/www.reseau-mesure.com\/wp-content\/uploads\/2018\/01\/placedessalaries.png\" alt=\"PLACEDESSALARIES.COM\" itemprop=\"image\" height=\"84\" width=\"296\" title=\"placedessalaries\" onerror=\"this.style.display='none'\">\n\t\t\t\t<\/a>\n\t\t\t<a href=\"https:\/\/www.reseau-mesure.com\/en\/evenements\/\" target=\"_self\" role=\"button\" rel=\"noopener\">\n\t\t\t\t\t\t\tThe complete agenda of the Measurement Network\n\t\t\t\t\t<\/a>\n\t\t\t\t<a href=\"https:\/\/www.reseau-mesure.com\/en\/evenements\/\" target=\"_blank\" rel=\"noopener\" itemprop=\"url\">\n\t\t\t\t<img loading=\"lazy\" decoding=\"async\" src=\"https:\/\/www.reseau-mesure.com\/wp-content\/uploads\/2020\/08\/Plan-de-travail-3niveau.png\" alt=\"R\u00e9seau Mesure Express Actualites\" itemprop=\"image\" height=\"3665\" width=\"5520\" title=\"Express Measurement Network News\" onerror=\"this.style.display='none'\">\n\t\t\t\t<\/a>\n\t<h2><strong>Workshops and working groups for members<\/strong><\/h2>\n\t<h1>A venir &#8230;.<\/h1>\n<ul>\n<li>group meeting <strong>shopping<\/strong> the<strong> Tuesday, April 12 at 5:00 p.m. by video and in Cergy<\/strong>.<\/li>\n<li>group meeting<strong> living rooms<\/strong> the <strong>Thursday, April 21 at 10:30 a.m. by video<\/strong>.<\/li>\n<li>Workshop dedicated to <strong>protection de l&rsquo;information sensible \u00e0 l&rsquo;air du num\u00e9rique<\/strong> the <strong>Friday April 22 at 11 a.m. in Eragny<\/strong>.<\/li>\n<li>Workshop dedicated to <strong>business development in the Maghreb<\/strong>&nbsp; &#8211; Alg\u00e9rie &#8211; Maroc &#8211; Tunisie le <strong>Wednesday, April 27 at 11:00 a.m. in video.<\/strong><\/li>\n<\/ul>\n\t<h2>R\u00e9seau Mesure Express: news about the association&#039;s action plan<\/h2>\n<h1>\n\t\t<a href=\"https:\/\/www.reseau-mesure.com\/en\/\" title=\"Express Measurement Network March 10, 2022\" target=\"_blank\" rel=\"noopener\">\n\t\tExpress Measurement Network March 10, 2022\n\t\t<\/a>\n\t<\/h1>","protected":false},"excerpt":{"rendered":"<p>R\u00e9seau Mesure Express March 10, 2022 10.03.2022 A network for its members, by its members R\u00e9seau Mesure Express March 10, 2022: members can find the association&#039;s news in R\u00e9seau Mesure Express. The next dates not to be missed. Be a player in training and facilitate recruitment The next meetings of the training groups\u2026<\/p>","protected":false},"author":720,"featured_media":0,"parent":0,"menu_order":0,"comment_status":"closed","ping_status":"closed","template":"","meta":{"_acf_changed":false,"footnotes":""},"class_list":["post-16370","page","type-page","status-publish","hentry"],"acf":[],"yoast_head":"<!-- This site is optimized with the Yoast SEO plugin v27.5 - https:\/\/yoast.com\/product\/yoast-seo-wordpress\/ -->\n<title>R\u00e9seau Mesure Express 10 mars 2022 - R\u00e9seau Mesure<\/title>\n<meta name=\"description\" content=\"R\u00e9seau Mesure Express 10 mars 2022. Les prochaines dates \u00e0 ne pas omettre. Groupes de travail et ateliers th\u00e9matiques.\" \/>\n<meta name=\"robots\" content=\"index, follow, max-snippet:-1, max-image-preview:large, max-video-preview:-1\" \/>\n<link rel=\"canonical\" href=\"https:\/\/www.reseau-mesure.com\/en\/reseau-mesure-express-10-mars-2022\/\" \/>\n<meta property=\"og:locale\" content=\"en_US\" \/>\n<meta property=\"og:type\" content=\"article\" \/>\n<meta property=\"og:title\" content=\"R\u00e9seau Mesure Express 10 mars 2022 - R\u00e9seau Mesure\" \/>\n<meta property=\"og:description\" content=\"R\u00e9seau Mesure Express 10 mars 2022. Les prochaines dates \u00e0 ne pas omettre. Groupes de travail et ateliers th\u00e9matiques.\" \/>\n<meta property=\"og:url\" content=\"https:\/\/www.reseau-mesure.com\/en\/reseau-mesure-express-10-mars-2022\/\" \/>\n<meta property=\"og:site_name\" content=\"R\u00e9seau Mesure\" \/>\n<meta property=\"article:publisher\" content=\"https:\/\/www.facebook.com\/reseaumesure\/\" \/>\n<meta property=\"article:modified_time\" content=\"2022-05-10T09:28:56+00:00\" \/>\n<meta property=\"og:image\" content=\"https:\/\/www.reseau-mesure.com\/wp-content\/uploads\/2020\/07\/20ku.jpeg\" \/>\n<meta name=\"twitter:card\" content=\"summary_large_image\" \/>\n<meta name=\"twitter:site\" content=\"@ReseauMesure\" \/>\n<meta name=\"twitter:label1\" content=\"Est. reading time\" \/>\n\t<meta name=\"twitter:data1\" content=\"4 minutes\" \/>\n<script type=\"application\/ld+json\" class=\"yoast-schema-graph\">{\"@context\":\"https:\\\/\\\/schema.org\",\"@graph\":[{\"@type\":\"WebPage\",\"@id\":\"https:\\\/\\\/www.reseau-mesure.com\\\/reseau-mesure-express-10-mars-2022\\\/\",\"url\":\"https:\\\/\\\/www.reseau-mesure.com\\\/reseau-mesure-express-10-mars-2022\\\/\",\"name\":\"R\u00e9seau Mesure Express 10 mars 2022 - R\u00e9seau Mesure\",\"isPartOf\":{\"@id\":\"https:\\\/\\\/www.reseau-mesure.com\\\/#website\"},\"primaryImageOfPage\":{\"@id\":\"https:\\\/\\\/www.reseau-mesure.com\\\/reseau-mesure-express-10-mars-2022\\\/#primaryimage\"},\"image\":{\"@id\":\"https:\\\/\\\/www.reseau-mesure.com\\\/reseau-mesure-express-10-mars-2022\\\/#primaryimage\"},\"thumbnailUrl\":\"https:\\\/\\\/www.reseau-mesure.com\\\/wp-content\\\/uploads\\\/2020\\\/07\\\/20ku.jpeg\",\"datePublished\":\"2022-03-09T16:38:49+00:00\",\"dateModified\":\"2022-05-10T09:28:56+00:00\",\"description\":\"R\u00e9seau Mesure Express 10 mars 2022. Les prochaines dates \u00e0 ne pas omettre. Groupes de travail et ateliers th\u00e9matiques.\",\"breadcrumb\":{\"@id\":\"https:\\\/\\\/www.reseau-mesure.com\\\/reseau-mesure-express-10-mars-2022\\\/#breadcrumb\"},\"inLanguage\":\"en-US\",\"potentialAction\":[{\"@type\":\"ReadAction\",\"target\":[\"https:\\\/\\\/www.reseau-mesure.com\\\/reseau-mesure-express-10-mars-2022\\\/\"]}]},{\"@type\":\"ImageObject\",\"inLanguage\":\"en-US\",\"@id\":\"https:\\\/\\\/www.reseau-mesure.com\\\/reseau-mesure-express-10-mars-2022\\\/#primaryimage\",\"url\":\"https:\\\/\\\/www.reseau-mesure.com\\\/wp-content\\\/uploads\\\/2020\\\/07\\\/20ku.jpeg\",\"contentUrl\":\"https:\\\/\\\/www.reseau-mesure.com\\\/wp-content\\\/uploads\\\/2020\\\/07\\\/20ku.jpeg\"},{\"@type\":\"BreadcrumbList\",\"@id\":\"https:\\\/\\\/www.reseau-mesure.com\\\/reseau-mesure-express-10-mars-2022\\\/#breadcrumb\",\"itemListElement\":[{\"@type\":\"ListItem\",\"position\":1,\"name\":\"Accueil\",\"item\":\"https:\\\/\\\/www.reseau-mesure.com\\\/\"},{\"@type\":\"ListItem\",\"position\":2,\"name\":\"R\u00e9seau Mesure Express-20220310\"}]},{\"@type\":\"WebSite\",\"@id\":\"https:\\\/\\\/www.reseau-mesure.com\\\/#website\",\"url\":\"https:\\\/\\\/www.reseau-mesure.com\\\/\",\"name\":\"R\u00e9seau-Mesure\",\"description\":\"R\u00e9seau Mesure\",\"publisher\":{\"@id\":\"https:\\\/\\\/www.reseau-mesure.com\\\/#organization\"},\"potentialAction\":[{\"@type\":\"SearchAction\",\"target\":{\"@type\":\"EntryPoint\",\"urlTemplate\":\"https:\\\/\\\/www.reseau-mesure.com\\\/?s={search_term_string}\"},\"query-input\":{\"@type\":\"PropertyValueSpecification\",\"valueRequired\":true,\"valueName\":\"search_term_string\"}}],\"inLanguage\":\"en-US\"},{\"@type\":\"Organization\",\"@id\":\"https:\\\/\\\/www.reseau-mesure.com\\\/#organization\",\"name\":\"R\u00e9seau-Mesure\",\"url\":\"https:\\\/\\\/www.reseau-mesure.com\\\/\",\"logo\":{\"@type\":\"ImageObject\",\"inLanguage\":\"en-US\",\"@id\":\"https:\\\/\\\/www.reseau-mesure.com\\\/#\\\/schema\\\/logo\\\/image\\\/\",\"url\":\"https:\\\/\\\/www.reseau-mesure.com\\\/wp-content\\\/uploads\\\/2018\\\/02\\\/logo-max.png\",\"contentUrl\":\"https:\\\/\\\/www.reseau-mesure.com\\\/wp-content\\\/uploads\\\/2018\\\/02\\\/logo-max.png\",\"width\":545,\"height\":285,\"caption\":\"R\u00e9seau-Mesure\"},\"image\":{\"@id\":\"https:\\\/\\\/www.reseau-mesure.com\\\/#\\\/schema\\\/logo\\\/image\\\/\"},\"sameAs\":[\"https:\\\/\\\/www.facebook.com\\\/reseaumesure\\\/\",\"https:\\\/\\\/x.com\\\/ReseauMesure\",\"https:\\\/\\\/www.linkedin.com\\\/company\\\/reseau-mesure\\\/\"]}]}<\/script>\n<!-- \/ Yoast SEO plugin. -->","yoast_head_json":{"title":"R\u00e9seau Mesure Express 10 mars 2022 - R\u00e9seau Mesure","description":"R\u00e9seau Mesure Express 10 mars 2022. Les prochaines dates \u00e0 ne pas omettre. Groupes de travail et ateliers th\u00e9matiques.","robots":{"index":"index","follow":"follow","max-snippet":"max-snippet:-1","max-image-preview":"max-image-preview:large","max-video-preview":"max-video-preview:-1"},"canonical":"https:\/\/www.reseau-mesure.com\/en\/reseau-mesure-express-10-mars-2022\/","og_locale":"en_US","og_type":"article","og_title":"R\u00e9seau Mesure Express 10 mars 2022 - R\u00e9seau Mesure","og_description":"R\u00e9seau Mesure Express 10 mars 2022. Les prochaines dates \u00e0 ne pas omettre. Groupes de travail et ateliers th\u00e9matiques.","og_url":"https:\/\/www.reseau-mesure.com\/en\/reseau-mesure-express-10-mars-2022\/","og_site_name":"R\u00e9seau Mesure","article_publisher":"https:\/\/www.facebook.com\/reseaumesure\/","article_modified_time":"2022-05-10T09:28:56+00:00","og_image":[{"url":"https:\/\/www.reseau-mesure.com\/wp-content\/uploads\/2020\/07\/20ku.jpeg","type":"","width":"","height":""}],"twitter_card":"summary_large_image","twitter_site":"@ReseauMesure","twitter_misc":{"Est. reading time":"4 minutes"},"schema":{"@context":"https:\/\/schema.org","@graph":[{"@type":"WebPage","@id":"https:\/\/www.reseau-mesure.com\/reseau-mesure-express-10-mars-2022\/","url":"https:\/\/www.reseau-mesure.com\/reseau-mesure-express-10-mars-2022\/","name":"R\u00e9seau Mesure Express 10 mars 2022 - R\u00e9seau Mesure","isPartOf":{"@id":"https:\/\/www.reseau-mesure.com\/#website"},"primaryImageOfPage":{"@id":"https:\/\/www.reseau-mesure.com\/reseau-mesure-express-10-mars-2022\/#primaryimage"},"image":{"@id":"https:\/\/www.reseau-mesure.com\/reseau-mesure-express-10-mars-2022\/#primaryimage"},"thumbnailUrl":"https:\/\/www.reseau-mesure.com\/wp-content\/uploads\/2020\/07\/20ku.jpeg","datePublished":"2022-03-09T16:38:49+00:00","dateModified":"2022-05-10T09:28:56+00:00","description":"R\u00e9seau Mesure Express 10 mars 2022. Les prochaines dates \u00e0 ne pas omettre. Groupes de travail et ateliers th\u00e9matiques.","breadcrumb":{"@id":"https:\/\/www.reseau-mesure.com\/reseau-mesure-express-10-mars-2022\/#breadcrumb"},"inLanguage":"en-US","potentialAction":[{"@type":"ReadAction","target":["https:\/\/www.reseau-mesure.com\/reseau-mesure-express-10-mars-2022\/"]}]},{"@type":"ImageObject","inLanguage":"en-US","@id":"https:\/\/www.reseau-mesure.com\/reseau-mesure-express-10-mars-2022\/#primaryimage","url":"https:\/\/www.reseau-mesure.com\/wp-content\/uploads\/2020\/07\/20ku.jpeg","contentUrl":"https:\/\/www.reseau-mesure.com\/wp-content\/uploads\/2020\/07\/20ku.jpeg"},{"@type":"BreadcrumbList","@id":"https:\/\/www.reseau-mesure.com\/reseau-mesure-express-10-mars-2022\/#breadcrumb","itemListElement":[{"@type":"ListItem","position":1,"name":"Accueil","item":"https:\/\/www.reseau-mesure.com\/"},{"@type":"ListItem","position":2,"name":"R\u00e9seau Mesure Express-20220310"}]},{"@type":"WebSite","@id":"https:\/\/www.reseau-mesure.com\/#website","url":"https:\/\/www.reseau-mesure.com\/","name":"R\u00e9seau-Mesure","description":"Network Measure","publisher":{"@id":"https:\/\/www.reseau-mesure.com\/#organization"},"potentialAction":[{"@type":"SearchAction","target":{"@type":"EntryPoint","urlTemplate":"https:\/\/www.reseau-mesure.com\/?s={search_term_string}"},"query-input":{"@type":"PropertyValueSpecification","valueRequired":true,"valueName":"search_term_string"}}],"inLanguage":"en-US"},{"@type":"Organization","@id":"https:\/\/www.reseau-mesure.com\/#organization","name":"R\u00e9seau-Mesure","url":"https:\/\/www.reseau-mesure.com\/","logo":{"@type":"ImageObject","inLanguage":"en-US","@id":"https:\/\/www.reseau-mesure.com\/#\/schema\/logo\/image\/","url":"https:\/\/www.reseau-mesure.com\/wp-content\/uploads\/2018\/02\/logo-max.png","contentUrl":"https:\/\/www.reseau-mesure.com\/wp-content\/uploads\/2018\/02\/logo-max.png","width":545,"height":285,"caption":"R\u00e9seau-Mesure"},"image":{"@id":"https:\/\/www.reseau-mesure.com\/#\/schema\/logo\/image\/"},"sameAs":["https:\/\/www.facebook.com\/reseaumesure\/","https:\/\/x.com\/ReseauMesure","https:\/\/www.linkedin.com\/company\/reseau-mesure\/"]}]}},"_links":{"self":[{"href":"https:\/\/www.reseau-mesure.com\/en\/wp-json\/wp\/v2\/pages\/16370","targetHints":{"allow":["GET"]}}],"collection":[{"href":"https:\/\/www.reseau-mesure.com\/en\/wp-json\/wp\/v2\/pages"}],"about":[{"href":"https:\/\/www.reseau-mesure.com\/en\/wp-json\/wp\/v2\/types\/page"}],"author":[{"embeddable":true,"href":"https:\/\/www.reseau-mesure.com\/en\/wp-json\/wp\/v2\/users\/720"}],"replies":[{"embeddable":true,"href":"https:\/\/www.reseau-mesure.com\/en\/wp-json\/wp\/v2\/comments?post=16370"}],"version-history":[{"count":0,"href":"https:\/\/www.reseau-mesure.com\/en\/wp-json\/wp\/v2\/pages\/16370\/revisions"}],"wp:attachment":[{"href":"https:\/\/www.reseau-mesure.com\/en\/wp-json\/wp\/v2\/media?parent=16370"}],"curies":[{"name":"wp","href":"https:\/\/api.w.org\/{rel}","templated":true}]}}