{"id":16451,"date":"2022-03-17T12:03:56","date_gmt":"2022-03-17T11:03:56","guid":{"rendered":"https:\/\/www.reseau-mesure.com\/?page_id=16451"},"modified":"2024-04-10T13:03:35","modified_gmt":"2024-04-10T11:03:35","slug":"calypso-eurotek","status":"publish","type":"page","link":"https:\/\/www.reseau-mesure.com\/en\/calypso-eurotek\/","title":{"rendered":"CALYPSO \u2013 Eurotek"},"content":{"rendered":"<a href=\"https:\/\/eurotek-france.fr\/\" target=\"_blank\" rel=\"noopener\" itemprop=\"url\">\n\t\t\t\t<img loading=\"lazy\" decoding=\"async\" src=\"https:\/\/www.reseau-mesure.com\/wp-content\/uploads\/2018\/03\/EUROTEK.jpg\" alt=\"EUROTEK.jpg\" itemprop=\"image\" height=\"329\" width=\"952\" title=\"EUROTEK.jpg\" onerror=\"this.style.display='none'\"  \/>\n\t\t\t\t<\/a>\n\t<p>&nbsp;<\/p>\n<p><b>CALYPSO<\/b><\/p>\n\t<p>&nbsp;<\/p>\n<table width=\"100%\">\n<tbody>\n<tr>\n<td><strong>This training is intended for any metrologist who wishes to be autonomous to carry out a dimensional control and to exploit the measurements carried out on a Three-Dimensional Measuring Machine.<\/strong>\n<p>The training will be provided by <a href=\"https:\/\/www.reseau-mesure.com\/en\/adherent\/eurotek\/\">EUROTEK<\/a>, specialist in the field of three-dimensional metrology.<\/p>\n<p><b>R\u00e9seau Mesure is referenced as a QUALIOPI certified training center allowing support by your OPCO.<\/b><\/p>\n<p><strong>Number of trainees per session:<\/strong> training exclusive to a company.<\/p>\n<strong>2022 assessments<\/strong>: 2 stagiaires &#8211; <em>moyenne bas\u00e9e sur l&rsquo;atteinte des objectifs, la p\u00e9dagogie et l&rsquo;organisation<\/em>:\u00a0  <em>16,50\/20<br \/>\n<\/em><strong>Evaluations 2024<\/strong>: 3 stagiaires &#8211;\u00a0 <em>moyenne bas\u00e9e sur l&rsquo;atteinte des objectifs, la p\u00e9dagogie et l&rsquo;organisation<\/em>:<em>\u00a0 <\/em><em> 19,40\/20 &#8211; atteinte des objectifs:\u00a0 \u00a020\/20<\/em>\n<p><strong>The training dates are to be defined with the trainer from Eurotek.\u00a0<\/strong><\/p>\n<strong>The program can be modified according to the needs of the company.<\/strong><\/td>\n<\/tr>\n<tr>\n\n<\/tr>\n<\/tbody>\n<\/table>\n\t\t\t<a href=\"https:\/\/www.reseau-mesure.com\/wp-content\/uploads\/2022\/03\/2022-presentation-Calpyso-eurotek-v1.pdf\" target=\"_blank\" rel=\"noopener\">\n\t\t\t\t\t\t\tpresentation\n\t\t\t\t\t<\/a>\n\t\t\t<a href=\"https:\/\/www.reseau-mesure.com\/wp-content\/uploads\/2022\/03\/2022-programme-Calypso_5j-eurotek-v1.pdf\" target=\"_blank\" rel=\"noopener\">\n\t\t\t\t\t\t\tProgram Type\n\t\t\t\t\t<\/a>\n\t\t\t<a href=\"mailto:m.tregaro@eurotek-france.com\" target=\"_blank\" rel=\"noopener\">\n\t\t\t\t\t\t\tSubscription request\n\t\t\t\t\t<\/a>","protected":false},"excerpt":{"rendered":"<p>&nbsp; CALYPSO &nbsp; Cette formation s&rsquo;adresse \u00e0 tout m\u00e9trologue qui souhaite \u00eatre autonome pour r\u00e9aliser un contr\u00f4le dimensionnel et exploiter les mesures r\u00e9alis\u00e9es sur Machine \u00e0 Mesurer Tridimensionnelle. La formation sera assur\u00e9e par EUROTEK, sp\u00e9cialiste\u00a0dans le domaine de la m\u00e9trologie tridimensionnelle. R\u00e9seau Mesure est r\u00e9f\u00e9renc\u00e9 centre de formation certifi\u00e9 QUALIOPI permettant une prise en charge&hellip;<\/p>","protected":false},"author":349,"featured_media":0,"parent":0,"menu_order":0,"comment_status":"closed","ping_status":"closed","template":"","meta":{"_acf_changed":false,"footnotes":""},"class_list":["post-16451","page","type-page","status-publish","hentry"],"acf":[],"yoast_head":"<!-- This site is optimized with the Yoast SEO plugin v27.4 - https:\/\/yoast.com\/product\/yoast-seo-wordpress\/ -->\n<title>Formation - CALYPSO - Eurotek - R\u00e9seau Mesure<\/title>\n<meta name=\"description\" content=\"Formation calypso Eurotek pour r\u00e9aliser un contr\u00f4le dimensionnel et exploiter les mesures r\u00e9alis\u00e9es sur Machine \u00e0 Mesurer Tridimensionnelle.\" \/>\n<meta name=\"robots\" content=\"index, follow, max-snippet:-1, max-image-preview:large, max-video-preview:-1\" \/>\n<link rel=\"canonical\" href=\"https:\/\/www.reseau-mesure.com\/en\/calypso-eurotek\/\" \/>\n<meta property=\"og:locale\" content=\"en_US\" \/>\n<meta property=\"og:type\" content=\"article\" \/>\n<meta property=\"og:title\" content=\"Formation - CALYPSO - Eurotek - R\u00e9seau Mesure\" \/>\n<meta property=\"og:description\" content=\"Formation calypso Eurotek pour r\u00e9aliser un contr\u00f4le dimensionnel et exploiter les mesures r\u00e9alis\u00e9es sur Machine \u00e0 Mesurer Tridimensionnelle.\" \/>\n<meta property=\"og:url\" content=\"https:\/\/www.reseau-mesure.com\/en\/calypso-eurotek\/\" \/>\n<meta property=\"og:site_name\" content=\"R\u00e9seau Mesure\" \/>\n<meta property=\"article:publisher\" content=\"https:\/\/www.facebook.com\/reseaumesure\/\" \/>\n<meta property=\"article:modified_time\" content=\"2024-04-10T11:03:35+00:00\" \/>\n<meta property=\"og:image\" content=\"https:\/\/www.reseau-mesure.com\/wp-content\/uploads\/2018\/03\/EUROTEK.jpg\" \/>\n<meta name=\"twitter:card\" content=\"summary_large_image\" \/>\n<meta name=\"twitter:site\" content=\"@ReseauMesure\" \/>\n<meta name=\"twitter:label1\" content=\"Est. reading time\" \/>\n\t<meta name=\"twitter:data1\" content=\"1 minute\" \/>\n<script type=\"application\/ld+json\" class=\"yoast-schema-graph\">{\"@context\":\"https:\\\/\\\/schema.org\",\"@graph\":[{\"@type\":\"WebPage\",\"@id\":\"https:\\\/\\\/www.reseau-mesure.com\\\/calypso-eurotek\\\/\",\"url\":\"https:\\\/\\\/www.reseau-mesure.com\\\/calypso-eurotek\\\/\",\"name\":\"Formation - CALYPSO - Eurotek - R\u00e9seau Mesure\",\"isPartOf\":{\"@id\":\"https:\\\/\\\/www.reseau-mesure.com\\\/#website\"},\"primaryImageOfPage\":{\"@id\":\"https:\\\/\\\/www.reseau-mesure.com\\\/calypso-eurotek\\\/#primaryimage\"},\"image\":{\"@id\":\"https:\\\/\\\/www.reseau-mesure.com\\\/calypso-eurotek\\\/#primaryimage\"},\"thumbnailUrl\":\"https:\\\/\\\/www.reseau-mesure.com\\\/wp-content\\\/uploads\\\/2018\\\/03\\\/EUROTEK.jpg\",\"datePublished\":\"2022-03-17T11:03:56+00:00\",\"dateModified\":\"2024-04-10T11:03:35+00:00\",\"description\":\"Formation calypso Eurotek pour r\u00e9aliser un contr\u00f4le dimensionnel et exploiter les mesures r\u00e9alis\u00e9es sur Machine \u00e0 Mesurer Tridimensionnelle.\",\"breadcrumb\":{\"@id\":\"https:\\\/\\\/www.reseau-mesure.com\\\/calypso-eurotek\\\/#breadcrumb\"},\"inLanguage\":\"en-US\",\"potentialAction\":[{\"@type\":\"ReadAction\",\"target\":[\"https:\\\/\\\/www.reseau-mesure.com\\\/calypso-eurotek\\\/\"]}]},{\"@type\":\"ImageObject\",\"inLanguage\":\"en-US\",\"@id\":\"https:\\\/\\\/www.reseau-mesure.com\\\/calypso-eurotek\\\/#primaryimage\",\"url\":\"https:\\\/\\\/www.reseau-mesure.com\\\/wp-content\\\/uploads\\\/2018\\\/03\\\/EUROTEK.jpg\",\"contentUrl\":\"https:\\\/\\\/www.reseau-mesure.com\\\/wp-content\\\/uploads\\\/2018\\\/03\\\/EUROTEK.jpg\"},{\"@type\":\"BreadcrumbList\",\"@id\":\"https:\\\/\\\/www.reseau-mesure.com\\\/calypso-eurotek\\\/#breadcrumb\",\"itemListElement\":[{\"@type\":\"ListItem\",\"position\":1,\"name\":\"Accueil\",\"item\":\"https:\\\/\\\/www.reseau-mesure.com\\\/\"},{\"@type\":\"ListItem\",\"position\":2,\"name\":\"CALYPSO &#8211; Eurotek\"}]},{\"@type\":\"WebSite\",\"@id\":\"https:\\\/\\\/www.reseau-mesure.com\\\/#website\",\"url\":\"https:\\\/\\\/www.reseau-mesure.com\\\/\",\"name\":\"R\u00e9seau-Mesure\",\"description\":\"R\u00e9seau Mesure\",\"publisher\":{\"@id\":\"https:\\\/\\\/www.reseau-mesure.com\\\/#organization\"},\"potentialAction\":[{\"@type\":\"SearchAction\",\"target\":{\"@type\":\"EntryPoint\",\"urlTemplate\":\"https:\\\/\\\/www.reseau-mesure.com\\\/?s={search_term_string}\"},\"query-input\":{\"@type\":\"PropertyValueSpecification\",\"valueRequired\":true,\"valueName\":\"search_term_string\"}}],\"inLanguage\":\"en-US\"},{\"@type\":\"Organization\",\"@id\":\"https:\\\/\\\/www.reseau-mesure.com\\\/#organization\",\"name\":\"R\u00e9seau-Mesure\",\"url\":\"https:\\\/\\\/www.reseau-mesure.com\\\/\",\"logo\":{\"@type\":\"ImageObject\",\"inLanguage\":\"en-US\",\"@id\":\"https:\\\/\\\/www.reseau-mesure.com\\\/#\\\/schema\\\/logo\\\/image\\\/\",\"url\":\"https:\\\/\\\/www.reseau-mesure.com\\\/wp-content\\\/uploads\\\/2018\\\/02\\\/logo-max.png\",\"contentUrl\":\"https:\\\/\\\/www.reseau-mesure.com\\\/wp-content\\\/uploads\\\/2018\\\/02\\\/logo-max.png\",\"width\":545,\"height\":285,\"caption\":\"R\u00e9seau-Mesure\"},\"image\":{\"@id\":\"https:\\\/\\\/www.reseau-mesure.com\\\/#\\\/schema\\\/logo\\\/image\\\/\"},\"sameAs\":[\"https:\\\/\\\/www.facebook.com\\\/reseaumesure\\\/\",\"https:\\\/\\\/x.com\\\/ReseauMesure\",\"https:\\\/\\\/www.linkedin.com\\\/company\\\/reseau-mesure\\\/\"]}]}<\/script>\n<!-- \/ Yoast SEO plugin. -->","yoast_head_json":{"title":"Formation - CALYPSO - Eurotek - R\u00e9seau Mesure","description":"Formation calypso Eurotek pour r\u00e9aliser un contr\u00f4le dimensionnel et exploiter les mesures r\u00e9alis\u00e9es sur Machine \u00e0 Mesurer Tridimensionnelle.","robots":{"index":"index","follow":"follow","max-snippet":"max-snippet:-1","max-image-preview":"max-image-preview:large","max-video-preview":"max-video-preview:-1"},"canonical":"https:\/\/www.reseau-mesure.com\/en\/calypso-eurotek\/","og_locale":"en_US","og_type":"article","og_title":"Formation - CALYPSO - Eurotek - R\u00e9seau Mesure","og_description":"Formation calypso Eurotek pour r\u00e9aliser un contr\u00f4le dimensionnel et exploiter les mesures r\u00e9alis\u00e9es sur Machine \u00e0 Mesurer Tridimensionnelle.","og_url":"https:\/\/www.reseau-mesure.com\/en\/calypso-eurotek\/","og_site_name":"R\u00e9seau Mesure","article_publisher":"https:\/\/www.facebook.com\/reseaumesure\/","article_modified_time":"2024-04-10T11:03:35+00:00","og_image":[{"url":"https:\/\/www.reseau-mesure.com\/wp-content\/uploads\/2018\/03\/EUROTEK.jpg","type":"","width":"","height":""}],"twitter_card":"summary_large_image","twitter_site":"@ReseauMesure","twitter_misc":{"Est. reading time":"1 minute"},"schema":{"@context":"https:\/\/schema.org","@graph":[{"@type":"WebPage","@id":"https:\/\/www.reseau-mesure.com\/calypso-eurotek\/","url":"https:\/\/www.reseau-mesure.com\/calypso-eurotek\/","name":"Formation - CALYPSO - Eurotek - R\u00e9seau Mesure","isPartOf":{"@id":"https:\/\/www.reseau-mesure.com\/#website"},"primaryImageOfPage":{"@id":"https:\/\/www.reseau-mesure.com\/calypso-eurotek\/#primaryimage"},"image":{"@id":"https:\/\/www.reseau-mesure.com\/calypso-eurotek\/#primaryimage"},"thumbnailUrl":"https:\/\/www.reseau-mesure.com\/wp-content\/uploads\/2018\/03\/EUROTEK.jpg","datePublished":"2022-03-17T11:03:56+00:00","dateModified":"2024-04-10T11:03:35+00:00","description":"Formation calypso Eurotek pour r\u00e9aliser un contr\u00f4le dimensionnel et exploiter les mesures r\u00e9alis\u00e9es sur Machine \u00e0 Mesurer Tridimensionnelle.","breadcrumb":{"@id":"https:\/\/www.reseau-mesure.com\/calypso-eurotek\/#breadcrumb"},"inLanguage":"en-US","potentialAction":[{"@type":"ReadAction","target":["https:\/\/www.reseau-mesure.com\/calypso-eurotek\/"]}]},{"@type":"ImageObject","inLanguage":"en-US","@id":"https:\/\/www.reseau-mesure.com\/calypso-eurotek\/#primaryimage","url":"https:\/\/www.reseau-mesure.com\/wp-content\/uploads\/2018\/03\/EUROTEK.jpg","contentUrl":"https:\/\/www.reseau-mesure.com\/wp-content\/uploads\/2018\/03\/EUROTEK.jpg"},{"@type":"BreadcrumbList","@id":"https:\/\/www.reseau-mesure.com\/calypso-eurotek\/#breadcrumb","itemListElement":[{"@type":"ListItem","position":1,"name":"Accueil","item":"https:\/\/www.reseau-mesure.com\/"},{"@type":"ListItem","position":2,"name":"CALYPSO &#8211; Eurotek"}]},{"@type":"WebSite","@id":"https:\/\/www.reseau-mesure.com\/#website","url":"https:\/\/www.reseau-mesure.com\/","name":"R\u00e9seau-Mesure","description":"Network Measure","publisher":{"@id":"https:\/\/www.reseau-mesure.com\/#organization"},"potentialAction":[{"@type":"SearchAction","target":{"@type":"EntryPoint","urlTemplate":"https:\/\/www.reseau-mesure.com\/?s={search_term_string}"},"query-input":{"@type":"PropertyValueSpecification","valueRequired":true,"valueName":"search_term_string"}}],"inLanguage":"en-US"},{"@type":"Organization","@id":"https:\/\/www.reseau-mesure.com\/#organization","name":"R\u00e9seau-Mesure","url":"https:\/\/www.reseau-mesure.com\/","logo":{"@type":"ImageObject","inLanguage":"en-US","@id":"https:\/\/www.reseau-mesure.com\/#\/schema\/logo\/image\/","url":"https:\/\/www.reseau-mesure.com\/wp-content\/uploads\/2018\/02\/logo-max.png","contentUrl":"https:\/\/www.reseau-mesure.com\/wp-content\/uploads\/2018\/02\/logo-max.png","width":545,"height":285,"caption":"R\u00e9seau-Mesure"},"image":{"@id":"https:\/\/www.reseau-mesure.com\/#\/schema\/logo\/image\/"},"sameAs":["https:\/\/www.facebook.com\/reseaumesure\/","https:\/\/x.com\/ReseauMesure","https:\/\/www.linkedin.com\/company\/reseau-mesure\/"]}]}},"_links":{"self":[{"href":"https:\/\/www.reseau-mesure.com\/en\/wp-json\/wp\/v2\/pages\/16451","targetHints":{"allow":["GET"]}}],"collection":[{"href":"https:\/\/www.reseau-mesure.com\/en\/wp-json\/wp\/v2\/pages"}],"about":[{"href":"https:\/\/www.reseau-mesure.com\/en\/wp-json\/wp\/v2\/types\/page"}],"author":[{"embeddable":true,"href":"https:\/\/www.reseau-mesure.com\/en\/wp-json\/wp\/v2\/users\/349"}],"replies":[{"embeddable":true,"href":"https:\/\/www.reseau-mesure.com\/en\/wp-json\/wp\/v2\/comments?post=16451"}],"version-history":[{"count":0,"href":"https:\/\/www.reseau-mesure.com\/en\/wp-json\/wp\/v2\/pages\/16451\/revisions"}],"wp:attachment":[{"href":"https:\/\/www.reseau-mesure.com\/en\/wp-json\/wp\/v2\/media?parent=16451"}],"curies":[{"name":"wp","href":"https:\/\/api.w.org\/{rel}","templated":true}]}}