{"id":16557,"date":"2022-03-25T17:28:55","date_gmt":"2022-03-25T16:28:55","guid":{"rendered":"https:\/\/www.reseau-mesure.com\/?page_id=16557"},"modified":"2026-04-07T18:32:25","modified_gmt":"2026-04-07T16:32:25","slug":"linkedin-organiser-sa-veille-et-bien-publier","status":"publish","type":"page","link":"https:\/\/www.reseau-mesure.com\/en\/linkedin-organiser-sa-veille-et-bien-publier\/","title":{"rendered":"LinkedIn: Organize your watch and publish well."},"content":{"rendered":"<figure itemscope itemtype=\"https:\/\/schema.org\/ImageObject\">\n\t\t\t\t<img decoding=\"async\" src=\"https:\/\/www.reseau-mesure.com\/wp-content\/uploads\/2020\/12\/linkedin.png\" alt=\"logo linkedin pour formation\" height=\"168\" width=\"300\" title=\"linkedin\" onerror=\"this.style.display='none'\" loading=\"lazy\" \/>\n\t<\/figure>\n\t<p>&nbsp;<\/p>\n<p><strong><em>E-training<\/em><\/strong><\/p>\n<figure itemscope itemtype=\"https:\/\/schema.org\/ImageObject\">\n\t\t\t\t<img decoding=\"async\" src=\"https:\/\/www.reseau-mesure.com\/wp-content\/uploads\/2020\/12\/laptop-150x150.png\" alt=\"laptop\" height=\"150\" width=\"150\" title=\"laptop\" onerror=\"this.style.display='none'\" loading=\"lazy\" \/>\n\t<\/figure>\n\t<p>&nbsp;<\/p>\n<p><b>LinkedIn\u00a0: Organiser sa veille et bien publier\u00a0<\/b><\/p>\n\t<p>A 3-hour remote module, an interactive training <strong>to discover good practices for publishing well and the different ways of organizing your monitoring<\/strong><b>\u00a0on LinkedIn.<\/b><\/p>\n<table width=\"100%\">\n<tbody>\n<tr>\n<td>\n<ul>\n<li>know the different ways to organize your monitoring on Linkedin<\/li>\n<li>master the techniques to optimize your page and develop the community of this same page<\/li>\n<li>discover best practices for publishing well on your page and\/or profile<\/li>\n<li>know how to set up a relevant content strategy for your page.<\/li>\n<\/ul>\n<p>The training will be provided by G. Mancel, partner of the Measurement Network and LinkedIn specialist.<\/p>\n<p><b>R\u00e9seau Mesure is a Qualiopi certified training center allowing support from your OPCO.<\/b><\/p>\n<p><strong>Number of trainees per session:<\/strong>\u00a0 minimum 4 pers. \/ max 5 people<\/p>\n<p>Next session: <a href=\"https:\/\/www.reseau-mesure.com\/en\/la-formation-rm\/\" target=\"_blank\" rel=\"noopener\">consultez le planning<\/a> &#8211; Nous planifions les dates en fonction de vos demandes, alors n&rsquo;h\u00e9sitez pas \u00e0 <a href=\"mailto:confray@reseau-mesure.com\">Contact us<\/a> !\u00a0<\/p>\n<strong>E<em>valuation 2022<\/em><\/strong><em> : 21 participants\u00a0 &#8211; moyenne bas\u00e9e sur l&rsquo;atteinte des objectifs, la p\u00e9dagogie et l&rsquo;organisation :\u00a0 18.2\/20\u00a0<\/em><br \/>\n<em><strong>Assessment 2023<\/strong> : 8 participants &#8211; moyenne bas\u00e9e sur l&rsquo;atteinte des objectifs, la p\u00e9dagogie et l&rsquo;organisation:\u00a0 19.2\/20<br \/>\n<strong>Evaluation 2025<\/strong> : 4 participants &#8211; moyenne bas\u00e9e sur l&rsquo;atteinte des objectifs, la p\u00e9dagogie et l&rsquo;organisation:\u00a0 9\/10\u00a0 &#8211; Atteinte des objectifs :\u00a0 9.8\/10<br \/>\n<strong>Evaluation 2026<\/strong> : 2 participants &#8211; moyenne bas\u00e9e sur l&rsquo;atteinte des objectifs, la p\u00e9dagogie et l&rsquo;organisation:\u00a0 9.1\/10\u00a0 &#8211; Atteinte des objectifs :\u00a0 9\/10<br \/>\n<\/em><\/td>\n<\/tr>\n<tr>\n\n<\/tr>\n<tr>\n\n<\/tr>\n<\/tbody>\n<\/table>\n\t\t\t<a href=\"https:\/\/www.reseau-mesure.com\/wp-content\/uploads\/2025\/11\/2026-Linkedin-organiser-sa-veille-bien-publier-presentation.pdf\"  target=\"_blank\" rel=\"noopener\">\n\t\t\t\t\t\t\tpresentation\n\t\t\t\t\t<\/a>\n\t\t\t<a href=\"https:\/\/www.reseau-mesure.com\/wp-content\/uploads\/2025\/11\/2025-linkedin-organiser-sa-veille-programme.pdf\"  target=\"_blank\" rel=\"noopener\">\n\t\t\t\t\t\t\tProgram\n\t\t\t\t\t<\/a>\n\t\t\t<a href=\"mailto:confray@reseau-mesure.com\"  target=\"_blank\" rel=\"noopener\">\n\t\t\t\t\t\t\tSubscription request\n\t\t\t\t\t<\/a>","protected":false},"excerpt":{"rendered":"<p>&nbsp; E-formation &nbsp; LinkedIn\u00a0: Organiser sa veille et bien publier\u00a0 Un module de 3h en distanciel, une formation interactive pour d\u00e9couvrir les bonnes pratiques pour bien publier et les diff\u00e9rentes fa\u00e7ons d&rsquo;organiser sa veille\u00a0sur LinkedIn. connaitre les diff\u00e9rentes facons d&rsquo;organiser sa veille sur Linkedin maitriser les techniques pour optimiser sa page et d\u00e9velopper la communaut\u00e9&hellip;<\/p>","protected":false},"author":349,"featured_media":0,"parent":0,"menu_order":0,"comment_status":"closed","ping_status":"closed","template":"","meta":{"_acf_changed":false,"footnotes":""},"class_list":["post-16557","page","type-page","status-publish","hentry"],"acf":[],"yoast_head":"<!-- This site is optimized with the Yoast SEO plugin v27.3 - https:\/\/yoast.com\/product\/yoast-seo-wordpress\/ -->\n<title>Formation - LinkedIn: Organiser sa veille et bien publier. - R\u00e9seau Mesure<\/title>\n<meta name=\"description\" content=\"LinkedIn: Organiser sa veille et bien publier. Utilisez les r\u00e9seaux sociaux pour se faire connaitre et valoriser votre entreprise.\" \/>\n<meta name=\"robots\" content=\"index, follow, max-snippet:-1, max-image-preview:large, max-video-preview:-1\" \/>\n<link rel=\"canonical\" href=\"https:\/\/www.reseau-mesure.com\/en\/linkedin-organiser-sa-veille-et-bien-publier\/\" \/>\n<meta property=\"og:locale\" content=\"en_US\" \/>\n<meta property=\"og:type\" content=\"article\" \/>\n<meta property=\"og:title\" content=\"Formation - LinkedIn: Organiser sa veille et bien publier. - R\u00e9seau Mesure\" \/>\n<meta property=\"og:description\" content=\"LinkedIn: Organiser sa veille et bien publier. Utilisez les r\u00e9seaux sociaux pour se faire connaitre et valoriser votre entreprise.\" \/>\n<meta property=\"og:url\" content=\"https:\/\/www.reseau-mesure.com\/en\/linkedin-organiser-sa-veille-et-bien-publier\/\" \/>\n<meta property=\"og:site_name\" content=\"R\u00e9seau Mesure\" \/>\n<meta property=\"article:publisher\" content=\"https:\/\/www.facebook.com\/reseaumesure\/\" \/>\n<meta property=\"article:modified_time\" content=\"2026-04-07T16:32:25+00:00\" \/>\n<meta property=\"og:image\" content=\"https:\/\/www.reseau-mesure.com\/wp-content\/uploads\/2020\/12\/linkedin.png\" \/>\n<meta name=\"twitter:card\" content=\"summary_large_image\" \/>\n<meta name=\"twitter:site\" content=\"@ReseauMesure\" \/>\n<meta name=\"twitter:label1\" content=\"Est. reading time\" \/>\n\t<meta name=\"twitter:data1\" content=\"1 minute\" \/>\n<script type=\"application\/ld+json\" class=\"yoast-schema-graph\">{\"@context\":\"https:\\\/\\\/schema.org\",\"@graph\":[{\"@type\":\"WebPage\",\"@id\":\"https:\\\/\\\/www.reseau-mesure.com\\\/linkedin-organiser-sa-veille-et-bien-publier\\\/\",\"url\":\"https:\\\/\\\/www.reseau-mesure.com\\\/linkedin-organiser-sa-veille-et-bien-publier\\\/\",\"name\":\"Formation - LinkedIn: Organiser sa veille et bien publier. - R\u00e9seau Mesure\",\"isPartOf\":{\"@id\":\"https:\\\/\\\/www.reseau-mesure.com\\\/#website\"},\"primaryImageOfPage\":{\"@id\":\"https:\\\/\\\/www.reseau-mesure.com\\\/linkedin-organiser-sa-veille-et-bien-publier\\\/#primaryimage\"},\"image\":{\"@id\":\"https:\\\/\\\/www.reseau-mesure.com\\\/linkedin-organiser-sa-veille-et-bien-publier\\\/#primaryimage\"},\"thumbnailUrl\":\"https:\\\/\\\/www.reseau-mesure.com\\\/wp-content\\\/uploads\\\/2020\\\/12\\\/linkedin.png\",\"datePublished\":\"2022-03-25T16:28:55+00:00\",\"dateModified\":\"2026-04-07T16:32:25+00:00\",\"description\":\"LinkedIn: Organiser sa veille et bien publier. Utilisez les r\u00e9seaux sociaux pour se faire connaitre et valoriser votre entreprise.\",\"breadcrumb\":{\"@id\":\"https:\\\/\\\/www.reseau-mesure.com\\\/linkedin-organiser-sa-veille-et-bien-publier\\\/#breadcrumb\"},\"inLanguage\":\"en-US\",\"potentialAction\":[{\"@type\":\"ReadAction\",\"target\":[\"https:\\\/\\\/www.reseau-mesure.com\\\/linkedin-organiser-sa-veille-et-bien-publier\\\/\"]}]},{\"@type\":\"ImageObject\",\"inLanguage\":\"en-US\",\"@id\":\"https:\\\/\\\/www.reseau-mesure.com\\\/linkedin-organiser-sa-veille-et-bien-publier\\\/#primaryimage\",\"url\":\"https:\\\/\\\/www.reseau-mesure.com\\\/wp-content\\\/uploads\\\/2020\\\/12\\\/linkedin.png\",\"contentUrl\":\"https:\\\/\\\/www.reseau-mesure.com\\\/wp-content\\\/uploads\\\/2020\\\/12\\\/linkedin.png\"},{\"@type\":\"BreadcrumbList\",\"@id\":\"https:\\\/\\\/www.reseau-mesure.com\\\/linkedin-organiser-sa-veille-et-bien-publier\\\/#breadcrumb\",\"itemListElement\":[{\"@type\":\"ListItem\",\"position\":1,\"name\":\"Accueil\",\"item\":\"https:\\\/\\\/www.reseau-mesure.com\\\/\"},{\"@type\":\"ListItem\",\"position\":2,\"name\":\"LinkedIn: Organiser sa veille et bien publier.\"}]},{\"@type\":\"WebSite\",\"@id\":\"https:\\\/\\\/www.reseau-mesure.com\\\/#website\",\"url\":\"https:\\\/\\\/www.reseau-mesure.com\\\/\",\"name\":\"R\u00e9seau-Mesure\",\"description\":\"R\u00e9seau Mesure\",\"publisher\":{\"@id\":\"https:\\\/\\\/www.reseau-mesure.com\\\/#organization\"},\"potentialAction\":[{\"@type\":\"SearchAction\",\"target\":{\"@type\":\"EntryPoint\",\"urlTemplate\":\"https:\\\/\\\/www.reseau-mesure.com\\\/?s={search_term_string}\"},\"query-input\":{\"@type\":\"PropertyValueSpecification\",\"valueRequired\":true,\"valueName\":\"search_term_string\"}}],\"inLanguage\":\"en-US\"},{\"@type\":\"Organization\",\"@id\":\"https:\\\/\\\/www.reseau-mesure.com\\\/#organization\",\"name\":\"R\u00e9seau-Mesure\",\"url\":\"https:\\\/\\\/www.reseau-mesure.com\\\/\",\"logo\":{\"@type\":\"ImageObject\",\"inLanguage\":\"en-US\",\"@id\":\"https:\\\/\\\/www.reseau-mesure.com\\\/#\\\/schema\\\/logo\\\/image\\\/\",\"url\":\"https:\\\/\\\/www.reseau-mesure.com\\\/wp-content\\\/uploads\\\/2018\\\/02\\\/logo-max.png\",\"contentUrl\":\"https:\\\/\\\/www.reseau-mesure.com\\\/wp-content\\\/uploads\\\/2018\\\/02\\\/logo-max.png\",\"width\":545,\"height\":285,\"caption\":\"R\u00e9seau-Mesure\"},\"image\":{\"@id\":\"https:\\\/\\\/www.reseau-mesure.com\\\/#\\\/schema\\\/logo\\\/image\\\/\"},\"sameAs\":[\"https:\\\/\\\/www.facebook.com\\\/reseaumesure\\\/\",\"https:\\\/\\\/x.com\\\/ReseauMesure\",\"https:\\\/\\\/www.linkedin.com\\\/company\\\/reseau-mesure\\\/\"]}]}<\/script>\n<!-- \/ Yoast SEO plugin. -->","yoast_head_json":{"title":"Formation - LinkedIn: Organiser sa veille et bien publier. - R\u00e9seau Mesure","description":"LinkedIn: Organiser sa veille et bien publier. Utilisez les r\u00e9seaux sociaux pour se faire connaitre et valoriser votre entreprise.","robots":{"index":"index","follow":"follow","max-snippet":"max-snippet:-1","max-image-preview":"max-image-preview:large","max-video-preview":"max-video-preview:-1"},"canonical":"https:\/\/www.reseau-mesure.com\/en\/linkedin-organiser-sa-veille-et-bien-publier\/","og_locale":"en_US","og_type":"article","og_title":"Formation - LinkedIn: Organiser sa veille et bien publier. - R\u00e9seau Mesure","og_description":"LinkedIn: Organiser sa veille et bien publier. Utilisez les r\u00e9seaux sociaux pour se faire connaitre et valoriser votre entreprise.","og_url":"https:\/\/www.reseau-mesure.com\/en\/linkedin-organiser-sa-veille-et-bien-publier\/","og_site_name":"R\u00e9seau Mesure","article_publisher":"https:\/\/www.facebook.com\/reseaumesure\/","article_modified_time":"2026-04-07T16:32:25+00:00","og_image":[{"url":"https:\/\/www.reseau-mesure.com\/wp-content\/uploads\/2020\/12\/linkedin.png","type":"","width":"","height":""}],"twitter_card":"summary_large_image","twitter_site":"@ReseauMesure","twitter_misc":{"Est. reading time":"1 minute"},"schema":{"@context":"https:\/\/schema.org","@graph":[{"@type":"WebPage","@id":"https:\/\/www.reseau-mesure.com\/linkedin-organiser-sa-veille-et-bien-publier\/","url":"https:\/\/www.reseau-mesure.com\/linkedin-organiser-sa-veille-et-bien-publier\/","name":"Formation - LinkedIn: Organiser sa veille et bien publier. - R\u00e9seau Mesure","isPartOf":{"@id":"https:\/\/www.reseau-mesure.com\/#website"},"primaryImageOfPage":{"@id":"https:\/\/www.reseau-mesure.com\/linkedin-organiser-sa-veille-et-bien-publier\/#primaryimage"},"image":{"@id":"https:\/\/www.reseau-mesure.com\/linkedin-organiser-sa-veille-et-bien-publier\/#primaryimage"},"thumbnailUrl":"https:\/\/www.reseau-mesure.com\/wp-content\/uploads\/2020\/12\/linkedin.png","datePublished":"2022-03-25T16:28:55+00:00","dateModified":"2026-04-07T16:32:25+00:00","description":"LinkedIn: Organiser sa veille et bien publier. Utilisez les r\u00e9seaux sociaux pour se faire connaitre et valoriser votre entreprise.","breadcrumb":{"@id":"https:\/\/www.reseau-mesure.com\/linkedin-organiser-sa-veille-et-bien-publier\/#breadcrumb"},"inLanguage":"en-US","potentialAction":[{"@type":"ReadAction","target":["https:\/\/www.reseau-mesure.com\/linkedin-organiser-sa-veille-et-bien-publier\/"]}]},{"@type":"ImageObject","inLanguage":"en-US","@id":"https:\/\/www.reseau-mesure.com\/linkedin-organiser-sa-veille-et-bien-publier\/#primaryimage","url":"https:\/\/www.reseau-mesure.com\/wp-content\/uploads\/2020\/12\/linkedin.png","contentUrl":"https:\/\/www.reseau-mesure.com\/wp-content\/uploads\/2020\/12\/linkedin.png"},{"@type":"BreadcrumbList","@id":"https:\/\/www.reseau-mesure.com\/linkedin-organiser-sa-veille-et-bien-publier\/#breadcrumb","itemListElement":[{"@type":"ListItem","position":1,"name":"Accueil","item":"https:\/\/www.reseau-mesure.com\/"},{"@type":"ListItem","position":2,"name":"LinkedIn: Organiser sa veille et bien publier."}]},{"@type":"WebSite","@id":"https:\/\/www.reseau-mesure.com\/#website","url":"https:\/\/www.reseau-mesure.com\/","name":"R\u00e9seau-Mesure","description":"Network Measure","publisher":{"@id":"https:\/\/www.reseau-mesure.com\/#organization"},"potentialAction":[{"@type":"SearchAction","target":{"@type":"EntryPoint","urlTemplate":"https:\/\/www.reseau-mesure.com\/?s={search_term_string}"},"query-input":{"@type":"PropertyValueSpecification","valueRequired":true,"valueName":"search_term_string"}}],"inLanguage":"en-US"},{"@type":"Organization","@id":"https:\/\/www.reseau-mesure.com\/#organization","name":"R\u00e9seau-Mesure","url":"https:\/\/www.reseau-mesure.com\/","logo":{"@type":"ImageObject","inLanguage":"en-US","@id":"https:\/\/www.reseau-mesure.com\/#\/schema\/logo\/image\/","url":"https:\/\/www.reseau-mesure.com\/wp-content\/uploads\/2018\/02\/logo-max.png","contentUrl":"https:\/\/www.reseau-mesure.com\/wp-content\/uploads\/2018\/02\/logo-max.png","width":545,"height":285,"caption":"R\u00e9seau-Mesure"},"image":{"@id":"https:\/\/www.reseau-mesure.com\/#\/schema\/logo\/image\/"},"sameAs":["https:\/\/www.facebook.com\/reseaumesure\/","https:\/\/x.com\/ReseauMesure","https:\/\/www.linkedin.com\/company\/reseau-mesure\/"]}]}},"_links":{"self":[{"href":"https:\/\/www.reseau-mesure.com\/en\/wp-json\/wp\/v2\/pages\/16557","targetHints":{"allow":["GET"]}}],"collection":[{"href":"https:\/\/www.reseau-mesure.com\/en\/wp-json\/wp\/v2\/pages"}],"about":[{"href":"https:\/\/www.reseau-mesure.com\/en\/wp-json\/wp\/v2\/types\/page"}],"author":[{"embeddable":true,"href":"https:\/\/www.reseau-mesure.com\/en\/wp-json\/wp\/v2\/users\/349"}],"replies":[{"embeddable":true,"href":"https:\/\/www.reseau-mesure.com\/en\/wp-json\/wp\/v2\/comments?post=16557"}],"version-history":[{"count":1,"href":"https:\/\/www.reseau-mesure.com\/en\/wp-json\/wp\/v2\/pages\/16557\/revisions"}],"predecessor-version":[{"id":30596,"href":"https:\/\/www.reseau-mesure.com\/en\/wp-json\/wp\/v2\/pages\/16557\/revisions\/30596"}],"wp:attachment":[{"href":"https:\/\/www.reseau-mesure.com\/en\/wp-json\/wp\/v2\/media?parent=16557"}],"curies":[{"name":"wp","href":"https:\/\/api.w.org\/{rel}","templated":true}]}}