{"id":16894,"date":"2022-05-05T15:54:09","date_gmt":"2022-05-05T13:54:09","guid":{"rendered":"https:\/\/www.reseau-mesure.com\/?page_id=16894"},"modified":"2022-05-05T15:56:52","modified_gmt":"2022-05-05T13:56:52","slug":"formation-opus-ident","status":"publish","type":"page","link":"https:\/\/www.reseau-mesure.com\/en\/formation-opus-ident\/","title":{"rendered":"OPUS Ident-Bruker software training"},"content":{"rendered":"<a href=\"https:\/\/www.bruker.com\/fr\/products-and-solutions\/mr.html\" target=\"_blank\" rel=\"noopener\" itemprop=\"url\">\n\t\t\t\t<img loading=\"lazy\" decoding=\"async\" src=\"https:\/\/www.reseau-mesure.com\/wp-content\/uploads\/2022\/02\/BRUKER-logo_rgb_300dpi-300x160.png\" alt=\"BRUKER logo_rgb_300dpi\" itemprop=\"image\" height=\"160\" width=\"300\" title=\"BRUKER logo_rgb_300dpi\" onerror=\"this.style.display='none'\">\n\t\t\t\t<\/a>\n\t<h1>OPUS IDENT software training<\/h1>\n\t<p><strong>This training is intended for any advanced user of the OPUS software, laboratory manager or quality manager.<\/strong><\/p>\n<p>You have to create new identification libraries or update databases and you want to gain autonomy \u2013 you want to better understand near infrared spectroscopy.<\/p>\n<p>The training will be provided by the company <a href=\"https:\/\/www.reseau-mesure.com\/en\/adherent\/bruker-alicona\/\">bruker<\/a>.<\/p>\n<p><b>R\u00e9seau Mesure is referenced as a QUALIOPI certified training center allowing support by your OPCO.<\/b><\/p>\n<p><strong>Number of trainees per session:<\/strong> training exclusive to a company.<\/p>\n<p><strong>The training dates are to be defined with the trainer from the Bruker company.&nbsp;<\/strong><\/p>\n<p><strong>The program can be modified according to the needs of the company.<\/strong><\/p>\n\t\t\t<a href=\"https:\/\/www.reseau-mesure.com\/wp-content\/uploads\/2022\/05\/2022-presentation-IDENT-v1.pdf\" target=\"_blank\" role=\"button\" rel=\"noopener\">\n\t\t\t\t\t\t\tpresentation\n\t\t\t\t\t<\/a>\n\t\t\t<a href=\"https:\/\/www.reseau-mesure.com\/wp-content\/uploads\/2022\/05\/2022-IDENT-programme-v1.pdf\" target=\"_blank\" role=\"button\" rel=\"noopener\">\n\t\t\t\t\t\t\tProgram Type\n\t\t\t\t\t<\/a>\n\t\t\t<a href=\"mailto:Catherine.Rebier@bruker.com\" target=\"_blank\" role=\"button\" rel=\"noopener\">\n\t\t\t\t\t\t\tSubscription request\n\t\t\t\t\t<\/a>","protected":false},"excerpt":{"rendered":"<p>OPUS IDENT software training This training is intended for any advanced user of the OPUS software, laboratory manager or quality manager. You have to create new identification libraries or update databases and you want to gain autonomy \u2013 you want to better understand near infrared spectroscopy. The\u2026<\/p>","protected":false},"author":720,"featured_media":0,"parent":0,"menu_order":0,"comment_status":"closed","ping_status":"closed","template":"","meta":{"_acf_changed":false,"footnotes":""},"class_list":["post-16894","page","type-page","status-publish","hentry"],"acf":[],"yoast_head":"<!-- This site is optimized with the Yoast SEO plugin v27.4 - https:\/\/yoast.com\/product\/yoast-seo-wordpress\/ -->\n<title>Formation - Formation au logiciel OPUS Ident- Bruker - R\u00e9seau Mesure<\/title>\n<meta name=\"description\" content=\"Formation OPUS, IDENT, pr\u00e9sent\u00e9e par Bruker. 1 journ\u00e9e de 7h de formation pour les utilisateurs avanc\u00e9s du logiciel OPUS.\" \/>\n<meta name=\"robots\" content=\"index, follow, max-snippet:-1, max-image-preview:large, max-video-preview:-1\" \/>\n<link rel=\"canonical\" href=\"https:\/\/www.reseau-mesure.com\/en\/formation-opus-ident\/\" \/>\n<meta property=\"og:locale\" content=\"en_US\" \/>\n<meta property=\"og:type\" content=\"article\" \/>\n<meta property=\"og:title\" content=\"Formation - Formation au logiciel OPUS Ident- Bruker - R\u00e9seau Mesure\" \/>\n<meta property=\"og:description\" content=\"Formation OPUS, IDENT, pr\u00e9sent\u00e9e par Bruker. 1 journ\u00e9e de 7h de formation pour les utilisateurs avanc\u00e9s du logiciel OPUS.\" \/>\n<meta property=\"og:url\" content=\"https:\/\/www.reseau-mesure.com\/en\/formation-opus-ident\/\" \/>\n<meta property=\"og:site_name\" content=\"R\u00e9seau Mesure\" \/>\n<meta property=\"article:publisher\" content=\"https:\/\/www.facebook.com\/reseaumesure\/\" \/>\n<meta property=\"article:modified_time\" content=\"2022-05-05T13:56:52+00:00\" \/>\n<meta property=\"og:image\" content=\"https:\/\/www.reseau-mesure.com\/wp-content\/uploads\/2022\/02\/BRUKER-logo_rgb_300dpi-300x160.png\" \/>\n<meta name=\"twitter:card\" content=\"summary_large_image\" \/>\n<meta name=\"twitter:site\" content=\"@ReseauMesure\" \/>\n<meta name=\"twitter:label1\" content=\"Est. reading time\" \/>\n\t<meta name=\"twitter:data1\" content=\"1 minute\" \/>\n<script type=\"application\/ld+json\" class=\"yoast-schema-graph\">{\"@context\":\"https:\\\/\\\/schema.org\",\"@graph\":[{\"@type\":\"WebPage\",\"@id\":\"https:\\\/\\\/www.reseau-mesure.com\\\/formation-opus-ident\\\/\",\"url\":\"https:\\\/\\\/www.reseau-mesure.com\\\/formation-opus-ident\\\/\",\"name\":\"Formation - Formation au logiciel OPUS Ident- Bruker - R\u00e9seau Mesure\",\"isPartOf\":{\"@id\":\"https:\\\/\\\/www.reseau-mesure.com\\\/#website\"},\"primaryImageOfPage\":{\"@id\":\"https:\\\/\\\/www.reseau-mesure.com\\\/formation-opus-ident\\\/#primaryimage\"},\"image\":{\"@id\":\"https:\\\/\\\/www.reseau-mesure.com\\\/formation-opus-ident\\\/#primaryimage\"},\"thumbnailUrl\":\"https:\\\/\\\/www.reseau-mesure.com\\\/wp-content\\\/uploads\\\/2022\\\/02\\\/BRUKER-logo_rgb_300dpi-300x160.png\",\"datePublished\":\"2022-05-05T13:54:09+00:00\",\"dateModified\":\"2022-05-05T13:56:52+00:00\",\"description\":\"Formation OPUS, IDENT, pr\u00e9sent\u00e9e par Bruker. 1 journ\u00e9e de 7h de formation pour les utilisateurs avanc\u00e9s du logiciel OPUS.\",\"breadcrumb\":{\"@id\":\"https:\\\/\\\/www.reseau-mesure.com\\\/formation-opus-ident\\\/#breadcrumb\"},\"inLanguage\":\"en-US\",\"potentialAction\":[{\"@type\":\"ReadAction\",\"target\":[\"https:\\\/\\\/www.reseau-mesure.com\\\/formation-opus-ident\\\/\"]}]},{\"@type\":\"ImageObject\",\"inLanguage\":\"en-US\",\"@id\":\"https:\\\/\\\/www.reseau-mesure.com\\\/formation-opus-ident\\\/#primaryimage\",\"url\":\"https:\\\/\\\/www.reseau-mesure.com\\\/wp-content\\\/uploads\\\/2022\\\/02\\\/BRUKER-logo_rgb_300dpi-300x160.png\",\"contentUrl\":\"https:\\\/\\\/www.reseau-mesure.com\\\/wp-content\\\/uploads\\\/2022\\\/02\\\/BRUKER-logo_rgb_300dpi-300x160.png\"},{\"@type\":\"BreadcrumbList\",\"@id\":\"https:\\\/\\\/www.reseau-mesure.com\\\/formation-opus-ident\\\/#breadcrumb\",\"itemListElement\":[{\"@type\":\"ListItem\",\"position\":1,\"name\":\"Accueil\",\"item\":\"https:\\\/\\\/www.reseau-mesure.com\\\/\"},{\"@type\":\"ListItem\",\"position\":2,\"name\":\"Formation au logiciel OPUS Ident- Bruker\"}]},{\"@type\":\"WebSite\",\"@id\":\"https:\\\/\\\/www.reseau-mesure.com\\\/#website\",\"url\":\"https:\\\/\\\/www.reseau-mesure.com\\\/\",\"name\":\"R\u00e9seau-Mesure\",\"description\":\"R\u00e9seau Mesure\",\"publisher\":{\"@id\":\"https:\\\/\\\/www.reseau-mesure.com\\\/#organization\"},\"potentialAction\":[{\"@type\":\"SearchAction\",\"target\":{\"@type\":\"EntryPoint\",\"urlTemplate\":\"https:\\\/\\\/www.reseau-mesure.com\\\/?s={search_term_string}\"},\"query-input\":{\"@type\":\"PropertyValueSpecification\",\"valueRequired\":true,\"valueName\":\"search_term_string\"}}],\"inLanguage\":\"en-US\"},{\"@type\":\"Organization\",\"@id\":\"https:\\\/\\\/www.reseau-mesure.com\\\/#organization\",\"name\":\"R\u00e9seau-Mesure\",\"url\":\"https:\\\/\\\/www.reseau-mesure.com\\\/\",\"logo\":{\"@type\":\"ImageObject\",\"inLanguage\":\"en-US\",\"@id\":\"https:\\\/\\\/www.reseau-mesure.com\\\/#\\\/schema\\\/logo\\\/image\\\/\",\"url\":\"https:\\\/\\\/www.reseau-mesure.com\\\/wp-content\\\/uploads\\\/2018\\\/02\\\/logo-max.png\",\"contentUrl\":\"https:\\\/\\\/www.reseau-mesure.com\\\/wp-content\\\/uploads\\\/2018\\\/02\\\/logo-max.png\",\"width\":545,\"height\":285,\"caption\":\"R\u00e9seau-Mesure\"},\"image\":{\"@id\":\"https:\\\/\\\/www.reseau-mesure.com\\\/#\\\/schema\\\/logo\\\/image\\\/\"},\"sameAs\":[\"https:\\\/\\\/www.facebook.com\\\/reseaumesure\\\/\",\"https:\\\/\\\/x.com\\\/ReseauMesure\",\"https:\\\/\\\/www.linkedin.com\\\/company\\\/reseau-mesure\\\/\"]}]}<\/script>\n<!-- \/ Yoast SEO plugin. -->","yoast_head_json":{"title":"Formation - Formation au logiciel OPUS Ident- Bruker - R\u00e9seau Mesure","description":"Formation OPUS, IDENT, pr\u00e9sent\u00e9e par Bruker. 1 journ\u00e9e de 7h de formation pour les utilisateurs avanc\u00e9s du logiciel OPUS.","robots":{"index":"index","follow":"follow","max-snippet":"max-snippet:-1","max-image-preview":"max-image-preview:large","max-video-preview":"max-video-preview:-1"},"canonical":"https:\/\/www.reseau-mesure.com\/en\/formation-opus-ident\/","og_locale":"en_US","og_type":"article","og_title":"Formation - Formation au logiciel OPUS Ident- Bruker - R\u00e9seau Mesure","og_description":"Formation OPUS, IDENT, pr\u00e9sent\u00e9e par Bruker. 1 journ\u00e9e de 7h de formation pour les utilisateurs avanc\u00e9s du logiciel OPUS.","og_url":"https:\/\/www.reseau-mesure.com\/en\/formation-opus-ident\/","og_site_name":"R\u00e9seau Mesure","article_publisher":"https:\/\/www.facebook.com\/reseaumesure\/","article_modified_time":"2022-05-05T13:56:52+00:00","og_image":[{"url":"https:\/\/www.reseau-mesure.com\/wp-content\/uploads\/2022\/02\/BRUKER-logo_rgb_300dpi-300x160.png","type":"","width":"","height":""}],"twitter_card":"summary_large_image","twitter_site":"@ReseauMesure","twitter_misc":{"Est. reading time":"1 minute"},"schema":{"@context":"https:\/\/schema.org","@graph":[{"@type":"WebPage","@id":"https:\/\/www.reseau-mesure.com\/formation-opus-ident\/","url":"https:\/\/www.reseau-mesure.com\/formation-opus-ident\/","name":"Formation - Formation au logiciel OPUS Ident- Bruker - R\u00e9seau Mesure","isPartOf":{"@id":"https:\/\/www.reseau-mesure.com\/#website"},"primaryImageOfPage":{"@id":"https:\/\/www.reseau-mesure.com\/formation-opus-ident\/#primaryimage"},"image":{"@id":"https:\/\/www.reseau-mesure.com\/formation-opus-ident\/#primaryimage"},"thumbnailUrl":"https:\/\/www.reseau-mesure.com\/wp-content\/uploads\/2022\/02\/BRUKER-logo_rgb_300dpi-300x160.png","datePublished":"2022-05-05T13:54:09+00:00","dateModified":"2022-05-05T13:56:52+00:00","description":"Formation OPUS, IDENT, pr\u00e9sent\u00e9e par Bruker. 1 journ\u00e9e de 7h de formation pour les utilisateurs avanc\u00e9s du logiciel OPUS.","breadcrumb":{"@id":"https:\/\/www.reseau-mesure.com\/formation-opus-ident\/#breadcrumb"},"inLanguage":"en-US","potentialAction":[{"@type":"ReadAction","target":["https:\/\/www.reseau-mesure.com\/formation-opus-ident\/"]}]},{"@type":"ImageObject","inLanguage":"en-US","@id":"https:\/\/www.reseau-mesure.com\/formation-opus-ident\/#primaryimage","url":"https:\/\/www.reseau-mesure.com\/wp-content\/uploads\/2022\/02\/BRUKER-logo_rgb_300dpi-300x160.png","contentUrl":"https:\/\/www.reseau-mesure.com\/wp-content\/uploads\/2022\/02\/BRUKER-logo_rgb_300dpi-300x160.png"},{"@type":"BreadcrumbList","@id":"https:\/\/www.reseau-mesure.com\/formation-opus-ident\/#breadcrumb","itemListElement":[{"@type":"ListItem","position":1,"name":"Accueil","item":"https:\/\/www.reseau-mesure.com\/"},{"@type":"ListItem","position":2,"name":"Formation au logiciel OPUS Ident- Bruker"}]},{"@type":"WebSite","@id":"https:\/\/www.reseau-mesure.com\/#website","url":"https:\/\/www.reseau-mesure.com\/","name":"R\u00e9seau-Mesure","description":"Network Measure","publisher":{"@id":"https:\/\/www.reseau-mesure.com\/#organization"},"potentialAction":[{"@type":"SearchAction","target":{"@type":"EntryPoint","urlTemplate":"https:\/\/www.reseau-mesure.com\/?s={search_term_string}"},"query-input":{"@type":"PropertyValueSpecification","valueRequired":true,"valueName":"search_term_string"}}],"inLanguage":"en-US"},{"@type":"Organization","@id":"https:\/\/www.reseau-mesure.com\/#organization","name":"R\u00e9seau-Mesure","url":"https:\/\/www.reseau-mesure.com\/","logo":{"@type":"ImageObject","inLanguage":"en-US","@id":"https:\/\/www.reseau-mesure.com\/#\/schema\/logo\/image\/","url":"https:\/\/www.reseau-mesure.com\/wp-content\/uploads\/2018\/02\/logo-max.png","contentUrl":"https:\/\/www.reseau-mesure.com\/wp-content\/uploads\/2018\/02\/logo-max.png","width":545,"height":285,"caption":"R\u00e9seau-Mesure"},"image":{"@id":"https:\/\/www.reseau-mesure.com\/#\/schema\/logo\/image\/"},"sameAs":["https:\/\/www.facebook.com\/reseaumesure\/","https:\/\/x.com\/ReseauMesure","https:\/\/www.linkedin.com\/company\/reseau-mesure\/"]}]}},"_links":{"self":[{"href":"https:\/\/www.reseau-mesure.com\/en\/wp-json\/wp\/v2\/pages\/16894","targetHints":{"allow":["GET"]}}],"collection":[{"href":"https:\/\/www.reseau-mesure.com\/en\/wp-json\/wp\/v2\/pages"}],"about":[{"href":"https:\/\/www.reseau-mesure.com\/en\/wp-json\/wp\/v2\/types\/page"}],"author":[{"embeddable":true,"href":"https:\/\/www.reseau-mesure.com\/en\/wp-json\/wp\/v2\/users\/720"}],"replies":[{"embeddable":true,"href":"https:\/\/www.reseau-mesure.com\/en\/wp-json\/wp\/v2\/comments?post=16894"}],"version-history":[{"count":0,"href":"https:\/\/www.reseau-mesure.com\/en\/wp-json\/wp\/v2\/pages\/16894\/revisions"}],"wp:attachment":[{"href":"https:\/\/www.reseau-mesure.com\/en\/wp-json\/wp\/v2\/media?parent=16894"}],"curies":[{"name":"wp","href":"https:\/\/api.w.org\/{rel}","templated":true}]}}