{"id":17151,"date":"2022-07-08T09:06:34","date_gmt":"2022-07-08T07:06:34","guid":{"rendered":"https:\/\/www.reseau-mesure.com\/?page_id=17151"},"modified":"2024-04-10T13:14:12","modified_gmt":"2024-04-10T11:14:12","slug":"caracterisation-des-enceintes-thermostatiques-et-climatiques-waranet","status":"publish","type":"page","link":"https:\/\/www.reseau-mesure.com\/en\/caracterisation-des-enceintes-thermostatiques-et-climatiques-waranet\/","title":{"rendered":"Characterization of thermostatic and climatic chambers \u2013 Waranet"},"content":{"rendered":"<a href=\"https:\/\/www.waranet-solutions.com\/fr\/\" target=\"_blank\" rel=\"noopener\" itemprop=\"url\">\n\t\t\t\t<img loading=\"lazy\" decoding=\"async\" src=\"https:\/\/www.reseau-mesure.com\/wp-content\/uploads\/2020\/12\/waranet-logo-baseline2019-300x123.png\" alt=\"waranet-logo-baseline2019.png\" itemprop=\"image\" height=\"123\" width=\"300\" title=\"waranet-logo-baseline2019.png\" onerror=\"this.style.display='none'\"  \/>\n\t\t\t\t<\/a>\n\t<p>&nbsp;<\/p>\n<p><b>Characterization of thermostatic and climatic enclosures<\/b><\/p>\n\t<p>&nbsp;<\/p>\n<table width=\"100%\">\n<tbody>\n<tr>\n<td><strong>This training is intended for anyone required to create or analyze maps. <\/strong><strong>Metrology and testing laboratory staff, quality manager or auditor.<\/strong>\n<p>The training will be provided by <a href=\"https:\/\/www.waranet-solutions.com\/fr\/\">WARANET<\/a>, specialist in metrology and industrial and scientific instrumentation.<\/p>\n<p><b>R\u00e9seau Mesure is referenced as a QUALIOPI certified training center allowing support by your OPCO.<\/b><\/p>\n<p><strong>Number of trainees per session:<\/strong> INTER-COMPANY training. Minimum 3 trainees and max 7 per session.<\/p>\n<p>&nbsp;<\/p>\n<p><strong>The training dates are to be defined with the trainer of the WARANET company.\u00a0<\/strong><\/p>\nEvaluation 2022 : 3 stagiaires\u00a0 &#8211; <em>moyenne bas\u00e9e sur l&rsquo;atteinte des objectifs, la p\u00e9dagogie et l&rsquo;organisation<\/em>:<em>\u00a0 <\/em><em> 19\/20<\/em><br \/>\n<strong>Assessment 2023<\/strong> : 1 stagiaire &#8211; <em>moyenne bas\u00e9e sur l&rsquo;atteinte des objectifs, la p\u00e9dagogie et l&rsquo;organisation:\u00a0 <\/em><em> 20\/20<\/em><\/td>\n<\/tr>\n<tr>\n\n<\/tr>\n<\/tbody>\n<\/table>\n\t\t\t<a href=\"https:\/\/www.reseau-mesure.com\/wp-content\/uploads\/2021\/06\/presentation-caracterisation-enceintes-thermostat.-et-climat.-2022.docx\" target=\"_blank\" rel=\"noopener\">\n\t\t\t\t\t\t\tpresentation\n\t\t\t\t\t<\/a>\n\t\t\t<a href=\"https:\/\/www.reseau-mesure.com\/wp-content\/uploads\/2023\/01\/programme-WS-enceinte-thermo-et-clim.-2023-2jrs.docx\" target=\"_blank\" rel=\"noopener\">\n\t\t\t\t\t\t\tProgram Type\n\t\t\t\t\t<\/a>\n\t\t\t<a href=\"mailto:vincent.quelin@waranet-solutions.com\" target=\"_blank\" rel=\"noopener\">\n\t\t\t\t\t\t\tSubscription request\n\t\t\t\t\t<\/a>","protected":false},"excerpt":{"rendered":"<p>&nbsp; Characterization of thermostatic and climatic chambers This training is intended for anyone required to produce or analyze maps. Metrology and testing laboratory staff, quality manager or auditor. The training will be provided by WARANET, a specialist in metrology and industrial and scientific instrumentation. R\u00e9seau Mesure is referenced as a QUALIOPI certified training centre\u2026<\/p>","protected":false},"author":349,"featured_media":0,"parent":0,"menu_order":0,"comment_status":"closed","ping_status":"closed","template":"","meta":{"_acf_changed":false,"footnotes":""},"class_list":["post-17151","page","type-page","status-publish","hentry"],"acf":[],"yoast_head":"<!-- This site is optimized with the Yoast SEO plugin v27.4 - https:\/\/yoast.com\/product\/yoast-seo-wordpress\/ -->\n<title>Formation - Caract\u00e9risation des enceintes thermostatiques et climatiques - Waranet - R\u00e9seau Mesure<\/title>\n<meta name=\"description\" content=\"Formation Caract\u00e9risation des enceintes thermostatiques et climatiques - Waranet pour Comprendre les exigences de la norme FD X15-140.\" \/>\n<meta name=\"robots\" content=\"index, follow, max-snippet:-1, max-image-preview:large, max-video-preview:-1\" \/>\n<link rel=\"canonical\" href=\"https:\/\/www.reseau-mesure.com\/en\/caracterisation-des-enceintes-thermostatiques-et-climatiques-waranet\/\" \/>\n<meta property=\"og:locale\" content=\"en_US\" \/>\n<meta property=\"og:type\" content=\"article\" \/>\n<meta property=\"og:title\" content=\"Formation - Caract\u00e9risation des enceintes thermostatiques et climatiques - Waranet - R\u00e9seau Mesure\" \/>\n<meta property=\"og:description\" content=\"Formation Caract\u00e9risation des enceintes thermostatiques et climatiques - Waranet pour Comprendre les exigences de la norme FD X15-140.\" \/>\n<meta property=\"og:url\" content=\"https:\/\/www.reseau-mesure.com\/en\/caracterisation-des-enceintes-thermostatiques-et-climatiques-waranet\/\" \/>\n<meta property=\"og:site_name\" content=\"R\u00e9seau Mesure\" \/>\n<meta property=\"article:publisher\" content=\"https:\/\/www.facebook.com\/reseaumesure\/\" \/>\n<meta property=\"article:modified_time\" content=\"2024-04-10T11:14:12+00:00\" \/>\n<meta property=\"og:image\" content=\"https:\/\/www.reseau-mesure.com\/wp-content\/uploads\/2020\/12\/waranet-logo-baseline2019-300x123.png\" \/>\n<meta name=\"twitter:card\" content=\"summary_large_image\" \/>\n<meta name=\"twitter:site\" content=\"@ReseauMesure\" \/>\n<meta name=\"twitter:label1\" content=\"Est. reading time\" \/>\n\t<meta name=\"twitter:data1\" content=\"1 minute\" \/>\n<script type=\"application\/ld+json\" class=\"yoast-schema-graph\">{\"@context\":\"https:\\\/\\\/schema.org\",\"@graph\":[{\"@type\":\"WebPage\",\"@id\":\"https:\\\/\\\/www.reseau-mesure.com\\\/caracterisation-des-enceintes-thermostatiques-et-climatiques-waranet\\\/\",\"url\":\"https:\\\/\\\/www.reseau-mesure.com\\\/caracterisation-des-enceintes-thermostatiques-et-climatiques-waranet\\\/\",\"name\":\"Formation - Caract\u00e9risation des enceintes thermostatiques et climatiques - Waranet - R\u00e9seau Mesure\",\"isPartOf\":{\"@id\":\"https:\\\/\\\/www.reseau-mesure.com\\\/#website\"},\"primaryImageOfPage\":{\"@id\":\"https:\\\/\\\/www.reseau-mesure.com\\\/caracterisation-des-enceintes-thermostatiques-et-climatiques-waranet\\\/#primaryimage\"},\"image\":{\"@id\":\"https:\\\/\\\/www.reseau-mesure.com\\\/caracterisation-des-enceintes-thermostatiques-et-climatiques-waranet\\\/#primaryimage\"},\"thumbnailUrl\":\"https:\\\/\\\/www.reseau-mesure.com\\\/wp-content\\\/uploads\\\/2020\\\/12\\\/waranet-logo-baseline2019-300x123.png\",\"datePublished\":\"2022-07-08T07:06:34+00:00\",\"dateModified\":\"2024-04-10T11:14:12+00:00\",\"description\":\"Formation Caract\u00e9risation des enceintes thermostatiques et climatiques - Waranet pour Comprendre les exigences de la norme FD X15-140.\",\"breadcrumb\":{\"@id\":\"https:\\\/\\\/www.reseau-mesure.com\\\/caracterisation-des-enceintes-thermostatiques-et-climatiques-waranet\\\/#breadcrumb\"},\"inLanguage\":\"en-US\",\"potentialAction\":[{\"@type\":\"ReadAction\",\"target\":[\"https:\\\/\\\/www.reseau-mesure.com\\\/caracterisation-des-enceintes-thermostatiques-et-climatiques-waranet\\\/\"]}]},{\"@type\":\"ImageObject\",\"inLanguage\":\"en-US\",\"@id\":\"https:\\\/\\\/www.reseau-mesure.com\\\/caracterisation-des-enceintes-thermostatiques-et-climatiques-waranet\\\/#primaryimage\",\"url\":\"https:\\\/\\\/www.reseau-mesure.com\\\/wp-content\\\/uploads\\\/2020\\\/12\\\/waranet-logo-baseline2019-300x123.png\",\"contentUrl\":\"https:\\\/\\\/www.reseau-mesure.com\\\/wp-content\\\/uploads\\\/2020\\\/12\\\/waranet-logo-baseline2019-300x123.png\"},{\"@type\":\"BreadcrumbList\",\"@id\":\"https:\\\/\\\/www.reseau-mesure.com\\\/caracterisation-des-enceintes-thermostatiques-et-climatiques-waranet\\\/#breadcrumb\",\"itemListElement\":[{\"@type\":\"ListItem\",\"position\":1,\"name\":\"Accueil\",\"item\":\"https:\\\/\\\/www.reseau-mesure.com\\\/\"},{\"@type\":\"ListItem\",\"position\":2,\"name\":\"Caract\u00e9risation des enceintes thermostatiques et climatiques &#8211; Waranet\"}]},{\"@type\":\"WebSite\",\"@id\":\"https:\\\/\\\/www.reseau-mesure.com\\\/#website\",\"url\":\"https:\\\/\\\/www.reseau-mesure.com\\\/\",\"name\":\"R\u00e9seau-Mesure\",\"description\":\"R\u00e9seau Mesure\",\"publisher\":{\"@id\":\"https:\\\/\\\/www.reseau-mesure.com\\\/#organization\"},\"potentialAction\":[{\"@type\":\"SearchAction\",\"target\":{\"@type\":\"EntryPoint\",\"urlTemplate\":\"https:\\\/\\\/www.reseau-mesure.com\\\/?s={search_term_string}\"},\"query-input\":{\"@type\":\"PropertyValueSpecification\",\"valueRequired\":true,\"valueName\":\"search_term_string\"}}],\"inLanguage\":\"en-US\"},{\"@type\":\"Organization\",\"@id\":\"https:\\\/\\\/www.reseau-mesure.com\\\/#organization\",\"name\":\"R\u00e9seau-Mesure\",\"url\":\"https:\\\/\\\/www.reseau-mesure.com\\\/\",\"logo\":{\"@type\":\"ImageObject\",\"inLanguage\":\"en-US\",\"@id\":\"https:\\\/\\\/www.reseau-mesure.com\\\/#\\\/schema\\\/logo\\\/image\\\/\",\"url\":\"https:\\\/\\\/www.reseau-mesure.com\\\/wp-content\\\/uploads\\\/2018\\\/02\\\/logo-max.png\",\"contentUrl\":\"https:\\\/\\\/www.reseau-mesure.com\\\/wp-content\\\/uploads\\\/2018\\\/02\\\/logo-max.png\",\"width\":545,\"height\":285,\"caption\":\"R\u00e9seau-Mesure\"},\"image\":{\"@id\":\"https:\\\/\\\/www.reseau-mesure.com\\\/#\\\/schema\\\/logo\\\/image\\\/\"},\"sameAs\":[\"https:\\\/\\\/www.facebook.com\\\/reseaumesure\\\/\",\"https:\\\/\\\/x.com\\\/ReseauMesure\",\"https:\\\/\\\/www.linkedin.com\\\/company\\\/reseau-mesure\\\/\"]}]}<\/script>\n<!-- \/ Yoast SEO plugin. -->","yoast_head_json":{"title":"Formation - Caract\u00e9risation des enceintes thermostatiques et climatiques - Waranet - R\u00e9seau Mesure","description":"Formation Caract\u00e9risation des enceintes thermostatiques et climatiques - Waranet pour Comprendre les exigences de la norme FD X15-140.","robots":{"index":"index","follow":"follow","max-snippet":"max-snippet:-1","max-image-preview":"max-image-preview:large","max-video-preview":"max-video-preview:-1"},"canonical":"https:\/\/www.reseau-mesure.com\/en\/caracterisation-des-enceintes-thermostatiques-et-climatiques-waranet\/","og_locale":"en_US","og_type":"article","og_title":"Formation - Caract\u00e9risation des enceintes thermostatiques et climatiques - Waranet - R\u00e9seau Mesure","og_description":"Formation Caract\u00e9risation des enceintes thermostatiques et climatiques - Waranet pour Comprendre les exigences de la norme FD X15-140.","og_url":"https:\/\/www.reseau-mesure.com\/en\/caracterisation-des-enceintes-thermostatiques-et-climatiques-waranet\/","og_site_name":"R\u00e9seau Mesure","article_publisher":"https:\/\/www.facebook.com\/reseaumesure\/","article_modified_time":"2024-04-10T11:14:12+00:00","og_image":[{"url":"https:\/\/www.reseau-mesure.com\/wp-content\/uploads\/2020\/12\/waranet-logo-baseline2019-300x123.png","type":"","width":"","height":""}],"twitter_card":"summary_large_image","twitter_site":"@ReseauMesure","twitter_misc":{"Est. reading time":"1 minute"},"schema":{"@context":"https:\/\/schema.org","@graph":[{"@type":"WebPage","@id":"https:\/\/www.reseau-mesure.com\/caracterisation-des-enceintes-thermostatiques-et-climatiques-waranet\/","url":"https:\/\/www.reseau-mesure.com\/caracterisation-des-enceintes-thermostatiques-et-climatiques-waranet\/","name":"Formation - Caract\u00e9risation des enceintes thermostatiques et climatiques - Waranet - R\u00e9seau Mesure","isPartOf":{"@id":"https:\/\/www.reseau-mesure.com\/#website"},"primaryImageOfPage":{"@id":"https:\/\/www.reseau-mesure.com\/caracterisation-des-enceintes-thermostatiques-et-climatiques-waranet\/#primaryimage"},"image":{"@id":"https:\/\/www.reseau-mesure.com\/caracterisation-des-enceintes-thermostatiques-et-climatiques-waranet\/#primaryimage"},"thumbnailUrl":"https:\/\/www.reseau-mesure.com\/wp-content\/uploads\/2020\/12\/waranet-logo-baseline2019-300x123.png","datePublished":"2022-07-08T07:06:34+00:00","dateModified":"2024-04-10T11:14:12+00:00","description":"Formation Caract\u00e9risation des enceintes thermostatiques et climatiques - Waranet pour Comprendre les exigences de la norme FD X15-140.","breadcrumb":{"@id":"https:\/\/www.reseau-mesure.com\/caracterisation-des-enceintes-thermostatiques-et-climatiques-waranet\/#breadcrumb"},"inLanguage":"en-US","potentialAction":[{"@type":"ReadAction","target":["https:\/\/www.reseau-mesure.com\/caracterisation-des-enceintes-thermostatiques-et-climatiques-waranet\/"]}]},{"@type":"ImageObject","inLanguage":"en-US","@id":"https:\/\/www.reseau-mesure.com\/caracterisation-des-enceintes-thermostatiques-et-climatiques-waranet\/#primaryimage","url":"https:\/\/www.reseau-mesure.com\/wp-content\/uploads\/2020\/12\/waranet-logo-baseline2019-300x123.png","contentUrl":"https:\/\/www.reseau-mesure.com\/wp-content\/uploads\/2020\/12\/waranet-logo-baseline2019-300x123.png"},{"@type":"BreadcrumbList","@id":"https:\/\/www.reseau-mesure.com\/caracterisation-des-enceintes-thermostatiques-et-climatiques-waranet\/#breadcrumb","itemListElement":[{"@type":"ListItem","position":1,"name":"Accueil","item":"https:\/\/www.reseau-mesure.com\/"},{"@type":"ListItem","position":2,"name":"Caract\u00e9risation des enceintes thermostatiques et climatiques &#8211; Waranet"}]},{"@type":"WebSite","@id":"https:\/\/www.reseau-mesure.com\/#website","url":"https:\/\/www.reseau-mesure.com\/","name":"R\u00e9seau-Mesure","description":"Network Measure","publisher":{"@id":"https:\/\/www.reseau-mesure.com\/#organization"},"potentialAction":[{"@type":"SearchAction","target":{"@type":"EntryPoint","urlTemplate":"https:\/\/www.reseau-mesure.com\/?s={search_term_string}"},"query-input":{"@type":"PropertyValueSpecification","valueRequired":true,"valueName":"search_term_string"}}],"inLanguage":"en-US"},{"@type":"Organization","@id":"https:\/\/www.reseau-mesure.com\/#organization","name":"R\u00e9seau-Mesure","url":"https:\/\/www.reseau-mesure.com\/","logo":{"@type":"ImageObject","inLanguage":"en-US","@id":"https:\/\/www.reseau-mesure.com\/#\/schema\/logo\/image\/","url":"https:\/\/www.reseau-mesure.com\/wp-content\/uploads\/2018\/02\/logo-max.png","contentUrl":"https:\/\/www.reseau-mesure.com\/wp-content\/uploads\/2018\/02\/logo-max.png","width":545,"height":285,"caption":"R\u00e9seau-Mesure"},"image":{"@id":"https:\/\/www.reseau-mesure.com\/#\/schema\/logo\/image\/"},"sameAs":["https:\/\/www.facebook.com\/reseaumesure\/","https:\/\/x.com\/ReseauMesure","https:\/\/www.linkedin.com\/company\/reseau-mesure\/"]}]}},"_links":{"self":[{"href":"https:\/\/www.reseau-mesure.com\/en\/wp-json\/wp\/v2\/pages\/17151","targetHints":{"allow":["GET"]}}],"collection":[{"href":"https:\/\/www.reseau-mesure.com\/en\/wp-json\/wp\/v2\/pages"}],"about":[{"href":"https:\/\/www.reseau-mesure.com\/en\/wp-json\/wp\/v2\/types\/page"}],"author":[{"embeddable":true,"href":"https:\/\/www.reseau-mesure.com\/en\/wp-json\/wp\/v2\/users\/349"}],"replies":[{"embeddable":true,"href":"https:\/\/www.reseau-mesure.com\/en\/wp-json\/wp\/v2\/comments?post=17151"}],"version-history":[{"count":0,"href":"https:\/\/www.reseau-mesure.com\/en\/wp-json\/wp\/v2\/pages\/17151\/revisions"}],"wp:attachment":[{"href":"https:\/\/www.reseau-mesure.com\/en\/wp-json\/wp\/v2\/media?parent=17151"}],"curies":[{"name":"wp","href":"https:\/\/api.w.org\/{rel}","templated":true}]}}