{"id":17758,"date":"2022-11-21T16:48:02","date_gmt":"2022-11-21T15:48:02","guid":{"rendered":"https:\/\/www.reseau-mesure.com\/?page_id=17758"},"modified":"2025-04-17T12:51:09","modified_gmt":"2025-04-17T10:51:09","slug":"formation-optimiser-votre-base-de-donnees","status":"publish","type":"page","link":"https:\/\/www.reseau-mesure.com\/en\/formation-optimiser-votre-base-de-donnees\/","title":{"rendered":"Optimize your database."},"content":{"rendered":"<a href=\"https:\/\/www.solarisconseil.com\/\"  target=\"_self\" itemprop=\"url\">\n\t\t\t\t<img loading=\"lazy\" decoding=\"async\" src=\"https:\/\/www.reseau-mesure.com\/wp-content\/uploads\/2022\/11\/solaris-conseil-abonnement-LOGO.jpg\" alt=\"SOLARIS CONSEIL formation\" itemprop=\"image\" height=\"80\" width=\"300\" title=\"solaris-advice-subscription LOGO\" onerror=\"this.style.display='none'\"  \/>\n\t\t\t\t<\/a>\n\t<p>&nbsp;<\/p>\n<p><strong><em>E-training<\/em><\/strong><\/p>\n\t\t\t\t<img loading=\"lazy\" decoding=\"async\" src=\"https:\/\/www.reseau-mesure.com\/wp-content\/uploads\/2020\/12\/laptop-150x150.png\" alt=\"laptop\" itemprop=\"image\" height=\"150\" width=\"150\" title=\"laptop\" onerror=\"this.style.display='none'\"  \/>\n\t<p>&nbsp;<\/p>\n<p><strong>Optimize your database: how to better exploit and monetize your databases\u00a0<\/strong><\/p>\n\t<p>Remotely, an interactive training over 7 hours<b>.<\/b><\/p>\n<p>Quels sont les enjeux d&rsquo;une bonne base de donn\u00e9es\u00a0? Quels sont les atouts et les faiblesses de votre propre base\u00a0? D\u00e9finir la segmentation n\u00e9cessaire \u00e0 votre communaut\u00e9. Comment optimiser sa gestion\u00a0? Les cl\u00e9s de la mon\u00e9tisation de la base de donn\u00e9es. Rappel de la l\u00e9gislation et pr\u00e9paration d&rsquo;un plan d&rsquo;action.<\/p>\n<table width=\"100%\">\n<tbody>\n<tr>\n<td><b>R\u00e9seau Mesure is a Qualiopi certified training center allowing support from your OPCO.<\/b>\n<p><strong>Number of trainees per session:<\/strong>\u00a0 4 people maximum - INTRA<\/p>\n<p>Evaluations 2022 :\u00a0 1 stagiaire &#8211; <em>moyenne bas\u00e9e sur l&rsquo;atteinte des objectifs, la p\u00e9dagogie et l&rsquo;organisation<\/em>: 20\/20<\/p>\nThe training dates are to be planned directly with <a href=\"mailto:giselle.delsol@solarisconseil.com\">Giselle DELSOL.\u00a0<\/a><\/td>\n<\/tr>\n<tr>\n\n<\/tr>\n<tr>\n\n<\/tr>\n<\/tbody>\n<\/table>\n\t\t\t<a href=\"https:\/\/www.reseau-mesure.com\/wp-content\/uploads\/2022\/11\/Presentation-Optimiser-votre-base-de-donnees-v11.2022.doc\" target=\"_blank\" rel=\"noopener\">\n\t\t\t\t\t\t\tpresentation\n\t\t\t\t\t<\/a>\n\t\t\t<a href=\"https:\/\/www.reseau-mesure.com\/wp-content\/uploads\/2022\/11\/Programme-Optimiser-votre-base-de-donnees-v.11.2022.doc\" target=\"_blank\" rel=\"noopener\">\n\t\t\t\t\t\t\tProgram\n\t\t\t\t\t<\/a>\n\t\t\t<a href=\"mailto:giselle.delsol@solarisconseil.com\" target=\"_blank\" rel=\"noopener\">\n\t\t\t\t\t\t\tSubscription request\n\t\t\t\t\t<\/a>\n\t<p>&nbsp;<\/p>\n<p>&nbsp;<\/p>\n<p><strong>Vente Grands comptes : Vendre et d\u00e9ployer une offre d&rsquo;abonnement multi-services<\/strong><strong>\u00a0<\/strong><\/p>\n\t<p>Remotely, an interactive training over 7 hours<b>.<\/b><\/p>\n<p>Former les participants \u00e0 la vente et le d\u00e9ploiement des offres d&rsquo;abonnement multi-services aux clients grands comptes en d\u00e9veloppant des comp\u00e9tences essentielles en vente, en gestion de projet et en communication technique.<\/p>\n<table width=\"100%\">\n<tbody>\n<tr>\n<td><b>R\u00e9seau Mesure is a Qualiopi certified training center allowing support from your OPCO.<\/b>\n<p><strong>Number of trainees per session:<\/strong> max 4 pers &#8211; INTRA<\/p>\n<p><strong>Training price<\/strong> : on demand<\/p>\n<p>Evaluations 2023 : 1 stagiaire &#8211; <em>moyenne bas\u00e9e sur l&rsquo;atteinte des objectifs, la p\u00e9dagogie et l&rsquo;organisation<\/em>:\u00a0 20\/20<\/p>\nThe training dates are to be planned directly with <a href=\"mailto:giselle.delsol@solarisconseil.com\">Giselle DELSOL.\u00a0<\/a><\/td>\n<\/tr>\n<tr>\n\n<\/tr>\n<tr>\n\n<\/tr>\n<\/tbody>\n<\/table>\n\t\t\t<a href=\"https:\/\/www.reseau-mesure.com\/wp-content\/uploads\/2023\/12\/Solaris_programme_VGC.doc\" target=\"_blank\" rel=\"noopener\">\n\t\t\t\t\t\t\tProgram\n\t\t\t\t\t<\/a>\n\t\t\t<a href=\"mailto:giselle.delsol@solarisconseil.com\" target=\"_blank\" rel=\"noopener\">\n\t\t\t\t\t\t\tSubscription request\n\t\t\t\t\t<\/a>\n\t<p>&nbsp;<\/p>\n<p>&nbsp;<\/p>\n<p><b>D\u00e9velopper ses abonnements<\/b><\/p>\n\t<p>En distanciel, une formation interactive sur 12 heures<b>.<\/b><\/p>\n<p>&nbsp;<\/p>\n<table width=\"100%\">\n<tbody>\n<tr>\n<td><b>R\u00e9seau Mesure is a Qualiopi certified training center allowing support from your OPCO.<\/b>\n<p><strong>Number of trainees per session:<\/strong> max 4 pers &#8211; INTRA<\/p>\n<p><strong>Training price<\/strong> : on demand<\/p>\n<p>Evaluations 2025 : <em>2 stagiaires &#8211; atteinte des objectifs: 10\/10 <\/em><em>moyenne bas\u00e9e sur l&rsquo;atteinte des objectifs, la p\u00e9dagogie et l&rsquo;organisation:\u00a0 10\/10<\/em><\/p>\nThe training dates are to be planned directly with <a href=\"mailto:giselle.delsol@solarisconseil.com\">Giselle DELSOL.\u00a0<\/a><\/td>\n<\/tr>\n<tr>\n\n<\/tr>\n<tr>\n\n<\/tr>\n<\/tbody>\n<\/table>\n\t\t\t<a href=\"https:\/\/www.reseau-mesure.com\/wp-content\/uploads\/2025\/04\/Solaris_programme_DSA.pdf\" target=\"_blank\" rel=\"noopener\">\n\t\t\t\t\t\t\tProgram\n\t\t\t\t\t<\/a>\n\t\t\t<a href=\"mailto:giselle.delsol@solarisconseil.com\" target=\"_blank\" rel=\"noopener\">\n\t\t\t\t\t\t\tSubscription request\n\t\t\t\t\t<\/a>","protected":false},"excerpt":{"rendered":"<p>&nbsp; E-formation &nbsp; Optimiser votre base de donn\u00e9es: comment mieux exploiter et mon\u00e9tiser vos bases de donn\u00e9es\u00a0 En distanciel, une formation interactive sur 7 heures. Quels sont les enjeux d&rsquo;une bonne base de donn\u00e9es\u00a0? Quels sont les atouts et les faiblesses de votre propre base\u00a0? D\u00e9finir la segmentation n\u00e9cessaire \u00e0 votre communaut\u00e9. Comment optimiser sa&hellip;<\/p>","protected":false},"author":349,"featured_media":0,"parent":0,"menu_order":0,"comment_status":"closed","ping_status":"closed","template":"","meta":{"_acf_changed":false,"footnotes":""},"class_list":["post-17758","page","type-page","status-publish","hentry"],"acf":[],"yoast_head":"<!-- This site is optimized with the Yoast SEO plugin v27.4 - https:\/\/yoast.com\/product\/yoast-seo-wordpress\/ -->\n<title>Formation - Optimiser votre base de donn\u00e9es. - R\u00e9seau Mesure<\/title>\n<meta name=\"description\" content=\"formation : Les cl\u00e9s de la mon\u00e9tisation de la base de donn\u00e9es. Rappel de la l\u00e9gislation et pr\u00e9paration d\u2019un plan d\u2019action.\" \/>\n<meta name=\"robots\" content=\"index, follow, max-snippet:-1, max-image-preview:large, max-video-preview:-1\" \/>\n<link rel=\"canonical\" href=\"https:\/\/www.reseau-mesure.com\/en\/formation-optimiser-votre-base-de-donnees\/\" \/>\n<meta property=\"og:locale\" content=\"en_US\" \/>\n<meta property=\"og:type\" content=\"article\" \/>\n<meta property=\"og:title\" content=\"Formation - Optimiser votre base de donn\u00e9es. - R\u00e9seau Mesure\" \/>\n<meta property=\"og:description\" content=\"formation : Les cl\u00e9s de la mon\u00e9tisation de la base de donn\u00e9es. Rappel de la l\u00e9gislation et pr\u00e9paration d\u2019un plan d\u2019action.\" \/>\n<meta property=\"og:url\" content=\"https:\/\/www.reseau-mesure.com\/en\/formation-optimiser-votre-base-de-donnees\/\" \/>\n<meta property=\"og:site_name\" content=\"R\u00e9seau Mesure\" \/>\n<meta property=\"article:publisher\" content=\"https:\/\/www.facebook.com\/reseaumesure\/\" \/>\n<meta property=\"article:modified_time\" content=\"2025-04-17T10:51:09+00:00\" \/>\n<meta property=\"og:image\" content=\"https:\/\/www.reseau-mesure.com\/wp-content\/uploads\/2022\/11\/solaris-conseil-abonnement-LOGO.jpg\" \/>\n<meta name=\"twitter:card\" content=\"summary_large_image\" \/>\n<meta name=\"twitter:site\" content=\"@ReseauMesure\" \/>\n<meta name=\"twitter:label1\" content=\"Est. reading time\" \/>\n\t<meta name=\"twitter:data1\" content=\"1 minute\" \/>\n<script type=\"application\/ld+json\" class=\"yoast-schema-graph\">{\"@context\":\"https:\\\/\\\/schema.org\",\"@graph\":[{\"@type\":\"WebPage\",\"@id\":\"https:\\\/\\\/www.reseau-mesure.com\\\/formation-optimiser-votre-base-de-donnees\\\/\",\"url\":\"https:\\\/\\\/www.reseau-mesure.com\\\/formation-optimiser-votre-base-de-donnees\\\/\",\"name\":\"Formation - Optimiser votre base de donn\u00e9es. - R\u00e9seau Mesure\",\"isPartOf\":{\"@id\":\"https:\\\/\\\/www.reseau-mesure.com\\\/#website\"},\"primaryImageOfPage\":{\"@id\":\"https:\\\/\\\/www.reseau-mesure.com\\\/formation-optimiser-votre-base-de-donnees\\\/#primaryimage\"},\"image\":{\"@id\":\"https:\\\/\\\/www.reseau-mesure.com\\\/formation-optimiser-votre-base-de-donnees\\\/#primaryimage\"},\"thumbnailUrl\":\"https:\\\/\\\/www.reseau-mesure.com\\\/wp-content\\\/uploads\\\/2022\\\/11\\\/solaris-conseil-abonnement-LOGO.jpg\",\"datePublished\":\"2022-11-21T15:48:02+00:00\",\"dateModified\":\"2025-04-17T10:51:09+00:00\",\"description\":\"formation : Les cl\u00e9s de la mon\u00e9tisation de la base de donn\u00e9es. Rappel de la l\u00e9gislation et pr\u00e9paration d\u2019un plan d\u2019action.\",\"breadcrumb\":{\"@id\":\"https:\\\/\\\/www.reseau-mesure.com\\\/formation-optimiser-votre-base-de-donnees\\\/#breadcrumb\"},\"inLanguage\":\"en-US\",\"potentialAction\":[{\"@type\":\"ReadAction\",\"target\":[\"https:\\\/\\\/www.reseau-mesure.com\\\/formation-optimiser-votre-base-de-donnees\\\/\"]}]},{\"@type\":\"ImageObject\",\"inLanguage\":\"en-US\",\"@id\":\"https:\\\/\\\/www.reseau-mesure.com\\\/formation-optimiser-votre-base-de-donnees\\\/#primaryimage\",\"url\":\"https:\\\/\\\/www.reseau-mesure.com\\\/wp-content\\\/uploads\\\/2022\\\/11\\\/solaris-conseil-abonnement-LOGO.jpg\",\"contentUrl\":\"https:\\\/\\\/www.reseau-mesure.com\\\/wp-content\\\/uploads\\\/2022\\\/11\\\/solaris-conseil-abonnement-LOGO.jpg\"},{\"@type\":\"BreadcrumbList\",\"@id\":\"https:\\\/\\\/www.reseau-mesure.com\\\/formation-optimiser-votre-base-de-donnees\\\/#breadcrumb\",\"itemListElement\":[{\"@type\":\"ListItem\",\"position\":1,\"name\":\"Accueil\",\"item\":\"https:\\\/\\\/www.reseau-mesure.com\\\/\"},{\"@type\":\"ListItem\",\"position\":2,\"name\":\"Optimiser votre base de donn\u00e9es.\"}]},{\"@type\":\"WebSite\",\"@id\":\"https:\\\/\\\/www.reseau-mesure.com\\\/#website\",\"url\":\"https:\\\/\\\/www.reseau-mesure.com\\\/\",\"name\":\"R\u00e9seau-Mesure\",\"description\":\"R\u00e9seau Mesure\",\"publisher\":{\"@id\":\"https:\\\/\\\/www.reseau-mesure.com\\\/#organization\"},\"potentialAction\":[{\"@type\":\"SearchAction\",\"target\":{\"@type\":\"EntryPoint\",\"urlTemplate\":\"https:\\\/\\\/www.reseau-mesure.com\\\/?s={search_term_string}\"},\"query-input\":{\"@type\":\"PropertyValueSpecification\",\"valueRequired\":true,\"valueName\":\"search_term_string\"}}],\"inLanguage\":\"en-US\"},{\"@type\":\"Organization\",\"@id\":\"https:\\\/\\\/www.reseau-mesure.com\\\/#organization\",\"name\":\"R\u00e9seau-Mesure\",\"url\":\"https:\\\/\\\/www.reseau-mesure.com\\\/\",\"logo\":{\"@type\":\"ImageObject\",\"inLanguage\":\"en-US\",\"@id\":\"https:\\\/\\\/www.reseau-mesure.com\\\/#\\\/schema\\\/logo\\\/image\\\/\",\"url\":\"https:\\\/\\\/www.reseau-mesure.com\\\/wp-content\\\/uploads\\\/2018\\\/02\\\/logo-max.png\",\"contentUrl\":\"https:\\\/\\\/www.reseau-mesure.com\\\/wp-content\\\/uploads\\\/2018\\\/02\\\/logo-max.png\",\"width\":545,\"height\":285,\"caption\":\"R\u00e9seau-Mesure\"},\"image\":{\"@id\":\"https:\\\/\\\/www.reseau-mesure.com\\\/#\\\/schema\\\/logo\\\/image\\\/\"},\"sameAs\":[\"https:\\\/\\\/www.facebook.com\\\/reseaumesure\\\/\",\"https:\\\/\\\/x.com\\\/ReseauMesure\",\"https:\\\/\\\/www.linkedin.com\\\/company\\\/reseau-mesure\\\/\"]}]}<\/script>\n<!-- \/ Yoast SEO plugin. -->","yoast_head_json":{"title":"Formation - Optimiser votre base de donn\u00e9es. - R\u00e9seau Mesure","description":"formation : Les cl\u00e9s de la mon\u00e9tisation de la base de donn\u00e9es. Rappel de la l\u00e9gislation et pr\u00e9paration d\u2019un plan d\u2019action.","robots":{"index":"index","follow":"follow","max-snippet":"max-snippet:-1","max-image-preview":"max-image-preview:large","max-video-preview":"max-video-preview:-1"},"canonical":"https:\/\/www.reseau-mesure.com\/en\/formation-optimiser-votre-base-de-donnees\/","og_locale":"en_US","og_type":"article","og_title":"Formation - Optimiser votre base de donn\u00e9es. - R\u00e9seau Mesure","og_description":"formation : Les cl\u00e9s de la mon\u00e9tisation de la base de donn\u00e9es. Rappel de la l\u00e9gislation et pr\u00e9paration d\u2019un plan d\u2019action.","og_url":"https:\/\/www.reseau-mesure.com\/en\/formation-optimiser-votre-base-de-donnees\/","og_site_name":"R\u00e9seau Mesure","article_publisher":"https:\/\/www.facebook.com\/reseaumesure\/","article_modified_time":"2025-04-17T10:51:09+00:00","og_image":[{"url":"https:\/\/www.reseau-mesure.com\/wp-content\/uploads\/2022\/11\/solaris-conseil-abonnement-LOGO.jpg","type":"","width":"","height":""}],"twitter_card":"summary_large_image","twitter_site":"@ReseauMesure","twitter_misc":{"Est. reading time":"1 minute"},"schema":{"@context":"https:\/\/schema.org","@graph":[{"@type":"WebPage","@id":"https:\/\/www.reseau-mesure.com\/formation-optimiser-votre-base-de-donnees\/","url":"https:\/\/www.reseau-mesure.com\/formation-optimiser-votre-base-de-donnees\/","name":"Formation - Optimiser votre base de donn\u00e9es. - R\u00e9seau Mesure","isPartOf":{"@id":"https:\/\/www.reseau-mesure.com\/#website"},"primaryImageOfPage":{"@id":"https:\/\/www.reseau-mesure.com\/formation-optimiser-votre-base-de-donnees\/#primaryimage"},"image":{"@id":"https:\/\/www.reseau-mesure.com\/formation-optimiser-votre-base-de-donnees\/#primaryimage"},"thumbnailUrl":"https:\/\/www.reseau-mesure.com\/wp-content\/uploads\/2022\/11\/solaris-conseil-abonnement-LOGO.jpg","datePublished":"2022-11-21T15:48:02+00:00","dateModified":"2025-04-17T10:51:09+00:00","description":"formation : Les cl\u00e9s de la mon\u00e9tisation de la base de donn\u00e9es. Rappel de la l\u00e9gislation et pr\u00e9paration d\u2019un plan d\u2019action.","breadcrumb":{"@id":"https:\/\/www.reseau-mesure.com\/formation-optimiser-votre-base-de-donnees\/#breadcrumb"},"inLanguage":"en-US","potentialAction":[{"@type":"ReadAction","target":["https:\/\/www.reseau-mesure.com\/formation-optimiser-votre-base-de-donnees\/"]}]},{"@type":"ImageObject","inLanguage":"en-US","@id":"https:\/\/www.reseau-mesure.com\/formation-optimiser-votre-base-de-donnees\/#primaryimage","url":"https:\/\/www.reseau-mesure.com\/wp-content\/uploads\/2022\/11\/solaris-conseil-abonnement-LOGO.jpg","contentUrl":"https:\/\/www.reseau-mesure.com\/wp-content\/uploads\/2022\/11\/solaris-conseil-abonnement-LOGO.jpg"},{"@type":"BreadcrumbList","@id":"https:\/\/www.reseau-mesure.com\/formation-optimiser-votre-base-de-donnees\/#breadcrumb","itemListElement":[{"@type":"ListItem","position":1,"name":"Accueil","item":"https:\/\/www.reseau-mesure.com\/"},{"@type":"ListItem","position":2,"name":"Optimiser votre base de donn\u00e9es."}]},{"@type":"WebSite","@id":"https:\/\/www.reseau-mesure.com\/#website","url":"https:\/\/www.reseau-mesure.com\/","name":"R\u00e9seau-Mesure","description":"Network Measure","publisher":{"@id":"https:\/\/www.reseau-mesure.com\/#organization"},"potentialAction":[{"@type":"SearchAction","target":{"@type":"EntryPoint","urlTemplate":"https:\/\/www.reseau-mesure.com\/?s={search_term_string}"},"query-input":{"@type":"PropertyValueSpecification","valueRequired":true,"valueName":"search_term_string"}}],"inLanguage":"en-US"},{"@type":"Organization","@id":"https:\/\/www.reseau-mesure.com\/#organization","name":"R\u00e9seau-Mesure","url":"https:\/\/www.reseau-mesure.com\/","logo":{"@type":"ImageObject","inLanguage":"en-US","@id":"https:\/\/www.reseau-mesure.com\/#\/schema\/logo\/image\/","url":"https:\/\/www.reseau-mesure.com\/wp-content\/uploads\/2018\/02\/logo-max.png","contentUrl":"https:\/\/www.reseau-mesure.com\/wp-content\/uploads\/2018\/02\/logo-max.png","width":545,"height":285,"caption":"R\u00e9seau-Mesure"},"image":{"@id":"https:\/\/www.reseau-mesure.com\/#\/schema\/logo\/image\/"},"sameAs":["https:\/\/www.facebook.com\/reseaumesure\/","https:\/\/x.com\/ReseauMesure","https:\/\/www.linkedin.com\/company\/reseau-mesure\/"]}]}},"_links":{"self":[{"href":"https:\/\/www.reseau-mesure.com\/en\/wp-json\/wp\/v2\/pages\/17758","targetHints":{"allow":["GET"]}}],"collection":[{"href":"https:\/\/www.reseau-mesure.com\/en\/wp-json\/wp\/v2\/pages"}],"about":[{"href":"https:\/\/www.reseau-mesure.com\/en\/wp-json\/wp\/v2\/types\/page"}],"author":[{"embeddable":true,"href":"https:\/\/www.reseau-mesure.com\/en\/wp-json\/wp\/v2\/users\/349"}],"replies":[{"embeddable":true,"href":"https:\/\/www.reseau-mesure.com\/en\/wp-json\/wp\/v2\/comments?post=17758"}],"version-history":[{"count":0,"href":"https:\/\/www.reseau-mesure.com\/en\/wp-json\/wp\/v2\/pages\/17758\/revisions"}],"wp:attachment":[{"href":"https:\/\/www.reseau-mesure.com\/en\/wp-json\/wp\/v2\/media?parent=17758"}],"curies":[{"name":"wp","href":"https:\/\/api.w.org\/{rel}","templated":true}]}}