{"id":19219,"date":"2023-03-01T11:10:35","date_gmt":"2023-03-01T10:10:35","guid":{"rendered":"https:\/\/www.reseau-mesure.com\/?page_id=19219"},"modified":"2026-03-13T17:50:22","modified_gmt":"2026-03-13T16:50:22","slug":"linkedin-optimiser-son-profil-bien-publier","status":"publish","type":"page","link":"https:\/\/www.reseau-mesure.com\/en\/linkedin-optimiser-son-profil-bien-publier\/","title":{"rendered":"LinkedIn: Optimize your profile + publish well and organize your watch"},"content":{"rendered":"<figure itemscope itemtype=\"https:\/\/schema.org\/ImageObject\">\n\t\t\t\t<img decoding=\"async\" src=\"https:\/\/www.reseau-mesure.com\/wp-content\/uploads\/2020\/12\/linkedin.png\" alt=\"logo linkedin pour formation\" height=\"168\" width=\"300\" title=\"linkedin\" onerror=\"this.style.display='none'\" loading=\"lazy\" \/>\n\t<\/figure>\n\t<p>&nbsp;<\/p>\n<p><strong><em>E-training<\/em><\/strong><\/p>\n<figure itemscope itemtype=\"https:\/\/schema.org\/ImageObject\">\n\t\t\t\t<img decoding=\"async\" src=\"https:\/\/www.reseau-mesure.com\/wp-content\/uploads\/2020\/12\/laptop-150x150.png\" alt=\"laptop\" height=\"150\" width=\"150\" title=\"laptop\" onerror=\"this.style.display='none'\" loading=\"lazy\" \/>\n\t<\/figure>\n\t<p>&nbsp;<\/p>\n<p><b>LinkedIn\u00a0:<\/b><\/p>\n<p><b>Optimize your profile and publish well\u00a0<\/b><\/p>\n\t<p><strong>La formation LinkedIn: optimiser son profil et bien publier c&rsquo;est apprendre \u00e0 ma\u00eetriser sa e-r\u00e9putation et \u00eatre actif et connaitre les fonctionnalit\u00e9s de Linkedin.<\/strong><\/p>\n<p>But behind this &quot;simplistic&quot; appearance hides all the subtleties of &quot;first human contact&quot;, which is no easier on LinkedIn than elsewhere ...<\/p>\n<ul>\n<li>\n<ul>\n<li>\n<ul>\n<li>\n<ul>\n<li>Complete their profile; optimize it with keywords<\/li>\n<li>Adjust profile settings<\/li>\n<li>Master your e-reputation and be active<\/li>\n<li>Best practices for publishing<\/li>\n<li>define a content strategy for your company page<\/li>\n<li>follow profiles<\/li>\n<\/ul>\n<\/li>\n<\/ul>\n<\/li>\n<\/ul>\n<\/li>\n<\/ul>\n<p>The training will be provided by G. Mancel, partner of the Measurement Network and LinkedIn specialist.<\/p>\n<p><b>R\u00e9seau Mesure is a Qualiopi certified training center allowing support from your OPCO.<\/b><\/p>\n<p><strong>Number of trainees per session:<\/strong>\u00a0 minimum 4 pers. \/ max 5 people<\/p>\n<p><strong>Evaluations 2024: <\/strong>12\u00a0stagiaires &#8211; <em>moyenne bas\u00e9e sur l&rsquo;atteinte des objectifs, la p\u00e9dagogie et l&rsquo;organisation<\/em>:\u00a0 9\/10 &#8211; <em>\u00a0atteinte des objectifs:\u00a0 \u00a09\/10\u00a0<\/em><\/p>\n<p><strong>Next session <\/strong>: <a href=\"https:\/\/www.reseau-mesure.com\/en\/la-formation-rm\/\" target=\"_blank\" rel=\"noopener\">consultez le planning<\/a> &#8211; Nous planifions les dates en fonction de vos demandes, alors n&rsquo;h\u00e9sitez pas \u00e0 <a href=\"mailto:confray@reseau-mesure.com\">Contact us<\/a> !\u00a0<\/p>\n\t\t\t<a href=\"https:\/\/www.reseau-mesure.com\/wp-content\/uploads\/2025\/11\/2026-Linkedin-optimiser-son-profil-et-bien-publier-presentation.pdf\"  target=\"_blank\" rel=\"noopener\">\n\t\t\t\t\t\t\tPresentation\n\t\t\t\t\t<\/a>\n\t\t\t<a href=\"https:\/\/www.reseau-mesure.com\/wp-content\/uploads\/2024\/03\/2024-linkedin-optimiser-son-profil-et-bien-publier-programme-V2.pdf\"  target=\"_blank\" rel=\"noopener\">\n\t\t\t\t\t\t\tProgram\n\t\t\t\t\t<\/a>\n\t\t\t<a href=\"mailto:confray@reseau-mesure.com\"  target=\"_blank\" rel=\"noopener\">\n\t\t\t\t\t\t\tSubscription request\n\t\t\t\t\t<\/a>","protected":false},"excerpt":{"rendered":"<p>&nbsp; LinkedIn e-training: Optimize your profile and publish well LinkedIn training: optimize your profile and publish well means learning to control your e-reputation and being active and knowing the functionalities of Linkedin. But behind this \u201csimplistic\u201d appearance hides all the subtleties of \u201cfirst human contact\u201d, which is no easier on LinkedIn than anywhere else\u2026\u2026<\/p>","protected":false},"author":349,"featured_media":0,"parent":0,"menu_order":0,"comment_status":"closed","ping_status":"closed","template":"","meta":{"_acf_changed":false,"footnotes":""},"class_list":["post-19219","page","type-page","status-publish","hentry"],"acf":[],"yoast_head":"<!-- This site is optimized with the Yoast SEO plugin v27.4 - https:\/\/yoast.com\/product\/yoast-seo-wordpress\/ -->\n<title>LinkedIn: Optimiser son profil et bien publier<\/title>\n<meta name=\"description\" content=\"Formation LinkedIn : Utilisez les r\u00e9seaux sociaux pour prospecter et valoriser votre entreprise, optimiser son profil\" \/>\n<meta name=\"robots\" content=\"index, follow, max-snippet:-1, max-image-preview:large, max-video-preview:-1\" \/>\n<link rel=\"canonical\" href=\"https:\/\/www.reseau-mesure.com\/en\/linkedin-optimiser-son-profil-bien-publier\/\" \/>\n<meta property=\"og:locale\" content=\"en_US\" \/>\n<meta property=\"og:type\" content=\"article\" \/>\n<meta property=\"og:title\" content=\"LinkedIn: Optimiser son profil et bien publier\" \/>\n<meta property=\"og:description\" content=\"Formation LinkedIn : Utilisez les r\u00e9seaux sociaux pour prospecter et valoriser votre entreprise, optimiser son profil\" \/>\n<meta property=\"og:url\" content=\"https:\/\/www.reseau-mesure.com\/en\/linkedin-optimiser-son-profil-bien-publier\/\" \/>\n<meta property=\"og:site_name\" content=\"R\u00e9seau Mesure\" \/>\n<meta property=\"article:publisher\" content=\"https:\/\/www.facebook.com\/reseaumesure\/\" \/>\n<meta property=\"article:modified_time\" content=\"2026-03-13T16:50:22+00:00\" \/>\n<meta property=\"og:image\" content=\"https:\/\/www.reseau-mesure.com\/wp-content\/uploads\/2020\/12\/linkedin.png\" \/>\n<meta name=\"twitter:card\" content=\"summary_large_image\" \/>\n<meta name=\"twitter:site\" content=\"@ReseauMesure\" \/>\n<meta name=\"twitter:label1\" content=\"Est. reading time\" \/>\n\t<meta name=\"twitter:data1\" content=\"2 minutes\" \/>\n<script type=\"application\/ld+json\" class=\"yoast-schema-graph\">{\"@context\":\"https:\\\/\\\/schema.org\",\"@graph\":[{\"@type\":\"WebPage\",\"@id\":\"https:\\\/\\\/www.reseau-mesure.com\\\/linkedin-optimiser-son-profil-bien-publier\\\/\",\"url\":\"https:\\\/\\\/www.reseau-mesure.com\\\/linkedin-optimiser-son-profil-bien-publier\\\/\",\"name\":\"LinkedIn: Optimiser son profil et bien publier\",\"isPartOf\":{\"@id\":\"https:\\\/\\\/www.reseau-mesure.com\\\/#website\"},\"primaryImageOfPage\":{\"@id\":\"https:\\\/\\\/www.reseau-mesure.com\\\/linkedin-optimiser-son-profil-bien-publier\\\/#primaryimage\"},\"image\":{\"@id\":\"https:\\\/\\\/www.reseau-mesure.com\\\/linkedin-optimiser-son-profil-bien-publier\\\/#primaryimage\"},\"thumbnailUrl\":\"https:\\\/\\\/www.reseau-mesure.com\\\/wp-content\\\/uploads\\\/2020\\\/12\\\/linkedin.png\",\"datePublished\":\"2023-03-01T10:10:35+00:00\",\"dateModified\":\"2026-03-13T16:50:22+00:00\",\"description\":\"Formation LinkedIn : Utilisez les r\u00e9seaux sociaux pour prospecter et valoriser votre entreprise, optimiser son profil\",\"breadcrumb\":{\"@id\":\"https:\\\/\\\/www.reseau-mesure.com\\\/linkedin-optimiser-son-profil-bien-publier\\\/#breadcrumb\"},\"inLanguage\":\"en-US\",\"potentialAction\":[{\"@type\":\"ReadAction\",\"target\":[\"https:\\\/\\\/www.reseau-mesure.com\\\/linkedin-optimiser-son-profil-bien-publier\\\/\"]}]},{\"@type\":\"ImageObject\",\"inLanguage\":\"en-US\",\"@id\":\"https:\\\/\\\/www.reseau-mesure.com\\\/linkedin-optimiser-son-profil-bien-publier\\\/#primaryimage\",\"url\":\"https:\\\/\\\/www.reseau-mesure.com\\\/wp-content\\\/uploads\\\/2020\\\/12\\\/linkedin.png\",\"contentUrl\":\"https:\\\/\\\/www.reseau-mesure.com\\\/wp-content\\\/uploads\\\/2020\\\/12\\\/linkedin.png\"},{\"@type\":\"BreadcrumbList\",\"@id\":\"https:\\\/\\\/www.reseau-mesure.com\\\/linkedin-optimiser-son-profil-bien-publier\\\/#breadcrumb\",\"itemListElement\":[{\"@type\":\"ListItem\",\"position\":1,\"name\":\"Accueil\",\"item\":\"https:\\\/\\\/www.reseau-mesure.com\\\/\"},{\"@type\":\"ListItem\",\"position\":2,\"name\":\"LinkedIn: Optimiser son profil + bien publier et organiser sa veille\"}]},{\"@type\":\"WebSite\",\"@id\":\"https:\\\/\\\/www.reseau-mesure.com\\\/#website\",\"url\":\"https:\\\/\\\/www.reseau-mesure.com\\\/\",\"name\":\"R\u00e9seau-Mesure\",\"description\":\"R\u00e9seau Mesure\",\"publisher\":{\"@id\":\"https:\\\/\\\/www.reseau-mesure.com\\\/#organization\"},\"potentialAction\":[{\"@type\":\"SearchAction\",\"target\":{\"@type\":\"EntryPoint\",\"urlTemplate\":\"https:\\\/\\\/www.reseau-mesure.com\\\/?s={search_term_string}\"},\"query-input\":{\"@type\":\"PropertyValueSpecification\",\"valueRequired\":true,\"valueName\":\"search_term_string\"}}],\"inLanguage\":\"en-US\"},{\"@type\":\"Organization\",\"@id\":\"https:\\\/\\\/www.reseau-mesure.com\\\/#organization\",\"name\":\"R\u00e9seau-Mesure\",\"url\":\"https:\\\/\\\/www.reseau-mesure.com\\\/\",\"logo\":{\"@type\":\"ImageObject\",\"inLanguage\":\"en-US\",\"@id\":\"https:\\\/\\\/www.reseau-mesure.com\\\/#\\\/schema\\\/logo\\\/image\\\/\",\"url\":\"https:\\\/\\\/www.reseau-mesure.com\\\/wp-content\\\/uploads\\\/2018\\\/02\\\/logo-max.png\",\"contentUrl\":\"https:\\\/\\\/www.reseau-mesure.com\\\/wp-content\\\/uploads\\\/2018\\\/02\\\/logo-max.png\",\"width\":545,\"height\":285,\"caption\":\"R\u00e9seau-Mesure\"},\"image\":{\"@id\":\"https:\\\/\\\/www.reseau-mesure.com\\\/#\\\/schema\\\/logo\\\/image\\\/\"},\"sameAs\":[\"https:\\\/\\\/www.facebook.com\\\/reseaumesure\\\/\",\"https:\\\/\\\/x.com\\\/ReseauMesure\",\"https:\\\/\\\/www.linkedin.com\\\/company\\\/reseau-mesure\\\/\"]}]}<\/script>\n<!-- \/ Yoast SEO plugin. -->","yoast_head_json":{"title":"LinkedIn: Optimiser son profil et bien publier","description":"Formation LinkedIn : Utilisez les r\u00e9seaux sociaux pour prospecter et valoriser votre entreprise, optimiser son profil","robots":{"index":"index","follow":"follow","max-snippet":"max-snippet:-1","max-image-preview":"max-image-preview:large","max-video-preview":"max-video-preview:-1"},"canonical":"https:\/\/www.reseau-mesure.com\/en\/linkedin-optimiser-son-profil-bien-publier\/","og_locale":"en_US","og_type":"article","og_title":"LinkedIn: Optimiser son profil et bien publier","og_description":"Formation LinkedIn : Utilisez les r\u00e9seaux sociaux pour prospecter et valoriser votre entreprise, optimiser son profil","og_url":"https:\/\/www.reseau-mesure.com\/en\/linkedin-optimiser-son-profil-bien-publier\/","og_site_name":"R\u00e9seau Mesure","article_publisher":"https:\/\/www.facebook.com\/reseaumesure\/","article_modified_time":"2026-03-13T16:50:22+00:00","og_image":[{"url":"https:\/\/www.reseau-mesure.com\/wp-content\/uploads\/2020\/12\/linkedin.png","type":"","width":"","height":""}],"twitter_card":"summary_large_image","twitter_site":"@ReseauMesure","twitter_misc":{"Est. reading time":"2 minutes"},"schema":{"@context":"https:\/\/schema.org","@graph":[{"@type":"WebPage","@id":"https:\/\/www.reseau-mesure.com\/linkedin-optimiser-son-profil-bien-publier\/","url":"https:\/\/www.reseau-mesure.com\/linkedin-optimiser-son-profil-bien-publier\/","name":"LinkedIn: Optimiser son profil et bien publier","isPartOf":{"@id":"https:\/\/www.reseau-mesure.com\/#website"},"primaryImageOfPage":{"@id":"https:\/\/www.reseau-mesure.com\/linkedin-optimiser-son-profil-bien-publier\/#primaryimage"},"image":{"@id":"https:\/\/www.reseau-mesure.com\/linkedin-optimiser-son-profil-bien-publier\/#primaryimage"},"thumbnailUrl":"https:\/\/www.reseau-mesure.com\/wp-content\/uploads\/2020\/12\/linkedin.png","datePublished":"2023-03-01T10:10:35+00:00","dateModified":"2026-03-13T16:50:22+00:00","description":"Formation LinkedIn : Utilisez les r\u00e9seaux sociaux pour prospecter et valoriser votre entreprise, optimiser son profil","breadcrumb":{"@id":"https:\/\/www.reseau-mesure.com\/linkedin-optimiser-son-profil-bien-publier\/#breadcrumb"},"inLanguage":"en-US","potentialAction":[{"@type":"ReadAction","target":["https:\/\/www.reseau-mesure.com\/linkedin-optimiser-son-profil-bien-publier\/"]}]},{"@type":"ImageObject","inLanguage":"en-US","@id":"https:\/\/www.reseau-mesure.com\/linkedin-optimiser-son-profil-bien-publier\/#primaryimage","url":"https:\/\/www.reseau-mesure.com\/wp-content\/uploads\/2020\/12\/linkedin.png","contentUrl":"https:\/\/www.reseau-mesure.com\/wp-content\/uploads\/2020\/12\/linkedin.png"},{"@type":"BreadcrumbList","@id":"https:\/\/www.reseau-mesure.com\/linkedin-optimiser-son-profil-bien-publier\/#breadcrumb","itemListElement":[{"@type":"ListItem","position":1,"name":"Accueil","item":"https:\/\/www.reseau-mesure.com\/"},{"@type":"ListItem","position":2,"name":"LinkedIn: Optimiser son profil + bien publier et organiser sa veille"}]},{"@type":"WebSite","@id":"https:\/\/www.reseau-mesure.com\/#website","url":"https:\/\/www.reseau-mesure.com\/","name":"R\u00e9seau-Mesure","description":"Network Measure","publisher":{"@id":"https:\/\/www.reseau-mesure.com\/#organization"},"potentialAction":[{"@type":"SearchAction","target":{"@type":"EntryPoint","urlTemplate":"https:\/\/www.reseau-mesure.com\/?s={search_term_string}"},"query-input":{"@type":"PropertyValueSpecification","valueRequired":true,"valueName":"search_term_string"}}],"inLanguage":"en-US"},{"@type":"Organization","@id":"https:\/\/www.reseau-mesure.com\/#organization","name":"R\u00e9seau-Mesure","url":"https:\/\/www.reseau-mesure.com\/","logo":{"@type":"ImageObject","inLanguage":"en-US","@id":"https:\/\/www.reseau-mesure.com\/#\/schema\/logo\/image\/","url":"https:\/\/www.reseau-mesure.com\/wp-content\/uploads\/2018\/02\/logo-max.png","contentUrl":"https:\/\/www.reseau-mesure.com\/wp-content\/uploads\/2018\/02\/logo-max.png","width":545,"height":285,"caption":"R\u00e9seau-Mesure"},"image":{"@id":"https:\/\/www.reseau-mesure.com\/#\/schema\/logo\/image\/"},"sameAs":["https:\/\/www.facebook.com\/reseaumesure\/","https:\/\/x.com\/ReseauMesure","https:\/\/www.linkedin.com\/company\/reseau-mesure\/"]}]}},"_links":{"self":[{"href":"https:\/\/www.reseau-mesure.com\/en\/wp-json\/wp\/v2\/pages\/19219","targetHints":{"allow":["GET"]}}],"collection":[{"href":"https:\/\/www.reseau-mesure.com\/en\/wp-json\/wp\/v2\/pages"}],"about":[{"href":"https:\/\/www.reseau-mesure.com\/en\/wp-json\/wp\/v2\/types\/page"}],"author":[{"embeddable":true,"href":"https:\/\/www.reseau-mesure.com\/en\/wp-json\/wp\/v2\/users\/349"}],"replies":[{"embeddable":true,"href":"https:\/\/www.reseau-mesure.com\/en\/wp-json\/wp\/v2\/comments?post=19219"}],"version-history":[{"count":1,"href":"https:\/\/www.reseau-mesure.com\/en\/wp-json\/wp\/v2\/pages\/19219\/revisions"}],"predecessor-version":[{"id":30325,"href":"https:\/\/www.reseau-mesure.com\/en\/wp-json\/wp\/v2\/pages\/19219\/revisions\/30325"}],"wp:attachment":[{"href":"https:\/\/www.reseau-mesure.com\/en\/wp-json\/wp\/v2\/media?parent=19219"}],"curies":[{"name":"wp","href":"https:\/\/api.w.org\/{rel}","templated":true}]}}