{"id":19402,"date":"2023-03-24T11:33:25","date_gmt":"2023-03-24T10:33:25","guid":{"rendered":"https:\/\/www.reseau-mesure.com\/?page_id=19402"},"modified":"2025-10-30T10:44:45","modified_gmt":"2025-10-30T09:44:45","slug":"metiers-et-formations-de-la-mesure","status":"publish","type":"page","link":"https:\/\/www.reseau-mesure.com\/en\/metiers-et-formations-de-la-mesure\/","title":{"rendered":"Measurement professions and training"},"content":{"rendered":"<h1>Measurement professions and training<\/h1>\n\t<p>Measurement is everywhere and is used for everything! Reduce energy consumption, control water quality, regulate temperature, travel safely...<\/p>\n<p>Measurement specialists need<strong> sales representatives, product managers, communication\/marketing managers, project managers, production engineers and technicians, instrumentalists, site managers<\/strong><b>&#8230;<\/b><\/p>\n<p>All sectors are concerned: <b>automotive, environment, chemicals, pharmaceuticals, connected objects,<\/b><b>intelligence<\/b><b>\u00a0artificial<\/b><b>&#8230;<\/b><\/p>\n\t<p><strong><em>\u00a0Que vous soyez \u00e0 la recherche d&rsquo;un emploi dans le d\u00e9veloppement ou la production, dans un bureau ou sur la cha\u00eene de production, en tant que jeune ou professionnel exp\u00e9riment\u00e9, un des adh\u00e9rents du R\u00e9seau Mesure, Endress+Hauser, pr\u00e9sente des m\u00e9tiers passionnants pour mettre \u00e0 profit vos aptitudes.<\/em><\/strong><\/p>\n<p><strong>Maintenance and Metrology Technician \u00a0\u00a0\u00a0\u00a0 <\/strong>\ud83d\udc49 <a href=\"https:\/\/www.youtube.com\/watch?v=ON1h2ZeKHjE\">https:\/\/www.youtube.com\/watch?v=ON1h2ZeKHjE<\/a><\/p>\n<p><strong>Internal technical sales representative\u00a0\u00a0\u00a0\u00a0\u00a0\u00a0\u00a0\u00a0\u00a0\u00a0\u00a0\u00a0\u00a0\u00a0\u00a0\u00a0\u00a0\u00a0\u00a0\u00a0\u00a0 <\/strong><strong>\ud83d\udc49<\/strong> <a href=\"https:\/\/www.youtube.com\/watch?v=5ipGxvCNK44\">https:\/\/www.youtube.com\/watch?v=5ipGxvCNK44<\/a><\/p>\n<p><strong>Technical Support Technician &amp; Expert\u00a0\u00a0 <\/strong><strong>\ud83d\udc49<\/strong> <a href=\"https:\/\/www.youtube.com\/watch?v=65uMhxqAjcE\">https:\/\/www.youtube.com\/watch?v=65uMhxqAjcE<\/a><\/p>\n<p><strong>Market Manager Marketing Department\u00a0\u00a0\u00a0 <\/strong><strong>\ud83d\udc49<\/strong> <a href=\"https:\/\/www.youtube.com\/watch?v=VX-X0o3rf94\">https:\/\/www.youtube.com\/watch?v=VX-X0o3rf94<\/a><\/p>\n<p><strong>Technical-commercial engineer\u00a0\u00a0\u00a0\u00a0\u00a0\u00a0\u00a0\u00a0\u00a0\u00a0\u00a0\u00a0\u00a0\u00a0\u00a0 <\/strong><strong>\ud83d\udc49<\/strong> <a href=\"https:\/\/www.youtube.com\/watch?v=0kQNkG9_70k\">https:\/\/www.youtube.com\/watch?v=0kQNkG9_70k<\/a><\/p>\n<p><strong>Charg\u00e9\u00b7e d&rsquo;\u00e9tudes D\u00e9partement Projet\u00a0\u00a0\u00a0\u00a0\u00a0\u00a0\u00a0\u00a0\u00a0 <\/strong><strong>\ud83d\udc49<\/strong> <a href=\"https:\/\/www.youtube.com\/watch?v=Nh7wlaOQtag\">https:\/\/www.youtube.com\/watch?v=Nh7wlaOQtag<\/a><\/p>\n<p>&nbsp;<\/p>\n<p>\u00ab\u00a0Infrastructure qualit\u00e9 en 5 minutes\u00a0\u00bb pr\u00e9sent\u00e9e par le PTB : \/\/<a href=\"http:\/\/www.ptb.de\/cms\/en\/ptb\/fachabteilungen\/abtq\/gruppe-q3\/qi-in-fuenf-minuten\/infrastructure-qualite-en-ne-que-5-minutes-francais.html\">www.ptb.de\/cms\/en\/ptb\/fachabteilungen\/abtq\/gruppe-q3\/qi-in-fuenf-minuten\/infrastructure-qualite-en-ne-que-5-minutes-francais.html<\/a><\/p>\n<p>Le PTB compte parmi les plus grands noms de la m\u00e9trologie mondiale. En tant qu&rsquo;Institut national allemand de m\u00e9trologie, il est la plus haute autorit\u00e9 en mati\u00e8re de mesures pr\u00e9cises et fiables. Les travaux de recherche et d\u00e9veloppement repr\u00e9sentent environ les deux tiers de l&rsquo;ensemble des activit\u00e9s du PTB.<\/p>\n<p>&nbsp;<\/p>\n\t\t\t<a href=\"https:\/\/www.reseau-mesure.com\/wp-content\/uploads\/2025\/02\/ATELIER-MESURE-GRETA-240225-.pdf\" target=\"_self\">\n\t\t\t\t\t\tPourquoi et comment recruter un.e apprenti.e\n\t\t\t\t\t<\/a>\n\t\t<meta itemprop=\"url\" content=\"https:\/\/www.reseau-mesure.com\/wp-content\/uploads\/2024\/09\/teaser-reseau-mesure.mp4\" \/><div style=\"width: 640px;\" class=\"wp-video\"><video class=\"wp-video-shortcode\" id=\"video-19402-1\" width=\"640\" height=\"360\" poster=\"https:\/\/www.reseau-mesure.com\/wp-content\/uploads\/2024\/09\/Les-metiers-de-la-mesure-2022.jpg\" preload=\"none\" controls=\"controls\"><source type=\"video\/mp4\" src=\"https:\/\/www.reseau-mesure.com\/wp-content\/uploads\/2024\/09\/teaser-reseau-mesure.mp4?_=1\" \/><source type=\"video\/mp4\" src=\"https:\/\/www.reseau-mesure.com\/wp-content\/uploads\/2024\/09\/teaser-reseau-mesure.mp4?_=1\" \/><a href=\"https:\/\/www.reseau-mesure.com\/wp-content\/uploads\/2024\/09\/teaser-reseau-mesure.mp4\">https:\/\/www.reseau-mesure.com\/wp-content\/uploads\/2024\/09\/teaser-reseau-mesure.mp4<\/a><\/video><\/div>\t\n<h2>\n\t\t\tD\u00e9couvrez les m\u00e9tiers de la mesure en 3D\t<\/h2>\n\t<p>Vous souhaitez d\u00e9couvrir les m\u00e9tiers de la mesure en 3 dimensions ?<\/p>\n<p><a href=\"mailto:eduflot@reseau-mesure.com\">Contact us<\/a> !<\/p>\n\t\t\t\t<a href=\"https:\/\/youtu.be\/cKNXU89VNbs\"  target=\"_blank\" rel=\"noopener\"  itemprop=\"url\">\n\t\t\t\t<img decoding=\"async\" src=\"https:\/\/www.reseau-mesure.com\/wp-content\/uploads\/2025\/10\/RUHN9692-300x225.jpg\" alt=\"RUHN9692\" itemprop=\"image\" height=\"225\" width=\"300\" title=\"RUHN9692\" onerror=\"this.style.display='none'\" loading=\"lazy\" \/>\n\t\t\t\t<\/a>\n<h2>\n\t\t\tCliquez sur la photo pour d\u00e9couvrir les m\u00e9tiers !\t<\/h2>\n\t\t\t<a href=\"https:\/\/www.reseau-mesure.com\/wp-content\/uploads\/2023\/09\/Les-metiers-de-la-mesure-V4.pptx\" target=\"_blank\" rel=\"noopener\">\n\t\t\t\t\t\t\tPresentation The Measurement Professions to download\n\t\t\t\t\t<\/a>\n\t\t\t<a href=\"https:\/\/view.officeapps.live.com\/op\/view.aspx?src=https%3A%2F%2Fwww.reseau-mesure.com%2Fwp-content%2Fuploads%2F2022%2F07%2FLISTE-ECOLES-domaine-de-la-mesure.xlsx&#038;wdOrigin=BROWSELINK\" target=\"_self\">\n\t\t\t\t\t\t\tList of schools to download\n\t\t\t\t\t<\/a>\n\t\t\t\t<img decoding=\"async\" src=\"https:\/\/www.reseau-mesure.com\/wp-content\/uploads\/2023\/03\/roll-up-coupe-652x1024.jpg\" alt=\"metiers de la mesure\" itemprop=\"image\" height=\"1024\" width=\"652\" title=\"measurement professions\" onerror=\"this.style.display='none'\" loading=\"lazy\" \/>\n\t\t\t<a href=\"mailto:eduflot@reseau-mesure.com\" target=\"_self\">\n\t\t\t\t\t\tcontact for all information\n\t\t\t\t\t<\/a>","protected":false},"excerpt":{"rendered":"<p>Measurement Professions and Training Measurement is everywhere and is used for everything! Reduce energy consumption, control water quality, regulate temperature, travel safely... Measurement specialists need salespeople, product managers, communication\/marketing managers, project managers, production engineers and technicians,...<\/p>","protected":false},"author":349,"featured_media":0,"parent":0,"menu_order":0,"comment_status":"closed","ping_status":"closed","template":"","meta":{"_acf_changed":false,"footnotes":""},"class_list":["post-19402","page","type-page","status-publish","hentry"],"acf":[],"yoast_head":"<!-- This site is optimized with the Yoast SEO plugin v27.3 - https:\/\/yoast.com\/product\/yoast-seo-wordpress\/ -->\n<title>M\u00e9tiers et formations de la Mesure - R\u00e9seau Mesure<\/title>\n<meta name=\"description\" content=\"les M\u00e9tiers de la Mesure sont partout ouverts \u00e0 toutes et tous, dans tous les secteurs d&#039;activit\u00e9s, avec nombreux d\u00e9bouch\u00e9s.\" \/>\n<meta name=\"robots\" content=\"index, follow, max-snippet:-1, max-image-preview:large, max-video-preview:-1\" \/>\n<link rel=\"canonical\" href=\"https:\/\/www.reseau-mesure.com\/en\/metiers-et-formations-de-la-mesure\/\" \/>\n<meta property=\"og:locale\" content=\"en_US\" \/>\n<meta property=\"og:type\" content=\"article\" \/>\n<meta property=\"og:title\" content=\"M\u00e9tiers et formations de la Mesure - R\u00e9seau Mesure\" \/>\n<meta property=\"og:description\" content=\"les M\u00e9tiers de la Mesure sont partout ouverts \u00e0 toutes et tous, dans tous les secteurs d&#039;activit\u00e9s, avec nombreux d\u00e9bouch\u00e9s.\" \/>\n<meta property=\"og:url\" content=\"https:\/\/www.reseau-mesure.com\/en\/metiers-et-formations-de-la-mesure\/\" \/>\n<meta property=\"og:site_name\" content=\"R\u00e9seau Mesure\" \/>\n<meta property=\"article:publisher\" content=\"https:\/\/www.facebook.com\/reseaumesure\/\" \/>\n<meta property=\"article:modified_time\" content=\"2025-10-30T09:44:45+00:00\" \/>\n<meta property=\"og:image\" content=\"https:\/\/www.reseau-mesure.com\/wp-content\/uploads\/2025\/10\/RUHN9692-300x225.jpg\" \/>\n<meta name=\"twitter:card\" content=\"summary_large_image\" \/>\n<meta name=\"twitter:site\" content=\"@ReseauMesure\" \/>\n<meta name=\"twitter:label1\" content=\"Est. reading time\" \/>\n\t<meta name=\"twitter:data1\" content=\"1 minute\" \/>\n<script type=\"application\/ld+json\" class=\"yoast-schema-graph\">{\"@context\":\"https:\\\/\\\/schema.org\",\"@graph\":[{\"@type\":\"WebPage\",\"@id\":\"https:\\\/\\\/www.reseau-mesure.com\\\/metiers-et-formations-de-la-mesure\\\/\",\"url\":\"https:\\\/\\\/www.reseau-mesure.com\\\/metiers-et-formations-de-la-mesure\\\/\",\"name\":\"M\u00e9tiers et formations de la Mesure - R\u00e9seau Mesure\",\"isPartOf\":{\"@id\":\"https:\\\/\\\/www.reseau-mesure.com\\\/#website\"},\"primaryImageOfPage\":{\"@id\":\"https:\\\/\\\/www.reseau-mesure.com\\\/metiers-et-formations-de-la-mesure\\\/#primaryimage\"},\"image\":{\"@id\":\"https:\\\/\\\/www.reseau-mesure.com\\\/metiers-et-formations-de-la-mesure\\\/#primaryimage\"},\"thumbnailUrl\":\"https:\\\/\\\/www.reseau-mesure.com\\\/wp-content\\\/uploads\\\/2025\\\/10\\\/RUHN9692-300x225.jpg\",\"datePublished\":\"2023-03-24T10:33:25+00:00\",\"dateModified\":\"2025-10-30T09:44:45+00:00\",\"description\":\"les M\u00e9tiers de la Mesure sont partout ouverts \u00e0 toutes et tous, dans tous les secteurs d'activit\u00e9s, avec nombreux d\u00e9bouch\u00e9s.\",\"breadcrumb\":{\"@id\":\"https:\\\/\\\/www.reseau-mesure.com\\\/metiers-et-formations-de-la-mesure\\\/#breadcrumb\"},\"inLanguage\":\"en-US\",\"potentialAction\":[{\"@type\":\"ReadAction\",\"target\":[\"https:\\\/\\\/www.reseau-mesure.com\\\/metiers-et-formations-de-la-mesure\\\/\"]}]},{\"@type\":\"ImageObject\",\"inLanguage\":\"en-US\",\"@id\":\"https:\\\/\\\/www.reseau-mesure.com\\\/metiers-et-formations-de-la-mesure\\\/#primaryimage\",\"url\":\"https:\\\/\\\/www.reseau-mesure.com\\\/wp-content\\\/uploads\\\/2025\\\/10\\\/RUHN9692-300x225.jpg\",\"contentUrl\":\"https:\\\/\\\/www.reseau-mesure.com\\\/wp-content\\\/uploads\\\/2025\\\/10\\\/RUHN9692-300x225.jpg\"},{\"@type\":\"BreadcrumbList\",\"@id\":\"https:\\\/\\\/www.reseau-mesure.com\\\/metiers-et-formations-de-la-mesure\\\/#breadcrumb\",\"itemListElement\":[{\"@type\":\"ListItem\",\"position\":1,\"name\":\"Accueil\",\"item\":\"https:\\\/\\\/www.reseau-mesure.com\\\/\"},{\"@type\":\"ListItem\",\"position\":2,\"name\":\"M\u00e9tiers et formations de la Mesure\"}]},{\"@type\":\"WebSite\",\"@id\":\"https:\\\/\\\/www.reseau-mesure.com\\\/#website\",\"url\":\"https:\\\/\\\/www.reseau-mesure.com\\\/\",\"name\":\"R\u00e9seau-Mesure\",\"description\":\"R\u00e9seau Mesure\",\"publisher\":{\"@id\":\"https:\\\/\\\/www.reseau-mesure.com\\\/#organization\"},\"potentialAction\":[{\"@type\":\"SearchAction\",\"target\":{\"@type\":\"EntryPoint\",\"urlTemplate\":\"https:\\\/\\\/www.reseau-mesure.com\\\/?s={search_term_string}\"},\"query-input\":{\"@type\":\"PropertyValueSpecification\",\"valueRequired\":true,\"valueName\":\"search_term_string\"}}],\"inLanguage\":\"en-US\"},{\"@type\":\"Organization\",\"@id\":\"https:\\\/\\\/www.reseau-mesure.com\\\/#organization\",\"name\":\"R\u00e9seau-Mesure\",\"url\":\"https:\\\/\\\/www.reseau-mesure.com\\\/\",\"logo\":{\"@type\":\"ImageObject\",\"inLanguage\":\"en-US\",\"@id\":\"https:\\\/\\\/www.reseau-mesure.com\\\/#\\\/schema\\\/logo\\\/image\\\/\",\"url\":\"https:\\\/\\\/www.reseau-mesure.com\\\/wp-content\\\/uploads\\\/2018\\\/02\\\/logo-max.png\",\"contentUrl\":\"https:\\\/\\\/www.reseau-mesure.com\\\/wp-content\\\/uploads\\\/2018\\\/02\\\/logo-max.png\",\"width\":545,\"height\":285,\"caption\":\"R\u00e9seau-Mesure\"},\"image\":{\"@id\":\"https:\\\/\\\/www.reseau-mesure.com\\\/#\\\/schema\\\/logo\\\/image\\\/\"},\"sameAs\":[\"https:\\\/\\\/www.facebook.com\\\/reseaumesure\\\/\",\"https:\\\/\\\/x.com\\\/ReseauMesure\",\"https:\\\/\\\/www.linkedin.com\\\/company\\\/reseau-mesure\\\/\"]}]}<\/script>\n<!-- \/ Yoast SEO plugin. -->","yoast_head_json":{"title":"M\u00e9tiers et formations de la Mesure - R\u00e9seau Mesure","description":"les M\u00e9tiers de la Mesure sont partout ouverts \u00e0 toutes et tous, dans tous les secteurs d'activit\u00e9s, avec nombreux d\u00e9bouch\u00e9s.","robots":{"index":"index","follow":"follow","max-snippet":"max-snippet:-1","max-image-preview":"max-image-preview:large","max-video-preview":"max-video-preview:-1"},"canonical":"https:\/\/www.reseau-mesure.com\/en\/metiers-et-formations-de-la-mesure\/","og_locale":"en_US","og_type":"article","og_title":"M\u00e9tiers et formations de la Mesure - R\u00e9seau Mesure","og_description":"les M\u00e9tiers de la Mesure sont partout ouverts \u00e0 toutes et tous, dans tous les secteurs d'activit\u00e9s, avec nombreux d\u00e9bouch\u00e9s.","og_url":"https:\/\/www.reseau-mesure.com\/en\/metiers-et-formations-de-la-mesure\/","og_site_name":"R\u00e9seau Mesure","article_publisher":"https:\/\/www.facebook.com\/reseaumesure\/","article_modified_time":"2025-10-30T09:44:45+00:00","og_image":[{"url":"https:\/\/www.reseau-mesure.com\/wp-content\/uploads\/2025\/10\/RUHN9692-300x225.jpg","type":"","width":"","height":""}],"twitter_card":"summary_large_image","twitter_site":"@ReseauMesure","twitter_misc":{"Est. reading time":"1 minute"},"schema":{"@context":"https:\/\/schema.org","@graph":[{"@type":"WebPage","@id":"https:\/\/www.reseau-mesure.com\/metiers-et-formations-de-la-mesure\/","url":"https:\/\/www.reseau-mesure.com\/metiers-et-formations-de-la-mesure\/","name":"M\u00e9tiers et formations de la Mesure - R\u00e9seau Mesure","isPartOf":{"@id":"https:\/\/www.reseau-mesure.com\/#website"},"primaryImageOfPage":{"@id":"https:\/\/www.reseau-mesure.com\/metiers-et-formations-de-la-mesure\/#primaryimage"},"image":{"@id":"https:\/\/www.reseau-mesure.com\/metiers-et-formations-de-la-mesure\/#primaryimage"},"thumbnailUrl":"https:\/\/www.reseau-mesure.com\/wp-content\/uploads\/2025\/10\/RUHN9692-300x225.jpg","datePublished":"2023-03-24T10:33:25+00:00","dateModified":"2025-10-30T09:44:45+00:00","description":"les M\u00e9tiers de la Mesure sont partout ouverts \u00e0 toutes et tous, dans tous les secteurs d'activit\u00e9s, avec nombreux d\u00e9bouch\u00e9s.","breadcrumb":{"@id":"https:\/\/www.reseau-mesure.com\/metiers-et-formations-de-la-mesure\/#breadcrumb"},"inLanguage":"en-US","potentialAction":[{"@type":"ReadAction","target":["https:\/\/www.reseau-mesure.com\/metiers-et-formations-de-la-mesure\/"]}]},{"@type":"ImageObject","inLanguage":"en-US","@id":"https:\/\/www.reseau-mesure.com\/metiers-et-formations-de-la-mesure\/#primaryimage","url":"https:\/\/www.reseau-mesure.com\/wp-content\/uploads\/2025\/10\/RUHN9692-300x225.jpg","contentUrl":"https:\/\/www.reseau-mesure.com\/wp-content\/uploads\/2025\/10\/RUHN9692-300x225.jpg"},{"@type":"BreadcrumbList","@id":"https:\/\/www.reseau-mesure.com\/metiers-et-formations-de-la-mesure\/#breadcrumb","itemListElement":[{"@type":"ListItem","position":1,"name":"Accueil","item":"https:\/\/www.reseau-mesure.com\/"},{"@type":"ListItem","position":2,"name":"M\u00e9tiers et formations de la Mesure"}]},{"@type":"WebSite","@id":"https:\/\/www.reseau-mesure.com\/#website","url":"https:\/\/www.reseau-mesure.com\/","name":"R\u00e9seau-Mesure","description":"Network Measure","publisher":{"@id":"https:\/\/www.reseau-mesure.com\/#organization"},"potentialAction":[{"@type":"SearchAction","target":{"@type":"EntryPoint","urlTemplate":"https:\/\/www.reseau-mesure.com\/?s={search_term_string}"},"query-input":{"@type":"PropertyValueSpecification","valueRequired":true,"valueName":"search_term_string"}}],"inLanguage":"en-US"},{"@type":"Organization","@id":"https:\/\/www.reseau-mesure.com\/#organization","name":"R\u00e9seau-Mesure","url":"https:\/\/www.reseau-mesure.com\/","logo":{"@type":"ImageObject","inLanguage":"en-US","@id":"https:\/\/www.reseau-mesure.com\/#\/schema\/logo\/image\/","url":"https:\/\/www.reseau-mesure.com\/wp-content\/uploads\/2018\/02\/logo-max.png","contentUrl":"https:\/\/www.reseau-mesure.com\/wp-content\/uploads\/2018\/02\/logo-max.png","width":545,"height":285,"caption":"R\u00e9seau-Mesure"},"image":{"@id":"https:\/\/www.reseau-mesure.com\/#\/schema\/logo\/image\/"},"sameAs":["https:\/\/www.facebook.com\/reseaumesure\/","https:\/\/x.com\/ReseauMesure","https:\/\/www.linkedin.com\/company\/reseau-mesure\/"]}]}},"_links":{"self":[{"href":"https:\/\/www.reseau-mesure.com\/en\/wp-json\/wp\/v2\/pages\/19402","targetHints":{"allow":["GET"]}}],"collection":[{"href":"https:\/\/www.reseau-mesure.com\/en\/wp-json\/wp\/v2\/pages"}],"about":[{"href":"https:\/\/www.reseau-mesure.com\/en\/wp-json\/wp\/v2\/types\/page"}],"author":[{"embeddable":true,"href":"https:\/\/www.reseau-mesure.com\/en\/wp-json\/wp\/v2\/users\/349"}],"replies":[{"embeddable":true,"href":"https:\/\/www.reseau-mesure.com\/en\/wp-json\/wp\/v2\/comments?post=19402"}],"version-history":[{"count":0,"href":"https:\/\/www.reseau-mesure.com\/en\/wp-json\/wp\/v2\/pages\/19402\/revisions"}],"wp:attachment":[{"href":"https:\/\/www.reseau-mesure.com\/en\/wp-json\/wp\/v2\/media?parent=19402"}],"curies":[{"name":"wp","href":"https:\/\/api.w.org\/{rel}","templated":true}]}}