{"id":20118,"date":"2023-08-03T15:25:18","date_gmt":"2023-08-03T13:25:18","guid":{"rendered":"https:\/\/www.reseau-mesure.com\/?page_id=20118"},"modified":"2023-08-03T15:42:51","modified_gmt":"2023-08-03T13:42:51","slug":"politique-cookie","status":"publish","type":"page","link":"https:\/\/www.reseau-mesure.com\/en\/politique-cookie\/","title":{"rendered":"Cookie policy"},"content":{"rendered":"<h3>1. L&rsquo;utilisation de cookies<\/h3>\n<p>Notre site internet\u00a0utilise des cookies. Un cookie est un petit fichier texte qui est envoy\u00e9 avec les pages de ce site Web et qui est stock\u00e9 par votre navigateur sur votre disque dur \u00e0 partir de votre ordinateur, t\u00e9l\u00e9phone portable, montre connect\u00e9e ou tablette. Les informations qui y sont stock\u00e9es peuvent \u00eatre retourn\u00e9es \u00e0 nos serveurs lors d&rsquo;une visite ult\u00e9rieure. Un cookie cr\u00e9\u00e9 par notre site internet ne peut \u00eatre lu par un autre site internet. Il convient de noter que d&rsquo;autres technologies similaires comme les pixels invisibles peuvent \u00e9galement nous permettre d&rsquo;obtenir des informations concernant votre navigation. Ainsi sous le terme cookies nous regroupons les traceurs d&rsquo;une mani\u00e8re g\u00e9n\u00e9rale.<\/p>\n\n<h3>2. Consent<\/h3>\n<p>Lors de votre premi\u00e8re visite sur le site, il vous est propos\u00e9 d&rsquo;accepter ou de refuser l&rsquo;utilisation de certains cookies via le bandeau du module \u00ab\u00a0tarteaucitron\u00a0\u00bb en bas de page. Vous pouvez aussi param\u00e9trer l&rsquo;activation ou le refus de chaque cookie ind\u00e9pendamment, via le bouton \u00ab\u00a0Personnaliser\u00a0\u00bb Si ce bandeau n&rsquo;appara\u00eet pas, il suffit de vider le cache de votre navigateur, puis de recharger la page. Si vous ne souhaitez pas que des cookies soient install\u00e9s ou lus sur votre \u00e9quipement terminal, un cookie de refus sera d\u00e9pos\u00e9 sur votre \u00e9quipement, afin que de nous permettre d&rsquo;enregistrer l&rsquo;information selon laquelle vous vous \u00eates oppos\u00e9 \u00e0 l&rsquo;utilisation de cookies. Si vous supprimez ce cookie de refus, il ne sera plus possible de vous identifier comme ayant refus\u00e9 l&rsquo;utilisation de cookies. De m\u00eame, lorsque vous acceptez le recours aux cookies, un cookie de consentement est install\u00e9. Tous les cookies ne sont pas soumis au recueil du consentement. Les cookies qui ont pour finalit\u00e9 exclusive de permettre ou faciliter la communication par voie \u00e9lectronique ou qui sont strictement n\u00e9cessaires \u00e0 la fourniture d&rsquo;un service de communication en ligne \u00e0 la demande expresse de l&rsquo;utilisateur ne sont pas soumis au consentement.<\/p>\n\n<h3>3. The type of existing cookies<\/h3>\n<p>Les cookies \u00ab n\u00e9cessaires \u00bb, internes, permettent d&rsquo;enregistrer des informations entre deux consultations d&rsquo;un m\u00eame site web sur un m\u00eame appareil. Ils permettent d&rsquo;enregistrer un panier d&rsquo;achat, des identifiants de connexion ou encore des \u00e9l\u00e9ments de personnalisation de l&rsquo;interface. Ils ne requi\u00e8rent pas de consentement de la part de l&rsquo;utilisateur. Les cookies \u00ab statistiques \u00bb permettent de suivre les actions d&rsquo;un internaute sur un site web. Les cookies \u00ab internes \u00bb ou \u00ab\u00a0first-party\u00a0\u00bb sont d\u00e9pos\u00e9s par le site consult\u00e9. Ils peuvent \u00eatre d\u00e9pos\u00e9s en plus des cookies n\u00e9cessaires et peuvent \u00eatre utilis\u00e9s pour collecter des donn\u00e9es personnelles, suivre le comportement de l&rsquo;utilisateur et servir \u00e0 des finalit\u00e9s publicitaires. Les cookies dits \u00ab tiers \u00bb, \u00ab tierce partie \u00bb ou \u00ab\u00a0third party\u00a0\u00bb sont des cookies d\u00e9pos\u00e9s par (ou pour) un site B (souvent une r\u00e9gie publicitaire) sur un site A : cela permet au site B de voir quelles pages ont \u00e9t\u00e9 visit\u00e9es sur le site A par un utilisateur et de collecter des informations sur lui.<\/p>\n\n<h3>4. List of cookies used<\/h3>\n<table border=\"1\">\n<tbody>\n<tr>\n<td><strong>Type of cookies<\/strong><\/td>\n<td><strong>Last name<\/strong><\/td>\n<td><strong>Origin<\/strong><\/td>\n<td><strong>Purpose<\/strong><\/td>\n<td><strong>Duration<\/strong><\/td>\n<\/tr>\n<tr>\n<td>Optional<\/td>\n<td>GA4<\/td>\n<td>Google<\/td>\n<td>Connection statistics<\/td>\n<td>12 months<\/td>\n<\/tr>\n<tr>\n<td>Mandatory<\/td>\n<td>tartaucitron<\/td>\n<td>Lemon pie<\/td>\n<td>Cookie management<\/td>\n<td>12 months<\/td>\n<\/tr>\n<tr>\n<td>Mandatory<\/td>\n<td>greecaptcha<\/td>\n<td>Google<\/td>\n<td>Anti-spam form<\/td>\n<td>24 Months<\/td>\n<\/tr>\n<\/tbody>\n<\/table>\n<p>&nbsp;<\/p>\n\n<h3>5. Vos droits \u00e0 l&rsquo;\u00e9gard de vos donn\u00e9es personnelles<\/h3>\n<p>Vous disposez d&rsquo;un droit d&rsquo;acc\u00e8s, de rectification, de limitation et de suppression de vos donn\u00e9es personnelles. En outre, vous avez le droit de vous opposer au traitement des donn\u00e9es personnelles et le droit \u00e0 la transf\u00e9rabilit\u00e9 de vos donn\u00e9es. Vous pouvez exercer ces droits en nous contactant par mail\u00a0. Afin de pr\u00e9venir les abus, nous pouvons vous demander de vous identifier sur notre site. Lorsqu&rsquo;il s&rsquo;agit d&rsquo;acc\u00e9der \u00e0 des donn\u00e9es personnelles li\u00e9es \u00e0 un cookie, nous vous demandons de nous envoyer une copie du cookie en question. Vous pouvez les trouver dans les param\u00e8tres de votre navigateur.<\/p>\n\n<h3>6. Blocking and deleting cookies<\/h3>\nEn plus de notre module de gestion des cookies int\u00e9gr\u00e9, vous pouvez facilement bloquer et supprimer vous-m\u00eame les cookies \u00e0 tout moment par\u00a0votre navigateur Internet. Vous pouvez \u00e9galement configurer votre navigateur Internet de mani\u00e8re \u00e0 recevoir un message lorsqu&rsquo;un cookie est install\u00e9. Vous pouvez \u00e9galement indiquer que certains cookies ne peuvent pas \u00eatre install\u00e9s. Pour cela, veuillez consultez la fonction d&rsquo;aide de votre navigateur. Si vous supprimez les cookies de votre navigateur, cela peut le cas \u00e9ch\u00e9ant avoir des cons\u00e9quences sur l&rsquo;utilisation de notre site internet. Veuillez noter que si vous ne voulez pas de cookies, nous ne serons plus en mesure de garantir le fonctionnement complet de notre site Web. Consultez les liens ci-dessous pour acc\u00e9der directement au manuel de votre navigateur.<br \/>\nFirefox: <a href=\"https:\/\/support.mozilla.org\/fr\/kb\/effacer-les-cookies-pour-supprimer-les-information\">https:\/\/support.mozilla.org\/fr\/kb\/effacer-les-cookies-pour-supprimer-les-information<\/a><br \/>\nGoogle Chrome: <a href=\"https:\/\/support.google.com\/chrome\/answer\/95647?co=GENIE.Platform=Desktop&amp;hl=fr\">https:\/\/support.google.com\/chrome\/answer\/95647?co=GENIE.Platform=Desktop&amp;hl=fr<\/a><br \/>\nInternet Explorer: <a href=\"https:\/\/support.microsoft.com\/fr-fr\/help\/278835\/how-to-delete-cookie-files-in-internet-explorer\">https:\/\/support.microsoft.com\/fr-fr\/help\/278835\/how-to-delete-cookie-files-in-internet-explorer<\/a><br \/>\nSafari: <a href=\"https:\/\/support.apple.com\/kb\/ph21411?locale=fr_FR\">https:\/\/support.apple.com\/kb\/ph21411?locale=fr_FR<\/a>","protected":false},"excerpt":{"rendered":"<p>1. L&rsquo;utilisation de cookies Notre site internet\u00a0utilise des cookies. Un cookie est un petit fichier texte qui est envoy\u00e9 avec les pages de ce site Web et qui est stock\u00e9 par votre navigateur sur votre disque dur \u00e0 partir de votre ordinateur, t\u00e9l\u00e9phone portable, montre connect\u00e9e ou tablette. Les informations qui y sont stock\u00e9es peuvent&hellip;<\/p>","protected":false},"author":763,"featured_media":0,"parent":0,"menu_order":0,"comment_status":"closed","ping_status":"closed","template":"","meta":{"_acf_changed":false,"footnotes":""},"class_list":["post-20118","page","type-page","status-publish","hentry"],"acf":[],"yoast_head":"<!-- This site is optimized with the Yoast SEO plugin v27.3 - https:\/\/yoast.com\/product\/yoast-seo-wordpress\/ -->\n<title>Politique cookie - R\u00e9seau Mesure<\/title>\n<meta name=\"robots\" content=\"index, follow, max-snippet:-1, max-image-preview:large, max-video-preview:-1\" \/>\n<link rel=\"canonical\" href=\"https:\/\/www.reseau-mesure.com\/en\/politique-cookie\/\" \/>\n<meta property=\"og:locale\" content=\"en_US\" \/>\n<meta property=\"og:type\" content=\"article\" \/>\n<meta property=\"og:title\" content=\"Politique cookie - R\u00e9seau Mesure\" \/>\n<meta property=\"og:description\" content=\"1. L&rsquo;utilisation de cookies Notre site internet\u00a0utilise des cookies. Un cookie est un petit fichier texte qui est envoy\u00e9 avec les pages de ce site Web et qui est stock\u00e9 par votre navigateur sur votre disque dur \u00e0 partir de votre ordinateur, t\u00e9l\u00e9phone portable, montre connect\u00e9e ou tablette. Les informations qui y sont stock\u00e9es peuvent&hellip;\" \/>\n<meta property=\"og:url\" content=\"https:\/\/www.reseau-mesure.com\/en\/politique-cookie\/\" \/>\n<meta property=\"og:site_name\" content=\"R\u00e9seau Mesure\" \/>\n<meta property=\"article:publisher\" content=\"https:\/\/www.facebook.com\/reseaumesure\/\" \/>\n<meta property=\"article:modified_time\" content=\"2023-08-03T13:42:51+00:00\" \/>\n<meta name=\"twitter:card\" content=\"summary_large_image\" \/>\n<meta name=\"twitter:site\" content=\"@ReseauMesure\" \/>\n<script type=\"application\/ld+json\" class=\"yoast-schema-graph\">{\"@context\":\"https:\\\/\\\/schema.org\",\"@graph\":[{\"@type\":\"WebPage\",\"@id\":\"https:\\\/\\\/www.reseau-mesure.com\\\/politique-cookie\\\/\",\"url\":\"https:\\\/\\\/www.reseau-mesure.com\\\/politique-cookie\\\/\",\"name\":\"Politique cookie - R\u00e9seau Mesure\",\"isPartOf\":{\"@id\":\"https:\\\/\\\/www.reseau-mesure.com\\\/#website\"},\"datePublished\":\"2023-08-03T13:25:18+00:00\",\"dateModified\":\"2023-08-03T13:42:51+00:00\",\"breadcrumb\":{\"@id\":\"https:\\\/\\\/www.reseau-mesure.com\\\/politique-cookie\\\/#breadcrumb\"},\"inLanguage\":\"en-US\",\"potentialAction\":[{\"@type\":\"ReadAction\",\"target\":[\"https:\\\/\\\/www.reseau-mesure.com\\\/politique-cookie\\\/\"]}]},{\"@type\":\"BreadcrumbList\",\"@id\":\"https:\\\/\\\/www.reseau-mesure.com\\\/politique-cookie\\\/#breadcrumb\",\"itemListElement\":[{\"@type\":\"ListItem\",\"position\":1,\"name\":\"Accueil\",\"item\":\"https:\\\/\\\/www.reseau-mesure.com\\\/\"},{\"@type\":\"ListItem\",\"position\":2,\"name\":\"Politique cookie\"}]},{\"@type\":\"WebSite\",\"@id\":\"https:\\\/\\\/www.reseau-mesure.com\\\/#website\",\"url\":\"https:\\\/\\\/www.reseau-mesure.com\\\/\",\"name\":\"R\u00e9seau-Mesure\",\"description\":\"R\u00e9seau Mesure\",\"publisher\":{\"@id\":\"https:\\\/\\\/www.reseau-mesure.com\\\/#organization\"},\"potentialAction\":[{\"@type\":\"SearchAction\",\"target\":{\"@type\":\"EntryPoint\",\"urlTemplate\":\"https:\\\/\\\/www.reseau-mesure.com\\\/?s={search_term_string}\"},\"query-input\":{\"@type\":\"PropertyValueSpecification\",\"valueRequired\":true,\"valueName\":\"search_term_string\"}}],\"inLanguage\":\"en-US\"},{\"@type\":\"Organization\",\"@id\":\"https:\\\/\\\/www.reseau-mesure.com\\\/#organization\",\"name\":\"R\u00e9seau-Mesure\",\"url\":\"https:\\\/\\\/www.reseau-mesure.com\\\/\",\"logo\":{\"@type\":\"ImageObject\",\"inLanguage\":\"en-US\",\"@id\":\"https:\\\/\\\/www.reseau-mesure.com\\\/#\\\/schema\\\/logo\\\/image\\\/\",\"url\":\"https:\\\/\\\/www.reseau-mesure.com\\\/wp-content\\\/uploads\\\/2018\\\/02\\\/logo-max.png\",\"contentUrl\":\"https:\\\/\\\/www.reseau-mesure.com\\\/wp-content\\\/uploads\\\/2018\\\/02\\\/logo-max.png\",\"width\":545,\"height\":285,\"caption\":\"R\u00e9seau-Mesure\"},\"image\":{\"@id\":\"https:\\\/\\\/www.reseau-mesure.com\\\/#\\\/schema\\\/logo\\\/image\\\/\"},\"sameAs\":[\"https:\\\/\\\/www.facebook.com\\\/reseaumesure\\\/\",\"https:\\\/\\\/x.com\\\/ReseauMesure\",\"https:\\\/\\\/www.linkedin.com\\\/company\\\/reseau-mesure\\\/\"]}]}<\/script>\n<!-- \/ Yoast SEO plugin. -->","yoast_head_json":{"title":"Politique cookie - R\u00e9seau Mesure","robots":{"index":"index","follow":"follow","max-snippet":"max-snippet:-1","max-image-preview":"max-image-preview:large","max-video-preview":"max-video-preview:-1"},"canonical":"https:\/\/www.reseau-mesure.com\/en\/politique-cookie\/","og_locale":"en_US","og_type":"article","og_title":"Politique cookie - R\u00e9seau Mesure","og_description":"1. L&rsquo;utilisation de cookies Notre site internet\u00a0utilise des cookies. Un cookie est un petit fichier texte qui est envoy\u00e9 avec les pages de ce site Web et qui est stock\u00e9 par votre navigateur sur votre disque dur \u00e0 partir de votre ordinateur, t\u00e9l\u00e9phone portable, montre connect\u00e9e ou tablette. Les informations qui y sont stock\u00e9es peuvent&hellip;","og_url":"https:\/\/www.reseau-mesure.com\/en\/politique-cookie\/","og_site_name":"R\u00e9seau Mesure","article_publisher":"https:\/\/www.facebook.com\/reseaumesure\/","article_modified_time":"2023-08-03T13:42:51+00:00","twitter_card":"summary_large_image","twitter_site":"@ReseauMesure","schema":{"@context":"https:\/\/schema.org","@graph":[{"@type":"WebPage","@id":"https:\/\/www.reseau-mesure.com\/politique-cookie\/","url":"https:\/\/www.reseau-mesure.com\/politique-cookie\/","name":"Politique cookie - R\u00e9seau Mesure","isPartOf":{"@id":"https:\/\/www.reseau-mesure.com\/#website"},"datePublished":"2023-08-03T13:25:18+00:00","dateModified":"2023-08-03T13:42:51+00:00","breadcrumb":{"@id":"https:\/\/www.reseau-mesure.com\/politique-cookie\/#breadcrumb"},"inLanguage":"en-US","potentialAction":[{"@type":"ReadAction","target":["https:\/\/www.reseau-mesure.com\/politique-cookie\/"]}]},{"@type":"BreadcrumbList","@id":"https:\/\/www.reseau-mesure.com\/politique-cookie\/#breadcrumb","itemListElement":[{"@type":"ListItem","position":1,"name":"Accueil","item":"https:\/\/www.reseau-mesure.com\/"},{"@type":"ListItem","position":2,"name":"Politique cookie"}]},{"@type":"WebSite","@id":"https:\/\/www.reseau-mesure.com\/#website","url":"https:\/\/www.reseau-mesure.com\/","name":"R\u00e9seau-Mesure","description":"Network Measure","publisher":{"@id":"https:\/\/www.reseau-mesure.com\/#organization"},"potentialAction":[{"@type":"SearchAction","target":{"@type":"EntryPoint","urlTemplate":"https:\/\/www.reseau-mesure.com\/?s={search_term_string}"},"query-input":{"@type":"PropertyValueSpecification","valueRequired":true,"valueName":"search_term_string"}}],"inLanguage":"en-US"},{"@type":"Organization","@id":"https:\/\/www.reseau-mesure.com\/#organization","name":"R\u00e9seau-Mesure","url":"https:\/\/www.reseau-mesure.com\/","logo":{"@type":"ImageObject","inLanguage":"en-US","@id":"https:\/\/www.reseau-mesure.com\/#\/schema\/logo\/image\/","url":"https:\/\/www.reseau-mesure.com\/wp-content\/uploads\/2018\/02\/logo-max.png","contentUrl":"https:\/\/www.reseau-mesure.com\/wp-content\/uploads\/2018\/02\/logo-max.png","width":545,"height":285,"caption":"R\u00e9seau-Mesure"},"image":{"@id":"https:\/\/www.reseau-mesure.com\/#\/schema\/logo\/image\/"},"sameAs":["https:\/\/www.facebook.com\/reseaumesure\/","https:\/\/x.com\/ReseauMesure","https:\/\/www.linkedin.com\/company\/reseau-mesure\/"]}]}},"_links":{"self":[{"href":"https:\/\/www.reseau-mesure.com\/en\/wp-json\/wp\/v2\/pages\/20118","targetHints":{"allow":["GET"]}}],"collection":[{"href":"https:\/\/www.reseau-mesure.com\/en\/wp-json\/wp\/v2\/pages"}],"about":[{"href":"https:\/\/www.reseau-mesure.com\/en\/wp-json\/wp\/v2\/types\/page"}],"author":[{"embeddable":true,"href":"https:\/\/www.reseau-mesure.com\/en\/wp-json\/wp\/v2\/users\/763"}],"replies":[{"embeddable":true,"href":"https:\/\/www.reseau-mesure.com\/en\/wp-json\/wp\/v2\/comments?post=20118"}],"version-history":[{"count":0,"href":"https:\/\/www.reseau-mesure.com\/en\/wp-json\/wp\/v2\/pages\/20118\/revisions"}],"wp:attachment":[{"href":"https:\/\/www.reseau-mesure.com\/en\/wp-json\/wp\/v2\/media?parent=20118"}],"curies":[{"name":"wp","href":"https:\/\/api.w.org\/{rel}","templated":true}]}}